{"id":8911,"date":"2020-01-02T08:44:14","date_gmt":"2020-01-02T06:44:14","guid":{"rendered":"http:\/\/www.eoimalaga.com\/web\/?page_id=8911"},"modified":"2022-10-02T13:20:47","modified_gmt":"2022-10-02T11:20:47","slug":"pruebas-periodicas","status":"publish","type":"page","link":"https:\/\/www.eoimalaga.com\/web\/espanol\/pruebas-periodicas\/","title":{"rendered":"Pruebas peri\u00f3dicas"},"content":{"rendered":"<div class=\"wpb-content-wrapper\"><p>[vc_row][vc_column][vc_column_text]<\/p>\n<h4>PRUEBAS PERI\u00d3DICAS<\/h4>\n<p>Cada profesor\/a realiza una evaluaci\u00f3n continua en clase. El alumnado puede consultar en cada momento a su tutor\/a por su progreso y por las calificaciones que tenga recogidas.[\/vc_column_text][\/vc_column][\/vc_row][vc_row][vc_column][vc_column_text]<\/p>\n<h4>Fechas de las pruebas de promoci\u00f3n y certificaci\u00f3n.<\/h4>\n<p>Consultar la p\u00e1gina principal de la EOI M\u00e1laga.<\/p>\n<p>El alumnado ser\u00e1 informado por su tutor\/a sobre el desarrollo de las pruebas de promoci\u00f3n.[\/vc_column_text][\/vc_column][\/vc_row][vc_row][vc_column][vc_empty_space height=\u00bb50px\u00bb][\/vc_column][\/vc_row][vc_column][\/vc_column][vc_row][vc_column][vc_empty_space height=\u00bb50px\u00bb][\/vc_column][\/vc_row][vc_row][vc_column][vc_btn title=\u00bbVuelve a la p\u00e1gina de EOI M\u00e1laga\u00bb style=\u00bboutline\u00bb color=\u00bbsandy-brown\u00bb size=\u00bbsm\u00bb align=\u00bbright\u00bb i_type=\u00bbentypo\u00bb i_icon_entypo=\u00bbentypo-icon entypo-icon-home\u00bb css_animation=\u00bbappear\u00bb add_icon=\u00bbtrue\u00bb link=\u00bburl:http%3A%2F%2Fwww.eoimalaga.com%2F||target:%20_blank\u00bb][\/vc_column][\/vc_row][vc_row][vc_column][vc_empty_space height=\u00bb100px\u00bb][\/vc_column][\/vc_row]<\/p>\n<\/div>","protected":false},"excerpt":{"rendered":"<p>[vc_row][vc_column][vc_column_text] PRUEBAS PERI\u00d3DICAS Cada profesor\/a realiza una evaluaci\u00f3n continua en clase. El alumnado puede consultar en cada momento a su tutor\/a por su progreso y por las calificaciones que tenga recogidas.[\/vc_column_text][\/vc_column][\/vc_row][vc_row][vc_column][vc_column_text] Fechas de las pruebas de promoci\u00f3n y certificaci\u00f3n. Consultar la p\u00e1gina principal de la EOI M\u00e1laga. El alumnado ser\u00e1 informado por su tutor\/a sobre [&hellip;]<\/p>\n","protected":false},"author":22,"featured_media":0,"parent":8861,"menu_order":0,"comment_status":"closed","ping_status":"closed","template":"","meta":{"inline_featured_image":false,"footnotes":""},"categories":[54],"tags":[],"class_list":["post-8911","page","type-page","status-publish","hentry","category-espanol"],"yoast_head":"<!-- This site is optimized with the Yoast SEO plugin v26.5 - https:\/\/yoast.com\/wordpress\/plugins\/seo\/ -->\n<title>Pruebas peri\u00f3dicas - P\u00e1gina Oficial de la EOI de M\u00e1laga ::Los idiomas ponen el mundo a tus pies::<\/title>\n<meta name=\"robots\" content=\"index, follow, max-snippet:-1, max-image-preview:large, max-video-preview:-1\" \/>\n<link rel=\"canonical\" href=\"https:\/\/www.eoimalaga.com\/web\/espanol\/pruebas-periodicas\/\" \/>\n<meta property=\"og:locale\" content=\"es_ES\" \/>\n<meta property=\"og:type\" content=\"article\" \/>\n<meta property=\"og:title\" content=\"Pruebas peri\u00f3dicas - P\u00e1gina Oficial de la EOI de M\u00e1laga ::Los idiomas ponen el mundo a tus pies::\" \/>\n<meta property=\"og:description\" content=\"[vc_row][vc_column][vc_column_text] PRUEBAS PERI\u00d3DICAS Cada profesor\/a realiza una evaluaci\u00f3n continua en clase. El alumnado puede consultar en cada momento a su tutor\/a por su progreso y por las calificaciones que tenga recogidas.[\/vc_column_text][\/vc_column][\/vc_row][vc_row][vc_column][vc_column_text] Fechas de las pruebas de promoci\u00f3n y certificaci\u00f3n. Consultar la p\u00e1gina principal de la EOI M\u00e1laga. El alumnado ser\u00e1 informado por su tutor\/a sobre [&hellip;]\" \/>\n<meta property=\"og:url\" content=\"https:\/\/www.eoimalaga.com\/web\/espanol\/pruebas-periodicas\/\" \/>\n<meta property=\"og:site_name\" content=\"P\u00e1gina Oficial de la EOI de M\u00e1laga ::Los idiomas ponen el mundo a tus pies::\" \/>\n<meta property=\"article:modified_time\" content=\"2022-10-02T11:20:47+00:00\" \/>\n<meta name=\"twitter:card\" content=\"summary_large_image\" \/>\n<meta name=\"twitter:label1\" content=\"Tiempo de lectura\" \/>\n\t<meta name=\"twitter:data1\" content=\"1 minuto\" \/>\n<script type=\"application\/ld+json\" class=\"yoast-schema-graph\">{\"@context\":\"https:\/\/schema.org\",\"@graph\":[{\"@type\":\"WebPage\",\"@id\":\"https:\/\/www.eoimalaga.com\/web\/espanol\/pruebas-periodicas\/\",\"url\":\"https:\/\/www.eoimalaga.com\/web\/espanol\/pruebas-periodicas\/\",\"name\":\"Pruebas peri\u00f3dicas - P\u00e1gina Oficial de la EOI de M\u00e1laga ::Los idiomas ponen el mundo a tus pies::\",\"isPartOf\":{\"@id\":\"https:\/\/www.eoimalaga.com\/web\/#website\"},\"datePublished\":\"2020-01-02T06:44:14+00:00\",\"dateModified\":\"2022-10-02T11:20:47+00:00\",\"breadcrumb\":{\"@id\":\"https:\/\/www.eoimalaga.com\/web\/espanol\/pruebas-periodicas\/#breadcrumb\"},\"inLanguage\":\"es\",\"potentialAction\":[{\"@type\":\"ReadAction\",\"target\":[\"https:\/\/www.eoimalaga.com\/web\/espanol\/pruebas-periodicas\/\"]}]},{\"@type\":\"BreadcrumbList\",\"@id\":\"https:\/\/www.eoimalaga.com\/web\/espanol\/pruebas-periodicas\/#breadcrumb\",\"itemListElement\":[{\"@type\":\"ListItem\",\"position\":1,\"name\":\"Home\",\"item\":\"https:\/\/www.eoimalaga.com\/web\/\"},{\"@type\":\"ListItem\",\"position\":2,\"name\":\"ESPA\u00d1OL\",\"item\":\"https:\/\/www.eoimalaga.com\/web\/espanol\/\"},{\"@type\":\"ListItem\",\"position\":3,\"name\":\"Pruebas peri\u00f3dicas\"}]},{\"@type\":\"WebSite\",\"@id\":\"https:\/\/www.eoimalaga.com\/web\/#website\",\"url\":\"https:\/\/www.eoimalaga.com\/web\/\",\"name\":\"P\u00e1gina Oficial de la EOI de M\u00e1laga ::Los idiomas ponen el mundo a tus pies::\",\"description\":\"EOI M\u00e1laga\",\"potentialAction\":[{\"@type\":\"SearchAction\",\"target\":{\"@type\":\"EntryPoint\",\"urlTemplate\":\"https:\/\/www.eoimalaga.com\/web\/?s={search_term_string}\"},\"query-input\":{\"@type\":\"PropertyValueSpecification\",\"valueRequired\":true,\"valueName\":\"search_term_string\"}}],\"inLanguage\":\"es\"}]}<\/script>\n<!-- \/ Yoast SEO plugin. -->","yoast_head_json":{"title":"Pruebas peri\u00f3dicas - P\u00e1gina Oficial de la EOI de M\u00e1laga ::Los idiomas ponen el mundo a tus pies::","robots":{"index":"index","follow":"follow","max-snippet":"max-snippet:-1","max-image-preview":"max-image-preview:large","max-video-preview":"max-video-preview:-1"},"canonical":"https:\/\/www.eoimalaga.com\/web\/espanol\/pruebas-periodicas\/","og_locale":"es_ES","og_type":"article","og_title":"Pruebas peri\u00f3dicas - P\u00e1gina Oficial de la EOI de M\u00e1laga ::Los idiomas ponen el mundo a tus pies::","og_description":"[vc_row][vc_column][vc_column_text] PRUEBAS PERI\u00d3DICAS Cada profesor\/a realiza una evaluaci\u00f3n continua en clase. El alumnado puede consultar en cada momento a su tutor\/a por su progreso y por las calificaciones que tenga recogidas.[\/vc_column_text][\/vc_column][\/vc_row][vc_row][vc_column][vc_column_text] Fechas de las pruebas de promoci\u00f3n y certificaci\u00f3n. Consultar la p\u00e1gina principal de la EOI M\u00e1laga. El alumnado ser\u00e1 informado por su tutor\/a sobre [&hellip;]","og_url":"https:\/\/www.eoimalaga.com\/web\/espanol\/pruebas-periodicas\/","og_site_name":"P\u00e1gina Oficial de la EOI de M\u00e1laga ::Los idiomas ponen el mundo a tus pies::","article_modified_time":"2022-10-02T11:20:47+00:00","twitter_card":"summary_large_image","twitter_misc":{"Tiempo de lectura":"1 minuto"},"schema":{"@context":"https:\/\/schema.org","@graph":[{"@type":"WebPage","@id":"https:\/\/www.eoimalaga.com\/web\/espanol\/pruebas-periodicas\/","url":"https:\/\/www.eoimalaga.com\/web\/espanol\/pruebas-periodicas\/","name":"Pruebas peri\u00f3dicas - P\u00e1gina Oficial de la EOI de M\u00e1laga ::Los idiomas ponen el mundo a tus pies::","isPartOf":{"@id":"https:\/\/www.eoimalaga.com\/web\/#website"},"datePublished":"2020-01-02T06:44:14+00:00","dateModified":"2022-10-02T11:20:47+00:00","breadcrumb":{"@id":"https:\/\/www.eoimalaga.com\/web\/espanol\/pruebas-periodicas\/#breadcrumb"},"inLanguage":"es","potentialAction":[{"@type":"ReadAction","target":["https:\/\/www.eoimalaga.com\/web\/espanol\/pruebas-periodicas\/"]}]},{"@type":"BreadcrumbList","@id":"https:\/\/www.eoimalaga.com\/web\/espanol\/pruebas-periodicas\/#breadcrumb","itemListElement":[{"@type":"ListItem","position":1,"name":"Home","item":"https:\/\/www.eoimalaga.com\/web\/"},{"@type":"ListItem","position":2,"name":"ESPA\u00d1OL","item":"https:\/\/www.eoimalaga.com\/web\/espanol\/"},{"@type":"ListItem","position":3,"name":"Pruebas peri\u00f3dicas"}]},{"@type":"WebSite","@id":"https:\/\/www.eoimalaga.com\/web\/#website","url":"https:\/\/www.eoimalaga.com\/web\/","name":"P\u00e1gina Oficial de la EOI de M\u00e1laga ::Los idiomas ponen el mundo a tus pies::","description":"EOI M\u00e1laga","potentialAction":[{"@type":"SearchAction","target":{"@type":"EntryPoint","urlTemplate":"https:\/\/www.eoimalaga.com\/web\/?s={search_term_string}"},"query-input":{"@type":"PropertyValueSpecification","valueRequired":true,"valueName":"search_term_string"}}],"inLanguage":"es"}]}},"_links":{"self":[{"href":"https:\/\/www.eoimalaga.com\/web\/wp-json\/wp\/v2\/pages\/8911","targetHints":{"allow":["GET"]}}],"collection":[{"href":"https:\/\/www.eoimalaga.com\/web\/wp-json\/wp\/v2\/pages"}],"about":[{"href":"https:\/\/www.eoimalaga.com\/web\/wp-json\/wp\/v2\/types\/page"}],"author":[{"embeddable":true,"href":"https:\/\/www.eoimalaga.com\/web\/wp-json\/wp\/v2\/users\/22"}],"replies":[{"embeddable":true,"href":"https:\/\/www.eoimalaga.com\/web\/wp-json\/wp\/v2\/comments?post=8911"}],"version-history":[{"count":12,"href":"https:\/\/www.eoimalaga.com\/web\/wp-json\/wp\/v2\/pages\/8911\/revisions"}],"predecessor-version":[{"id":15724,"href":"https:\/\/www.eoimalaga.com\/web\/wp-json\/wp\/v2\/pages\/8911\/revisions\/15724"}],"up":[{"embeddable":true,"href":"https:\/\/www.eoimalaga.com\/web\/wp-json\/wp\/v2\/pages\/8861"}],"wp:attachment":[{"href":"https:\/\/www.eoimalaga.com\/web\/wp-json\/wp\/v2\/media?parent=8911"}],"wp:term":[{"taxonomy":"category","embeddable":true,"href":"https:\/\/www.eoimalaga.com\/web\/wp-json\/wp\/v2\/categories?post=8911"},{"taxonomy":"post_tag","embeddable":true,"href":"https:\/\/www.eoimalaga.com\/web\/wp-json\/wp\/v2\/tags?post=8911"}],"curies":[{"name":"wp","href":"https:\/\/api.w.org\/{rel}","templated":true}]}}