{"id":8796,"date":"2019-12-31T09:32:52","date_gmt":"2019-12-31T07:32:52","guid":{"rendered":"http:\/\/www.eoimalaga.com\/web\/?page_id=8796"},"modified":"2025-02-10T15:17:26","modified_gmt":"2025-02-10T13:17:26","slug":"material-para-las-ausencias","status":"publish","type":"page","link":"https:\/\/www.eoimalaga.com\/web\/portugues\/material-para-las-ausencias\/","title":{"rendered":"Material para las ausencias"},"content":{"rendered":"<div class=\"wpb-content-wrapper\"><p>[vc_row][vc_column][vc_tta_accordion style=\u00bbmodern\u00bb color=\u00bbgreen\u00bb c_align=\u00bbcenter\u00bb c_icon=\u00bbtriangle\u00bb active_section=\u00bb\u00bb collapsible_all=\u00bbtrue\u00bb title=\u00bbMaterial para las ausencias del profesorado\u00bb][vc_tta_section title=\u00bbEnlaces generales\u00bb tab_id=\u00bb1552648640759-899f7395-dd34&#8243;][vc_column_text]<\/p>\n<p style=\"text-align: center;\"><a href=\"https:\/\/www.instituto-camoes.pt\/\">Instituto Cam\u00f5es<\/a><\/p>\n<p style=\"text-align: center;\"><a href=\"http:\/\/web.archive.org\/web\/20150906133229\/http:\/\/www.bnportugal.pt\/\">Biblioteca Nacional<\/a><\/p>\n<p style=\"text-align: center;\"><a href=\"http:\/\/www.dn.pt\/inicio\/default.aspx\">Di\u00e1rio de Not\u00edcias<\/a><\/p>\n<p style=\"text-align: center;\"><a href=\"http:\/\/www.publico.pt\/\">P\u00fablico<\/a><\/p>\n<p style=\"text-align: center;\"><a href=\"http:\/\/visao.sapo.pt\/\">Vis\u00e3o<\/a><\/p>\n<p style=\"text-align: center;\"><a href=\"http:\/\/expresso.sapo.pt\/\">Expresso<\/a><\/p>\n<p style=\"text-align: center;\"><a href=\"http:\/\/www.rtp.pt\/homepage\/\">RTP<\/a><\/p>\n<p style=\"text-align: center;\"><a href=\"http:\/\/www.tsf.pt\/paginainicial\/\">TSF<\/a><\/p>\n<p style=\"text-align: center;\"><a href=\"http:\/\/www.tvi.iol.pt\/\">TVI<\/a><\/p>\n<p style=\"text-align: center;\"><a href=\"http:\/\/sic.sapo.pt\/\">SIC<\/a><\/p>\n<p style=\"text-align: center;\"><a href=\"http:\/\/www.globo.com\/\">Globo<\/a><\/p>\n<p style=\"text-align: center;\"><a href=\"http:\/\/www.priberam.pt\/dlpo\/Default.aspx\">Priberam<\/a><\/p>\n<p style=\"text-align: center;\"><a href=\"http:\/\/www.infopedia.pt\/lingua-portuguesa\/\">Infop\u00e9dia<\/a><\/p>\n<p style=\"text-align: center;\"><a href=\"http:\/\/www.lexico.pt\/\">L\u00e9xico<\/a><\/p>\n<p>[\/vc_column_text][\/vc_tta_section][vc_tta_section title=\u00bbActividades para los niveles inicial, intermedio y avanzado\u00bb tab_id=\u00bb1552648640853-3d985e02-d220&#8243;][vc_column_text]<\/p>\n<h3>EJERCICIOS DEL INSTITUTO CAM\u00d5ES<\/h3>\n<h3><a id=\"brincar\"><\/a>Aprender a brincar<\/h3>\n<ul class=\"standard-boolet-list\">\n<li><a href=\"http:\/\/cvc.instituto-camoes.pt\/jogos-lexicais\/jogos-lexicais.html\" target=\"_blank\" rel=\"noopener noreferrer\">Jogos lexicais<\/a><\/li>\n<\/ul>\n<h3><a id=\"ler\"><\/a>Aprender a ler<\/h3>\n<ul class=\"standard-boolet-list\">\n<li><a href=\"http:\/\/cvc.instituto-camoes.pt\/aprender-portugues\/a-ler\/a-aventura-dos-descobrimentos.html\" target=\"_blank\" rel=\"noopener noreferrer\">A aventura dos descobrimentos<\/a><\/li>\n<li><a href=\"http:\/\/cvc.instituto-camoes.pt\/aprender-portugues\/ouvir\/era-uma-vez-um-rei.html\" target=\"_blank\" rel=\"noopener noreferrer\">Era uma vez um rei<\/a><\/li>\n<li><a href=\"http:\/\/cvc.instituto-camoes.pt\/ler-dp1.html\" target=\"_blank\" rel=\"noopener noreferrer\">Exerc\u00edcios<\/a><\/li>\n<\/ul>\n<h3><a id=\"ouvir\"><\/a>Aprender com \u00e1udios<\/h3>\n<ul class=\"standard-boolet-list\">\n<li><a href=\"http:\/\/cvc.instituto-camoes.pt\/aprender-portugues\/a-ler\/a-aventura-dos-descobrimentos.html\" target=\"_blank\" rel=\"noopener noreferrer\">A aventura dos descobrimentos<\/a><\/li>\n<li><a href=\"http:\/\/cvc.instituto-camoes.pt\/aprender-portugues\/ouvir\/era-uma-vez-um-rei.html\" target=\"_blank\" rel=\"noopener noreferrer\">Era uma vez um rei<\/a><\/li>\n<li><a href=\"http:\/\/cvc.instituto-camoes.pt\/ouvir-dp1.html\" target=\"_blank\" rel=\"noopener noreferrer\">Exerc\u00edcios<\/a><\/li>\n<\/ul>\n<h3><a id=\"falar\"><\/a>Aprender a falar<\/h3>\n<ul class=\"standard-boolet-list\">\n<li><a href=\"http:\/\/cvc.instituto-camoes.pt\/aprender-portugues\/a-falar\/pronuncia-do-portugues-europeu.html\" target=\"_blank\" rel=\"noopener noreferrer\">A pron\u00fancia do portugu\u00eas europeu<\/a><\/li>\n<li><a href=\"http:\/\/cvc.instituto-camoes.pt\/aprender-portugues\/a-falar\/guia-de-conversacao.html\" target=\"_blank\" rel=\"noopener noreferrer\">Guia de conversa\u00e7\u00e3o<\/a><\/li>\n<\/ul>\n<p>[\/vc_column_text][\/vc_tta_section][vc_tta_section title=\u00bbActividades para los niveles B1 y B2&#8243; tab_id=\u00bb1552648642837-4ca4ee2b-ce43&#8243;][vc_column_text]<\/p>\n<div><strong>1. Cultura portuguesa.<\/strong><\/div>\n<p><a href=\"https:\/\/www.instituto-camoes.pt\/activity\/centro-virtual\/bases-tematicas\" target=\"_blank\" rel=\"noopener noreferrer\" data-saferedirecturl=\"https:\/\/www.google.com\/url?q=https:\/\/www.instituto-camoes.pt\/activity\/centro-virtual\/bases-tematicas&amp;source=gmail&amp;ust=1665221418518000&amp;usg=AOvVaw1_UtwVO6_OiHuG0mCuurTV\">https:\/\/www.instituto-camoes.pt\/activity\/centro-virtual\/bases-tematicas<\/a><\/p>\n<div><strong>2. Exposi\u00e7\u00f5es virtuais<\/strong>.<\/div>\n<div><\/div>\n<div><a href=\"https:\/\/www.instituto-camoes.pt\/activity\/centro-virtual\/exposicoes-virtuais\" target=\"_blank\" rel=\"noopener noreferrer\" data-saferedirecturl=\"https:\/\/www.google.com\/url?q=https:\/\/www.instituto-camoes.pt\/activity\/centro-virtual\/exposicoes-virtuais&amp;source=gmail&amp;ust=1665221418518000&amp;usg=AOvVaw3RJeFONNfkcr5N-Kp03EFk\">https:\/\/www.instituto-camoes.pt\/activity\/centro-virtual\/exposicoes-virtuais<\/a><\/div>\n<div><\/div>\n<div><strong>3. Portuguese with Leo. L\u00edngua e cultura portuguesas.<\/strong><\/div>\n<div><\/div>\n<div><a href=\"https:\/\/www.portuguesewithleo.com\/\" target=\"_blank\" rel=\"noopener noreferrer\" data-saferedirecturl=\"https:\/\/www.google.com\/url?q=https:\/\/www.portuguesewithleo.com\/&amp;source=gmail&amp;ust=1665221418518000&amp;usg=AOvVaw3VN5qmngkaGmCp4nOGTAYs\">https:\/\/www.portuguesewithleo.com\/<\/a><\/div>\n<div><\/div>\n<div><strong>4. Pratica\u00a0a pron\u00fancia.<\/strong><\/div>\n<div><\/div>\n<div><a href=\"https:\/\/www.youtube.com\/watch?v=KPKXlx9ca28\" target=\"_blank\" rel=\"noopener noreferrer\" data-saferedirecturl=\"https:\/\/www.google.com\/url?q=https:\/\/www.youtube.com\/watch?v%3DKPKXlx9ca28&amp;source=gmail&amp;ust=1665221418518000&amp;usg=AOvVaw2I4DN6TmQWH9u5SU5tEV1-\">https:\/\/www.youtube.com\/watch?v=KPKXlx9ca28<\/a><\/div>\n<div><\/div>\n<div><strong>5. Practice portuguese. L\u00edngua e cultura portuguesas<\/strong><\/div>\n<div><\/div>\n<div><a href=\"https:\/\/www.youtube.com\/c\/PracticePortuguese\" target=\"_blank\" rel=\"noopener noreferrer\" data-saferedirecturl=\"https:\/\/www.google.com\/url?q=https:\/\/www.youtube.com\/c\/PracticePortuguese&amp;source=gmail&amp;ust=1665221418518000&amp;usg=AOvVaw3pupqWg9J4Ri4X6d3n8ggs\">https:\/\/www.youtube.com\/c\/PracticePortuguese<\/a><\/div>\n<div><\/div>\n<div><strong>6. Televis\u00e3o portuguesa.<\/strong><\/div>\n<div><\/div>\n<div><a href=\"https:\/\/www.rtp.pt\/play\/\" target=\"_blank\" rel=\"noopener noreferrer\" data-saferedirecturl=\"https:\/\/www.google.com\/url?q=https:\/\/www.rtp.pt\/play\/&amp;source=gmail&amp;ust=1665221418518000&amp;usg=AOvVaw3xKNea9cxcLZN4CN3LdqK0\">https:\/\/www.rtp.pt\/play\/<\/a><\/div>\n<div><\/div>\n<div><strong>7.\u00a0 R\u00e1dio portuguesa.<\/strong><\/div>\n<div><\/div>\n<div><a href=\"https:\/\/www.tsf.pt\/\" target=\"_blank\" rel=\"noopener noreferrer\" data-saferedirecturl=\"https:\/\/www.google.com\/url?q=https:\/\/www.tsf.pt\/&amp;source=gmail&amp;ust=1665221418518000&amp;usg=AOvVaw2eliTJqUc1IhsX7yfSaLgi\">https:\/\/www.tsf.pt\/<\/a><\/div>\n<div><\/div>\n<div><strong>8. Televis\u00e3o brasileira.<\/strong><\/div>\n<div><\/div>\n<div>\n<div><a href=\"https:\/\/www.youtube.com\/c\/recordtvoficial\/videos\" target=\"_blank\" rel=\"noopener noreferrer\" data-saferedirecturl=\"https:\/\/www.google.com\/url?q=https:\/\/www.youtube.com\/c\/recordtvoficial\/videos&amp;source=gmail&amp;ust=1665221418518000&amp;usg=AOvVaw3U4TTd4IkVVUm-2QzfNJP8\">https:\/\/www.youtube.com\/c\/recordtvoficial\/videos<\/a><\/div>\n<div><\/div>\n<div><strong>9. M\u00fasica da lusofonia.<\/strong><\/div>\n<div>\n<p><a href=\"https:\/\/www.rtve.es\/play\/audios\/agualusa\/\" target=\"_blank\" rel=\"noopener noreferrer\" data-saferedirecturl=\"https:\/\/www.google.com\/url?q=https:\/\/www.rtve.es\/play\/audios\/agualusa\/&amp;source=gmail&amp;ust=1665221418518000&amp;usg=AOvVaw3TxNjRsm5HFZNDx6N6V0p1\">https:\/\/www.rtve.es\/play\/audios\/agualusa\/<\/a><\/p>\n<div class=\"yj6qo\"><\/div>\n<div class=\"adL\"><\/div>\n<\/div>\n<\/div>\n<p>[\/vc_column_text][\/vc_tta_section][\/vc_tta_accordion][\/vc_column][\/vc_row][vc_row][vc_column][vc_empty_space][vc_column_text css=\u00bb\u00bb][\/vc_column_text][vc_column_text css=\u00bb\u00bb]<\/p>\n<h2>Material para el autoaprendizaje<\/h2>\n<div><strong><a href=\"https:\/\/www.portuguesewithleo.com\/\" target=\"_blank\" rel=\"noopener\"><span style=\"text-decoration: underline;\"><span style=\"color: #0000ff; text-decoration: underline;\">Portuguese with Leo<\/span><\/span><\/a>. L\u00edngua e cultura portuguesas.<\/strong><\/div>\n<div><\/div>\n<div><strong><a href=\"https:\/\/www.youtube.com\/watch?v=KPKXlx9ca28\" target=\"_blank\" rel=\"noopener\"><span style=\"text-decoration: underline; color: #0000ff;\">Pratica a pron\u00fancia<\/span><\/a>.<\/strong><\/div>\n<div><\/div>\n<div><\/div>\n<div><strong><span style=\"text-decoration: underline;\"><span style=\"color: #0000ff;\"><a style=\"color: #0000ff; text-decoration: underline;\" href=\"https:\/\/www.youtube.com\/c\/PracticePortuguese\" target=\"_blank\" rel=\"noopener\">Practice portuguese<\/a><\/span><\/span>. L\u00edngua e cultura portuguesas<\/strong><\/div>\n<div><\/div>\n<p>[\/vc_column_text][\/vc_column][\/vc_row]<\/p>\n<\/div>","protected":false},"excerpt":{"rendered":"<p>[vc_row][vc_column][vc_tta_accordion style=\u00bbmodern\u00bb color=\u00bbgreen\u00bb c_align=\u00bbcenter\u00bb c_icon=\u00bbtriangle\u00bb active_section=\u00bb\u00bb collapsible_all=\u00bbtrue\u00bb title=\u00bbMaterial para las ausencias del profesorado\u00bb][vc_tta_section title=\u00bbEnlaces generales\u00bb tab_id=\u00bb1552648640759-899f7395-dd34&#8243;][vc_column_text] Instituto Cam\u00f5es Biblioteca Nacional Di\u00e1rio de Not\u00edcias P\u00fablico Vis\u00e3o Expresso RTP TSF TVI SIC Globo Priberam Infop\u00e9dia L\u00e9xico [\/vc_column_text][\/vc_tta_section][vc_tta_section title=\u00bbActividades para los niveles inicial, intermedio y avanzado\u00bb tab_id=\u00bb1552648640853-3d985e02-d220&#8243;][vc_column_text] EJERCICIOS DEL INSTITUTO CAM\u00d5ES Aprender a brincar Jogos lexicais Aprender a [&hellip;]<\/p>\n","protected":false},"author":20,"featured_media":0,"parent":8759,"menu_order":0,"comment_status":"closed","ping_status":"closed","template":"","meta":{"inline_featured_image":false,"footnotes":""},"categories":[65],"tags":[],"class_list":["post-8796","page","type-page","status-publish","hentry","category-portugues"],"yoast_head":"<!-- This site is optimized with the Yoast SEO plugin v26.5 - https:\/\/yoast.com\/wordpress\/plugins\/seo\/ -->\n<title>Material para las ausencias - P\u00e1gina Oficial de la EOI de M\u00e1laga ::Los idiomas ponen el mundo a tus pies::<\/title>\n<meta name=\"robots\" content=\"index, follow, max-snippet:-1, max-image-preview:large, max-video-preview:-1\" \/>\n<link rel=\"canonical\" href=\"https:\/\/www.eoimalaga.com\/web\/portugues\/material-para-las-ausencias\/\" \/>\n<meta property=\"og:locale\" content=\"es_ES\" \/>\n<meta property=\"og:type\" content=\"article\" \/>\n<meta property=\"og:title\" content=\"Material para las ausencias - P\u00e1gina Oficial de la EOI de M\u00e1laga ::Los idiomas ponen el mundo a tus pies::\" \/>\n<meta property=\"og:description\" content=\"[vc_row][vc_column][vc_tta_accordion style=\u00bbmodern\u00bb color=\u00bbgreen\u00bb c_align=\u00bbcenter\u00bb c_icon=\u00bbtriangle\u00bb active_section=\u00bb\u00bb collapsible_all=\u00bbtrue\u00bb title=\u00bbMaterial para las ausencias del profesorado\u00bb][vc_tta_section title=\u00bbEnlaces generales\u00bb tab_id=\u00bb1552648640759-899f7395-dd34&#8243;][vc_column_text] Instituto Cam\u00f5es Biblioteca Nacional Di\u00e1rio de Not\u00edcias P\u00fablico Vis\u00e3o Expresso RTP TSF TVI SIC Globo Priberam Infop\u00e9dia L\u00e9xico [\/vc_column_text][\/vc_tta_section][vc_tta_section title=\u00bbActividades para los niveles inicial, intermedio y avanzado\u00bb tab_id=\u00bb1552648640853-3d985e02-d220&#8243;][vc_column_text] EJERCICIOS DEL INSTITUTO CAM\u00d5ES Aprender a brincar Jogos lexicais Aprender a [&hellip;]\" \/>\n<meta property=\"og:url\" content=\"https:\/\/www.eoimalaga.com\/web\/portugues\/material-para-las-ausencias\/\" \/>\n<meta property=\"og:site_name\" content=\"P\u00e1gina Oficial de la EOI de M\u00e1laga ::Los idiomas ponen el mundo a tus pies::\" \/>\n<meta property=\"article:modified_time\" content=\"2025-02-10T13:17:26+00:00\" \/>\n<meta name=\"twitter:card\" content=\"summary_large_image\" \/>\n<meta name=\"twitter:label1\" content=\"Tiempo de lectura\" \/>\n\t<meta name=\"twitter:data1\" content=\"1 minuto\" \/>\n<script type=\"application\/ld+json\" class=\"yoast-schema-graph\">{\"@context\":\"https:\/\/schema.org\",\"@graph\":[{\"@type\":\"WebPage\",\"@id\":\"https:\/\/www.eoimalaga.com\/web\/portugues\/material-para-las-ausencias\/\",\"url\":\"https:\/\/www.eoimalaga.com\/web\/portugues\/material-para-las-ausencias\/\",\"name\":\"Material para las ausencias - P\u00e1gina Oficial de la EOI de M\u00e1laga ::Los idiomas ponen el mundo a tus pies::\",\"isPartOf\":{\"@id\":\"https:\/\/www.eoimalaga.com\/web\/#website\"},\"datePublished\":\"2019-12-31T07:32:52+00:00\",\"dateModified\":\"2025-02-10T13:17:26+00:00\",\"breadcrumb\":{\"@id\":\"https:\/\/www.eoimalaga.com\/web\/portugues\/material-para-las-ausencias\/#breadcrumb\"},\"inLanguage\":\"es\",\"potentialAction\":[{\"@type\":\"ReadAction\",\"target\":[\"https:\/\/www.eoimalaga.com\/web\/portugues\/material-para-las-ausencias\/\"]}]},{\"@type\":\"BreadcrumbList\",\"@id\":\"https:\/\/www.eoimalaga.com\/web\/portugues\/material-para-las-ausencias\/#breadcrumb\",\"itemListElement\":[{\"@type\":\"ListItem\",\"position\":1,\"name\":\"Home\",\"item\":\"https:\/\/www.eoimalaga.com\/web\/\"},{\"@type\":\"ListItem\",\"position\":2,\"name\":\"PORTUGU\u00c9S\",\"item\":\"https:\/\/www.eoimalaga.com\/web\/portugues\/\"},{\"@type\":\"ListItem\",\"position\":3,\"name\":\"Material para las ausencias\"}]},{\"@type\":\"WebSite\",\"@id\":\"https:\/\/www.eoimalaga.com\/web\/#website\",\"url\":\"https:\/\/www.eoimalaga.com\/web\/\",\"name\":\"P\u00e1gina Oficial de la EOI de M\u00e1laga ::Los idiomas ponen el mundo a tus pies::\",\"description\":\"EOI M\u00e1laga\",\"potentialAction\":[{\"@type\":\"SearchAction\",\"target\":{\"@type\":\"EntryPoint\",\"urlTemplate\":\"https:\/\/www.eoimalaga.com\/web\/?s={search_term_string}\"},\"query-input\":{\"@type\":\"PropertyValueSpecification\",\"valueRequired\":true,\"valueName\":\"search_term_string\"}}],\"inLanguage\":\"es\"}]}<\/script>\n<!-- \/ Yoast SEO plugin. -->","yoast_head_json":{"title":"Material para las ausencias - P\u00e1gina Oficial de la EOI de M\u00e1laga ::Los idiomas ponen el mundo a tus pies::","robots":{"index":"index","follow":"follow","max-snippet":"max-snippet:-1","max-image-preview":"max-image-preview:large","max-video-preview":"max-video-preview:-1"},"canonical":"https:\/\/www.eoimalaga.com\/web\/portugues\/material-para-las-ausencias\/","og_locale":"es_ES","og_type":"article","og_title":"Material para las ausencias - P\u00e1gina Oficial de la EOI de M\u00e1laga ::Los idiomas ponen el mundo a tus pies::","og_description":"[vc_row][vc_column][vc_tta_accordion style=\u00bbmodern\u00bb color=\u00bbgreen\u00bb c_align=\u00bbcenter\u00bb c_icon=\u00bbtriangle\u00bb active_section=\u00bb\u00bb collapsible_all=\u00bbtrue\u00bb title=\u00bbMaterial para las ausencias del profesorado\u00bb][vc_tta_section title=\u00bbEnlaces generales\u00bb tab_id=\u00bb1552648640759-899f7395-dd34&#8243;][vc_column_text] Instituto Cam\u00f5es Biblioteca Nacional Di\u00e1rio de Not\u00edcias P\u00fablico Vis\u00e3o Expresso RTP TSF TVI SIC Globo Priberam Infop\u00e9dia L\u00e9xico [\/vc_column_text][\/vc_tta_section][vc_tta_section title=\u00bbActividades para los niveles inicial, intermedio y avanzado\u00bb tab_id=\u00bb1552648640853-3d985e02-d220&#8243;][vc_column_text] EJERCICIOS DEL INSTITUTO CAM\u00d5ES Aprender a brincar Jogos lexicais Aprender a [&hellip;]","og_url":"https:\/\/www.eoimalaga.com\/web\/portugues\/material-para-las-ausencias\/","og_site_name":"P\u00e1gina Oficial de la EOI de M\u00e1laga ::Los idiomas ponen el mundo a tus pies::","article_modified_time":"2025-02-10T13:17:26+00:00","twitter_card":"summary_large_image","twitter_misc":{"Tiempo de lectura":"1 minuto"},"schema":{"@context":"https:\/\/schema.org","@graph":[{"@type":"WebPage","@id":"https:\/\/www.eoimalaga.com\/web\/portugues\/material-para-las-ausencias\/","url":"https:\/\/www.eoimalaga.com\/web\/portugues\/material-para-las-ausencias\/","name":"Material para las ausencias - P\u00e1gina Oficial de la EOI de M\u00e1laga ::Los idiomas ponen el mundo a tus pies::","isPartOf":{"@id":"https:\/\/www.eoimalaga.com\/web\/#website"},"datePublished":"2019-12-31T07:32:52+00:00","dateModified":"2025-02-10T13:17:26+00:00","breadcrumb":{"@id":"https:\/\/www.eoimalaga.com\/web\/portugues\/material-para-las-ausencias\/#breadcrumb"},"inLanguage":"es","potentialAction":[{"@type":"ReadAction","target":["https:\/\/www.eoimalaga.com\/web\/portugues\/material-para-las-ausencias\/"]}]},{"@type":"BreadcrumbList","@id":"https:\/\/www.eoimalaga.com\/web\/portugues\/material-para-las-ausencias\/#breadcrumb","itemListElement":[{"@type":"ListItem","position":1,"name":"Home","item":"https:\/\/www.eoimalaga.com\/web\/"},{"@type":"ListItem","position":2,"name":"PORTUGU\u00c9S","item":"https:\/\/www.eoimalaga.com\/web\/portugues\/"},{"@type":"ListItem","position":3,"name":"Material para las ausencias"}]},{"@type":"WebSite","@id":"https:\/\/www.eoimalaga.com\/web\/#website","url":"https:\/\/www.eoimalaga.com\/web\/","name":"P\u00e1gina Oficial de la EOI de M\u00e1laga ::Los idiomas ponen el mundo a tus pies::","description":"EOI M\u00e1laga","potentialAction":[{"@type":"SearchAction","target":{"@type":"EntryPoint","urlTemplate":"https:\/\/www.eoimalaga.com\/web\/?s={search_term_string}"},"query-input":{"@type":"PropertyValueSpecification","valueRequired":true,"valueName":"search_term_string"}}],"inLanguage":"es"}]}},"_links":{"self":[{"href":"https:\/\/www.eoimalaga.com\/web\/wp-json\/wp\/v2\/pages\/8796","targetHints":{"allow":["GET"]}}],"collection":[{"href":"https:\/\/www.eoimalaga.com\/web\/wp-json\/wp\/v2\/pages"}],"about":[{"href":"https:\/\/www.eoimalaga.com\/web\/wp-json\/wp\/v2\/types\/page"}],"author":[{"embeddable":true,"href":"https:\/\/www.eoimalaga.com\/web\/wp-json\/wp\/v2\/users\/20"}],"replies":[{"embeddable":true,"href":"https:\/\/www.eoimalaga.com\/web\/wp-json\/wp\/v2\/comments?post=8796"}],"version-history":[{"count":9,"href":"https:\/\/www.eoimalaga.com\/web\/wp-json\/wp\/v2\/pages\/8796\/revisions"}],"predecessor-version":[{"id":20893,"href":"https:\/\/www.eoimalaga.com\/web\/wp-json\/wp\/v2\/pages\/8796\/revisions\/20893"}],"up":[{"embeddable":true,"href":"https:\/\/www.eoimalaga.com\/web\/wp-json\/wp\/v2\/pages\/8759"}],"wp:attachment":[{"href":"https:\/\/www.eoimalaga.com\/web\/wp-json\/wp\/v2\/media?parent=8796"}],"wp:term":[{"taxonomy":"category","embeddable":true,"href":"https:\/\/www.eoimalaga.com\/web\/wp-json\/wp\/v2\/categories?post=8796"},{"taxonomy":"post_tag","embeddable":true,"href":"https:\/\/www.eoimalaga.com\/web\/wp-json\/wp\/v2\/tags?post=8796"}],"curies":[{"name":"wp","href":"https:\/\/api.w.org\/{rel}","templated":true}]}}