{"id":8790,"date":"2019-12-31T09:31:58","date_gmt":"2019-12-31T07:31:58","guid":{"rendered":"http:\/\/www.eoimalaga.com\/web\/?page_id=8790"},"modified":"2025-09-09T12:51:00","modified_gmt":"2025-09-09T10:51:00","slug":"libros-de-texto","status":"publish","type":"page","link":"https:\/\/www.eoimalaga.com\/web\/portugues\/libros-de-texto\/","title":{"rendered":"Libros de texto"},"content":{"rendered":"<ul style=\"list-style-type: disc\">\n<li><strong>N\u00edvel A1<\/strong><\/li>\n<\/ul>\n<p>Portugu\u00eas em rede A1, Porto Editora.<\/p>\n<p>Catarina Castro \/ M\u00f3nica Sofia Pereira \/ L\u00edgia Borges.<\/p>\n<ul>\n<li><strong>N\u00edvel A2<\/strong><\/li>\n<\/ul>\n<p>Portugu\u00eas em rede A2, Porto Editora.<\/p>\n<p>L\u00edgia Borges \/ Ana Rita Nunes.<\/p>\n<ul>\n<li><strong>N\u00edvel B1<\/strong><\/li>\n<\/ul>\n<p>Portugu\u00eas em rede B1, Porto Editora.<\/p>\n<p>L\u00edgia Borges \/ Ana Rita Nunes.<\/p>\n<ul>\n<li><strong>N\u00edvel B2.1<\/strong><\/li>\n<\/ul>\n<p>Portugu\u00eas em foco 3, Ed. Lidel<\/p>\n<p>Luisa Coelho \/ Carla Oliveira.<\/p>\n<ul>\n<li><strong>N\u00edvel B2.2<\/strong><\/li>\n<\/ul>\n<p>Cidades do mar (B2), Porto Editora.<\/p>\n<p>Pedro Sena-Lino \/ Maria Jo\u00e3o Manso Bol\u00e9o.<\/p>\n<p>&nbsp;<\/p>\n<p>&nbsp;<\/p>\n<p>&nbsp;<\/p>\n<p>&nbsp;<\/p>\n<p>&nbsp;<\/p>\n","protected":false},"excerpt":{"rendered":"<p>N\u00edvel A1 Portugu\u00eas em rede A1, Porto Editora. Catarina Castro \/ M\u00f3nica Sofia Pereira \/ L\u00edgia Borges. N\u00edvel A2 Portugu\u00eas em rede A2, Porto Editora. L\u00edgia Borges \/ Ana Rita Nunes. N\u00edvel B1 Portugu\u00eas em rede B1, Porto Editora. L\u00edgia Borges \/ Ana Rita Nunes. N\u00edvel B2.1 Portugu\u00eas em foco 3, Ed. Lidel Luisa Coelho [&hellip;]<\/p>\n","protected":false},"author":20,"featured_media":0,"parent":8759,"menu_order":0,"comment_status":"closed","ping_status":"closed","template":"","meta":{"inline_featured_image":false,"footnotes":""},"categories":[65],"tags":[],"class_list":["post-8790","page","type-page","status-publish","hentry","category-portugues"],"yoast_head":"<!-- This site is optimized with the Yoast SEO plugin v26.5 - https:\/\/yoast.com\/wordpress\/plugins\/seo\/ -->\n<title>Libros de texto - P\u00e1gina Oficial de la EOI de M\u00e1laga ::Los idiomas ponen el mundo a tus pies::<\/title>\n<meta name=\"robots\" content=\"index, follow, max-snippet:-1, max-image-preview:large, max-video-preview:-1\" \/>\n<link rel=\"canonical\" href=\"https:\/\/www.eoimalaga.com\/web\/portugues\/libros-de-texto\/\" \/>\n<meta property=\"og:locale\" content=\"es_ES\" \/>\n<meta property=\"og:type\" content=\"article\" \/>\n<meta property=\"og:title\" content=\"Libros de texto - P\u00e1gina Oficial de la EOI de M\u00e1laga ::Los idiomas ponen el mundo a tus pies::\" \/>\n<meta property=\"og:description\" content=\"N\u00edvel A1 Portugu\u00eas em rede A1, Porto Editora. Catarina Castro \/ M\u00f3nica Sofia Pereira \/ L\u00edgia Borges. N\u00edvel A2 Portugu\u00eas em rede A2, Porto Editora. L\u00edgia Borges \/ Ana Rita Nunes. N\u00edvel B1 Portugu\u00eas em rede B1, Porto Editora. L\u00edgia Borges \/ Ana Rita Nunes. N\u00edvel B2.1 Portugu\u00eas em foco 3, Ed. Lidel Luisa Coelho [&hellip;]\" \/>\n<meta property=\"og:url\" content=\"https:\/\/www.eoimalaga.com\/web\/portugues\/libros-de-texto\/\" \/>\n<meta property=\"og:site_name\" content=\"P\u00e1gina Oficial de la EOI de M\u00e1laga ::Los idiomas ponen el mundo a tus pies::\" \/>\n<meta property=\"article:modified_time\" content=\"2025-09-09T10:51:00+00:00\" \/>\n<meta name=\"twitter:card\" content=\"summary_large_image\" \/>\n<meta name=\"twitter:label1\" content=\"Tiempo de lectura\" \/>\n\t<meta name=\"twitter:data1\" content=\"1 minuto\" \/>\n<script type=\"application\/ld+json\" class=\"yoast-schema-graph\">{\"@context\":\"https:\/\/schema.org\",\"@graph\":[{\"@type\":\"WebPage\",\"@id\":\"https:\/\/www.eoimalaga.com\/web\/portugues\/libros-de-texto\/\",\"url\":\"https:\/\/www.eoimalaga.com\/web\/portugues\/libros-de-texto\/\",\"name\":\"Libros de texto - P\u00e1gina Oficial de la EOI de M\u00e1laga ::Los idiomas ponen el mundo a tus pies::\",\"isPartOf\":{\"@id\":\"https:\/\/www.eoimalaga.com\/web\/#website\"},\"datePublished\":\"2019-12-31T07:31:58+00:00\",\"dateModified\":\"2025-09-09T10:51:00+00:00\",\"breadcrumb\":{\"@id\":\"https:\/\/www.eoimalaga.com\/web\/portugues\/libros-de-texto\/#breadcrumb\"},\"inLanguage\":\"es\",\"potentialAction\":[{\"@type\":\"ReadAction\",\"target\":[\"https:\/\/www.eoimalaga.com\/web\/portugues\/libros-de-texto\/\"]}]},{\"@type\":\"BreadcrumbList\",\"@id\":\"https:\/\/www.eoimalaga.com\/web\/portugues\/libros-de-texto\/#breadcrumb\",\"itemListElement\":[{\"@type\":\"ListItem\",\"position\":1,\"name\":\"Home\",\"item\":\"https:\/\/www.eoimalaga.com\/web\/\"},{\"@type\":\"ListItem\",\"position\":2,\"name\":\"PORTUGU\u00c9S\",\"item\":\"https:\/\/www.eoimalaga.com\/web\/portugues\/\"},{\"@type\":\"ListItem\",\"position\":3,\"name\":\"Libros de texto\"}]},{\"@type\":\"WebSite\",\"@id\":\"https:\/\/www.eoimalaga.com\/web\/#website\",\"url\":\"https:\/\/www.eoimalaga.com\/web\/\",\"name\":\"P\u00e1gina Oficial de la EOI de M\u00e1laga ::Los idiomas ponen el mundo a tus pies::\",\"description\":\"EOI M\u00e1laga\",\"potentialAction\":[{\"@type\":\"SearchAction\",\"target\":{\"@type\":\"EntryPoint\",\"urlTemplate\":\"https:\/\/www.eoimalaga.com\/web\/?s={search_term_string}\"},\"query-input\":{\"@type\":\"PropertyValueSpecification\",\"valueRequired\":true,\"valueName\":\"search_term_string\"}}],\"inLanguage\":\"es\"}]}<\/script>\n<!-- \/ Yoast SEO plugin. -->","yoast_head_json":{"title":"Libros de texto - P\u00e1gina Oficial de la EOI de M\u00e1laga ::Los idiomas ponen el mundo a tus pies::","robots":{"index":"index","follow":"follow","max-snippet":"max-snippet:-1","max-image-preview":"max-image-preview:large","max-video-preview":"max-video-preview:-1"},"canonical":"https:\/\/www.eoimalaga.com\/web\/portugues\/libros-de-texto\/","og_locale":"es_ES","og_type":"article","og_title":"Libros de texto - P\u00e1gina Oficial de la EOI de M\u00e1laga ::Los idiomas ponen el mundo a tus pies::","og_description":"N\u00edvel A1 Portugu\u00eas em rede A1, Porto Editora. Catarina Castro \/ M\u00f3nica Sofia Pereira \/ L\u00edgia Borges. N\u00edvel A2 Portugu\u00eas em rede A2, Porto Editora. L\u00edgia Borges \/ Ana Rita Nunes. N\u00edvel B1 Portugu\u00eas em rede B1, Porto Editora. L\u00edgia Borges \/ Ana Rita Nunes. N\u00edvel B2.1 Portugu\u00eas em foco 3, Ed. Lidel Luisa Coelho [&hellip;]","og_url":"https:\/\/www.eoimalaga.com\/web\/portugues\/libros-de-texto\/","og_site_name":"P\u00e1gina Oficial de la EOI de M\u00e1laga ::Los idiomas ponen el mundo a tus pies::","article_modified_time":"2025-09-09T10:51:00+00:00","twitter_card":"summary_large_image","twitter_misc":{"Tiempo de lectura":"1 minuto"},"schema":{"@context":"https:\/\/schema.org","@graph":[{"@type":"WebPage","@id":"https:\/\/www.eoimalaga.com\/web\/portugues\/libros-de-texto\/","url":"https:\/\/www.eoimalaga.com\/web\/portugues\/libros-de-texto\/","name":"Libros de texto - P\u00e1gina Oficial de la EOI de M\u00e1laga ::Los idiomas ponen el mundo a tus pies::","isPartOf":{"@id":"https:\/\/www.eoimalaga.com\/web\/#website"},"datePublished":"2019-12-31T07:31:58+00:00","dateModified":"2025-09-09T10:51:00+00:00","breadcrumb":{"@id":"https:\/\/www.eoimalaga.com\/web\/portugues\/libros-de-texto\/#breadcrumb"},"inLanguage":"es","potentialAction":[{"@type":"ReadAction","target":["https:\/\/www.eoimalaga.com\/web\/portugues\/libros-de-texto\/"]}]},{"@type":"BreadcrumbList","@id":"https:\/\/www.eoimalaga.com\/web\/portugues\/libros-de-texto\/#breadcrumb","itemListElement":[{"@type":"ListItem","position":1,"name":"Home","item":"https:\/\/www.eoimalaga.com\/web\/"},{"@type":"ListItem","position":2,"name":"PORTUGU\u00c9S","item":"https:\/\/www.eoimalaga.com\/web\/portugues\/"},{"@type":"ListItem","position":3,"name":"Libros de texto"}]},{"@type":"WebSite","@id":"https:\/\/www.eoimalaga.com\/web\/#website","url":"https:\/\/www.eoimalaga.com\/web\/","name":"P\u00e1gina Oficial de la EOI de M\u00e1laga ::Los idiomas ponen el mundo a tus pies::","description":"EOI M\u00e1laga","potentialAction":[{"@type":"SearchAction","target":{"@type":"EntryPoint","urlTemplate":"https:\/\/www.eoimalaga.com\/web\/?s={search_term_string}"},"query-input":{"@type":"PropertyValueSpecification","valueRequired":true,"valueName":"search_term_string"}}],"inLanguage":"es"}]}},"_links":{"self":[{"href":"https:\/\/www.eoimalaga.com\/web\/wp-json\/wp\/v2\/pages\/8790","targetHints":{"allow":["GET"]}}],"collection":[{"href":"https:\/\/www.eoimalaga.com\/web\/wp-json\/wp\/v2\/pages"}],"about":[{"href":"https:\/\/www.eoimalaga.com\/web\/wp-json\/wp\/v2\/types\/page"}],"author":[{"embeddable":true,"href":"https:\/\/www.eoimalaga.com\/web\/wp-json\/wp\/v2\/users\/20"}],"replies":[{"embeddable":true,"href":"https:\/\/www.eoimalaga.com\/web\/wp-json\/wp\/v2\/comments?post=8790"}],"version-history":[{"count":6,"href":"https:\/\/www.eoimalaga.com\/web\/wp-json\/wp\/v2\/pages\/8790\/revisions"}],"predecessor-version":[{"id":22188,"href":"https:\/\/www.eoimalaga.com\/web\/wp-json\/wp\/v2\/pages\/8790\/revisions\/22188"}],"up":[{"embeddable":true,"href":"https:\/\/www.eoimalaga.com\/web\/wp-json\/wp\/v2\/pages\/8759"}],"wp:attachment":[{"href":"https:\/\/www.eoimalaga.com\/web\/wp-json\/wp\/v2\/media?parent=8790"}],"wp:term":[{"taxonomy":"category","embeddable":true,"href":"https:\/\/www.eoimalaga.com\/web\/wp-json\/wp\/v2\/categories?post=8790"},{"taxonomy":"post_tag","embeddable":true,"href":"https:\/\/www.eoimalaga.com\/web\/wp-json\/wp\/v2\/tags?post=8790"}],"curies":[{"name":"wp","href":"https:\/\/api.w.org\/{rel}","templated":true}]}}