{"id":8771,"date":"2019-12-31T09:23:39","date_gmt":"2019-12-31T07:23:39","guid":{"rendered":"http:\/\/www.eoimalaga.com\/web\/?page_id=8771"},"modified":"2022-10-07T11:10:14","modified_gmt":"2022-10-07T09:10:14","slug":"actividades","status":"publish","type":"page","link":"https:\/\/www.eoimalaga.com\/web\/portugues\/actividades\/","title":{"rendered":"Actividades"},"content":{"rendered":"<p><strong>ESTAS S\u00c3O ALGUMAS ATIVIDADES PROGRAMADAS:<\/strong><\/p>\n<p>NOVEMBRO:<\/p>\n<p>Conv\u00edvio de S\u00e3o Martinho<\/p>\n<p>DEZEMBRO:<\/p>\n<p>Festa de Natal<\/p>\n<p>FEVEREIRO:<\/p>\n<p>Festa de Carnaval<\/p>\n<p>MAR\u00c7O:<\/p>\n<p>Dia Internacional da Mulher<\/p>\n<p>Dia do Livro<\/p>\n<p>MAIO:<\/p>\n<p>Dia Mundial da L\u00edngua Portuguesa<\/p>\n<p>&nbsp;<\/p>\n","protected":false},"excerpt":{"rendered":"<p>ESTAS S\u00c3O ALGUMAS ATIVIDADES PROGRAMADAS: NOVEMBRO: Conv\u00edvio de S\u00e3o Martinho DEZEMBRO: Festa de Natal FEVEREIRO: Festa de Carnaval MAR\u00c7O: Dia Internacional da Mulher Dia do Livro MAIO: Dia Mundial da L\u00edngua Portuguesa &nbsp;<\/p>\n","protected":false},"author":20,"featured_media":0,"parent":8759,"menu_order":0,"comment_status":"closed","ping_status":"closed","template":"","meta":{"inline_featured_image":false,"footnotes":""},"categories":[65],"tags":[],"class_list":["post-8771","page","type-page","status-publish","hentry","category-portugues"],"yoast_head":"<!-- This site is optimized with the Yoast SEO plugin v26.5 - https:\/\/yoast.com\/wordpress\/plugins\/seo\/ -->\n<title>Actividades - P\u00e1gina Oficial de la EOI de M\u00e1laga ::Los idiomas ponen el mundo a tus pies::<\/title>\n<meta name=\"robots\" content=\"index, follow, max-snippet:-1, max-image-preview:large, max-video-preview:-1\" \/>\n<link rel=\"canonical\" href=\"https:\/\/www.eoimalaga.com\/web\/portugues\/actividades\/\" \/>\n<meta property=\"og:locale\" content=\"es_ES\" \/>\n<meta property=\"og:type\" content=\"article\" \/>\n<meta property=\"og:title\" content=\"Actividades - P\u00e1gina Oficial de la EOI de M\u00e1laga ::Los idiomas ponen el mundo a tus pies::\" \/>\n<meta property=\"og:description\" content=\"ESTAS S\u00c3O ALGUMAS ATIVIDADES PROGRAMADAS: NOVEMBRO: Conv\u00edvio de S\u00e3o Martinho DEZEMBRO: Festa de Natal FEVEREIRO: Festa de Carnaval MAR\u00c7O: Dia Internacional da Mulher Dia do Livro MAIO: Dia Mundial da L\u00edngua Portuguesa &nbsp;\" \/>\n<meta property=\"og:url\" content=\"https:\/\/www.eoimalaga.com\/web\/portugues\/actividades\/\" \/>\n<meta property=\"og:site_name\" content=\"P\u00e1gina Oficial de la EOI de M\u00e1laga ::Los idiomas ponen el mundo a tus pies::\" \/>\n<meta property=\"article:modified_time\" content=\"2022-10-07T09:10:14+00:00\" \/>\n<meta name=\"twitter:card\" content=\"summary_large_image\" \/>\n<script type=\"application\/ld+json\" class=\"yoast-schema-graph\">{\"@context\":\"https:\/\/schema.org\",\"@graph\":[{\"@type\":\"WebPage\",\"@id\":\"https:\/\/www.eoimalaga.com\/web\/portugues\/actividades\/\",\"url\":\"https:\/\/www.eoimalaga.com\/web\/portugues\/actividades\/\",\"name\":\"Actividades - P\u00e1gina Oficial de la EOI de M\u00e1laga ::Los idiomas ponen el mundo a tus pies::\",\"isPartOf\":{\"@id\":\"https:\/\/www.eoimalaga.com\/web\/#website\"},\"datePublished\":\"2019-12-31T07:23:39+00:00\",\"dateModified\":\"2022-10-07T09:10:14+00:00\",\"breadcrumb\":{\"@id\":\"https:\/\/www.eoimalaga.com\/web\/portugues\/actividades\/#breadcrumb\"},\"inLanguage\":\"es\",\"potentialAction\":[{\"@type\":\"ReadAction\",\"target\":[\"https:\/\/www.eoimalaga.com\/web\/portugues\/actividades\/\"]}]},{\"@type\":\"BreadcrumbList\",\"@id\":\"https:\/\/www.eoimalaga.com\/web\/portugues\/actividades\/#breadcrumb\",\"itemListElement\":[{\"@type\":\"ListItem\",\"position\":1,\"name\":\"Home\",\"item\":\"https:\/\/www.eoimalaga.com\/web\/\"},{\"@type\":\"ListItem\",\"position\":2,\"name\":\"PORTUGU\u00c9S\",\"item\":\"https:\/\/www.eoimalaga.com\/web\/portugues\/\"},{\"@type\":\"ListItem\",\"position\":3,\"name\":\"Actividades\"}]},{\"@type\":\"WebSite\",\"@id\":\"https:\/\/www.eoimalaga.com\/web\/#website\",\"url\":\"https:\/\/www.eoimalaga.com\/web\/\",\"name\":\"P\u00e1gina Oficial de la EOI de M\u00e1laga ::Los idiomas ponen el mundo a tus pies::\",\"description\":\"EOI M\u00e1laga\",\"potentialAction\":[{\"@type\":\"SearchAction\",\"target\":{\"@type\":\"EntryPoint\",\"urlTemplate\":\"https:\/\/www.eoimalaga.com\/web\/?s={search_term_string}\"},\"query-input\":{\"@type\":\"PropertyValueSpecification\",\"valueRequired\":true,\"valueName\":\"search_term_string\"}}],\"inLanguage\":\"es\"}]}<\/script>\n<!-- \/ Yoast SEO plugin. -->","yoast_head_json":{"title":"Actividades - P\u00e1gina Oficial de la EOI de M\u00e1laga ::Los idiomas ponen el mundo a tus pies::","robots":{"index":"index","follow":"follow","max-snippet":"max-snippet:-1","max-image-preview":"max-image-preview:large","max-video-preview":"max-video-preview:-1"},"canonical":"https:\/\/www.eoimalaga.com\/web\/portugues\/actividades\/","og_locale":"es_ES","og_type":"article","og_title":"Actividades - P\u00e1gina Oficial de la EOI de M\u00e1laga ::Los idiomas ponen el mundo a tus pies::","og_description":"ESTAS S\u00c3O ALGUMAS ATIVIDADES PROGRAMADAS: NOVEMBRO: Conv\u00edvio de S\u00e3o Martinho DEZEMBRO: Festa de Natal FEVEREIRO: Festa de Carnaval MAR\u00c7O: Dia Internacional da Mulher Dia do Livro MAIO: Dia Mundial da L\u00edngua Portuguesa &nbsp;","og_url":"https:\/\/www.eoimalaga.com\/web\/portugues\/actividades\/","og_site_name":"P\u00e1gina Oficial de la EOI de M\u00e1laga ::Los idiomas ponen el mundo a tus pies::","article_modified_time":"2022-10-07T09:10:14+00:00","twitter_card":"summary_large_image","schema":{"@context":"https:\/\/schema.org","@graph":[{"@type":"WebPage","@id":"https:\/\/www.eoimalaga.com\/web\/portugues\/actividades\/","url":"https:\/\/www.eoimalaga.com\/web\/portugues\/actividades\/","name":"Actividades - P\u00e1gina Oficial de la EOI de M\u00e1laga ::Los idiomas ponen el mundo a tus pies::","isPartOf":{"@id":"https:\/\/www.eoimalaga.com\/web\/#website"},"datePublished":"2019-12-31T07:23:39+00:00","dateModified":"2022-10-07T09:10:14+00:00","breadcrumb":{"@id":"https:\/\/www.eoimalaga.com\/web\/portugues\/actividades\/#breadcrumb"},"inLanguage":"es","potentialAction":[{"@type":"ReadAction","target":["https:\/\/www.eoimalaga.com\/web\/portugues\/actividades\/"]}]},{"@type":"BreadcrumbList","@id":"https:\/\/www.eoimalaga.com\/web\/portugues\/actividades\/#breadcrumb","itemListElement":[{"@type":"ListItem","position":1,"name":"Home","item":"https:\/\/www.eoimalaga.com\/web\/"},{"@type":"ListItem","position":2,"name":"PORTUGU\u00c9S","item":"https:\/\/www.eoimalaga.com\/web\/portugues\/"},{"@type":"ListItem","position":3,"name":"Actividades"}]},{"@type":"WebSite","@id":"https:\/\/www.eoimalaga.com\/web\/#website","url":"https:\/\/www.eoimalaga.com\/web\/","name":"P\u00e1gina Oficial de la EOI de M\u00e1laga ::Los idiomas ponen el mundo a tus pies::","description":"EOI M\u00e1laga","potentialAction":[{"@type":"SearchAction","target":{"@type":"EntryPoint","urlTemplate":"https:\/\/www.eoimalaga.com\/web\/?s={search_term_string}"},"query-input":{"@type":"PropertyValueSpecification","valueRequired":true,"valueName":"search_term_string"}}],"inLanguage":"es"}]}},"_links":{"self":[{"href":"https:\/\/www.eoimalaga.com\/web\/wp-json\/wp\/v2\/pages\/8771","targetHints":{"allow":["GET"]}}],"collection":[{"href":"https:\/\/www.eoimalaga.com\/web\/wp-json\/wp\/v2\/pages"}],"about":[{"href":"https:\/\/www.eoimalaga.com\/web\/wp-json\/wp\/v2\/types\/page"}],"author":[{"embeddable":true,"href":"https:\/\/www.eoimalaga.com\/web\/wp-json\/wp\/v2\/users\/20"}],"replies":[{"embeddable":true,"href":"https:\/\/www.eoimalaga.com\/web\/wp-json\/wp\/v2\/comments?post=8771"}],"version-history":[{"count":3,"href":"https:\/\/www.eoimalaga.com\/web\/wp-json\/wp\/v2\/pages\/8771\/revisions"}],"predecessor-version":[{"id":15806,"href":"https:\/\/www.eoimalaga.com\/web\/wp-json\/wp\/v2\/pages\/8771\/revisions\/15806"}],"up":[{"embeddable":true,"href":"https:\/\/www.eoimalaga.com\/web\/wp-json\/wp\/v2\/pages\/8759"}],"wp:attachment":[{"href":"https:\/\/www.eoimalaga.com\/web\/wp-json\/wp\/v2\/media?parent=8771"}],"wp:term":[{"taxonomy":"category","embeddable":true,"href":"https:\/\/www.eoimalaga.com\/web\/wp-json\/wp\/v2\/categories?post=8771"},{"taxonomy":"post_tag","embeddable":true,"href":"https:\/\/www.eoimalaga.com\/web\/wp-json\/wp\/v2\/tags?post=8771"}],"curies":[{"name":"wp","href":"https:\/\/api.w.org\/{rel}","templated":true}]}}