{"id":8755,"date":"2019-12-31T08:54:48","date_gmt":"2019-12-31T06:54:48","guid":{"rendered":"http:\/\/www.eoimalaga.com\/web\/?page_id=8755"},"modified":"2024-09-24T06:09:34","modified_gmt":"2024-09-24T04:09:34","slug":"contacto","status":"publish","type":"page","link":"https:\/\/www.eoimalaga.com\/web\/japones\/contacto\/","title":{"rendered":"CONTACTO"},"content":{"rendered":"<p>Departamento de Japon\u00e9s<\/p>\n<p>Escuela Oficial de Idiomas de M\u00e1laga<\/p>\n<p>Paseo de Martiricos, 26<\/p>\n<p>29.009 M\u00e1laga<\/p>\n<p>Tfno.: 951298343 (Extensi\u00f3n Japon\u00e9s)<\/p>\n<p>japon\u00e9s@eoimalaga.com<\/p>\n<p>Horario de atenci\u00f3n:<\/p>\n<p>Martes de 17:00 a 18:00<\/p>\n<p>Viernes de 10:00 a 11:00<\/p>\n","protected":false},"excerpt":{"rendered":"<p>Departamento de Japon\u00e9s Escuela Oficial de Idiomas de M\u00e1laga Paseo de Martiricos, 26 29.009 M\u00e1laga Tfno.: 951298343 (Extensi\u00f3n Japon\u00e9s) japon\u00e9s@eoimalaga.com Horario de atenci\u00f3n: Martes de 17:00 a 18:00 Viernes de 10:00 a 11:00<\/p>\n","protected":false},"author":19,"featured_media":0,"parent":8704,"menu_order":0,"comment_status":"closed","ping_status":"closed","template":"","meta":{"inline_featured_image":false,"footnotes":""},"categories":[63],"tags":[],"class_list":["post-8755","page","type-page","status-publish","hentry","category-japones"],"yoast_head":"<!-- This site is optimized with the Yoast SEO plugin v26.5 - https:\/\/yoast.com\/wordpress\/plugins\/seo\/ -->\n<title>CONTACTO - P\u00e1gina Oficial de la EOI de M\u00e1laga ::Los idiomas ponen el mundo a tus pies::<\/title>\n<meta name=\"robots\" content=\"index, follow, max-snippet:-1, max-image-preview:large, max-video-preview:-1\" \/>\n<link rel=\"canonical\" href=\"https:\/\/www.eoimalaga.com\/web\/japones\/contacto\/\" \/>\n<meta property=\"og:locale\" content=\"es_ES\" \/>\n<meta property=\"og:type\" content=\"article\" \/>\n<meta property=\"og:title\" content=\"CONTACTO - P\u00e1gina Oficial de la EOI de M\u00e1laga ::Los idiomas ponen el mundo a tus pies::\" \/>\n<meta property=\"og:description\" content=\"Departamento de Japon\u00e9s Escuela Oficial de Idiomas de M\u00e1laga Paseo de Martiricos, 26 29.009 M\u00e1laga Tfno.: 951298343 (Extensi\u00f3n Japon\u00e9s) japon\u00e9s@eoimalaga.com Horario de atenci\u00f3n: Martes de 17:00 a 18:00 Viernes de 10:00 a 11:00\" \/>\n<meta property=\"og:url\" content=\"https:\/\/www.eoimalaga.com\/web\/japones\/contacto\/\" \/>\n<meta property=\"og:site_name\" content=\"P\u00e1gina Oficial de la EOI de M\u00e1laga ::Los idiomas ponen el mundo a tus pies::\" \/>\n<meta property=\"article:modified_time\" content=\"2024-09-24T04:09:34+00:00\" \/>\n<meta name=\"twitter:card\" content=\"summary_large_image\" \/>\n<meta name=\"twitter:label1\" content=\"Tiempo de lectura\" \/>\n\t<meta name=\"twitter:data1\" content=\"1 minuto\" \/>\n<script type=\"application\/ld+json\" class=\"yoast-schema-graph\">{\"@context\":\"https:\/\/schema.org\",\"@graph\":[{\"@type\":\"WebPage\",\"@id\":\"https:\/\/www.eoimalaga.com\/web\/japones\/contacto\/\",\"url\":\"https:\/\/www.eoimalaga.com\/web\/japones\/contacto\/\",\"name\":\"CONTACTO - P\u00e1gina Oficial de la EOI de M\u00e1laga ::Los idiomas ponen el mundo a tus pies::\",\"isPartOf\":{\"@id\":\"https:\/\/www.eoimalaga.com\/web\/#website\"},\"datePublished\":\"2019-12-31T06:54:48+00:00\",\"dateModified\":\"2024-09-24T04:09:34+00:00\",\"breadcrumb\":{\"@id\":\"https:\/\/www.eoimalaga.com\/web\/japones\/contacto\/#breadcrumb\"},\"inLanguage\":\"es\",\"potentialAction\":[{\"@type\":\"ReadAction\",\"target\":[\"https:\/\/www.eoimalaga.com\/web\/japones\/contacto\/\"]}]},{\"@type\":\"BreadcrumbList\",\"@id\":\"https:\/\/www.eoimalaga.com\/web\/japones\/contacto\/#breadcrumb\",\"itemListElement\":[{\"@type\":\"ListItem\",\"position\":1,\"name\":\"Home\",\"item\":\"https:\/\/www.eoimalaga.com\/web\/\"},{\"@type\":\"ListItem\",\"position\":2,\"name\":\"JAPON\u00c9S\",\"item\":\"https:\/\/www.eoimalaga.com\/web\/japones\/\"},{\"@type\":\"ListItem\",\"position\":3,\"name\":\"CONTACTO\"}]},{\"@type\":\"WebSite\",\"@id\":\"https:\/\/www.eoimalaga.com\/web\/#website\",\"url\":\"https:\/\/www.eoimalaga.com\/web\/\",\"name\":\"P\u00e1gina Oficial de la EOI de M\u00e1laga ::Los idiomas ponen el mundo a tus pies::\",\"description\":\"EOI M\u00e1laga\",\"potentialAction\":[{\"@type\":\"SearchAction\",\"target\":{\"@type\":\"EntryPoint\",\"urlTemplate\":\"https:\/\/www.eoimalaga.com\/web\/?s={search_term_string}\"},\"query-input\":{\"@type\":\"PropertyValueSpecification\",\"valueRequired\":true,\"valueName\":\"search_term_string\"}}],\"inLanguage\":\"es\"}]}<\/script>\n<!-- \/ Yoast SEO plugin. -->","yoast_head_json":{"title":"CONTACTO - P\u00e1gina Oficial de la EOI de M\u00e1laga ::Los idiomas ponen el mundo a tus pies::","robots":{"index":"index","follow":"follow","max-snippet":"max-snippet:-1","max-image-preview":"max-image-preview:large","max-video-preview":"max-video-preview:-1"},"canonical":"https:\/\/www.eoimalaga.com\/web\/japones\/contacto\/","og_locale":"es_ES","og_type":"article","og_title":"CONTACTO - P\u00e1gina Oficial de la EOI de M\u00e1laga ::Los idiomas ponen el mundo a tus pies::","og_description":"Departamento de Japon\u00e9s Escuela Oficial de Idiomas de M\u00e1laga Paseo de Martiricos, 26 29.009 M\u00e1laga Tfno.: 951298343 (Extensi\u00f3n Japon\u00e9s) japon\u00e9s@eoimalaga.com Horario de atenci\u00f3n: Martes de 17:00 a 18:00 Viernes de 10:00 a 11:00","og_url":"https:\/\/www.eoimalaga.com\/web\/japones\/contacto\/","og_site_name":"P\u00e1gina Oficial de la EOI de M\u00e1laga ::Los idiomas ponen el mundo a tus pies::","article_modified_time":"2024-09-24T04:09:34+00:00","twitter_card":"summary_large_image","twitter_misc":{"Tiempo de lectura":"1 minuto"},"schema":{"@context":"https:\/\/schema.org","@graph":[{"@type":"WebPage","@id":"https:\/\/www.eoimalaga.com\/web\/japones\/contacto\/","url":"https:\/\/www.eoimalaga.com\/web\/japones\/contacto\/","name":"CONTACTO - P\u00e1gina Oficial de la EOI de M\u00e1laga ::Los idiomas ponen el mundo a tus pies::","isPartOf":{"@id":"https:\/\/www.eoimalaga.com\/web\/#website"},"datePublished":"2019-12-31T06:54:48+00:00","dateModified":"2024-09-24T04:09:34+00:00","breadcrumb":{"@id":"https:\/\/www.eoimalaga.com\/web\/japones\/contacto\/#breadcrumb"},"inLanguage":"es","potentialAction":[{"@type":"ReadAction","target":["https:\/\/www.eoimalaga.com\/web\/japones\/contacto\/"]}]},{"@type":"BreadcrumbList","@id":"https:\/\/www.eoimalaga.com\/web\/japones\/contacto\/#breadcrumb","itemListElement":[{"@type":"ListItem","position":1,"name":"Home","item":"https:\/\/www.eoimalaga.com\/web\/"},{"@type":"ListItem","position":2,"name":"JAPON\u00c9S","item":"https:\/\/www.eoimalaga.com\/web\/japones\/"},{"@type":"ListItem","position":3,"name":"CONTACTO"}]},{"@type":"WebSite","@id":"https:\/\/www.eoimalaga.com\/web\/#website","url":"https:\/\/www.eoimalaga.com\/web\/","name":"P\u00e1gina Oficial de la EOI de M\u00e1laga ::Los idiomas ponen el mundo a tus pies::","description":"EOI M\u00e1laga","potentialAction":[{"@type":"SearchAction","target":{"@type":"EntryPoint","urlTemplate":"https:\/\/www.eoimalaga.com\/web\/?s={search_term_string}"},"query-input":{"@type":"PropertyValueSpecification","valueRequired":true,"valueName":"search_term_string"}}],"inLanguage":"es"}]}},"_links":{"self":[{"href":"https:\/\/www.eoimalaga.com\/web\/wp-json\/wp\/v2\/pages\/8755","targetHints":{"allow":["GET"]}}],"collection":[{"href":"https:\/\/www.eoimalaga.com\/web\/wp-json\/wp\/v2\/pages"}],"about":[{"href":"https:\/\/www.eoimalaga.com\/web\/wp-json\/wp\/v2\/types\/page"}],"author":[{"embeddable":true,"href":"https:\/\/www.eoimalaga.com\/web\/wp-json\/wp\/v2\/users\/19"}],"replies":[{"embeddable":true,"href":"https:\/\/www.eoimalaga.com\/web\/wp-json\/wp\/v2\/comments?post=8755"}],"version-history":[{"count":3,"href":"https:\/\/www.eoimalaga.com\/web\/wp-json\/wp\/v2\/pages\/8755\/revisions"}],"predecessor-version":[{"id":19222,"href":"https:\/\/www.eoimalaga.com\/web\/wp-json\/wp\/v2\/pages\/8755\/revisions\/19222"}],"up":[{"embeddable":true,"href":"https:\/\/www.eoimalaga.com\/web\/wp-json\/wp\/v2\/pages\/8704"}],"wp:attachment":[{"href":"https:\/\/www.eoimalaga.com\/web\/wp-json\/wp\/v2\/media?parent=8755"}],"wp:term":[{"taxonomy":"category","embeddable":true,"href":"https:\/\/www.eoimalaga.com\/web\/wp-json\/wp\/v2\/categories?post=8755"},{"taxonomy":"post_tag","embeddable":true,"href":"https:\/\/www.eoimalaga.com\/web\/wp-json\/wp\/v2\/tags?post=8755"}],"curies":[{"name":"wp","href":"https:\/\/api.w.org\/{rel}","templated":true}]}}