{"id":8740,"date":"2019-12-31T08:47:34","date_gmt":"2019-12-31T06:47:34","guid":{"rendered":"http:\/\/www.eoimalaga.com\/web\/?page_id=8740"},"modified":"2024-09-24T06:13:29","modified_gmt":"2024-09-24T04:13:29","slug":"libros-de-texto","status":"publish","type":"page","link":"https:\/\/www.eoimalaga.com\/web\/japones\/libros-de-texto\/","title":{"rendered":"Libros de texto"},"content":{"rendered":"<h4 style=\"text-align: left\"><strong>Curso 1\u00ba, A2<\/strong><\/h4>\n<h6><strong>\u65e5\u672c\u8a9e\u304b\u306a\u5165\u9580<br \/>\n<\/strong>Nihongo kana Nyumon,\u00a0 The Japan Foundation \u00a0Ed. Bonjinsha<\/h6>\n<h6><strong>\u307e\u308b\u3054\u3068\u3000A1\u3000\u308a\u304b\u3044<br \/>\nMarugoto\u00a0 A1 Rikai\u3000The Japan Foundation<\/strong><\/h6>\n<h6><strong>\u307e\u308b\u3054\u3068\u3000\u521d\u7d1a\uff11\u3000A2\u3000\u308a\u304b\u3044<br \/>\nMarugoto\u00a0 shokyuu 1\u00a0 A2\u00a0 Rikai\u3000The Japan Foundation<\/strong><\/h6>\n<h6>\u7559\u5b66\u751f\u306e\u305f\u3081\u306e\u6f22\u5b57\u306e\u6559\u79d1\u66f8\u3000\u521d\u7d1a\u3000\uff13\uff10\uff10\u3000\u56fd\u66f8\u520a\u884c\u4f1a<\/h6>\n<p>&nbsp;<\/p>\n<h4>\u00a0<strong>Curso 2\u00ba, A2<\/strong><\/h4>\n<h6><strong>\u307e\u308b\u3054\u3068\u3000\u521d\u7d1a\uff11\u3000A2\u3000\u308a\u304b\u3044<br \/>\nMarugoto\u00a0 shokyuu 1\u00a0 A2\u00a0 Rikai\u3000The Japan Foundation<\/strong><\/h6>\n<h6><strong>\u307e\u308b\u3054\u3068\u3000\u521d\u7d1a2\u3000A2\u3000\u308a\u304b\u3044<br \/>\nMarugoto\u00a0 shokyuu 1\u00a0 A2\u00a0 Rikai\u3000The Japan Foundation<\/strong><\/h6>\n<h6>\u7559\u5b66\u751f\u306e\u305f\u3081\u306e\u6f22\u5b57\u306e\u6559\u79d1\u66f8\u3000\u521d\u7d1a\u3000\uff13\uff10\uff10\u3000\u56fd\u66f8\u520a\u884c\u4f1a<\/h6>\n<p>&nbsp;<\/p>\n<h4 style=\"text-align: left\"><strong>Curso 3\u00ba, B1<\/strong><\/h4>\n<h6><strong>\u307e\u308b\u3054\u3068\u3000\u521d\u4e2d\u7d1a\u3000A2\/B1\u3000\u308a\u304b\u3044<br \/>\nMarugoto\u00a0 shochuukyuu\u00a0 A2\/B1\u00a0 Rikai\u3000The Japan Foundation<\/strong><\/h6>\n<h6><strong>\u307e\u308b<\/strong><strong>\u3054\u3068\u3000\u521d\u4e2d\u7d1a1\u3000\u308a\u304b\u3044<br \/>\nMarugoto\u00a0 shochuukyuu\u00a0 A2\/B1\u00a0 Rikai\u3000The Japan Foundation<\/strong><\/h6>\n<h6>\u7559\u5b66\u751f\u306e\u305f\u3081\u306e\u6f22\u5b57\u306e\u6559\u79d1\u66f8\u3000\u521d\u7d1a\u3000700\u3000\u56fd\u66f8\u520a\u884c\u4f1a<\/h6>\n<p>&nbsp;<\/p>\n<h4 style=\"text-align: left\"><strong>Curso 4\u00ba, B2-1<\/strong><\/h4>\n<h6><strong>\u307e\u308b<\/strong><strong>\u3054\u3068\u3000\u521d\u4e2d\u7d1a1\u3000\u308a\u304b\u3044<br \/>\nMarugoto\u00a0 shochuukyuu\u00a0 A2\/B1\u00a0 Rikai\u3000The Japan Foundation<\/strong><\/h6>\n<h6><strong>\u307e\u308b<\/strong><strong>\u3054\u3068\u3000\u521d\u4e2d\u7d1a2\u3000\u308a\u304b\u3044<br \/>\nMarugoto\u00a0 shochuukyuu\u00a0 A2\/B1\u00a0 Rikai\u3000The Japan Foundation<\/strong><\/h6>\n<h6>\u7559\u5b66\u751f\u306e\u305f\u3081\u306e\u6f22\u5b57\u306e\u6559\u79d1\u66f8\u3000\u521d\u7d1a\u30007\uff10\uff10\u3000\u56fd\u66f8\u520a\u884c\u4f1a<\/h6>\n<p>&nbsp;<\/p>\n<h4><strong>Curso 5\u00ba, B2-2<\/strong><\/h4>\n<h6>\u65e5\u672c\u8a9e\u8a71\u305d\u3046<\/h6>\n<h6>\u7559\u5b66\u751f\u306e\u305f\u3081\u306e\u6f22\u5b57\u306e\u6559\u79d1\u66f8\u30001000<\/h6>\n<h6><\/h6>\n<p>&nbsp;<\/p>\n<p>&nbsp;<\/p>\n<h6><\/h6>\n<h6><\/h6>\n<p>&nbsp;<\/p>\n<h6><\/h6>\n<h5><\/h5>\n","protected":false},"excerpt":{"rendered":"<p>Curso 1\u00ba, A2 \u65e5\u672c\u8a9e\u304b\u306a\u5165\u9580 Nihongo kana Nyumon,\u00a0 The Japan Foundation \u00a0Ed. Bonjinsha \u307e\u308b\u3054\u3068\u3000A1\u3000\u308a\u304b\u3044 Marugoto\u00a0 A1 Rikai\u3000The Japan Foundation \u307e\u308b\u3054\u3068\u3000\u521d\u7d1a\uff11\u3000A2\u3000\u308a\u304b\u3044 Marugoto\u00a0 shokyuu 1\u00a0 A2\u00a0 Rikai\u3000The Japan Foundation \u7559\u5b66\u751f\u306e\u305f\u3081\u306e\u6f22\u5b57\u306e\u6559\u79d1\u66f8\u3000\u521d\u7d1a\u3000\uff13\uff10\uff10\u3000\u56fd\u66f8\u520a\u884c\u4f1a &nbsp; \u00a0Curso 2\u00ba, A2 \u307e\u308b\u3054\u3068\u3000\u521d\u7d1a\uff11\u3000A2\u3000\u308a\u304b\u3044 Marugoto\u00a0 shokyuu 1\u00a0 A2\u00a0 Rikai\u3000The Japan Foundation \u307e\u308b\u3054\u3068\u3000\u521d\u7d1a2\u3000A2\u3000\u308a\u304b\u3044 Marugoto\u00a0 shokyuu 1\u00a0 A2\u00a0 Rikai\u3000The Japan Foundation \u7559\u5b66\u751f\u306e\u305f\u3081\u306e\u6f22\u5b57\u306e\u6559\u79d1\u66f8\u3000\u521d\u7d1a\u3000\uff13\uff10\uff10\u3000\u56fd\u66f8\u520a\u884c\u4f1a &nbsp; Curso 3\u00ba, B1 \u307e\u308b\u3054\u3068\u3000\u521d\u4e2d\u7d1a\u3000A2\/B1\u3000\u308a\u304b\u3044 Marugoto\u00a0 shochuukyuu\u00a0 [&hellip;]<\/p>\n","protected":false},"author":19,"featured_media":0,"parent":8704,"menu_order":0,"comment_status":"closed","ping_status":"closed","template":"","meta":{"inline_featured_image":false,"footnotes":""},"categories":[63],"tags":[],"class_list":["post-8740","page","type-page","status-publish","hentry","category-japones"],"yoast_head":"<!-- This site is optimized with the Yoast SEO plugin v26.5 - https:\/\/yoast.com\/wordpress\/plugins\/seo\/ -->\n<title>Libros de texto - P\u00e1gina Oficial de la EOI de M\u00e1laga ::Los idiomas ponen el mundo a tus pies::<\/title>\n<meta name=\"robots\" content=\"index, follow, max-snippet:-1, max-image-preview:large, max-video-preview:-1\" \/>\n<link rel=\"canonical\" href=\"https:\/\/www.eoimalaga.com\/web\/japones\/libros-de-texto\/\" \/>\n<meta property=\"og:locale\" content=\"es_ES\" \/>\n<meta property=\"og:type\" content=\"article\" \/>\n<meta property=\"og:title\" content=\"Libros de texto - P\u00e1gina Oficial de la EOI de M\u00e1laga ::Los idiomas ponen el mundo a tus pies::\" \/>\n<meta property=\"og:description\" content=\"Curso 1\u00ba, A2 \u65e5\u672c\u8a9e\u304b\u306a\u5165\u9580 Nihongo kana Nyumon,\u00a0 The Japan Foundation \u00a0Ed. Bonjinsha \u307e\u308b\u3054\u3068\u3000A1\u3000\u308a\u304b\u3044 Marugoto\u00a0 A1 Rikai\u3000The Japan Foundation \u307e\u308b\u3054\u3068\u3000\u521d\u7d1a\uff11\u3000A2\u3000\u308a\u304b\u3044 Marugoto\u00a0 shokyuu 1\u00a0 A2\u00a0 Rikai\u3000The Japan Foundation \u7559\u5b66\u751f\u306e\u305f\u3081\u306e\u6f22\u5b57\u306e\u6559\u79d1\u66f8\u3000\u521d\u7d1a\u3000\uff13\uff10\uff10\u3000\u56fd\u66f8\u520a\u884c\u4f1a &nbsp; \u00a0Curso 2\u00ba, A2 \u307e\u308b\u3054\u3068\u3000\u521d\u7d1a\uff11\u3000A2\u3000\u308a\u304b\u3044 Marugoto\u00a0 shokyuu 1\u00a0 A2\u00a0 Rikai\u3000The Japan Foundation \u307e\u308b\u3054\u3068\u3000\u521d\u7d1a2\u3000A2\u3000\u308a\u304b\u3044 Marugoto\u00a0 shokyuu 1\u00a0 A2\u00a0 Rikai\u3000The Japan Foundation \u7559\u5b66\u751f\u306e\u305f\u3081\u306e\u6f22\u5b57\u306e\u6559\u79d1\u66f8\u3000\u521d\u7d1a\u3000\uff13\uff10\uff10\u3000\u56fd\u66f8\u520a\u884c\u4f1a &nbsp; Curso 3\u00ba, B1 \u307e\u308b\u3054\u3068\u3000\u521d\u4e2d\u7d1a\u3000A2\/B1\u3000\u308a\u304b\u3044 Marugoto\u00a0 shochuukyuu\u00a0 [&hellip;]\" \/>\n<meta property=\"og:url\" content=\"https:\/\/www.eoimalaga.com\/web\/japones\/libros-de-texto\/\" \/>\n<meta property=\"og:site_name\" content=\"P\u00e1gina Oficial de la EOI de M\u00e1laga ::Los idiomas ponen el mundo a tus pies::\" \/>\n<meta property=\"article:modified_time\" content=\"2024-09-24T04:13:29+00:00\" \/>\n<meta name=\"twitter:card\" content=\"summary_large_image\" \/>\n<meta name=\"twitter:label1\" content=\"Tiempo de lectura\" \/>\n\t<meta name=\"twitter:data1\" content=\"1 minuto\" \/>\n<script type=\"application\/ld+json\" class=\"yoast-schema-graph\">{\"@context\":\"https:\/\/schema.org\",\"@graph\":[{\"@type\":\"WebPage\",\"@id\":\"https:\/\/www.eoimalaga.com\/web\/japones\/libros-de-texto\/\",\"url\":\"https:\/\/www.eoimalaga.com\/web\/japones\/libros-de-texto\/\",\"name\":\"Libros de texto - P\u00e1gina Oficial de la EOI de M\u00e1laga ::Los idiomas ponen el mundo a tus pies::\",\"isPartOf\":{\"@id\":\"https:\/\/www.eoimalaga.com\/web\/#website\"},\"datePublished\":\"2019-12-31T06:47:34+00:00\",\"dateModified\":\"2024-09-24T04:13:29+00:00\",\"breadcrumb\":{\"@id\":\"https:\/\/www.eoimalaga.com\/web\/japones\/libros-de-texto\/#breadcrumb\"},\"inLanguage\":\"es\",\"potentialAction\":[{\"@type\":\"ReadAction\",\"target\":[\"https:\/\/www.eoimalaga.com\/web\/japones\/libros-de-texto\/\"]}]},{\"@type\":\"BreadcrumbList\",\"@id\":\"https:\/\/www.eoimalaga.com\/web\/japones\/libros-de-texto\/#breadcrumb\",\"itemListElement\":[{\"@type\":\"ListItem\",\"position\":1,\"name\":\"Home\",\"item\":\"https:\/\/www.eoimalaga.com\/web\/\"},{\"@type\":\"ListItem\",\"position\":2,\"name\":\"JAPON\u00c9S\",\"item\":\"https:\/\/www.eoimalaga.com\/web\/japones\/\"},{\"@type\":\"ListItem\",\"position\":3,\"name\":\"Libros de texto\"}]},{\"@type\":\"WebSite\",\"@id\":\"https:\/\/www.eoimalaga.com\/web\/#website\",\"url\":\"https:\/\/www.eoimalaga.com\/web\/\",\"name\":\"P\u00e1gina Oficial de la EOI de M\u00e1laga ::Los idiomas ponen el mundo a tus pies::\",\"description\":\"EOI M\u00e1laga\",\"potentialAction\":[{\"@type\":\"SearchAction\",\"target\":{\"@type\":\"EntryPoint\",\"urlTemplate\":\"https:\/\/www.eoimalaga.com\/web\/?s={search_term_string}\"},\"query-input\":{\"@type\":\"PropertyValueSpecification\",\"valueRequired\":true,\"valueName\":\"search_term_string\"}}],\"inLanguage\":\"es\"}]}<\/script>\n<!-- \/ Yoast SEO plugin. -->","yoast_head_json":{"title":"Libros de texto - P\u00e1gina Oficial de la EOI de M\u00e1laga ::Los idiomas ponen el mundo a tus pies::","robots":{"index":"index","follow":"follow","max-snippet":"max-snippet:-1","max-image-preview":"max-image-preview:large","max-video-preview":"max-video-preview:-1"},"canonical":"https:\/\/www.eoimalaga.com\/web\/japones\/libros-de-texto\/","og_locale":"es_ES","og_type":"article","og_title":"Libros de texto - P\u00e1gina Oficial de la EOI de M\u00e1laga ::Los idiomas ponen el mundo a tus pies::","og_description":"Curso 1\u00ba, A2 \u65e5\u672c\u8a9e\u304b\u306a\u5165\u9580 Nihongo kana Nyumon,\u00a0 The Japan Foundation \u00a0Ed. Bonjinsha \u307e\u308b\u3054\u3068\u3000A1\u3000\u308a\u304b\u3044 Marugoto\u00a0 A1 Rikai\u3000The Japan Foundation \u307e\u308b\u3054\u3068\u3000\u521d\u7d1a\uff11\u3000A2\u3000\u308a\u304b\u3044 Marugoto\u00a0 shokyuu 1\u00a0 A2\u00a0 Rikai\u3000The Japan Foundation \u7559\u5b66\u751f\u306e\u305f\u3081\u306e\u6f22\u5b57\u306e\u6559\u79d1\u66f8\u3000\u521d\u7d1a\u3000\uff13\uff10\uff10\u3000\u56fd\u66f8\u520a\u884c\u4f1a &nbsp; \u00a0Curso 2\u00ba, A2 \u307e\u308b\u3054\u3068\u3000\u521d\u7d1a\uff11\u3000A2\u3000\u308a\u304b\u3044 Marugoto\u00a0 shokyuu 1\u00a0 A2\u00a0 Rikai\u3000The Japan Foundation \u307e\u308b\u3054\u3068\u3000\u521d\u7d1a2\u3000A2\u3000\u308a\u304b\u3044 Marugoto\u00a0 shokyuu 1\u00a0 A2\u00a0 Rikai\u3000The Japan Foundation \u7559\u5b66\u751f\u306e\u305f\u3081\u306e\u6f22\u5b57\u306e\u6559\u79d1\u66f8\u3000\u521d\u7d1a\u3000\uff13\uff10\uff10\u3000\u56fd\u66f8\u520a\u884c\u4f1a &nbsp; Curso 3\u00ba, B1 \u307e\u308b\u3054\u3068\u3000\u521d\u4e2d\u7d1a\u3000A2\/B1\u3000\u308a\u304b\u3044 Marugoto\u00a0 shochuukyuu\u00a0 [&hellip;]","og_url":"https:\/\/www.eoimalaga.com\/web\/japones\/libros-de-texto\/","og_site_name":"P\u00e1gina Oficial de la EOI de M\u00e1laga ::Los idiomas ponen el mundo a tus pies::","article_modified_time":"2024-09-24T04:13:29+00:00","twitter_card":"summary_large_image","twitter_misc":{"Tiempo de lectura":"1 minuto"},"schema":{"@context":"https:\/\/schema.org","@graph":[{"@type":"WebPage","@id":"https:\/\/www.eoimalaga.com\/web\/japones\/libros-de-texto\/","url":"https:\/\/www.eoimalaga.com\/web\/japones\/libros-de-texto\/","name":"Libros de texto - P\u00e1gina Oficial de la EOI de M\u00e1laga ::Los idiomas ponen el mundo a tus pies::","isPartOf":{"@id":"https:\/\/www.eoimalaga.com\/web\/#website"},"datePublished":"2019-12-31T06:47:34+00:00","dateModified":"2024-09-24T04:13:29+00:00","breadcrumb":{"@id":"https:\/\/www.eoimalaga.com\/web\/japones\/libros-de-texto\/#breadcrumb"},"inLanguage":"es","potentialAction":[{"@type":"ReadAction","target":["https:\/\/www.eoimalaga.com\/web\/japones\/libros-de-texto\/"]}]},{"@type":"BreadcrumbList","@id":"https:\/\/www.eoimalaga.com\/web\/japones\/libros-de-texto\/#breadcrumb","itemListElement":[{"@type":"ListItem","position":1,"name":"Home","item":"https:\/\/www.eoimalaga.com\/web\/"},{"@type":"ListItem","position":2,"name":"JAPON\u00c9S","item":"https:\/\/www.eoimalaga.com\/web\/japones\/"},{"@type":"ListItem","position":3,"name":"Libros de texto"}]},{"@type":"WebSite","@id":"https:\/\/www.eoimalaga.com\/web\/#website","url":"https:\/\/www.eoimalaga.com\/web\/","name":"P\u00e1gina Oficial de la EOI de M\u00e1laga ::Los idiomas ponen el mundo a tus pies::","description":"EOI M\u00e1laga","potentialAction":[{"@type":"SearchAction","target":{"@type":"EntryPoint","urlTemplate":"https:\/\/www.eoimalaga.com\/web\/?s={search_term_string}"},"query-input":{"@type":"PropertyValueSpecification","valueRequired":true,"valueName":"search_term_string"}}],"inLanguage":"es"}]}},"_links":{"self":[{"href":"https:\/\/www.eoimalaga.com\/web\/wp-json\/wp\/v2\/pages\/8740","targetHints":{"allow":["GET"]}}],"collection":[{"href":"https:\/\/www.eoimalaga.com\/web\/wp-json\/wp\/v2\/pages"}],"about":[{"href":"https:\/\/www.eoimalaga.com\/web\/wp-json\/wp\/v2\/types\/page"}],"author":[{"embeddable":true,"href":"https:\/\/www.eoimalaga.com\/web\/wp-json\/wp\/v2\/users\/19"}],"replies":[{"embeddable":true,"href":"https:\/\/www.eoimalaga.com\/web\/wp-json\/wp\/v2\/comments?post=8740"}],"version-history":[{"count":8,"href":"https:\/\/www.eoimalaga.com\/web\/wp-json\/wp\/v2\/pages\/8740\/revisions"}],"predecessor-version":[{"id":19223,"href":"https:\/\/www.eoimalaga.com\/web\/wp-json\/wp\/v2\/pages\/8740\/revisions\/19223"}],"up":[{"embeddable":true,"href":"https:\/\/www.eoimalaga.com\/web\/wp-json\/wp\/v2\/pages\/8704"}],"wp:attachment":[{"href":"https:\/\/www.eoimalaga.com\/web\/wp-json\/wp\/v2\/media?parent=8740"}],"wp:term":[{"taxonomy":"category","embeddable":true,"href":"https:\/\/www.eoimalaga.com\/web\/wp-json\/wp\/v2\/categories?post=8740"},{"taxonomy":"post_tag","embeddable":true,"href":"https:\/\/www.eoimalaga.com\/web\/wp-json\/wp\/v2\/tags?post=8740"}],"curies":[{"name":"wp","href":"https:\/\/api.w.org\/{rel}","templated":true}]}}