{"id":8732,"date":"2019-12-31T08:44:01","date_gmt":"2019-12-31T06:44:01","guid":{"rendered":"http:\/\/www.eoimalaga.com\/web\/?page_id=8732"},"modified":"2025-06-16T12:44:36","modified_gmt":"2025-06-16T10:44:36","slug":"calendario-de-las-pruebas","status":"publish","type":"page","link":"https:\/\/www.eoimalaga.com\/web\/japones\/calendario-de-las-pruebas\/","title":{"rendered":"Calendario de las pruebas"},"content":{"rendered":"<p><span style=\"background-color: #99cc00;\">PRUEBAS DE PROMOCI\u00d3N\u00a0 \u00a0MAYO 2025<\/span><\/p>\n<p>&nbsp;<\/p>\n<p><span style=\"background-color: #ff6600;\"><span style=\"background-color: #ffffff;\">\u00a0GRUPO MARTES Y JUEVES\u00a0<\/span><\/span><\/p>\n<p>20 , 22 de mayo (escritos)<\/p>\n<p>23 de mayo (oral)<\/p>\n<p>&nbsp;<\/p>\n<p><span style=\"background-color: #ff6600;\"><span style=\"background-color: #ffffff;\">\u00a0GRUPO LUNES Y MI\u00c9RCOLES<\/span><\/span><\/p>\n<p><span style=\"background-color: #ffffff;\">19, 21 de mayo (escritos)<\/span><\/p>\n<p>16 de mayo (oral)<\/p>\n<p>&nbsp;<\/p>\n<p>&nbsp;<\/p>\n<p><span style=\"color: #ff9900;\">EXAMENES CERTIFICACI\u00d3N\u00a0<\/span><\/p>\n<p>Ver <a href=\"https:\/\/www.eoimalaga.com\/apps\/calendexam_jun\/\" target=\"_blank\" rel=\"noopener\">aqu\u00ed\u00a0<\/a><\/p>\n","protected":false},"excerpt":{"rendered":"<p>PRUEBAS DE PROMOCI\u00d3N\u00a0 \u00a0MAYO 2025 &nbsp; \u00a0GRUPO MARTES Y JUEVES\u00a0 20 , 22 de mayo (escritos) 23 de mayo (oral) &nbsp; \u00a0GRUPO LUNES Y MI\u00c9RCOLES 19, 21 de mayo (escritos) 16 de mayo (oral) &nbsp; &nbsp; EXAMENES CERTIFICACI\u00d3N\u00a0 Ver aqu\u00ed\u00a0<\/p>\n","protected":false},"author":19,"featured_media":0,"parent":8704,"menu_order":0,"comment_status":"closed","ping_status":"closed","template":"","meta":{"inline_featured_image":false,"footnotes":""},"categories":[63],"tags":[],"class_list":["post-8732","page","type-page","status-publish","hentry","category-japones"],"yoast_head":"<!-- This site is optimized with the Yoast SEO plugin v26.5 - https:\/\/yoast.com\/wordpress\/plugins\/seo\/ -->\n<title>Calendario de las pruebas - P\u00e1gina Oficial de la EOI de M\u00e1laga ::Los idiomas ponen el mundo a tus pies::<\/title>\n<meta name=\"robots\" content=\"index, follow, max-snippet:-1, max-image-preview:large, max-video-preview:-1\" \/>\n<link rel=\"canonical\" href=\"https:\/\/www.eoimalaga.com\/web\/japones\/calendario-de-las-pruebas\/\" \/>\n<meta property=\"og:locale\" content=\"es_ES\" \/>\n<meta property=\"og:type\" content=\"article\" \/>\n<meta property=\"og:title\" content=\"Calendario de las pruebas - P\u00e1gina Oficial de la EOI de M\u00e1laga ::Los idiomas ponen el mundo a tus pies::\" \/>\n<meta property=\"og:description\" content=\"PRUEBAS DE PROMOCI\u00d3N\u00a0 \u00a0MAYO 2025 &nbsp; \u00a0GRUPO MARTES Y JUEVES\u00a0 20 , 22 de mayo (escritos) 23 de mayo (oral) &nbsp; \u00a0GRUPO LUNES Y MI\u00c9RCOLES 19, 21 de mayo (escritos) 16 de mayo (oral) &nbsp; &nbsp; EXAMENES CERTIFICACI\u00d3N\u00a0 Ver aqu\u00ed\u00a0\" \/>\n<meta property=\"og:url\" content=\"https:\/\/www.eoimalaga.com\/web\/japones\/calendario-de-las-pruebas\/\" \/>\n<meta property=\"og:site_name\" content=\"P\u00e1gina Oficial de la EOI de M\u00e1laga ::Los idiomas ponen el mundo a tus pies::\" \/>\n<meta property=\"article:modified_time\" content=\"2025-06-16T10:44:36+00:00\" \/>\n<meta name=\"twitter:card\" content=\"summary_large_image\" \/>\n<meta name=\"twitter:label1\" content=\"Tiempo de lectura\" \/>\n\t<meta name=\"twitter:data1\" content=\"1 minuto\" \/>\n<script type=\"application\/ld+json\" class=\"yoast-schema-graph\">{\"@context\":\"https:\/\/schema.org\",\"@graph\":[{\"@type\":\"WebPage\",\"@id\":\"https:\/\/www.eoimalaga.com\/web\/japones\/calendario-de-las-pruebas\/\",\"url\":\"https:\/\/www.eoimalaga.com\/web\/japones\/calendario-de-las-pruebas\/\",\"name\":\"Calendario de las pruebas - P\u00e1gina Oficial de la EOI de M\u00e1laga ::Los idiomas ponen el mundo a tus pies::\",\"isPartOf\":{\"@id\":\"https:\/\/www.eoimalaga.com\/web\/#website\"},\"datePublished\":\"2019-12-31T06:44:01+00:00\",\"dateModified\":\"2025-06-16T10:44:36+00:00\",\"breadcrumb\":{\"@id\":\"https:\/\/www.eoimalaga.com\/web\/japones\/calendario-de-las-pruebas\/#breadcrumb\"},\"inLanguage\":\"es\",\"potentialAction\":[{\"@type\":\"ReadAction\",\"target\":[\"https:\/\/www.eoimalaga.com\/web\/japones\/calendario-de-las-pruebas\/\"]}]},{\"@type\":\"BreadcrumbList\",\"@id\":\"https:\/\/www.eoimalaga.com\/web\/japones\/calendario-de-las-pruebas\/#breadcrumb\",\"itemListElement\":[{\"@type\":\"ListItem\",\"position\":1,\"name\":\"Home\",\"item\":\"https:\/\/www.eoimalaga.com\/web\/\"},{\"@type\":\"ListItem\",\"position\":2,\"name\":\"JAPON\u00c9S\",\"item\":\"https:\/\/www.eoimalaga.com\/web\/japones\/\"},{\"@type\":\"ListItem\",\"position\":3,\"name\":\"Calendario de las pruebas\"}]},{\"@type\":\"WebSite\",\"@id\":\"https:\/\/www.eoimalaga.com\/web\/#website\",\"url\":\"https:\/\/www.eoimalaga.com\/web\/\",\"name\":\"P\u00e1gina Oficial de la EOI de M\u00e1laga ::Los idiomas ponen el mundo a tus pies::\",\"description\":\"EOI M\u00e1laga\",\"potentialAction\":[{\"@type\":\"SearchAction\",\"target\":{\"@type\":\"EntryPoint\",\"urlTemplate\":\"https:\/\/www.eoimalaga.com\/web\/?s={search_term_string}\"},\"query-input\":{\"@type\":\"PropertyValueSpecification\",\"valueRequired\":true,\"valueName\":\"search_term_string\"}}],\"inLanguage\":\"es\"}]}<\/script>\n<!-- \/ Yoast SEO plugin. -->","yoast_head_json":{"title":"Calendario de las pruebas - P\u00e1gina Oficial de la EOI de M\u00e1laga ::Los idiomas ponen el mundo a tus pies::","robots":{"index":"index","follow":"follow","max-snippet":"max-snippet:-1","max-image-preview":"max-image-preview:large","max-video-preview":"max-video-preview:-1"},"canonical":"https:\/\/www.eoimalaga.com\/web\/japones\/calendario-de-las-pruebas\/","og_locale":"es_ES","og_type":"article","og_title":"Calendario de las pruebas - P\u00e1gina Oficial de la EOI de M\u00e1laga ::Los idiomas ponen el mundo a tus pies::","og_description":"PRUEBAS DE PROMOCI\u00d3N\u00a0 \u00a0MAYO 2025 &nbsp; \u00a0GRUPO MARTES Y JUEVES\u00a0 20 , 22 de mayo (escritos) 23 de mayo (oral) &nbsp; \u00a0GRUPO LUNES Y MI\u00c9RCOLES 19, 21 de mayo (escritos) 16 de mayo (oral) &nbsp; &nbsp; EXAMENES CERTIFICACI\u00d3N\u00a0 Ver aqu\u00ed\u00a0","og_url":"https:\/\/www.eoimalaga.com\/web\/japones\/calendario-de-las-pruebas\/","og_site_name":"P\u00e1gina Oficial de la EOI de M\u00e1laga ::Los idiomas ponen el mundo a tus pies::","article_modified_time":"2025-06-16T10:44:36+00:00","twitter_card":"summary_large_image","twitter_misc":{"Tiempo de lectura":"1 minuto"},"schema":{"@context":"https:\/\/schema.org","@graph":[{"@type":"WebPage","@id":"https:\/\/www.eoimalaga.com\/web\/japones\/calendario-de-las-pruebas\/","url":"https:\/\/www.eoimalaga.com\/web\/japones\/calendario-de-las-pruebas\/","name":"Calendario de las pruebas - P\u00e1gina Oficial de la EOI de M\u00e1laga ::Los idiomas ponen el mundo a tus pies::","isPartOf":{"@id":"https:\/\/www.eoimalaga.com\/web\/#website"},"datePublished":"2019-12-31T06:44:01+00:00","dateModified":"2025-06-16T10:44:36+00:00","breadcrumb":{"@id":"https:\/\/www.eoimalaga.com\/web\/japones\/calendario-de-las-pruebas\/#breadcrumb"},"inLanguage":"es","potentialAction":[{"@type":"ReadAction","target":["https:\/\/www.eoimalaga.com\/web\/japones\/calendario-de-las-pruebas\/"]}]},{"@type":"BreadcrumbList","@id":"https:\/\/www.eoimalaga.com\/web\/japones\/calendario-de-las-pruebas\/#breadcrumb","itemListElement":[{"@type":"ListItem","position":1,"name":"Home","item":"https:\/\/www.eoimalaga.com\/web\/"},{"@type":"ListItem","position":2,"name":"JAPON\u00c9S","item":"https:\/\/www.eoimalaga.com\/web\/japones\/"},{"@type":"ListItem","position":3,"name":"Calendario de las pruebas"}]},{"@type":"WebSite","@id":"https:\/\/www.eoimalaga.com\/web\/#website","url":"https:\/\/www.eoimalaga.com\/web\/","name":"P\u00e1gina Oficial de la EOI de M\u00e1laga ::Los idiomas ponen el mundo a tus pies::","description":"EOI M\u00e1laga","potentialAction":[{"@type":"SearchAction","target":{"@type":"EntryPoint","urlTemplate":"https:\/\/www.eoimalaga.com\/web\/?s={search_term_string}"},"query-input":{"@type":"PropertyValueSpecification","valueRequired":true,"valueName":"search_term_string"}}],"inLanguage":"es"}]}},"_links":{"self":[{"href":"https:\/\/www.eoimalaga.com\/web\/wp-json\/wp\/v2\/pages\/8732","targetHints":{"allow":["GET"]}}],"collection":[{"href":"https:\/\/www.eoimalaga.com\/web\/wp-json\/wp\/v2\/pages"}],"about":[{"href":"https:\/\/www.eoimalaga.com\/web\/wp-json\/wp\/v2\/types\/page"}],"author":[{"embeddable":true,"href":"https:\/\/www.eoimalaga.com\/web\/wp-json\/wp\/v2\/users\/19"}],"replies":[{"embeddable":true,"href":"https:\/\/www.eoimalaga.com\/web\/wp-json\/wp\/v2\/comments?post=8732"}],"version-history":[{"count":10,"href":"https:\/\/www.eoimalaga.com\/web\/wp-json\/wp\/v2\/pages\/8732\/revisions"}],"predecessor-version":[{"id":21930,"href":"https:\/\/www.eoimalaga.com\/web\/wp-json\/wp\/v2\/pages\/8732\/revisions\/21930"}],"up":[{"embeddable":true,"href":"https:\/\/www.eoimalaga.com\/web\/wp-json\/wp\/v2\/pages\/8704"}],"wp:attachment":[{"href":"https:\/\/www.eoimalaga.com\/web\/wp-json\/wp\/v2\/media?parent=8732"}],"wp:term":[{"taxonomy":"category","embeddable":true,"href":"https:\/\/www.eoimalaga.com\/web\/wp-json\/wp\/v2\/categories?post=8732"},{"taxonomy":"post_tag","embeddable":true,"href":"https:\/\/www.eoimalaga.com\/web\/wp-json\/wp\/v2\/tags?post=8732"}],"curies":[{"name":"wp","href":"https:\/\/api.w.org\/{rel}","templated":true}]}}