{"id":8727,"date":"2019-12-31T08:41:41","date_gmt":"2019-12-31T06:41:41","guid":{"rendered":"http:\/\/www.eoimalaga.com\/web\/?page_id=8727"},"modified":"2025-06-16T12:40:49","modified_gmt":"2025-06-16T10:40:49","slug":"pruebas-terminales-de-certificacion","status":"publish","type":"page","link":"https:\/\/www.eoimalaga.com\/web\/japones\/pruebas-terminales-de-certificacion\/","title":{"rendered":"Pruebas terminales de certificaci\u00f3n"},"content":{"rendered":"<div class=\"wpb-content-wrapper\"><p>[vc_row disable_element=\u00bbyes\u00bb][vc_column][vc_column_text]Las pruebas terminales espec\u00edficas de certificaci\u00f3n, PTEC, se convocan para los siguientes niveles:<\/p>\n<ul style=\"list-style-type: circle;\">\n<li>Nivel B\u00e1sico A2<\/li>\n<li>Nivel Intermedio B1<\/li>\n<li>Nivel Intermedio B2<\/li>\n<\/ul>\n<p>La prueba consta de cuatro partes independientes distribuidas por destrezas para evaluar las capacidades comunicativas del alumnado.<\/p>\n<ul style=\"list-style-type: circle;\">\n<li>Comprensi\u00f3n de Lectura<\/li>\n<li>Comprensi\u00f3n Oral<\/li>\n<li>Expresi\u00f3n e Interacci\u00f3n Escrita<\/li>\n<li>Mediaci\u00f3n<\/li>\n<li>Expresi\u00f3n e Interacci\u00f3n oral<\/li>\n<\/ul>\n<p>Las calificaciones se expresar\u00e1n en los t\u00e9rminos de :\u00a0 APTO \/ NO APTO<\/p>\n<p>En la convocatoria extraordinaria de Septiembre el alumnado \u00fanicamente se examinar\u00e1 de los ejercicios que no hubiera superado en Junio<\/p>\n<p>Los alumnos y alumnas que necesiten adaptaciones o condiciones especiales para realizar las pruebas deber\u00e1n justificarlo en el momento de matriculaci\u00f3n, mediante certificaci\u00f3n oficial del grado o tipo de minusval\u00eda, y descripci\u00f3n de la adaptaci\u00f3n de tiempo y medios<\/p>\n<p>&nbsp;<\/p>\n<p><a href=\"http:\/\/www.eoimalaga.com\/JAPONES\/wp-content\/uploads\/2018\/03\/Descripci\u00f3n-ejercicios.pdf\">Descripci\u00f3n de los\u00a0 ejercicios<\/a><\/p>\n<p>[\/vc_column_text][\/vc_column][\/vc_row][vc_row][vc_column][vc_row_inner][vc_column_inner][vc_column_text css=\u00bb\u00bb]<a href=\"https:\/\/www.eoimalaga.com\/web\/japones-pecs\/\" target=\"_blank\" rel=\"noopener\">Ver modelos de examen<\/a>[\/vc_column_text][\/vc_column_inner][\/vc_row_inner][\/vc_column][\/vc_row]<\/p>\n<\/div>","protected":false},"excerpt":{"rendered":"<p>[vc_row disable_element=\u00bbyes\u00bb][vc_column][vc_column_text]Las pruebas terminales espec\u00edficas de certificaci\u00f3n, PTEC, se convocan para los siguientes niveles: Nivel B\u00e1sico A2 Nivel Intermedio B1 Nivel Intermedio B2 La prueba consta de cuatro partes independientes distribuidas por destrezas para evaluar las capacidades comunicativas del alumnado. Comprensi\u00f3n de Lectura Comprensi\u00f3n Oral Expresi\u00f3n e Interacci\u00f3n Escrita Mediaci\u00f3n Expresi\u00f3n e Interacci\u00f3n oral Las [&hellip;]<\/p>\n","protected":false},"author":19,"featured_media":0,"parent":8704,"menu_order":0,"comment_status":"closed","ping_status":"closed","template":"","meta":{"inline_featured_image":false,"footnotes":""},"categories":[63],"tags":[],"class_list":["post-8727","page","type-page","status-publish","hentry","category-japones"],"yoast_head":"<!-- This site is optimized with the Yoast SEO plugin v26.5 - https:\/\/yoast.com\/wordpress\/plugins\/seo\/ -->\n<title>Pruebas terminales de certificaci\u00f3n - P\u00e1gina Oficial de la EOI de M\u00e1laga ::Los idiomas ponen el mundo a tus pies::<\/title>\n<meta name=\"robots\" content=\"index, follow, max-snippet:-1, max-image-preview:large, max-video-preview:-1\" \/>\n<link rel=\"canonical\" href=\"https:\/\/www.eoimalaga.com\/web\/japones\/pruebas-terminales-de-certificacion\/\" \/>\n<meta property=\"og:locale\" content=\"es_ES\" \/>\n<meta property=\"og:type\" content=\"article\" \/>\n<meta property=\"og:title\" content=\"Pruebas terminales de certificaci\u00f3n - P\u00e1gina Oficial de la EOI de M\u00e1laga ::Los idiomas ponen el mundo a tus pies::\" \/>\n<meta property=\"og:description\" content=\"[vc_row disable_element=\u00bbyes\u00bb][vc_column][vc_column_text]Las pruebas terminales espec\u00edficas de certificaci\u00f3n, PTEC, se convocan para los siguientes niveles: Nivel B\u00e1sico A2 Nivel Intermedio B1 Nivel Intermedio B2 La prueba consta de cuatro partes independientes distribuidas por destrezas para evaluar las capacidades comunicativas del alumnado. Comprensi\u00f3n de Lectura Comprensi\u00f3n Oral Expresi\u00f3n e Interacci\u00f3n Escrita Mediaci\u00f3n Expresi\u00f3n e Interacci\u00f3n oral Las [&hellip;]\" \/>\n<meta property=\"og:url\" content=\"https:\/\/www.eoimalaga.com\/web\/japones\/pruebas-terminales-de-certificacion\/\" \/>\n<meta property=\"og:site_name\" content=\"P\u00e1gina Oficial de la EOI de M\u00e1laga ::Los idiomas ponen el mundo a tus pies::\" \/>\n<meta property=\"article:modified_time\" content=\"2025-06-16T10:40:49+00:00\" \/>\n<meta name=\"twitter:card\" content=\"summary_large_image\" \/>\n<meta name=\"twitter:label1\" content=\"Tiempo de lectura\" \/>\n\t<meta name=\"twitter:data1\" content=\"1 minuto\" \/>\n<script type=\"application\/ld+json\" class=\"yoast-schema-graph\">{\"@context\":\"https:\/\/schema.org\",\"@graph\":[{\"@type\":\"WebPage\",\"@id\":\"https:\/\/www.eoimalaga.com\/web\/japones\/pruebas-terminales-de-certificacion\/\",\"url\":\"https:\/\/www.eoimalaga.com\/web\/japones\/pruebas-terminales-de-certificacion\/\",\"name\":\"Pruebas terminales de certificaci\u00f3n - P\u00e1gina Oficial de la EOI de M\u00e1laga ::Los idiomas ponen el mundo a tus pies::\",\"isPartOf\":{\"@id\":\"https:\/\/www.eoimalaga.com\/web\/#website\"},\"datePublished\":\"2019-12-31T06:41:41+00:00\",\"dateModified\":\"2025-06-16T10:40:49+00:00\",\"breadcrumb\":{\"@id\":\"https:\/\/www.eoimalaga.com\/web\/japones\/pruebas-terminales-de-certificacion\/#breadcrumb\"},\"inLanguage\":\"es\",\"potentialAction\":[{\"@type\":\"ReadAction\",\"target\":[\"https:\/\/www.eoimalaga.com\/web\/japones\/pruebas-terminales-de-certificacion\/\"]}]},{\"@type\":\"BreadcrumbList\",\"@id\":\"https:\/\/www.eoimalaga.com\/web\/japones\/pruebas-terminales-de-certificacion\/#breadcrumb\",\"itemListElement\":[{\"@type\":\"ListItem\",\"position\":1,\"name\":\"Home\",\"item\":\"https:\/\/www.eoimalaga.com\/web\/\"},{\"@type\":\"ListItem\",\"position\":2,\"name\":\"JAPON\u00c9S\",\"item\":\"https:\/\/www.eoimalaga.com\/web\/japones\/\"},{\"@type\":\"ListItem\",\"position\":3,\"name\":\"Pruebas terminales de certificaci\u00f3n\"}]},{\"@type\":\"WebSite\",\"@id\":\"https:\/\/www.eoimalaga.com\/web\/#website\",\"url\":\"https:\/\/www.eoimalaga.com\/web\/\",\"name\":\"P\u00e1gina Oficial de la EOI de M\u00e1laga ::Los idiomas ponen el mundo a tus pies::\",\"description\":\"EOI M\u00e1laga\",\"potentialAction\":[{\"@type\":\"SearchAction\",\"target\":{\"@type\":\"EntryPoint\",\"urlTemplate\":\"https:\/\/www.eoimalaga.com\/web\/?s={search_term_string}\"},\"query-input\":{\"@type\":\"PropertyValueSpecification\",\"valueRequired\":true,\"valueName\":\"search_term_string\"}}],\"inLanguage\":\"es\"}]}<\/script>\n<!-- \/ Yoast SEO plugin. -->","yoast_head_json":{"title":"Pruebas terminales de certificaci\u00f3n - P\u00e1gina Oficial de la EOI de M\u00e1laga ::Los idiomas ponen el mundo a tus pies::","robots":{"index":"index","follow":"follow","max-snippet":"max-snippet:-1","max-image-preview":"max-image-preview:large","max-video-preview":"max-video-preview:-1"},"canonical":"https:\/\/www.eoimalaga.com\/web\/japones\/pruebas-terminales-de-certificacion\/","og_locale":"es_ES","og_type":"article","og_title":"Pruebas terminales de certificaci\u00f3n - P\u00e1gina Oficial de la EOI de M\u00e1laga ::Los idiomas ponen el mundo a tus pies::","og_description":"[vc_row disable_element=\u00bbyes\u00bb][vc_column][vc_column_text]Las pruebas terminales espec\u00edficas de certificaci\u00f3n, PTEC, se convocan para los siguientes niveles: Nivel B\u00e1sico A2 Nivel Intermedio B1 Nivel Intermedio B2 La prueba consta de cuatro partes independientes distribuidas por destrezas para evaluar las capacidades comunicativas del alumnado. Comprensi\u00f3n de Lectura Comprensi\u00f3n Oral Expresi\u00f3n e Interacci\u00f3n Escrita Mediaci\u00f3n Expresi\u00f3n e Interacci\u00f3n oral Las [&hellip;]","og_url":"https:\/\/www.eoimalaga.com\/web\/japones\/pruebas-terminales-de-certificacion\/","og_site_name":"P\u00e1gina Oficial de la EOI de M\u00e1laga ::Los idiomas ponen el mundo a tus pies::","article_modified_time":"2025-06-16T10:40:49+00:00","twitter_card":"summary_large_image","twitter_misc":{"Tiempo de lectura":"1 minuto"},"schema":{"@context":"https:\/\/schema.org","@graph":[{"@type":"WebPage","@id":"https:\/\/www.eoimalaga.com\/web\/japones\/pruebas-terminales-de-certificacion\/","url":"https:\/\/www.eoimalaga.com\/web\/japones\/pruebas-terminales-de-certificacion\/","name":"Pruebas terminales de certificaci\u00f3n - P\u00e1gina Oficial de la EOI de M\u00e1laga ::Los idiomas ponen el mundo a tus pies::","isPartOf":{"@id":"https:\/\/www.eoimalaga.com\/web\/#website"},"datePublished":"2019-12-31T06:41:41+00:00","dateModified":"2025-06-16T10:40:49+00:00","breadcrumb":{"@id":"https:\/\/www.eoimalaga.com\/web\/japones\/pruebas-terminales-de-certificacion\/#breadcrumb"},"inLanguage":"es","potentialAction":[{"@type":"ReadAction","target":["https:\/\/www.eoimalaga.com\/web\/japones\/pruebas-terminales-de-certificacion\/"]}]},{"@type":"BreadcrumbList","@id":"https:\/\/www.eoimalaga.com\/web\/japones\/pruebas-terminales-de-certificacion\/#breadcrumb","itemListElement":[{"@type":"ListItem","position":1,"name":"Home","item":"https:\/\/www.eoimalaga.com\/web\/"},{"@type":"ListItem","position":2,"name":"JAPON\u00c9S","item":"https:\/\/www.eoimalaga.com\/web\/japones\/"},{"@type":"ListItem","position":3,"name":"Pruebas terminales de certificaci\u00f3n"}]},{"@type":"WebSite","@id":"https:\/\/www.eoimalaga.com\/web\/#website","url":"https:\/\/www.eoimalaga.com\/web\/","name":"P\u00e1gina Oficial de la EOI de M\u00e1laga ::Los idiomas ponen el mundo a tus pies::","description":"EOI M\u00e1laga","potentialAction":[{"@type":"SearchAction","target":{"@type":"EntryPoint","urlTemplate":"https:\/\/www.eoimalaga.com\/web\/?s={search_term_string}"},"query-input":{"@type":"PropertyValueSpecification","valueRequired":true,"valueName":"search_term_string"}}],"inLanguage":"es"}]}},"_links":{"self":[{"href":"https:\/\/www.eoimalaga.com\/web\/wp-json\/wp\/v2\/pages\/8727","targetHints":{"allow":["GET"]}}],"collection":[{"href":"https:\/\/www.eoimalaga.com\/web\/wp-json\/wp\/v2\/pages"}],"about":[{"href":"https:\/\/www.eoimalaga.com\/web\/wp-json\/wp\/v2\/types\/page"}],"author":[{"embeddable":true,"href":"https:\/\/www.eoimalaga.com\/web\/wp-json\/wp\/v2\/users\/19"}],"replies":[{"embeddable":true,"href":"https:\/\/www.eoimalaga.com\/web\/wp-json\/wp\/v2\/comments?post=8727"}],"version-history":[{"count":4,"href":"https:\/\/www.eoimalaga.com\/web\/wp-json\/wp\/v2\/pages\/8727\/revisions"}],"predecessor-version":[{"id":21926,"href":"https:\/\/www.eoimalaga.com\/web\/wp-json\/wp\/v2\/pages\/8727\/revisions\/21926"}],"up":[{"embeddable":true,"href":"https:\/\/www.eoimalaga.com\/web\/wp-json\/wp\/v2\/pages\/8704"}],"wp:attachment":[{"href":"https:\/\/www.eoimalaga.com\/web\/wp-json\/wp\/v2\/media?parent=8727"}],"wp:term":[{"taxonomy":"category","embeddable":true,"href":"https:\/\/www.eoimalaga.com\/web\/wp-json\/wp\/v2\/categories?post=8727"},{"taxonomy":"post_tag","embeddable":true,"href":"https:\/\/www.eoimalaga.com\/web\/wp-json\/wp\/v2\/tags?post=8727"}],"curies":[{"name":"wp","href":"https:\/\/api.w.org\/{rel}","templated":true}]}}