{"id":8712,"date":"2019-12-31T08:35:56","date_gmt":"2019-12-31T06:35:56","guid":{"rendered":"http:\/\/www.eoimalaga.com\/web\/?page_id=8712"},"modified":"2025-11-04T10:58:47","modified_gmt":"2025-11-04T08:58:47","slug":"programaciones","status":"publish","type":"page","link":"https:\/\/www.eoimalaga.com\/web\/japones\/programaciones\/","title":{"rendered":"Programaciones"},"content":{"rendered":"<p>PROGRAMACI\u00d3N DID\u00c1CTICA 2025-26<\/p>\n<p>B\u00c1SICO\u00a0 \u00a0A1\u00a0 \u00a0<span style=\"color: #0000ff\"><a style=\"color: #0000ff\" href=\"https:\/\/docs.google.com\/document\/d\/1A295Y5-cj3IzxGNb4zRXu8Zy66xzteu7rHCdW-n7d7g\/edit?usp=drive_link\">JA_A1_25_26<\/a> <\/span><\/p>\n<p>B\u00c1SICO A2\u00a0 \u00a0<a href=\"https:\/\/docs.google.com\/document\/d\/1rhcczx90HoyUDTq7yIsRpuaczbIYFQDZhWfxls1LO-s\/edit?usp=drive_link\"> JA_A2_25_26<\/a><\/p>\n<p>INTERMEDIO B1 \u00a0\u00a0 \u00a0<a href=\"https:\/\/docs.google.com\/document\/d\/12GkvvZIIkv4JTyhngkVBIfNosE1ykE1NP_d3_kt-g5s\/edit?usp=drive_link\"> JA_B1_25_26<\/a><\/p>\n<p>INTERMEDIO B2-1\u00a0 \u00a0<a href=\"https:\/\/docs.google.com\/document\/d\/1ws1g6ikA8hznxTLL_xoNWreYzS-JHJ1rNFZxfMw-4xk\/edit?usp=drive_link\">JA_B21_25-26<\/a><\/p>\n<p>INTERMEDIO B2-2\u00a0 <a href=\"https:\/\/docs.google.com\/document\/d\/1165fZ9tHEatXAszuUzRC9UiVCzaqogQuoB5gJJtIDiQ\/edit?usp=drive_link\">J<span style=\"color: #0000ff\">A_B22_25_26<\/span><\/a><\/p>\n","protected":false},"excerpt":{"rendered":"<p>PROGRAMACI\u00d3N DID\u00c1CTICA 2025-26 B\u00c1SICO\u00a0 \u00a0A1\u00a0 \u00a0JA_A1_25_26 B\u00c1SICO A2\u00a0 \u00a0 JA_A2_25_26 INTERMEDIO B1 \u00a0\u00a0 \u00a0 JA_B1_25_26 INTERMEDIO B2-1\u00a0 \u00a0JA_B21_25-26 INTERMEDIO B2-2\u00a0 JA_B22_25_26<\/p>\n","protected":false},"author":19,"featured_media":0,"parent":8704,"menu_order":0,"comment_status":"closed","ping_status":"closed","template":"","meta":{"inline_featured_image":false,"footnotes":""},"categories":[63],"tags":[],"class_list":["post-8712","page","type-page","status-publish","hentry","category-japones"],"yoast_head":"<!-- This site is optimized with the Yoast SEO plugin v26.5 - https:\/\/yoast.com\/wordpress\/plugins\/seo\/ -->\n<title>Programaciones - P\u00e1gina Oficial de la EOI de M\u00e1laga ::Los idiomas ponen el mundo a tus pies::<\/title>\n<meta name=\"robots\" content=\"index, follow, max-snippet:-1, max-image-preview:large, max-video-preview:-1\" \/>\n<link rel=\"canonical\" href=\"https:\/\/www.eoimalaga.com\/web\/japones\/programaciones\/\" \/>\n<meta property=\"og:locale\" content=\"es_ES\" \/>\n<meta property=\"og:type\" content=\"article\" \/>\n<meta property=\"og:title\" content=\"Programaciones - P\u00e1gina Oficial de la EOI de M\u00e1laga ::Los idiomas ponen el mundo a tus pies::\" \/>\n<meta property=\"og:description\" content=\"PROGRAMACI\u00d3N DID\u00c1CTICA 2025-26 B\u00c1SICO\u00a0 \u00a0A1\u00a0 \u00a0JA_A1_25_26 B\u00c1SICO A2\u00a0 \u00a0 JA_A2_25_26 INTERMEDIO B1 \u00a0\u00a0 \u00a0 JA_B1_25_26 INTERMEDIO B2-1\u00a0 \u00a0JA_B21_25-26 INTERMEDIO B2-2\u00a0 JA_B22_25_26\" \/>\n<meta property=\"og:url\" content=\"https:\/\/www.eoimalaga.com\/web\/japones\/programaciones\/\" \/>\n<meta property=\"og:site_name\" content=\"P\u00e1gina Oficial de la EOI de M\u00e1laga ::Los idiomas ponen el mundo a tus pies::\" \/>\n<meta property=\"article:modified_time\" content=\"2025-11-04T08:58:47+00:00\" \/>\n<meta name=\"twitter:card\" content=\"summary_large_image\" \/>\n<meta name=\"twitter:label1\" content=\"Tiempo de lectura\" \/>\n\t<meta name=\"twitter:data1\" content=\"1 minuto\" \/>\n<script type=\"application\/ld+json\" class=\"yoast-schema-graph\">{\"@context\":\"https:\/\/schema.org\",\"@graph\":[{\"@type\":\"WebPage\",\"@id\":\"https:\/\/www.eoimalaga.com\/web\/japones\/programaciones\/\",\"url\":\"https:\/\/www.eoimalaga.com\/web\/japones\/programaciones\/\",\"name\":\"Programaciones - P\u00e1gina Oficial de la EOI de M\u00e1laga ::Los idiomas ponen el mundo a tus pies::\",\"isPartOf\":{\"@id\":\"https:\/\/www.eoimalaga.com\/web\/#website\"},\"datePublished\":\"2019-12-31T06:35:56+00:00\",\"dateModified\":\"2025-11-04T08:58:47+00:00\",\"breadcrumb\":{\"@id\":\"https:\/\/www.eoimalaga.com\/web\/japones\/programaciones\/#breadcrumb\"},\"inLanguage\":\"es\",\"potentialAction\":[{\"@type\":\"ReadAction\",\"target\":[\"https:\/\/www.eoimalaga.com\/web\/japones\/programaciones\/\"]}]},{\"@type\":\"BreadcrumbList\",\"@id\":\"https:\/\/www.eoimalaga.com\/web\/japones\/programaciones\/#breadcrumb\",\"itemListElement\":[{\"@type\":\"ListItem\",\"position\":1,\"name\":\"Home\",\"item\":\"https:\/\/www.eoimalaga.com\/web\/\"},{\"@type\":\"ListItem\",\"position\":2,\"name\":\"JAPON\u00c9S\",\"item\":\"https:\/\/www.eoimalaga.com\/web\/japones\/\"},{\"@type\":\"ListItem\",\"position\":3,\"name\":\"Programaciones\"}]},{\"@type\":\"WebSite\",\"@id\":\"https:\/\/www.eoimalaga.com\/web\/#website\",\"url\":\"https:\/\/www.eoimalaga.com\/web\/\",\"name\":\"P\u00e1gina Oficial de la EOI de M\u00e1laga ::Los idiomas ponen el mundo a tus pies::\",\"description\":\"EOI M\u00e1laga\",\"potentialAction\":[{\"@type\":\"SearchAction\",\"target\":{\"@type\":\"EntryPoint\",\"urlTemplate\":\"https:\/\/www.eoimalaga.com\/web\/?s={search_term_string}\"},\"query-input\":{\"@type\":\"PropertyValueSpecification\",\"valueRequired\":true,\"valueName\":\"search_term_string\"}}],\"inLanguage\":\"es\"}]}<\/script>\n<!-- \/ Yoast SEO plugin. -->","yoast_head_json":{"title":"Programaciones - P\u00e1gina Oficial de la EOI de M\u00e1laga ::Los idiomas ponen el mundo a tus pies::","robots":{"index":"index","follow":"follow","max-snippet":"max-snippet:-1","max-image-preview":"max-image-preview:large","max-video-preview":"max-video-preview:-1"},"canonical":"https:\/\/www.eoimalaga.com\/web\/japones\/programaciones\/","og_locale":"es_ES","og_type":"article","og_title":"Programaciones - P\u00e1gina Oficial de la EOI de M\u00e1laga ::Los idiomas ponen el mundo a tus pies::","og_description":"PROGRAMACI\u00d3N DID\u00c1CTICA 2025-26 B\u00c1SICO\u00a0 \u00a0A1\u00a0 \u00a0JA_A1_25_26 B\u00c1SICO A2\u00a0 \u00a0 JA_A2_25_26 INTERMEDIO B1 \u00a0\u00a0 \u00a0 JA_B1_25_26 INTERMEDIO B2-1\u00a0 \u00a0JA_B21_25-26 INTERMEDIO B2-2\u00a0 JA_B22_25_26","og_url":"https:\/\/www.eoimalaga.com\/web\/japones\/programaciones\/","og_site_name":"P\u00e1gina Oficial de la EOI de M\u00e1laga ::Los idiomas ponen el mundo a tus pies::","article_modified_time":"2025-11-04T08:58:47+00:00","twitter_card":"summary_large_image","twitter_misc":{"Tiempo de lectura":"1 minuto"},"schema":{"@context":"https:\/\/schema.org","@graph":[{"@type":"WebPage","@id":"https:\/\/www.eoimalaga.com\/web\/japones\/programaciones\/","url":"https:\/\/www.eoimalaga.com\/web\/japones\/programaciones\/","name":"Programaciones - P\u00e1gina Oficial de la EOI de M\u00e1laga ::Los idiomas ponen el mundo a tus pies::","isPartOf":{"@id":"https:\/\/www.eoimalaga.com\/web\/#website"},"datePublished":"2019-12-31T06:35:56+00:00","dateModified":"2025-11-04T08:58:47+00:00","breadcrumb":{"@id":"https:\/\/www.eoimalaga.com\/web\/japones\/programaciones\/#breadcrumb"},"inLanguage":"es","potentialAction":[{"@type":"ReadAction","target":["https:\/\/www.eoimalaga.com\/web\/japones\/programaciones\/"]}]},{"@type":"BreadcrumbList","@id":"https:\/\/www.eoimalaga.com\/web\/japones\/programaciones\/#breadcrumb","itemListElement":[{"@type":"ListItem","position":1,"name":"Home","item":"https:\/\/www.eoimalaga.com\/web\/"},{"@type":"ListItem","position":2,"name":"JAPON\u00c9S","item":"https:\/\/www.eoimalaga.com\/web\/japones\/"},{"@type":"ListItem","position":3,"name":"Programaciones"}]},{"@type":"WebSite","@id":"https:\/\/www.eoimalaga.com\/web\/#website","url":"https:\/\/www.eoimalaga.com\/web\/","name":"P\u00e1gina Oficial de la EOI de M\u00e1laga ::Los idiomas ponen el mundo a tus pies::","description":"EOI M\u00e1laga","potentialAction":[{"@type":"SearchAction","target":{"@type":"EntryPoint","urlTemplate":"https:\/\/www.eoimalaga.com\/web\/?s={search_term_string}"},"query-input":{"@type":"PropertyValueSpecification","valueRequired":true,"valueName":"search_term_string"}}],"inLanguage":"es"}]}},"_links":{"self":[{"href":"https:\/\/www.eoimalaga.com\/web\/wp-json\/wp\/v2\/pages\/8712","targetHints":{"allow":["GET"]}}],"collection":[{"href":"https:\/\/www.eoimalaga.com\/web\/wp-json\/wp\/v2\/pages"}],"about":[{"href":"https:\/\/www.eoimalaga.com\/web\/wp-json\/wp\/v2\/types\/page"}],"author":[{"embeddable":true,"href":"https:\/\/www.eoimalaga.com\/web\/wp-json\/wp\/v2\/users\/19"}],"replies":[{"embeddable":true,"href":"https:\/\/www.eoimalaga.com\/web\/wp-json\/wp\/v2\/comments?post=8712"}],"version-history":[{"count":12,"href":"https:\/\/www.eoimalaga.com\/web\/wp-json\/wp\/v2\/pages\/8712\/revisions"}],"predecessor-version":[{"id":22555,"href":"https:\/\/www.eoimalaga.com\/web\/wp-json\/wp\/v2\/pages\/8712\/revisions\/22555"}],"up":[{"embeddable":true,"href":"https:\/\/www.eoimalaga.com\/web\/wp-json\/wp\/v2\/pages\/8704"}],"wp:attachment":[{"href":"https:\/\/www.eoimalaga.com\/web\/wp-json\/wp\/v2\/media?parent=8712"}],"wp:term":[{"taxonomy":"category","embeddable":true,"href":"https:\/\/www.eoimalaga.com\/web\/wp-json\/wp\/v2\/categories?post=8712"},{"taxonomy":"post_tag","embeddable":true,"href":"https:\/\/www.eoimalaga.com\/web\/wp-json\/wp\/v2\/tags?post=8712"}],"curies":[{"name":"wp","href":"https:\/\/api.w.org\/{rel}","templated":true}]}}