{"id":8710,"date":"2019-12-31T08:22:17","date_gmt":"2019-12-31T06:22:17","guid":{"rendered":"http:\/\/www.eoimalaga.com\/web\/?page_id=8710"},"modified":"2025-11-04T11:07:21","modified_gmt":"2025-11-04T09:07:21","slug":"profesorado","status":"publish","type":"page","link":"https:\/\/www.eoimalaga.com\/web\/japones\/profesorado\/","title":{"rendered":"Profesorado"},"content":{"rendered":"<h4>PROFESORADO DEL DEPARTAMENTO Y LOS NIVELES QUE IMPARTEN<\/h4>\n<p>PALOMA MELLADO\u00a0 \u00a0B2-1, A1<\/p>\n<p>Horario de tutor\u00eda alumnado: mi\u00e9rcoles de 16:00 a 17:00<\/p>\n<p>Tutor\u00eda de padres: mi\u00e9rcoles de 17:00 a 18:00<\/p>\n<p>LETICIA CHEN\u00a0 A2,B2-2<\/p>\n<p>Horario de tutor\u00eda alumnado: mi\u00e9rcoles de 16:00 a 17:00<\/p>\n<p>Tutor\u00eda de padres: mi\u00e9rcoles de 17:00 a 18:00<\/p>\n<p>CARMEN GUIJARRO A1, B1<\/p>\n<p>Horario de tutor\u00eda alumnado: jueves de 16:00 a 17:00<\/p>\n<p>Tutor\u00eda de padres: martes de 16:00 a 17:00<\/p>\n<p>HORARIO DE ATENCI\u00d3N AL P\u00daBLICO<\/p>\n<p>MARTES\u00a0 17:00-18:00<\/p>\n<p>VIERNES\u00a0 10:00 -11:00<\/p>\n<p>Correo electr\u00f3nico del Departamento<\/p>\n<p>japon\u00e9s@eoimalaga.com<\/p>\n","protected":false},"excerpt":{"rendered":"<p>PROFESORADO DEL DEPARTAMENTO Y LOS NIVELES QUE IMPARTEN PALOMA MELLADO\u00a0 \u00a0B2-1, A1 Horario de tutor\u00eda alumnado: mi\u00e9rcoles de 16:00 a 17:00 Tutor\u00eda de padres: mi\u00e9rcoles de 17:00 a 18:00 LETICIA CHEN\u00a0 A2,B2-2 Horario de tutor\u00eda alumnado: mi\u00e9rcoles de 16:00 a 17:00 Tutor\u00eda de padres: mi\u00e9rcoles de 17:00 a 18:00 CARMEN GUIJARRO A1, B1 Horario de [&hellip;]<\/p>\n","protected":false},"author":19,"featured_media":0,"parent":8704,"menu_order":0,"comment_status":"closed","ping_status":"closed","template":"","meta":{"inline_featured_image":false,"footnotes":""},"categories":[63],"tags":[],"class_list":["post-8710","page","type-page","status-publish","hentry","category-japones"],"yoast_head":"<!-- This site is optimized with the Yoast SEO plugin v26.5 - https:\/\/yoast.com\/wordpress\/plugins\/seo\/ -->\n<title>Profesorado - P\u00e1gina Oficial de la EOI de M\u00e1laga ::Los idiomas ponen el mundo a tus pies::<\/title>\n<meta name=\"robots\" content=\"index, follow, max-snippet:-1, max-image-preview:large, max-video-preview:-1\" \/>\n<link rel=\"canonical\" href=\"https:\/\/www.eoimalaga.com\/web\/japones\/profesorado\/\" \/>\n<meta property=\"og:locale\" content=\"es_ES\" \/>\n<meta property=\"og:type\" content=\"article\" \/>\n<meta property=\"og:title\" content=\"Profesorado - P\u00e1gina Oficial de la EOI de M\u00e1laga ::Los idiomas ponen el mundo a tus pies::\" \/>\n<meta property=\"og:description\" content=\"PROFESORADO DEL DEPARTAMENTO Y LOS NIVELES QUE IMPARTEN PALOMA MELLADO\u00a0 \u00a0B2-1, A1 Horario de tutor\u00eda alumnado: mi\u00e9rcoles de 16:00 a 17:00 Tutor\u00eda de padres: mi\u00e9rcoles de 17:00 a 18:00 LETICIA CHEN\u00a0 A2,B2-2 Horario de tutor\u00eda alumnado: mi\u00e9rcoles de 16:00 a 17:00 Tutor\u00eda de padres: mi\u00e9rcoles de 17:00 a 18:00 CARMEN GUIJARRO A1, B1 Horario de [&hellip;]\" \/>\n<meta property=\"og:url\" content=\"https:\/\/www.eoimalaga.com\/web\/japones\/profesorado\/\" \/>\n<meta property=\"og:site_name\" content=\"P\u00e1gina Oficial de la EOI de M\u00e1laga ::Los idiomas ponen el mundo a tus pies::\" \/>\n<meta property=\"article:modified_time\" content=\"2025-11-04T09:07:21+00:00\" \/>\n<meta name=\"twitter:card\" content=\"summary_large_image\" \/>\n<meta name=\"twitter:label1\" content=\"Tiempo de lectura\" \/>\n\t<meta name=\"twitter:data1\" content=\"1 minuto\" \/>\n<script type=\"application\/ld+json\" class=\"yoast-schema-graph\">{\"@context\":\"https:\/\/schema.org\",\"@graph\":[{\"@type\":\"WebPage\",\"@id\":\"https:\/\/www.eoimalaga.com\/web\/japones\/profesorado\/\",\"url\":\"https:\/\/www.eoimalaga.com\/web\/japones\/profesorado\/\",\"name\":\"Profesorado - P\u00e1gina Oficial de la EOI de M\u00e1laga ::Los idiomas ponen el mundo a tus pies::\",\"isPartOf\":{\"@id\":\"https:\/\/www.eoimalaga.com\/web\/#website\"},\"datePublished\":\"2019-12-31T06:22:17+00:00\",\"dateModified\":\"2025-11-04T09:07:21+00:00\",\"breadcrumb\":{\"@id\":\"https:\/\/www.eoimalaga.com\/web\/japones\/profesorado\/#breadcrumb\"},\"inLanguage\":\"es\",\"potentialAction\":[{\"@type\":\"ReadAction\",\"target\":[\"https:\/\/www.eoimalaga.com\/web\/japones\/profesorado\/\"]}]},{\"@type\":\"BreadcrumbList\",\"@id\":\"https:\/\/www.eoimalaga.com\/web\/japones\/profesorado\/#breadcrumb\",\"itemListElement\":[{\"@type\":\"ListItem\",\"position\":1,\"name\":\"Home\",\"item\":\"https:\/\/www.eoimalaga.com\/web\/\"},{\"@type\":\"ListItem\",\"position\":2,\"name\":\"JAPON\u00c9S\",\"item\":\"https:\/\/www.eoimalaga.com\/web\/japones\/\"},{\"@type\":\"ListItem\",\"position\":3,\"name\":\"Profesorado\"}]},{\"@type\":\"WebSite\",\"@id\":\"https:\/\/www.eoimalaga.com\/web\/#website\",\"url\":\"https:\/\/www.eoimalaga.com\/web\/\",\"name\":\"P\u00e1gina Oficial de la EOI de M\u00e1laga ::Los idiomas ponen el mundo a tus pies::\",\"description\":\"EOI M\u00e1laga\",\"potentialAction\":[{\"@type\":\"SearchAction\",\"target\":{\"@type\":\"EntryPoint\",\"urlTemplate\":\"https:\/\/www.eoimalaga.com\/web\/?s={search_term_string}\"},\"query-input\":{\"@type\":\"PropertyValueSpecification\",\"valueRequired\":true,\"valueName\":\"search_term_string\"}}],\"inLanguage\":\"es\"}]}<\/script>\n<!-- \/ Yoast SEO plugin. -->","yoast_head_json":{"title":"Profesorado - P\u00e1gina Oficial de la EOI de M\u00e1laga ::Los idiomas ponen el mundo a tus pies::","robots":{"index":"index","follow":"follow","max-snippet":"max-snippet:-1","max-image-preview":"max-image-preview:large","max-video-preview":"max-video-preview:-1"},"canonical":"https:\/\/www.eoimalaga.com\/web\/japones\/profesorado\/","og_locale":"es_ES","og_type":"article","og_title":"Profesorado - P\u00e1gina Oficial de la EOI de M\u00e1laga ::Los idiomas ponen el mundo a tus pies::","og_description":"PROFESORADO DEL DEPARTAMENTO Y LOS NIVELES QUE IMPARTEN PALOMA MELLADO\u00a0 \u00a0B2-1, A1 Horario de tutor\u00eda alumnado: mi\u00e9rcoles de 16:00 a 17:00 Tutor\u00eda de padres: mi\u00e9rcoles de 17:00 a 18:00 LETICIA CHEN\u00a0 A2,B2-2 Horario de tutor\u00eda alumnado: mi\u00e9rcoles de 16:00 a 17:00 Tutor\u00eda de padres: mi\u00e9rcoles de 17:00 a 18:00 CARMEN GUIJARRO A1, B1 Horario de [&hellip;]","og_url":"https:\/\/www.eoimalaga.com\/web\/japones\/profesorado\/","og_site_name":"P\u00e1gina Oficial de la EOI de M\u00e1laga ::Los idiomas ponen el mundo a tus pies::","article_modified_time":"2025-11-04T09:07:21+00:00","twitter_card":"summary_large_image","twitter_misc":{"Tiempo de lectura":"1 minuto"},"schema":{"@context":"https:\/\/schema.org","@graph":[{"@type":"WebPage","@id":"https:\/\/www.eoimalaga.com\/web\/japones\/profesorado\/","url":"https:\/\/www.eoimalaga.com\/web\/japones\/profesorado\/","name":"Profesorado - P\u00e1gina Oficial de la EOI de M\u00e1laga ::Los idiomas ponen el mundo a tus pies::","isPartOf":{"@id":"https:\/\/www.eoimalaga.com\/web\/#website"},"datePublished":"2019-12-31T06:22:17+00:00","dateModified":"2025-11-04T09:07:21+00:00","breadcrumb":{"@id":"https:\/\/www.eoimalaga.com\/web\/japones\/profesorado\/#breadcrumb"},"inLanguage":"es","potentialAction":[{"@type":"ReadAction","target":["https:\/\/www.eoimalaga.com\/web\/japones\/profesorado\/"]}]},{"@type":"BreadcrumbList","@id":"https:\/\/www.eoimalaga.com\/web\/japones\/profesorado\/#breadcrumb","itemListElement":[{"@type":"ListItem","position":1,"name":"Home","item":"https:\/\/www.eoimalaga.com\/web\/"},{"@type":"ListItem","position":2,"name":"JAPON\u00c9S","item":"https:\/\/www.eoimalaga.com\/web\/japones\/"},{"@type":"ListItem","position":3,"name":"Profesorado"}]},{"@type":"WebSite","@id":"https:\/\/www.eoimalaga.com\/web\/#website","url":"https:\/\/www.eoimalaga.com\/web\/","name":"P\u00e1gina Oficial de la EOI de M\u00e1laga ::Los idiomas ponen el mundo a tus pies::","description":"EOI M\u00e1laga","potentialAction":[{"@type":"SearchAction","target":{"@type":"EntryPoint","urlTemplate":"https:\/\/www.eoimalaga.com\/web\/?s={search_term_string}"},"query-input":{"@type":"PropertyValueSpecification","valueRequired":true,"valueName":"search_term_string"}}],"inLanguage":"es"}]}},"_links":{"self":[{"href":"https:\/\/www.eoimalaga.com\/web\/wp-json\/wp\/v2\/pages\/8710","targetHints":{"allow":["GET"]}}],"collection":[{"href":"https:\/\/www.eoimalaga.com\/web\/wp-json\/wp\/v2\/pages"}],"about":[{"href":"https:\/\/www.eoimalaga.com\/web\/wp-json\/wp\/v2\/types\/page"}],"author":[{"embeddable":true,"href":"https:\/\/www.eoimalaga.com\/web\/wp-json\/wp\/v2\/users\/19"}],"replies":[{"embeddable":true,"href":"https:\/\/www.eoimalaga.com\/web\/wp-json\/wp\/v2\/comments?post=8710"}],"version-history":[{"count":9,"href":"https:\/\/www.eoimalaga.com\/web\/wp-json\/wp\/v2\/pages\/8710\/revisions"}],"predecessor-version":[{"id":22558,"href":"https:\/\/www.eoimalaga.com\/web\/wp-json\/wp\/v2\/pages\/8710\/revisions\/22558"}],"up":[{"embeddable":true,"href":"https:\/\/www.eoimalaga.com\/web\/wp-json\/wp\/v2\/pages\/8704"}],"wp:attachment":[{"href":"https:\/\/www.eoimalaga.com\/web\/wp-json\/wp\/v2\/media?parent=8710"}],"wp:term":[{"taxonomy":"category","embeddable":true,"href":"https:\/\/www.eoimalaga.com\/web\/wp-json\/wp\/v2\/categories?post=8710"},{"taxonomy":"post_tag","embeddable":true,"href":"https:\/\/www.eoimalaga.com\/web\/wp-json\/wp\/v2\/tags?post=8710"}],"curies":[{"name":"wp","href":"https:\/\/api.w.org\/{rel}","templated":true}]}}