{"id":8706,"date":"2019-12-31T08:20:18","date_gmt":"2019-12-31T06:20:18","guid":{"rendered":"http:\/\/www.eoimalaga.com\/web\/?page_id=8706"},"modified":"2022-09-26T18:20:07","modified_gmt":"2022-09-26T16:20:07","slug":"cursos","status":"publish","type":"page","link":"https:\/\/www.eoimalaga.com\/web\/japones\/cursos\/","title":{"rendered":"Cursos"},"content":{"rendered":"<table style=\"width: 308px\">\n<tbody>\n<tr>\n<td style=\"width: 99px\">CURSO 1\u00ba<\/td>\n<td style=\"width: 81px\">A2-1<\/td>\n<td style=\"width: 130.4px\" colspan=\"2\">\u00a0 Tres grupos<\/td>\n<\/tr>\n<tr>\n<td style=\"width: 99px\">CURSO 2\u00ba<\/td>\n<td style=\"width: 81px\">A2-2<\/td>\n<td style=\"width: 120.4px\">\u00a0 Dos grupos<\/td>\n<td style=\"width: 10px\"><\/td>\n<\/tr>\n<tr>\n<td style=\"width: 99px\">CURSO 3\u00ba<\/td>\n<td style=\"width: 81px\">B1<\/td>\n<td style=\"width: 120.4px\">\u00a0 Un grupo<\/td>\n<td style=\"width: 10px\"><\/td>\n<\/tr>\n<tr>\n<td style=\"width: 99px\">CURSO \u00a04\u00ba<\/td>\n<td style=\"width: 81px\">B2-1<\/td>\n<td style=\"width: 120.4px\">\u00a0 Un grupo<\/td>\n<td style=\"width: 10px\"><\/td>\n<\/tr>\n<tr>\n<td style=\"width: 99px\">CURSO \u00a05\u00ba<\/td>\n<td style=\"width: 81px\">B2-2<\/td>\n<td style=\"width: 120.4px\">\u00a0 Un grupo<\/td>\n<td style=\"width: 10px\"><\/td>\n<\/tr>\n<\/tbody>\n<\/table>\n<table width=\"329\">\n<tbody>\n<tr>\n<td width=\"104\"><\/td>\n<\/tr>\n<\/tbody>\n<\/table>\n<p>Los niveles de A2-1, A2-2 y B1 se imparten en clases de 3 horas de duraci\u00f3n dos d\u00edas a la semana, con un total de 6 horas semanales.<\/p>\n<p>Los niveles de B2-1 y B2-2 se imparten en clases de 2 horas y cuarto de duraci\u00f3n dos d\u00edas\u00a0 a la semana.<\/p>\n","protected":false},"excerpt":{"rendered":"<p>CURSO 1\u00ba A2-1 \u00a0 Tres grupos CURSO 2\u00ba A2-2 \u00a0 Dos grupos CURSO 3\u00ba B1 \u00a0 Un grupo CURSO \u00a04\u00ba B2-1 \u00a0 Un grupo CURSO \u00a05\u00ba B2-2 \u00a0 Un grupo Los niveles de A2-1, A2-2 y B1 se imparten en clases de 3 horas de duraci\u00f3n dos d\u00edas a la semana, con un total de [&hellip;]<\/p>\n","protected":false},"author":19,"featured_media":0,"parent":8704,"menu_order":0,"comment_status":"closed","ping_status":"closed","template":"","meta":{"inline_featured_image":false,"footnotes":""},"categories":[63],"tags":[],"class_list":["post-8706","page","type-page","status-publish","hentry","category-japones"],"yoast_head":"<!-- This site is optimized with the Yoast SEO plugin v26.5 - https:\/\/yoast.com\/wordpress\/plugins\/seo\/ -->\n<title>Cursos - P\u00e1gina Oficial de la EOI de M\u00e1laga ::Los idiomas ponen el mundo a tus pies::<\/title>\n<meta name=\"robots\" content=\"index, follow, max-snippet:-1, max-image-preview:large, max-video-preview:-1\" \/>\n<link rel=\"canonical\" href=\"https:\/\/www.eoimalaga.com\/web\/japones\/cursos\/\" \/>\n<meta property=\"og:locale\" content=\"es_ES\" \/>\n<meta property=\"og:type\" content=\"article\" \/>\n<meta property=\"og:title\" content=\"Cursos - P\u00e1gina Oficial de la EOI de M\u00e1laga ::Los idiomas ponen el mundo a tus pies::\" \/>\n<meta property=\"og:description\" content=\"CURSO 1\u00ba A2-1 \u00a0 Tres grupos CURSO 2\u00ba A2-2 \u00a0 Dos grupos CURSO 3\u00ba B1 \u00a0 Un grupo CURSO \u00a04\u00ba B2-1 \u00a0 Un grupo CURSO \u00a05\u00ba B2-2 \u00a0 Un grupo Los niveles de A2-1, A2-2 y B1 se imparten en clases de 3 horas de duraci\u00f3n dos d\u00edas a la semana, con un total de [&hellip;]\" \/>\n<meta property=\"og:url\" content=\"https:\/\/www.eoimalaga.com\/web\/japones\/cursos\/\" \/>\n<meta property=\"og:site_name\" content=\"P\u00e1gina Oficial de la EOI de M\u00e1laga ::Los idiomas ponen el mundo a tus pies::\" \/>\n<meta property=\"article:modified_time\" content=\"2022-09-26T16:20:07+00:00\" \/>\n<meta name=\"twitter:card\" content=\"summary_large_image\" \/>\n<script type=\"application\/ld+json\" class=\"yoast-schema-graph\">{\"@context\":\"https:\/\/schema.org\",\"@graph\":[{\"@type\":\"WebPage\",\"@id\":\"https:\/\/www.eoimalaga.com\/web\/japones\/cursos\/\",\"url\":\"https:\/\/www.eoimalaga.com\/web\/japones\/cursos\/\",\"name\":\"Cursos - P\u00e1gina Oficial de la EOI de M\u00e1laga ::Los idiomas ponen el mundo a tus pies::\",\"isPartOf\":{\"@id\":\"https:\/\/www.eoimalaga.com\/web\/#website\"},\"datePublished\":\"2019-12-31T06:20:18+00:00\",\"dateModified\":\"2022-09-26T16:20:07+00:00\",\"breadcrumb\":{\"@id\":\"https:\/\/www.eoimalaga.com\/web\/japones\/cursos\/#breadcrumb\"},\"inLanguage\":\"es\",\"potentialAction\":[{\"@type\":\"ReadAction\",\"target\":[\"https:\/\/www.eoimalaga.com\/web\/japones\/cursos\/\"]}]},{\"@type\":\"BreadcrumbList\",\"@id\":\"https:\/\/www.eoimalaga.com\/web\/japones\/cursos\/#breadcrumb\",\"itemListElement\":[{\"@type\":\"ListItem\",\"position\":1,\"name\":\"Home\",\"item\":\"https:\/\/www.eoimalaga.com\/web\/\"},{\"@type\":\"ListItem\",\"position\":2,\"name\":\"JAPON\u00c9S\",\"item\":\"https:\/\/www.eoimalaga.com\/web\/japones\/\"},{\"@type\":\"ListItem\",\"position\":3,\"name\":\"Cursos\"}]},{\"@type\":\"WebSite\",\"@id\":\"https:\/\/www.eoimalaga.com\/web\/#website\",\"url\":\"https:\/\/www.eoimalaga.com\/web\/\",\"name\":\"P\u00e1gina Oficial de la EOI de M\u00e1laga ::Los idiomas ponen el mundo a tus pies::\",\"description\":\"EOI M\u00e1laga\",\"potentialAction\":[{\"@type\":\"SearchAction\",\"target\":{\"@type\":\"EntryPoint\",\"urlTemplate\":\"https:\/\/www.eoimalaga.com\/web\/?s={search_term_string}\"},\"query-input\":{\"@type\":\"PropertyValueSpecification\",\"valueRequired\":true,\"valueName\":\"search_term_string\"}}],\"inLanguage\":\"es\"}]}<\/script>\n<!-- \/ Yoast SEO plugin. -->","yoast_head_json":{"title":"Cursos - P\u00e1gina Oficial de la EOI de M\u00e1laga ::Los idiomas ponen el mundo a tus pies::","robots":{"index":"index","follow":"follow","max-snippet":"max-snippet:-1","max-image-preview":"max-image-preview:large","max-video-preview":"max-video-preview:-1"},"canonical":"https:\/\/www.eoimalaga.com\/web\/japones\/cursos\/","og_locale":"es_ES","og_type":"article","og_title":"Cursos - P\u00e1gina Oficial de la EOI de M\u00e1laga ::Los idiomas ponen el mundo a tus pies::","og_description":"CURSO 1\u00ba A2-1 \u00a0 Tres grupos CURSO 2\u00ba A2-2 \u00a0 Dos grupos CURSO 3\u00ba B1 \u00a0 Un grupo CURSO \u00a04\u00ba B2-1 \u00a0 Un grupo CURSO \u00a05\u00ba B2-2 \u00a0 Un grupo Los niveles de A2-1, A2-2 y B1 se imparten en clases de 3 horas de duraci\u00f3n dos d\u00edas a la semana, con un total de [&hellip;]","og_url":"https:\/\/www.eoimalaga.com\/web\/japones\/cursos\/","og_site_name":"P\u00e1gina Oficial de la EOI de M\u00e1laga ::Los idiomas ponen el mundo a tus pies::","article_modified_time":"2022-09-26T16:20:07+00:00","twitter_card":"summary_large_image","schema":{"@context":"https:\/\/schema.org","@graph":[{"@type":"WebPage","@id":"https:\/\/www.eoimalaga.com\/web\/japones\/cursos\/","url":"https:\/\/www.eoimalaga.com\/web\/japones\/cursos\/","name":"Cursos - P\u00e1gina Oficial de la EOI de M\u00e1laga ::Los idiomas ponen el mundo a tus pies::","isPartOf":{"@id":"https:\/\/www.eoimalaga.com\/web\/#website"},"datePublished":"2019-12-31T06:20:18+00:00","dateModified":"2022-09-26T16:20:07+00:00","breadcrumb":{"@id":"https:\/\/www.eoimalaga.com\/web\/japones\/cursos\/#breadcrumb"},"inLanguage":"es","potentialAction":[{"@type":"ReadAction","target":["https:\/\/www.eoimalaga.com\/web\/japones\/cursos\/"]}]},{"@type":"BreadcrumbList","@id":"https:\/\/www.eoimalaga.com\/web\/japones\/cursos\/#breadcrumb","itemListElement":[{"@type":"ListItem","position":1,"name":"Home","item":"https:\/\/www.eoimalaga.com\/web\/"},{"@type":"ListItem","position":2,"name":"JAPON\u00c9S","item":"https:\/\/www.eoimalaga.com\/web\/japones\/"},{"@type":"ListItem","position":3,"name":"Cursos"}]},{"@type":"WebSite","@id":"https:\/\/www.eoimalaga.com\/web\/#website","url":"https:\/\/www.eoimalaga.com\/web\/","name":"P\u00e1gina Oficial de la EOI de M\u00e1laga ::Los idiomas ponen el mundo a tus pies::","description":"EOI M\u00e1laga","potentialAction":[{"@type":"SearchAction","target":{"@type":"EntryPoint","urlTemplate":"https:\/\/www.eoimalaga.com\/web\/?s={search_term_string}"},"query-input":{"@type":"PropertyValueSpecification","valueRequired":true,"valueName":"search_term_string"}}],"inLanguage":"es"}]}},"_links":{"self":[{"href":"https:\/\/www.eoimalaga.com\/web\/wp-json\/wp\/v2\/pages\/8706","targetHints":{"allow":["GET"]}}],"collection":[{"href":"https:\/\/www.eoimalaga.com\/web\/wp-json\/wp\/v2\/pages"}],"about":[{"href":"https:\/\/www.eoimalaga.com\/web\/wp-json\/wp\/v2\/types\/page"}],"author":[{"embeddable":true,"href":"https:\/\/www.eoimalaga.com\/web\/wp-json\/wp\/v2\/users\/19"}],"replies":[{"embeddable":true,"href":"https:\/\/www.eoimalaga.com\/web\/wp-json\/wp\/v2\/comments?post=8706"}],"version-history":[{"count":4,"href":"https:\/\/www.eoimalaga.com\/web\/wp-json\/wp\/v2\/pages\/8706\/revisions"}],"predecessor-version":[{"id":15680,"href":"https:\/\/www.eoimalaga.com\/web\/wp-json\/wp\/v2\/pages\/8706\/revisions\/15680"}],"up":[{"embeddable":true,"href":"https:\/\/www.eoimalaga.com\/web\/wp-json\/wp\/v2\/pages\/8704"}],"wp:attachment":[{"href":"https:\/\/www.eoimalaga.com\/web\/wp-json\/wp\/v2\/media?parent=8706"}],"wp:term":[{"taxonomy":"category","embeddable":true,"href":"https:\/\/www.eoimalaga.com\/web\/wp-json\/wp\/v2\/categories?post=8706"},{"taxonomy":"post_tag","embeddable":true,"href":"https:\/\/www.eoimalaga.com\/web\/wp-json\/wp\/v2\/tags?post=8706"}],"curies":[{"name":"wp","href":"https:\/\/api.w.org\/{rel}","templated":true}]}}