{"id":8704,"date":"2019-12-31T08:17:04","date_gmt":"2019-12-31T06:17:04","guid":{"rendered":"http:\/\/www.eoimalaga.com\/web\/?page_id=8704"},"modified":"2020-01-13T20:36:19","modified_gmt":"2020-01-13T18:36:19","slug":"japones","status":"publish","type":"page","link":"https:\/\/www.eoimalaga.com\/web\/japones\/","title":{"rendered":"JAPON\u00c9S"},"content":{"rendered":"<p>\u00a0<\/p>\n<p>\u00a0<\/p>\n<h4 style=\"text-align:center;\"><span style=\"color: #ff0000; font-size: 14pt; text-align:center;\">\u65e5\u672c\u8a9e\u5b66\u79d1\u306e\u30db\u30fc\u30e0\u30da\u30fc\u30b8\u3078\u3088\u3046\u3053\u305d\uff01<\/span><\/h4>\n<p style=\"text-align:center;\"><span style=\"font-family: comic sans ms,sans-serif;\">BIENVENIDOS A LA P\u00c1GINA WEB DEL DEPARTAMENTO DE JAPON\u00c9S<\/span><\/p>\n<h2>\u00a0<\/h2>\n<h2 style=\"text-align:center; color: #004000; margin-top: 10px; font-weight: bold; font-family: 'Times New Roman'; font-style: normal;\">\u7fd2\u3046\u3088\u308a\u6163\u308c\u308d<\/h2>\n<p style=\"text-align:center;\">\u4eba\u304b\u3089\u6559\u308f\u3063\u305f\u308a\u3001\u672c\u3092\u8aad\u3093\u3060\u3060\u3051\u3067\u306f\u3001\u305d\u306e\u3053\u3068\u304c\u8eab\u306b\u3064\u304d\u306b\u304f\u3044\u304c\u3001\u3042\u308b\u3053\u3068\u3092\u3001 \u5b9f\u969b\u306b\u7d4c\u9a13\u3057\u3066\u3001\u4f53\u3067\u899a\u3048\u305f\u3053\u3068\u306f\u3001\u3057\u3063\u304b\u308a\u3068\u81ea\u5206\u306e\u3082\u306e\u306b\u306a\u308b\u3068\u3044\u3046\u3053\u3068\u3002<\/p>\n","protected":false},"excerpt":{"rendered":"<p>\u00a0 \u00a0 \u65e5\u672c\u8a9e\u5b66\u79d1\u306e\u30db\u30fc\u30e0\u30da\u30fc\u30b8\u3078\u3088\u3046\u3053\u305d\uff01 BIENVENIDOS A LA P\u00c1GINA WEB DEL DEPARTAMENTO DE JAPON\u00c9S \u00a0 \u7fd2\u3046\u3088\u308a\u6163\u308c\u308d \u4eba\u304b\u3089\u6559\u308f\u3063\u305f\u308a\u3001\u672c\u3092\u8aad\u3093\u3060\u3060\u3051\u3067\u306f\u3001\u305d\u306e\u3053\u3068\u304c\u8eab\u306b\u3064\u304d\u306b\u304f\u3044\u304c\u3001\u3042\u308b\u3053\u3068\u3092\u3001 \u5b9f\u969b\u306b\u7d4c\u9a13\u3057\u3066\u3001\u4f53\u3067\u899a\u3048\u305f\u3053\u3068\u306f\u3001\u3057\u3063\u304b\u308a\u3068\u81ea\u5206\u306e\u3082\u306e\u306b\u306a\u308b\u3068\u3044\u3046\u3053\u3068\u3002<\/p>\n","protected":false},"author":19,"featured_media":0,"parent":0,"menu_order":0,"comment_status":"closed","ping_status":"closed","template":"","meta":{"inline_featured_image":false,"footnotes":""},"categories":[63],"tags":[],"class_list":["post-8704","page","type-page","status-publish","hentry","category-japones"],"yoast_head":"<!-- This site is optimized with the Yoast SEO plugin v26.5 - https:\/\/yoast.com\/wordpress\/plugins\/seo\/ -->\n<title>JAPON\u00c9S - P\u00e1gina Oficial de la EOI de M\u00e1laga ::Los idiomas ponen el mundo a tus pies::<\/title>\n<meta name=\"robots\" content=\"index, follow, max-snippet:-1, max-image-preview:large, max-video-preview:-1\" \/>\n<link rel=\"canonical\" href=\"https:\/\/www.eoimalaga.com\/web\/japones\/\" \/>\n<meta property=\"og:locale\" content=\"es_ES\" \/>\n<meta property=\"og:type\" content=\"article\" \/>\n<meta property=\"og:title\" content=\"JAPON\u00c9S - P\u00e1gina Oficial de la EOI de M\u00e1laga ::Los idiomas ponen el mundo a tus pies::\" \/>\n<meta property=\"og:description\" content=\"\u00a0 \u00a0 \u65e5\u672c\u8a9e\u5b66\u79d1\u306e\u30db\u30fc\u30e0\u30da\u30fc\u30b8\u3078\u3088\u3046\u3053\u305d\uff01 BIENVENIDOS A LA P\u00c1GINA WEB DEL DEPARTAMENTO DE JAPON\u00c9S \u00a0 \u7fd2\u3046\u3088\u308a\u6163\u308c\u308d \u4eba\u304b\u3089\u6559\u308f\u3063\u305f\u308a\u3001\u672c\u3092\u8aad\u3093\u3060\u3060\u3051\u3067\u306f\u3001\u305d\u306e\u3053\u3068\u304c\u8eab\u306b\u3064\u304d\u306b\u304f\u3044\u304c\u3001\u3042\u308b\u3053\u3068\u3092\u3001 \u5b9f\u969b\u306b\u7d4c\u9a13\u3057\u3066\u3001\u4f53\u3067\u899a\u3048\u305f\u3053\u3068\u306f\u3001\u3057\u3063\u304b\u308a\u3068\u81ea\u5206\u306e\u3082\u306e\u306b\u306a\u308b\u3068\u3044\u3046\u3053\u3068\u3002\" \/>\n<meta property=\"og:url\" content=\"https:\/\/www.eoimalaga.com\/web\/japones\/\" \/>\n<meta property=\"og:site_name\" content=\"P\u00e1gina Oficial de la EOI de M\u00e1laga ::Los idiomas ponen el mundo a tus pies::\" \/>\n<meta property=\"article:modified_time\" content=\"2020-01-13T18:36:19+00:00\" \/>\n<meta name=\"twitter:card\" content=\"summary_large_image\" \/>\n<script type=\"application\/ld+json\" class=\"yoast-schema-graph\">{\"@context\":\"https:\/\/schema.org\",\"@graph\":[{\"@type\":\"WebPage\",\"@id\":\"https:\/\/www.eoimalaga.com\/web\/japones\/\",\"url\":\"https:\/\/www.eoimalaga.com\/web\/japones\/\",\"name\":\"JAPON\u00c9S - P\u00e1gina Oficial de la EOI de M\u00e1laga ::Los idiomas ponen el mundo a tus pies::\",\"isPartOf\":{\"@id\":\"https:\/\/www.eoimalaga.com\/web\/#website\"},\"datePublished\":\"2019-12-31T06:17:04+00:00\",\"dateModified\":\"2020-01-13T18:36:19+00:00\",\"breadcrumb\":{\"@id\":\"https:\/\/www.eoimalaga.com\/web\/japones\/#breadcrumb\"},\"inLanguage\":\"es\",\"potentialAction\":[{\"@type\":\"ReadAction\",\"target\":[\"https:\/\/www.eoimalaga.com\/web\/japones\/\"]}]},{\"@type\":\"BreadcrumbList\",\"@id\":\"https:\/\/www.eoimalaga.com\/web\/japones\/#breadcrumb\",\"itemListElement\":[{\"@type\":\"ListItem\",\"position\":1,\"name\":\"Home\",\"item\":\"https:\/\/www.eoimalaga.com\/web\/\"},{\"@type\":\"ListItem\",\"position\":2,\"name\":\"JAPON\u00c9S\"}]},{\"@type\":\"WebSite\",\"@id\":\"https:\/\/www.eoimalaga.com\/web\/#website\",\"url\":\"https:\/\/www.eoimalaga.com\/web\/\",\"name\":\"P\u00e1gina Oficial de la EOI de M\u00e1laga ::Los idiomas ponen el mundo a tus pies::\",\"description\":\"EOI M\u00e1laga\",\"potentialAction\":[{\"@type\":\"SearchAction\",\"target\":{\"@type\":\"EntryPoint\",\"urlTemplate\":\"https:\/\/www.eoimalaga.com\/web\/?s={search_term_string}\"},\"query-input\":{\"@type\":\"PropertyValueSpecification\",\"valueRequired\":true,\"valueName\":\"search_term_string\"}}],\"inLanguage\":\"es\"}]}<\/script>\n<!-- \/ Yoast SEO plugin. -->","yoast_head_json":{"title":"JAPON\u00c9S - P\u00e1gina Oficial de la EOI de M\u00e1laga ::Los idiomas ponen el mundo a tus pies::","robots":{"index":"index","follow":"follow","max-snippet":"max-snippet:-1","max-image-preview":"max-image-preview:large","max-video-preview":"max-video-preview:-1"},"canonical":"https:\/\/www.eoimalaga.com\/web\/japones\/","og_locale":"es_ES","og_type":"article","og_title":"JAPON\u00c9S - P\u00e1gina Oficial de la EOI de M\u00e1laga ::Los idiomas ponen el mundo a tus pies::","og_description":"\u00a0 \u00a0 \u65e5\u672c\u8a9e\u5b66\u79d1\u306e\u30db\u30fc\u30e0\u30da\u30fc\u30b8\u3078\u3088\u3046\u3053\u305d\uff01 BIENVENIDOS A LA P\u00c1GINA WEB DEL DEPARTAMENTO DE JAPON\u00c9S \u00a0 \u7fd2\u3046\u3088\u308a\u6163\u308c\u308d \u4eba\u304b\u3089\u6559\u308f\u3063\u305f\u308a\u3001\u672c\u3092\u8aad\u3093\u3060\u3060\u3051\u3067\u306f\u3001\u305d\u306e\u3053\u3068\u304c\u8eab\u306b\u3064\u304d\u306b\u304f\u3044\u304c\u3001\u3042\u308b\u3053\u3068\u3092\u3001 \u5b9f\u969b\u306b\u7d4c\u9a13\u3057\u3066\u3001\u4f53\u3067\u899a\u3048\u305f\u3053\u3068\u306f\u3001\u3057\u3063\u304b\u308a\u3068\u81ea\u5206\u306e\u3082\u306e\u306b\u306a\u308b\u3068\u3044\u3046\u3053\u3068\u3002","og_url":"https:\/\/www.eoimalaga.com\/web\/japones\/","og_site_name":"P\u00e1gina Oficial de la EOI de M\u00e1laga ::Los idiomas ponen el mundo a tus pies::","article_modified_time":"2020-01-13T18:36:19+00:00","twitter_card":"summary_large_image","schema":{"@context":"https:\/\/schema.org","@graph":[{"@type":"WebPage","@id":"https:\/\/www.eoimalaga.com\/web\/japones\/","url":"https:\/\/www.eoimalaga.com\/web\/japones\/","name":"JAPON\u00c9S - P\u00e1gina Oficial de la EOI de M\u00e1laga ::Los idiomas ponen el mundo a tus pies::","isPartOf":{"@id":"https:\/\/www.eoimalaga.com\/web\/#website"},"datePublished":"2019-12-31T06:17:04+00:00","dateModified":"2020-01-13T18:36:19+00:00","breadcrumb":{"@id":"https:\/\/www.eoimalaga.com\/web\/japones\/#breadcrumb"},"inLanguage":"es","potentialAction":[{"@type":"ReadAction","target":["https:\/\/www.eoimalaga.com\/web\/japones\/"]}]},{"@type":"BreadcrumbList","@id":"https:\/\/www.eoimalaga.com\/web\/japones\/#breadcrumb","itemListElement":[{"@type":"ListItem","position":1,"name":"Home","item":"https:\/\/www.eoimalaga.com\/web\/"},{"@type":"ListItem","position":2,"name":"JAPON\u00c9S"}]},{"@type":"WebSite","@id":"https:\/\/www.eoimalaga.com\/web\/#website","url":"https:\/\/www.eoimalaga.com\/web\/","name":"P\u00e1gina Oficial de la EOI de M\u00e1laga ::Los idiomas ponen el mundo a tus pies::","description":"EOI M\u00e1laga","potentialAction":[{"@type":"SearchAction","target":{"@type":"EntryPoint","urlTemplate":"https:\/\/www.eoimalaga.com\/web\/?s={search_term_string}"},"query-input":{"@type":"PropertyValueSpecification","valueRequired":true,"valueName":"search_term_string"}}],"inLanguage":"es"}]}},"_links":{"self":[{"href":"https:\/\/www.eoimalaga.com\/web\/wp-json\/wp\/v2\/pages\/8704","targetHints":{"allow":["GET"]}}],"collection":[{"href":"https:\/\/www.eoimalaga.com\/web\/wp-json\/wp\/v2\/pages"}],"about":[{"href":"https:\/\/www.eoimalaga.com\/web\/wp-json\/wp\/v2\/types\/page"}],"author":[{"embeddable":true,"href":"https:\/\/www.eoimalaga.com\/web\/wp-json\/wp\/v2\/users\/19"}],"replies":[{"embeddable":true,"href":"https:\/\/www.eoimalaga.com\/web\/wp-json\/wp\/v2\/comments?post=8704"}],"version-history":[{"count":10,"href":"https:\/\/www.eoimalaga.com\/web\/wp-json\/wp\/v2\/pages\/8704\/revisions"}],"predecessor-version":[{"id":9218,"href":"https:\/\/www.eoimalaga.com\/web\/wp-json\/wp\/v2\/pages\/8704\/revisions\/9218"}],"wp:attachment":[{"href":"https:\/\/www.eoimalaga.com\/web\/wp-json\/wp\/v2\/media?parent=8704"}],"wp:term":[{"taxonomy":"category","embeddable":true,"href":"https:\/\/www.eoimalaga.com\/web\/wp-json\/wp\/v2\/categories?post=8704"},{"taxonomy":"post_tag","embeddable":true,"href":"https:\/\/www.eoimalaga.com\/web\/wp-json\/wp\/v2\/tags?post=8704"}],"curies":[{"name":"wp","href":"https:\/\/api.w.org\/{rel}","templated":true}]}}