{"id":8691,"date":"2019-12-31T07:11:58","date_gmt":"2019-12-31T05:11:58","guid":{"rendered":"http:\/\/www.eoimalaga.com\/web\/?page_id=8691"},"modified":"2025-12-11T14:24:31","modified_gmt":"2025-12-11T12:24:31","slug":"material-para-las-ausencias","status":"publish","type":"page","link":"https:\/\/www.eoimalaga.com\/web\/italiano\/material-para-las-ausencias\/","title":{"rendered":"Material para las ausencias y autoaprendizaje"},"content":{"rendered":"<div class=\"wpb-content-wrapper\"><p>[vc_row][vc_column][vc_column_text css=\u00bb\u00bb]<\/p>\n<h1>Material para las ausencias<\/h1>\n<p>[\/vc_column_text][vc_row_inner][vc_column_inner][\/vc_column_inner][\/vc_row_inner][vc_column_text css=\u00bb\u00bb]<span style=\"font-size: 14px\">A continuaci\u00f3n se presentan materiales a utilizar ante la inasistencia del docente. <\/span><\/p>\n<p><span style=\"font-size: 14px\">Cada curso presencial presenta el trabajo equivalente a 4 sesiones de inasistencia.<\/span><\/p>\n<p><span style=\"font-size: 14px\"> El trabajo es aut\u00f3nomo y viene con claves para la auto correci\u00f3n. <\/span><\/p>\n<p><span style=\"font-size: 14px\">Las tareas de expresi\u00f3n o interacci\u00f3n escritas, presentes en algunos cursos, son propuestas para entregarlas al profesor tras su incorporaci\u00f3n.<\/span><\/p>\n<p><span style=\"font-size: 14px\">BUON LAVORO!<\/span>[\/vc_column_text][\/vc_column][\/vc_row][vc_row][vc_column width=\u00bb1\/3&#8243;][vc_column_text css=\u00bb\u00bb]<span style=\"font-size: 18pt;color: #993300\">A1<\/span><\/p>\n<p><a href=\"http:\/\/www.eoimalaga.com\/ITALIANO\/wp-content\/uploads\/2018\/11\/sesi\u00f3n-1.-A1.pdf\"><strong>primera sesi\u00f3n<\/strong><\/a><\/p>\n<p><a href=\"https:\/\/drive.google.com\/file\/d\/1QfNVapn93NtK4Pqc4lOZx5vHbzbPPZDz\/view?usp=drive_link\"><strong>segunda sesi\u00f3n<\/strong><\/a><\/p>\n<p><a href=\"http:\/\/www.eoimalaga.com\/ITALIANO\/wp-content\/uploads\/2018\/11\/sesi\u00f3n-2.-A1-VIDEO.mp4\"><strong>segunda sesi\u00f3n Un video divertente<\/strong><\/a><\/p>\n<p><a href=\"http:\/\/www.eoimalaga.com\/ITALIANO\/wp-content\/uploads\/2018\/11\/sesi\u00f3n-3.-A1.pdf\"><strong>tercera sesi\u00f3n<\/strong><\/a><\/p>\n<p><a href=\"https:\/\/docs.google.com\/document\/d\/13ei8YT1DIF1bw_GTLJZqxrZPBtZm0nxq\/edit?usp=sharing&amp;ouid=103347688252275087247&amp;rtpof=true&amp;sd=true\"><strong>cuarta sesi\u00f3n<\/strong><\/a>[\/vc_column_text][\/vc_column][vc_column width=\u00bb1\/3&#8243;][vc_column_text css=\u00bb\u00bb]<span style=\"font-size: 18pt\"><span style=\"color: #993300\">A2<\/span><\/span><\/p>\n<p><a href=\"https:\/\/drive.google.com\/file\/d\/1X-8KYvD_pyGIWDBvMavv_fdixv0HLwaZ\/view?usp=drive_link\"><strong>primera sesi\u00f3n<\/strong><\/a><\/p>\n<p><span style=\"font-size: 16px\"><strong><a href=\"https:\/\/drive.google.com\/file\/d\/1l-BR0ma0oGaX2P3CPUp-FMmkb21vepJ-\/view?usp=drive_link\">primera sesi\u00f3n chiavi<\/a><\/strong><\/span><\/p>\n<p><a href=\"https:\/\/drive.google.com\/file\/d\/17nMHuU-ReqXoub2FTjhoQ8gKeos40Zto\/view?usp=drive_link\"><strong>segunda sesi\u00f3n<\/strong><\/a><\/p>\n<p><a href=\"https:\/\/drive.google.com\/file\/d\/1LwxqyUr9ZV6kFJr71zWvcAop1DOv001A\/view?usp=drive_link\"><strong>segunda sesi\u00f3n chiavi<\/strong><\/a><\/p>\n<p><a href=\"https:\/\/drive.google.com\/file\/d\/1DEdLI0hCA9ehYix3qmBY0D8lyhG6vjeW\/view?usp=drive_link\"><strong> tercera sesi\u00f3n<\/strong><\/a><\/p>\n<p><a href=\"https:\/\/docs.google.com\/document\/d\/1JJWTiEx-YaB_BbQAxnxGcTz6BnuEmLUqIGV8Gj9k29Q\/edit?usp=drive_link\"><strong>cuarta sesi\u00f3n<\/strong><\/a>[\/vc_column_text][\/vc_column][vc_column width=\u00bb1\/3&#8243;][vc_column_text css=\u00bb\u00bb]<span style=\"font-size: 18pt;color: #993300\">B1<\/span><\/p>\n<p><a href=\"https:\/\/docs.google.com\/document\/d\/1qgI8fJ204ZzknQKd9k0ycE7G4CVV5aM4-RTFH28JUvg\/edit?usp=sharing\"><strong>primera sesi\u00f3n<\/strong><\/a><\/p>\n<p><a href=\"https:\/\/docs.google.com\/document\/d\/1VQx2rcLk2UW2I74gQFD3-rMd1sVQJlx7\/edit?usp=sharing&amp;ouid=103347688252275087247&amp;rtpof=true&amp;sd=true\"><strong>segunda sesi\u00f3n<\/strong><\/a><\/p>\n<p><a href=\"https:\/\/docs.google.com\/document\/d\/1rtdNOrmtWAIhCgCO7UAVBP3R3V9qohf2\/edit?usp=sharing&amp;ouid=103347688252275087247&amp;rtpof=true&amp;sd=true\"><strong>segunda sesi\u00f3n- chtavi<\/strong><\/a><\/p>\n<p><a href=\"https:\/\/docs.google.com\/document\/d\/1Yw522BjwV8qhCbmtRb7BGhG-dmbqwCJk\/edit?usp=sharing&amp;ouid=103347688252275087247&amp;rtpof=true&amp;sd=true\"><strong>tercera sesi\u00f3n<\/strong><\/a><\/p>\n<p><a href=\"https:\/\/docs.google.com\/document\/d\/1QHi4tchglADlnGF1JhZ2RgOjXVEGIEG_\/edit?usp=sharing&amp;ouid=103347688252275087247&amp;rtpof=true&amp;sd=true\"><strong>tercera sesi\u00f3n chiavi<\/strong><\/a><\/p>\n<p><a href=\"https:\/\/docs.google.com\/document\/d\/1E015QvmNQfLEeuQpx2x0jFty1Lba0eQ8Yi6g0nkEe30\/edit?usp=sharing\"><strong>cuarta sesi\u00f3n<\/strong><\/a><\/p>\n<p><a href=\"https:\/\/docs.google.com\/document\/d\/1VAzwl1skln0ii3D40ji0ZPERW6w64bVzSHtxzD3FXH8\/edit?usp=sharing\"><strong>cuarta sesi\u00f3n- chiavi<\/strong><\/a>[\/vc_column_text][\/vc_column][\/vc_row][vc_row][vc_column width=\u00bb1\/3&#8243;][vc_column_text css=\u00bb\u00bb]<span style=\"font-size: 18pt;color: #993300\">B2.1<\/span><\/p>\n<p><a href=\"https:\/\/docs.google.com\/document\/d\/1kGH5CRyrK17fnlqF8gNpW8WOeOcPOb6n\/edit?usp=sharing&amp;ouid=103347688252275087247&amp;rtpof=true&amp;sd=true\"><strong>primera sesi\u00f3n<\/strong><\/a><\/p>\n<p><a href=\"https:\/\/docs.google.com\/document\/d\/16EUBHyiahi9s82gWWJm3xEJDrtaJe3XE\/edit?usp=sharing&amp;ouid=103347688252275087247&amp;rtpof=true&amp;sd=true\"><strong>primera sesi\u00f3n chiavi<\/strong><\/a><\/p>\n<p><a href=\"https:\/\/docs.google.com\/document\/d\/186TxFP91yNV8hKV90vQSvtQEAVnqW2sOZLhkV8DpriA\/edit?usp=sharing\"><strong>segunda sesi\u00f3n<\/strong><\/a><\/p>\n<p><a href=\"https:\/\/docs.google.com\/document\/d\/19qifuQkaX-3JKzaOrN_ScTBVSuZEh0tWfvBj5Hox6EM\/edit?usp=sharing\"><strong>segunda sesi\u00f3n chiavi<\/strong><\/a><\/p>\n<p><a href=\"https:\/\/docs.google.com\/document\/d\/1C5nJJfUhC9N40i-cgxnSkw7zqlW7IIW3dfHR8wwzV7I\/edit?usp=sharing\"><strong>tercera sesi\u00f3n<\/strong><\/a><\/p>\n<p><a href=\"https:\/\/drive.google.com\/file\/d\/1CSs7piYegJ217m9uyU75XJteAuidxaQG\/view?usp=sharing\"><strong>tercera sesi\u00f3n chiavi<\/strong><\/a><\/p>\n<p><a href=\"https:\/\/docs.google.com\/document\/d\/1zbqb1KuyhEiQEihggS-zsh0Qa7PIc3BTJE0N5_Q7Sw4\/edit?usp=sharing\"><strong>cuarta sesi\u00f3n<\/strong><\/a><\/p>\n<p><a href=\"https:\/\/drive.google.com\/file\/d\/1-DlP5ssOzwfiogJIfN6sDjAzp1sRY6n3\/view?usp=sharing\"><strong>cuarta sesi\u00f3n- chiavi<\/strong><\/a>[\/vc_column_text][\/vc_column][vc_column width=\u00bb1\/3&#8243;][vc_column_text css=\u00bb\u00bb]<span style=\"font-size: 18pt;color: #993300\">B2.2<\/span><\/p>\n<p><a href=\"https:\/\/docs.google.com\/document\/d\/18eVKJbmzg-ueteNLxelurkoWsoWjOkUjvWqRepR5nUE\/edit?usp=sharing\"><strong>primera sesi\u00f3n<\/strong><\/a><\/p>\n<p><a href=\"https:\/\/docs.google.com\/document\/d\/1VoCFO1ZkrBh5taErOZi23BJPdweE979lXbNMePKqnn4\/edit?usp=sharing\"><strong>segunda sesi\u00f3n<\/strong><\/a><\/p>\n<p><a href=\"https:\/\/drive.google.com\/file\/d\/1a_llohUNWYR_YYJcOt_vgpkzil1ootKd\/view?usp=sharing\"><strong>tercera sesi\u00f3n- parte 1<\/strong><\/a><\/p>\n<p><a href=\"https:\/\/drive.google.com\/file\/d\/1xOnTY2Fk4OBwmCel0ldtYaHk6iAok2po\/view?usp=sharing\"><strong>tercera sesi\u00f3n- parte 2<\/strong><\/a><\/p>\n<p><a href=\"https:\/\/drive.google.com\/file\/d\/1FNKe-cOB1T4-TZ7rE5ucX1GReTDJpnbs\/view?usp=sharing\"><strong>tercera sesi\u00f3n- parte 3<\/strong><\/a><\/p>\n<p><a href=\"https:\/\/docs.google.com\/document\/d\/1i0uMwtnI-RKosIZF7iD4U9BKY5WhHTgJspGelaSqqWk\/edit?usp=sharing\"><strong>tercera sesi\u00f3n- chiavi<\/strong><\/a><\/p>\n<p><a href=\"https:\/\/docs.google.com\/document\/d\/1r6eAqyb14h7shyoNvQH6cyRktmPoqpPhbcMFlju9DUI\/edit?usp=sharing\"><strong>cuarta sesi\u00f3n\u00a0<\/strong><\/a><\/p>\n<p><a href=\"https:\/\/docs.google.com\/document\/d\/1bBa8gyt1wA1Vc38oeUJ0gzhiCfJ-UbzlrmRGs__T3rU\/edit?usp=sharing\"><strong>cuarta sesi\u00f3n &#8211; chiavi<\/strong><\/a>[\/vc_column_text][\/vc_column][vc_column width=\u00bb1\/3&#8243;][vc_column_text css=\u00bb\u00bb]<span style=\"font-size: 18pt;color: #993300\">C1.1<\/span><\/p>\n<p><a href=\"https:\/\/drive.google.com\/file\/d\/1VZ1BHOQMJlL9g7sDvKHgxmtLz5SDzFPy\/view?usp=drive_link\"><strong>primera sesi\u00f3n<\/strong><\/a><\/p>\n<p><a href=\"https:\/\/drive.google.com\/file\/d\/1LwgKck0GxznylWRoxKzZBXj-GNMHMvRP\/view?usp=drive_link\"><strong>segunda sesi\u00f3n<\/strong><\/a><\/p>\n<p><a href=\"https:\/\/drive.google.com\/file\/d\/1vvbxQ_IBTTdkDMX-yOz_FBDNXo2J9NDA\/view?usp=drive_link\"><strong>tercera sesi\u00f3n<\/strong><\/a><\/p>\n<p><a href=\"https:\/\/drive.google.com\/file\/d\/1Gy5TxtL0ou66xMSrMTJeHtR_knmQh4J9\/view?usp=drive_link\"><strong>cuarta sesi\u00f3n<\/strong><\/a><\/p>\n<p><a href=\"https:\/\/drive.google.com\/file\/d\/10Gv5D2eakiHkEC8lLi_1yrixvqqNVwLo\/view?usp=drive_link\"><strong>chiavi<\/strong><\/a>[\/vc_column_text][\/vc_column][\/vc_row][vc_row][vc_column][vc_column_text css=\u00bb\u00bb]<span style=\"font-weight: 400;font-size: 18px\">C1.2<\/span><\/p>\n<p>&nbsp;<\/p>\n<p><strong><span style=\"font-size: 18px\"><a href=\"https:\/\/docs.google.com\/document\/d\/10uvpfcQmo44IhEsmIIN3i5dyzz_SFgWp5h7nvaKFrxM\/edit?usp=sharing\">primera sesi\u00f3n<\/a><\/span><\/strong><\/p>\n<p>&nbsp;<\/p>\n<p><strong><span style=\"font-size: 18px\"><a href=\"https:\/\/docs.google.com\/document\/d\/1SPp2uyq6xN6asdF4ZiljyZL6GGHQslZHqUvRcDdWRdE\/edit?usp=sharing\">segunda sesi\u00f3n<\/a><\/span><\/strong><\/p>\n<p>&nbsp;<\/p>\n<p><strong><span style=\"font-size: 18px\"><a href=\"https:\/\/docs.google.com\/document\/d\/1pkQsnso3vYnBq0HhcCCR8ay7QxZUQaUfs6dT1opKe9g\/edit?usp=sharing\">tercera sesi\u00f3n<\/a><\/span><\/strong><\/p>\n<p>&nbsp;<\/p>\n<p><strong><span style=\"font-size: 18px\"><a href=\"https:\/\/docs.google.com\/document\/d\/1YHaKYYDVWZcVMuEuJs4qEEvUPUNQH7d8WcZr0xQzt6A\/edit?usp=sharing\">cuarta sesi\u00f3n<\/a><\/span><\/strong>[\/vc_column_text][vc_empty_space][vc_column_text css=\u00bb\u00bb]<\/p>\n<h1>Material para el autoaprendizaje<\/h1>\n<p>[\/vc_column_text][vc_column_text css=\u00bb\u00bb]<span style=\"font-weight: 400\">CORSO ITALIANO <\/span><\/p>\n<p><span style=\"font-weight: 400\">A1 <\/span><a href=\"https:\/\/youtu.be\/LOEtAu_XXFA?si=xMW7mltCjcS0xGP_\"><span style=\"font-weight: 400\">https:\/\/youtu.be\/LOEtAu_XXFA?si=xMW7mltCjcS0xGP_<\/span><\/a><span style=\"font-weight: 400\">\u00a0<\/span><\/p>\n<p><span style=\"font-weight: 400\">A2 <\/span><a href=\"https:\/\/youtu.be\/hnKxQNuloa8?si=UzwysM43m849iwIU\"><span style=\"font-weight: 400\">https:\/\/youtu.be\/hnKxQNuloa8?si=UzwysM43m849iwIU<\/span><\/a><span style=\"font-weight: 400\">\u00a0<\/span><\/p>\n<p><span style=\"font-weight: 400\">B1<\/span><a href=\"https:\/\/youtu.be\/urpNuPRUuoU?si=iOXq79O1BFMHKSq-\"><span style=\"font-weight: 400\">https:\/\/youtu.be\/urpNuPRUuoU?si=iOXq79O1BFMHKSq-<\/span><\/a><span style=\"font-weight: 400\">\u00a0<\/span><\/p>\n<p><span style=\"font-weight: 400\">B2 <\/span><a href=\"https:\/\/youtu.be\/akAsDtHhkVM?si=Hk8EzIiUzyihuO61\"><span style=\"font-weight: 400\">https:\/\/youtu.be\/akAsDtHhkVM?si=Hk8EzIiUzyihuO61<\/span><\/a><span style=\"font-weight: 400\">\u00a0<\/span><\/p>\n<p><span style=\"font-weight: 400\">C1 <\/span><a href=\"https:\/\/youtu.be\/5YpBepG85jA?si=yaqo7NGBAGRm6Dl8\"><span style=\"font-weight: 400\">https:\/\/youtu.be\/5YpBepG85jA?si=yaqo7NGBAGRm6Dl8<\/span><\/a><span style=\"font-weight: 400\">\u00a0<\/span><\/p>\n<p><span style=\"font-weight: 400\">web tv italiana per studenti <\/span><a href=\"https:\/\/www.almaedizioni.it\/alma-tv\/\"><span style=\"font-weight: 400\">https:\/\/www.almaedizioni.it\/alma-tv\/<\/span><\/a><span style=\"font-weight: 400\">\u00a0<\/span><\/p>\n<p><span style=\"font-weight: 400\">per tutti i livelli<\/span><\/p>\n<p><span style=\"font-weight: 400\">1- <\/span><a href=\"https:\/\/learnamo.com\/es\/\"><span style=\"font-weight: 400\">https:\/\/learnamo.com\/es\/<\/span><\/a><\/p>\n<p><span style=\"font-weight: 400\">Qui potete trovare diversi video sulla lingua italiana e una buona spiegazione in ogni post.<\/span><\/p>\n<p><span style=\"font-weight: 400\">2- <\/span><a href=\"https:\/\/lyricstraining.com\/it\"><span style=\"font-weight: 400\">https:\/\/lyricstraining.com\/it<\/span><\/a><\/p>\n<p><span style=\"font-weight: 400\">Questo sito \u00e8 per esercitarsi in italiano con le canzoni.<\/span><\/p>\n<p><span style=\"font-weight: 400\">3- <\/span><a href=\"https:\/\/es.youglish.com\/italian\"><span style=\"font-weight: 400\">https:\/\/es.youglish.com\/italian<\/span><\/a><\/p>\n<p><span style=\"font-weight: 400\">Per migliorare la pronuncia o vedere una parola\/espressione usata in un contesto reale.<\/span><\/p>\n<p><span style=\"font-weight: 400\">4- La storia in giallo: <\/span><a href=\"https:\/\/www.raiplaysound.it\/programmi\/lastoriaingiallo\"><span style=\"font-weight: 400\">https:\/\/www.raiplaysound.it\/programmi\/lastoriaingiallo<\/span><\/a><\/p>\n<p><span style=\"font-weight: 400\">5- Facilini (Spotify): <\/span><a href=\"https:\/\/open.spotify.com\/episode\/4mAQKxkZVrLBQq3ffy4mSd?si=0xvVMOh-RG6ZQeR0IvDgpw\"><span style=\"font-weight: 400\">https:\/\/open.spotify.com\/episode\/4mAQKxkZVrLBQq3ffy4mSd?si=0xvVMOh-RG6ZQeR0IvDgpw<\/span><\/a><\/p>\n<p><span style=\"font-weight: 400\">6- News in Slow Italian (Spotify): <\/span><a href=\"https:\/\/open.spotify.com\/episode\/2bRww6z8vORUAjVrqniu1N?si=TsPiHEmTQ2-zeiHPrBjhfg\"><span style=\"font-weight: 400\">https:\/\/open.spotify.com\/episode\/2bRww6z8vORUAjVrqniu1N?si=TsPiHEmTQ2-zeiHPrBjhfg<\/span><\/a><\/p>\n<p><span style=\"font-weight: 400\">Libreria on line <\/span><a href=\"http:\/\/www.ibs.it\"><span style=\"font-weight: 400\">www.ibs.it<\/span><\/a>[\/vc_column_text][\/vc_column][\/vc_row]<\/p>\n<\/div>","protected":false},"excerpt":{"rendered":"<p>[vc_row][vc_column][vc_column_text css=\u00bb\u00bb] Material para las ausencias [\/vc_column_text][vc_row_inner][vc_column_inner][\/vc_column_inner][\/vc_row_inner][vc_column_text css=\u00bb\u00bb]A continuaci\u00f3n se presentan materiales a utilizar ante la inasistencia del docente. Cada curso presencial presenta el trabajo equivalente a 4 sesiones de inasistencia. El trabajo es aut\u00f3nomo y viene con claves para la auto correci\u00f3n. Las tareas de expresi\u00f3n o interacci\u00f3n escritas, presentes en algunos cursos, son [&hellip;]<\/p>\n","protected":false},"author":18,"featured_media":0,"parent":8653,"menu_order":0,"comment_status":"closed","ping_status":"closed","template":"","meta":{"inline_featured_image":false,"footnotes":""},"categories":[61],"tags":[],"class_list":["post-8691","page","type-page","status-publish","hentry","category-italiano"],"yoast_head":"<!-- This site is optimized with the Yoast SEO plugin v26.5 - https:\/\/yoast.com\/wordpress\/plugins\/seo\/ -->\n<title>Material para las ausencias y autoaprendizaje - P\u00e1gina Oficial de la EOI de M\u00e1laga ::Los idiomas ponen el mundo a tus pies::<\/title>\n<meta name=\"robots\" content=\"index, follow, max-snippet:-1, max-image-preview:large, max-video-preview:-1\" \/>\n<link rel=\"canonical\" href=\"https:\/\/www.eoimalaga.com\/web\/italiano\/material-para-las-ausencias\/\" \/>\n<meta property=\"og:locale\" content=\"es_ES\" \/>\n<meta property=\"og:type\" content=\"article\" \/>\n<meta property=\"og:title\" content=\"Material para las ausencias y autoaprendizaje - P\u00e1gina Oficial de la EOI de M\u00e1laga ::Los idiomas ponen el mundo a tus pies::\" \/>\n<meta property=\"og:description\" content=\"[vc_row][vc_column][vc_column_text css=\u00bb\u00bb] Material para las ausencias [\/vc_column_text][vc_row_inner][vc_column_inner][\/vc_column_inner][\/vc_row_inner][vc_column_text css=\u00bb\u00bb]A continuaci\u00f3n se presentan materiales a utilizar ante la inasistencia del docente. Cada curso presencial presenta el trabajo equivalente a 4 sesiones de inasistencia. El trabajo es aut\u00f3nomo y viene con claves para la auto correci\u00f3n. Las tareas de expresi\u00f3n o interacci\u00f3n escritas, presentes en algunos cursos, son [&hellip;]\" \/>\n<meta property=\"og:url\" content=\"https:\/\/www.eoimalaga.com\/web\/italiano\/material-para-las-ausencias\/\" \/>\n<meta property=\"og:site_name\" content=\"P\u00e1gina Oficial de la EOI de M\u00e1laga ::Los idiomas ponen el mundo a tus pies::\" \/>\n<meta property=\"article:modified_time\" content=\"2025-12-11T12:24:31+00:00\" \/>\n<meta name=\"twitter:card\" content=\"summary_large_image\" \/>\n<meta name=\"twitter:label1\" content=\"Tiempo de lectura\" \/>\n\t<meta name=\"twitter:data1\" content=\"2 minutos\" \/>\n<script type=\"application\/ld+json\" class=\"yoast-schema-graph\">{\"@context\":\"https:\/\/schema.org\",\"@graph\":[{\"@type\":\"WebPage\",\"@id\":\"https:\/\/www.eoimalaga.com\/web\/italiano\/material-para-las-ausencias\/\",\"url\":\"https:\/\/www.eoimalaga.com\/web\/italiano\/material-para-las-ausencias\/\",\"name\":\"Material para las ausencias y autoaprendizaje - P\u00e1gina Oficial de la EOI de M\u00e1laga ::Los idiomas ponen el mundo a tus pies::\",\"isPartOf\":{\"@id\":\"https:\/\/www.eoimalaga.com\/web\/#website\"},\"datePublished\":\"2019-12-31T05:11:58+00:00\",\"dateModified\":\"2025-12-11T12:24:31+00:00\",\"breadcrumb\":{\"@id\":\"https:\/\/www.eoimalaga.com\/web\/italiano\/material-para-las-ausencias\/#breadcrumb\"},\"inLanguage\":\"es\",\"potentialAction\":[{\"@type\":\"ReadAction\",\"target\":[\"https:\/\/www.eoimalaga.com\/web\/italiano\/material-para-las-ausencias\/\"]}]},{\"@type\":\"BreadcrumbList\",\"@id\":\"https:\/\/www.eoimalaga.com\/web\/italiano\/material-para-las-ausencias\/#breadcrumb\",\"itemListElement\":[{\"@type\":\"ListItem\",\"position\":1,\"name\":\"Home\",\"item\":\"https:\/\/www.eoimalaga.com\/web\/\"},{\"@type\":\"ListItem\",\"position\":2,\"name\":\"ITALIANO\",\"item\":\"https:\/\/www.eoimalaga.com\/web\/italiano\/\"},{\"@type\":\"ListItem\",\"position\":3,\"name\":\"Material para las ausencias y autoaprendizaje\"}]},{\"@type\":\"WebSite\",\"@id\":\"https:\/\/www.eoimalaga.com\/web\/#website\",\"url\":\"https:\/\/www.eoimalaga.com\/web\/\",\"name\":\"P\u00e1gina Oficial de la EOI de M\u00e1laga ::Los idiomas ponen el mundo a tus pies::\",\"description\":\"EOI M\u00e1laga\",\"potentialAction\":[{\"@type\":\"SearchAction\",\"target\":{\"@type\":\"EntryPoint\",\"urlTemplate\":\"https:\/\/www.eoimalaga.com\/web\/?s={search_term_string}\"},\"query-input\":{\"@type\":\"PropertyValueSpecification\",\"valueRequired\":true,\"valueName\":\"search_term_string\"}}],\"inLanguage\":\"es\"}]}<\/script>\n<!-- \/ Yoast SEO plugin. -->","yoast_head_json":{"title":"Material para las ausencias y autoaprendizaje - P\u00e1gina Oficial de la EOI de M\u00e1laga ::Los idiomas ponen el mundo a tus pies::","robots":{"index":"index","follow":"follow","max-snippet":"max-snippet:-1","max-image-preview":"max-image-preview:large","max-video-preview":"max-video-preview:-1"},"canonical":"https:\/\/www.eoimalaga.com\/web\/italiano\/material-para-las-ausencias\/","og_locale":"es_ES","og_type":"article","og_title":"Material para las ausencias y autoaprendizaje - P\u00e1gina Oficial de la EOI de M\u00e1laga ::Los idiomas ponen el mundo a tus pies::","og_description":"[vc_row][vc_column][vc_column_text css=\u00bb\u00bb] Material para las ausencias [\/vc_column_text][vc_row_inner][vc_column_inner][\/vc_column_inner][\/vc_row_inner][vc_column_text css=\u00bb\u00bb]A continuaci\u00f3n se presentan materiales a utilizar ante la inasistencia del docente. Cada curso presencial presenta el trabajo equivalente a 4 sesiones de inasistencia. El trabajo es aut\u00f3nomo y viene con claves para la auto correci\u00f3n. Las tareas de expresi\u00f3n o interacci\u00f3n escritas, presentes en algunos cursos, son [&hellip;]","og_url":"https:\/\/www.eoimalaga.com\/web\/italiano\/material-para-las-ausencias\/","og_site_name":"P\u00e1gina Oficial de la EOI de M\u00e1laga ::Los idiomas ponen el mundo a tus pies::","article_modified_time":"2025-12-11T12:24:31+00:00","twitter_card":"summary_large_image","twitter_misc":{"Tiempo de lectura":"2 minutos"},"schema":{"@context":"https:\/\/schema.org","@graph":[{"@type":"WebPage","@id":"https:\/\/www.eoimalaga.com\/web\/italiano\/material-para-las-ausencias\/","url":"https:\/\/www.eoimalaga.com\/web\/italiano\/material-para-las-ausencias\/","name":"Material para las ausencias y autoaprendizaje - P\u00e1gina Oficial de la EOI de M\u00e1laga ::Los idiomas ponen el mundo a tus pies::","isPartOf":{"@id":"https:\/\/www.eoimalaga.com\/web\/#website"},"datePublished":"2019-12-31T05:11:58+00:00","dateModified":"2025-12-11T12:24:31+00:00","breadcrumb":{"@id":"https:\/\/www.eoimalaga.com\/web\/italiano\/material-para-las-ausencias\/#breadcrumb"},"inLanguage":"es","potentialAction":[{"@type":"ReadAction","target":["https:\/\/www.eoimalaga.com\/web\/italiano\/material-para-las-ausencias\/"]}]},{"@type":"BreadcrumbList","@id":"https:\/\/www.eoimalaga.com\/web\/italiano\/material-para-las-ausencias\/#breadcrumb","itemListElement":[{"@type":"ListItem","position":1,"name":"Home","item":"https:\/\/www.eoimalaga.com\/web\/"},{"@type":"ListItem","position":2,"name":"ITALIANO","item":"https:\/\/www.eoimalaga.com\/web\/italiano\/"},{"@type":"ListItem","position":3,"name":"Material para las ausencias y autoaprendizaje"}]},{"@type":"WebSite","@id":"https:\/\/www.eoimalaga.com\/web\/#website","url":"https:\/\/www.eoimalaga.com\/web\/","name":"P\u00e1gina Oficial de la EOI de M\u00e1laga ::Los idiomas ponen el mundo a tus pies::","description":"EOI M\u00e1laga","potentialAction":[{"@type":"SearchAction","target":{"@type":"EntryPoint","urlTemplate":"https:\/\/www.eoimalaga.com\/web\/?s={search_term_string}"},"query-input":{"@type":"PropertyValueSpecification","valueRequired":true,"valueName":"search_term_string"}}],"inLanguage":"es"}]}},"_links":{"self":[{"href":"https:\/\/www.eoimalaga.com\/web\/wp-json\/wp\/v2\/pages\/8691","targetHints":{"allow":["GET"]}}],"collection":[{"href":"https:\/\/www.eoimalaga.com\/web\/wp-json\/wp\/v2\/pages"}],"about":[{"href":"https:\/\/www.eoimalaga.com\/web\/wp-json\/wp\/v2\/types\/page"}],"author":[{"embeddable":true,"href":"https:\/\/www.eoimalaga.com\/web\/wp-json\/wp\/v2\/users\/18"}],"replies":[{"embeddable":true,"href":"https:\/\/www.eoimalaga.com\/web\/wp-json\/wp\/v2\/comments?post=8691"}],"version-history":[{"count":15,"href":"https:\/\/www.eoimalaga.com\/web\/wp-json\/wp\/v2\/pages\/8691\/revisions"}],"predecessor-version":[{"id":22727,"href":"https:\/\/www.eoimalaga.com\/web\/wp-json\/wp\/v2\/pages\/8691\/revisions\/22727"}],"up":[{"embeddable":true,"href":"https:\/\/www.eoimalaga.com\/web\/wp-json\/wp\/v2\/pages\/8653"}],"wp:attachment":[{"href":"https:\/\/www.eoimalaga.com\/web\/wp-json\/wp\/v2\/media?parent=8691"}],"wp:term":[{"taxonomy":"category","embeddable":true,"href":"https:\/\/www.eoimalaga.com\/web\/wp-json\/wp\/v2\/categories?post=8691"},{"taxonomy":"post_tag","embeddable":true,"href":"https:\/\/www.eoimalaga.com\/web\/wp-json\/wp\/v2\/tags?post=8691"}],"curies":[{"name":"wp","href":"https:\/\/api.w.org\/{rel}","templated":true}]}}