{"id":8689,"date":"2019-12-31T07:10:50","date_gmt":"2019-12-31T05:10:50","guid":{"rendered":"http:\/\/www.eoimalaga.com\/web\/?page_id=8689"},"modified":"2025-09-18T12:31:11","modified_gmt":"2025-09-18T10:31:11","slug":"libros-de-texto","status":"publish","type":"page","link":"https:\/\/www.eoimalaga.com\/web\/italiano\/libros-de-texto\/","title":{"rendered":"Libros de texto"},"content":{"rendered":"<div><span style=\"font-size: 18pt;color: #ff0000\"><strong>MANUALI 2025-2026<\/strong><\/span><\/div>\n<div><span style=\"font-size: x-large;color: #008000\"><strong>PRIMO CORSO DI LIVELLO BASICO A1\u00a0<\/strong><\/span><\/div>\n<div><span style=\"font-size: large\"><strong><span style=\"color: #000000\">VIA DEL CORSO A1 <strong style=\"font-size: large\">(ore 9 e 11:15)\u00a0\u00a0<\/strong><\/span><\/strong><\/span><\/div>\n<div><span style=\"font-size: 18px\"><strong>DAI<\/strong><\/span><strong>\u00a0 \u00a0 \u00a0 \u00a0 \u00a0 \u00a0 \u00a0 \u00a0 \u00a0 \u00a0 \u00a0 \u00a0 \u00a0 \u00a0 \u00a0 \u00a0 \u00a0 \u00a0 \u00a0 \u00a0 \u00a0 \u00a0 \u00a0 \u00a0 \u00a0 \u00a0 \u00a0 \u00a0 \u00a0\u00a0<\/strong><\/div>\n<div><span style=\"font-size: x-large;color: #008000\"><strong>SECONDO CORSO DI LIVELLO BASICO A2<\/strong><\/span><\/div>\n<div><span style=\"font-size: large\"><strong><span style=\"color: #000000\">NUOVO ESPRESSO 2<\/span><\/strong><\/span><\/div>\n<div>\n<div><span style=\"font-size: x-large;color: #008000\"><strong>LIVELLO INTERMEDIO B1\u00a0<\/strong><\/span><\/div>\n<div><strong><span style=\"font-size: 18px\">NUOVO ESPRESSO 3 (ore 9)<\/span><\/strong><\/div>\n<div><span style=\"font-size: large\"><strong><span style=\"color: #000000\">DIECI B1 <strong style=\"font-size: large\">(con codice per ebook interattivo)<\/strong><\/span><\/strong><\/span><\/div>\n<\/div>\n<div><span style=\"font-size: x-large\"><strong><span style=\"color: #000000\"><span style=\"color: #008000\">PRIMO CORSO DI LIVELLO INTERMEDIO B2\u00a0<\/span>\u00a0<\/span><\/strong><\/span><\/div>\n<div><span style=\"font-size: large\"><strong><span style=\"color: #000000\">NUOVO ESPRESSO 4<\/span><\/strong><\/span><\/div>\n<div><span style=\"font-size: 18pt\"><strong><span style=\"color: #000000\"><span style=\"color: #008000\">SECONDO CORSO DI LIVELLO INTERMEDIO B2\u00a0<\/span><\/span><\/strong><\/span><\/div>\n<div><strong style=\"font-size: large\"><span style=\"color: #000000\">DIECI B2\u00a0<strong>(con codice per ebook interattivo)<\/strong><\/span><\/strong><\/div>\n<div>\n<div><span style=\"font-size: x-large\"><strong><span style=\"color: #000000\"><span style=\"color: #008000\">PRIMO CORSO DI LIVELLO AVANZATO C1<\/span><\/span><\/strong><\/span><\/div>\n<div>\n<div><span style=\"font-size: large\"><strong><span style=\"color: #000000\">Nuovissimo Progetto Italiano C1 (Libro dello studente)<\/span><\/strong><\/span><\/div>\n<\/div>\n<div><span style=\"font-size: x-large\"><strong><span style=\"color: #000000\"><span style=\"color: #008000\">SECONDO CORSO DI LIVELLO AVANZATO C1<\/span><\/span><\/strong><\/span><\/div>\n<div><strong><span style=\"font-size: 14pt\">NUOVO CONTATTO C1\u00a0<\/span><\/strong><\/div>\n<\/div>\n<div><\/div>\n<div><strong>\u00a0<\/strong><\/div>\n","protected":false},"excerpt":{"rendered":"<p>MANUALI 2025-2026 PRIMO CORSO DI LIVELLO BASICO A1\u00a0 VIA DEL CORSO A1 (ore 9 e 11:15)\u00a0\u00a0 DAI\u00a0 \u00a0 \u00a0 \u00a0 \u00a0 \u00a0 \u00a0 \u00a0 \u00a0 \u00a0 \u00a0 \u00a0 \u00a0 \u00a0 \u00a0 \u00a0 \u00a0 \u00a0 \u00a0 \u00a0 \u00a0 \u00a0 \u00a0 \u00a0 \u00a0 \u00a0 \u00a0 \u00a0 \u00a0\u00a0 SECONDO CORSO DI LIVELLO BASICO A2 NUOVO ESPRESSO 2 LIVELLO [&hellip;]<\/p>\n","protected":false},"author":18,"featured_media":0,"parent":8653,"menu_order":0,"comment_status":"closed","ping_status":"closed","template":"","meta":{"inline_featured_image":false,"footnotes":""},"categories":[61],"tags":[],"class_list":["post-8689","page","type-page","status-publish","hentry","category-italiano"],"yoast_head":"<!-- This site is optimized with the Yoast SEO plugin v26.5 - https:\/\/yoast.com\/wordpress\/plugins\/seo\/ -->\n<title>Libros de texto - P\u00e1gina Oficial de la EOI de M\u00e1laga ::Los idiomas ponen el mundo a tus pies::<\/title>\n<meta name=\"robots\" content=\"index, follow, max-snippet:-1, max-image-preview:large, max-video-preview:-1\" \/>\n<link rel=\"canonical\" href=\"https:\/\/www.eoimalaga.com\/web\/italiano\/libros-de-texto\/\" \/>\n<meta property=\"og:locale\" content=\"es_ES\" \/>\n<meta property=\"og:type\" content=\"article\" \/>\n<meta property=\"og:title\" content=\"Libros de texto - P\u00e1gina Oficial de la EOI de M\u00e1laga ::Los idiomas ponen el mundo a tus pies::\" \/>\n<meta property=\"og:description\" content=\"MANUALI 2025-2026 PRIMO CORSO DI LIVELLO BASICO A1\u00a0 VIA DEL CORSO A1 (ore 9 e 11:15)\u00a0\u00a0 DAI\u00a0 \u00a0 \u00a0 \u00a0 \u00a0 \u00a0 \u00a0 \u00a0 \u00a0 \u00a0 \u00a0 \u00a0 \u00a0 \u00a0 \u00a0 \u00a0 \u00a0 \u00a0 \u00a0 \u00a0 \u00a0 \u00a0 \u00a0 \u00a0 \u00a0 \u00a0 \u00a0 \u00a0 \u00a0\u00a0 SECONDO CORSO DI LIVELLO BASICO A2 NUOVO ESPRESSO 2 LIVELLO [&hellip;]\" \/>\n<meta property=\"og:url\" content=\"https:\/\/www.eoimalaga.com\/web\/italiano\/libros-de-texto\/\" \/>\n<meta property=\"og:site_name\" content=\"P\u00e1gina Oficial de la EOI de M\u00e1laga ::Los idiomas ponen el mundo a tus pies::\" \/>\n<meta property=\"article:modified_time\" content=\"2025-09-18T10:31:11+00:00\" \/>\n<meta name=\"twitter:card\" content=\"summary_large_image\" \/>\n<meta name=\"twitter:label1\" content=\"Tiempo de lectura\" \/>\n\t<meta name=\"twitter:data1\" content=\"1 minuto\" \/>\n<script type=\"application\/ld+json\" class=\"yoast-schema-graph\">{\"@context\":\"https:\/\/schema.org\",\"@graph\":[{\"@type\":\"WebPage\",\"@id\":\"https:\/\/www.eoimalaga.com\/web\/italiano\/libros-de-texto\/\",\"url\":\"https:\/\/www.eoimalaga.com\/web\/italiano\/libros-de-texto\/\",\"name\":\"Libros de texto - P\u00e1gina Oficial de la EOI de M\u00e1laga ::Los idiomas ponen el mundo a tus pies::\",\"isPartOf\":{\"@id\":\"https:\/\/www.eoimalaga.com\/web\/#website\"},\"datePublished\":\"2019-12-31T05:10:50+00:00\",\"dateModified\":\"2025-09-18T10:31:11+00:00\",\"breadcrumb\":{\"@id\":\"https:\/\/www.eoimalaga.com\/web\/italiano\/libros-de-texto\/#breadcrumb\"},\"inLanguage\":\"es\",\"potentialAction\":[{\"@type\":\"ReadAction\",\"target\":[\"https:\/\/www.eoimalaga.com\/web\/italiano\/libros-de-texto\/\"]}]},{\"@type\":\"BreadcrumbList\",\"@id\":\"https:\/\/www.eoimalaga.com\/web\/italiano\/libros-de-texto\/#breadcrumb\",\"itemListElement\":[{\"@type\":\"ListItem\",\"position\":1,\"name\":\"Home\",\"item\":\"https:\/\/www.eoimalaga.com\/web\/\"},{\"@type\":\"ListItem\",\"position\":2,\"name\":\"ITALIANO\",\"item\":\"https:\/\/www.eoimalaga.com\/web\/italiano\/\"},{\"@type\":\"ListItem\",\"position\":3,\"name\":\"Libros de texto\"}]},{\"@type\":\"WebSite\",\"@id\":\"https:\/\/www.eoimalaga.com\/web\/#website\",\"url\":\"https:\/\/www.eoimalaga.com\/web\/\",\"name\":\"P\u00e1gina Oficial de la EOI de M\u00e1laga ::Los idiomas ponen el mundo a tus pies::\",\"description\":\"EOI M\u00e1laga\",\"potentialAction\":[{\"@type\":\"SearchAction\",\"target\":{\"@type\":\"EntryPoint\",\"urlTemplate\":\"https:\/\/www.eoimalaga.com\/web\/?s={search_term_string}\"},\"query-input\":{\"@type\":\"PropertyValueSpecification\",\"valueRequired\":true,\"valueName\":\"search_term_string\"}}],\"inLanguage\":\"es\"}]}<\/script>\n<!-- \/ Yoast SEO plugin. -->","yoast_head_json":{"title":"Libros de texto - P\u00e1gina Oficial de la EOI de M\u00e1laga ::Los idiomas ponen el mundo a tus pies::","robots":{"index":"index","follow":"follow","max-snippet":"max-snippet:-1","max-image-preview":"max-image-preview:large","max-video-preview":"max-video-preview:-1"},"canonical":"https:\/\/www.eoimalaga.com\/web\/italiano\/libros-de-texto\/","og_locale":"es_ES","og_type":"article","og_title":"Libros de texto - P\u00e1gina Oficial de la EOI de M\u00e1laga ::Los idiomas ponen el mundo a tus pies::","og_description":"MANUALI 2025-2026 PRIMO CORSO DI LIVELLO BASICO A1\u00a0 VIA DEL CORSO A1 (ore 9 e 11:15)\u00a0\u00a0 DAI\u00a0 \u00a0 \u00a0 \u00a0 \u00a0 \u00a0 \u00a0 \u00a0 \u00a0 \u00a0 \u00a0 \u00a0 \u00a0 \u00a0 \u00a0 \u00a0 \u00a0 \u00a0 \u00a0 \u00a0 \u00a0 \u00a0 \u00a0 \u00a0 \u00a0 \u00a0 \u00a0 \u00a0 \u00a0\u00a0 SECONDO CORSO DI LIVELLO BASICO A2 NUOVO ESPRESSO 2 LIVELLO [&hellip;]","og_url":"https:\/\/www.eoimalaga.com\/web\/italiano\/libros-de-texto\/","og_site_name":"P\u00e1gina Oficial de la EOI de M\u00e1laga ::Los idiomas ponen el mundo a tus pies::","article_modified_time":"2025-09-18T10:31:11+00:00","twitter_card":"summary_large_image","twitter_misc":{"Tiempo de lectura":"1 minuto"},"schema":{"@context":"https:\/\/schema.org","@graph":[{"@type":"WebPage","@id":"https:\/\/www.eoimalaga.com\/web\/italiano\/libros-de-texto\/","url":"https:\/\/www.eoimalaga.com\/web\/italiano\/libros-de-texto\/","name":"Libros de texto - P\u00e1gina Oficial de la EOI de M\u00e1laga ::Los idiomas ponen el mundo a tus pies::","isPartOf":{"@id":"https:\/\/www.eoimalaga.com\/web\/#website"},"datePublished":"2019-12-31T05:10:50+00:00","dateModified":"2025-09-18T10:31:11+00:00","breadcrumb":{"@id":"https:\/\/www.eoimalaga.com\/web\/italiano\/libros-de-texto\/#breadcrumb"},"inLanguage":"es","potentialAction":[{"@type":"ReadAction","target":["https:\/\/www.eoimalaga.com\/web\/italiano\/libros-de-texto\/"]}]},{"@type":"BreadcrumbList","@id":"https:\/\/www.eoimalaga.com\/web\/italiano\/libros-de-texto\/#breadcrumb","itemListElement":[{"@type":"ListItem","position":1,"name":"Home","item":"https:\/\/www.eoimalaga.com\/web\/"},{"@type":"ListItem","position":2,"name":"ITALIANO","item":"https:\/\/www.eoimalaga.com\/web\/italiano\/"},{"@type":"ListItem","position":3,"name":"Libros de texto"}]},{"@type":"WebSite","@id":"https:\/\/www.eoimalaga.com\/web\/#website","url":"https:\/\/www.eoimalaga.com\/web\/","name":"P\u00e1gina Oficial de la EOI de M\u00e1laga ::Los idiomas ponen el mundo a tus pies::","description":"EOI M\u00e1laga","potentialAction":[{"@type":"SearchAction","target":{"@type":"EntryPoint","urlTemplate":"https:\/\/www.eoimalaga.com\/web\/?s={search_term_string}"},"query-input":{"@type":"PropertyValueSpecification","valueRequired":true,"valueName":"search_term_string"}}],"inLanguage":"es"}]}},"_links":{"self":[{"href":"https:\/\/www.eoimalaga.com\/web\/wp-json\/wp\/v2\/pages\/8689","targetHints":{"allow":["GET"]}}],"collection":[{"href":"https:\/\/www.eoimalaga.com\/web\/wp-json\/wp\/v2\/pages"}],"about":[{"href":"https:\/\/www.eoimalaga.com\/web\/wp-json\/wp\/v2\/types\/page"}],"author":[{"embeddable":true,"href":"https:\/\/www.eoimalaga.com\/web\/wp-json\/wp\/v2\/users\/18"}],"replies":[{"embeddable":true,"href":"https:\/\/www.eoimalaga.com\/web\/wp-json\/wp\/v2\/comments?post=8689"}],"version-history":[{"count":15,"href":"https:\/\/www.eoimalaga.com\/web\/wp-json\/wp\/v2\/pages\/8689\/revisions"}],"predecessor-version":[{"id":22260,"href":"https:\/\/www.eoimalaga.com\/web\/wp-json\/wp\/v2\/pages\/8689\/revisions\/22260"}],"up":[{"embeddable":true,"href":"https:\/\/www.eoimalaga.com\/web\/wp-json\/wp\/v2\/pages\/8653"}],"wp:attachment":[{"href":"https:\/\/www.eoimalaga.com\/web\/wp-json\/wp\/v2\/media?parent=8689"}],"wp:term":[{"taxonomy":"category","embeddable":true,"href":"https:\/\/www.eoimalaga.com\/web\/wp-json\/wp\/v2\/categories?post=8689"},{"taxonomy":"post_tag","embeddable":true,"href":"https:\/\/www.eoimalaga.com\/web\/wp-json\/wp\/v2\/tags?post=8689"}],"curies":[{"name":"wp","href":"https:\/\/api.w.org\/{rel}","templated":true}]}}