{"id":8679,"date":"2019-12-31T07:07:32","date_gmt":"2019-12-31T05:07:32","guid":{"rendered":"http:\/\/www.eoimalaga.com\/web\/?page_id=8679"},"modified":"2025-06-16T12:49:06","modified_gmt":"2025-06-16T10:49:06","slug":"pruebas-terminales-de-certificacion","status":"publish","type":"page","link":"https:\/\/www.eoimalaga.com\/web\/italiano\/pruebas-terminales-de-certificacion\/","title":{"rendered":"Pruebas Espec\u00edficas de Certificaci\u00f3n (PEC)"},"content":{"rendered":"<div class=\"wpb-content-wrapper\"><p>[vc_row disable_element=\u00bbyes\u00bb][vc_column][vc_column_text]<span style=\"font-size: 18pt; color: #000080;\">Los niveles que es posible certificar en ITALIANO son:<\/span><\/p>\n<p><span style=\"font-size: 18pt; color: #000080;\">\u00a0 \u00a0 \u00a0 \u00a0 \u00a0A2<\/span><\/p>\n<p><span style=\"font-size: 18pt; color: #000080;\">\u00a0 \u00a0 \u00a0 \u00a0 \u00a0B1<\/span><\/p>\n<p><span style=\"font-size: 18pt; color: #000080;\">\u00a0 \u00a0 \u00a0 \u00a0 \u00a0B2<\/span><\/p>\n<p><strong><span style=\"color: #000080; font-size: 14pt;\"><span style=\"text-decoration: underline;\">PARA LA CERTIFICACI\u00d3N DE LOS NIVELES A2, B1 Y B2:\u00a0<\/span><\/span><\/strong><\/p>\n<p>EN ESTOS NIVELES EXISTE LA POSIBILIDAD DE LLEVAR A CABO UNA <strong>PRUEBA DE CERTIFICACI\u00d3N<\/strong> ORGANIZADA POR LA JUNTA DE ANDALUC\u00cdA. DICHAS PRUEBAS ADMITEN TANTO ALUMNADO OFICIAL COMO ALUMNADO LIBRE.<\/p>\n<p>LA CONVOCATORIA DE ESTAS PRUEBAS SER\u00c1 ANUNCIADA DIRECTAMENTE A TRAV\u00c9S DE LA P\u00c1GINA GENERAL DE LA ESCUELA <a href=\"https:\/\/www.eoimalaga.com\/web\/\">www.eoimalaga.com<\/a>[\/vc_column_text][\/vc_column][\/vc_row][vc_row][vc_column][vc_column_text css=\u00bb\u00bb]Ver <a href=\"https:\/\/www.eoimalaga.com\/web\/pruebas-especificas-de-certificacion\/\" target=\"_blank\" rel=\"noopener\">aqu\u00ed<\/a>.[\/vc_column_text][\/vc_column][\/vc_row]<\/p>\n<\/div>","protected":false},"excerpt":{"rendered":"<p>[vc_row disable_element=\u00bbyes\u00bb][vc_column][vc_column_text]Los niveles que es posible certificar en ITALIANO son: \u00a0 \u00a0 \u00a0 \u00a0 \u00a0A2 \u00a0 \u00a0 \u00a0 \u00a0 \u00a0B1 \u00a0 \u00a0 \u00a0 \u00a0 \u00a0B2 PARA LA CERTIFICACI\u00d3N DE LOS NIVELES A2, B1 Y B2:\u00a0 EN ESTOS NIVELES EXISTE LA POSIBILIDAD DE LLEVAR A CABO UNA PRUEBA DE CERTIFICACI\u00d3N ORGANIZADA POR LA JUNTA DE ANDALUC\u00cdA. [&hellip;]<\/p>\n","protected":false},"author":18,"featured_media":0,"parent":8653,"menu_order":0,"comment_status":"closed","ping_status":"closed","template":"","meta":{"inline_featured_image":false,"footnotes":""},"categories":[61],"tags":[],"class_list":["post-8679","page","type-page","status-publish","hentry","category-italiano"],"yoast_head":"<!-- This site is optimized with the Yoast SEO plugin v26.5 - https:\/\/yoast.com\/wordpress\/plugins\/seo\/ -->\n<title>Pruebas Espec\u00edficas de Certificaci\u00f3n (PEC) - P\u00e1gina Oficial de la EOI de M\u00e1laga ::Los idiomas ponen el mundo a tus pies::<\/title>\n<meta name=\"robots\" content=\"index, follow, max-snippet:-1, max-image-preview:large, max-video-preview:-1\" \/>\n<link rel=\"canonical\" href=\"https:\/\/www.eoimalaga.com\/web\/italiano\/pruebas-terminales-de-certificacion\/\" \/>\n<meta property=\"og:locale\" content=\"es_ES\" \/>\n<meta property=\"og:type\" content=\"article\" \/>\n<meta property=\"og:title\" content=\"Pruebas Espec\u00edficas de Certificaci\u00f3n (PEC) - P\u00e1gina Oficial de la EOI de M\u00e1laga ::Los idiomas ponen el mundo a tus pies::\" \/>\n<meta property=\"og:description\" content=\"[vc_row disable_element=\u00bbyes\u00bb][vc_column][vc_column_text]Los niveles que es posible certificar en ITALIANO son: \u00a0 \u00a0 \u00a0 \u00a0 \u00a0A2 \u00a0 \u00a0 \u00a0 \u00a0 \u00a0B1 \u00a0 \u00a0 \u00a0 \u00a0 \u00a0B2 PARA LA CERTIFICACI\u00d3N DE LOS NIVELES A2, B1 Y B2:\u00a0 EN ESTOS NIVELES EXISTE LA POSIBILIDAD DE LLEVAR A CABO UNA PRUEBA DE CERTIFICACI\u00d3N ORGANIZADA POR LA JUNTA DE ANDALUC\u00cdA. [&hellip;]\" \/>\n<meta property=\"og:url\" content=\"https:\/\/www.eoimalaga.com\/web\/italiano\/pruebas-terminales-de-certificacion\/\" \/>\n<meta property=\"og:site_name\" content=\"P\u00e1gina Oficial de la EOI de M\u00e1laga ::Los idiomas ponen el mundo a tus pies::\" \/>\n<meta property=\"article:modified_time\" content=\"2025-06-16T10:49:06+00:00\" \/>\n<meta name=\"twitter:card\" content=\"summary_large_image\" \/>\n<meta name=\"twitter:label1\" content=\"Tiempo de lectura\" \/>\n\t<meta name=\"twitter:data1\" content=\"1 minuto\" \/>\n<script type=\"application\/ld+json\" class=\"yoast-schema-graph\">{\"@context\":\"https:\/\/schema.org\",\"@graph\":[{\"@type\":\"WebPage\",\"@id\":\"https:\/\/www.eoimalaga.com\/web\/italiano\/pruebas-terminales-de-certificacion\/\",\"url\":\"https:\/\/www.eoimalaga.com\/web\/italiano\/pruebas-terminales-de-certificacion\/\",\"name\":\"Pruebas Espec\u00edficas de Certificaci\u00f3n (PEC) - P\u00e1gina Oficial de la EOI de M\u00e1laga ::Los idiomas ponen el mundo a tus pies::\",\"isPartOf\":{\"@id\":\"https:\/\/www.eoimalaga.com\/web\/#website\"},\"datePublished\":\"2019-12-31T05:07:32+00:00\",\"dateModified\":\"2025-06-16T10:49:06+00:00\",\"breadcrumb\":{\"@id\":\"https:\/\/www.eoimalaga.com\/web\/italiano\/pruebas-terminales-de-certificacion\/#breadcrumb\"},\"inLanguage\":\"es\",\"potentialAction\":[{\"@type\":\"ReadAction\",\"target\":[\"https:\/\/www.eoimalaga.com\/web\/italiano\/pruebas-terminales-de-certificacion\/\"]}]},{\"@type\":\"BreadcrumbList\",\"@id\":\"https:\/\/www.eoimalaga.com\/web\/italiano\/pruebas-terminales-de-certificacion\/#breadcrumb\",\"itemListElement\":[{\"@type\":\"ListItem\",\"position\":1,\"name\":\"Home\",\"item\":\"https:\/\/www.eoimalaga.com\/web\/\"},{\"@type\":\"ListItem\",\"position\":2,\"name\":\"ITALIANO\",\"item\":\"https:\/\/www.eoimalaga.com\/web\/italiano\/\"},{\"@type\":\"ListItem\",\"position\":3,\"name\":\"Pruebas Espec\u00edficas de Certificaci\u00f3n (PEC)\"}]},{\"@type\":\"WebSite\",\"@id\":\"https:\/\/www.eoimalaga.com\/web\/#website\",\"url\":\"https:\/\/www.eoimalaga.com\/web\/\",\"name\":\"P\u00e1gina Oficial de la EOI de M\u00e1laga ::Los idiomas ponen el mundo a tus pies::\",\"description\":\"EOI M\u00e1laga\",\"potentialAction\":[{\"@type\":\"SearchAction\",\"target\":{\"@type\":\"EntryPoint\",\"urlTemplate\":\"https:\/\/www.eoimalaga.com\/web\/?s={search_term_string}\"},\"query-input\":{\"@type\":\"PropertyValueSpecification\",\"valueRequired\":true,\"valueName\":\"search_term_string\"}}],\"inLanguage\":\"es\"}]}<\/script>\n<!-- \/ Yoast SEO plugin. -->","yoast_head_json":{"title":"Pruebas Espec\u00edficas de Certificaci\u00f3n (PEC) - P\u00e1gina Oficial de la EOI de M\u00e1laga ::Los idiomas ponen el mundo a tus pies::","robots":{"index":"index","follow":"follow","max-snippet":"max-snippet:-1","max-image-preview":"max-image-preview:large","max-video-preview":"max-video-preview:-1"},"canonical":"https:\/\/www.eoimalaga.com\/web\/italiano\/pruebas-terminales-de-certificacion\/","og_locale":"es_ES","og_type":"article","og_title":"Pruebas Espec\u00edficas de Certificaci\u00f3n (PEC) - P\u00e1gina Oficial de la EOI de M\u00e1laga ::Los idiomas ponen el mundo a tus pies::","og_description":"[vc_row disable_element=\u00bbyes\u00bb][vc_column][vc_column_text]Los niveles que es posible certificar en ITALIANO son: \u00a0 \u00a0 \u00a0 \u00a0 \u00a0A2 \u00a0 \u00a0 \u00a0 \u00a0 \u00a0B1 \u00a0 \u00a0 \u00a0 \u00a0 \u00a0B2 PARA LA CERTIFICACI\u00d3N DE LOS NIVELES A2, B1 Y B2:\u00a0 EN ESTOS NIVELES EXISTE LA POSIBILIDAD DE LLEVAR A CABO UNA PRUEBA DE CERTIFICACI\u00d3N ORGANIZADA POR LA JUNTA DE ANDALUC\u00cdA. [&hellip;]","og_url":"https:\/\/www.eoimalaga.com\/web\/italiano\/pruebas-terminales-de-certificacion\/","og_site_name":"P\u00e1gina Oficial de la EOI de M\u00e1laga ::Los idiomas ponen el mundo a tus pies::","article_modified_time":"2025-06-16T10:49:06+00:00","twitter_card":"summary_large_image","twitter_misc":{"Tiempo de lectura":"1 minuto"},"schema":{"@context":"https:\/\/schema.org","@graph":[{"@type":"WebPage","@id":"https:\/\/www.eoimalaga.com\/web\/italiano\/pruebas-terminales-de-certificacion\/","url":"https:\/\/www.eoimalaga.com\/web\/italiano\/pruebas-terminales-de-certificacion\/","name":"Pruebas Espec\u00edficas de Certificaci\u00f3n (PEC) - P\u00e1gina Oficial de la EOI de M\u00e1laga ::Los idiomas ponen el mundo a tus pies::","isPartOf":{"@id":"https:\/\/www.eoimalaga.com\/web\/#website"},"datePublished":"2019-12-31T05:07:32+00:00","dateModified":"2025-06-16T10:49:06+00:00","breadcrumb":{"@id":"https:\/\/www.eoimalaga.com\/web\/italiano\/pruebas-terminales-de-certificacion\/#breadcrumb"},"inLanguage":"es","potentialAction":[{"@type":"ReadAction","target":["https:\/\/www.eoimalaga.com\/web\/italiano\/pruebas-terminales-de-certificacion\/"]}]},{"@type":"BreadcrumbList","@id":"https:\/\/www.eoimalaga.com\/web\/italiano\/pruebas-terminales-de-certificacion\/#breadcrumb","itemListElement":[{"@type":"ListItem","position":1,"name":"Home","item":"https:\/\/www.eoimalaga.com\/web\/"},{"@type":"ListItem","position":2,"name":"ITALIANO","item":"https:\/\/www.eoimalaga.com\/web\/italiano\/"},{"@type":"ListItem","position":3,"name":"Pruebas Espec\u00edficas de Certificaci\u00f3n (PEC)"}]},{"@type":"WebSite","@id":"https:\/\/www.eoimalaga.com\/web\/#website","url":"https:\/\/www.eoimalaga.com\/web\/","name":"P\u00e1gina Oficial de la EOI de M\u00e1laga ::Los idiomas ponen el mundo a tus pies::","description":"EOI M\u00e1laga","potentialAction":[{"@type":"SearchAction","target":{"@type":"EntryPoint","urlTemplate":"https:\/\/www.eoimalaga.com\/web\/?s={search_term_string}"},"query-input":{"@type":"PropertyValueSpecification","valueRequired":true,"valueName":"search_term_string"}}],"inLanguage":"es"}]}},"_links":{"self":[{"href":"https:\/\/www.eoimalaga.com\/web\/wp-json\/wp\/v2\/pages\/8679","targetHints":{"allow":["GET"]}}],"collection":[{"href":"https:\/\/www.eoimalaga.com\/web\/wp-json\/wp\/v2\/pages"}],"about":[{"href":"https:\/\/www.eoimalaga.com\/web\/wp-json\/wp\/v2\/types\/page"}],"author":[{"embeddable":true,"href":"https:\/\/www.eoimalaga.com\/web\/wp-json\/wp\/v2\/users\/18"}],"replies":[{"embeddable":true,"href":"https:\/\/www.eoimalaga.com\/web\/wp-json\/wp\/v2\/comments?post=8679"}],"version-history":[{"count":9,"href":"https:\/\/www.eoimalaga.com\/web\/wp-json\/wp\/v2\/pages\/8679\/revisions"}],"predecessor-version":[{"id":11176,"href":"https:\/\/www.eoimalaga.com\/web\/wp-json\/wp\/v2\/pages\/8679\/revisions\/11176"}],"up":[{"embeddable":true,"href":"https:\/\/www.eoimalaga.com\/web\/wp-json\/wp\/v2\/pages\/8653"}],"wp:attachment":[{"href":"https:\/\/www.eoimalaga.com\/web\/wp-json\/wp\/v2\/media?parent=8679"}],"wp:term":[{"taxonomy":"category","embeddable":true,"href":"https:\/\/www.eoimalaga.com\/web\/wp-json\/wp\/v2\/categories?post=8679"},{"taxonomy":"post_tag","embeddable":true,"href":"https:\/\/www.eoimalaga.com\/web\/wp-json\/wp\/v2\/tags?post=8679"}],"curies":[{"name":"wp","href":"https:\/\/api.w.org\/{rel}","templated":true}]}}