{"id":8677,"date":"2019-12-31T07:06:40","date_gmt":"2019-12-31T05:06:40","guid":{"rendered":"http:\/\/www.eoimalaga.com\/web\/?page_id=8677"},"modified":"2025-09-09T13:20:33","modified_gmt":"2025-09-09T11:20:33","slug":"pruebas-periodicas","status":"publish","type":"page","link":"https:\/\/www.eoimalaga.com\/web\/italiano\/pruebas-periodicas\/","title":{"rendered":"Pruebas peri\u00f3dicas"},"content":{"rendered":"<p><span style=\"text-decoration: underline\"><strong><span style=\"color: #000080;font-size: 14pt;text-decoration: underline\">PARA LA PROMOCI\u00d3N DE TODOS LOS CURSOS:<\/span><\/strong><\/span><\/p>\n<p><strong>TODOS LOS CURSOS EST\u00c1N SOMETIDOS A EVALUACI\u00d3N CONTINUA Y LAS EVALUACIONES PREVISTAS DURANTE EL CURSO SE REALIZAR\u00c1N EN HORARIO DE CLASE. <\/strong><\/p>\n<p><strong>PARA M\u00c1S INFORMACI\u00d3N CONSULTE CON SU PROFESOR.<\/strong><\/p>\n<p>LOS CURSOS DE TODOS LOS NIVELES RESPONDEN A UNA ORGANIZACI\u00d3N <strong>CUATRIMESTRAL. <\/strong>CADA CUATRIMESTRE ESTAR\u00c1 SOMETIDO A EVALUACI\u00d3N CONTINUA PARA LOS ALUMNOS OFICIALES.<\/p>\n<p>TAMBI\u00c9N HABR\u00c1 UNA PRUEBA FINAL DEL NIVEL CORRESPONDIENTE A FINALES DE MAYO PARA AQUELLOS ALUMNOS QUE NO SUPEREN EL CURSO A TRAV\u00c9S DE LA EVALUACI\u00d3N CONTINUA.<\/p>\n<p>HABR\u00c1 UNA PRUEBA FINAL EXTRAORDINARIA EN SEPTIEMBRE PARA RECUPERAR LAS PARTES NO SUPERADAS O AQUELLAS NO REALIZADAS EN LA PRUEBA FINAL DE MAYO.<\/p>\n<p><strong><span style=\"color: #000080;font-size: 14pt\"><span style=\"text-decoration: underline\">PARA LA CERTIFICACI\u00d3N DE LOS NIVELES A2, B1, B2 y C1:\u00a0<\/span><\/span><\/strong><\/p>\n<p>EN ESTOS NIVELES EXISTE LA POSIBILIDAD DE LLEVAR A CABO UNA <strong>PRUEBA DE CERTIFICACI\u00d3N<\/strong> ORGANIZADA POR LA JUNTA DE ANDALUC\u00cdA. DICHAS PRUEBAS ADMITEN TANTO ALUMNADO OFICIAL COMO ALUMNADO LIBRE.<\/p>\n<p>LA CONVOCATORIA DE ESTAS PRUEBAS SER\u00c1 ANUNCIADA DIRECTAMENTE A TRAV\u00c9S DE LA P\u00c1GINA GENERAL DE LA ESCUELA <a href=\"https:\/\/www.eoimalaga.com\/web\/\">www.eoimalaga.com<\/a><\/p>\n","protected":false},"excerpt":{"rendered":"<p>PARA LA PROMOCI\u00d3N DE TODOS LOS CURSOS: TODOS LOS CURSOS EST\u00c1N SOMETIDOS A EVALUACI\u00d3N CONTINUA Y LAS EVALUACIONES PREVISTAS DURANTE EL CURSO SE REALIZAR\u00c1N EN HORARIO DE CLASE. PARA M\u00c1S INFORMACI\u00d3N CONSULTE CON SU PROFESOR. LOS CURSOS DE TODOS LOS NIVELES RESPONDEN A UNA ORGANIZACI\u00d3N CUATRIMESTRAL. CADA CUATRIMESTRE ESTAR\u00c1 SOMETIDO A EVALUACI\u00d3N CONTINUA PARA LOS [&hellip;]<\/p>\n","protected":false},"author":18,"featured_media":0,"parent":8653,"menu_order":0,"comment_status":"closed","ping_status":"closed","template":"","meta":{"inline_featured_image":false,"footnotes":""},"categories":[61],"tags":[],"class_list":["post-8677","page","type-page","status-publish","hentry","category-italiano"],"yoast_head":"<!-- This site is optimized with the Yoast SEO plugin v26.5 - https:\/\/yoast.com\/wordpress\/plugins\/seo\/ -->\n<title>Pruebas peri\u00f3dicas - P\u00e1gina Oficial de la EOI de M\u00e1laga ::Los idiomas ponen el mundo a tus pies::<\/title>\n<meta name=\"robots\" content=\"index, follow, max-snippet:-1, max-image-preview:large, max-video-preview:-1\" \/>\n<link rel=\"canonical\" href=\"https:\/\/www.eoimalaga.com\/web\/italiano\/pruebas-periodicas\/\" \/>\n<meta property=\"og:locale\" content=\"es_ES\" \/>\n<meta property=\"og:type\" content=\"article\" \/>\n<meta property=\"og:title\" content=\"Pruebas peri\u00f3dicas - P\u00e1gina Oficial de la EOI de M\u00e1laga ::Los idiomas ponen el mundo a tus pies::\" \/>\n<meta property=\"og:description\" content=\"PARA LA PROMOCI\u00d3N DE TODOS LOS CURSOS: TODOS LOS CURSOS EST\u00c1N SOMETIDOS A EVALUACI\u00d3N CONTINUA Y LAS EVALUACIONES PREVISTAS DURANTE EL CURSO SE REALIZAR\u00c1N EN HORARIO DE CLASE. PARA M\u00c1S INFORMACI\u00d3N CONSULTE CON SU PROFESOR. LOS CURSOS DE TODOS LOS NIVELES RESPONDEN A UNA ORGANIZACI\u00d3N CUATRIMESTRAL. CADA CUATRIMESTRE ESTAR\u00c1 SOMETIDO A EVALUACI\u00d3N CONTINUA PARA LOS [&hellip;]\" \/>\n<meta property=\"og:url\" content=\"https:\/\/www.eoimalaga.com\/web\/italiano\/pruebas-periodicas\/\" \/>\n<meta property=\"og:site_name\" content=\"P\u00e1gina Oficial de la EOI de M\u00e1laga ::Los idiomas ponen el mundo a tus pies::\" \/>\n<meta property=\"article:modified_time\" content=\"2025-09-09T11:20:33+00:00\" \/>\n<meta name=\"twitter:card\" content=\"summary_large_image\" \/>\n<meta name=\"twitter:label1\" content=\"Tiempo de lectura\" \/>\n\t<meta name=\"twitter:data1\" content=\"1 minuto\" \/>\n<script type=\"application\/ld+json\" class=\"yoast-schema-graph\">{\"@context\":\"https:\/\/schema.org\",\"@graph\":[{\"@type\":\"WebPage\",\"@id\":\"https:\/\/www.eoimalaga.com\/web\/italiano\/pruebas-periodicas\/\",\"url\":\"https:\/\/www.eoimalaga.com\/web\/italiano\/pruebas-periodicas\/\",\"name\":\"Pruebas peri\u00f3dicas - P\u00e1gina Oficial de la EOI de M\u00e1laga ::Los idiomas ponen el mundo a tus pies::\",\"isPartOf\":{\"@id\":\"https:\/\/www.eoimalaga.com\/web\/#website\"},\"datePublished\":\"2019-12-31T05:06:40+00:00\",\"dateModified\":\"2025-09-09T11:20:33+00:00\",\"breadcrumb\":{\"@id\":\"https:\/\/www.eoimalaga.com\/web\/italiano\/pruebas-periodicas\/#breadcrumb\"},\"inLanguage\":\"es\",\"potentialAction\":[{\"@type\":\"ReadAction\",\"target\":[\"https:\/\/www.eoimalaga.com\/web\/italiano\/pruebas-periodicas\/\"]}]},{\"@type\":\"BreadcrumbList\",\"@id\":\"https:\/\/www.eoimalaga.com\/web\/italiano\/pruebas-periodicas\/#breadcrumb\",\"itemListElement\":[{\"@type\":\"ListItem\",\"position\":1,\"name\":\"Home\",\"item\":\"https:\/\/www.eoimalaga.com\/web\/\"},{\"@type\":\"ListItem\",\"position\":2,\"name\":\"ITALIANO\",\"item\":\"https:\/\/www.eoimalaga.com\/web\/italiano\/\"},{\"@type\":\"ListItem\",\"position\":3,\"name\":\"Pruebas peri\u00f3dicas\"}]},{\"@type\":\"WebSite\",\"@id\":\"https:\/\/www.eoimalaga.com\/web\/#website\",\"url\":\"https:\/\/www.eoimalaga.com\/web\/\",\"name\":\"P\u00e1gina Oficial de la EOI de M\u00e1laga ::Los idiomas ponen el mundo a tus pies::\",\"description\":\"EOI M\u00e1laga\",\"potentialAction\":[{\"@type\":\"SearchAction\",\"target\":{\"@type\":\"EntryPoint\",\"urlTemplate\":\"https:\/\/www.eoimalaga.com\/web\/?s={search_term_string}\"},\"query-input\":{\"@type\":\"PropertyValueSpecification\",\"valueRequired\":true,\"valueName\":\"search_term_string\"}}],\"inLanguage\":\"es\"}]}<\/script>\n<!-- \/ Yoast SEO plugin. -->","yoast_head_json":{"title":"Pruebas peri\u00f3dicas - P\u00e1gina Oficial de la EOI de M\u00e1laga ::Los idiomas ponen el mundo a tus pies::","robots":{"index":"index","follow":"follow","max-snippet":"max-snippet:-1","max-image-preview":"max-image-preview:large","max-video-preview":"max-video-preview:-1"},"canonical":"https:\/\/www.eoimalaga.com\/web\/italiano\/pruebas-periodicas\/","og_locale":"es_ES","og_type":"article","og_title":"Pruebas peri\u00f3dicas - P\u00e1gina Oficial de la EOI de M\u00e1laga ::Los idiomas ponen el mundo a tus pies::","og_description":"PARA LA PROMOCI\u00d3N DE TODOS LOS CURSOS: TODOS LOS CURSOS EST\u00c1N SOMETIDOS A EVALUACI\u00d3N CONTINUA Y LAS EVALUACIONES PREVISTAS DURANTE EL CURSO SE REALIZAR\u00c1N EN HORARIO DE CLASE. PARA M\u00c1S INFORMACI\u00d3N CONSULTE CON SU PROFESOR. LOS CURSOS DE TODOS LOS NIVELES RESPONDEN A UNA ORGANIZACI\u00d3N CUATRIMESTRAL. CADA CUATRIMESTRE ESTAR\u00c1 SOMETIDO A EVALUACI\u00d3N CONTINUA PARA LOS [&hellip;]","og_url":"https:\/\/www.eoimalaga.com\/web\/italiano\/pruebas-periodicas\/","og_site_name":"P\u00e1gina Oficial de la EOI de M\u00e1laga ::Los idiomas ponen el mundo a tus pies::","article_modified_time":"2025-09-09T11:20:33+00:00","twitter_card":"summary_large_image","twitter_misc":{"Tiempo de lectura":"1 minuto"},"schema":{"@context":"https:\/\/schema.org","@graph":[{"@type":"WebPage","@id":"https:\/\/www.eoimalaga.com\/web\/italiano\/pruebas-periodicas\/","url":"https:\/\/www.eoimalaga.com\/web\/italiano\/pruebas-periodicas\/","name":"Pruebas peri\u00f3dicas - P\u00e1gina Oficial de la EOI de M\u00e1laga ::Los idiomas ponen el mundo a tus pies::","isPartOf":{"@id":"https:\/\/www.eoimalaga.com\/web\/#website"},"datePublished":"2019-12-31T05:06:40+00:00","dateModified":"2025-09-09T11:20:33+00:00","breadcrumb":{"@id":"https:\/\/www.eoimalaga.com\/web\/italiano\/pruebas-periodicas\/#breadcrumb"},"inLanguage":"es","potentialAction":[{"@type":"ReadAction","target":["https:\/\/www.eoimalaga.com\/web\/italiano\/pruebas-periodicas\/"]}]},{"@type":"BreadcrumbList","@id":"https:\/\/www.eoimalaga.com\/web\/italiano\/pruebas-periodicas\/#breadcrumb","itemListElement":[{"@type":"ListItem","position":1,"name":"Home","item":"https:\/\/www.eoimalaga.com\/web\/"},{"@type":"ListItem","position":2,"name":"ITALIANO","item":"https:\/\/www.eoimalaga.com\/web\/italiano\/"},{"@type":"ListItem","position":3,"name":"Pruebas peri\u00f3dicas"}]},{"@type":"WebSite","@id":"https:\/\/www.eoimalaga.com\/web\/#website","url":"https:\/\/www.eoimalaga.com\/web\/","name":"P\u00e1gina Oficial de la EOI de M\u00e1laga ::Los idiomas ponen el mundo a tus pies::","description":"EOI M\u00e1laga","potentialAction":[{"@type":"SearchAction","target":{"@type":"EntryPoint","urlTemplate":"https:\/\/www.eoimalaga.com\/web\/?s={search_term_string}"},"query-input":{"@type":"PropertyValueSpecification","valueRequired":true,"valueName":"search_term_string"}}],"inLanguage":"es"}]}},"_links":{"self":[{"href":"https:\/\/www.eoimalaga.com\/web\/wp-json\/wp\/v2\/pages\/8677","targetHints":{"allow":["GET"]}}],"collection":[{"href":"https:\/\/www.eoimalaga.com\/web\/wp-json\/wp\/v2\/pages"}],"about":[{"href":"https:\/\/www.eoimalaga.com\/web\/wp-json\/wp\/v2\/types\/page"}],"author":[{"embeddable":true,"href":"https:\/\/www.eoimalaga.com\/web\/wp-json\/wp\/v2\/users\/18"}],"replies":[{"embeddable":true,"href":"https:\/\/www.eoimalaga.com\/web\/wp-json\/wp\/v2\/comments?post=8677"}],"version-history":[{"count":10,"href":"https:\/\/www.eoimalaga.com\/web\/wp-json\/wp\/v2\/pages\/8677\/revisions"}],"predecessor-version":[{"id":22191,"href":"https:\/\/www.eoimalaga.com\/web\/wp-json\/wp\/v2\/pages\/8677\/revisions\/22191"}],"up":[{"embeddable":true,"href":"https:\/\/www.eoimalaga.com\/web\/wp-json\/wp\/v2\/pages\/8653"}],"wp:attachment":[{"href":"https:\/\/www.eoimalaga.com\/web\/wp-json\/wp\/v2\/media?parent=8677"}],"wp:term":[{"taxonomy":"category","embeddable":true,"href":"https:\/\/www.eoimalaga.com\/web\/wp-json\/wp\/v2\/categories?post=8677"},{"taxonomy":"post_tag","embeddable":true,"href":"https:\/\/www.eoimalaga.com\/web\/wp-json\/wp\/v2\/tags?post=8677"}],"curies":[{"name":"wp","href":"https:\/\/api.w.org\/{rel}","templated":true}]}}