{"id":8664,"date":"2019-12-31T07:02:48","date_gmt":"2019-12-31T05:02:48","guid":{"rendered":"http:\/\/www.eoimalaga.com\/web\/?page_id=8664"},"modified":"2025-11-19T15:01:28","modified_gmt":"2025-11-19T13:01:28","slug":"programaciones","status":"publish","type":"page","link":"https:\/\/www.eoimalaga.com\/web\/italiano\/programaciones\/","title":{"rendered":"Programaciones"},"content":{"rendered":"<p>&nbsp;<\/p>\n<h2><span style=\"color: #0000ff;\"><a style=\"color: #0000ff;\" href=\"https:\/\/docs.google.com\/document\/d\/1GBW2ZKXmBH4XucdrO63bc6QrpDMvK7J9YWRQTxVFd_A\/edit?usp=sharing\">PROGRAMACI\u00d3N A1\u00a0<\/a><\/span><\/h2>\n<h2><span style=\"color: #0000ff;\"><a style=\"color: #0000ff;\" href=\"https:\/\/docs.google.com\/document\/d\/1nNe-uimRTUCjJ-Ar3GYgbPL-ySum0e3V1q-Et_wRI6Y\/edit?usp=drive_link\">PROGRAMACI\u00d3N A2<\/a><\/span><\/h2>\n<h2><span style=\"color: #0000ff;\"><a style=\"color: #0000ff;\" href=\"https:\/\/docs.google.com\/document\/d\/10DZGiwtsnq6ttMEwmDJuNNvXdwEFK1y9Gr6pXxi-Kdw\/edit?usp=sharing\">PROGRAMACI\u00d3N B1<\/a><\/span><\/h2>\n<h2><span style=\"color: #0000ff;\"><a style=\"color: #0000ff;\" href=\"https:\/\/docs.google.com\/document\/d\/1IDLUV3riVNYKup8W2e5A_4m5utL3TgzujcEG-iiL9j8\/edit?usp=drive_link\">PROGRAMACI\u00d3N B2.1<\/a><\/span><\/h2>\n<h2><span style=\"color: #0000ff;\"><a style=\"color: #0000ff;\" href=\"https:\/\/docs.google.com\/document\/d\/1HkNijIJkKF_YdVj8m4j3f4iV5IPMHRgxnplj35wvLzM\/edit?usp=sharing\">PROGRAMACI\u00d3N B2.2<\/a><\/span><\/h2>\n<h2><span style=\"color: #0000ff;\"><a style=\"color: #0000ff;\" href=\"https:\/\/docs.google.com\/document\/d\/1fKuLt1SmZ2MeldmLlQ_wJdoKPmZ2Z7P7Z_8gdupbJe0\/edit?usp=sharing\">PROGRAMACI\u00d3N C1.1\u00a0<\/a><\/span><\/h2>\n<p><a href=\"https:\/\/docs.google.com\/document\/d\/1Lf_RqqJDkUFwGfuRCL8zqTiEsEkkd_8s\/edit?usp=drive_link&amp;ouid=106892276781435918384&amp;rtpof=true&amp;sd=true\"><strong><span style=\"font-size: 24px;\">PROGRAMACI\u00d3N C1.2<\/span><\/strong><\/a><\/p>\n","protected":false},"excerpt":{"rendered":"<p>&nbsp; PROGRAMACI\u00d3N A1\u00a0 PROGRAMACI\u00d3N A2 PROGRAMACI\u00d3N B1 PROGRAMACI\u00d3N B2.1 PROGRAMACI\u00d3N B2.2 PROGRAMACI\u00d3N C1.1\u00a0 PROGRAMACI\u00d3N C1.2<\/p>\n","protected":false},"author":18,"featured_media":0,"parent":8653,"menu_order":0,"comment_status":"closed","ping_status":"closed","template":"","meta":{"inline_featured_image":false,"footnotes":""},"categories":[61],"tags":[],"class_list":["post-8664","page","type-page","status-publish","hentry","category-italiano"],"yoast_head":"<!-- This site is optimized with the Yoast SEO plugin v26.5 - https:\/\/yoast.com\/wordpress\/plugins\/seo\/ -->\n<title>Programaciones - P\u00e1gina Oficial de la EOI de M\u00e1laga ::Los idiomas ponen el mundo a tus pies::<\/title>\n<meta name=\"robots\" content=\"index, follow, max-snippet:-1, max-image-preview:large, max-video-preview:-1\" \/>\n<link rel=\"canonical\" href=\"https:\/\/www.eoimalaga.com\/web\/italiano\/programaciones\/\" \/>\n<meta property=\"og:locale\" content=\"es_ES\" \/>\n<meta property=\"og:type\" content=\"article\" \/>\n<meta property=\"og:title\" content=\"Programaciones - P\u00e1gina Oficial de la EOI de M\u00e1laga ::Los idiomas ponen el mundo a tus pies::\" \/>\n<meta property=\"og:description\" content=\"&nbsp; PROGRAMACI\u00d3N A1\u00a0 PROGRAMACI\u00d3N A2 PROGRAMACI\u00d3N B1 PROGRAMACI\u00d3N B2.1 PROGRAMACI\u00d3N B2.2 PROGRAMACI\u00d3N C1.1\u00a0 PROGRAMACI\u00d3N C1.2\" \/>\n<meta property=\"og:url\" content=\"https:\/\/www.eoimalaga.com\/web\/italiano\/programaciones\/\" \/>\n<meta property=\"og:site_name\" content=\"P\u00e1gina Oficial de la EOI de M\u00e1laga ::Los idiomas ponen el mundo a tus pies::\" \/>\n<meta property=\"article:modified_time\" content=\"2025-11-19T13:01:28+00:00\" \/>\n<meta name=\"twitter:card\" content=\"summary_large_image\" \/>\n<meta name=\"twitter:label1\" content=\"Tiempo de lectura\" \/>\n\t<meta name=\"twitter:data1\" content=\"1 minuto\" \/>\n<script type=\"application\/ld+json\" class=\"yoast-schema-graph\">{\"@context\":\"https:\/\/schema.org\",\"@graph\":[{\"@type\":\"WebPage\",\"@id\":\"https:\/\/www.eoimalaga.com\/web\/italiano\/programaciones\/\",\"url\":\"https:\/\/www.eoimalaga.com\/web\/italiano\/programaciones\/\",\"name\":\"Programaciones - P\u00e1gina Oficial de la EOI de M\u00e1laga ::Los idiomas ponen el mundo a tus pies::\",\"isPartOf\":{\"@id\":\"https:\/\/www.eoimalaga.com\/web\/#website\"},\"datePublished\":\"2019-12-31T05:02:48+00:00\",\"dateModified\":\"2025-11-19T13:01:28+00:00\",\"breadcrumb\":{\"@id\":\"https:\/\/www.eoimalaga.com\/web\/italiano\/programaciones\/#breadcrumb\"},\"inLanguage\":\"es\",\"potentialAction\":[{\"@type\":\"ReadAction\",\"target\":[\"https:\/\/www.eoimalaga.com\/web\/italiano\/programaciones\/\"]}]},{\"@type\":\"BreadcrumbList\",\"@id\":\"https:\/\/www.eoimalaga.com\/web\/italiano\/programaciones\/#breadcrumb\",\"itemListElement\":[{\"@type\":\"ListItem\",\"position\":1,\"name\":\"Home\",\"item\":\"https:\/\/www.eoimalaga.com\/web\/\"},{\"@type\":\"ListItem\",\"position\":2,\"name\":\"ITALIANO\",\"item\":\"https:\/\/www.eoimalaga.com\/web\/italiano\/\"},{\"@type\":\"ListItem\",\"position\":3,\"name\":\"Programaciones\"}]},{\"@type\":\"WebSite\",\"@id\":\"https:\/\/www.eoimalaga.com\/web\/#website\",\"url\":\"https:\/\/www.eoimalaga.com\/web\/\",\"name\":\"P\u00e1gina Oficial de la EOI de M\u00e1laga ::Los idiomas ponen el mundo a tus pies::\",\"description\":\"EOI M\u00e1laga\",\"potentialAction\":[{\"@type\":\"SearchAction\",\"target\":{\"@type\":\"EntryPoint\",\"urlTemplate\":\"https:\/\/www.eoimalaga.com\/web\/?s={search_term_string}\"},\"query-input\":{\"@type\":\"PropertyValueSpecification\",\"valueRequired\":true,\"valueName\":\"search_term_string\"}}],\"inLanguage\":\"es\"}]}<\/script>\n<!-- \/ Yoast SEO plugin. -->","yoast_head_json":{"title":"Programaciones - P\u00e1gina Oficial de la EOI de M\u00e1laga ::Los idiomas ponen el mundo a tus pies::","robots":{"index":"index","follow":"follow","max-snippet":"max-snippet:-1","max-image-preview":"max-image-preview:large","max-video-preview":"max-video-preview:-1"},"canonical":"https:\/\/www.eoimalaga.com\/web\/italiano\/programaciones\/","og_locale":"es_ES","og_type":"article","og_title":"Programaciones - P\u00e1gina Oficial de la EOI de M\u00e1laga ::Los idiomas ponen el mundo a tus pies::","og_description":"&nbsp; PROGRAMACI\u00d3N A1\u00a0 PROGRAMACI\u00d3N A2 PROGRAMACI\u00d3N B1 PROGRAMACI\u00d3N B2.1 PROGRAMACI\u00d3N B2.2 PROGRAMACI\u00d3N C1.1\u00a0 PROGRAMACI\u00d3N C1.2","og_url":"https:\/\/www.eoimalaga.com\/web\/italiano\/programaciones\/","og_site_name":"P\u00e1gina Oficial de la EOI de M\u00e1laga ::Los idiomas ponen el mundo a tus pies::","article_modified_time":"2025-11-19T13:01:28+00:00","twitter_card":"summary_large_image","twitter_misc":{"Tiempo de lectura":"1 minuto"},"schema":{"@context":"https:\/\/schema.org","@graph":[{"@type":"WebPage","@id":"https:\/\/www.eoimalaga.com\/web\/italiano\/programaciones\/","url":"https:\/\/www.eoimalaga.com\/web\/italiano\/programaciones\/","name":"Programaciones - P\u00e1gina Oficial de la EOI de M\u00e1laga ::Los idiomas ponen el mundo a tus pies::","isPartOf":{"@id":"https:\/\/www.eoimalaga.com\/web\/#website"},"datePublished":"2019-12-31T05:02:48+00:00","dateModified":"2025-11-19T13:01:28+00:00","breadcrumb":{"@id":"https:\/\/www.eoimalaga.com\/web\/italiano\/programaciones\/#breadcrumb"},"inLanguage":"es","potentialAction":[{"@type":"ReadAction","target":["https:\/\/www.eoimalaga.com\/web\/italiano\/programaciones\/"]}]},{"@type":"BreadcrumbList","@id":"https:\/\/www.eoimalaga.com\/web\/italiano\/programaciones\/#breadcrumb","itemListElement":[{"@type":"ListItem","position":1,"name":"Home","item":"https:\/\/www.eoimalaga.com\/web\/"},{"@type":"ListItem","position":2,"name":"ITALIANO","item":"https:\/\/www.eoimalaga.com\/web\/italiano\/"},{"@type":"ListItem","position":3,"name":"Programaciones"}]},{"@type":"WebSite","@id":"https:\/\/www.eoimalaga.com\/web\/#website","url":"https:\/\/www.eoimalaga.com\/web\/","name":"P\u00e1gina Oficial de la EOI de M\u00e1laga ::Los idiomas ponen el mundo a tus pies::","description":"EOI M\u00e1laga","potentialAction":[{"@type":"SearchAction","target":{"@type":"EntryPoint","urlTemplate":"https:\/\/www.eoimalaga.com\/web\/?s={search_term_string}"},"query-input":{"@type":"PropertyValueSpecification","valueRequired":true,"valueName":"search_term_string"}}],"inLanguage":"es"}]}},"_links":{"self":[{"href":"https:\/\/www.eoimalaga.com\/web\/wp-json\/wp\/v2\/pages\/8664","targetHints":{"allow":["GET"]}}],"collection":[{"href":"https:\/\/www.eoimalaga.com\/web\/wp-json\/wp\/v2\/pages"}],"about":[{"href":"https:\/\/www.eoimalaga.com\/web\/wp-json\/wp\/v2\/types\/page"}],"author":[{"embeddable":true,"href":"https:\/\/www.eoimalaga.com\/web\/wp-json\/wp\/v2\/users\/18"}],"replies":[{"embeddable":true,"href":"https:\/\/www.eoimalaga.com\/web\/wp-json\/wp\/v2\/comments?post=8664"}],"version-history":[{"count":14,"href":"https:\/\/www.eoimalaga.com\/web\/wp-json\/wp\/v2\/pages\/8664\/revisions"}],"predecessor-version":[{"id":22612,"href":"https:\/\/www.eoimalaga.com\/web\/wp-json\/wp\/v2\/pages\/8664\/revisions\/22612"}],"up":[{"embeddable":true,"href":"https:\/\/www.eoimalaga.com\/web\/wp-json\/wp\/v2\/pages\/8653"}],"wp:attachment":[{"href":"https:\/\/www.eoimalaga.com\/web\/wp-json\/wp\/v2\/media?parent=8664"}],"wp:term":[{"taxonomy":"category","embeddable":true,"href":"https:\/\/www.eoimalaga.com\/web\/wp-json\/wp\/v2\/categories?post=8664"},{"taxonomy":"post_tag","embeddable":true,"href":"https:\/\/www.eoimalaga.com\/web\/wp-json\/wp\/v2\/tags?post=8664"}],"curies":[{"name":"wp","href":"https:\/\/api.w.org\/{rel}","templated":true}]}}