{"id":8653,"date":"2019-12-31T06:53:29","date_gmt":"2019-12-31T04:53:29","guid":{"rendered":"http:\/\/www.eoimalaga.com\/web\/?page_id=8653"},"modified":"2024-10-22T11:36:56","modified_gmt":"2024-10-22T09:36:56","slug":"italiano","status":"publish","type":"page","link":"https:\/\/www.eoimalaga.com\/web\/italiano\/","title":{"rendered":"ITALIANO"},"content":{"rendered":"<p>&nbsp;<\/p>\n<p><span style=\"color: #008000;font-size: 14pt\"><strong>Te damos la bienvenida al Departamento de Italiano de la E.O.I. M\u00e1laga<\/strong><\/span><\/p>\n<p><span style=\"color: #ff0000;font-size: 14pt\">Este departamento se inaugur\u00f3 en 1985, siendo desde entonces pionero en la ense\u00f1anza del idioma italiano dentro del sistema educativo p\u00fablico andaluz.<\/span><\/p>\n<p><span style=\"color: #ff0000;font-size: 14pt\">\u00a1\u00c1nimo! Aprende a disfrutar el mundo en italiano.<\/span><\/p>\n<p>&nbsp;<\/p>\n<p style=\"padding-left: 30px\"><strong><span style=\"color: #000000\">Para cualquier consulta relativa a nuestro Departamento, no dude en contactar con nosotros:<\/span><\/strong><\/p>\n<table style=\"height: 74px;width: 94.1244%\">\n<tbody>\n<tr>\n<td style=\"width: 9.40171%\"><img loading=\"lazy\" decoding=\"async\" class=\"alignnone wp-image-6364 size-full\" src=\"http:\/\/www.eoimalaga.com\/FRANCES\/wp-content\/uploads\/2018\/03\/telefono.png\" alt=\"\" width=\"64\" height=\"64\" \/><\/td>\n<td style=\"width: 89.9573%\"><strong>952 272 278 \u2013 extensi\u00f3n 6<\/strong><\/td>\n<\/tr>\n<tr>\n<td style=\"width: 9.40171%\"><img loading=\"lazy\" decoding=\"async\" class=\"alignnone wp-image-6365 size-full\" src=\"http:\/\/www.eoimalaga.com\/FRANCES\/wp-content\/uploads\/2018\/03\/mail64.png\" alt=\"\" width=\"64\" height=\"64\" \/><\/td>\n<td style=\"width: 89.9573%\"><strong>italiano@eoimalaga.com<\/strong><\/td>\n<\/tr>\n<tr>\n<td style=\"width: 9.40171%\"><img loading=\"lazy\" decoding=\"async\" class=\"alignnone wp-image-6366\" src=\"http:\/\/www.eoimalaga.com\/FRANCES\/wp-content\/uploads\/2018\/03\/Reloj.png\" alt=\"\" width=\"65\" height=\"65\" \/><\/td>\n<td style=\"width: 89.9573%\"><strong>Horario de atenci\u00f3n al p\u00fablico: Lunes\u00a0 y martes de 08:30 a 09:00 horas \/jueves de 12:15 a 13:15 horas <\/strong><strong>(consultas exclusivamente relacionadas con el departamento. Para garantizar la atenci\u00f3n se ruega solicitud de cita a trav\u00e9s del correo electr\u00f3nico arriba indicado)<\/strong><strong>Jefe del Departamento de Italiano: Juan Antonio Silva.<\/strong><\/td>\n<\/tr>\n<tr>\n<td style=\"width: 9.40171%\"><\/td>\n<td style=\"width: 89.9573%\"><\/td>\n<\/tr>\n<\/tbody>\n<\/table>\n<p><a href=\"https:\/\/www.youtube.com\/watch?v=8Zi-hEJi9Y0\">ENSE\u00d1ANZAS DEL ITALIANO EN ANDALUC\u00cdA.<\/a><\/p>\n","protected":false},"excerpt":{"rendered":"<p>&nbsp; Te damos la bienvenida al Departamento de Italiano de la E.O.I. M\u00e1laga Este departamento se inaugur\u00f3 en 1985, siendo desde entonces pionero en la ense\u00f1anza del idioma italiano dentro del sistema educativo p\u00fablico andaluz. \u00a1\u00c1nimo! Aprende a disfrutar el mundo en italiano. &nbsp; Para cualquier consulta relativa a nuestro Departamento, no dude en contactar [&hellip;]<\/p>\n","protected":false},"author":18,"featured_media":0,"parent":0,"menu_order":0,"comment_status":"closed","ping_status":"closed","template":"","meta":{"inline_featured_image":false,"footnotes":""},"categories":[61],"tags":[],"class_list":["post-8653","page","type-page","status-publish","hentry","category-italiano"],"yoast_head":"<!-- This site is optimized with the Yoast SEO plugin v26.5 - https:\/\/yoast.com\/wordpress\/plugins\/seo\/ -->\n<title>ITALIANO - P\u00e1gina Oficial de la EOI de M\u00e1laga ::Los idiomas ponen el mundo a tus pies::<\/title>\n<meta name=\"robots\" content=\"index, follow, max-snippet:-1, max-image-preview:large, max-video-preview:-1\" \/>\n<link rel=\"canonical\" href=\"https:\/\/www.eoimalaga.com\/web\/italiano\/\" \/>\n<meta property=\"og:locale\" content=\"es_ES\" \/>\n<meta property=\"og:type\" content=\"article\" \/>\n<meta property=\"og:title\" content=\"ITALIANO - P\u00e1gina Oficial de la EOI de M\u00e1laga ::Los idiomas ponen el mundo a tus pies::\" \/>\n<meta property=\"og:description\" content=\"&nbsp; Te damos la bienvenida al Departamento de Italiano de la E.O.I. M\u00e1laga Este departamento se inaugur\u00f3 en 1985, siendo desde entonces pionero en la ense\u00f1anza del idioma italiano dentro del sistema educativo p\u00fablico andaluz. \u00a1\u00c1nimo! Aprende a disfrutar el mundo en italiano. &nbsp; Para cualquier consulta relativa a nuestro Departamento, no dude en contactar [&hellip;]\" \/>\n<meta property=\"og:url\" content=\"https:\/\/www.eoimalaga.com\/web\/italiano\/\" \/>\n<meta property=\"og:site_name\" content=\"P\u00e1gina Oficial de la EOI de M\u00e1laga ::Los idiomas ponen el mundo a tus pies::\" \/>\n<meta property=\"article:modified_time\" content=\"2024-10-22T09:36:56+00:00\" \/>\n<meta property=\"og:image\" content=\"http:\/\/www.eoimalaga.com\/FRANCES\/wp-content\/uploads\/2018\/03\/telefono.png\" \/>\n<meta name=\"twitter:card\" content=\"summary_large_image\" \/>\n<meta name=\"twitter:label1\" content=\"Tiempo de lectura\" \/>\n\t<meta name=\"twitter:data1\" content=\"2 minutos\" \/>\n<script type=\"application\/ld+json\" class=\"yoast-schema-graph\">{\"@context\":\"https:\/\/schema.org\",\"@graph\":[{\"@type\":\"WebPage\",\"@id\":\"https:\/\/www.eoimalaga.com\/web\/italiano\/\",\"url\":\"https:\/\/www.eoimalaga.com\/web\/italiano\/\",\"name\":\"ITALIANO - P\u00e1gina Oficial de la EOI de M\u00e1laga ::Los idiomas ponen el mundo a tus pies::\",\"isPartOf\":{\"@id\":\"https:\/\/www.eoimalaga.com\/web\/#website\"},\"primaryImageOfPage\":{\"@id\":\"https:\/\/www.eoimalaga.com\/web\/italiano\/#primaryimage\"},\"image\":{\"@id\":\"https:\/\/www.eoimalaga.com\/web\/italiano\/#primaryimage\"},\"thumbnailUrl\":\"http:\/\/www.eoimalaga.com\/FRANCES\/wp-content\/uploads\/2018\/03\/telefono.png\",\"datePublished\":\"2019-12-31T04:53:29+00:00\",\"dateModified\":\"2024-10-22T09:36:56+00:00\",\"breadcrumb\":{\"@id\":\"https:\/\/www.eoimalaga.com\/web\/italiano\/#breadcrumb\"},\"inLanguage\":\"es\",\"potentialAction\":[{\"@type\":\"ReadAction\",\"target\":[\"https:\/\/www.eoimalaga.com\/web\/italiano\/\"]}]},{\"@type\":\"ImageObject\",\"inLanguage\":\"es\",\"@id\":\"https:\/\/www.eoimalaga.com\/web\/italiano\/#primaryimage\",\"url\":\"http:\/\/www.eoimalaga.com\/FRANCES\/wp-content\/uploads\/2018\/03\/telefono.png\",\"contentUrl\":\"http:\/\/www.eoimalaga.com\/FRANCES\/wp-content\/uploads\/2018\/03\/telefono.png\"},{\"@type\":\"BreadcrumbList\",\"@id\":\"https:\/\/www.eoimalaga.com\/web\/italiano\/#breadcrumb\",\"itemListElement\":[{\"@type\":\"ListItem\",\"position\":1,\"name\":\"Home\",\"item\":\"https:\/\/www.eoimalaga.com\/web\/\"},{\"@type\":\"ListItem\",\"position\":2,\"name\":\"ITALIANO\"}]},{\"@type\":\"WebSite\",\"@id\":\"https:\/\/www.eoimalaga.com\/web\/#website\",\"url\":\"https:\/\/www.eoimalaga.com\/web\/\",\"name\":\"P\u00e1gina Oficial de la EOI de M\u00e1laga ::Los idiomas ponen el mundo a tus pies::\",\"description\":\"EOI M\u00e1laga\",\"potentialAction\":[{\"@type\":\"SearchAction\",\"target\":{\"@type\":\"EntryPoint\",\"urlTemplate\":\"https:\/\/www.eoimalaga.com\/web\/?s={search_term_string}\"},\"query-input\":{\"@type\":\"PropertyValueSpecification\",\"valueRequired\":true,\"valueName\":\"search_term_string\"}}],\"inLanguage\":\"es\"}]}<\/script>\n<!-- \/ Yoast SEO plugin. -->","yoast_head_json":{"title":"ITALIANO - P\u00e1gina Oficial de la EOI de M\u00e1laga ::Los idiomas ponen el mundo a tus pies::","robots":{"index":"index","follow":"follow","max-snippet":"max-snippet:-1","max-image-preview":"max-image-preview:large","max-video-preview":"max-video-preview:-1"},"canonical":"https:\/\/www.eoimalaga.com\/web\/italiano\/","og_locale":"es_ES","og_type":"article","og_title":"ITALIANO - P\u00e1gina Oficial de la EOI de M\u00e1laga ::Los idiomas ponen el mundo a tus pies::","og_description":"&nbsp; Te damos la bienvenida al Departamento de Italiano de la E.O.I. M\u00e1laga Este departamento se inaugur\u00f3 en 1985, siendo desde entonces pionero en la ense\u00f1anza del idioma italiano dentro del sistema educativo p\u00fablico andaluz. \u00a1\u00c1nimo! Aprende a disfrutar el mundo en italiano. &nbsp; Para cualquier consulta relativa a nuestro Departamento, no dude en contactar [&hellip;]","og_url":"https:\/\/www.eoimalaga.com\/web\/italiano\/","og_site_name":"P\u00e1gina Oficial de la EOI de M\u00e1laga ::Los idiomas ponen el mundo a tus pies::","article_modified_time":"2024-10-22T09:36:56+00:00","og_image":[{"url":"http:\/\/www.eoimalaga.com\/FRANCES\/wp-content\/uploads\/2018\/03\/telefono.png","type":"","width":"","height":""}],"twitter_card":"summary_large_image","twitter_misc":{"Tiempo de lectura":"2 minutos"},"schema":{"@context":"https:\/\/schema.org","@graph":[{"@type":"WebPage","@id":"https:\/\/www.eoimalaga.com\/web\/italiano\/","url":"https:\/\/www.eoimalaga.com\/web\/italiano\/","name":"ITALIANO - P\u00e1gina Oficial de la EOI de M\u00e1laga ::Los idiomas ponen el mundo a tus pies::","isPartOf":{"@id":"https:\/\/www.eoimalaga.com\/web\/#website"},"primaryImageOfPage":{"@id":"https:\/\/www.eoimalaga.com\/web\/italiano\/#primaryimage"},"image":{"@id":"https:\/\/www.eoimalaga.com\/web\/italiano\/#primaryimage"},"thumbnailUrl":"http:\/\/www.eoimalaga.com\/FRANCES\/wp-content\/uploads\/2018\/03\/telefono.png","datePublished":"2019-12-31T04:53:29+00:00","dateModified":"2024-10-22T09:36:56+00:00","breadcrumb":{"@id":"https:\/\/www.eoimalaga.com\/web\/italiano\/#breadcrumb"},"inLanguage":"es","potentialAction":[{"@type":"ReadAction","target":["https:\/\/www.eoimalaga.com\/web\/italiano\/"]}]},{"@type":"ImageObject","inLanguage":"es","@id":"https:\/\/www.eoimalaga.com\/web\/italiano\/#primaryimage","url":"http:\/\/www.eoimalaga.com\/FRANCES\/wp-content\/uploads\/2018\/03\/telefono.png","contentUrl":"http:\/\/www.eoimalaga.com\/FRANCES\/wp-content\/uploads\/2018\/03\/telefono.png"},{"@type":"BreadcrumbList","@id":"https:\/\/www.eoimalaga.com\/web\/italiano\/#breadcrumb","itemListElement":[{"@type":"ListItem","position":1,"name":"Home","item":"https:\/\/www.eoimalaga.com\/web\/"},{"@type":"ListItem","position":2,"name":"ITALIANO"}]},{"@type":"WebSite","@id":"https:\/\/www.eoimalaga.com\/web\/#website","url":"https:\/\/www.eoimalaga.com\/web\/","name":"P\u00e1gina Oficial de la EOI de M\u00e1laga ::Los idiomas ponen el mundo a tus pies::","description":"EOI M\u00e1laga","potentialAction":[{"@type":"SearchAction","target":{"@type":"EntryPoint","urlTemplate":"https:\/\/www.eoimalaga.com\/web\/?s={search_term_string}"},"query-input":{"@type":"PropertyValueSpecification","valueRequired":true,"valueName":"search_term_string"}}],"inLanguage":"es"}]}},"_links":{"self":[{"href":"https:\/\/www.eoimalaga.com\/web\/wp-json\/wp\/v2\/pages\/8653","targetHints":{"allow":["GET"]}}],"collection":[{"href":"https:\/\/www.eoimalaga.com\/web\/wp-json\/wp\/v2\/pages"}],"about":[{"href":"https:\/\/www.eoimalaga.com\/web\/wp-json\/wp\/v2\/types\/page"}],"author":[{"embeddable":true,"href":"https:\/\/www.eoimalaga.com\/web\/wp-json\/wp\/v2\/users\/18"}],"replies":[{"embeddable":true,"href":"https:\/\/www.eoimalaga.com\/web\/wp-json\/wp\/v2\/comments?post=8653"}],"version-history":[{"count":20,"href":"https:\/\/www.eoimalaga.com\/web\/wp-json\/wp\/v2\/pages\/8653\/revisions"}],"predecessor-version":[{"id":19475,"href":"https:\/\/www.eoimalaga.com\/web\/wp-json\/wp\/v2\/pages\/8653\/revisions\/19475"}],"wp:attachment":[{"href":"https:\/\/www.eoimalaga.com\/web\/wp-json\/wp\/v2\/media?parent=8653"}],"wp:term":[{"taxonomy":"category","embeddable":true,"href":"https:\/\/www.eoimalaga.com\/web\/wp-json\/wp\/v2\/categories?post=8653"},{"taxonomy":"post_tag","embeddable":true,"href":"https:\/\/www.eoimalaga.com\/web\/wp-json\/wp\/v2\/tags?post=8653"}],"curies":[{"name":"wp","href":"https:\/\/api.w.org\/{rel}","templated":true}]}}