{"id":8536,"date":"2019-12-30T08:50:58","date_gmt":"2019-12-30T06:50:58","guid":{"rendered":"http:\/\/www.eoimalaga.com\/web\/?page_id=8536"},"modified":"2024-11-15T19:05:43","modified_gmt":"2024-11-15T17:05:43","slug":"enlaces-de-interes","status":"publish","type":"page","link":"https:\/\/www.eoimalaga.com\/web\/griego\/enlaces-de-interes\/","title":{"rendered":"Enlaces de inter\u00e9s"},"content":{"rendered":"<div class=\"wpb-content-wrapper\"><p>[vc_row][vc_column][vc_empty_space][\/vc_column][\/vc_row][vc_row content_placement=\u00bbmiddle\u00bb][vc_column width=\u00bb1\/3&#8243;][vc_gallery type=\u00bbimage_grid\u00bb images=\u00bb8538&#8243; img_size=\u00bblarge\u00bb onclick=\u00bbcustom_link\u00bb custom_links_target=\u00bb_blank\u00bb title=\u00bbModelos de niveles MCER (para producci\u00f3n escrita)\u00bb custom_links=\u00bb#E-8_aHR0cHMlM0ElMkYlMkZzaXRlcy5nb29nbGUuY29tJTJGc2l0ZSUyRm1vZGVsb3NkZW5pdmVsZXNtY2VyJTJGaG9tZQ==\u00bb][\/vc_column][vc_column width=\u00bb1\/3&#8243;][vc_gallery type=\u00bbimage_grid\u00bb images=\u00bb8540&#8243; img_size=\u00bbmedium\u00bb onclick=\u00bbcustom_link\u00bb custom_links_target=\u00bb_blank\u00bb title=\u00bbP\u00e1gina del Ministerio de Educaci\u00f3n griego\u00bb custom_links=\u00bb#E-8_aHR0cCUzQSUyRiUyRnd3dy5taW5lZHUuZ292LmdyJTJG\u00bb][\/vc_column][vc_column width=\u00bb1\/3&#8243;][vc_gallery type=\u00bbimage_grid\u00bb images=\u00bb8541&#8243; img_size=\u00bblarge\u00bb onclick=\u00bbcustom_link\u00bb custom_links_target=\u00bb_blank\u00bb title=\u00bbCentro para la Lengua Griega\u00bb custom_links=\u00bb#E-8_aHR0cCUzQSUyRiUyRmdyZWVrbGFuZ3VhZ2UuZ3IlMkY=\u00bb][\/vc_column][\/vc_row][vc_row][vc_column][vc_empty_space][\/vc_column][\/vc_row][vc_row][vc_column width=\u00bb1\/3&#8243;][vc_gallery type=\u00bbimage_grid\u00bb images=\u00bb8542&#8243; img_size=\u00bblarge\u00bb onclick=\u00bbcustom_link\u00bb custom_links_target=\u00bb_blank\u00bb title=\u00bbLetras de canciones, poemas y traducciones\u00bb custom_links=\u00bb#E-8_aHR0cCUzQSUyRiUyRnd3dy5zdGl4b2kuaW5mbyUyRg==\u00bb][\/vc_column][vc_column width=\u00bb1\/3&#8243;][vc_gallery type=\u00bbimage_grid\u00bb images=\u00bb8544&#8243; img_size=\u00bblarge\u00bb onclick=\u00bbcustom_link\u00bb custom_links_target=\u00bb_blank\u00bb title=\u00bbTo Vima\u00bb custom_links=\u00bb#E-8_aHR0cHMlM0ElMkYlMkZ3d3cudG92aW1hLmdyJTJG\u00bb][\/vc_column][vc_column width=\u00bb1\/3&#8243;][vc_gallery type=\u00bbimage_grid\u00bb images=\u00bb8545&#8243; onclick=\u00bbcustom_link\u00bb custom_links_target=\u00bb_blank\u00bb title=\u00bbI Kathimerin\u00ed\u00bb custom_links=\u00bb#E-8_aHR0cCUzQSUyRiUyRnd3dy5rYXRoaW1lcmluaS5nciUyRg==\u00bb][\/vc_column][\/vc_row][vc_row][vc_column][vc_empty_space][\/vc_column][\/vc_row][vc_row][vc_column width=\u00bb1\/3&#8243;][vc_gallery type=\u00bbimage_grid\u00bb images=\u00bb8546&#8243; img_size=\u00bblarge\u00bb onclick=\u00bbcustom_link\u00bb custom_links_target=\u00bb_blank\u00bb title=\u00bbTVXS\u00bb custom_links=\u00bb#E-8_aHR0cHMlM0ElMkYlMkZ0dnhzLmdyJTJG\u00bb][\/vc_column][vc_column width=\u00bb1\/3&#8243;][vc_gallery type=\u00bbimage_grid\u00bb images=\u00bb8547&#8243; img_size=\u00bbfull\u00bb onclick=\u00bbcustom_link\u00bb custom_links_target=\u00bb_blank\u00bb title=\u00bbCanales televisivos, pel\u00edculas, series, documentales,&#8230;\u00bb custom_links=\u00bb#E-8_aHR0cCUzQSUyRiUyRmdyZWVrLW1vdmllcy5jb20lMkZuZXdzLnBocA==\u00bb][\/vc_column][vc_column width=\u00bb1\/3&#8243;][vc_gallery type=\u00bbimage_grid\u00bb images=\u00bb8548&#8243; img_size=\u00bblarge\u00bb onclick=\u00bbcustom_link\u00bb custom_links_target=\u00bb_blank\u00bb title=\u00bbEl blog de Pedro Olalla\u00bb custom_links=\u00bb#E-8_aHR0cHMlM0ElMkYlMkZwZWRyb29sYWxsYS5jb20lMkZpbmRleC5waHAlMkZlcyUyRmJsb2c=\u00bb][\/vc_column][\/vc_row][vc_row][vc_column][vc_empty_space][\/vc_column][\/vc_row][vc_row][vc_column width=\u00bb1\/3&#8243;][vc_gallery type=\u00bbimage_grid\u00bb images=\u00bb19679&#8243; img_size=\u00bbmedium\u00bb onclick=\u00bbcustom_link\u00bb title=\u00bbErt Flix\u00bb custom_links=\u00bb#E-8_aHR0cHMlM0ElMkYlMkZ3d3cuZXJ0ZmxpeC5nciUyRnJlZ2lzdGVy\u00bb][\/vc_column][vc_column width=\u00bb1\/3&#8243;][vc_gallery type=\u00bbimage_grid\u00bb images=\u00bb19678&#8243; img_size=\u00bbmedium\u00bb onclick=\u00bbcustom_link\u00bb title=\u00bbLIFO\u00bb custom_links=\u00bb#E-8_aHR0cHMlM0ElMkYlMkZ3d3cubGlmby5nciUyRg==\u00bb][\/vc_column][vc_column width=\u00bb1\/3&#8243;][vc_gallery type=\u00bbimage_grid\u00bb images=\u00bb19680&#8243; img_size=\u00bbmedium\u00bb onclick=\u00bbcustom_link\u00bb title=\u00bbB\u03b9\u03ba\u03b9\u03bb\u03b5\u03be\u03b9\u03ba\u03cc\u00bb custom_links=\u00bb#E-8_aHR0cHMlM0ElMkYlMkZlbC53aWt0aW9uYXJ5Lm9yZyUyRndpa2klMkYlMjVDRSUyNTkxJTI1Q0YlMjU4MSUyNUNGJTI1ODclMjVDRSUyNUI1JTI1Q0UlMjVBRiUyNUNFJTI1QkYlM0FXaWt0LWVsLWxhbWJkYS1sb3dlcl9jYXNlLnN2Zw==\u00bb][\/vc_column][\/vc_row][vc_row][vc_column][vc_empty_space][\/vc_column][\/vc_row][vc_row][vc_column width=\u00bb1\/3&#8243;][vc_gallery interval=\u00bb3&#8243; images=\u00bb19737&#8243; img_size=\u00bbmedium\u00bb onclick=\u00bbcustom_link\u00bb title=\u00bbefsyn\u00bb custom_links=\u00bb#E-8_aHR0cHMlM0ElMkYlMkZ3d3cuZWZzeW4uZ3IlMkY=\u00bb][\/vc_column][vc_column width=\u00bb1\/3&#8243;][vc_gallery interval=\u00bb3&#8243; images=\u00bb19739&#8243; img_size=\u00bbmedium\u00bb onclick=\u00bbcustom_link\u00bb title=\u00bb\u039c\u03bf\u03c5\u03c3\u03b5\u03af\u03bf \u039c\u03c0\u03b5\u03bd\u03ac\u03ba\u03b7\u00bb custom_links=\u00bb#E-8_aHR0cHMlM0ElMkYlMkZ3d3cuYmVuYWtpLm9yZyUyRmluZGV4LnBocCUzRmxhbmclM0RlbA==\u00bb][\/vc_column][vc_column width=\u00bb1\/3&#8243;][vc_gallery interval=\u00bb3&#8243; images=\u00bb19741&#8243; img_size=\u00bbmedium\u00bb onclick=\u00bbcustom_link\u00bb title=\u00bbLibrer\u00eda Polite\u00eda\u00bb custom_links=\u00bb#E-8_aHR0cHMlM0ElMkYlMkZ3d3cucG9saXRlaWFuZXQuZ3IlMkY=\u00bb][\/vc_column][\/vc_row][vc_row][vc_column][vc_empty_space][\/vc_column][\/vc_row][vc_row][vc_column width=\u00bb1\/3&#8243;][vc_gallery interval=\u00bb3&#8243; images=\u00bb19742&#8243; img_size=\u00bbmedium\u00bb onclick=\u00bbcustom_link\u00bb title=\u00bbonassis.org\u00bb custom_links=\u00bb#E-8_aHR0cHMlM0ElMkYlMkZ3d3cub25hc3Npcy5vcmclMkY=\u00bb][\/vc_column][vc_column width=\u00bb1\/3&#8243;][vc_gallery interval=\u00bb3&#8243; images=\u00bb19745&#8243; img_size=\u00bbmedium\u00bb onclick=\u00bbcustom_link\u00bb title=\u00bbPinacoteca nacional &#8211; Museo Al\u00e9xandros Soutsos\u00bb custom_links=\u00bb#E-8_aHR0cHMlM0ElMkYlMkZ3d3cubmF0aW9uYWxnYWxsZXJ5LmdyJTJGZW4lMkY=\u00bb][\/vc_column][vc_column width=\u00bb1\/3&#8243;][\/vc_column][\/vc_row]<\/p>\n<\/div>","protected":false},"excerpt":{"rendered":"<p>[vc_row][vc_column][vc_empty_space][\/vc_column][\/vc_row][vc_row content_placement=\u00bbmiddle\u00bb][vc_column width=\u00bb1\/3&#8243;][vc_gallery type=\u00bbimage_grid\u00bb images=\u00bb8538&#8243; img_size=\u00bblarge\u00bb onclick=\u00bbcustom_link\u00bb custom_links_target=\u00bb_blank\u00bb title=\u00bbModelos de niveles MCER (para producci\u00f3n escrita)\u00bb custom_links=\u00bb#E-8_aHR0cHMlM0ElMkYlMkZzaXRlcy5nb29nbGUuY29tJTJGc2l0ZSUyRm1vZGVsb3NkZW5pdmVsZXNtY2VyJTJGaG9tZQ==\u00bb][\/vc_column][vc_column width=\u00bb1\/3&#8243;][vc_gallery type=\u00bbimage_grid\u00bb images=\u00bb8540&#8243; img_size=\u00bbmedium\u00bb onclick=\u00bbcustom_link\u00bb custom_links_target=\u00bb_blank\u00bb title=\u00bbP\u00e1gina del Ministerio de Educaci\u00f3n griego\u00bb custom_links=\u00bb#E-8_aHR0cCUzQSUyRiUyRnd3dy5taW5lZHUuZ292LmdyJTJG\u00bb][\/vc_column][vc_column width=\u00bb1\/3&#8243;][vc_gallery type=\u00bbimage_grid\u00bb images=\u00bb8541&#8243; img_size=\u00bblarge\u00bb onclick=\u00bbcustom_link\u00bb custom_links_target=\u00bb_blank\u00bb title=\u00bbCentro para la Lengua Griega\u00bb custom_links=\u00bb#E-8_aHR0cCUzQSUyRiUyRmdyZWVrbGFuZ3VhZ2UuZ3IlMkY=\u00bb][\/vc_column][\/vc_row][vc_row][vc_column][vc_empty_space][\/vc_column][\/vc_row][vc_row][vc_column width=\u00bb1\/3&#8243;][vc_gallery type=\u00bbimage_grid\u00bb images=\u00bb8542&#8243; img_size=\u00bblarge\u00bb onclick=\u00bbcustom_link\u00bb custom_links_target=\u00bb_blank\u00bb title=\u00bbLetras de canciones, poemas y traducciones\u00bb custom_links=\u00bb#E-8_aHR0cCUzQSUyRiUyRnd3dy5zdGl4b2kuaW5mbyUyRg==\u00bb][\/vc_column][vc_column width=\u00bb1\/3&#8243;][vc_gallery [&hellip;]<\/p>\n","protected":false},"author":16,"featured_media":0,"parent":8484,"menu_order":0,"comment_status":"closed","ping_status":"closed","template":"","meta":{"inline_featured_image":false,"footnotes":""},"categories":[57],"tags":[],"class_list":["post-8536","page","type-page","status-publish","hentry","category-griego"],"yoast_head":"<!-- This site is optimized with the Yoast SEO plugin v26.5 - https:\/\/yoast.com\/wordpress\/plugins\/seo\/ -->\n<title>Enlaces de inter\u00e9s - P\u00e1gina Oficial de la EOI de M\u00e1laga ::Los idiomas ponen el mundo a tus pies::<\/title>\n<meta name=\"robots\" content=\"index, follow, max-snippet:-1, max-image-preview:large, max-video-preview:-1\" \/>\n<link rel=\"canonical\" href=\"https:\/\/www.eoimalaga.com\/web\/griego\/enlaces-de-interes\/\" \/>\n<meta property=\"og:locale\" content=\"es_ES\" \/>\n<meta property=\"og:type\" content=\"article\" \/>\n<meta property=\"og:title\" content=\"Enlaces de inter\u00e9s - P\u00e1gina Oficial de la EOI de M\u00e1laga ::Los idiomas ponen el mundo a tus pies::\" \/>\n<meta property=\"og:description\" content=\"[vc_row][vc_column][vc_empty_space][\/vc_column][\/vc_row][vc_row content_placement=\u00bbmiddle\u00bb][vc_column width=\u00bb1\/3&#8243;][vc_gallery type=\u00bbimage_grid\u00bb images=\u00bb8538&#8243; img_size=\u00bblarge\u00bb onclick=\u00bbcustom_link\u00bb custom_links_target=\u00bb_blank\u00bb title=\u00bbModelos de niveles MCER (para producci\u00f3n escrita)\u00bb custom_links=\u00bb#E-8_aHR0cHMlM0ElMkYlMkZzaXRlcy5nb29nbGUuY29tJTJGc2l0ZSUyRm1vZGVsb3NkZW5pdmVsZXNtY2VyJTJGaG9tZQ==\u00bb][\/vc_column][vc_column width=\u00bb1\/3&#8243;][vc_gallery type=\u00bbimage_grid\u00bb images=\u00bb8540&#8243; img_size=\u00bbmedium\u00bb onclick=\u00bbcustom_link\u00bb custom_links_target=\u00bb_blank\u00bb title=\u00bbP\u00e1gina del Ministerio de Educaci\u00f3n griego\u00bb custom_links=\u00bb#E-8_aHR0cCUzQSUyRiUyRnd3dy5taW5lZHUuZ292LmdyJTJG\u00bb][\/vc_column][vc_column width=\u00bb1\/3&#8243;][vc_gallery type=\u00bbimage_grid\u00bb images=\u00bb8541&#8243; img_size=\u00bblarge\u00bb onclick=\u00bbcustom_link\u00bb custom_links_target=\u00bb_blank\u00bb title=\u00bbCentro para la Lengua Griega\u00bb custom_links=\u00bb#E-8_aHR0cCUzQSUyRiUyRmdyZWVrbGFuZ3VhZ2UuZ3IlMkY=\u00bb][\/vc_column][\/vc_row][vc_row][vc_column][vc_empty_space][\/vc_column][\/vc_row][vc_row][vc_column width=\u00bb1\/3&#8243;][vc_gallery type=\u00bbimage_grid\u00bb images=\u00bb8542&#8243; img_size=\u00bblarge\u00bb onclick=\u00bbcustom_link\u00bb custom_links_target=\u00bb_blank\u00bb title=\u00bbLetras de canciones, poemas y traducciones\u00bb custom_links=\u00bb#E-8_aHR0cCUzQSUyRiUyRnd3dy5zdGl4b2kuaW5mbyUyRg==\u00bb][\/vc_column][vc_column width=\u00bb1\/3&#8243;][vc_gallery [&hellip;]\" \/>\n<meta property=\"og:url\" content=\"https:\/\/www.eoimalaga.com\/web\/griego\/enlaces-de-interes\/\" \/>\n<meta property=\"og:site_name\" content=\"P\u00e1gina Oficial de la EOI de M\u00e1laga ::Los idiomas ponen el mundo a tus pies::\" \/>\n<meta property=\"article:modified_time\" content=\"2024-11-15T17:05:43+00:00\" \/>\n<meta name=\"twitter:card\" content=\"summary_large_image\" \/>\n<meta name=\"twitter:label1\" content=\"Tiempo de lectura\" \/>\n\t<meta name=\"twitter:data1\" content=\"1 minuto\" \/>\n<script type=\"application\/ld+json\" class=\"yoast-schema-graph\">{\"@context\":\"https:\/\/schema.org\",\"@graph\":[{\"@type\":\"WebPage\",\"@id\":\"https:\/\/www.eoimalaga.com\/web\/griego\/enlaces-de-interes\/\",\"url\":\"https:\/\/www.eoimalaga.com\/web\/griego\/enlaces-de-interes\/\",\"name\":\"Enlaces de inter\u00e9s - P\u00e1gina Oficial de la EOI de M\u00e1laga ::Los idiomas ponen el mundo a tus pies::\",\"isPartOf\":{\"@id\":\"https:\/\/www.eoimalaga.com\/web\/#website\"},\"datePublished\":\"2019-12-30T06:50:58+00:00\",\"dateModified\":\"2024-11-15T17:05:43+00:00\",\"breadcrumb\":{\"@id\":\"https:\/\/www.eoimalaga.com\/web\/griego\/enlaces-de-interes\/#breadcrumb\"},\"inLanguage\":\"es\",\"potentialAction\":[{\"@type\":\"ReadAction\",\"target\":[\"https:\/\/www.eoimalaga.com\/web\/griego\/enlaces-de-interes\/\"]}]},{\"@type\":\"BreadcrumbList\",\"@id\":\"https:\/\/www.eoimalaga.com\/web\/griego\/enlaces-de-interes\/#breadcrumb\",\"itemListElement\":[{\"@type\":\"ListItem\",\"position\":1,\"name\":\"Home\",\"item\":\"https:\/\/www.eoimalaga.com\/web\/\"},{\"@type\":\"ListItem\",\"position\":2,\"name\":\"GRIEGO\",\"item\":\"https:\/\/www.eoimalaga.com\/web\/griego\/\"},{\"@type\":\"ListItem\",\"position\":3,\"name\":\"Enlaces de inter\u00e9s\"}]},{\"@type\":\"WebSite\",\"@id\":\"https:\/\/www.eoimalaga.com\/web\/#website\",\"url\":\"https:\/\/www.eoimalaga.com\/web\/\",\"name\":\"P\u00e1gina Oficial de la EOI de M\u00e1laga ::Los idiomas ponen el mundo a tus pies::\",\"description\":\"EOI M\u00e1laga\",\"potentialAction\":[{\"@type\":\"SearchAction\",\"target\":{\"@type\":\"EntryPoint\",\"urlTemplate\":\"https:\/\/www.eoimalaga.com\/web\/?s={search_term_string}\"},\"query-input\":{\"@type\":\"PropertyValueSpecification\",\"valueRequired\":true,\"valueName\":\"search_term_string\"}}],\"inLanguage\":\"es\"}]}<\/script>\n<!-- \/ Yoast SEO plugin. -->","yoast_head_json":{"title":"Enlaces de inter\u00e9s - P\u00e1gina Oficial de la EOI de M\u00e1laga ::Los idiomas ponen el mundo a tus pies::","robots":{"index":"index","follow":"follow","max-snippet":"max-snippet:-1","max-image-preview":"max-image-preview:large","max-video-preview":"max-video-preview:-1"},"canonical":"https:\/\/www.eoimalaga.com\/web\/griego\/enlaces-de-interes\/","og_locale":"es_ES","og_type":"article","og_title":"Enlaces de inter\u00e9s - P\u00e1gina Oficial de la EOI de M\u00e1laga ::Los idiomas ponen el mundo a tus pies::","og_description":"[vc_row][vc_column][vc_empty_space][\/vc_column][\/vc_row][vc_row content_placement=\u00bbmiddle\u00bb][vc_column width=\u00bb1\/3&#8243;][vc_gallery type=\u00bbimage_grid\u00bb images=\u00bb8538&#8243; img_size=\u00bblarge\u00bb onclick=\u00bbcustom_link\u00bb custom_links_target=\u00bb_blank\u00bb title=\u00bbModelos de niveles MCER (para producci\u00f3n escrita)\u00bb custom_links=\u00bb#E-8_aHR0cHMlM0ElMkYlMkZzaXRlcy5nb29nbGUuY29tJTJGc2l0ZSUyRm1vZGVsb3NkZW5pdmVsZXNtY2VyJTJGaG9tZQ==\u00bb][\/vc_column][vc_column width=\u00bb1\/3&#8243;][vc_gallery type=\u00bbimage_grid\u00bb images=\u00bb8540&#8243; img_size=\u00bbmedium\u00bb onclick=\u00bbcustom_link\u00bb custom_links_target=\u00bb_blank\u00bb title=\u00bbP\u00e1gina del Ministerio de Educaci\u00f3n griego\u00bb custom_links=\u00bb#E-8_aHR0cCUzQSUyRiUyRnd3dy5taW5lZHUuZ292LmdyJTJG\u00bb][\/vc_column][vc_column width=\u00bb1\/3&#8243;][vc_gallery type=\u00bbimage_grid\u00bb images=\u00bb8541&#8243; img_size=\u00bblarge\u00bb onclick=\u00bbcustom_link\u00bb custom_links_target=\u00bb_blank\u00bb title=\u00bbCentro para la Lengua Griega\u00bb custom_links=\u00bb#E-8_aHR0cCUzQSUyRiUyRmdyZWVrbGFuZ3VhZ2UuZ3IlMkY=\u00bb][\/vc_column][\/vc_row][vc_row][vc_column][vc_empty_space][\/vc_column][\/vc_row][vc_row][vc_column width=\u00bb1\/3&#8243;][vc_gallery type=\u00bbimage_grid\u00bb images=\u00bb8542&#8243; img_size=\u00bblarge\u00bb onclick=\u00bbcustom_link\u00bb custom_links_target=\u00bb_blank\u00bb title=\u00bbLetras de canciones, poemas y traducciones\u00bb custom_links=\u00bb#E-8_aHR0cCUzQSUyRiUyRnd3dy5zdGl4b2kuaW5mbyUyRg==\u00bb][\/vc_column][vc_column width=\u00bb1\/3&#8243;][vc_gallery [&hellip;]","og_url":"https:\/\/www.eoimalaga.com\/web\/griego\/enlaces-de-interes\/","og_site_name":"P\u00e1gina Oficial de la EOI de M\u00e1laga ::Los idiomas ponen el mundo a tus pies::","article_modified_time":"2024-11-15T17:05:43+00:00","twitter_card":"summary_large_image","twitter_misc":{"Tiempo de lectura":"1 minuto"},"schema":{"@context":"https:\/\/schema.org","@graph":[{"@type":"WebPage","@id":"https:\/\/www.eoimalaga.com\/web\/griego\/enlaces-de-interes\/","url":"https:\/\/www.eoimalaga.com\/web\/griego\/enlaces-de-interes\/","name":"Enlaces de inter\u00e9s - P\u00e1gina Oficial de la EOI de M\u00e1laga ::Los idiomas ponen el mundo a tus pies::","isPartOf":{"@id":"https:\/\/www.eoimalaga.com\/web\/#website"},"datePublished":"2019-12-30T06:50:58+00:00","dateModified":"2024-11-15T17:05:43+00:00","breadcrumb":{"@id":"https:\/\/www.eoimalaga.com\/web\/griego\/enlaces-de-interes\/#breadcrumb"},"inLanguage":"es","potentialAction":[{"@type":"ReadAction","target":["https:\/\/www.eoimalaga.com\/web\/griego\/enlaces-de-interes\/"]}]},{"@type":"BreadcrumbList","@id":"https:\/\/www.eoimalaga.com\/web\/griego\/enlaces-de-interes\/#breadcrumb","itemListElement":[{"@type":"ListItem","position":1,"name":"Home","item":"https:\/\/www.eoimalaga.com\/web\/"},{"@type":"ListItem","position":2,"name":"GRIEGO","item":"https:\/\/www.eoimalaga.com\/web\/griego\/"},{"@type":"ListItem","position":3,"name":"Enlaces de inter\u00e9s"}]},{"@type":"WebSite","@id":"https:\/\/www.eoimalaga.com\/web\/#website","url":"https:\/\/www.eoimalaga.com\/web\/","name":"P\u00e1gina Oficial de la EOI de M\u00e1laga ::Los idiomas ponen el mundo a tus pies::","description":"EOI M\u00e1laga","potentialAction":[{"@type":"SearchAction","target":{"@type":"EntryPoint","urlTemplate":"https:\/\/www.eoimalaga.com\/web\/?s={search_term_string}"},"query-input":{"@type":"PropertyValueSpecification","valueRequired":true,"valueName":"search_term_string"}}],"inLanguage":"es"}]}},"_links":{"self":[{"href":"https:\/\/www.eoimalaga.com\/web\/wp-json\/wp\/v2\/pages\/8536","targetHints":{"allow":["GET"]}}],"collection":[{"href":"https:\/\/www.eoimalaga.com\/web\/wp-json\/wp\/v2\/pages"}],"about":[{"href":"https:\/\/www.eoimalaga.com\/web\/wp-json\/wp\/v2\/types\/page"}],"author":[{"embeddable":true,"href":"https:\/\/www.eoimalaga.com\/web\/wp-json\/wp\/v2\/users\/16"}],"replies":[{"embeddable":true,"href":"https:\/\/www.eoimalaga.com\/web\/wp-json\/wp\/v2\/comments?post=8536"}],"version-history":[{"count":10,"href":"https:\/\/www.eoimalaga.com\/web\/wp-json\/wp\/v2\/pages\/8536\/revisions"}],"predecessor-version":[{"id":19676,"href":"https:\/\/www.eoimalaga.com\/web\/wp-json\/wp\/v2\/pages\/8536\/revisions\/19676"}],"up":[{"embeddable":true,"href":"https:\/\/www.eoimalaga.com\/web\/wp-json\/wp\/v2\/pages\/8484"}],"wp:attachment":[{"href":"https:\/\/www.eoimalaga.com\/web\/wp-json\/wp\/v2\/media?parent=8536"}],"wp:term":[{"taxonomy":"category","embeddable":true,"href":"https:\/\/www.eoimalaga.com\/web\/wp-json\/wp\/v2\/categories?post=8536"},{"taxonomy":"post_tag","embeddable":true,"href":"https:\/\/www.eoimalaga.com\/web\/wp-json\/wp\/v2\/tags?post=8536"}],"curies":[{"name":"wp","href":"https:\/\/api.w.org\/{rel}","templated":true}]}}