{"id":8532,"date":"2019-12-30T08:49:05","date_gmt":"2019-12-30T06:49:05","guid":{"rendered":"http:\/\/www.eoimalaga.com\/web\/?page_id=8532"},"modified":"2020-11-15T19:50:11","modified_gmt":"2020-11-15T17:50:11","slug":"material-para-las-ausencias","status":"publish","type":"page","link":"https:\/\/www.eoimalaga.com\/web\/griego\/material-para-las-ausencias\/","title":{"rendered":"Material para las ausencias"},"content":{"rendered":"<div class=\"wpb-content-wrapper\"><p>[vc_row][vc_column][vc_empty_space][\/vc_column][\/vc_row][vc_row][vc_column][vc_tta_accordion style=\u00bboutline\u00bb color=\u00bbblue\u00bb active_section=\u00bb\u00bb title=\u00bbMaterial en caso de ausencia del profesorado\u00bb][vc_tta_section title=\u00bbA1&#8243; tab_id=\u00bb1530261398751-9e3ea024-d6da\u00bb][vc_column_text]En caso de ausencia del profesorado recomendamos trabajar las siguientes unidades en el enlace de abajo: cap\u00edtulos 1, 2, 3 y 4.<\/p>\n<p><a href=\"http:\/\/www.xanthi.ilsp.gr\/filog\/default.htm\" target=\"_blank\" rel=\"noopener noreferrer\">Nivel B\u00e1sico 1<\/a>[\/vc_column_text][\/vc_tta_section][vc_tta_section title=\u00bbA2&#8243; tab_id=\u00bb1530261398813-90fbf7dc-5e7d\u00bb][vc_row_inner][vc_column_inner][vc_column_text]En caso de ausencia del profesorado recomendamos trabajar las siguientes unidades en el enlace de abajo: cap\u00edtulos 4, 5, 7, 8 y 13.<\/p>\n<p><a href=\"http:\/\/www.xanthi.ilsp.gr\/filog\/default.htm\" target=\"_blank\" rel=\"noopener noreferrer\">Nivel B\u00e1sico 2<\/a>[\/vc_column_text][\/vc_column_inner][\/vc_row_inner][\/vc_tta_section][vc_tta_section title=\u00bbB1&#8243; tab_id=\u00bb1530261487039-d11d2d50-02af\u00bb][vc_column_text]En caso de ausencia del profesorado recomendamos trabajar las siguientes unidades en el enlace de abajo: cap\u00edtulos 3, 6, 10, 12 y 14.<\/p>\n<p><a href=\"http:\/\/www.xanthi.ilsp.gr\/filog\/default.htm\" target=\"_blank\" rel=\"noopener noreferrer\">Nivel Intermedio 1<\/a>[\/vc_column_text][\/vc_tta_section][vc_tta_section title=\u00bbB2-1&#8243; tab_id=\u00bb1530261488485-c30b60be-8c39&#8243;][vc_column_text]En caso de ausencia del profesorado recomendamos realizar las actividades propuestas en el siguiente enlace:<\/p>\n<p><a href=\"http:\/\/www.eoimalaga.com\/GRIEGO\/wp-content\/uploads\/2018\/03\/sundesmoi.pdf\" target=\"_blank\" rel=\"noopener noreferrer\">Nivel Intermedio B2-1<\/a>[\/vc_column_text][\/vc_tta_section][vc_tta_section title=\u00bbB2-2&#8243; tab_id=\u00bb1530261489565-4afc0b8d-ad29&#8243;][vc_column_text]En caso de ausencia del profesorado recomendamos trabajar la unidad tem\u00e1tica que se propone en el siguiente enlace:<\/p>\n<p><a href=\"http:\/\/www.eoimalaga.com\/GRIEGO\/wp-content\/uploads\/2018\/03\/chapter2.pdf\" target=\"_blank\" rel=\"noopener noreferrer\">Nivel Intermedio B2-2<\/a><\/p>\n<p><a href=\"http:\/\/www.eoimalaga.com\/GRIEGO\/wp-content\/uploads\/2018\/03\/chapter2_sol.pdf\" target=\"_blank\" rel=\"noopener noreferrer\">Soluciones a los ejercicios<\/a>[\/vc_column_text][\/vc_tta_section][\/vc_tta_accordion][\/vc_column][\/vc_row][vc_row][vc_column][vc_empty_space][\/vc_column][\/vc_row]<\/p>\n<\/div>","protected":false},"excerpt":{"rendered":"<p>[vc_row][vc_column][vc_empty_space][\/vc_column][\/vc_row][vc_row][vc_column][vc_tta_accordion style=\u00bboutline\u00bb color=\u00bbblue\u00bb active_section=\u00bb\u00bb title=\u00bbMaterial en caso de ausencia del profesorado\u00bb][vc_tta_section title=\u00bbA1&#8243; tab_id=\u00bb1530261398751-9e3ea024-d6da\u00bb][vc_column_text]En caso de ausencia del profesorado recomendamos trabajar las siguientes unidades en el enlace de abajo: cap\u00edtulos 1, 2, 3 y 4. Nivel B\u00e1sico 1[\/vc_column_text][\/vc_tta_section][vc_tta_section title=\u00bbA2&#8243; tab_id=\u00bb1530261398813-90fbf7dc-5e7d\u00bb][vc_row_inner][vc_column_inner][vc_column_text]En caso de ausencia del profesorado recomendamos trabajar las siguientes unidades en el enlace de abajo: cap\u00edtulos [&hellip;]<\/p>\n","protected":false},"author":16,"featured_media":0,"parent":8484,"menu_order":0,"comment_status":"closed","ping_status":"closed","template":"","meta":{"inline_featured_image":false,"footnotes":""},"categories":[57],"tags":[],"class_list":["post-8532","page","type-page","status-publish","hentry","category-griego"],"yoast_head":"<!-- This site is optimized with the Yoast SEO plugin v26.5 - https:\/\/yoast.com\/wordpress\/plugins\/seo\/ -->\n<title>Material para las ausencias - P\u00e1gina Oficial de la EOI de M\u00e1laga ::Los idiomas ponen el mundo a tus pies::<\/title>\n<meta name=\"robots\" content=\"index, follow, max-snippet:-1, max-image-preview:large, max-video-preview:-1\" \/>\n<link rel=\"canonical\" href=\"https:\/\/www.eoimalaga.com\/web\/griego\/material-para-las-ausencias\/\" \/>\n<meta property=\"og:locale\" content=\"es_ES\" \/>\n<meta property=\"og:type\" content=\"article\" \/>\n<meta property=\"og:title\" content=\"Material para las ausencias - P\u00e1gina Oficial de la EOI de M\u00e1laga ::Los idiomas ponen el mundo a tus pies::\" \/>\n<meta property=\"og:description\" content=\"[vc_row][vc_column][vc_empty_space][\/vc_column][\/vc_row][vc_row][vc_column][vc_tta_accordion style=\u00bboutline\u00bb color=\u00bbblue\u00bb active_section=\u00bb\u00bb title=\u00bbMaterial en caso de ausencia del profesorado\u00bb][vc_tta_section title=\u00bbA1&#8243; tab_id=\u00bb1530261398751-9e3ea024-d6da\u00bb][vc_column_text]En caso de ausencia del profesorado recomendamos trabajar las siguientes unidades en el enlace de abajo: cap\u00edtulos 1, 2, 3 y 4. Nivel B\u00e1sico 1[\/vc_column_text][\/vc_tta_section][vc_tta_section title=\u00bbA2&#8243; tab_id=\u00bb1530261398813-90fbf7dc-5e7d\u00bb][vc_row_inner][vc_column_inner][vc_column_text]En caso de ausencia del profesorado recomendamos trabajar las siguientes unidades en el enlace de abajo: cap\u00edtulos [&hellip;]\" \/>\n<meta property=\"og:url\" content=\"https:\/\/www.eoimalaga.com\/web\/griego\/material-para-las-ausencias\/\" \/>\n<meta property=\"og:site_name\" content=\"P\u00e1gina Oficial de la EOI de M\u00e1laga ::Los idiomas ponen el mundo a tus pies::\" \/>\n<meta property=\"article:modified_time\" content=\"2020-11-15T17:50:11+00:00\" \/>\n<meta name=\"twitter:card\" content=\"summary_large_image\" \/>\n<meta name=\"twitter:label1\" content=\"Tiempo de lectura\" \/>\n\t<meta name=\"twitter:data1\" content=\"1 minuto\" \/>\n<script type=\"application\/ld+json\" class=\"yoast-schema-graph\">{\"@context\":\"https:\/\/schema.org\",\"@graph\":[{\"@type\":\"WebPage\",\"@id\":\"https:\/\/www.eoimalaga.com\/web\/griego\/material-para-las-ausencias\/\",\"url\":\"https:\/\/www.eoimalaga.com\/web\/griego\/material-para-las-ausencias\/\",\"name\":\"Material para las ausencias - P\u00e1gina Oficial de la EOI de M\u00e1laga ::Los idiomas ponen el mundo a tus pies::\",\"isPartOf\":{\"@id\":\"https:\/\/www.eoimalaga.com\/web\/#website\"},\"datePublished\":\"2019-12-30T06:49:05+00:00\",\"dateModified\":\"2020-11-15T17:50:11+00:00\",\"breadcrumb\":{\"@id\":\"https:\/\/www.eoimalaga.com\/web\/griego\/material-para-las-ausencias\/#breadcrumb\"},\"inLanguage\":\"es\",\"potentialAction\":[{\"@type\":\"ReadAction\",\"target\":[\"https:\/\/www.eoimalaga.com\/web\/griego\/material-para-las-ausencias\/\"]}]},{\"@type\":\"BreadcrumbList\",\"@id\":\"https:\/\/www.eoimalaga.com\/web\/griego\/material-para-las-ausencias\/#breadcrumb\",\"itemListElement\":[{\"@type\":\"ListItem\",\"position\":1,\"name\":\"Home\",\"item\":\"https:\/\/www.eoimalaga.com\/web\/\"},{\"@type\":\"ListItem\",\"position\":2,\"name\":\"GRIEGO\",\"item\":\"https:\/\/www.eoimalaga.com\/web\/griego\/\"},{\"@type\":\"ListItem\",\"position\":3,\"name\":\"Material para las ausencias\"}]},{\"@type\":\"WebSite\",\"@id\":\"https:\/\/www.eoimalaga.com\/web\/#website\",\"url\":\"https:\/\/www.eoimalaga.com\/web\/\",\"name\":\"P\u00e1gina Oficial de la EOI de M\u00e1laga ::Los idiomas ponen el mundo a tus pies::\",\"description\":\"EOI M\u00e1laga\",\"potentialAction\":[{\"@type\":\"SearchAction\",\"target\":{\"@type\":\"EntryPoint\",\"urlTemplate\":\"https:\/\/www.eoimalaga.com\/web\/?s={search_term_string}\"},\"query-input\":{\"@type\":\"PropertyValueSpecification\",\"valueRequired\":true,\"valueName\":\"search_term_string\"}}],\"inLanguage\":\"es\"}]}<\/script>\n<!-- \/ Yoast SEO plugin. -->","yoast_head_json":{"title":"Material para las ausencias - P\u00e1gina Oficial de la EOI de M\u00e1laga ::Los idiomas ponen el mundo a tus pies::","robots":{"index":"index","follow":"follow","max-snippet":"max-snippet:-1","max-image-preview":"max-image-preview:large","max-video-preview":"max-video-preview:-1"},"canonical":"https:\/\/www.eoimalaga.com\/web\/griego\/material-para-las-ausencias\/","og_locale":"es_ES","og_type":"article","og_title":"Material para las ausencias - P\u00e1gina Oficial de la EOI de M\u00e1laga ::Los idiomas ponen el mundo a tus pies::","og_description":"[vc_row][vc_column][vc_empty_space][\/vc_column][\/vc_row][vc_row][vc_column][vc_tta_accordion style=\u00bboutline\u00bb color=\u00bbblue\u00bb active_section=\u00bb\u00bb title=\u00bbMaterial en caso de ausencia del profesorado\u00bb][vc_tta_section title=\u00bbA1&#8243; tab_id=\u00bb1530261398751-9e3ea024-d6da\u00bb][vc_column_text]En caso de ausencia del profesorado recomendamos trabajar las siguientes unidades en el enlace de abajo: cap\u00edtulos 1, 2, 3 y 4. Nivel B\u00e1sico 1[\/vc_column_text][\/vc_tta_section][vc_tta_section title=\u00bbA2&#8243; tab_id=\u00bb1530261398813-90fbf7dc-5e7d\u00bb][vc_row_inner][vc_column_inner][vc_column_text]En caso de ausencia del profesorado recomendamos trabajar las siguientes unidades en el enlace de abajo: cap\u00edtulos [&hellip;]","og_url":"https:\/\/www.eoimalaga.com\/web\/griego\/material-para-las-ausencias\/","og_site_name":"P\u00e1gina Oficial de la EOI de M\u00e1laga ::Los idiomas ponen el mundo a tus pies::","article_modified_time":"2020-11-15T17:50:11+00:00","twitter_card":"summary_large_image","twitter_misc":{"Tiempo de lectura":"1 minuto"},"schema":{"@context":"https:\/\/schema.org","@graph":[{"@type":"WebPage","@id":"https:\/\/www.eoimalaga.com\/web\/griego\/material-para-las-ausencias\/","url":"https:\/\/www.eoimalaga.com\/web\/griego\/material-para-las-ausencias\/","name":"Material para las ausencias - P\u00e1gina Oficial de la EOI de M\u00e1laga ::Los idiomas ponen el mundo a tus pies::","isPartOf":{"@id":"https:\/\/www.eoimalaga.com\/web\/#website"},"datePublished":"2019-12-30T06:49:05+00:00","dateModified":"2020-11-15T17:50:11+00:00","breadcrumb":{"@id":"https:\/\/www.eoimalaga.com\/web\/griego\/material-para-las-ausencias\/#breadcrumb"},"inLanguage":"es","potentialAction":[{"@type":"ReadAction","target":["https:\/\/www.eoimalaga.com\/web\/griego\/material-para-las-ausencias\/"]}]},{"@type":"BreadcrumbList","@id":"https:\/\/www.eoimalaga.com\/web\/griego\/material-para-las-ausencias\/#breadcrumb","itemListElement":[{"@type":"ListItem","position":1,"name":"Home","item":"https:\/\/www.eoimalaga.com\/web\/"},{"@type":"ListItem","position":2,"name":"GRIEGO","item":"https:\/\/www.eoimalaga.com\/web\/griego\/"},{"@type":"ListItem","position":3,"name":"Material para las ausencias"}]},{"@type":"WebSite","@id":"https:\/\/www.eoimalaga.com\/web\/#website","url":"https:\/\/www.eoimalaga.com\/web\/","name":"P\u00e1gina Oficial de la EOI de M\u00e1laga ::Los idiomas ponen el mundo a tus pies::","description":"EOI M\u00e1laga","potentialAction":[{"@type":"SearchAction","target":{"@type":"EntryPoint","urlTemplate":"https:\/\/www.eoimalaga.com\/web\/?s={search_term_string}"},"query-input":{"@type":"PropertyValueSpecification","valueRequired":true,"valueName":"search_term_string"}}],"inLanguage":"es"}]}},"_links":{"self":[{"href":"https:\/\/www.eoimalaga.com\/web\/wp-json\/wp\/v2\/pages\/8532","targetHints":{"allow":["GET"]}}],"collection":[{"href":"https:\/\/www.eoimalaga.com\/web\/wp-json\/wp\/v2\/pages"}],"about":[{"href":"https:\/\/www.eoimalaga.com\/web\/wp-json\/wp\/v2\/types\/page"}],"author":[{"embeddable":true,"href":"https:\/\/www.eoimalaga.com\/web\/wp-json\/wp\/v2\/users\/16"}],"replies":[{"embeddable":true,"href":"https:\/\/www.eoimalaga.com\/web\/wp-json\/wp\/v2\/comments?post=8532"}],"version-history":[{"count":2,"href":"https:\/\/www.eoimalaga.com\/web\/wp-json\/wp\/v2\/pages\/8532\/revisions"}],"predecessor-version":[{"id":11789,"href":"https:\/\/www.eoimalaga.com\/web\/wp-json\/wp\/v2\/pages\/8532\/revisions\/11789"}],"up":[{"embeddable":true,"href":"https:\/\/www.eoimalaga.com\/web\/wp-json\/wp\/v2\/pages\/8484"}],"wp:attachment":[{"href":"https:\/\/www.eoimalaga.com\/web\/wp-json\/wp\/v2\/media?parent=8532"}],"wp:term":[{"taxonomy":"category","embeddable":true,"href":"https:\/\/www.eoimalaga.com\/web\/wp-json\/wp\/v2\/categories?post=8532"},{"taxonomy":"post_tag","embeddable":true,"href":"https:\/\/www.eoimalaga.com\/web\/wp-json\/wp\/v2\/tags?post=8532"}],"curies":[{"name":"wp","href":"https:\/\/api.w.org\/{rel}","templated":true}]}}