{"id":8518,"date":"2019-12-30T08:40:57","date_gmt":"2019-12-30T06:40:57","guid":{"rendered":"http:\/\/www.eoimalaga.com\/web\/?page_id=8518"},"modified":"2024-11-13T17:39:06","modified_gmt":"2024-11-13T15:39:06","slug":"pruebas-periodicas","status":"publish","type":"page","link":"https:\/\/www.eoimalaga.com\/web\/griego\/pruebas-periodicas\/","title":{"rendered":"Pruebas peri\u00f3dicas"},"content":{"rendered":"<div class=\"wpb-content-wrapper\"><p>[vc_row][vc_column][vc_empty_space][\/vc_column][\/vc_row][vc_row][vc_column][vc_tta_tabs color=\u00bbgreen\u00bb spacing=\u00bb10&#8243; active_section=\u00bb7&#8243; title=\u00bbEvaluaci\u00f3n formativa\u00bb][vc_tta_section title=\u00bbEvaluaci\u00f3n continua\u00bb tab_id=\u00bb1535907389782-1b6bfb24-61c7&#8243;][vc_column_text]<span style=\"font-size: 14pt\">La <strong>evaluaci\u00f3n de progreso o continua<\/strong> se llevar\u00e1 a cabo en dos sesiones que coincidir\u00e1n con el final de cada cuatrimestre.<\/span><\/p>\n<p><span style=\"font-size: 14pt\">El profesorado registrar\u00e1 de cada alumno\/a al menos dos calificaciones por actividad de lengua y cuatrimestre. Para ello se realizar\u00e1n tareas o ejercicios en diferentes momentos durante las sesiones de clase, sin necesidad de interrumpir las mismas. Las pruebas de progreso podr\u00e1n incluir una prueba formal (gram\u00e1tica y vocabulario). La calificaci\u00f3n de la evaluaci\u00f3n final coincidir\u00e1 con la calificaci\u00f3n global del curso.<\/span>[\/vc_column_text][\/vc_tta_section][vc_tta_section title=\u00bbEvaluaci\u00f3n final\u00bb tab_id=\u00bb1535907389836-c2bf2570-acb1&#8243;][vc_column_text]<span style=\"font-size: 14pt\">El alumnado que no hubiera superado la evaluaci\u00f3n continua, tendr\u00e1 la posibilidad de realizar <strong>una prueba global<\/strong> de promoci\u00f3n, para superar las partes pendientes durante el curso. Dicha prueba constar\u00e1 de <strong>cinco ejercicios<\/strong> (Comprensi\u00f3n Oral, Comprensi\u00f3n Escrita, Expresi\u00f3n Oral, Expresi\u00f3n Escrita y Mediaci\u00f3n), habiendo de superar el alumno cada una de las partes con un <strong>porcentaje m\u00ednimo del 50%<\/strong>. Las pruebas para la promoci\u00f3n del alumnado podr\u00e1n incluir una prueba formal de gram\u00e1tica y vocabulario que se habr\u00e1 de superar tambi\u00e9n con un 50%. En la convocatoria extraordinaria (septiembre) el alumno s\u00f3lo deber\u00e1 superar las destrezas designadas como No apto \/ No presentado en junio.<\/span>[\/vc_column_text][\/vc_tta_section][\/vc_tta_tabs][vc_tta_tabs color=\u00bbgreen\u00bb spacing=\u00bb10&#8243; active_section=\u00bb7&#8243; title=\u00bbFechas de la evaluaci\u00f3n final\u00bb][vc_tta_section title=\u00bbmayo\u00bb tab_id=\u00bb1603366761538-7efed3dc-857e\u00bb][\/vc_tta_section][vc_tta_section title=\u00bbseptiembre\u00bb tab_id=\u00bb1603366761590-6368c035-dbea\u00bb][vc_column_text][\/vc_column_text][\/vc_tta_section][\/vc_tta_tabs][\/vc_column][\/vc_row][vc_row][vc_column][vc_empty_space][\/vc_column][\/vc_row][vc_row][vc_column][\/vc_column][\/vc_row]<\/p>\n<\/div>","protected":false},"excerpt":{"rendered":"<p>[vc_row][vc_column][vc_empty_space][\/vc_column][\/vc_row][vc_row][vc_column][vc_tta_tabs color=\u00bbgreen\u00bb spacing=\u00bb10&#8243; active_section=\u00bb7&#8243; title=\u00bbEvaluaci\u00f3n formativa\u00bb][vc_tta_section title=\u00bbEvaluaci\u00f3n continua\u00bb tab_id=\u00bb1535907389782-1b6bfb24-61c7&#8243;][vc_column_text]La evaluaci\u00f3n de progreso o continua se llevar\u00e1 a cabo en dos sesiones que coincidir\u00e1n con el final de cada cuatrimestre. El profesorado registrar\u00e1 de cada alumno\/a al menos dos calificaciones por actividad de lengua y cuatrimestre. Para ello se realizar\u00e1n tareas o ejercicios en diferentes momentos [&hellip;]<\/p>\n","protected":false},"author":16,"featured_media":0,"parent":8484,"menu_order":0,"comment_status":"closed","ping_status":"closed","template":"","meta":{"inline_featured_image":false,"footnotes":""},"categories":[57],"tags":[],"class_list":["post-8518","page","type-page","status-publish","hentry","category-griego"],"yoast_head":"<!-- This site is optimized with the Yoast SEO plugin v26.5 - https:\/\/yoast.com\/wordpress\/plugins\/seo\/ -->\n<title>Pruebas peri\u00f3dicas - P\u00e1gina Oficial de la EOI de M\u00e1laga ::Los idiomas ponen el mundo a tus pies::<\/title>\n<meta name=\"robots\" content=\"index, follow, max-snippet:-1, max-image-preview:large, max-video-preview:-1\" \/>\n<link rel=\"canonical\" href=\"https:\/\/www.eoimalaga.com\/web\/griego\/pruebas-periodicas\/\" \/>\n<meta property=\"og:locale\" content=\"es_ES\" \/>\n<meta property=\"og:type\" content=\"article\" \/>\n<meta property=\"og:title\" content=\"Pruebas peri\u00f3dicas - P\u00e1gina Oficial de la EOI de M\u00e1laga ::Los idiomas ponen el mundo a tus pies::\" \/>\n<meta property=\"og:description\" content=\"[vc_row][vc_column][vc_empty_space][\/vc_column][\/vc_row][vc_row][vc_column][vc_tta_tabs color=\u00bbgreen\u00bb spacing=\u00bb10&#8243; active_section=\u00bb7&#8243; title=\u00bbEvaluaci\u00f3n formativa\u00bb][vc_tta_section title=\u00bbEvaluaci\u00f3n continua\u00bb tab_id=\u00bb1535907389782-1b6bfb24-61c7&#8243;][vc_column_text]La evaluaci\u00f3n de progreso o continua se llevar\u00e1 a cabo en dos sesiones que coincidir\u00e1n con el final de cada cuatrimestre. El profesorado registrar\u00e1 de cada alumno\/a al menos dos calificaciones por actividad de lengua y cuatrimestre. Para ello se realizar\u00e1n tareas o ejercicios en diferentes momentos [&hellip;]\" \/>\n<meta property=\"og:url\" content=\"https:\/\/www.eoimalaga.com\/web\/griego\/pruebas-periodicas\/\" \/>\n<meta property=\"og:site_name\" content=\"P\u00e1gina Oficial de la EOI de M\u00e1laga ::Los idiomas ponen el mundo a tus pies::\" \/>\n<meta property=\"article:modified_time\" content=\"2024-11-13T15:39:06+00:00\" \/>\n<meta name=\"twitter:card\" content=\"summary_large_image\" \/>\n<meta name=\"twitter:label1\" content=\"Tiempo de lectura\" \/>\n\t<meta name=\"twitter:data1\" content=\"1 minuto\" \/>\n<script type=\"application\/ld+json\" class=\"yoast-schema-graph\">{\"@context\":\"https:\/\/schema.org\",\"@graph\":[{\"@type\":\"WebPage\",\"@id\":\"https:\/\/www.eoimalaga.com\/web\/griego\/pruebas-periodicas\/\",\"url\":\"https:\/\/www.eoimalaga.com\/web\/griego\/pruebas-periodicas\/\",\"name\":\"Pruebas peri\u00f3dicas - P\u00e1gina Oficial de la EOI de M\u00e1laga ::Los idiomas ponen el mundo a tus pies::\",\"isPartOf\":{\"@id\":\"https:\/\/www.eoimalaga.com\/web\/#website\"},\"datePublished\":\"2019-12-30T06:40:57+00:00\",\"dateModified\":\"2024-11-13T15:39:06+00:00\",\"breadcrumb\":{\"@id\":\"https:\/\/www.eoimalaga.com\/web\/griego\/pruebas-periodicas\/#breadcrumb\"},\"inLanguage\":\"es\",\"potentialAction\":[{\"@type\":\"ReadAction\",\"target\":[\"https:\/\/www.eoimalaga.com\/web\/griego\/pruebas-periodicas\/\"]}]},{\"@type\":\"BreadcrumbList\",\"@id\":\"https:\/\/www.eoimalaga.com\/web\/griego\/pruebas-periodicas\/#breadcrumb\",\"itemListElement\":[{\"@type\":\"ListItem\",\"position\":1,\"name\":\"Home\",\"item\":\"https:\/\/www.eoimalaga.com\/web\/\"},{\"@type\":\"ListItem\",\"position\":2,\"name\":\"GRIEGO\",\"item\":\"https:\/\/www.eoimalaga.com\/web\/griego\/\"},{\"@type\":\"ListItem\",\"position\":3,\"name\":\"Pruebas peri\u00f3dicas\"}]},{\"@type\":\"WebSite\",\"@id\":\"https:\/\/www.eoimalaga.com\/web\/#website\",\"url\":\"https:\/\/www.eoimalaga.com\/web\/\",\"name\":\"P\u00e1gina Oficial de la EOI de M\u00e1laga ::Los idiomas ponen el mundo a tus pies::\",\"description\":\"EOI M\u00e1laga\",\"potentialAction\":[{\"@type\":\"SearchAction\",\"target\":{\"@type\":\"EntryPoint\",\"urlTemplate\":\"https:\/\/www.eoimalaga.com\/web\/?s={search_term_string}\"},\"query-input\":{\"@type\":\"PropertyValueSpecification\",\"valueRequired\":true,\"valueName\":\"search_term_string\"}}],\"inLanguage\":\"es\"}]}<\/script>\n<!-- \/ Yoast SEO plugin. -->","yoast_head_json":{"title":"Pruebas peri\u00f3dicas - P\u00e1gina Oficial de la EOI de M\u00e1laga ::Los idiomas ponen el mundo a tus pies::","robots":{"index":"index","follow":"follow","max-snippet":"max-snippet:-1","max-image-preview":"max-image-preview:large","max-video-preview":"max-video-preview:-1"},"canonical":"https:\/\/www.eoimalaga.com\/web\/griego\/pruebas-periodicas\/","og_locale":"es_ES","og_type":"article","og_title":"Pruebas peri\u00f3dicas - P\u00e1gina Oficial de la EOI de M\u00e1laga ::Los idiomas ponen el mundo a tus pies::","og_description":"[vc_row][vc_column][vc_empty_space][\/vc_column][\/vc_row][vc_row][vc_column][vc_tta_tabs color=\u00bbgreen\u00bb spacing=\u00bb10&#8243; active_section=\u00bb7&#8243; title=\u00bbEvaluaci\u00f3n formativa\u00bb][vc_tta_section title=\u00bbEvaluaci\u00f3n continua\u00bb tab_id=\u00bb1535907389782-1b6bfb24-61c7&#8243;][vc_column_text]La evaluaci\u00f3n de progreso o continua se llevar\u00e1 a cabo en dos sesiones que coincidir\u00e1n con el final de cada cuatrimestre. El profesorado registrar\u00e1 de cada alumno\/a al menos dos calificaciones por actividad de lengua y cuatrimestre. Para ello se realizar\u00e1n tareas o ejercicios en diferentes momentos [&hellip;]","og_url":"https:\/\/www.eoimalaga.com\/web\/griego\/pruebas-periodicas\/","og_site_name":"P\u00e1gina Oficial de la EOI de M\u00e1laga ::Los idiomas ponen el mundo a tus pies::","article_modified_time":"2024-11-13T15:39:06+00:00","twitter_card":"summary_large_image","twitter_misc":{"Tiempo de lectura":"1 minuto"},"schema":{"@context":"https:\/\/schema.org","@graph":[{"@type":"WebPage","@id":"https:\/\/www.eoimalaga.com\/web\/griego\/pruebas-periodicas\/","url":"https:\/\/www.eoimalaga.com\/web\/griego\/pruebas-periodicas\/","name":"Pruebas peri\u00f3dicas - P\u00e1gina Oficial de la EOI de M\u00e1laga ::Los idiomas ponen el mundo a tus pies::","isPartOf":{"@id":"https:\/\/www.eoimalaga.com\/web\/#website"},"datePublished":"2019-12-30T06:40:57+00:00","dateModified":"2024-11-13T15:39:06+00:00","breadcrumb":{"@id":"https:\/\/www.eoimalaga.com\/web\/griego\/pruebas-periodicas\/#breadcrumb"},"inLanguage":"es","potentialAction":[{"@type":"ReadAction","target":["https:\/\/www.eoimalaga.com\/web\/griego\/pruebas-periodicas\/"]}]},{"@type":"BreadcrumbList","@id":"https:\/\/www.eoimalaga.com\/web\/griego\/pruebas-periodicas\/#breadcrumb","itemListElement":[{"@type":"ListItem","position":1,"name":"Home","item":"https:\/\/www.eoimalaga.com\/web\/"},{"@type":"ListItem","position":2,"name":"GRIEGO","item":"https:\/\/www.eoimalaga.com\/web\/griego\/"},{"@type":"ListItem","position":3,"name":"Pruebas peri\u00f3dicas"}]},{"@type":"WebSite","@id":"https:\/\/www.eoimalaga.com\/web\/#website","url":"https:\/\/www.eoimalaga.com\/web\/","name":"P\u00e1gina Oficial de la EOI de M\u00e1laga ::Los idiomas ponen el mundo a tus pies::","description":"EOI M\u00e1laga","potentialAction":[{"@type":"SearchAction","target":{"@type":"EntryPoint","urlTemplate":"https:\/\/www.eoimalaga.com\/web\/?s={search_term_string}"},"query-input":{"@type":"PropertyValueSpecification","valueRequired":true,"valueName":"search_term_string"}}],"inLanguage":"es"}]}},"_links":{"self":[{"href":"https:\/\/www.eoimalaga.com\/web\/wp-json\/wp\/v2\/pages\/8518","targetHints":{"allow":["GET"]}}],"collection":[{"href":"https:\/\/www.eoimalaga.com\/web\/wp-json\/wp\/v2\/pages"}],"about":[{"href":"https:\/\/www.eoimalaga.com\/web\/wp-json\/wp\/v2\/types\/page"}],"author":[{"embeddable":true,"href":"https:\/\/www.eoimalaga.com\/web\/wp-json\/wp\/v2\/users\/16"}],"replies":[{"embeddable":true,"href":"https:\/\/www.eoimalaga.com\/web\/wp-json\/wp\/v2\/comments?post=8518"}],"version-history":[{"count":17,"href":"https:\/\/www.eoimalaga.com\/web\/wp-json\/wp\/v2\/pages\/8518\/revisions"}],"predecessor-version":[{"id":19671,"href":"https:\/\/www.eoimalaga.com\/web\/wp-json\/wp\/v2\/pages\/8518\/revisions\/19671"}],"up":[{"embeddable":true,"href":"https:\/\/www.eoimalaga.com\/web\/wp-json\/wp\/v2\/pages\/8484"}],"wp:attachment":[{"href":"https:\/\/www.eoimalaga.com\/web\/wp-json\/wp\/v2\/media?parent=8518"}],"wp:term":[{"taxonomy":"category","embeddable":true,"href":"https:\/\/www.eoimalaga.com\/web\/wp-json\/wp\/v2\/categories?post=8518"},{"taxonomy":"post_tag","embeddable":true,"href":"https:\/\/www.eoimalaga.com\/web\/wp-json\/wp\/v2\/tags?post=8518"}],"curies":[{"name":"wp","href":"https:\/\/api.w.org\/{rel}","templated":true}]}}