{"id":8490,"date":"2019-12-30T08:25:02","date_gmt":"2019-12-30T06:25:02","guid":{"rendered":"http:\/\/www.eoimalaga.com\/web\/?page_id=8490"},"modified":"2026-04-17T12:50:04","modified_gmt":"2026-04-17T10:50:04","slug":"profesorado","status":"publish","type":"page","link":"https:\/\/www.eoimalaga.com\/web\/griego\/profesorado\/","title":{"rendered":"Profesorado"},"content":{"rendered":"<div><\/div>\n<p style=\"text-align: center\"><span style=\"color: #ff6600;font-size: 18pt\"><strong>Profesorado que compone el departamento y niveles impartidos:<\/strong><\/span><\/p>\n<p>&nbsp;<\/p>\n<p style=\"text-align: center\"><span style=\"font-size: 14pt\">Carlos M\u00e1rquez Custodio &#8211; Profesor tutor &#8211; A1, B1, B2.1<\/span><\/p>\n<p style=\"text-align: center\"><a href=\"mailto:carlos.marquez@eoimalaga.com\">carlos.marquez@eoimalaga.com<\/a><\/p>\n<h4 style=\"text-align: center\"><strong>Horario de tutor\u00edas: <\/strong><\/h4>\n<p style=\"text-align: center\">Martes de 10:00 a 12:00<\/p>\n<p>&nbsp;<\/p>\n<p style=\"text-align: center\"><span style=\"font-size: 14pt\">Mart\u00edn Rojas Caballero &#8211; Jefatura de departamento &#8211; Profesor tutor &#8211; A2, B2.2<\/span><\/p>\n<p style=\"text-align: center\"><a href=\"mailto:martin.rojas@eoimalaga.com\">martin.rojas@eoimalaga.com<\/a><\/p>\n<h4 style=\"text-align: center\"><strong>Horario de tutor\u00edas: <\/strong><\/h4>\n<p style=\"text-align: center\">Martes y jueves de 16:15 a 16:30<\/p>\n<p>&nbsp;<\/p>\n<h4 style=\"text-align: center\">\u00a0IMPORTANTE: Por favor, no olvide concertar cita previa.<\/h4>\n<p>&nbsp;<\/p>\n","protected":false},"excerpt":{"rendered":"<p>Profesorado que compone el departamento y niveles impartidos: &nbsp; Carlos M\u00e1rquez Custodio &#8211; Profesor tutor &#8211; A1, B1, B2.1 carlos.marquez@eoimalaga.com Horario de tutor\u00edas: Martes de 10:00 a 12:00 &nbsp; Mart\u00edn Rojas Caballero &#8211; Jefatura de departamento &#8211; Profesor tutor &#8211; A2, B2.2 martin.rojas@eoimalaga.com Horario de tutor\u00edas: Martes y jueves de 16:15 a 16:30 &nbsp; \u00a0IMPORTANTE: [&hellip;]<\/p>\n","protected":false},"author":16,"featured_media":0,"parent":8484,"menu_order":0,"comment_status":"closed","ping_status":"closed","template":"","meta":{"inline_featured_image":false,"footnotes":""},"categories":[57],"tags":[],"class_list":["post-8490","page","type-page","status-publish","hentry","category-griego"],"yoast_head":"<!-- This site is optimized with the Yoast SEO plugin v26.5 - https:\/\/yoast.com\/wordpress\/plugins\/seo\/ -->\n<title>Profesorado - P\u00e1gina Oficial de la EOI de M\u00e1laga ::Los idiomas ponen el mundo a tus pies::<\/title>\n<meta name=\"robots\" content=\"index, follow, max-snippet:-1, max-image-preview:large, max-video-preview:-1\" \/>\n<link rel=\"canonical\" href=\"https:\/\/www.eoimalaga.com\/web\/griego\/profesorado\/\" \/>\n<meta property=\"og:locale\" content=\"es_ES\" \/>\n<meta property=\"og:type\" content=\"article\" \/>\n<meta property=\"og:title\" content=\"Profesorado - P\u00e1gina Oficial de la EOI de M\u00e1laga ::Los idiomas ponen el mundo a tus pies::\" \/>\n<meta property=\"og:description\" content=\"Profesorado que compone el departamento y niveles impartidos: &nbsp; Carlos M\u00e1rquez Custodio &#8211; Profesor tutor &#8211; A1, B1, B2.1 carlos.marquez@eoimalaga.com Horario de tutor\u00edas: Martes de 10:00 a 12:00 &nbsp; Mart\u00edn Rojas Caballero &#8211; Jefatura de departamento &#8211; Profesor tutor &#8211; A2, B2.2 martin.rojas@eoimalaga.com Horario de tutor\u00edas: Martes y jueves de 16:15 a 16:30 &nbsp; \u00a0IMPORTANTE: [&hellip;]\" \/>\n<meta property=\"og:url\" content=\"https:\/\/www.eoimalaga.com\/web\/griego\/profesorado\/\" \/>\n<meta property=\"og:site_name\" content=\"P\u00e1gina Oficial de la EOI de M\u00e1laga ::Los idiomas ponen el mundo a tus pies::\" \/>\n<meta property=\"article:modified_time\" content=\"2026-04-17T10:50:04+00:00\" \/>\n<meta name=\"twitter:card\" content=\"summary_large_image\" \/>\n<meta name=\"twitter:label1\" content=\"Tiempo de lectura\" \/>\n\t<meta name=\"twitter:data1\" content=\"1 minuto\" \/>\n<script type=\"application\/ld+json\" class=\"yoast-schema-graph\">{\"@context\":\"https:\/\/schema.org\",\"@graph\":[{\"@type\":\"WebPage\",\"@id\":\"https:\/\/www.eoimalaga.com\/web\/griego\/profesorado\/\",\"url\":\"https:\/\/www.eoimalaga.com\/web\/griego\/profesorado\/\",\"name\":\"Profesorado - P\u00e1gina Oficial de la EOI de M\u00e1laga ::Los idiomas ponen el mundo a tus pies::\",\"isPartOf\":{\"@id\":\"https:\/\/www.eoimalaga.com\/web\/#website\"},\"datePublished\":\"2019-12-30T06:25:02+00:00\",\"dateModified\":\"2026-04-17T10:50:04+00:00\",\"breadcrumb\":{\"@id\":\"https:\/\/www.eoimalaga.com\/web\/griego\/profesorado\/#breadcrumb\"},\"inLanguage\":\"es\",\"potentialAction\":[{\"@type\":\"ReadAction\",\"target\":[\"https:\/\/www.eoimalaga.com\/web\/griego\/profesorado\/\"]}]},{\"@type\":\"BreadcrumbList\",\"@id\":\"https:\/\/www.eoimalaga.com\/web\/griego\/profesorado\/#breadcrumb\",\"itemListElement\":[{\"@type\":\"ListItem\",\"position\":1,\"name\":\"Home\",\"item\":\"https:\/\/www.eoimalaga.com\/web\/\"},{\"@type\":\"ListItem\",\"position\":2,\"name\":\"GRIEGO\",\"item\":\"https:\/\/www.eoimalaga.com\/web\/griego\/\"},{\"@type\":\"ListItem\",\"position\":3,\"name\":\"Profesorado\"}]},{\"@type\":\"WebSite\",\"@id\":\"https:\/\/www.eoimalaga.com\/web\/#website\",\"url\":\"https:\/\/www.eoimalaga.com\/web\/\",\"name\":\"P\u00e1gina Oficial de la EOI de M\u00e1laga ::Los idiomas ponen el mundo a tus pies::\",\"description\":\"EOI M\u00e1laga\",\"potentialAction\":[{\"@type\":\"SearchAction\",\"target\":{\"@type\":\"EntryPoint\",\"urlTemplate\":\"https:\/\/www.eoimalaga.com\/web\/?s={search_term_string}\"},\"query-input\":{\"@type\":\"PropertyValueSpecification\",\"valueRequired\":true,\"valueName\":\"search_term_string\"}}],\"inLanguage\":\"es\"}]}<\/script>\n<!-- \/ Yoast SEO plugin. -->","yoast_head_json":{"title":"Profesorado - P\u00e1gina Oficial de la EOI de M\u00e1laga ::Los idiomas ponen el mundo a tus pies::","robots":{"index":"index","follow":"follow","max-snippet":"max-snippet:-1","max-image-preview":"max-image-preview:large","max-video-preview":"max-video-preview:-1"},"canonical":"https:\/\/www.eoimalaga.com\/web\/griego\/profesorado\/","og_locale":"es_ES","og_type":"article","og_title":"Profesorado - P\u00e1gina Oficial de la EOI de M\u00e1laga ::Los idiomas ponen el mundo a tus pies::","og_description":"Profesorado que compone el departamento y niveles impartidos: &nbsp; Carlos M\u00e1rquez Custodio &#8211; Profesor tutor &#8211; A1, B1, B2.1 carlos.marquez@eoimalaga.com Horario de tutor\u00edas: Martes de 10:00 a 12:00 &nbsp; Mart\u00edn Rojas Caballero &#8211; Jefatura de departamento &#8211; Profesor tutor &#8211; A2, B2.2 martin.rojas@eoimalaga.com Horario de tutor\u00edas: Martes y jueves de 16:15 a 16:30 &nbsp; \u00a0IMPORTANTE: [&hellip;]","og_url":"https:\/\/www.eoimalaga.com\/web\/griego\/profesorado\/","og_site_name":"P\u00e1gina Oficial de la EOI de M\u00e1laga ::Los idiomas ponen el mundo a tus pies::","article_modified_time":"2026-04-17T10:50:04+00:00","twitter_card":"summary_large_image","twitter_misc":{"Tiempo de lectura":"1 minuto"},"schema":{"@context":"https:\/\/schema.org","@graph":[{"@type":"WebPage","@id":"https:\/\/www.eoimalaga.com\/web\/griego\/profesorado\/","url":"https:\/\/www.eoimalaga.com\/web\/griego\/profesorado\/","name":"Profesorado - P\u00e1gina Oficial de la EOI de M\u00e1laga ::Los idiomas ponen el mundo a tus pies::","isPartOf":{"@id":"https:\/\/www.eoimalaga.com\/web\/#website"},"datePublished":"2019-12-30T06:25:02+00:00","dateModified":"2026-04-17T10:50:04+00:00","breadcrumb":{"@id":"https:\/\/www.eoimalaga.com\/web\/griego\/profesorado\/#breadcrumb"},"inLanguage":"es","potentialAction":[{"@type":"ReadAction","target":["https:\/\/www.eoimalaga.com\/web\/griego\/profesorado\/"]}]},{"@type":"BreadcrumbList","@id":"https:\/\/www.eoimalaga.com\/web\/griego\/profesorado\/#breadcrumb","itemListElement":[{"@type":"ListItem","position":1,"name":"Home","item":"https:\/\/www.eoimalaga.com\/web\/"},{"@type":"ListItem","position":2,"name":"GRIEGO","item":"https:\/\/www.eoimalaga.com\/web\/griego\/"},{"@type":"ListItem","position":3,"name":"Profesorado"}]},{"@type":"WebSite","@id":"https:\/\/www.eoimalaga.com\/web\/#website","url":"https:\/\/www.eoimalaga.com\/web\/","name":"P\u00e1gina Oficial de la EOI de M\u00e1laga ::Los idiomas ponen el mundo a tus pies::","description":"EOI M\u00e1laga","potentialAction":[{"@type":"SearchAction","target":{"@type":"EntryPoint","urlTemplate":"https:\/\/www.eoimalaga.com\/web\/?s={search_term_string}"},"query-input":{"@type":"PropertyValueSpecification","valueRequired":true,"valueName":"search_term_string"}}],"inLanguage":"es"}]}},"_links":{"self":[{"href":"https:\/\/www.eoimalaga.com\/web\/wp-json\/wp\/v2\/pages\/8490","targetHints":{"allow":["GET"]}}],"collection":[{"href":"https:\/\/www.eoimalaga.com\/web\/wp-json\/wp\/v2\/pages"}],"about":[{"href":"https:\/\/www.eoimalaga.com\/web\/wp-json\/wp\/v2\/types\/page"}],"author":[{"embeddable":true,"href":"https:\/\/www.eoimalaga.com\/web\/wp-json\/wp\/v2\/users\/16"}],"replies":[{"embeddable":true,"href":"https:\/\/www.eoimalaga.com\/web\/wp-json\/wp\/v2\/comments?post=8490"}],"version-history":[{"count":20,"href":"https:\/\/www.eoimalaga.com\/web\/wp-json\/wp\/v2\/pages\/8490\/revisions"}],"predecessor-version":[{"id":23162,"href":"https:\/\/www.eoimalaga.com\/web\/wp-json\/wp\/v2\/pages\/8490\/revisions\/23162"}],"up":[{"embeddable":true,"href":"https:\/\/www.eoimalaga.com\/web\/wp-json\/wp\/v2\/pages\/8484"}],"wp:attachment":[{"href":"https:\/\/www.eoimalaga.com\/web\/wp-json\/wp\/v2\/media?parent=8490"}],"wp:term":[{"taxonomy":"category","embeddable":true,"href":"https:\/\/www.eoimalaga.com\/web\/wp-json\/wp\/v2\/categories?post=8490"},{"taxonomy":"post_tag","embeddable":true,"href":"https:\/\/www.eoimalaga.com\/web\/wp-json\/wp\/v2\/tags?post=8490"}],"curies":[{"name":"wp","href":"https:\/\/api.w.org\/{rel}","templated":true}]}}