{"id":8486,"date":"2019-12-30T08:22:52","date_gmt":"2019-12-30T06:22:52","guid":{"rendered":"http:\/\/www.eoimalaga.com\/web\/?page_id=8486"},"modified":"2024-11-13T17:50:09","modified_gmt":"2024-11-13T15:50:09","slug":"cursos","status":"publish","type":"page","link":"https:\/\/www.eoimalaga.com\/web\/griego\/cursos\/","title":{"rendered":"Cursos"},"content":{"rendered":"<div class=\"wpb-content-wrapper\"><p>[vc_row][vc_column][vc_column_text]<span style=\"color: #ff6600;font-size: 18pt\"><b>Organizaci\u00f3n de nuestros estudios<\/b><\/span><\/p>\n<p>&nbsp;<\/p>\n<p><span style=\"color: #000000\">Como el resto de ense\u00f1anzas ofertadas en nuestra EOI, los cursos de Griego Moderno se organizan en tres niveles:<\/span><\/p>\n<p><span style=\"color: #000000\"><b><i>Nivel B\u00e1sico,<\/i><\/b> que se desarrolla en <strong>dos cursos<\/strong>, con seis horas lectivas semanales cada uno y equivalentes a los niveles A1 y A2 del Marco Com\u00fan Europeo de Referencia para las Lenguas.<\/span><\/p>\n<p><span style=\"color: #000000\"><b><i>Nivel Intermedio B1,<\/i><\/b> que se desarrolla en <strong>un \u00fanico curso<\/strong> con seis horas lectivas semanales y equivale al nivel B1 del citado Marco.<\/span><\/p>\n<p><span style=\"color: #000000\"><b><i>Nivel Intermedio B2,<\/i><\/b> que se desarrolla en <strong>dos cursos<\/strong> con cuatro horas y media lectivas semanales, y equivalentes al nivel B2 del citado Marco.<\/span><\/p>\n<p><span style=\"color: #000000\">\u00a0<\/span><\/p>\n<p><span style=\"color: #000000\">El alumnado nuevo que tenga conocimientos de griego moderno puede acceder directamente a otro nivel distinto de A1, a trav\u00e9s de pruebas de clasificaci\u00f3n. En este caso se ruega contacten con el departamento. En primer lugar, realizar\u00e1n un test disponible en fechas de preinscripci\u00f3n en la web de nuestra escuela. En segundo lugar, seg\u00fan los resultados obtenidos, realizar\u00e1n una tarea escrita (redacci\u00f3n) y otra oral (di\u00e1logo\/entrevista con los docentes del dpto). <\/span><\/p>\n<p><span style=\"color: #000000\">El alumnado que tenga un certificado oficial que acredite el nivel del idioma seg\u00fan el citado Marco podr\u00e1n acceder al nivel inmediatamente superior.<br \/>\n<\/span><\/p>\n<p><span style=\"color: #000000\">Asimismo, las personas interesadas pueden optar a los ex\u00e1menes de <b>convocatoria libre<\/b> de cualquiera de los tres niveles ofertados. La inscripci\u00f3n para estas pruebas se viene realizando en la primera quincena de abril de cada a\u00f1o.<\/span>[\/vc_column_text][\/vc_column][\/vc_row]<\/p>\n<\/div>","protected":false},"excerpt":{"rendered":"<p>[vc_row][vc_column][vc_column_text]Organizaci\u00f3n de nuestros estudios &nbsp; Como el resto de ense\u00f1anzas ofertadas en nuestra EOI, los cursos de Griego Moderno se organizan en tres niveles: Nivel B\u00e1sico, que se desarrolla en dos cursos, con seis horas lectivas semanales cada uno y equivalentes a los niveles A1 y A2 del Marco Com\u00fan Europeo de Referencia para las [&hellip;]<\/p>\n","protected":false},"author":16,"featured_media":0,"parent":8484,"menu_order":0,"comment_status":"closed","ping_status":"closed","template":"","meta":{"inline_featured_image":false,"footnotes":""},"categories":[57],"tags":[],"class_list":["post-8486","page","type-page","status-publish","hentry","category-griego"],"yoast_head":"<!-- This site is optimized with the Yoast SEO plugin v26.5 - https:\/\/yoast.com\/wordpress\/plugins\/seo\/ -->\n<title>Cursos - P\u00e1gina Oficial de la EOI de M\u00e1laga ::Los idiomas ponen el mundo a tus pies::<\/title>\n<meta name=\"robots\" content=\"index, follow, max-snippet:-1, max-image-preview:large, max-video-preview:-1\" \/>\n<link rel=\"canonical\" href=\"https:\/\/www.eoimalaga.com\/web\/griego\/cursos\/\" \/>\n<meta property=\"og:locale\" content=\"es_ES\" \/>\n<meta property=\"og:type\" content=\"article\" \/>\n<meta property=\"og:title\" content=\"Cursos - P\u00e1gina Oficial de la EOI de M\u00e1laga ::Los idiomas ponen el mundo a tus pies::\" \/>\n<meta property=\"og:description\" content=\"[vc_row][vc_column][vc_column_text]Organizaci\u00f3n de nuestros estudios &nbsp; Como el resto de ense\u00f1anzas ofertadas en nuestra EOI, los cursos de Griego Moderno se organizan en tres niveles: Nivel B\u00e1sico, que se desarrolla en dos cursos, con seis horas lectivas semanales cada uno y equivalentes a los niveles A1 y A2 del Marco Com\u00fan Europeo de Referencia para las [&hellip;]\" \/>\n<meta property=\"og:url\" content=\"https:\/\/www.eoimalaga.com\/web\/griego\/cursos\/\" \/>\n<meta property=\"og:site_name\" content=\"P\u00e1gina Oficial de la EOI de M\u00e1laga ::Los idiomas ponen el mundo a tus pies::\" \/>\n<meta property=\"article:modified_time\" content=\"2024-11-13T15:50:09+00:00\" \/>\n<meta name=\"twitter:card\" content=\"summary_large_image\" \/>\n<meta name=\"twitter:label1\" content=\"Tiempo de lectura\" \/>\n\t<meta name=\"twitter:data1\" content=\"2 minutos\" \/>\n<script type=\"application\/ld+json\" class=\"yoast-schema-graph\">{\"@context\":\"https:\/\/schema.org\",\"@graph\":[{\"@type\":\"WebPage\",\"@id\":\"https:\/\/www.eoimalaga.com\/web\/griego\/cursos\/\",\"url\":\"https:\/\/www.eoimalaga.com\/web\/griego\/cursos\/\",\"name\":\"Cursos - P\u00e1gina Oficial de la EOI de M\u00e1laga ::Los idiomas ponen el mundo a tus pies::\",\"isPartOf\":{\"@id\":\"https:\/\/www.eoimalaga.com\/web\/#website\"},\"datePublished\":\"2019-12-30T06:22:52+00:00\",\"dateModified\":\"2024-11-13T15:50:09+00:00\",\"breadcrumb\":{\"@id\":\"https:\/\/www.eoimalaga.com\/web\/griego\/cursos\/#breadcrumb\"},\"inLanguage\":\"es\",\"potentialAction\":[{\"@type\":\"ReadAction\",\"target\":[\"https:\/\/www.eoimalaga.com\/web\/griego\/cursos\/\"]}]},{\"@type\":\"BreadcrumbList\",\"@id\":\"https:\/\/www.eoimalaga.com\/web\/griego\/cursos\/#breadcrumb\",\"itemListElement\":[{\"@type\":\"ListItem\",\"position\":1,\"name\":\"Home\",\"item\":\"https:\/\/www.eoimalaga.com\/web\/\"},{\"@type\":\"ListItem\",\"position\":2,\"name\":\"GRIEGO\",\"item\":\"https:\/\/www.eoimalaga.com\/web\/griego\/\"},{\"@type\":\"ListItem\",\"position\":3,\"name\":\"Cursos\"}]},{\"@type\":\"WebSite\",\"@id\":\"https:\/\/www.eoimalaga.com\/web\/#website\",\"url\":\"https:\/\/www.eoimalaga.com\/web\/\",\"name\":\"P\u00e1gina Oficial de la EOI de M\u00e1laga ::Los idiomas ponen el mundo a tus pies::\",\"description\":\"EOI M\u00e1laga\",\"potentialAction\":[{\"@type\":\"SearchAction\",\"target\":{\"@type\":\"EntryPoint\",\"urlTemplate\":\"https:\/\/www.eoimalaga.com\/web\/?s={search_term_string}\"},\"query-input\":{\"@type\":\"PropertyValueSpecification\",\"valueRequired\":true,\"valueName\":\"search_term_string\"}}],\"inLanguage\":\"es\"}]}<\/script>\n<!-- \/ Yoast SEO plugin. -->","yoast_head_json":{"title":"Cursos - P\u00e1gina Oficial de la EOI de M\u00e1laga ::Los idiomas ponen el mundo a tus pies::","robots":{"index":"index","follow":"follow","max-snippet":"max-snippet:-1","max-image-preview":"max-image-preview:large","max-video-preview":"max-video-preview:-1"},"canonical":"https:\/\/www.eoimalaga.com\/web\/griego\/cursos\/","og_locale":"es_ES","og_type":"article","og_title":"Cursos - P\u00e1gina Oficial de la EOI de M\u00e1laga ::Los idiomas ponen el mundo a tus pies::","og_description":"[vc_row][vc_column][vc_column_text]Organizaci\u00f3n de nuestros estudios &nbsp; Como el resto de ense\u00f1anzas ofertadas en nuestra EOI, los cursos de Griego Moderno se organizan en tres niveles: Nivel B\u00e1sico, que se desarrolla en dos cursos, con seis horas lectivas semanales cada uno y equivalentes a los niveles A1 y A2 del Marco Com\u00fan Europeo de Referencia para las [&hellip;]","og_url":"https:\/\/www.eoimalaga.com\/web\/griego\/cursos\/","og_site_name":"P\u00e1gina Oficial de la EOI de M\u00e1laga ::Los idiomas ponen el mundo a tus pies::","article_modified_time":"2024-11-13T15:50:09+00:00","twitter_card":"summary_large_image","twitter_misc":{"Tiempo de lectura":"2 minutos"},"schema":{"@context":"https:\/\/schema.org","@graph":[{"@type":"WebPage","@id":"https:\/\/www.eoimalaga.com\/web\/griego\/cursos\/","url":"https:\/\/www.eoimalaga.com\/web\/griego\/cursos\/","name":"Cursos - P\u00e1gina Oficial de la EOI de M\u00e1laga ::Los idiomas ponen el mundo a tus pies::","isPartOf":{"@id":"https:\/\/www.eoimalaga.com\/web\/#website"},"datePublished":"2019-12-30T06:22:52+00:00","dateModified":"2024-11-13T15:50:09+00:00","breadcrumb":{"@id":"https:\/\/www.eoimalaga.com\/web\/griego\/cursos\/#breadcrumb"},"inLanguage":"es","potentialAction":[{"@type":"ReadAction","target":["https:\/\/www.eoimalaga.com\/web\/griego\/cursos\/"]}]},{"@type":"BreadcrumbList","@id":"https:\/\/www.eoimalaga.com\/web\/griego\/cursos\/#breadcrumb","itemListElement":[{"@type":"ListItem","position":1,"name":"Home","item":"https:\/\/www.eoimalaga.com\/web\/"},{"@type":"ListItem","position":2,"name":"GRIEGO","item":"https:\/\/www.eoimalaga.com\/web\/griego\/"},{"@type":"ListItem","position":3,"name":"Cursos"}]},{"@type":"WebSite","@id":"https:\/\/www.eoimalaga.com\/web\/#website","url":"https:\/\/www.eoimalaga.com\/web\/","name":"P\u00e1gina Oficial de la EOI de M\u00e1laga ::Los idiomas ponen el mundo a tus pies::","description":"EOI M\u00e1laga","potentialAction":[{"@type":"SearchAction","target":{"@type":"EntryPoint","urlTemplate":"https:\/\/www.eoimalaga.com\/web\/?s={search_term_string}"},"query-input":{"@type":"PropertyValueSpecification","valueRequired":true,"valueName":"search_term_string"}}],"inLanguage":"es"}]}},"_links":{"self":[{"href":"https:\/\/www.eoimalaga.com\/web\/wp-json\/wp\/v2\/pages\/8486","targetHints":{"allow":["GET"]}}],"collection":[{"href":"https:\/\/www.eoimalaga.com\/web\/wp-json\/wp\/v2\/pages"}],"about":[{"href":"https:\/\/www.eoimalaga.com\/web\/wp-json\/wp\/v2\/types\/page"}],"author":[{"embeddable":true,"href":"https:\/\/www.eoimalaga.com\/web\/wp-json\/wp\/v2\/users\/16"}],"replies":[{"embeddable":true,"href":"https:\/\/www.eoimalaga.com\/web\/wp-json\/wp\/v2\/comments?post=8486"}],"version-history":[{"count":3,"href":"https:\/\/www.eoimalaga.com\/web\/wp-json\/wp\/v2\/pages\/8486\/revisions"}],"predecessor-version":[{"id":19673,"href":"https:\/\/www.eoimalaga.com\/web\/wp-json\/wp\/v2\/pages\/8486\/revisions\/19673"}],"up":[{"embeddable":true,"href":"https:\/\/www.eoimalaga.com\/web\/wp-json\/wp\/v2\/pages\/8484"}],"wp:attachment":[{"href":"https:\/\/www.eoimalaga.com\/web\/wp-json\/wp\/v2\/media?parent=8486"}],"wp:term":[{"taxonomy":"category","embeddable":true,"href":"https:\/\/www.eoimalaga.com\/web\/wp-json\/wp\/v2\/categories?post=8486"},{"taxonomy":"post_tag","embeddable":true,"href":"https:\/\/www.eoimalaga.com\/web\/wp-json\/wp\/v2\/tags?post=8486"}],"curies":[{"name":"wp","href":"https:\/\/api.w.org\/{rel}","templated":true}]}}