{"id":8478,"date":"2019-12-29T10:35:31","date_gmt":"2019-12-29T08:35:31","guid":{"rendered":"http:\/\/www.eoimalaga.com\/web\/?page_id=8478"},"modified":"2025-07-15T12:10:22","modified_gmt":"2025-07-15T10:10:22","slug":"contacto","status":"publish","type":"page","link":"https:\/\/www.eoimalaga.com\/web\/frances\/contacto\/","title":{"rendered":"Contacto"},"content":{"rendered":"<h3><\/h3>\n<p style=\"padding-left: 30px\"><span style=\"font-family: arial, helvetica, sans-serif\">Para cualquier consulta relativa a nuestro Departamento, no dudes en contactar con nosotros:<\/span><\/p>\n<table style=\"height: 74px;width: 621px\">\n<tbody>\n<tr>\n<td style=\"width: 107px\"><img loading=\"lazy\" decoding=\"async\" class=\"aligncenter wp-image-6876\" src=\"http:\/\/www.eoimalaga.com\/FRANCES\/wp-content\/uploads\/2018\/03\/localizaci\u00f3n.png\" alt=\"\" width=\"69\" height=\"69\" \/><\/td>\n<td style=\"width: 504px\"><span style=\"font-family: arial, helvetica, sans-serif\">Paseo Martiricos, 26. 29009, MALAGA<\/span><br \/>\n<span style=\"font-family: arial, helvetica, sans-serif\">Bloque B. Planta baja.<\/span><\/td>\n<\/tr>\n<tr>\n<td style=\"width: 107px\">\n<h3><span style=\"font-family: arial, helvetica, sans-serif\"><img loading=\"lazy\" decoding=\"async\" class=\"aligncenter wp-image-6364 size-full\" src=\"http:\/\/www.eoimalaga.com\/FRANCES\/wp-content\/uploads\/2018\/03\/telefono.png\" alt=\"\" width=\"64\" height=\"64\" \/><\/span><\/h3>\n<\/td>\n<td style=\"width: 504px\"><span style=\"font-family: arial, helvetica, sans-serif\">951298343 \u2013 extensi\u00f3n 3 &#8211; 5<\/span><\/td>\n<\/tr>\n<tr>\n<td style=\"width: 107px\">\n<h3><span style=\"font-family: arial, helvetica, sans-serif\"><img loading=\"lazy\" decoding=\"async\" class=\"aligncenter wp-image-6365 size-full\" src=\"http:\/\/www.eoimalaga.com\/FRANCES\/wp-content\/uploads\/2018\/03\/mail64.png\" alt=\"\" width=\"64\" height=\"64\" \/><\/span><\/h3>\n<\/td>\n<td style=\"width: 504px\"><span style=\"font-family: arial, helvetica, sans-serif\">frances@eoimalaga.com<\/span><\/td>\n<\/tr>\n<tr>\n<td style=\"width: 107px\">\n<h3><span style=\"font-family: arial, helvetica, sans-serif\"><img loading=\"lazy\" decoding=\"async\" class=\"aligncenter wp-image-6366\" src=\"http:\/\/www.eoimalaga.com\/FRANCES\/wp-content\/uploads\/2018\/03\/Reloj.png\" alt=\"\" width=\"64\" height=\"64\" \/><\/span><\/h3>\n<\/td>\n<td style=\"width: 504px\"><span style=\"font-family: arial, helvetica, sans-serif\">Horario de atenci\u00f3n al p\u00fablico: Martes y jueves de 11 h 15\u00a0 a 12 h 15.<\/span><br \/>\n<span style=\"font-family: arial, helvetica, sans-serif\">(consultas exclusivamente relacionadas con el departamento)<\/span><\/td>\n<\/tr>\n<tr>\n<td style=\"width: 107px\">\n<h3><span style=\"font-family: arial, helvetica, sans-serif\"><img loading=\"lazy\" decoding=\"async\" class=\"aligncenter wp-image-6534\" src=\"http:\/\/www.eoimalaga.com\/FRANCES\/wp-content\/uploads\/2018\/03\/Persona.png\" alt=\"\" width=\"64\" height=\"64\" \/><\/span><\/h3>\n<\/td>\n<td style=\"width: 504px\"><span style=\"font-family: arial, helvetica, sans-serif\">Jefatura del Departamento:<\/span><br \/>\n<span style=\"font-family: arial, helvetica, sans-serif\">Sandrine Garc\u00eda L\u00f3pez<\/span><\/td>\n<\/tr>\n<\/tbody>\n<\/table>\n<p style=\"padding-left: 60px\">\n","protected":false},"excerpt":{"rendered":"<p>Para cualquier consulta relativa a nuestro Departamento, no dudes en contactar con nosotros: Paseo Martiricos, 26. 29009, MALAGA Bloque B. Planta baja. 951298343 \u2013 extensi\u00f3n 3 &#8211; 5 frances@eoimalaga.com Horario de atenci\u00f3n al p\u00fablico: Martes y jueves de 11 h 15\u00a0 a 12 h 15. (consultas exclusivamente relacionadas con el departamento) Jefatura del Departamento: Sandrine [&hellip;]<\/p>\n","protected":false},"author":15,"featured_media":0,"parent":8396,"menu_order":0,"comment_status":"closed","ping_status":"closed","template":"","meta":{"inline_featured_image":false,"footnotes":""},"categories":[55],"tags":[],"class_list":["post-8478","page","type-page","status-publish","hentry","category-frances"],"yoast_head":"<!-- This site is optimized with the Yoast SEO plugin v26.5 - https:\/\/yoast.com\/wordpress\/plugins\/seo\/ -->\n<title>Contacto - P\u00e1gina Oficial de la EOI de M\u00e1laga ::Los idiomas ponen el mundo a tus pies::<\/title>\n<meta name=\"robots\" content=\"index, follow, max-snippet:-1, max-image-preview:large, max-video-preview:-1\" \/>\n<link rel=\"canonical\" href=\"https:\/\/www.eoimalaga.com\/web\/frances\/contacto\/\" \/>\n<meta property=\"og:locale\" content=\"es_ES\" \/>\n<meta property=\"og:type\" content=\"article\" \/>\n<meta property=\"og:title\" content=\"Contacto - P\u00e1gina Oficial de la EOI de M\u00e1laga ::Los idiomas ponen el mundo a tus pies::\" \/>\n<meta property=\"og:description\" content=\"Para cualquier consulta relativa a nuestro Departamento, no dudes en contactar con nosotros: Paseo Martiricos, 26. 29009, MALAGA Bloque B. Planta baja. 951298343 \u2013 extensi\u00f3n 3 &#8211; 5 frances@eoimalaga.com Horario de atenci\u00f3n al p\u00fablico: Martes y jueves de 11 h 15\u00a0 a 12 h 15. (consultas exclusivamente relacionadas con el departamento) Jefatura del Departamento: Sandrine [&hellip;]\" \/>\n<meta property=\"og:url\" content=\"https:\/\/www.eoimalaga.com\/web\/frances\/contacto\/\" \/>\n<meta property=\"og:site_name\" content=\"P\u00e1gina Oficial de la EOI de M\u00e1laga ::Los idiomas ponen el mundo a tus pies::\" \/>\n<meta property=\"article:modified_time\" content=\"2025-07-15T10:10:22+00:00\" \/>\n<meta property=\"og:image\" content=\"http:\/\/www.eoimalaga.com\/FRANCES\/wp-content\/uploads\/2018\/03\/telefono.png\" \/>\n<meta name=\"twitter:card\" content=\"summary_large_image\" \/>\n<meta name=\"twitter:label1\" content=\"Tiempo de lectura\" \/>\n\t<meta name=\"twitter:data1\" content=\"2 minutos\" \/>\n<script type=\"application\/ld+json\" class=\"yoast-schema-graph\">{\"@context\":\"https:\/\/schema.org\",\"@graph\":[{\"@type\":\"WebPage\",\"@id\":\"https:\/\/www.eoimalaga.com\/web\/frances\/contacto\/\",\"url\":\"https:\/\/www.eoimalaga.com\/web\/frances\/contacto\/\",\"name\":\"Contacto - P\u00e1gina Oficial de la EOI de M\u00e1laga ::Los idiomas ponen el mundo a tus pies::\",\"isPartOf\":{\"@id\":\"https:\/\/www.eoimalaga.com\/web\/#website\"},\"primaryImageOfPage\":{\"@id\":\"https:\/\/www.eoimalaga.com\/web\/frances\/contacto\/#primaryimage\"},\"image\":{\"@id\":\"https:\/\/www.eoimalaga.com\/web\/frances\/contacto\/#primaryimage\"},\"thumbnailUrl\":\"http:\/\/www.eoimalaga.com\/FRANCES\/wp-content\/uploads\/2018\/03\/telefono.png\",\"datePublished\":\"2019-12-29T08:35:31+00:00\",\"dateModified\":\"2025-07-15T10:10:22+00:00\",\"breadcrumb\":{\"@id\":\"https:\/\/www.eoimalaga.com\/web\/frances\/contacto\/#breadcrumb\"},\"inLanguage\":\"es\",\"potentialAction\":[{\"@type\":\"ReadAction\",\"target\":[\"https:\/\/www.eoimalaga.com\/web\/frances\/contacto\/\"]}]},{\"@type\":\"ImageObject\",\"inLanguage\":\"es\",\"@id\":\"https:\/\/www.eoimalaga.com\/web\/frances\/contacto\/#primaryimage\",\"url\":\"http:\/\/www.eoimalaga.com\/FRANCES\/wp-content\/uploads\/2018\/03\/telefono.png\",\"contentUrl\":\"http:\/\/www.eoimalaga.com\/FRANCES\/wp-content\/uploads\/2018\/03\/telefono.png\"},{\"@type\":\"BreadcrumbList\",\"@id\":\"https:\/\/www.eoimalaga.com\/web\/frances\/contacto\/#breadcrumb\",\"itemListElement\":[{\"@type\":\"ListItem\",\"position\":1,\"name\":\"Home\",\"item\":\"https:\/\/www.eoimalaga.com\/web\/\"},{\"@type\":\"ListItem\",\"position\":2,\"name\":\"FRANCES\",\"item\":\"https:\/\/www.eoimalaga.com\/web\/frances\/\"},{\"@type\":\"ListItem\",\"position\":3,\"name\":\"Contacto\"}]},{\"@type\":\"WebSite\",\"@id\":\"https:\/\/www.eoimalaga.com\/web\/#website\",\"url\":\"https:\/\/www.eoimalaga.com\/web\/\",\"name\":\"P\u00e1gina Oficial de la EOI de M\u00e1laga ::Los idiomas ponen el mundo a tus pies::\",\"description\":\"EOI M\u00e1laga\",\"potentialAction\":[{\"@type\":\"SearchAction\",\"target\":{\"@type\":\"EntryPoint\",\"urlTemplate\":\"https:\/\/www.eoimalaga.com\/web\/?s={search_term_string}\"},\"query-input\":{\"@type\":\"PropertyValueSpecification\",\"valueRequired\":true,\"valueName\":\"search_term_string\"}}],\"inLanguage\":\"es\"}]}<\/script>\n<!-- \/ Yoast SEO plugin. -->","yoast_head_json":{"title":"Contacto - P\u00e1gina Oficial de la EOI de M\u00e1laga ::Los idiomas ponen el mundo a tus pies::","robots":{"index":"index","follow":"follow","max-snippet":"max-snippet:-1","max-image-preview":"max-image-preview:large","max-video-preview":"max-video-preview:-1"},"canonical":"https:\/\/www.eoimalaga.com\/web\/frances\/contacto\/","og_locale":"es_ES","og_type":"article","og_title":"Contacto - P\u00e1gina Oficial de la EOI de M\u00e1laga ::Los idiomas ponen el mundo a tus pies::","og_description":"Para cualquier consulta relativa a nuestro Departamento, no dudes en contactar con nosotros: Paseo Martiricos, 26. 29009, MALAGA Bloque B. Planta baja. 951298343 \u2013 extensi\u00f3n 3 &#8211; 5 frances@eoimalaga.com Horario de atenci\u00f3n al p\u00fablico: Martes y jueves de 11 h 15\u00a0 a 12 h 15. (consultas exclusivamente relacionadas con el departamento) Jefatura del Departamento: Sandrine [&hellip;]","og_url":"https:\/\/www.eoimalaga.com\/web\/frances\/contacto\/","og_site_name":"P\u00e1gina Oficial de la EOI de M\u00e1laga ::Los idiomas ponen el mundo a tus pies::","article_modified_time":"2025-07-15T10:10:22+00:00","og_image":[{"url":"http:\/\/www.eoimalaga.com\/FRANCES\/wp-content\/uploads\/2018\/03\/telefono.png","type":"","width":"","height":""}],"twitter_card":"summary_large_image","twitter_misc":{"Tiempo de lectura":"2 minutos"},"schema":{"@context":"https:\/\/schema.org","@graph":[{"@type":"WebPage","@id":"https:\/\/www.eoimalaga.com\/web\/frances\/contacto\/","url":"https:\/\/www.eoimalaga.com\/web\/frances\/contacto\/","name":"Contacto - P\u00e1gina Oficial de la EOI de M\u00e1laga ::Los idiomas ponen el mundo a tus pies::","isPartOf":{"@id":"https:\/\/www.eoimalaga.com\/web\/#website"},"primaryImageOfPage":{"@id":"https:\/\/www.eoimalaga.com\/web\/frances\/contacto\/#primaryimage"},"image":{"@id":"https:\/\/www.eoimalaga.com\/web\/frances\/contacto\/#primaryimage"},"thumbnailUrl":"http:\/\/www.eoimalaga.com\/FRANCES\/wp-content\/uploads\/2018\/03\/telefono.png","datePublished":"2019-12-29T08:35:31+00:00","dateModified":"2025-07-15T10:10:22+00:00","breadcrumb":{"@id":"https:\/\/www.eoimalaga.com\/web\/frances\/contacto\/#breadcrumb"},"inLanguage":"es","potentialAction":[{"@type":"ReadAction","target":["https:\/\/www.eoimalaga.com\/web\/frances\/contacto\/"]}]},{"@type":"ImageObject","inLanguage":"es","@id":"https:\/\/www.eoimalaga.com\/web\/frances\/contacto\/#primaryimage","url":"http:\/\/www.eoimalaga.com\/FRANCES\/wp-content\/uploads\/2018\/03\/telefono.png","contentUrl":"http:\/\/www.eoimalaga.com\/FRANCES\/wp-content\/uploads\/2018\/03\/telefono.png"},{"@type":"BreadcrumbList","@id":"https:\/\/www.eoimalaga.com\/web\/frances\/contacto\/#breadcrumb","itemListElement":[{"@type":"ListItem","position":1,"name":"Home","item":"https:\/\/www.eoimalaga.com\/web\/"},{"@type":"ListItem","position":2,"name":"FRANCES","item":"https:\/\/www.eoimalaga.com\/web\/frances\/"},{"@type":"ListItem","position":3,"name":"Contacto"}]},{"@type":"WebSite","@id":"https:\/\/www.eoimalaga.com\/web\/#website","url":"https:\/\/www.eoimalaga.com\/web\/","name":"P\u00e1gina Oficial de la EOI de M\u00e1laga ::Los idiomas ponen el mundo a tus pies::","description":"EOI M\u00e1laga","potentialAction":[{"@type":"SearchAction","target":{"@type":"EntryPoint","urlTemplate":"https:\/\/www.eoimalaga.com\/web\/?s={search_term_string}"},"query-input":{"@type":"PropertyValueSpecification","valueRequired":true,"valueName":"search_term_string"}}],"inLanguage":"es"}]}},"_links":{"self":[{"href":"https:\/\/www.eoimalaga.com\/web\/wp-json\/wp\/v2\/pages\/8478","targetHints":{"allow":["GET"]}}],"collection":[{"href":"https:\/\/www.eoimalaga.com\/web\/wp-json\/wp\/v2\/pages"}],"about":[{"href":"https:\/\/www.eoimalaga.com\/web\/wp-json\/wp\/v2\/types\/page"}],"author":[{"embeddable":true,"href":"https:\/\/www.eoimalaga.com\/web\/wp-json\/wp\/v2\/users\/15"}],"replies":[{"embeddable":true,"href":"https:\/\/www.eoimalaga.com\/web\/wp-json\/wp\/v2\/comments?post=8478"}],"version-history":[{"count":12,"href":"https:\/\/www.eoimalaga.com\/web\/wp-json\/wp\/v2\/pages\/8478\/revisions"}],"predecessor-version":[{"id":22098,"href":"https:\/\/www.eoimalaga.com\/web\/wp-json\/wp\/v2\/pages\/8478\/revisions\/22098"}],"up":[{"embeddable":true,"href":"https:\/\/www.eoimalaga.com\/web\/wp-json\/wp\/v2\/pages\/8396"}],"wp:attachment":[{"href":"https:\/\/www.eoimalaga.com\/web\/wp-json\/wp\/v2\/media?parent=8478"}],"wp:term":[{"taxonomy":"category","embeddable":true,"href":"https:\/\/www.eoimalaga.com\/web\/wp-json\/wp\/v2\/categories?post=8478"},{"taxonomy":"post_tag","embeddable":true,"href":"https:\/\/www.eoimalaga.com\/web\/wp-json\/wp\/v2\/tags?post=8478"}],"curies":[{"name":"wp","href":"https:\/\/api.w.org\/{rel}","templated":true}]}}