{"id":8458,"date":"2019-12-29T10:19:18","date_gmt":"2019-12-29T08:19:18","guid":{"rendered":"http:\/\/www.eoimalaga.com\/web\/?page_id=8458"},"modified":"2019-12-29T10:44:12","modified_gmt":"2019-12-29T08:44:12","slug":"material-para-las-ausencias-b2-2","status":"publish","type":"page","link":"https:\/\/www.eoimalaga.com\/web\/frances\/material-para-las-ausencias\/material-para-las-ausencias-b2-2\/","title":{"rendered":"Material para las ausencias B2-2"},"content":{"rendered":"<h2><span style=\"font-size: 24pt;\"><span style=\"color: #ff6600;\">Material primera sesi\u00f3n :<\/span><\/span><span style=\"font-size: 24pt; color: #808080;\">\u00a0 \u00a0 Gestes \u00e9co citoyens\u00a0 \u00a0<\/span><\/h2>\n<h2 style=\"text-align: center;\"><span style=\"font-size: 14pt; color: #808080;\">Exercice\u00a0 de compr\u00e9hension orale : T\u00e9l\u00e9chargez la feuille de l&#8217;exercice .<\/span><\/h2>\n<h2 style=\"text-align: center;\"><span style=\"font-size: 14pt; color: #808080;\">Lisez bien l&#8217;ent\u00eate de la t\u00e2che \u00e0 faire. \u00c9coutez trois fois l&#8217;audio\u00a0<\/span><\/h2>\n<h2 style=\"text-align: center;\">\u00a0<\/h2>\n<table style=\"height: 138px; width: 1315px;\">\n<tbody>\n<tr>\n<td style=\"width: 466px;\">\n<!--[if lt IE 9]><script>document.createElement('audio');<\/script><![endif]-->\n<audio class=\"wp-audio-shortcode\" id=\"audio-8458-1\" preload=\"none\" style=\"width: 100%;\" controls=\"controls\"><source type=\"audio\/mpeg\" src=\"http:\/\/www.eoimalaga.com\/FRANCES\/wp-content\/uploads\/2018\/06\/Dechets.mp3?_=1\" \/><a href=\"http:\/\/www.eoimalaga.com\/FRANCES\/wp-content\/uploads\/2018\/06\/Dechets.mp3\">http:\/\/www.eoimalaga.com\/FRANCES\/wp-content\/uploads\/2018\/06\/Dechets.mp3<\/a><\/audio>\n<\/td>\n<td style=\"width: 835px;\">\n<h2 style=\"text-align: center;\"><a href=\"http:\/\/www.eoimalaga.com\/FRANCES\/wp-content\/uploads\/2018\/06\/Fran\u00e7ais-B2-CO-Zero-d\u00e9chet.pdf\"><span style=\"color: #0000ff;\">Compr\u00e9hension Orale:\u00a0 \u00a0Zero d\u00e9chet<\/span><\/a><\/h2>\n<h2 style=\"text-align: center;\"><span style=\"color: #0000ff;\"><a href=\"http:\/\/www.eoimalaga.com\/FRANCES\/wp-content\/uploads\/2018\/06\/Comp\u00e9hension-orale-B2-Z\u00e9ro-d\u00e9chet-Corrig\u00e9.pdf\">Corrig\u00e9<\/a><\/span><\/h2>\n<\/td>\n<\/tr>\n<\/tbody>\n<\/table>\n<h2 style=\"text-align: center;\">\u00a0<\/h2>\n<p>\u00a0<\/p>\n<hr \/>\n<h2>\u00a0<\/h2>\n<p>\u00a0<\/p>\n<h2 style=\"text-align: left;\"><span style=\"font-size: 24pt; color: #ff6600;\">Material segunda sesi\u00f3n :\u00a0 \u00a0 \u00a0 \u00a0 \u00a0 \u00a0 \u00a0 \u00a0 \u00a0 \u00a0 \u00a0 \u00a0 \u00a0 \u00a0\u00a0<span style=\"color: #808080;\">Mai 68<\/span><\/span><\/h2>\n<p>\u00a0<\/p>\n<h2 style=\"text-align: center;\"><span style=\"font-size: 18pt; color: #808080;\">\u00c0 l&#8217;occasion du cinquanti\u00e8me anniversaire de Mai 68 , o<\/span><span style=\"color: #808080; font-size: 18pt;\">n vous propose ce Quizz, \u00e0 partir de cette vid\u00e9o de<\/span><\/h2>\n<h2>\u00a0<\/h2>\n<h2 style=\"text-align: center;\"><span style=\"color: #808080;\"><span style=\"font-size: 14pt;\">\u00a0<\/span><\/span><img loading=\"lazy\" decoding=\"async\" class=\"alignnone\" style=\"font-size: 16px;\" src=\"https:\/\/static.lexpress.fr\/min\/images\/logos\/svg\/lexpress.svg\" alt=\"Actualit\u00c3\u00a9s Politique, Monde, Economie et Culture - L'Express\" width=\"136\" height=\"36\" \/>\u00a0 \u00a0 \u00a0 \u00a0\u00a0<span style=\"font-size: 24pt;\"><span style=\"font-family: arial, helvetica, sans-serif;\"><span style=\"color: #008080;\"><a href=\"https:\/\/www.lexpress.fr\/actualite\/societe\/mai-68-en-68-images_2005196.html\" target=\"_blank\" rel=\"noopener noreferrer\">Mai 68 en 68 images<\/a><\/span>\u00a0<\/span><\/span><\/h2>\n<h1>\u00a0<\/h1>\n<p>\u00a0<\/p>\n<h1 class=\"title_alpha\" style=\"text-align: center;\"><span style=\"font-family: arial, helvetica, sans-serif; color: #003300;\"><span style=\"font-size: 14pt;\"><span style=\"font-size: 24pt;\">T\u00e9l\u00e9chargez ici le<\/span>\u00a0 \u00a0<\/span>\u00a0<a href=\"http:\/\/www.eoimalaga.com\/FRANCES\/wp-content\/uploads\/2018\/06\/QUIZ-Vid\u00e9o-Mai-68.docx\" target=\"_blank\" rel=\"noopener noreferrer\">QUIZ Vid\u00e9o Mai 68<\/a><\/span><\/h1>\n<h2>\u00a0<\/h2>\n<h2 style=\"text-align: center;\"><span style=\"color: #808080;\"><a href=\"http:\/\/www.eoimalaga.com\/FRANCES\/wp-content\/uploads\/2018\/06\/QUIZ-Vid\u00e9o-Mai-68-Corrig\u00e9-1.pdf\">Corrig\u00e9<\/a>\u00a0<\/span><\/h2>\n<p>\u00a0<\/p>\n<p>\u00a0<\/p>\n<p>\u00a0<\/p>\n<hr \/>\n<h2>\u00a0<\/h2>\n<h2><span style=\"color: #ff6600; font-size: 24pt;\">Material tercera sesi\u00f3n :\u00a0 \u00a0 \u00a0 \u00a0<\/span><\/h2>\n<h2 style=\"text-align: center;\"><span style=\"color: #ff6600; font-size: 24pt;\"> \u00a0 <\/span><\/h2>\n<h2 style=\"text-align: center;\"><span style=\"color: #ff6600; font-size: 24pt;\"><span style=\"color: #808080; font-family: 'comic sans ms', sans-serif;\">On vous propose un exercice d&#8217;expression \u00e9crite\u00a0 \u00e0 faire en 25 minutes<\/span><\/span><\/h2>\n<h2>\u00a0<\/h2>\n<h2 style=\"text-align: center;\"><span style=\"color: #333300; font-size: 24pt;\"><a href=\"http:\/\/www.eoimalaga.com\/FRANCES\/wp-content\/uploads\/2018\/06\/CE-Vacances-Frissons.pdf\"><span style=\"color: #800000;\">\u00bb Vacances Frissons \u00ab<\/span><\/a><\/span><\/h2>\n<p>\u00a0<\/p>\n<h2 style=\"text-align: center;\"><span style=\"color: #ff6600; font-size: 18pt;\"><a href=\"http:\/\/www.eoimalaga.com\/FRANCES\/wp-content\/uploads\/2018\/06\/CE-Vacances-frissons-Corrig\u00e9.pdf\">Corrig\u00e9<\/a><\/span><\/h2>\n<p>\u00a0<\/p>\n<p>\u00a0<\/p>\n<hr \/>\n<h2><span style=\"font-size: 24pt;\"><span style=\"color: #ff6600;\">Material cuarta sesi\u00f3n :\u00a0<\/span> \u00a0<\/span><\/h2>\n<h2 style=\"text-align: center;\"><span style=\"font-size: 24pt; color: #333300;\">\u00a0<a href=\"http:\/\/www.eoimalaga.com\/FRANCES\/wp-content\/uploads\/2018\/06\/Test-de-vocabulaire-et-grammaire-3.pdf\">Test de vocabulaire et grammaire<\/a><\/span><\/h2>\n<p style=\"text-align: center;\"><span style=\"font-size: 18pt; color: #008000;\"><a href=\"http:\/\/www.eoimalaga.com\/FRANCES\/wp-content\/uploads\/2018\/06\/Fran\u00e7ais-B2-Test-de-vocabulaire-et-Grammaire.pdf\">Corrig\u00e9\u00a0<\/a><\/span><\/p>\n","protected":false},"excerpt":{"rendered":"<p>Material primera sesi\u00f3n :\u00a0 \u00a0 Gestes \u00e9co citoyens\u00a0 \u00a0 Exercice\u00a0 de compr\u00e9hension orale : T\u00e9l\u00e9chargez la feuille de l&#8217;exercice . Lisez bien l&#8217;ent\u00eate de la t\u00e2che \u00e0 faire. \u00c9coutez trois fois l&#8217;audio\u00a0 \u00a0 Compr\u00e9hension Orale:\u00a0 \u00a0Zero d\u00e9chet Corrig\u00e9 \u00a0 \u00a0 \u00a0 \u00a0 Material segunda sesi\u00f3n :\u00a0 \u00a0 \u00a0 \u00a0 \u00a0 \u00a0 \u00a0 \u00a0 \u00a0 \u00a0 [&hellip;]<\/p>\n","protected":false},"author":15,"featured_media":0,"parent":8451,"menu_order":0,"comment_status":"closed","ping_status":"closed","template":"","meta":{"inline_featured_image":false,"footnotes":""},"categories":[55],"tags":[],"class_list":["post-8458","page","type-page","status-publish","hentry","category-frances"],"yoast_head":"<!-- This site is optimized with the Yoast SEO plugin v26.5 - https:\/\/yoast.com\/wordpress\/plugins\/seo\/ -->\n<title>Material para las ausencias B2-2 - P\u00e1gina Oficial de la EOI de M\u00e1laga ::Los idiomas ponen el mundo a tus pies::<\/title>\n<meta name=\"robots\" content=\"index, follow, max-snippet:-1, max-image-preview:large, max-video-preview:-1\" \/>\n<link rel=\"canonical\" href=\"https:\/\/www.eoimalaga.com\/web\/frances\/material-para-las-ausencias\/material-para-las-ausencias-b2-2\/\" \/>\n<meta property=\"og:locale\" content=\"es_ES\" \/>\n<meta property=\"og:type\" content=\"article\" \/>\n<meta property=\"og:title\" content=\"Material para las ausencias B2-2 - P\u00e1gina Oficial de la EOI de M\u00e1laga ::Los idiomas ponen el mundo a tus pies::\" \/>\n<meta property=\"og:description\" content=\"Material primera sesi\u00f3n :\u00a0 \u00a0 Gestes \u00e9co citoyens\u00a0 \u00a0 Exercice\u00a0 de compr\u00e9hension orale : T\u00e9l\u00e9chargez la feuille de l&#8217;exercice . Lisez bien l&#8217;ent\u00eate de la t\u00e2che \u00e0 faire. \u00c9coutez trois fois l&#8217;audio\u00a0 \u00a0 Compr\u00e9hension Orale:\u00a0 \u00a0Zero d\u00e9chet Corrig\u00e9 \u00a0 \u00a0 \u00a0 \u00a0 Material segunda sesi\u00f3n :\u00a0 \u00a0 \u00a0 \u00a0 \u00a0 \u00a0 \u00a0 \u00a0 \u00a0 \u00a0 [&hellip;]\" \/>\n<meta property=\"og:url\" content=\"https:\/\/www.eoimalaga.com\/web\/frances\/material-para-las-ausencias\/material-para-las-ausencias-b2-2\/\" \/>\n<meta property=\"og:site_name\" content=\"P\u00e1gina Oficial de la EOI de M\u00e1laga ::Los idiomas ponen el mundo a tus pies::\" \/>\n<meta property=\"article:modified_time\" content=\"2019-12-29T08:44:12+00:00\" \/>\n<meta property=\"og:image\" content=\"https:\/\/static.lexpress.fr\/min\/images\/logos\/svg\/lexpress.svg\" \/>\n<meta name=\"twitter:card\" content=\"summary_large_image\" \/>\n<meta name=\"twitter:label1\" content=\"Tiempo de lectura\" \/>\n\t<meta name=\"twitter:data1\" content=\"1 minuto\" \/>\n<script type=\"application\/ld+json\" class=\"yoast-schema-graph\">{\"@context\":\"https:\/\/schema.org\",\"@graph\":[{\"@type\":\"WebPage\",\"@id\":\"https:\/\/www.eoimalaga.com\/web\/frances\/material-para-las-ausencias\/material-para-las-ausencias-b2-2\/\",\"url\":\"https:\/\/www.eoimalaga.com\/web\/frances\/material-para-las-ausencias\/material-para-las-ausencias-b2-2\/\",\"name\":\"Material para las ausencias B2-2 - P\u00e1gina Oficial de la EOI de M\u00e1laga ::Los idiomas ponen el mundo a tus pies::\",\"isPartOf\":{\"@id\":\"https:\/\/www.eoimalaga.com\/web\/#website\"},\"primaryImageOfPage\":{\"@id\":\"https:\/\/www.eoimalaga.com\/web\/frances\/material-para-las-ausencias\/material-para-las-ausencias-b2-2\/#primaryimage\"},\"image\":{\"@id\":\"https:\/\/www.eoimalaga.com\/web\/frances\/material-para-las-ausencias\/material-para-las-ausencias-b2-2\/#primaryimage\"},\"thumbnailUrl\":\"https:\/\/static.lexpress.fr\/min\/images\/logos\/svg\/lexpress.svg\",\"datePublished\":\"2019-12-29T08:19:18+00:00\",\"dateModified\":\"2019-12-29T08:44:12+00:00\",\"breadcrumb\":{\"@id\":\"https:\/\/www.eoimalaga.com\/web\/frances\/material-para-las-ausencias\/material-para-las-ausencias-b2-2\/#breadcrumb\"},\"inLanguage\":\"es\",\"potentialAction\":[{\"@type\":\"ReadAction\",\"target\":[\"https:\/\/www.eoimalaga.com\/web\/frances\/material-para-las-ausencias\/material-para-las-ausencias-b2-2\/\"]}]},{\"@type\":\"ImageObject\",\"inLanguage\":\"es\",\"@id\":\"https:\/\/www.eoimalaga.com\/web\/frances\/material-para-las-ausencias\/material-para-las-ausencias-b2-2\/#primaryimage\",\"url\":\"https:\/\/static.lexpress.fr\/min\/images\/logos\/svg\/lexpress.svg\",\"contentUrl\":\"https:\/\/static.lexpress.fr\/min\/images\/logos\/svg\/lexpress.svg\"},{\"@type\":\"BreadcrumbList\",\"@id\":\"https:\/\/www.eoimalaga.com\/web\/frances\/material-para-las-ausencias\/material-para-las-ausencias-b2-2\/#breadcrumb\",\"itemListElement\":[{\"@type\":\"ListItem\",\"position\":1,\"name\":\"Home\",\"item\":\"https:\/\/www.eoimalaga.com\/web\/\"},{\"@type\":\"ListItem\",\"position\":2,\"name\":\"FRANCES\",\"item\":\"https:\/\/www.eoimalaga.com\/web\/frances\/\"},{\"@type\":\"ListItem\",\"position\":3,\"name\":\"Material para las ausencias y el autoaprendizaje\",\"item\":\"https:\/\/www.eoimalaga.com\/web\/frances\/material-para-las-ausencias\/\"},{\"@type\":\"ListItem\",\"position\":4,\"name\":\"Material para las ausencias B2-2\"}]},{\"@type\":\"WebSite\",\"@id\":\"https:\/\/www.eoimalaga.com\/web\/#website\",\"url\":\"https:\/\/www.eoimalaga.com\/web\/\",\"name\":\"P\u00e1gina Oficial de la EOI de M\u00e1laga ::Los idiomas ponen el mundo a tus pies::\",\"description\":\"EOI M\u00e1laga\",\"potentialAction\":[{\"@type\":\"SearchAction\",\"target\":{\"@type\":\"EntryPoint\",\"urlTemplate\":\"https:\/\/www.eoimalaga.com\/web\/?s={search_term_string}\"},\"query-input\":{\"@type\":\"PropertyValueSpecification\",\"valueRequired\":true,\"valueName\":\"search_term_string\"}}],\"inLanguage\":\"es\"}]}<\/script>\n<!-- \/ Yoast SEO plugin. -->","yoast_head_json":{"title":"Material para las ausencias B2-2 - P\u00e1gina Oficial de la EOI de M\u00e1laga ::Los idiomas ponen el mundo a tus pies::","robots":{"index":"index","follow":"follow","max-snippet":"max-snippet:-1","max-image-preview":"max-image-preview:large","max-video-preview":"max-video-preview:-1"},"canonical":"https:\/\/www.eoimalaga.com\/web\/frances\/material-para-las-ausencias\/material-para-las-ausencias-b2-2\/","og_locale":"es_ES","og_type":"article","og_title":"Material para las ausencias B2-2 - P\u00e1gina Oficial de la EOI de M\u00e1laga ::Los idiomas ponen el mundo a tus pies::","og_description":"Material primera sesi\u00f3n :\u00a0 \u00a0 Gestes \u00e9co citoyens\u00a0 \u00a0 Exercice\u00a0 de compr\u00e9hension orale : T\u00e9l\u00e9chargez la feuille de l&#8217;exercice . Lisez bien l&#8217;ent\u00eate de la t\u00e2che \u00e0 faire. \u00c9coutez trois fois l&#8217;audio\u00a0 \u00a0 Compr\u00e9hension Orale:\u00a0 \u00a0Zero d\u00e9chet Corrig\u00e9 \u00a0 \u00a0 \u00a0 \u00a0 Material segunda sesi\u00f3n :\u00a0 \u00a0 \u00a0 \u00a0 \u00a0 \u00a0 \u00a0 \u00a0 \u00a0 \u00a0 [&hellip;]","og_url":"https:\/\/www.eoimalaga.com\/web\/frances\/material-para-las-ausencias\/material-para-las-ausencias-b2-2\/","og_site_name":"P\u00e1gina Oficial de la EOI de M\u00e1laga ::Los idiomas ponen el mundo a tus pies::","article_modified_time":"2019-12-29T08:44:12+00:00","og_image":[{"url":"https:\/\/static.lexpress.fr\/min\/images\/logos\/svg\/lexpress.svg","type":"","width":"","height":""}],"twitter_card":"summary_large_image","twitter_misc":{"Tiempo de lectura":"1 minuto"},"schema":{"@context":"https:\/\/schema.org","@graph":[{"@type":"WebPage","@id":"https:\/\/www.eoimalaga.com\/web\/frances\/material-para-las-ausencias\/material-para-las-ausencias-b2-2\/","url":"https:\/\/www.eoimalaga.com\/web\/frances\/material-para-las-ausencias\/material-para-las-ausencias-b2-2\/","name":"Material para las ausencias B2-2 - P\u00e1gina Oficial de la EOI de M\u00e1laga ::Los idiomas ponen el mundo a tus pies::","isPartOf":{"@id":"https:\/\/www.eoimalaga.com\/web\/#website"},"primaryImageOfPage":{"@id":"https:\/\/www.eoimalaga.com\/web\/frances\/material-para-las-ausencias\/material-para-las-ausencias-b2-2\/#primaryimage"},"image":{"@id":"https:\/\/www.eoimalaga.com\/web\/frances\/material-para-las-ausencias\/material-para-las-ausencias-b2-2\/#primaryimage"},"thumbnailUrl":"https:\/\/static.lexpress.fr\/min\/images\/logos\/svg\/lexpress.svg","datePublished":"2019-12-29T08:19:18+00:00","dateModified":"2019-12-29T08:44:12+00:00","breadcrumb":{"@id":"https:\/\/www.eoimalaga.com\/web\/frances\/material-para-las-ausencias\/material-para-las-ausencias-b2-2\/#breadcrumb"},"inLanguage":"es","potentialAction":[{"@type":"ReadAction","target":["https:\/\/www.eoimalaga.com\/web\/frances\/material-para-las-ausencias\/material-para-las-ausencias-b2-2\/"]}]},{"@type":"ImageObject","inLanguage":"es","@id":"https:\/\/www.eoimalaga.com\/web\/frances\/material-para-las-ausencias\/material-para-las-ausencias-b2-2\/#primaryimage","url":"https:\/\/static.lexpress.fr\/min\/images\/logos\/svg\/lexpress.svg","contentUrl":"https:\/\/static.lexpress.fr\/min\/images\/logos\/svg\/lexpress.svg"},{"@type":"BreadcrumbList","@id":"https:\/\/www.eoimalaga.com\/web\/frances\/material-para-las-ausencias\/material-para-las-ausencias-b2-2\/#breadcrumb","itemListElement":[{"@type":"ListItem","position":1,"name":"Home","item":"https:\/\/www.eoimalaga.com\/web\/"},{"@type":"ListItem","position":2,"name":"FRANCES","item":"https:\/\/www.eoimalaga.com\/web\/frances\/"},{"@type":"ListItem","position":3,"name":"Material para las ausencias y el autoaprendizaje","item":"https:\/\/www.eoimalaga.com\/web\/frances\/material-para-las-ausencias\/"},{"@type":"ListItem","position":4,"name":"Material para las ausencias B2-2"}]},{"@type":"WebSite","@id":"https:\/\/www.eoimalaga.com\/web\/#website","url":"https:\/\/www.eoimalaga.com\/web\/","name":"P\u00e1gina Oficial de la EOI de M\u00e1laga ::Los idiomas ponen el mundo a tus pies::","description":"EOI M\u00e1laga","potentialAction":[{"@type":"SearchAction","target":{"@type":"EntryPoint","urlTemplate":"https:\/\/www.eoimalaga.com\/web\/?s={search_term_string}"},"query-input":{"@type":"PropertyValueSpecification","valueRequired":true,"valueName":"search_term_string"}}],"inLanguage":"es"}]}},"_links":{"self":[{"href":"https:\/\/www.eoimalaga.com\/web\/wp-json\/wp\/v2\/pages\/8458","targetHints":{"allow":["GET"]}}],"collection":[{"href":"https:\/\/www.eoimalaga.com\/web\/wp-json\/wp\/v2\/pages"}],"about":[{"href":"https:\/\/www.eoimalaga.com\/web\/wp-json\/wp\/v2\/types\/page"}],"author":[{"embeddable":true,"href":"https:\/\/www.eoimalaga.com\/web\/wp-json\/wp\/v2\/users\/15"}],"replies":[{"embeddable":true,"href":"https:\/\/www.eoimalaga.com\/web\/wp-json\/wp\/v2\/comments?post=8458"}],"version-history":[{"count":1,"href":"https:\/\/www.eoimalaga.com\/web\/wp-json\/wp\/v2\/pages\/8458\/revisions"}],"predecessor-version":[{"id":8459,"href":"https:\/\/www.eoimalaga.com\/web\/wp-json\/wp\/v2\/pages\/8458\/revisions\/8459"}],"up":[{"embeddable":true,"href":"https:\/\/www.eoimalaga.com\/web\/wp-json\/wp\/v2\/pages\/8451"}],"wp:attachment":[{"href":"https:\/\/www.eoimalaga.com\/web\/wp-json\/wp\/v2\/media?parent=8458"}],"wp:term":[{"taxonomy":"category","embeddable":true,"href":"https:\/\/www.eoimalaga.com\/web\/wp-json\/wp\/v2\/categories?post=8458"},{"taxonomy":"post_tag","embeddable":true,"href":"https:\/\/www.eoimalaga.com\/web\/wp-json\/wp\/v2\/tags?post=8458"}],"curies":[{"name":"wp","href":"https:\/\/api.w.org\/{rel}","templated":true}]}}