{"id":8456,"date":"2019-12-29T10:16:52","date_gmt":"2019-12-29T08:16:52","guid":{"rendered":"http:\/\/www.eoimalaga.com\/web\/?page_id=8456"},"modified":"2019-12-29T10:44:12","modified_gmt":"2019-12-29T08:44:12","slug":"material-para-las-ausencias-a2","status":"publish","type":"page","link":"https:\/\/www.eoimalaga.com\/web\/frances\/material-para-las-ausencias\/material-para-las-ausencias-a2\/","title":{"rendered":"Material para las ausencias A2"},"content":{"rendered":"<h3 style=\"text-align: left;\"><span style=\"font-size: 24pt;\"><span style=\"color: #ff6600;\">Material primera sesi\u00f3n :\u00a0 \u00a0 <\/span><\/span><\/h3>\n<h3 style=\"text-align: left;\"><span style=\"font-size: 24pt;\">\u00a0 \u00a0 \u00a0 \u00a0 \u00a0 \u00a0 \u00a0 \u00a0 \u00a0 \u00a0 \u00a0 \u00a0 \u00a0 \u00a0 <span style=\"color: #808080;\">\u00a0Le syst\u00e8me scolaire en France<\/span><\/span><\/h3>\n<h3 style=\"text-align: center;\"><span style=\"font-size: 24pt;\"><a href=\"https:\/\/www.youtube.com\/watch?v=jR5Q3WLV7O4\"><strong><span style=\"font-size: 18pt;\">Parlons de l&#8217;\u00e9cole<\/span><\/strong><\/a><\/span><\/h3>\n<h2 style=\"text-align: center;\"><span style=\"color: #800000;\">Sur cette video <img loading=\"lazy\" decoding=\"async\" class=\"\" src=\"https:\/\/yt3.ggpht.com\/-VE28MgdjQmc\/AAAAAAAAAAI\/AAAAAAAAAAA\/aG72U7QrX4I\/s288-mo-c-c0xffffffff-rj-k-no\/photo.jpg\" width=\"116\" height=\"116\" \/>\u00a0on vous explique le syst\u00e8me scolaire en France.<\/span><\/h2>\n<h2 style=\"text-align: center;\"><span style=\"color: #800000;\">\u00a0 Votre syst\u00e8me est identique au syst\u00e8me fran\u00e7ais?<\/span><\/h2>\n<p>\u00a0<\/p>\n<p>\u00a0<\/p>\n<hr \/>\n<h2 style=\"text-align: center;\">\u00a0<\/h2>\n<h3><span style=\"font-size: 24pt; color: #ff6600;\"><strong>Material segunda sesi\u00f3n :\u00a0<\/strong><\/span><\/h3>\n<p>\u00a0<\/p>\n<table style=\"width: 1210px;\">\n<tbody>\n<tr>\n<td style=\"width: 637px;\">\n<div style=\"width: 704px;\" class=\"wp-video\"><!--[if lt IE 9]><script>document.createElement('video');<\/script><![endif]-->\n<video class=\"wp-video-shortcode\" id=\"video-8456-1\" width=\"704\" height=\"400\" preload=\"metadata\" controls=\"controls\"><source type=\"video\/mp4\" src=\"http:\/\/www.eoimalaga.com\/FRANCES\/wp-content\/uploads\/2018\/06\/Les-bonnes-affaires-de-Tintin.mp4?_=1\" \/><a href=\"http:\/\/www.eoimalaga.com\/FRANCES\/wp-content\/uploads\/2018\/06\/Les-bonnes-affaires-de-Tintin.mp4\">http:\/\/www.eoimalaga.com\/FRANCES\/wp-content\/uploads\/2018\/06\/Les-bonnes-affaires-de-Tintin.mp4<\/a><\/video><\/div>\n<\/td>\n<td style=\"width: 986px; text-align: center;\"><span style=\"font-size: 18pt;\"><strong style=\"font-family: inherit;\"><span style=\"color: #808080;\"><em><span style=\"font-family: inherit;\">T\u00e9l\u00e9chargez\u00a0<strong>la fiche de l&#8217;apprena<\/strong><\/span><\/em><\/span><\/strong><strong style=\"font-family: inherit;\"><span style=\"color: #808080;\"><em><span style=\"font-family: inherit;\">nt ci-dessous:<\/span><\/em><\/span><\/strong><\/span><\/p>\n<p>\u00a0<\/p>\n<p><span style=\"font-size: 24pt; color: #808000;\"><strong><span style=\"font-family: arial, helvetica, sans-serif;\"><a href=\"http:\/\/www.eoimalaga.com\/FRANCES\/wp-content\/uploads\/2018\/06\/Exercice-Les-bonnes-affaires-de-Tintin.pdf\"><span style=\"color: #993300;\">Les bonnes affaires de Tintin<\/span><\/a><\/span><\/strong><\/span><\/p>\n<p>\u00a0<\/p>\n<p><span style=\"font-family: arial, helvetica, sans-serif; color: #333399;\">\u00a0 \u00a0 \u00a0 \u00a0 \u00a0 \u00a0 \u00a0 \u00a0 \u00a0 \u00a0<span style=\"font-size: 10pt; color: #ff0000;\">\u00a0 \u00a0 \u00a0 \u00a0 \u00a0 \u00a0 \u00a0 \u00a0 \u00a0 \u00a0 \u00a0 <span style=\"font-size: 12pt;\">\u00a0\u00a0<span style=\"color: #993366;\"><strong><a href=\"http:\/\/www.eoimalaga.com\/FRANCES\/wp-content\/uploads\/2018\/06\/Corrig\u00e9-les-BA-de-Tintin.pdf\">Corrig\u00e9 des exercices<\/a><\/strong><\/span><\/span><\/span><\/span><\/p>\n<p><span style=\"color: #993300; font-size: 12pt;\">\u00a0 \u00a0 \u00a0 \u00a0 \u00a0 \u00a0 \u00a0 \u00a0 \u00a0 \u00a0 \u00a0 \u00a0 \u00a0 \u00a0 \u00a0 \u00a0 \u00a0 \u00a0 \u00a0 \u00a0 \u00a0 \u00a0 \u00a0 \u00a0 \u00a0 \u00a0 \u00a0 \u00a0 \u00a0 \u00a0<span style=\"color: #993366;\"> \u00a0<strong><span style=\"font-family: arial, helvetica, sans-serif;\"><a href=\"http:\/\/www.eoimalaga.com\/FRANCES\/wp-content\/uploads\/2018\/06\/Transcription-Les-bonnes-affaires-de-Tintin.pdf\">Transcription de la vid\u00e9o<\/a><\/span><\/strong><\/span><\/span><\/p>\n<\/td>\n<\/tr>\n<\/tbody>\n<\/table>\n<p>\u00a0<\/p>\n<p>\u00a0<\/p>\n<hr \/>\n<h3><span style=\"font-size: 24pt; color: #ff6600;\">\u00a0<\/span><\/h3>\n<h3><span style=\"font-family: georgia, palatino, serif; font-size: 24pt; color: #ff6600;\"><strong>Material tercera sesi\u00f3n :<\/strong><\/span><\/h3>\n<table style=\"height: 341px; width: 1206px;\">\n<tbody>\n<tr>\n<td style=\"width: 742px; text-align: center;\"><span style=\"font-size: 24pt; font-family: arial, helvetica, sans-serif; color: #808080;\"><strong>Le\u00e7on 1<\/strong> : <em>la G\u00e9ographie de la France<\/em><\/span><\/td>\n<td style=\"width: 448px;\">\n<div style=\"width: 480px;\" class=\"wp-video\"><video class=\"wp-video-shortcode\" id=\"video-8456-2\" width=\"480\" height=\"360\" preload=\"metadata\" controls=\"controls\"><source type=\"video\/mp4\" src=\"http:\/\/www.eoimalaga.com\/FRANCES\/wp-content\/uploads\/2018\/06\/Le\u00e7on-1-La-g\u00e9ographie-de-la-France.mp4?_=2\" \/><a href=\"http:\/\/www.eoimalaga.com\/FRANCES\/wp-content\/uploads\/2018\/06\/Le\u00e7on-1-La-g\u00e9ographie-de-la-France.mp4\">http:\/\/www.eoimalaga.com\/FRANCES\/wp-content\/uploads\/2018\/06\/Le\u00e7on-1-La-g\u00e9ographie-de-la-France.mp4<\/a><\/video><\/div>\n<\/td>\n<\/tr>\n<\/tbody>\n<\/table>\n<p>\u00a0<\/p>\n<p>\u00a0<\/p>\n<hr \/>\n<h3><span style=\"font-family: georgia, palatino, serif; font-size: 24pt; color: #ff6600;\"><strong>Material cuarta sesi\u00f3n :<\/strong><\/span><\/h3>\n<p style=\"text-align: center;\"><span style=\"font-size: 24pt; color: #0000ff;\"><strong><em><span style=\"font-family: 'trebuchet ms', geneva, sans-serif;\"><a href=\"https:\/\/youtu.be\/uVaIWndESpk\" target=\"_blank\" rel=\"noopener noreferrer\">La Saint Valentin\u00a0<\/a><\/span><\/em><\/strong><\/span><\/p>\n<p style=\"text-align: center;\"><span style=\"font-family: 'arial black', sans-serif; font-size: 18pt;\"><span style=\"font-family: 'comic sans ms', sans-serif;\">T\u00e9l\u00e9chargez la fiche de l&#8217;apprenant ci-jointe\u00a0 :\u00a0 \u00a0 \u00a0 \u00a0<\/span><strong><em>\u00a0<\/em><\/strong><span style=\"color: #008000;\"><a href=\"http:\/\/www.eoimalaga.com\/FRANCES\/wp-content\/uploads\/2018\/06\/La-Saint-Valentin-Compl\u00e9tez.pdf\">Compl\u00e9tez<\/a><\/span><\/span><\/p>\n<p>\u00a0<\/p>\n<p style=\"text-align: center;\"><span style=\"font-size: 18pt; color: #ff0000; font-family: 'trebuchet ms', geneva, sans-serif;\"><a href=\"http:\/\/www.eoimalaga.com\/FRANCES\/wp-content\/uploads\/2018\/06\/La-Saint-Valentin-Transcription.pdf\">Corrigez vos r\u00e9sultats avec la transcription de la vid\u00e9o<\/a><\/span><\/p>\n<p>\u00a0<\/p>\n","protected":false},"excerpt":{"rendered":"<p>Material primera sesi\u00f3n :\u00a0 \u00a0 \u00a0 \u00a0 \u00a0 \u00a0 \u00a0 \u00a0 \u00a0 \u00a0 \u00a0 \u00a0 \u00a0 \u00a0 \u00a0 \u00a0 \u00a0Le syst\u00e8me scolaire en France Parlons de l&#8217;\u00e9cole Sur cette video \u00a0on vous explique le syst\u00e8me scolaire en France. \u00a0 Votre syst\u00e8me est identique au syst\u00e8me fran\u00e7ais? \u00a0 \u00a0 \u00a0 Material segunda sesi\u00f3n :\u00a0 \u00a0 T\u00e9l\u00e9chargez\u00a0la [&hellip;]<\/p>\n","protected":false},"author":15,"featured_media":0,"parent":8451,"menu_order":0,"comment_status":"closed","ping_status":"closed","template":"","meta":{"inline_featured_image":false,"footnotes":""},"categories":[55],"tags":[],"class_list":["post-8456","page","type-page","status-publish","hentry","category-frances"],"yoast_head":"<!-- This site is optimized with the Yoast SEO plugin v26.5 - https:\/\/yoast.com\/wordpress\/plugins\/seo\/ -->\n<title>Material para las ausencias A2 - P\u00e1gina Oficial de la EOI de M\u00e1laga ::Los idiomas ponen el mundo a tus pies::<\/title>\n<meta name=\"robots\" content=\"index, follow, max-snippet:-1, max-image-preview:large, max-video-preview:-1\" \/>\n<link rel=\"canonical\" href=\"https:\/\/www.eoimalaga.com\/web\/frances\/material-para-las-ausencias\/material-para-las-ausencias-a2\/\" \/>\n<meta property=\"og:locale\" content=\"es_ES\" \/>\n<meta property=\"og:type\" content=\"article\" \/>\n<meta property=\"og:title\" content=\"Material para las ausencias A2 - P\u00e1gina Oficial de la EOI de M\u00e1laga ::Los idiomas ponen el mundo a tus pies::\" \/>\n<meta property=\"og:description\" content=\"Material primera sesi\u00f3n :\u00a0 \u00a0 \u00a0 \u00a0 \u00a0 \u00a0 \u00a0 \u00a0 \u00a0 \u00a0 \u00a0 \u00a0 \u00a0 \u00a0 \u00a0 \u00a0 \u00a0Le syst\u00e8me scolaire en France Parlons de l&#8217;\u00e9cole Sur cette video \u00a0on vous explique le syst\u00e8me scolaire en France. \u00a0 Votre syst\u00e8me est identique au syst\u00e8me fran\u00e7ais? \u00a0 \u00a0 \u00a0 Material segunda sesi\u00f3n :\u00a0 \u00a0 T\u00e9l\u00e9chargez\u00a0la [&hellip;]\" \/>\n<meta property=\"og:url\" content=\"https:\/\/www.eoimalaga.com\/web\/frances\/material-para-las-ausencias\/material-para-las-ausencias-a2\/\" \/>\n<meta property=\"og:site_name\" content=\"P\u00e1gina Oficial de la EOI de M\u00e1laga ::Los idiomas ponen el mundo a tus pies::\" \/>\n<meta property=\"article:modified_time\" content=\"2019-12-29T08:44:12+00:00\" \/>\n<meta property=\"og:image\" content=\"https:\/\/yt3.ggpht.com\/-VE28MgdjQmc\/AAAAAAAAAAI\/AAAAAAAAAAA\/aG72U7QrX4I\/s288-mo-c-c0xffffffff-rj-k-no\/photo.jpg\" \/>\n<meta name=\"twitter:card\" content=\"summary_large_image\" \/>\n<meta name=\"twitter:label1\" content=\"Tiempo de lectura\" \/>\n\t<meta name=\"twitter:data1\" content=\"1 minuto\" \/>\n<script type=\"application\/ld+json\" class=\"yoast-schema-graph\">{\"@context\":\"https:\/\/schema.org\",\"@graph\":[{\"@type\":\"WebPage\",\"@id\":\"https:\/\/www.eoimalaga.com\/web\/frances\/material-para-las-ausencias\/material-para-las-ausencias-a2\/\",\"url\":\"https:\/\/www.eoimalaga.com\/web\/frances\/material-para-las-ausencias\/material-para-las-ausencias-a2\/\",\"name\":\"Material para las ausencias A2 - P\u00e1gina Oficial de la EOI de M\u00e1laga ::Los idiomas ponen el mundo a tus pies::\",\"isPartOf\":{\"@id\":\"https:\/\/www.eoimalaga.com\/web\/#website\"},\"primaryImageOfPage\":{\"@id\":\"https:\/\/www.eoimalaga.com\/web\/frances\/material-para-las-ausencias\/material-para-las-ausencias-a2\/#primaryimage\"},\"image\":{\"@id\":\"https:\/\/www.eoimalaga.com\/web\/frances\/material-para-las-ausencias\/material-para-las-ausencias-a2\/#primaryimage\"},\"thumbnailUrl\":\"https:\/\/yt3.ggpht.com\/-VE28MgdjQmc\/AAAAAAAAAAI\/AAAAAAAAAAA\/aG72U7QrX4I\/s288-mo-c-c0xffffffff-rj-k-no\/photo.jpg\",\"datePublished\":\"2019-12-29T08:16:52+00:00\",\"dateModified\":\"2019-12-29T08:44:12+00:00\",\"breadcrumb\":{\"@id\":\"https:\/\/www.eoimalaga.com\/web\/frances\/material-para-las-ausencias\/material-para-las-ausencias-a2\/#breadcrumb\"},\"inLanguage\":\"es\",\"potentialAction\":[{\"@type\":\"ReadAction\",\"target\":[\"https:\/\/www.eoimalaga.com\/web\/frances\/material-para-las-ausencias\/material-para-las-ausencias-a2\/\"]}]},{\"@type\":\"ImageObject\",\"inLanguage\":\"es\",\"@id\":\"https:\/\/www.eoimalaga.com\/web\/frances\/material-para-las-ausencias\/material-para-las-ausencias-a2\/#primaryimage\",\"url\":\"https:\/\/yt3.ggpht.com\/-VE28MgdjQmc\/AAAAAAAAAAI\/AAAAAAAAAAA\/aG72U7QrX4I\/s288-mo-c-c0xffffffff-rj-k-no\/photo.jpg\",\"contentUrl\":\"https:\/\/yt3.ggpht.com\/-VE28MgdjQmc\/AAAAAAAAAAI\/AAAAAAAAAAA\/aG72U7QrX4I\/s288-mo-c-c0xffffffff-rj-k-no\/photo.jpg\"},{\"@type\":\"BreadcrumbList\",\"@id\":\"https:\/\/www.eoimalaga.com\/web\/frances\/material-para-las-ausencias\/material-para-las-ausencias-a2\/#breadcrumb\",\"itemListElement\":[{\"@type\":\"ListItem\",\"position\":1,\"name\":\"Home\",\"item\":\"https:\/\/www.eoimalaga.com\/web\/\"},{\"@type\":\"ListItem\",\"position\":2,\"name\":\"FRANCES\",\"item\":\"https:\/\/www.eoimalaga.com\/web\/frances\/\"},{\"@type\":\"ListItem\",\"position\":3,\"name\":\"Material para las ausencias y el autoaprendizaje\",\"item\":\"https:\/\/www.eoimalaga.com\/web\/frances\/material-para-las-ausencias\/\"},{\"@type\":\"ListItem\",\"position\":4,\"name\":\"Material para las ausencias A2\"}]},{\"@type\":\"WebSite\",\"@id\":\"https:\/\/www.eoimalaga.com\/web\/#website\",\"url\":\"https:\/\/www.eoimalaga.com\/web\/\",\"name\":\"P\u00e1gina Oficial de la EOI de M\u00e1laga ::Los idiomas ponen el mundo a tus pies::\",\"description\":\"EOI M\u00e1laga\",\"potentialAction\":[{\"@type\":\"SearchAction\",\"target\":{\"@type\":\"EntryPoint\",\"urlTemplate\":\"https:\/\/www.eoimalaga.com\/web\/?s={search_term_string}\"},\"query-input\":{\"@type\":\"PropertyValueSpecification\",\"valueRequired\":true,\"valueName\":\"search_term_string\"}}],\"inLanguage\":\"es\"}]}<\/script>\n<!-- \/ Yoast SEO plugin. -->","yoast_head_json":{"title":"Material para las ausencias A2 - P\u00e1gina Oficial de la EOI de M\u00e1laga ::Los idiomas ponen el mundo a tus pies::","robots":{"index":"index","follow":"follow","max-snippet":"max-snippet:-1","max-image-preview":"max-image-preview:large","max-video-preview":"max-video-preview:-1"},"canonical":"https:\/\/www.eoimalaga.com\/web\/frances\/material-para-las-ausencias\/material-para-las-ausencias-a2\/","og_locale":"es_ES","og_type":"article","og_title":"Material para las ausencias A2 - P\u00e1gina Oficial de la EOI de M\u00e1laga ::Los idiomas ponen el mundo a tus pies::","og_description":"Material primera sesi\u00f3n :\u00a0 \u00a0 \u00a0 \u00a0 \u00a0 \u00a0 \u00a0 \u00a0 \u00a0 \u00a0 \u00a0 \u00a0 \u00a0 \u00a0 \u00a0 \u00a0 \u00a0Le syst\u00e8me scolaire en France Parlons de l&#8217;\u00e9cole Sur cette video \u00a0on vous explique le syst\u00e8me scolaire en France. \u00a0 Votre syst\u00e8me est identique au syst\u00e8me fran\u00e7ais? \u00a0 \u00a0 \u00a0 Material segunda sesi\u00f3n :\u00a0 \u00a0 T\u00e9l\u00e9chargez\u00a0la [&hellip;]","og_url":"https:\/\/www.eoimalaga.com\/web\/frances\/material-para-las-ausencias\/material-para-las-ausencias-a2\/","og_site_name":"P\u00e1gina Oficial de la EOI de M\u00e1laga ::Los idiomas ponen el mundo a tus pies::","article_modified_time":"2019-12-29T08:44:12+00:00","og_image":[{"url":"https:\/\/yt3.ggpht.com\/-VE28MgdjQmc\/AAAAAAAAAAI\/AAAAAAAAAAA\/aG72U7QrX4I\/s288-mo-c-c0xffffffff-rj-k-no\/photo.jpg","type":"","width":"","height":""}],"twitter_card":"summary_large_image","twitter_misc":{"Tiempo de lectura":"1 minuto"},"schema":{"@context":"https:\/\/schema.org","@graph":[{"@type":"WebPage","@id":"https:\/\/www.eoimalaga.com\/web\/frances\/material-para-las-ausencias\/material-para-las-ausencias-a2\/","url":"https:\/\/www.eoimalaga.com\/web\/frances\/material-para-las-ausencias\/material-para-las-ausencias-a2\/","name":"Material para las ausencias A2 - P\u00e1gina Oficial de la EOI de M\u00e1laga ::Los idiomas ponen el mundo a tus pies::","isPartOf":{"@id":"https:\/\/www.eoimalaga.com\/web\/#website"},"primaryImageOfPage":{"@id":"https:\/\/www.eoimalaga.com\/web\/frances\/material-para-las-ausencias\/material-para-las-ausencias-a2\/#primaryimage"},"image":{"@id":"https:\/\/www.eoimalaga.com\/web\/frances\/material-para-las-ausencias\/material-para-las-ausencias-a2\/#primaryimage"},"thumbnailUrl":"https:\/\/yt3.ggpht.com\/-VE28MgdjQmc\/AAAAAAAAAAI\/AAAAAAAAAAA\/aG72U7QrX4I\/s288-mo-c-c0xffffffff-rj-k-no\/photo.jpg","datePublished":"2019-12-29T08:16:52+00:00","dateModified":"2019-12-29T08:44:12+00:00","breadcrumb":{"@id":"https:\/\/www.eoimalaga.com\/web\/frances\/material-para-las-ausencias\/material-para-las-ausencias-a2\/#breadcrumb"},"inLanguage":"es","potentialAction":[{"@type":"ReadAction","target":["https:\/\/www.eoimalaga.com\/web\/frances\/material-para-las-ausencias\/material-para-las-ausencias-a2\/"]}]},{"@type":"ImageObject","inLanguage":"es","@id":"https:\/\/www.eoimalaga.com\/web\/frances\/material-para-las-ausencias\/material-para-las-ausencias-a2\/#primaryimage","url":"https:\/\/yt3.ggpht.com\/-VE28MgdjQmc\/AAAAAAAAAAI\/AAAAAAAAAAA\/aG72U7QrX4I\/s288-mo-c-c0xffffffff-rj-k-no\/photo.jpg","contentUrl":"https:\/\/yt3.ggpht.com\/-VE28MgdjQmc\/AAAAAAAAAAI\/AAAAAAAAAAA\/aG72U7QrX4I\/s288-mo-c-c0xffffffff-rj-k-no\/photo.jpg"},{"@type":"BreadcrumbList","@id":"https:\/\/www.eoimalaga.com\/web\/frances\/material-para-las-ausencias\/material-para-las-ausencias-a2\/#breadcrumb","itemListElement":[{"@type":"ListItem","position":1,"name":"Home","item":"https:\/\/www.eoimalaga.com\/web\/"},{"@type":"ListItem","position":2,"name":"FRANCES","item":"https:\/\/www.eoimalaga.com\/web\/frances\/"},{"@type":"ListItem","position":3,"name":"Material para las ausencias y el autoaprendizaje","item":"https:\/\/www.eoimalaga.com\/web\/frances\/material-para-las-ausencias\/"},{"@type":"ListItem","position":4,"name":"Material para las ausencias A2"}]},{"@type":"WebSite","@id":"https:\/\/www.eoimalaga.com\/web\/#website","url":"https:\/\/www.eoimalaga.com\/web\/","name":"P\u00e1gina Oficial de la EOI de M\u00e1laga ::Los idiomas ponen el mundo a tus pies::","description":"EOI M\u00e1laga","potentialAction":[{"@type":"SearchAction","target":{"@type":"EntryPoint","urlTemplate":"https:\/\/www.eoimalaga.com\/web\/?s={search_term_string}"},"query-input":{"@type":"PropertyValueSpecification","valueRequired":true,"valueName":"search_term_string"}}],"inLanguage":"es"}]}},"_links":{"self":[{"href":"https:\/\/www.eoimalaga.com\/web\/wp-json\/wp\/v2\/pages\/8456","targetHints":{"allow":["GET"]}}],"collection":[{"href":"https:\/\/www.eoimalaga.com\/web\/wp-json\/wp\/v2\/pages"}],"about":[{"href":"https:\/\/www.eoimalaga.com\/web\/wp-json\/wp\/v2\/types\/page"}],"author":[{"embeddable":true,"href":"https:\/\/www.eoimalaga.com\/web\/wp-json\/wp\/v2\/users\/15"}],"replies":[{"embeddable":true,"href":"https:\/\/www.eoimalaga.com\/web\/wp-json\/wp\/v2\/comments?post=8456"}],"version-history":[{"count":1,"href":"https:\/\/www.eoimalaga.com\/web\/wp-json\/wp\/v2\/pages\/8456\/revisions"}],"predecessor-version":[{"id":8457,"href":"https:\/\/www.eoimalaga.com\/web\/wp-json\/wp\/v2\/pages\/8456\/revisions\/8457"}],"up":[{"embeddable":true,"href":"https:\/\/www.eoimalaga.com\/web\/wp-json\/wp\/v2\/pages\/8451"}],"wp:attachment":[{"href":"https:\/\/www.eoimalaga.com\/web\/wp-json\/wp\/v2\/media?parent=8456"}],"wp:term":[{"taxonomy":"category","embeddable":true,"href":"https:\/\/www.eoimalaga.com\/web\/wp-json\/wp\/v2\/categories?post=8456"},{"taxonomy":"post_tag","embeddable":true,"href":"https:\/\/www.eoimalaga.com\/web\/wp-json\/wp\/v2\/tags?post=8456"}],"curies":[{"name":"wp","href":"https:\/\/api.w.org\/{rel}","templated":true}]}}