{"id":8451,"date":"2019-12-29T10:14:27","date_gmt":"2019-12-29T08:14:27","guid":{"rendered":"http:\/\/www.eoimalaga.com\/web\/?page_id=8451"},"modified":"2025-02-10T14:10:30","modified_gmt":"2025-02-10T12:10:30","slug":"material-para-las-ausencias","status":"publish","type":"page","link":"https:\/\/www.eoimalaga.com\/web\/frances\/material-para-las-ausencias\/","title":{"rendered":"Material para las ausencias y el autoaprendizaje"},"content":{"rendered":"<div class=\"wpb-content-wrapper\"><p>[vc_row][vc_column][vc_column_text]<span style=\"color: #000000; font-family: georgia, palatino, serif;\">Pinche en el nivel correspondiente.<\/span><\/p>\n<p>&nbsp;<\/p>\n<p style=\"text-align: left;\">\u00a0<span style=\"font-size: 36pt;\"><strong><a href=\"http:\/\/www.eoimalaga.com\/web\/frances\/material-para-las-ausencias\/material-para-las-ausencias-a1\/\"><span style=\"color: #0000ff;\">A1<\/span><\/a><\/strong><\/span><\/p>\n<p>&nbsp;<\/p>\n<p style=\"text-align: left;\"><span style=\"font-size: 36pt;\"><a href=\"http:\/\/www.eoimalaga.com\/web\/frances\/material-para-las-ausencias\/material-para-las-ausencias-a2\/\"><strong><span style=\"color: #008000;\">A2<\/span><\/strong><\/a><\/span><\/p>\n<p>&nbsp;<\/p>\n<p style=\"text-align: left;\"><span style=\"font-size: 36pt;\"><strong><span style=\"color: #ff0000;\">B1<\/span><\/strong><\/span><\/p>\n<p>&nbsp;<\/p>\n<p style=\"text-align: left;\"><span style=\"font-size: 36pt;\"><strong><span style=\"color: #003366;\">B2-1<\/span><\/strong><\/span><\/p>\n<p>&nbsp;<\/p>\n<p style=\"text-align: left;\"><span style=\"font-size: 36pt;\"><a href=\"http:\/\/www.eoimalaga.com\/web\/frances\/material-para-las-ausencias\/material-para-las-ausencias-b2-2\/\"><strong><span style=\"color: #800080;\">B2-2<\/span><\/strong><\/a><\/span><\/p>\n<p>&nbsp;<\/p>\n<p style=\"text-align: left;\"><span style=\"font-size: 36pt;\"><a href=\"http:\/\/www.eoimalaga.com\/web\/frances\/material-para-las-ausencias\/material-para-las-ausencias-c1\/\" target=\"_blank\" rel=\"noopener noreferrer\"><span style=\"color: #333399;\"><strong>C1.1<\/strong><\/span><\/a><\/span><\/p>\n<p>[\/vc_column_text][\/vc_column][\/vc_row][vc_row][vc_column][vc_empty_space][\/vc_column][\/vc_row]<\/p>\n<\/div>","protected":false},"excerpt":{"rendered":"<p>[vc_row][vc_column][vc_column_text]Pinche en el nivel correspondiente. &nbsp; \u00a0A1 &nbsp; A2 &nbsp; B1 &nbsp; B2-1 &nbsp; B2-2 &nbsp; C1.1 [\/vc_column_text][\/vc_column][\/vc_row][vc_row][vc_column][vc_empty_space][\/vc_column][\/vc_row]<\/p>\n","protected":false},"author":15,"featured_media":0,"parent":8396,"menu_order":0,"comment_status":"closed","ping_status":"closed","template":"","meta":{"inline_featured_image":false,"footnotes":""},"categories":[55],"tags":[],"class_list":["post-8451","page","type-page","status-publish","hentry","category-frances"],"yoast_head":"<!-- This site is optimized with the Yoast SEO plugin v26.5 - https:\/\/yoast.com\/wordpress\/plugins\/seo\/ -->\n<title>Material para las ausencias y el autoaprendizaje - P\u00e1gina Oficial de la EOI de M\u00e1laga ::Los idiomas ponen el mundo a tus pies::<\/title>\n<meta name=\"robots\" content=\"index, follow, max-snippet:-1, max-image-preview:large, max-video-preview:-1\" \/>\n<link rel=\"canonical\" href=\"https:\/\/www.eoimalaga.com\/web\/frances\/material-para-las-ausencias\/\" \/>\n<meta property=\"og:locale\" content=\"es_ES\" \/>\n<meta property=\"og:type\" content=\"article\" \/>\n<meta property=\"og:title\" content=\"Material para las ausencias y el autoaprendizaje - P\u00e1gina Oficial de la EOI de M\u00e1laga ::Los idiomas ponen el mundo a tus pies::\" \/>\n<meta property=\"og:description\" content=\"[vc_row][vc_column][vc_column_text]Pinche en el nivel correspondiente. &nbsp; \u00a0A1 &nbsp; A2 &nbsp; B1 &nbsp; B2-1 &nbsp; B2-2 &nbsp; C1.1 [\/vc_column_text][\/vc_column][\/vc_row][vc_row][vc_column][vc_empty_space][\/vc_column][\/vc_row]\" \/>\n<meta property=\"og:url\" content=\"https:\/\/www.eoimalaga.com\/web\/frances\/material-para-las-ausencias\/\" \/>\n<meta property=\"og:site_name\" content=\"P\u00e1gina Oficial de la EOI de M\u00e1laga ::Los idiomas ponen el mundo a tus pies::\" \/>\n<meta property=\"article:modified_time\" content=\"2025-02-10T12:10:30+00:00\" \/>\n<meta name=\"twitter:card\" content=\"summary_large_image\" \/>\n<meta name=\"twitter:label1\" content=\"Tiempo de lectura\" \/>\n\t<meta name=\"twitter:data1\" content=\"1 minuto\" \/>\n<script type=\"application\/ld+json\" class=\"yoast-schema-graph\">{\"@context\":\"https:\/\/schema.org\",\"@graph\":[{\"@type\":\"WebPage\",\"@id\":\"https:\/\/www.eoimalaga.com\/web\/frances\/material-para-las-ausencias\/\",\"url\":\"https:\/\/www.eoimalaga.com\/web\/frances\/material-para-las-ausencias\/\",\"name\":\"Material para las ausencias y el autoaprendizaje - P\u00e1gina Oficial de la EOI de M\u00e1laga ::Los idiomas ponen el mundo a tus pies::\",\"isPartOf\":{\"@id\":\"https:\/\/www.eoimalaga.com\/web\/#website\"},\"datePublished\":\"2019-12-29T08:14:27+00:00\",\"dateModified\":\"2025-02-10T12:10:30+00:00\",\"breadcrumb\":{\"@id\":\"https:\/\/www.eoimalaga.com\/web\/frances\/material-para-las-ausencias\/#breadcrumb\"},\"inLanguage\":\"es\",\"potentialAction\":[{\"@type\":\"ReadAction\",\"target\":[\"https:\/\/www.eoimalaga.com\/web\/frances\/material-para-las-ausencias\/\"]}]},{\"@type\":\"BreadcrumbList\",\"@id\":\"https:\/\/www.eoimalaga.com\/web\/frances\/material-para-las-ausencias\/#breadcrumb\",\"itemListElement\":[{\"@type\":\"ListItem\",\"position\":1,\"name\":\"Home\",\"item\":\"https:\/\/www.eoimalaga.com\/web\/\"},{\"@type\":\"ListItem\",\"position\":2,\"name\":\"FRANCES\",\"item\":\"https:\/\/www.eoimalaga.com\/web\/frances\/\"},{\"@type\":\"ListItem\",\"position\":3,\"name\":\"Material para las ausencias y el autoaprendizaje\"}]},{\"@type\":\"WebSite\",\"@id\":\"https:\/\/www.eoimalaga.com\/web\/#website\",\"url\":\"https:\/\/www.eoimalaga.com\/web\/\",\"name\":\"P\u00e1gina Oficial de la EOI de M\u00e1laga ::Los idiomas ponen el mundo a tus pies::\",\"description\":\"EOI M\u00e1laga\",\"potentialAction\":[{\"@type\":\"SearchAction\",\"target\":{\"@type\":\"EntryPoint\",\"urlTemplate\":\"https:\/\/www.eoimalaga.com\/web\/?s={search_term_string}\"},\"query-input\":{\"@type\":\"PropertyValueSpecification\",\"valueRequired\":true,\"valueName\":\"search_term_string\"}}],\"inLanguage\":\"es\"}]}<\/script>\n<!-- \/ Yoast SEO plugin. -->","yoast_head_json":{"title":"Material para las ausencias y el autoaprendizaje - P\u00e1gina Oficial de la EOI de M\u00e1laga ::Los idiomas ponen el mundo a tus pies::","robots":{"index":"index","follow":"follow","max-snippet":"max-snippet:-1","max-image-preview":"max-image-preview:large","max-video-preview":"max-video-preview:-1"},"canonical":"https:\/\/www.eoimalaga.com\/web\/frances\/material-para-las-ausencias\/","og_locale":"es_ES","og_type":"article","og_title":"Material para las ausencias y el autoaprendizaje - P\u00e1gina Oficial de la EOI de M\u00e1laga ::Los idiomas ponen el mundo a tus pies::","og_description":"[vc_row][vc_column][vc_column_text]Pinche en el nivel correspondiente. &nbsp; \u00a0A1 &nbsp; A2 &nbsp; B1 &nbsp; B2-1 &nbsp; B2-2 &nbsp; C1.1 [\/vc_column_text][\/vc_column][\/vc_row][vc_row][vc_column][vc_empty_space][\/vc_column][\/vc_row]","og_url":"https:\/\/www.eoimalaga.com\/web\/frances\/material-para-las-ausencias\/","og_site_name":"P\u00e1gina Oficial de la EOI de M\u00e1laga ::Los idiomas ponen el mundo a tus pies::","article_modified_time":"2025-02-10T12:10:30+00:00","twitter_card":"summary_large_image","twitter_misc":{"Tiempo de lectura":"1 minuto"},"schema":{"@context":"https:\/\/schema.org","@graph":[{"@type":"WebPage","@id":"https:\/\/www.eoimalaga.com\/web\/frances\/material-para-las-ausencias\/","url":"https:\/\/www.eoimalaga.com\/web\/frances\/material-para-las-ausencias\/","name":"Material para las ausencias y el autoaprendizaje - P\u00e1gina Oficial de la EOI de M\u00e1laga ::Los idiomas ponen el mundo a tus pies::","isPartOf":{"@id":"https:\/\/www.eoimalaga.com\/web\/#website"},"datePublished":"2019-12-29T08:14:27+00:00","dateModified":"2025-02-10T12:10:30+00:00","breadcrumb":{"@id":"https:\/\/www.eoimalaga.com\/web\/frances\/material-para-las-ausencias\/#breadcrumb"},"inLanguage":"es","potentialAction":[{"@type":"ReadAction","target":["https:\/\/www.eoimalaga.com\/web\/frances\/material-para-las-ausencias\/"]}]},{"@type":"BreadcrumbList","@id":"https:\/\/www.eoimalaga.com\/web\/frances\/material-para-las-ausencias\/#breadcrumb","itemListElement":[{"@type":"ListItem","position":1,"name":"Home","item":"https:\/\/www.eoimalaga.com\/web\/"},{"@type":"ListItem","position":2,"name":"FRANCES","item":"https:\/\/www.eoimalaga.com\/web\/frances\/"},{"@type":"ListItem","position":3,"name":"Material para las ausencias y el autoaprendizaje"}]},{"@type":"WebSite","@id":"https:\/\/www.eoimalaga.com\/web\/#website","url":"https:\/\/www.eoimalaga.com\/web\/","name":"P\u00e1gina Oficial de la EOI de M\u00e1laga ::Los idiomas ponen el mundo a tus pies::","description":"EOI M\u00e1laga","potentialAction":[{"@type":"SearchAction","target":{"@type":"EntryPoint","urlTemplate":"https:\/\/www.eoimalaga.com\/web\/?s={search_term_string}"},"query-input":{"@type":"PropertyValueSpecification","valueRequired":true,"valueName":"search_term_string"}}],"inLanguage":"es"}]}},"_links":{"self":[{"href":"https:\/\/www.eoimalaga.com\/web\/wp-json\/wp\/v2\/pages\/8451","targetHints":{"allow":["GET"]}}],"collection":[{"href":"https:\/\/www.eoimalaga.com\/web\/wp-json\/wp\/v2\/pages"}],"about":[{"href":"https:\/\/www.eoimalaga.com\/web\/wp-json\/wp\/v2\/types\/page"}],"author":[{"embeddable":true,"href":"https:\/\/www.eoimalaga.com\/web\/wp-json\/wp\/v2\/users\/15"}],"replies":[{"embeddable":true,"href":"https:\/\/www.eoimalaga.com\/web\/wp-json\/wp\/v2\/comments?post=8451"}],"version-history":[{"count":9,"href":"https:\/\/www.eoimalaga.com\/web\/wp-json\/wp\/v2\/pages\/8451\/revisions"}],"predecessor-version":[{"id":20884,"href":"https:\/\/www.eoimalaga.com\/web\/wp-json\/wp\/v2\/pages\/8451\/revisions\/20884"}],"up":[{"embeddable":true,"href":"https:\/\/www.eoimalaga.com\/web\/wp-json\/wp\/v2\/pages\/8396"}],"wp:attachment":[{"href":"https:\/\/www.eoimalaga.com\/web\/wp-json\/wp\/v2\/media?parent=8451"}],"wp:term":[{"taxonomy":"category","embeddable":true,"href":"https:\/\/www.eoimalaga.com\/web\/wp-json\/wp\/v2\/categories?post=8451"},{"taxonomy":"post_tag","embeddable":true,"href":"https:\/\/www.eoimalaga.com\/web\/wp-json\/wp\/v2\/tags?post=8451"}],"curies":[{"name":"wp","href":"https:\/\/api.w.org\/{rel}","templated":true}]}}