{"id":8444,"date":"2019-12-29T10:10:35","date_gmt":"2019-12-29T08:10:35","guid":{"rendered":"http:\/\/www.eoimalaga.com\/web\/?page_id=8444"},"modified":"2025-10-25T13:04:55","modified_gmt":"2025-10-25T11:04:55","slug":"libros-de-texto-y-de-lectura-b2-2","status":"publish","type":"page","link":"https:\/\/www.eoimalaga.com\/web\/frances\/libros-de-texto\/libros-de-texto-y-de-lectura-b2-2\/","title":{"rendered":"Libros de texto y de lectura B2.2 &#8211; Curso 2025\/26"},"content":{"rendered":"<div class=\"wpb-content-wrapper\"><p>[vc_row][vc_column][vc_column_text]<\/p>\n<h3>Consulte con su tutor\/a<\/h3>\n<h3>Libros de texto<\/h3>\n<p>[\/vc_column_text][\/vc_column][\/vc_row][vc_row][vc_column][vc_empty_space][\/vc_column][\/vc_row][vc_row][vc_column][vc_column_text]<\/p>\n<p>&nbsp;<\/p>\n<table style=\"width: 31.5647%\">\n<tbody>\n<tr>\n<td style=\"width: 49.3213%\">\n<p style=\"text-align: center\"><img loading=\"lazy\" decoding=\"async\" class=\"alignnone size-medium wp-image-17417\" src=\"https:\/\/www.eoimalaga.com\/web\/wp-content\/uploads\/2023\/09\/Edito-B2_2022-221x300.jpg\" alt=\"\" width=\"221\" height=\"300\" srcset=\"https:\/\/www.eoimalaga.com\/web\/wp-content\/uploads\/2023\/09\/Edito-B2_2022-221x300.jpg 221w, https:\/\/www.eoimalaga.com\/web\/wp-content\/uploads\/2023\/09\/Edito-B2_2022-754x1024.jpg 754w, https:\/\/www.eoimalaga.com\/web\/wp-content\/uploads\/2023\/09\/Edito-B2_2022-768x1043.jpg 768w, https:\/\/www.eoimalaga.com\/web\/wp-content\/uploads\/2023\/09\/Edito-B2_2022.jpg 1105w\" sizes=\"auto, (max-width: 221px) 100vw, 221px\" \/><\/p>\n<p style=\"text-align: center\">Livre de l&#8217;\u00e9l\u00e8ve<\/p>\n<p style=\"text-align: center\">\u00c9dito B2. 4e \u00e9dition. Didier, 2022.<\/p>\n<p style=\"text-align: center\">ISBN: 9788490498156<\/p>\n<\/td>\n<td style=\"width: 48.8688%\"><img loading=\"lazy\" decoding=\"async\" class=\"alignnone wp-image-22202 size-medium\" src=\"https:\/\/www.eoimalaga.com\/web\/wp-content\/uploads\/2025\/09\/grammaire-b2-1-204x300.jpg\" alt=\"\" width=\"204\" height=\"300\" srcset=\"https:\/\/www.eoimalaga.com\/web\/wp-content\/uploads\/2025\/09\/grammaire-b2-1-204x300.jpg 204w, https:\/\/www.eoimalaga.com\/web\/wp-content\/uploads\/2025\/09\/grammaire-b2-1.jpg 362w\" sizes=\"auto, (max-width: 204px) 100vw, 204px\" \/><\/p>\n<p style=\"text-align: center\">En contexte &#8211; Exercices de grammaire B2<\/p>\n<p style=\"text-align: center\">Hachette.<\/p>\n<p style=\"text-align: center\">ISBN: 9782014016352<\/p>\n<\/td>\n<\/tr>\n<\/tbody>\n<\/table>\n<div id=\"main\">\n<div id=\"primary\">\n<div id=\"content\" role=\"main\">\n<article id=\"post-103\" class=\"post-103 page type-page status-publish hentry\">\n<div class=\"entry-content\">\n<div><\/div>\n<div><strong>SEMIPRESENCIAL:\u00a0<\/strong><\/div>\n<div>El material est\u00e1 alojado en la plataforma Moodle. El alumnado tendr\u00e1 acceso a la misma cuando se matricule.<\/div>\n<h4 style=\"text-align: left\" align=\"center\">\u00a0Libros de lectura<\/h4>\n<\/div>\n<table style=\"width: 24.0672%\">\n<tbody>\n<tr>\n<td style=\"width: 85.0399%\">\n<p style=\"text-align: center\">Consulte con su tutor\/a.<\/p>\n<\/td>\n<td style=\"width: 3.30033%\"><\/td>\n<\/tr>\n<\/tbody>\n<\/table>\n<\/article>\n<\/div>\n<\/div>\n<\/div>\n<div id=\"main\"><\/div>\n<p>[\/vc_column_text][\/vc_column][\/vc_row][vc_row][vc_column][\/vc_column][\/vc_row][vc_row][vc_column][vc_empty_space][\/vc_column][\/vc_row]<\/p>\n<\/div>","protected":false},"excerpt":{"rendered":"<p>[vc_row][vc_column][vc_column_text] Consulte con su tutor\/a Libros de texto [\/vc_column_text][\/vc_column][\/vc_row][vc_row][vc_column][vc_empty_space][\/vc_column][\/vc_row][vc_row][vc_column][vc_column_text] &nbsp; Livre de l&#8217;\u00e9l\u00e8ve \u00c9dito B2. 4e \u00e9dition. Didier, 2022. ISBN: 9788490498156 En contexte &#8211; Exercices de grammaire B2 Hachette. ISBN: 9782014016352 SEMIPRESENCIAL:\u00a0 El material est\u00e1 alojado en la plataforma Moodle. El alumnado tendr\u00e1 acceso a la misma cuando se matricule. \u00a0Libros de lectura Consulte con [&hellip;]<\/p>\n","protected":false},"author":15,"featured_media":0,"parent":8433,"menu_order":0,"comment_status":"closed","ping_status":"closed","template":"","meta":{"inline_featured_image":false,"footnotes":""},"categories":[55],"tags":[],"class_list":["post-8444","page","type-page","status-publish","hentry","category-frances"],"yoast_head":"<!-- This site is optimized with the Yoast SEO plugin v26.5 - https:\/\/yoast.com\/wordpress\/plugins\/seo\/ -->\n<title>Libros de texto y de lectura B2.2 - Curso 2025\/26 - P\u00e1gina Oficial de la EOI de M\u00e1laga ::Los idiomas ponen el mundo a tus pies::<\/title>\n<meta name=\"robots\" content=\"index, follow, max-snippet:-1, max-image-preview:large, max-video-preview:-1\" \/>\n<link rel=\"canonical\" href=\"https:\/\/www.eoimalaga.com\/web\/frances\/libros-de-texto\/libros-de-texto-y-de-lectura-b2-2\/\" \/>\n<meta property=\"og:locale\" content=\"es_ES\" \/>\n<meta property=\"og:type\" content=\"article\" \/>\n<meta property=\"og:title\" content=\"Libros de texto y de lectura B2.2 - Curso 2025\/26 - P\u00e1gina Oficial de la EOI de M\u00e1laga ::Los idiomas ponen el mundo a tus pies::\" \/>\n<meta property=\"og:description\" content=\"[vc_row][vc_column][vc_column_text] Consulte con su tutor\/a Libros de texto [\/vc_column_text][\/vc_column][\/vc_row][vc_row][vc_column][vc_empty_space][\/vc_column][\/vc_row][vc_row][vc_column][vc_column_text] &nbsp; Livre de l&#8217;\u00e9l\u00e8ve \u00c9dito B2. 4e \u00e9dition. Didier, 2022. ISBN: 9788490498156 En contexte &#8211; Exercices de grammaire B2 Hachette. ISBN: 9782014016352 SEMIPRESENCIAL:\u00a0 El material est\u00e1 alojado en la plataforma Moodle. El alumnado tendr\u00e1 acceso a la misma cuando se matricule. \u00a0Libros de lectura Consulte con [&hellip;]\" \/>\n<meta property=\"og:url\" content=\"https:\/\/www.eoimalaga.com\/web\/frances\/libros-de-texto\/libros-de-texto-y-de-lectura-b2-2\/\" \/>\n<meta property=\"og:site_name\" content=\"P\u00e1gina Oficial de la EOI de M\u00e1laga ::Los idiomas ponen el mundo a tus pies::\" \/>\n<meta property=\"article:modified_time\" content=\"2025-10-25T11:04:55+00:00\" \/>\n<meta property=\"og:image\" content=\"https:\/\/www.eoimalaga.com\/web\/wp-content\/uploads\/2023\/09\/Edito-B2_2022.jpg\" \/>\n\t<meta property=\"og:image:width\" content=\"1105\" \/>\n\t<meta property=\"og:image:height\" content=\"1500\" \/>\n\t<meta property=\"og:image:type\" content=\"image\/jpeg\" \/>\n<meta name=\"twitter:card\" content=\"summary_large_image\" \/>\n<meta name=\"twitter:label1\" content=\"Tiempo de lectura\" \/>\n\t<meta name=\"twitter:data1\" content=\"1 minuto\" \/>\n<script type=\"application\/ld+json\" class=\"yoast-schema-graph\">{\"@context\":\"https:\/\/schema.org\",\"@graph\":[{\"@type\":\"WebPage\",\"@id\":\"https:\/\/www.eoimalaga.com\/web\/frances\/libros-de-texto\/libros-de-texto-y-de-lectura-b2-2\/\",\"url\":\"https:\/\/www.eoimalaga.com\/web\/frances\/libros-de-texto\/libros-de-texto-y-de-lectura-b2-2\/\",\"name\":\"Libros de texto y de lectura B2.2 - Curso 2025\/26 - P\u00e1gina Oficial de la EOI de M\u00e1laga ::Los idiomas ponen el mundo a tus pies::\",\"isPartOf\":{\"@id\":\"https:\/\/www.eoimalaga.com\/web\/#website\"},\"primaryImageOfPage\":{\"@id\":\"https:\/\/www.eoimalaga.com\/web\/frances\/libros-de-texto\/libros-de-texto-y-de-lectura-b2-2\/#primaryimage\"},\"image\":{\"@id\":\"https:\/\/www.eoimalaga.com\/web\/frances\/libros-de-texto\/libros-de-texto-y-de-lectura-b2-2\/#primaryimage\"},\"thumbnailUrl\":\"https:\/\/www.eoimalaga.com\/web\/wp-content\/uploads\/2023\/09\/Edito-B2_2022-221x300.jpg\",\"datePublished\":\"2019-12-29T08:10:35+00:00\",\"dateModified\":\"2025-10-25T11:04:55+00:00\",\"breadcrumb\":{\"@id\":\"https:\/\/www.eoimalaga.com\/web\/frances\/libros-de-texto\/libros-de-texto-y-de-lectura-b2-2\/#breadcrumb\"},\"inLanguage\":\"es\",\"potentialAction\":[{\"@type\":\"ReadAction\",\"target\":[\"https:\/\/www.eoimalaga.com\/web\/frances\/libros-de-texto\/libros-de-texto-y-de-lectura-b2-2\/\"]}]},{\"@type\":\"ImageObject\",\"inLanguage\":\"es\",\"@id\":\"https:\/\/www.eoimalaga.com\/web\/frances\/libros-de-texto\/libros-de-texto-y-de-lectura-b2-2\/#primaryimage\",\"url\":\"https:\/\/www.eoimalaga.com\/web\/wp-content\/uploads\/2023\/09\/Edito-B2_2022.jpg\",\"contentUrl\":\"https:\/\/www.eoimalaga.com\/web\/wp-content\/uploads\/2023\/09\/Edito-B2_2022.jpg\",\"width\":1105,\"height\":1500},{\"@type\":\"BreadcrumbList\",\"@id\":\"https:\/\/www.eoimalaga.com\/web\/frances\/libros-de-texto\/libros-de-texto-y-de-lectura-b2-2\/#breadcrumb\",\"itemListElement\":[{\"@type\":\"ListItem\",\"position\":1,\"name\":\"Home\",\"item\":\"https:\/\/www.eoimalaga.com\/web\/\"},{\"@type\":\"ListItem\",\"position\":2,\"name\":\"FRANCES\",\"item\":\"https:\/\/www.eoimalaga.com\/web\/frances\/\"},{\"@type\":\"ListItem\",\"position\":3,\"name\":\"Libros de texto\",\"item\":\"https:\/\/www.eoimalaga.com\/web\/frances\/libros-de-texto\/\"},{\"@type\":\"ListItem\",\"position\":4,\"name\":\"Libros de texto y de lectura B2.2 &#8211; Curso 2025\/26\"}]},{\"@type\":\"WebSite\",\"@id\":\"https:\/\/www.eoimalaga.com\/web\/#website\",\"url\":\"https:\/\/www.eoimalaga.com\/web\/\",\"name\":\"P\u00e1gina Oficial de la EOI de M\u00e1laga ::Los idiomas ponen el mundo a tus pies::\",\"description\":\"EOI M\u00e1laga\",\"potentialAction\":[{\"@type\":\"SearchAction\",\"target\":{\"@type\":\"EntryPoint\",\"urlTemplate\":\"https:\/\/www.eoimalaga.com\/web\/?s={search_term_string}\"},\"query-input\":{\"@type\":\"PropertyValueSpecification\",\"valueRequired\":true,\"valueName\":\"search_term_string\"}}],\"inLanguage\":\"es\"}]}<\/script>\n<!-- \/ Yoast SEO plugin. -->","yoast_head_json":{"title":"Libros de texto y de lectura B2.2 - Curso 2025\/26 - P\u00e1gina Oficial de la EOI de M\u00e1laga ::Los idiomas ponen el mundo a tus pies::","robots":{"index":"index","follow":"follow","max-snippet":"max-snippet:-1","max-image-preview":"max-image-preview:large","max-video-preview":"max-video-preview:-1"},"canonical":"https:\/\/www.eoimalaga.com\/web\/frances\/libros-de-texto\/libros-de-texto-y-de-lectura-b2-2\/","og_locale":"es_ES","og_type":"article","og_title":"Libros de texto y de lectura B2.2 - Curso 2025\/26 - P\u00e1gina Oficial de la EOI de M\u00e1laga ::Los idiomas ponen el mundo a tus pies::","og_description":"[vc_row][vc_column][vc_column_text] Consulte con su tutor\/a Libros de texto [\/vc_column_text][\/vc_column][\/vc_row][vc_row][vc_column][vc_empty_space][\/vc_column][\/vc_row][vc_row][vc_column][vc_column_text] &nbsp; Livre de l&#8217;\u00e9l\u00e8ve \u00c9dito B2. 4e \u00e9dition. Didier, 2022. ISBN: 9788490498156 En contexte &#8211; Exercices de grammaire B2 Hachette. ISBN: 9782014016352 SEMIPRESENCIAL:\u00a0 El material est\u00e1 alojado en la plataforma Moodle. El alumnado tendr\u00e1 acceso a la misma cuando se matricule. \u00a0Libros de lectura Consulte con [&hellip;]","og_url":"https:\/\/www.eoimalaga.com\/web\/frances\/libros-de-texto\/libros-de-texto-y-de-lectura-b2-2\/","og_site_name":"P\u00e1gina Oficial de la EOI de M\u00e1laga ::Los idiomas ponen el mundo a tus pies::","article_modified_time":"2025-10-25T11:04:55+00:00","og_image":[{"width":1105,"height":1500,"url":"https:\/\/www.eoimalaga.com\/web\/wp-content\/uploads\/2023\/09\/Edito-B2_2022.jpg","type":"image\/jpeg"}],"twitter_card":"summary_large_image","twitter_misc":{"Tiempo de lectura":"1 minuto"},"schema":{"@context":"https:\/\/schema.org","@graph":[{"@type":"WebPage","@id":"https:\/\/www.eoimalaga.com\/web\/frances\/libros-de-texto\/libros-de-texto-y-de-lectura-b2-2\/","url":"https:\/\/www.eoimalaga.com\/web\/frances\/libros-de-texto\/libros-de-texto-y-de-lectura-b2-2\/","name":"Libros de texto y de lectura B2.2 - Curso 2025\/26 - P\u00e1gina Oficial de la EOI de M\u00e1laga ::Los idiomas ponen el mundo a tus pies::","isPartOf":{"@id":"https:\/\/www.eoimalaga.com\/web\/#website"},"primaryImageOfPage":{"@id":"https:\/\/www.eoimalaga.com\/web\/frances\/libros-de-texto\/libros-de-texto-y-de-lectura-b2-2\/#primaryimage"},"image":{"@id":"https:\/\/www.eoimalaga.com\/web\/frances\/libros-de-texto\/libros-de-texto-y-de-lectura-b2-2\/#primaryimage"},"thumbnailUrl":"https:\/\/www.eoimalaga.com\/web\/wp-content\/uploads\/2023\/09\/Edito-B2_2022-221x300.jpg","datePublished":"2019-12-29T08:10:35+00:00","dateModified":"2025-10-25T11:04:55+00:00","breadcrumb":{"@id":"https:\/\/www.eoimalaga.com\/web\/frances\/libros-de-texto\/libros-de-texto-y-de-lectura-b2-2\/#breadcrumb"},"inLanguage":"es","potentialAction":[{"@type":"ReadAction","target":["https:\/\/www.eoimalaga.com\/web\/frances\/libros-de-texto\/libros-de-texto-y-de-lectura-b2-2\/"]}]},{"@type":"ImageObject","inLanguage":"es","@id":"https:\/\/www.eoimalaga.com\/web\/frances\/libros-de-texto\/libros-de-texto-y-de-lectura-b2-2\/#primaryimage","url":"https:\/\/www.eoimalaga.com\/web\/wp-content\/uploads\/2023\/09\/Edito-B2_2022.jpg","contentUrl":"https:\/\/www.eoimalaga.com\/web\/wp-content\/uploads\/2023\/09\/Edito-B2_2022.jpg","width":1105,"height":1500},{"@type":"BreadcrumbList","@id":"https:\/\/www.eoimalaga.com\/web\/frances\/libros-de-texto\/libros-de-texto-y-de-lectura-b2-2\/#breadcrumb","itemListElement":[{"@type":"ListItem","position":1,"name":"Home","item":"https:\/\/www.eoimalaga.com\/web\/"},{"@type":"ListItem","position":2,"name":"FRANCES","item":"https:\/\/www.eoimalaga.com\/web\/frances\/"},{"@type":"ListItem","position":3,"name":"Libros de texto","item":"https:\/\/www.eoimalaga.com\/web\/frances\/libros-de-texto\/"},{"@type":"ListItem","position":4,"name":"Libros de texto y de lectura B2.2 &#8211; Curso 2025\/26"}]},{"@type":"WebSite","@id":"https:\/\/www.eoimalaga.com\/web\/#website","url":"https:\/\/www.eoimalaga.com\/web\/","name":"P\u00e1gina Oficial de la EOI de M\u00e1laga ::Los idiomas ponen el mundo a tus pies::","description":"EOI M\u00e1laga","potentialAction":[{"@type":"SearchAction","target":{"@type":"EntryPoint","urlTemplate":"https:\/\/www.eoimalaga.com\/web\/?s={search_term_string}"},"query-input":{"@type":"PropertyValueSpecification","valueRequired":true,"valueName":"search_term_string"}}],"inLanguage":"es"}]}},"_links":{"self":[{"href":"https:\/\/www.eoimalaga.com\/web\/wp-json\/wp\/v2\/pages\/8444","targetHints":{"allow":["GET"]}}],"collection":[{"href":"https:\/\/www.eoimalaga.com\/web\/wp-json\/wp\/v2\/pages"}],"about":[{"href":"https:\/\/www.eoimalaga.com\/web\/wp-json\/wp\/v2\/types\/page"}],"author":[{"embeddable":true,"href":"https:\/\/www.eoimalaga.com\/web\/wp-json\/wp\/v2\/users\/15"}],"replies":[{"embeddable":true,"href":"https:\/\/www.eoimalaga.com\/web\/wp-json\/wp\/v2\/comments?post=8444"}],"version-history":[{"count":16,"href":"https:\/\/www.eoimalaga.com\/web\/wp-json\/wp\/v2\/pages\/8444\/revisions"}],"predecessor-version":[{"id":22514,"href":"https:\/\/www.eoimalaga.com\/web\/wp-json\/wp\/v2\/pages\/8444\/revisions\/22514"}],"up":[{"embeddable":true,"href":"https:\/\/www.eoimalaga.com\/web\/wp-json\/wp\/v2\/pages\/8433"}],"wp:attachment":[{"href":"https:\/\/www.eoimalaga.com\/web\/wp-json\/wp\/v2\/media?parent=8444"}],"wp:term":[{"taxonomy":"category","embeddable":true,"href":"https:\/\/www.eoimalaga.com\/web\/wp-json\/wp\/v2\/categories?post=8444"},{"taxonomy":"post_tag","embeddable":true,"href":"https:\/\/www.eoimalaga.com\/web\/wp-json\/wp\/v2\/tags?post=8444"}],"curies":[{"name":"wp","href":"https:\/\/api.w.org\/{rel}","templated":true}]}}