{"id":8440,"date":"2019-12-29T10:08:08","date_gmt":"2019-12-29T08:08:08","guid":{"rendered":"http:\/\/www.eoimalaga.com\/web\/?page_id=8440"},"modified":"2025-10-25T13:03:05","modified_gmt":"2025-10-25T11:03:05","slug":"libros-de-texto-y-de-lectura-b1","status":"publish","type":"page","link":"https:\/\/www.eoimalaga.com\/web\/frances\/libros-de-texto\/libros-de-texto-y-de-lectura-b1\/","title":{"rendered":"Libros de texto y de lectura B1 &#8211; Curso 2025\/26"},"content":{"rendered":"<div class=\"wpb-content-wrapper\"><p>[vc_row][vc_column][vc_column_text]<\/p>\n<h3>Consulte con su tutor\/a<\/h3>\n<h3>Libros de texto<\/h3>\n<p>[\/vc_column_text][\/vc_column][\/vc_row][vc_row][vc_column][vc_empty_space][\/vc_column][\/vc_row][vc_row][vc_column][vc_column_text]<\/p>\n<table style=\"width: 958px\">\n<tbody>\n<tr>\n<td style=\"width: 325px\">\n<p style=\"text-align: center\"><img loading=\"lazy\" decoding=\"async\" class=\"aligncenter\" src=\"https:\/\/static.serlogal.com\/imagenes_big\/9782017\/978201713351.JPG\" alt=\"INSPIRE 3 VERSION ESPAGNE ALUMNO - Libreria Cies\" width=\"255\" height=\"334\" \/><\/p>\n<p style=\"text-align: center\">Livre de l&#8217;\u00e9l\u00e8ve (Version Espagne)<\/p>\n<p style=\"text-align: center\">Inspire 3 : Hachette, 2022<\/p>\n<p style=\"text-align: center\">ISBN: 9782017133513<\/p>\n<\/td>\n<td style=\"width: 368px\"><img loading=\"lazy\" decoding=\"async\" class=\"aligncenter\" src=\"https:\/\/static.carrefour.es\/hd_510x_\/imagenes\/products\/97820\/17133\/520\/9782017133520\/imagenGrande1.jpg\" alt=\"Inspire 3 Ejercicios Version Espagne con Ofertas en Carrefour | Las mejores ofertas de Carrefour\" width=\"237\" height=\"323\" \/><\/p>\n<p style=\"text-align: center\">Cahier d&#8217;activit\u00e9s (Version Espagne)<\/p>\n<p style=\"text-align: center\">Inspire 3 : Hachette, 2022.<\/p>\n<p style=\"text-align: center\">ISBN: 9782017133520<\/p>\n<\/td>\n<td style=\"width: 376px\"><\/td>\n<td style=\"width: 321px\">\n<p style=\"text-align: center\">\n<\/td>\n<\/tr>\n<\/tbody>\n<\/table>\n<div><\/div>\n<div>Hachette regala al alumnado que compre el libro en papel un acceso al libro del alumno digital en Blinklearning para poder trabajar en soportes electr\u00f3nicos. Consulte con su tutor\/a.<\/div>\n<div><\/div>\n<div><strong>SEMIPRESENCIAL:\u00a0<\/strong><\/div>\n<div>El material est\u00e1 alojado en la plataforma Moodle. El alumnado tendr\u00e1 acceso a la misma cuando se matricule.<\/div>\n<div id=\"main\">\n<div id=\"primary\">\n<div id=\"content\" role=\"main\">\n<article id=\"post-103\" class=\"post-103 page type-page status-publish hentry\">\n<div class=\"entry-content\">\n<h3 style=\"text-align: left\" align=\"center\">Libros de lectura<\/h3>\n<\/div>\n<table style=\"width: 448px\">\n<tbody>\n<tr>\n<td style=\"width: 452px\">Consulte con su tutor\/a.<\/td>\n<td style=\"width: 452px\"><\/td>\n<\/tr>\n<\/tbody>\n<\/table>\n<\/article>\n<\/div>\n<\/div>\n<\/div>\n<div id=\"main\"><\/div>\n<p>[\/vc_column_text][\/vc_column][\/vc_row][vc_row][vc_column][vc_empty_space][\/vc_column][\/vc_row]<\/p>\n<\/div>","protected":false},"excerpt":{"rendered":"<p>[vc_row][vc_column][vc_column_text] Consulte con su tutor\/a Libros de texto [\/vc_column_text][\/vc_column][\/vc_row][vc_row][vc_column][vc_empty_space][\/vc_column][\/vc_row][vc_row][vc_column][vc_column_text] Livre de l&#8217;\u00e9l\u00e8ve (Version Espagne) Inspire 3 : Hachette, 2022 ISBN: 9782017133513 Cahier d&#8217;activit\u00e9s (Version Espagne) Inspire 3 : Hachette, 2022. ISBN: 9782017133520 Hachette regala al alumnado que compre el libro en papel un acceso al libro del alumno digital en Blinklearning para poder trabajar en [&hellip;]<\/p>\n","protected":false},"author":15,"featured_media":0,"parent":8433,"menu_order":0,"comment_status":"closed","ping_status":"closed","template":"","meta":{"inline_featured_image":false,"footnotes":""},"categories":[55],"tags":[],"class_list":["post-8440","page","type-page","status-publish","hentry","category-frances"],"yoast_head":"<!-- This site is optimized with the Yoast SEO plugin v26.5 - https:\/\/yoast.com\/wordpress\/plugins\/seo\/ -->\n<title>Libros de texto y de lectura B1 - Curso 2025\/26 - P\u00e1gina Oficial de la EOI de M\u00e1laga ::Los idiomas ponen el mundo a tus pies::<\/title>\n<meta name=\"robots\" content=\"index, follow, max-snippet:-1, max-image-preview:large, max-video-preview:-1\" \/>\n<link rel=\"canonical\" href=\"https:\/\/www.eoimalaga.com\/web\/frances\/libros-de-texto\/libros-de-texto-y-de-lectura-b1\/\" \/>\n<meta property=\"og:locale\" content=\"es_ES\" \/>\n<meta property=\"og:type\" content=\"article\" \/>\n<meta property=\"og:title\" content=\"Libros de texto y de lectura B1 - Curso 2025\/26 - P\u00e1gina Oficial de la EOI de M\u00e1laga ::Los idiomas ponen el mundo a tus pies::\" \/>\n<meta property=\"og:description\" content=\"[vc_row][vc_column][vc_column_text] Consulte con su tutor\/a Libros de texto [\/vc_column_text][\/vc_column][\/vc_row][vc_row][vc_column][vc_empty_space][\/vc_column][\/vc_row][vc_row][vc_column][vc_column_text] Livre de l&#8217;\u00e9l\u00e8ve (Version Espagne) Inspire 3 : Hachette, 2022 ISBN: 9782017133513 Cahier d&#8217;activit\u00e9s (Version Espagne) Inspire 3 : Hachette, 2022. ISBN: 9782017133520 Hachette regala al alumnado que compre el libro en papel un acceso al libro del alumno digital en Blinklearning para poder trabajar en [&hellip;]\" \/>\n<meta property=\"og:url\" content=\"https:\/\/www.eoimalaga.com\/web\/frances\/libros-de-texto\/libros-de-texto-y-de-lectura-b1\/\" \/>\n<meta property=\"og:site_name\" content=\"P\u00e1gina Oficial de la EOI de M\u00e1laga ::Los idiomas ponen el mundo a tus pies::\" \/>\n<meta property=\"article:modified_time\" content=\"2025-10-25T11:03:05+00:00\" \/>\n<meta property=\"og:image\" content=\"https:\/\/static.serlogal.com\/imagenes_big\/9782017\/978201713351.JPG\" \/>\n<meta name=\"twitter:card\" content=\"summary_large_image\" \/>\n<meta name=\"twitter:label1\" content=\"Tiempo de lectura\" \/>\n\t<meta name=\"twitter:data1\" content=\"1 minuto\" \/>\n<script type=\"application\/ld+json\" class=\"yoast-schema-graph\">{\"@context\":\"https:\/\/schema.org\",\"@graph\":[{\"@type\":\"WebPage\",\"@id\":\"https:\/\/www.eoimalaga.com\/web\/frances\/libros-de-texto\/libros-de-texto-y-de-lectura-b1\/\",\"url\":\"https:\/\/www.eoimalaga.com\/web\/frances\/libros-de-texto\/libros-de-texto-y-de-lectura-b1\/\",\"name\":\"Libros de texto y de lectura B1 - Curso 2025\/26 - P\u00e1gina Oficial de la EOI de M\u00e1laga ::Los idiomas ponen el mundo a tus pies::\",\"isPartOf\":{\"@id\":\"https:\/\/www.eoimalaga.com\/web\/#website\"},\"primaryImageOfPage\":{\"@id\":\"https:\/\/www.eoimalaga.com\/web\/frances\/libros-de-texto\/libros-de-texto-y-de-lectura-b1\/#primaryimage\"},\"image\":{\"@id\":\"https:\/\/www.eoimalaga.com\/web\/frances\/libros-de-texto\/libros-de-texto-y-de-lectura-b1\/#primaryimage\"},\"thumbnailUrl\":\"https:\/\/static.serlogal.com\/imagenes_big\/9782017\/978201713351.JPG\",\"datePublished\":\"2019-12-29T08:08:08+00:00\",\"dateModified\":\"2025-10-25T11:03:05+00:00\",\"breadcrumb\":{\"@id\":\"https:\/\/www.eoimalaga.com\/web\/frances\/libros-de-texto\/libros-de-texto-y-de-lectura-b1\/#breadcrumb\"},\"inLanguage\":\"es\",\"potentialAction\":[{\"@type\":\"ReadAction\",\"target\":[\"https:\/\/www.eoimalaga.com\/web\/frances\/libros-de-texto\/libros-de-texto-y-de-lectura-b1\/\"]}]},{\"@type\":\"ImageObject\",\"inLanguage\":\"es\",\"@id\":\"https:\/\/www.eoimalaga.com\/web\/frances\/libros-de-texto\/libros-de-texto-y-de-lectura-b1\/#primaryimage\",\"url\":\"https:\/\/static.serlogal.com\/imagenes_big\/9782017\/978201713351.JPG\",\"contentUrl\":\"https:\/\/static.serlogal.com\/imagenes_big\/9782017\/978201713351.JPG\"},{\"@type\":\"BreadcrumbList\",\"@id\":\"https:\/\/www.eoimalaga.com\/web\/frances\/libros-de-texto\/libros-de-texto-y-de-lectura-b1\/#breadcrumb\",\"itemListElement\":[{\"@type\":\"ListItem\",\"position\":1,\"name\":\"Home\",\"item\":\"https:\/\/www.eoimalaga.com\/web\/\"},{\"@type\":\"ListItem\",\"position\":2,\"name\":\"FRANCES\",\"item\":\"https:\/\/www.eoimalaga.com\/web\/frances\/\"},{\"@type\":\"ListItem\",\"position\":3,\"name\":\"Libros de texto\",\"item\":\"https:\/\/www.eoimalaga.com\/web\/frances\/libros-de-texto\/\"},{\"@type\":\"ListItem\",\"position\":4,\"name\":\"Libros de texto y de lectura B1 &#8211; Curso 2025\/26\"}]},{\"@type\":\"WebSite\",\"@id\":\"https:\/\/www.eoimalaga.com\/web\/#website\",\"url\":\"https:\/\/www.eoimalaga.com\/web\/\",\"name\":\"P\u00e1gina Oficial de la EOI de M\u00e1laga ::Los idiomas ponen el mundo a tus pies::\",\"description\":\"EOI M\u00e1laga\",\"potentialAction\":[{\"@type\":\"SearchAction\",\"target\":{\"@type\":\"EntryPoint\",\"urlTemplate\":\"https:\/\/www.eoimalaga.com\/web\/?s={search_term_string}\"},\"query-input\":{\"@type\":\"PropertyValueSpecification\",\"valueRequired\":true,\"valueName\":\"search_term_string\"}}],\"inLanguage\":\"es\"}]}<\/script>\n<!-- \/ Yoast SEO plugin. -->","yoast_head_json":{"title":"Libros de texto y de lectura B1 - Curso 2025\/26 - P\u00e1gina Oficial de la EOI de M\u00e1laga ::Los idiomas ponen el mundo a tus pies::","robots":{"index":"index","follow":"follow","max-snippet":"max-snippet:-1","max-image-preview":"max-image-preview:large","max-video-preview":"max-video-preview:-1"},"canonical":"https:\/\/www.eoimalaga.com\/web\/frances\/libros-de-texto\/libros-de-texto-y-de-lectura-b1\/","og_locale":"es_ES","og_type":"article","og_title":"Libros de texto y de lectura B1 - Curso 2025\/26 - P\u00e1gina Oficial de la EOI de M\u00e1laga ::Los idiomas ponen el mundo a tus pies::","og_description":"[vc_row][vc_column][vc_column_text] Consulte con su tutor\/a Libros de texto [\/vc_column_text][\/vc_column][\/vc_row][vc_row][vc_column][vc_empty_space][\/vc_column][\/vc_row][vc_row][vc_column][vc_column_text] Livre de l&#8217;\u00e9l\u00e8ve (Version Espagne) Inspire 3 : Hachette, 2022 ISBN: 9782017133513 Cahier d&#8217;activit\u00e9s (Version Espagne) Inspire 3 : Hachette, 2022. ISBN: 9782017133520 Hachette regala al alumnado que compre el libro en papel un acceso al libro del alumno digital en Blinklearning para poder trabajar en [&hellip;]","og_url":"https:\/\/www.eoimalaga.com\/web\/frances\/libros-de-texto\/libros-de-texto-y-de-lectura-b1\/","og_site_name":"P\u00e1gina Oficial de la EOI de M\u00e1laga ::Los idiomas ponen el mundo a tus pies::","article_modified_time":"2025-10-25T11:03:05+00:00","og_image":[{"url":"https:\/\/static.serlogal.com\/imagenes_big\/9782017\/978201713351.JPG","type":"","width":"","height":""}],"twitter_card":"summary_large_image","twitter_misc":{"Tiempo de lectura":"1 minuto"},"schema":{"@context":"https:\/\/schema.org","@graph":[{"@type":"WebPage","@id":"https:\/\/www.eoimalaga.com\/web\/frances\/libros-de-texto\/libros-de-texto-y-de-lectura-b1\/","url":"https:\/\/www.eoimalaga.com\/web\/frances\/libros-de-texto\/libros-de-texto-y-de-lectura-b1\/","name":"Libros de texto y de lectura B1 - Curso 2025\/26 - P\u00e1gina Oficial de la EOI de M\u00e1laga ::Los idiomas ponen el mundo a tus pies::","isPartOf":{"@id":"https:\/\/www.eoimalaga.com\/web\/#website"},"primaryImageOfPage":{"@id":"https:\/\/www.eoimalaga.com\/web\/frances\/libros-de-texto\/libros-de-texto-y-de-lectura-b1\/#primaryimage"},"image":{"@id":"https:\/\/www.eoimalaga.com\/web\/frances\/libros-de-texto\/libros-de-texto-y-de-lectura-b1\/#primaryimage"},"thumbnailUrl":"https:\/\/static.serlogal.com\/imagenes_big\/9782017\/978201713351.JPG","datePublished":"2019-12-29T08:08:08+00:00","dateModified":"2025-10-25T11:03:05+00:00","breadcrumb":{"@id":"https:\/\/www.eoimalaga.com\/web\/frances\/libros-de-texto\/libros-de-texto-y-de-lectura-b1\/#breadcrumb"},"inLanguage":"es","potentialAction":[{"@type":"ReadAction","target":["https:\/\/www.eoimalaga.com\/web\/frances\/libros-de-texto\/libros-de-texto-y-de-lectura-b1\/"]}]},{"@type":"ImageObject","inLanguage":"es","@id":"https:\/\/www.eoimalaga.com\/web\/frances\/libros-de-texto\/libros-de-texto-y-de-lectura-b1\/#primaryimage","url":"https:\/\/static.serlogal.com\/imagenes_big\/9782017\/978201713351.JPG","contentUrl":"https:\/\/static.serlogal.com\/imagenes_big\/9782017\/978201713351.JPG"},{"@type":"BreadcrumbList","@id":"https:\/\/www.eoimalaga.com\/web\/frances\/libros-de-texto\/libros-de-texto-y-de-lectura-b1\/#breadcrumb","itemListElement":[{"@type":"ListItem","position":1,"name":"Home","item":"https:\/\/www.eoimalaga.com\/web\/"},{"@type":"ListItem","position":2,"name":"FRANCES","item":"https:\/\/www.eoimalaga.com\/web\/frances\/"},{"@type":"ListItem","position":3,"name":"Libros de texto","item":"https:\/\/www.eoimalaga.com\/web\/frances\/libros-de-texto\/"},{"@type":"ListItem","position":4,"name":"Libros de texto y de lectura B1 &#8211; Curso 2025\/26"}]},{"@type":"WebSite","@id":"https:\/\/www.eoimalaga.com\/web\/#website","url":"https:\/\/www.eoimalaga.com\/web\/","name":"P\u00e1gina Oficial de la EOI de M\u00e1laga ::Los idiomas ponen el mundo a tus pies::","description":"EOI M\u00e1laga","potentialAction":[{"@type":"SearchAction","target":{"@type":"EntryPoint","urlTemplate":"https:\/\/www.eoimalaga.com\/web\/?s={search_term_string}"},"query-input":{"@type":"PropertyValueSpecification","valueRequired":true,"valueName":"search_term_string"}}],"inLanguage":"es"}]}},"_links":{"self":[{"href":"https:\/\/www.eoimalaga.com\/web\/wp-json\/wp\/v2\/pages\/8440","targetHints":{"allow":["GET"]}}],"collection":[{"href":"https:\/\/www.eoimalaga.com\/web\/wp-json\/wp\/v2\/pages"}],"about":[{"href":"https:\/\/www.eoimalaga.com\/web\/wp-json\/wp\/v2\/types\/page"}],"author":[{"embeddable":true,"href":"https:\/\/www.eoimalaga.com\/web\/wp-json\/wp\/v2\/users\/15"}],"replies":[{"embeddable":true,"href":"https:\/\/www.eoimalaga.com\/web\/wp-json\/wp\/v2\/comments?post=8440"}],"version-history":[{"count":14,"href":"https:\/\/www.eoimalaga.com\/web\/wp-json\/wp\/v2\/pages\/8440\/revisions"}],"predecessor-version":[{"id":22512,"href":"https:\/\/www.eoimalaga.com\/web\/wp-json\/wp\/v2\/pages\/8440\/revisions\/22512"}],"up":[{"embeddable":true,"href":"https:\/\/www.eoimalaga.com\/web\/wp-json\/wp\/v2\/pages\/8433"}],"wp:attachment":[{"href":"https:\/\/www.eoimalaga.com\/web\/wp-json\/wp\/v2\/media?parent=8440"}],"wp:term":[{"taxonomy":"category","embeddable":true,"href":"https:\/\/www.eoimalaga.com\/web\/wp-json\/wp\/v2\/categories?post=8440"},{"taxonomy":"post_tag","embeddable":true,"href":"https:\/\/www.eoimalaga.com\/web\/wp-json\/wp\/v2\/tags?post=8440"}],"curies":[{"name":"wp","href":"https:\/\/api.w.org\/{rel}","templated":true}]}}