{"id":8438,"date":"2019-12-29T10:06:55","date_gmt":"2019-12-29T08:06:55","guid":{"rendered":"http:\/\/www.eoimalaga.com\/web\/?page_id=8438"},"modified":"2025-10-25T13:02:12","modified_gmt":"2025-10-25T11:02:12","slug":"libros-de-texto-y-de-lectura-a2","status":"publish","type":"page","link":"https:\/\/www.eoimalaga.com\/web\/frances\/libros-de-texto\/libros-de-texto-y-de-lectura-a2\/","title":{"rendered":"Libros de texto y de lectura A2 &#8211; Curso 2025\/26"},"content":{"rendered":"<div class=\"wpb-content-wrapper\"><p>[vc_row][vc_column][vc_column_text]<\/p>\n<h3>Consulte con su tutor\/a<\/h3>\n<h3>Libros de texto<\/h3>\n<p>&nbsp;<\/p>\n<table style=\"width: 67.1037%\">\n<tbody>\n<tr>\n<td style=\"width: 46.0623%\"><img loading=\"lazy\" decoding=\"async\" class=\"aligncenter\" src=\"https:\/\/static.fnac-static.com\/multimedia\/Images\/ES\/NR\/c5\/dd\/6c\/7134661\/1540-1.jpg\" alt=\"Inspire 2 alumno a2 version espagne\" width=\"208\" height=\"208\" \/><\/p>\n<p style=\"text-align: center\">Livre de l&#8217;\u00e9l\u00e8ve\u00a0(Version Espagne)<\/p>\n<p style=\"text-align: center\">Inspire 2. Paris: Hachette, 2021.<\/p>\n<p style=\"text-align: center\">ISBN: 9782017114581<\/p>\n<\/td>\n<td style=\"width: 48.9116%\"><img loading=\"lazy\" decoding=\"async\" class=\"aligncenter\" src=\"https:\/\/cdn.grupoelcorteingles.es\/SGFM\/dctm\/MEDIA03\/202103\/11\/00106534514457____1__1200x1200.jpg\" width=\"216\" height=\"216\" \/><\/p>\n<p style=\"text-align: center\">Cahier d&#8217;actitiv\u00e9s (Version Espagne)<\/p>\n<p style=\"text-align: center\">Inspire 2. Paris: Hachette, 2021<\/p>\n<p style=\"text-align: center\">ISBN: 9782017114604<\/p>\n<\/td>\n<td style=\"width: 7.66912%\">&nbsp;<\/p>\n<p style=\"text-align: center\">\n<\/td>\n<td style=\"width: 1.80505%\">&nbsp;<\/p>\n<p style=\"text-align: center\">\n<\/td>\n<\/tr>\n<\/tbody>\n<\/table>\n<div><\/div>\n<div>Hachette regala al alumnado que compre el libro en papel un acceso al libro del alumno digital en Blinklearning para poder trabajar en soportes electr\u00f3nicos. Consulte con su tutor\/a.<\/div>\n<div><\/div>\n<div>\n<div><strong>SEMIPRESENCIAL:\u00a0<\/strong><\/div>\n<div>El material est\u00e1 alojado en la plataforma Moodle. El alumnado tendr\u00e1 acceso a la misma cuando se matricule.<\/div>\n<\/div>\n<div id=\"main\">\n<div id=\"primary\">\n<div id=\"content\" role=\"main\">\n<article id=\"post-103\" class=\"post-103 page type-page status-publish hentry\">\n<div class=\"entry-content\">\n<h4 style=\"text-align: left\" align=\"center\">\u00a0Libros de lectura<\/h4>\n<p>Consulte con su tutor\/a.<\/p>\n<\/div>\n<table style=\"width: 61.2723%;height: 10px\">\n<tbody>\n<tr style=\"height: 330px\">\n<td style=\"width: 49.1111%;height: 10px\"><\/td>\n<td style=\"width: 49.1111%;height: 10px\"><\/td>\n<\/tr>\n<\/tbody>\n<\/table>\n<\/article>\n<\/div>\n<\/div>\n<\/div>\n<div id=\"main\"><\/div>\n<p>[\/vc_column_text][\/vc_column][\/vc_row][vc_row][vc_column][vc_empty_space][\/vc_column][\/vc_row]<\/p>\n<\/div>","protected":false},"excerpt":{"rendered":"<p>[vc_row][vc_column][vc_column_text] Consulte con su tutor\/a Libros de texto &nbsp; Livre de l&#8217;\u00e9l\u00e8ve\u00a0(Version Espagne) Inspire 2. Paris: Hachette, 2021. ISBN: 9782017114581 Cahier d&#8217;actitiv\u00e9s (Version Espagne) Inspire 2. Paris: Hachette, 2021 ISBN: 9782017114604 &nbsp; &nbsp; Hachette regala al alumnado que compre el libro en papel un acceso al libro del alumno digital en Blinklearning para poder trabajar [&hellip;]<\/p>\n","protected":false},"author":15,"featured_media":0,"parent":8433,"menu_order":0,"comment_status":"closed","ping_status":"closed","template":"","meta":{"inline_featured_image":false,"footnotes":""},"categories":[55],"tags":[],"class_list":["post-8438","page","type-page","status-publish","hentry","category-frances"],"yoast_head":"<!-- This site is optimized with the Yoast SEO plugin v26.5 - https:\/\/yoast.com\/wordpress\/plugins\/seo\/ -->\n<title>Libros de texto y de lectura A2 - Curso 2025\/26 - P\u00e1gina Oficial de la EOI de M\u00e1laga ::Los idiomas ponen el mundo a tus pies::<\/title>\n<meta name=\"robots\" content=\"index, follow, max-snippet:-1, max-image-preview:large, max-video-preview:-1\" \/>\n<link rel=\"canonical\" href=\"https:\/\/www.eoimalaga.com\/web\/frances\/libros-de-texto\/libros-de-texto-y-de-lectura-a2\/\" \/>\n<meta property=\"og:locale\" content=\"es_ES\" \/>\n<meta property=\"og:type\" content=\"article\" \/>\n<meta property=\"og:title\" content=\"Libros de texto y de lectura A2 - Curso 2025\/26 - P\u00e1gina Oficial de la EOI de M\u00e1laga ::Los idiomas ponen el mundo a tus pies::\" \/>\n<meta property=\"og:description\" content=\"[vc_row][vc_column][vc_column_text] Consulte con su tutor\/a Libros de texto &nbsp; Livre de l&#8217;\u00e9l\u00e8ve\u00a0(Version Espagne) Inspire 2. Paris: Hachette, 2021. ISBN: 9782017114581 Cahier d&#8217;actitiv\u00e9s (Version Espagne) Inspire 2. Paris: Hachette, 2021 ISBN: 9782017114604 &nbsp; &nbsp; Hachette regala al alumnado que compre el libro en papel un acceso al libro del alumno digital en Blinklearning para poder trabajar [&hellip;]\" \/>\n<meta property=\"og:url\" content=\"https:\/\/www.eoimalaga.com\/web\/frances\/libros-de-texto\/libros-de-texto-y-de-lectura-a2\/\" \/>\n<meta property=\"og:site_name\" content=\"P\u00e1gina Oficial de la EOI de M\u00e1laga ::Los idiomas ponen el mundo a tus pies::\" \/>\n<meta property=\"article:modified_time\" content=\"2025-10-25T11:02:12+00:00\" \/>\n<meta property=\"og:image\" content=\"https:\/\/static.fnac-static.com\/multimedia\/Images\/ES\/NR\/c5\/dd\/6c\/7134661\/1540-1.jpg\" \/>\n<meta name=\"twitter:card\" content=\"summary_large_image\" \/>\n<meta name=\"twitter:label1\" content=\"Tiempo de lectura\" \/>\n\t<meta name=\"twitter:data1\" content=\"1 minuto\" \/>\n<script type=\"application\/ld+json\" class=\"yoast-schema-graph\">{\"@context\":\"https:\/\/schema.org\",\"@graph\":[{\"@type\":\"WebPage\",\"@id\":\"https:\/\/www.eoimalaga.com\/web\/frances\/libros-de-texto\/libros-de-texto-y-de-lectura-a2\/\",\"url\":\"https:\/\/www.eoimalaga.com\/web\/frances\/libros-de-texto\/libros-de-texto-y-de-lectura-a2\/\",\"name\":\"Libros de texto y de lectura A2 - Curso 2025\/26 - P\u00e1gina Oficial de la EOI de M\u00e1laga ::Los idiomas ponen el mundo a tus pies::\",\"isPartOf\":{\"@id\":\"https:\/\/www.eoimalaga.com\/web\/#website\"},\"primaryImageOfPage\":{\"@id\":\"https:\/\/www.eoimalaga.com\/web\/frances\/libros-de-texto\/libros-de-texto-y-de-lectura-a2\/#primaryimage\"},\"image\":{\"@id\":\"https:\/\/www.eoimalaga.com\/web\/frances\/libros-de-texto\/libros-de-texto-y-de-lectura-a2\/#primaryimage\"},\"thumbnailUrl\":\"https:\/\/static.fnac-static.com\/multimedia\/Images\/ES\/NR\/c5\/dd\/6c\/7134661\/1540-1.jpg\",\"datePublished\":\"2019-12-29T08:06:55+00:00\",\"dateModified\":\"2025-10-25T11:02:12+00:00\",\"breadcrumb\":{\"@id\":\"https:\/\/www.eoimalaga.com\/web\/frances\/libros-de-texto\/libros-de-texto-y-de-lectura-a2\/#breadcrumb\"},\"inLanguage\":\"es\",\"potentialAction\":[{\"@type\":\"ReadAction\",\"target\":[\"https:\/\/www.eoimalaga.com\/web\/frances\/libros-de-texto\/libros-de-texto-y-de-lectura-a2\/\"]}]},{\"@type\":\"ImageObject\",\"inLanguage\":\"es\",\"@id\":\"https:\/\/www.eoimalaga.com\/web\/frances\/libros-de-texto\/libros-de-texto-y-de-lectura-a2\/#primaryimage\",\"url\":\"https:\/\/static.fnac-static.com\/multimedia\/Images\/ES\/NR\/c5\/dd\/6c\/7134661\/1540-1.jpg\",\"contentUrl\":\"https:\/\/static.fnac-static.com\/multimedia\/Images\/ES\/NR\/c5\/dd\/6c\/7134661\/1540-1.jpg\"},{\"@type\":\"BreadcrumbList\",\"@id\":\"https:\/\/www.eoimalaga.com\/web\/frances\/libros-de-texto\/libros-de-texto-y-de-lectura-a2\/#breadcrumb\",\"itemListElement\":[{\"@type\":\"ListItem\",\"position\":1,\"name\":\"Home\",\"item\":\"https:\/\/www.eoimalaga.com\/web\/\"},{\"@type\":\"ListItem\",\"position\":2,\"name\":\"FRANCES\",\"item\":\"https:\/\/www.eoimalaga.com\/web\/frances\/\"},{\"@type\":\"ListItem\",\"position\":3,\"name\":\"Libros de texto\",\"item\":\"https:\/\/www.eoimalaga.com\/web\/frances\/libros-de-texto\/\"},{\"@type\":\"ListItem\",\"position\":4,\"name\":\"Libros de texto y de lectura A2 &#8211; Curso 2025\/26\"}]},{\"@type\":\"WebSite\",\"@id\":\"https:\/\/www.eoimalaga.com\/web\/#website\",\"url\":\"https:\/\/www.eoimalaga.com\/web\/\",\"name\":\"P\u00e1gina Oficial de la EOI de M\u00e1laga ::Los idiomas ponen el mundo a tus pies::\",\"description\":\"EOI M\u00e1laga\",\"potentialAction\":[{\"@type\":\"SearchAction\",\"target\":{\"@type\":\"EntryPoint\",\"urlTemplate\":\"https:\/\/www.eoimalaga.com\/web\/?s={search_term_string}\"},\"query-input\":{\"@type\":\"PropertyValueSpecification\",\"valueRequired\":true,\"valueName\":\"search_term_string\"}}],\"inLanguage\":\"es\"}]}<\/script>\n<!-- \/ Yoast SEO plugin. -->","yoast_head_json":{"title":"Libros de texto y de lectura A2 - Curso 2025\/26 - P\u00e1gina Oficial de la EOI de M\u00e1laga ::Los idiomas ponen el mundo a tus pies::","robots":{"index":"index","follow":"follow","max-snippet":"max-snippet:-1","max-image-preview":"max-image-preview:large","max-video-preview":"max-video-preview:-1"},"canonical":"https:\/\/www.eoimalaga.com\/web\/frances\/libros-de-texto\/libros-de-texto-y-de-lectura-a2\/","og_locale":"es_ES","og_type":"article","og_title":"Libros de texto y de lectura A2 - Curso 2025\/26 - P\u00e1gina Oficial de la EOI de M\u00e1laga ::Los idiomas ponen el mundo a tus pies::","og_description":"[vc_row][vc_column][vc_column_text] Consulte con su tutor\/a Libros de texto &nbsp; Livre de l&#8217;\u00e9l\u00e8ve\u00a0(Version Espagne) Inspire 2. Paris: Hachette, 2021. ISBN: 9782017114581 Cahier d&#8217;actitiv\u00e9s (Version Espagne) Inspire 2. Paris: Hachette, 2021 ISBN: 9782017114604 &nbsp; &nbsp; Hachette regala al alumnado que compre el libro en papel un acceso al libro del alumno digital en Blinklearning para poder trabajar [&hellip;]","og_url":"https:\/\/www.eoimalaga.com\/web\/frances\/libros-de-texto\/libros-de-texto-y-de-lectura-a2\/","og_site_name":"P\u00e1gina Oficial de la EOI de M\u00e1laga ::Los idiomas ponen el mundo a tus pies::","article_modified_time":"2025-10-25T11:02:12+00:00","og_image":[{"url":"https:\/\/static.fnac-static.com\/multimedia\/Images\/ES\/NR\/c5\/dd\/6c\/7134661\/1540-1.jpg","type":"","width":"","height":""}],"twitter_card":"summary_large_image","twitter_misc":{"Tiempo de lectura":"1 minuto"},"schema":{"@context":"https:\/\/schema.org","@graph":[{"@type":"WebPage","@id":"https:\/\/www.eoimalaga.com\/web\/frances\/libros-de-texto\/libros-de-texto-y-de-lectura-a2\/","url":"https:\/\/www.eoimalaga.com\/web\/frances\/libros-de-texto\/libros-de-texto-y-de-lectura-a2\/","name":"Libros de texto y de lectura A2 - Curso 2025\/26 - P\u00e1gina Oficial de la EOI de M\u00e1laga ::Los idiomas ponen el mundo a tus pies::","isPartOf":{"@id":"https:\/\/www.eoimalaga.com\/web\/#website"},"primaryImageOfPage":{"@id":"https:\/\/www.eoimalaga.com\/web\/frances\/libros-de-texto\/libros-de-texto-y-de-lectura-a2\/#primaryimage"},"image":{"@id":"https:\/\/www.eoimalaga.com\/web\/frances\/libros-de-texto\/libros-de-texto-y-de-lectura-a2\/#primaryimage"},"thumbnailUrl":"https:\/\/static.fnac-static.com\/multimedia\/Images\/ES\/NR\/c5\/dd\/6c\/7134661\/1540-1.jpg","datePublished":"2019-12-29T08:06:55+00:00","dateModified":"2025-10-25T11:02:12+00:00","breadcrumb":{"@id":"https:\/\/www.eoimalaga.com\/web\/frances\/libros-de-texto\/libros-de-texto-y-de-lectura-a2\/#breadcrumb"},"inLanguage":"es","potentialAction":[{"@type":"ReadAction","target":["https:\/\/www.eoimalaga.com\/web\/frances\/libros-de-texto\/libros-de-texto-y-de-lectura-a2\/"]}]},{"@type":"ImageObject","inLanguage":"es","@id":"https:\/\/www.eoimalaga.com\/web\/frances\/libros-de-texto\/libros-de-texto-y-de-lectura-a2\/#primaryimage","url":"https:\/\/static.fnac-static.com\/multimedia\/Images\/ES\/NR\/c5\/dd\/6c\/7134661\/1540-1.jpg","contentUrl":"https:\/\/static.fnac-static.com\/multimedia\/Images\/ES\/NR\/c5\/dd\/6c\/7134661\/1540-1.jpg"},{"@type":"BreadcrumbList","@id":"https:\/\/www.eoimalaga.com\/web\/frances\/libros-de-texto\/libros-de-texto-y-de-lectura-a2\/#breadcrumb","itemListElement":[{"@type":"ListItem","position":1,"name":"Home","item":"https:\/\/www.eoimalaga.com\/web\/"},{"@type":"ListItem","position":2,"name":"FRANCES","item":"https:\/\/www.eoimalaga.com\/web\/frances\/"},{"@type":"ListItem","position":3,"name":"Libros de texto","item":"https:\/\/www.eoimalaga.com\/web\/frances\/libros-de-texto\/"},{"@type":"ListItem","position":4,"name":"Libros de texto y de lectura A2 &#8211; Curso 2025\/26"}]},{"@type":"WebSite","@id":"https:\/\/www.eoimalaga.com\/web\/#website","url":"https:\/\/www.eoimalaga.com\/web\/","name":"P\u00e1gina Oficial de la EOI de M\u00e1laga ::Los idiomas ponen el mundo a tus pies::","description":"EOI M\u00e1laga","potentialAction":[{"@type":"SearchAction","target":{"@type":"EntryPoint","urlTemplate":"https:\/\/www.eoimalaga.com\/web\/?s={search_term_string}"},"query-input":{"@type":"PropertyValueSpecification","valueRequired":true,"valueName":"search_term_string"}}],"inLanguage":"es"}]}},"_links":{"self":[{"href":"https:\/\/www.eoimalaga.com\/web\/wp-json\/wp\/v2\/pages\/8438","targetHints":{"allow":["GET"]}}],"collection":[{"href":"https:\/\/www.eoimalaga.com\/web\/wp-json\/wp\/v2\/pages"}],"about":[{"href":"https:\/\/www.eoimalaga.com\/web\/wp-json\/wp\/v2\/types\/page"}],"author":[{"embeddable":true,"href":"https:\/\/www.eoimalaga.com\/web\/wp-json\/wp\/v2\/users\/15"}],"replies":[{"embeddable":true,"href":"https:\/\/www.eoimalaga.com\/web\/wp-json\/wp\/v2\/comments?post=8438"}],"version-history":[{"count":21,"href":"https:\/\/www.eoimalaga.com\/web\/wp-json\/wp\/v2\/pages\/8438\/revisions"}],"predecessor-version":[{"id":22511,"href":"https:\/\/www.eoimalaga.com\/web\/wp-json\/wp\/v2\/pages\/8438\/revisions\/22511"}],"up":[{"embeddable":true,"href":"https:\/\/www.eoimalaga.com\/web\/wp-json\/wp\/v2\/pages\/8433"}],"wp:attachment":[{"href":"https:\/\/www.eoimalaga.com\/web\/wp-json\/wp\/v2\/media?parent=8438"}],"wp:term":[{"taxonomy":"category","embeddable":true,"href":"https:\/\/www.eoimalaga.com\/web\/wp-json\/wp\/v2\/categories?post=8438"},{"taxonomy":"post_tag","embeddable":true,"href":"https:\/\/www.eoimalaga.com\/web\/wp-json\/wp\/v2\/tags?post=8438"}],"curies":[{"name":"wp","href":"https:\/\/api.w.org\/{rel}","templated":true}]}}