{"id":8435,"date":"2019-12-29T10:05:14","date_gmt":"2019-12-29T08:05:14","guid":{"rendered":"http:\/\/www.eoimalaga.com\/web\/?page_id=8435"},"modified":"2025-10-25T13:01:13","modified_gmt":"2025-10-25T11:01:13","slug":"libros-de-texto-y-de-lectura-a1","status":"publish","type":"page","link":"https:\/\/www.eoimalaga.com\/web\/frances\/libros-de-texto\/libros-de-texto-y-de-lectura-a1\/","title":{"rendered":"Libros de texto y de lectura A1 &#8211; Curso 2025\/26"},"content":{"rendered":"<h3>Consulte con su tutor\/a<\/h3>\n<h3>Libros de texto<\/h3>\n<table style=\"width: 786px\">\n<tbody>\n<tr>\n<td style=\"width: 649px\">\n<p style=\"text-align: center\"><img loading=\"lazy\" decoding=\"async\" class=\"alignnone wp-image-13046\" src=\"https:\/\/www.eoimalaga.com\/web\/wp-content\/uploads\/2021\/07\/inspire-1.jpg\" alt=\"\" width=\"213\" height=\"287\" \/><\/p>\n<p style=\"text-align: center\">Livre de l&#8217;\u00e9l\u00e8ve <span style=\"font-weight: 400\">(Version Espagne)<\/span><\/p>\n<p style=\"text-align: center;padding-left: 30px\">\u00a0Inspire 1. Paris: Hachette, 2020.<\/p>\n<p style=\"text-align: center\">ISBN: <span style=\"font-weight: 400\">9782015135847<\/span><\/p>\n<\/td>\n<td style=\"width: 651px\">\n<p style=\"text-align: center\"><img loading=\"lazy\" decoding=\"async\" class=\"alignnone size-medium wp-image-13047\" src=\"https:\/\/www.eoimalaga.com\/web\/wp-content\/uploads\/2021\/07\/inspire-1_cahier-218x300.jpeg\" alt=\"\" width=\"218\" height=\"300\" srcset=\"https:\/\/www.eoimalaga.com\/web\/wp-content\/uploads\/2021\/07\/inspire-1_cahier-218x300.jpeg 218w, https:\/\/www.eoimalaga.com\/web\/wp-content\/uploads\/2021\/07\/inspire-1_cahier.jpeg 257w\" sizes=\"auto, (max-width: 218px) 100vw, 218px\" \/><\/p>\n<p style=\"text-align: center\">Cahier d&#8217;activit\u00e9s <span style=\"font-weight: 400\">(Version Espagne)<\/span><\/p>\n<p style=\"text-align: center;padding-left: 30px\">Inspire 1. Paris: Hachette, 2020<\/p>\n<p style=\"text-align: center\">ISBN: <span style=\"font-weight: 400\">9782017114598<\/span><\/p>\n<\/td>\n<\/tr>\n<\/tbody>\n<\/table>\n<div><\/div>\n<div>Hachette regala al alumnado que compre el libro en papel un acceso al libro del alumno digital en Blinklearning para poder trabajar en soportes electr\u00f3nicos. Consulte con su tutor\/a.<\/div>\n<div><\/div>\n<div>\n<div><strong>SEMIPRESENCIAL:\u00a0<\/strong><\/div>\n<div>El material est\u00e1 alojado en la plataforma Moodle. El alumnado tendr\u00e1 acceso a la misma cuando se matricule.<\/div>\n<\/div>\n<div id=\"main\">\n<div id=\"primary\">\n<div id=\"content\" role=\"main\">\n<article id=\"post-103\" class=\"post-103 page type-page status-publish hentry\">\n<div class=\"entry-content\">\n<h4 style=\"text-align: left\" align=\"center\">\u00a0Libros de lectura<\/h4>\n<\/div>\n<table style=\"width: 53.8286%;height: 24px\">\n<tbody>\n<tr style=\"height: 24px\">\n<td style=\"width: 452px;height: 24px\">\u00a0Consulte con su tutor\/a.<\/td>\n<td style=\"width: 452px;height: 24px\"><\/td>\n<\/tr>\n<\/tbody>\n<\/table>\n<\/article>\n<\/div>\n<\/div>\n<\/div>\n<div id=\"main\"><\/div>\n<h3><\/h3>\n","protected":false},"excerpt":{"rendered":"<p>Consulte con su tutor\/a Libros de texto Livre de l&#8217;\u00e9l\u00e8ve (Version Espagne) \u00a0Inspire 1. Paris: Hachette, 2020. ISBN: 9782015135847 Cahier d&#8217;activit\u00e9s (Version Espagne) Inspire 1. Paris: Hachette, 2020 ISBN: 9782017114598 Hachette regala al alumnado que compre el libro en papel un acceso al libro del alumno digital en Blinklearning para poder trabajar en soportes electr\u00f3nicos. [&hellip;]<\/p>\n","protected":false},"author":15,"featured_media":0,"parent":8433,"menu_order":0,"comment_status":"closed","ping_status":"closed","template":"","meta":{"inline_featured_image":false,"footnotes":""},"categories":[55],"tags":[],"class_list":["post-8435","page","type-page","status-publish","hentry","category-frances"],"yoast_head":"<!-- This site is optimized with the Yoast SEO plugin v26.5 - https:\/\/yoast.com\/wordpress\/plugins\/seo\/ -->\n<title>Libros de texto y de lectura A1 - Curso 2025\/26 - P\u00e1gina Oficial de la EOI de M\u00e1laga ::Los idiomas ponen el mundo a tus pies::<\/title>\n<meta name=\"robots\" content=\"index, follow, max-snippet:-1, max-image-preview:large, max-video-preview:-1\" \/>\n<link rel=\"canonical\" href=\"https:\/\/www.eoimalaga.com\/web\/frances\/libros-de-texto\/libros-de-texto-y-de-lectura-a1\/\" \/>\n<meta property=\"og:locale\" content=\"es_ES\" \/>\n<meta property=\"og:type\" content=\"article\" \/>\n<meta property=\"og:title\" content=\"Libros de texto y de lectura A1 - Curso 2025\/26 - P\u00e1gina Oficial de la EOI de M\u00e1laga ::Los idiomas ponen el mundo a tus pies::\" \/>\n<meta property=\"og:description\" content=\"Consulte con su tutor\/a Libros de texto Livre de l&#8217;\u00e9l\u00e8ve (Version Espagne) \u00a0Inspire 1. Paris: Hachette, 2020. ISBN: 9782015135847 Cahier d&#8217;activit\u00e9s (Version Espagne) Inspire 1. Paris: Hachette, 2020 ISBN: 9782017114598 Hachette regala al alumnado que compre el libro en papel un acceso al libro del alumno digital en Blinklearning para poder trabajar en soportes electr\u00f3nicos. [&hellip;]\" \/>\n<meta property=\"og:url\" content=\"https:\/\/www.eoimalaga.com\/web\/frances\/libros-de-texto\/libros-de-texto-y-de-lectura-a1\/\" \/>\n<meta property=\"og:site_name\" content=\"P\u00e1gina Oficial de la EOI de M\u00e1laga ::Los idiomas ponen el mundo a tus pies::\" \/>\n<meta property=\"article:modified_time\" content=\"2025-10-25T11:01:13+00:00\" \/>\n<meta property=\"og:image\" content=\"https:\/\/www.eoimalaga.com\/web\/wp-content\/uploads\/2021\/07\/inspire-1.jpg\" \/>\n\t<meta property=\"og:image:width\" content=\"109\" \/>\n\t<meta property=\"og:image:height\" content=\"147\" \/>\n\t<meta property=\"og:image:type\" content=\"image\/jpeg\" \/>\n<meta name=\"twitter:card\" content=\"summary_large_image\" \/>\n<meta name=\"twitter:label1\" content=\"Tiempo de lectura\" \/>\n\t<meta name=\"twitter:data1\" content=\"1 minuto\" \/>\n<script type=\"application\/ld+json\" class=\"yoast-schema-graph\">{\"@context\":\"https:\/\/schema.org\",\"@graph\":[{\"@type\":\"WebPage\",\"@id\":\"https:\/\/www.eoimalaga.com\/web\/frances\/libros-de-texto\/libros-de-texto-y-de-lectura-a1\/\",\"url\":\"https:\/\/www.eoimalaga.com\/web\/frances\/libros-de-texto\/libros-de-texto-y-de-lectura-a1\/\",\"name\":\"Libros de texto y de lectura A1 - Curso 2025\/26 - P\u00e1gina Oficial de la EOI de M\u00e1laga ::Los idiomas ponen el mundo a tus pies::\",\"isPartOf\":{\"@id\":\"https:\/\/www.eoimalaga.com\/web\/#website\"},\"primaryImageOfPage\":{\"@id\":\"https:\/\/www.eoimalaga.com\/web\/frances\/libros-de-texto\/libros-de-texto-y-de-lectura-a1\/#primaryimage\"},\"image\":{\"@id\":\"https:\/\/www.eoimalaga.com\/web\/frances\/libros-de-texto\/libros-de-texto-y-de-lectura-a1\/#primaryimage\"},\"thumbnailUrl\":\"https:\/\/www.eoimalaga.com\/web\/wp-content\/uploads\/2021\/07\/inspire-1.jpg\",\"datePublished\":\"2019-12-29T08:05:14+00:00\",\"dateModified\":\"2025-10-25T11:01:13+00:00\",\"breadcrumb\":{\"@id\":\"https:\/\/www.eoimalaga.com\/web\/frances\/libros-de-texto\/libros-de-texto-y-de-lectura-a1\/#breadcrumb\"},\"inLanguage\":\"es\",\"potentialAction\":[{\"@type\":\"ReadAction\",\"target\":[\"https:\/\/www.eoimalaga.com\/web\/frances\/libros-de-texto\/libros-de-texto-y-de-lectura-a1\/\"]}]},{\"@type\":\"ImageObject\",\"inLanguage\":\"es\",\"@id\":\"https:\/\/www.eoimalaga.com\/web\/frances\/libros-de-texto\/libros-de-texto-y-de-lectura-a1\/#primaryimage\",\"url\":\"https:\/\/www.eoimalaga.com\/web\/wp-content\/uploads\/2021\/07\/inspire-1.jpg\",\"contentUrl\":\"https:\/\/www.eoimalaga.com\/web\/wp-content\/uploads\/2021\/07\/inspire-1.jpg\",\"width\":109,\"height\":147},{\"@type\":\"BreadcrumbList\",\"@id\":\"https:\/\/www.eoimalaga.com\/web\/frances\/libros-de-texto\/libros-de-texto-y-de-lectura-a1\/#breadcrumb\",\"itemListElement\":[{\"@type\":\"ListItem\",\"position\":1,\"name\":\"Home\",\"item\":\"https:\/\/www.eoimalaga.com\/web\/\"},{\"@type\":\"ListItem\",\"position\":2,\"name\":\"FRANCES\",\"item\":\"https:\/\/www.eoimalaga.com\/web\/frances\/\"},{\"@type\":\"ListItem\",\"position\":3,\"name\":\"Libros de texto\",\"item\":\"https:\/\/www.eoimalaga.com\/web\/frances\/libros-de-texto\/\"},{\"@type\":\"ListItem\",\"position\":4,\"name\":\"Libros de texto y de lectura A1 &#8211; Curso 2025\/26\"}]},{\"@type\":\"WebSite\",\"@id\":\"https:\/\/www.eoimalaga.com\/web\/#website\",\"url\":\"https:\/\/www.eoimalaga.com\/web\/\",\"name\":\"P\u00e1gina Oficial de la EOI de M\u00e1laga ::Los idiomas ponen el mundo a tus pies::\",\"description\":\"EOI M\u00e1laga\",\"potentialAction\":[{\"@type\":\"SearchAction\",\"target\":{\"@type\":\"EntryPoint\",\"urlTemplate\":\"https:\/\/www.eoimalaga.com\/web\/?s={search_term_string}\"},\"query-input\":{\"@type\":\"PropertyValueSpecification\",\"valueRequired\":true,\"valueName\":\"search_term_string\"}}],\"inLanguage\":\"es\"}]}<\/script>\n<!-- \/ Yoast SEO plugin. -->","yoast_head_json":{"title":"Libros de texto y de lectura A1 - Curso 2025\/26 - P\u00e1gina Oficial de la EOI de M\u00e1laga ::Los idiomas ponen el mundo a tus pies::","robots":{"index":"index","follow":"follow","max-snippet":"max-snippet:-1","max-image-preview":"max-image-preview:large","max-video-preview":"max-video-preview:-1"},"canonical":"https:\/\/www.eoimalaga.com\/web\/frances\/libros-de-texto\/libros-de-texto-y-de-lectura-a1\/","og_locale":"es_ES","og_type":"article","og_title":"Libros de texto y de lectura A1 - Curso 2025\/26 - P\u00e1gina Oficial de la EOI de M\u00e1laga ::Los idiomas ponen el mundo a tus pies::","og_description":"Consulte con su tutor\/a Libros de texto Livre de l&#8217;\u00e9l\u00e8ve (Version Espagne) \u00a0Inspire 1. Paris: Hachette, 2020. ISBN: 9782015135847 Cahier d&#8217;activit\u00e9s (Version Espagne) Inspire 1. Paris: Hachette, 2020 ISBN: 9782017114598 Hachette regala al alumnado que compre el libro en papel un acceso al libro del alumno digital en Blinklearning para poder trabajar en soportes electr\u00f3nicos. [&hellip;]","og_url":"https:\/\/www.eoimalaga.com\/web\/frances\/libros-de-texto\/libros-de-texto-y-de-lectura-a1\/","og_site_name":"P\u00e1gina Oficial de la EOI de M\u00e1laga ::Los idiomas ponen el mundo a tus pies::","article_modified_time":"2025-10-25T11:01:13+00:00","og_image":[{"width":109,"height":147,"url":"https:\/\/www.eoimalaga.com\/web\/wp-content\/uploads\/2021\/07\/inspire-1.jpg","type":"image\/jpeg"}],"twitter_card":"summary_large_image","twitter_misc":{"Tiempo de lectura":"1 minuto"},"schema":{"@context":"https:\/\/schema.org","@graph":[{"@type":"WebPage","@id":"https:\/\/www.eoimalaga.com\/web\/frances\/libros-de-texto\/libros-de-texto-y-de-lectura-a1\/","url":"https:\/\/www.eoimalaga.com\/web\/frances\/libros-de-texto\/libros-de-texto-y-de-lectura-a1\/","name":"Libros de texto y de lectura A1 - Curso 2025\/26 - P\u00e1gina Oficial de la EOI de M\u00e1laga ::Los idiomas ponen el mundo a tus pies::","isPartOf":{"@id":"https:\/\/www.eoimalaga.com\/web\/#website"},"primaryImageOfPage":{"@id":"https:\/\/www.eoimalaga.com\/web\/frances\/libros-de-texto\/libros-de-texto-y-de-lectura-a1\/#primaryimage"},"image":{"@id":"https:\/\/www.eoimalaga.com\/web\/frances\/libros-de-texto\/libros-de-texto-y-de-lectura-a1\/#primaryimage"},"thumbnailUrl":"https:\/\/www.eoimalaga.com\/web\/wp-content\/uploads\/2021\/07\/inspire-1.jpg","datePublished":"2019-12-29T08:05:14+00:00","dateModified":"2025-10-25T11:01:13+00:00","breadcrumb":{"@id":"https:\/\/www.eoimalaga.com\/web\/frances\/libros-de-texto\/libros-de-texto-y-de-lectura-a1\/#breadcrumb"},"inLanguage":"es","potentialAction":[{"@type":"ReadAction","target":["https:\/\/www.eoimalaga.com\/web\/frances\/libros-de-texto\/libros-de-texto-y-de-lectura-a1\/"]}]},{"@type":"ImageObject","inLanguage":"es","@id":"https:\/\/www.eoimalaga.com\/web\/frances\/libros-de-texto\/libros-de-texto-y-de-lectura-a1\/#primaryimage","url":"https:\/\/www.eoimalaga.com\/web\/wp-content\/uploads\/2021\/07\/inspire-1.jpg","contentUrl":"https:\/\/www.eoimalaga.com\/web\/wp-content\/uploads\/2021\/07\/inspire-1.jpg","width":109,"height":147},{"@type":"BreadcrumbList","@id":"https:\/\/www.eoimalaga.com\/web\/frances\/libros-de-texto\/libros-de-texto-y-de-lectura-a1\/#breadcrumb","itemListElement":[{"@type":"ListItem","position":1,"name":"Home","item":"https:\/\/www.eoimalaga.com\/web\/"},{"@type":"ListItem","position":2,"name":"FRANCES","item":"https:\/\/www.eoimalaga.com\/web\/frances\/"},{"@type":"ListItem","position":3,"name":"Libros de texto","item":"https:\/\/www.eoimalaga.com\/web\/frances\/libros-de-texto\/"},{"@type":"ListItem","position":4,"name":"Libros de texto y de lectura A1 &#8211; Curso 2025\/26"}]},{"@type":"WebSite","@id":"https:\/\/www.eoimalaga.com\/web\/#website","url":"https:\/\/www.eoimalaga.com\/web\/","name":"P\u00e1gina Oficial de la EOI de M\u00e1laga ::Los idiomas ponen el mundo a tus pies::","description":"EOI M\u00e1laga","potentialAction":[{"@type":"SearchAction","target":{"@type":"EntryPoint","urlTemplate":"https:\/\/www.eoimalaga.com\/web\/?s={search_term_string}"},"query-input":{"@type":"PropertyValueSpecification","valueRequired":true,"valueName":"search_term_string"}}],"inLanguage":"es"}]}},"_links":{"self":[{"href":"https:\/\/www.eoimalaga.com\/web\/wp-json\/wp\/v2\/pages\/8435","targetHints":{"allow":["GET"]}}],"collection":[{"href":"https:\/\/www.eoimalaga.com\/web\/wp-json\/wp\/v2\/pages"}],"about":[{"href":"https:\/\/www.eoimalaga.com\/web\/wp-json\/wp\/v2\/types\/page"}],"author":[{"embeddable":true,"href":"https:\/\/www.eoimalaga.com\/web\/wp-json\/wp\/v2\/users\/15"}],"replies":[{"embeddable":true,"href":"https:\/\/www.eoimalaga.com\/web\/wp-json\/wp\/v2\/comments?post=8435"}],"version-history":[{"count":16,"href":"https:\/\/www.eoimalaga.com\/web\/wp-json\/wp\/v2\/pages\/8435\/revisions"}],"predecessor-version":[{"id":22510,"href":"https:\/\/www.eoimalaga.com\/web\/wp-json\/wp\/v2\/pages\/8435\/revisions\/22510"}],"up":[{"embeddable":true,"href":"https:\/\/www.eoimalaga.com\/web\/wp-json\/wp\/v2\/pages\/8433"}],"wp:attachment":[{"href":"https:\/\/www.eoimalaga.com\/web\/wp-json\/wp\/v2\/media?parent=8435"}],"wp:term":[{"taxonomy":"category","embeddable":true,"href":"https:\/\/www.eoimalaga.com\/web\/wp-json\/wp\/v2\/categories?post=8435"},{"taxonomy":"post_tag","embeddable":true,"href":"https:\/\/www.eoimalaga.com\/web\/wp-json\/wp\/v2\/tags?post=8435"}],"curies":[{"name":"wp","href":"https:\/\/api.w.org\/{rel}","templated":true}]}}