{"id":8433,"date":"2019-12-29T10:03:43","date_gmt":"2019-12-29T08:03:43","guid":{"rendered":"http:\/\/www.eoimalaga.com\/web\/?page_id=8433"},"modified":"2024-09-19T13:25:18","modified_gmt":"2024-09-19T11:25:18","slug":"libros-de-texto","status":"publish","type":"page","link":"https:\/\/www.eoimalaga.com\/web\/frances\/libros-de-texto\/","title":{"rendered":"Libros de texto"},"content":{"rendered":"<h3 style=\"text-align: left\"><em>\u00a0<\/em><\/h3>\n<table class=\" alignleft\" style=\"width: 250px\">\n<tbody>\n<tr>\n<td style=\"width: 152px;text-align: center\"><a href=\"http:\/\/www.eoimalaga.com\/web\/frances\/libros-de-texto\/libros-de-texto-y-de-lectura-a1\/\" target=\"_blank\" rel=\"noopener noreferrer\"><img loading=\"lazy\" decoding=\"async\" class=\"alignnone wp-image-6560 size-full\" src=\"http:\/\/www.eoimalaga.com\/FRANCES\/wp-content\/uploads\/2018\/03\/Libro_A1_tiny.png\" alt=\"\" width=\"125\" height=\"98\" \/><\/a><\/td>\n<td style=\"width: 148px;text-align: center\"><a href=\"http:\/\/www.eoimalaga.com\/web\/frances\/libros-de-texto\/libros-de-texto-y-de-lectura-a2\/\" target=\"_blank\" rel=\"noopener noreferrer\"><img loading=\"lazy\" decoding=\"async\" class=\"alignnone wp-image-6568 size-full\" src=\"http:\/\/www.eoimalaga.com\/FRANCES\/wp-content\/uploads\/2018\/05\/Libro_A2_tiny-1.png\" alt=\"\" width=\"125\" height=\"98\" \/><\/a><\/td>\n<td style=\"width: 143.5px;text-align: center\"><\/td>\n<\/tr>\n<tr>\n<td style=\"width: 152px;text-align: center\"><a href=\"http:\/\/www.eoimalaga.com\/web\/frances\/libros-de-texto\/libros-de-texto-y-de-lectura-b1\/\" target=\"_blank\" rel=\"noopener noreferrer\"><img loading=\"lazy\" decoding=\"async\" class=\"alignnone wp-image-6562 size-full\" src=\"http:\/\/www.eoimalaga.com\/FRANCES\/wp-content\/uploads\/2018\/05\/Libro_B1_tiny.png\" alt=\"\" width=\"125\" height=\"98\" \/><\/a><\/td>\n<td style=\"width: 148px;text-align: center\"><\/td>\n<td style=\"width: 143.5px;text-align: center\"><\/td>\n<\/tr>\n<tr>\n<td style=\"width: 152px;text-align: center\"><a href=\"http:\/\/www.eoimalaga.com\/web\/frances\/libros-de-texto\/libros-de-texto-y-de-lectura-b2-1\/\" target=\"_blank\" rel=\"noopener noreferrer\"><img loading=\"lazy\" decoding=\"async\" class=\"alignnone wp-image-6569 size-full\" src=\"http:\/\/www.eoimalaga.com\/FRANCES\/wp-content\/uploads\/2018\/05\/Libro_B2-1_tiny.png\" alt=\"\" width=\"125\" height=\"98\" \/><\/a><\/td>\n<td style=\"width: 148px;text-align: center\"><a href=\"http:\/\/www.eoimalaga.com\/web\/frances\/libros-de-texto\/libros-de-texto-y-de-lectura-b2-2\/\" target=\"_blank\" rel=\"noopener noreferrer\"><img loading=\"lazy\" decoding=\"async\" class=\"alignnone wp-image-6570 size-full\" src=\"http:\/\/www.eoimalaga.com\/FRANCES\/wp-content\/uploads\/2018\/05\/Libro_B2-2_tiny.png\" alt=\"\" width=\"125\" height=\"98\" \/><\/a><\/td>\n<td style=\"width: 143.5px;text-align: center\"><\/td>\n<\/tr>\n<tr>\n<td style=\"width: 152px;text-align: center\"><a href=\"https:\/\/www.eoimalaga.com\/web\/frances\/libros-de-texto\/libros-de-texto-y-de-lectura-c1-2\/\"><img loading=\"lazy\" decoding=\"async\" class=\"alignnone wp-image-7031 size-full\" src=\"http:\/\/www.eoimalaga.com\/FRANCES\/wp-content\/uploads\/2018\/03\/c11.png\" alt=\"\" width=\"125\" height=\"98\" \/><\/a><\/td>\n<td style=\"width: 148px;text-align: center\"><a href=\"https:\/\/www.eoimalaga.com\/web\/frances\/libros-de-texto\/libros-de-texto-y-de-lectura-c1-1-2\/\"><img loading=\"lazy\" decoding=\"async\" class=\"alignnone wp-image-7032 size-full\" src=\"http:\/\/www.eoimalaga.com\/FRANCES\/wp-content\/uploads\/2018\/03\/c12.png\" alt=\"\" width=\"125\" height=\"98\" \/><\/a><\/td>\n<td style=\"width: 143.5px;text-align: center\"><\/td>\n<\/tr>\n<\/tbody>\n<\/table>\n<p>&nbsp;<\/p>\n","protected":false},"excerpt":{"rendered":"<p>\u00a0 &nbsp;<\/p>\n","protected":false},"author":15,"featured_media":0,"parent":8396,"menu_order":0,"comment_status":"closed","ping_status":"closed","template":"","meta":{"inline_featured_image":false,"footnotes":""},"categories":[55],"tags":[],"class_list":["post-8433","page","type-page","status-publish","hentry","category-frances"],"yoast_head":"<!-- This site is optimized with the Yoast SEO plugin v26.5 - https:\/\/yoast.com\/wordpress\/plugins\/seo\/ -->\n<title>Libros de texto - P\u00e1gina Oficial de la EOI de M\u00e1laga ::Los idiomas ponen el mundo a tus pies::<\/title>\n<meta name=\"robots\" content=\"index, follow, max-snippet:-1, max-image-preview:large, max-video-preview:-1\" \/>\n<link rel=\"canonical\" href=\"https:\/\/www.eoimalaga.com\/web\/frances\/libros-de-texto\/\" \/>\n<meta property=\"og:locale\" content=\"es_ES\" \/>\n<meta property=\"og:type\" content=\"article\" \/>\n<meta property=\"og:title\" content=\"Libros de texto - P\u00e1gina Oficial de la EOI de M\u00e1laga ::Los idiomas ponen el mundo a tus pies::\" \/>\n<meta property=\"og:description\" content=\"\u00a0 &nbsp;\" \/>\n<meta property=\"og:url\" content=\"https:\/\/www.eoimalaga.com\/web\/frances\/libros-de-texto\/\" \/>\n<meta property=\"og:site_name\" content=\"P\u00e1gina Oficial de la EOI de M\u00e1laga ::Los idiomas ponen el mundo a tus pies::\" \/>\n<meta property=\"article:modified_time\" content=\"2024-09-19T11:25:18+00:00\" \/>\n<meta property=\"og:image\" content=\"http:\/\/www.eoimalaga.com\/FRANCES\/wp-content\/uploads\/2018\/03\/Libro_A1_tiny.png\" \/>\n<meta name=\"twitter:card\" content=\"summary_large_image\" \/>\n<meta name=\"twitter:label1\" content=\"Tiempo de lectura\" \/>\n\t<meta name=\"twitter:data1\" content=\"2 minutos\" \/>\n<script type=\"application\/ld+json\" class=\"yoast-schema-graph\">{\"@context\":\"https:\/\/schema.org\",\"@graph\":[{\"@type\":\"WebPage\",\"@id\":\"https:\/\/www.eoimalaga.com\/web\/frances\/libros-de-texto\/\",\"url\":\"https:\/\/www.eoimalaga.com\/web\/frances\/libros-de-texto\/\",\"name\":\"Libros de texto - P\u00e1gina Oficial de la EOI de M\u00e1laga ::Los idiomas ponen el mundo a tus pies::\",\"isPartOf\":{\"@id\":\"https:\/\/www.eoimalaga.com\/web\/#website\"},\"primaryImageOfPage\":{\"@id\":\"https:\/\/www.eoimalaga.com\/web\/frances\/libros-de-texto\/#primaryimage\"},\"image\":{\"@id\":\"https:\/\/www.eoimalaga.com\/web\/frances\/libros-de-texto\/#primaryimage\"},\"thumbnailUrl\":\"http:\/\/www.eoimalaga.com\/FRANCES\/wp-content\/uploads\/2018\/03\/Libro_A1_tiny.png\",\"datePublished\":\"2019-12-29T08:03:43+00:00\",\"dateModified\":\"2024-09-19T11:25:18+00:00\",\"breadcrumb\":{\"@id\":\"https:\/\/www.eoimalaga.com\/web\/frances\/libros-de-texto\/#breadcrumb\"},\"inLanguage\":\"es\",\"potentialAction\":[{\"@type\":\"ReadAction\",\"target\":[\"https:\/\/www.eoimalaga.com\/web\/frances\/libros-de-texto\/\"]}]},{\"@type\":\"ImageObject\",\"inLanguage\":\"es\",\"@id\":\"https:\/\/www.eoimalaga.com\/web\/frances\/libros-de-texto\/#primaryimage\",\"url\":\"http:\/\/www.eoimalaga.com\/FRANCES\/wp-content\/uploads\/2018\/03\/Libro_A1_tiny.png\",\"contentUrl\":\"http:\/\/www.eoimalaga.com\/FRANCES\/wp-content\/uploads\/2018\/03\/Libro_A1_tiny.png\"},{\"@type\":\"BreadcrumbList\",\"@id\":\"https:\/\/www.eoimalaga.com\/web\/frances\/libros-de-texto\/#breadcrumb\",\"itemListElement\":[{\"@type\":\"ListItem\",\"position\":1,\"name\":\"Home\",\"item\":\"https:\/\/www.eoimalaga.com\/web\/\"},{\"@type\":\"ListItem\",\"position\":2,\"name\":\"FRANCES\",\"item\":\"https:\/\/www.eoimalaga.com\/web\/frances\/\"},{\"@type\":\"ListItem\",\"position\":3,\"name\":\"Libros de texto\"}]},{\"@type\":\"WebSite\",\"@id\":\"https:\/\/www.eoimalaga.com\/web\/#website\",\"url\":\"https:\/\/www.eoimalaga.com\/web\/\",\"name\":\"P\u00e1gina Oficial de la EOI de M\u00e1laga ::Los idiomas ponen el mundo a tus pies::\",\"description\":\"EOI M\u00e1laga\",\"potentialAction\":[{\"@type\":\"SearchAction\",\"target\":{\"@type\":\"EntryPoint\",\"urlTemplate\":\"https:\/\/www.eoimalaga.com\/web\/?s={search_term_string}\"},\"query-input\":{\"@type\":\"PropertyValueSpecification\",\"valueRequired\":true,\"valueName\":\"search_term_string\"}}],\"inLanguage\":\"es\"}]}<\/script>\n<!-- \/ Yoast SEO plugin. -->","yoast_head_json":{"title":"Libros de texto - P\u00e1gina Oficial de la EOI de M\u00e1laga ::Los idiomas ponen el mundo a tus pies::","robots":{"index":"index","follow":"follow","max-snippet":"max-snippet:-1","max-image-preview":"max-image-preview:large","max-video-preview":"max-video-preview:-1"},"canonical":"https:\/\/www.eoimalaga.com\/web\/frances\/libros-de-texto\/","og_locale":"es_ES","og_type":"article","og_title":"Libros de texto - P\u00e1gina Oficial de la EOI de M\u00e1laga ::Los idiomas ponen el mundo a tus pies::","og_description":"\u00a0 &nbsp;","og_url":"https:\/\/www.eoimalaga.com\/web\/frances\/libros-de-texto\/","og_site_name":"P\u00e1gina Oficial de la EOI de M\u00e1laga ::Los idiomas ponen el mundo a tus pies::","article_modified_time":"2024-09-19T11:25:18+00:00","og_image":[{"url":"http:\/\/www.eoimalaga.com\/FRANCES\/wp-content\/uploads\/2018\/03\/Libro_A1_tiny.png","type":"","width":"","height":""}],"twitter_card":"summary_large_image","twitter_misc":{"Tiempo de lectura":"2 minutos"},"schema":{"@context":"https:\/\/schema.org","@graph":[{"@type":"WebPage","@id":"https:\/\/www.eoimalaga.com\/web\/frances\/libros-de-texto\/","url":"https:\/\/www.eoimalaga.com\/web\/frances\/libros-de-texto\/","name":"Libros de texto - P\u00e1gina Oficial de la EOI de M\u00e1laga ::Los idiomas ponen el mundo a tus pies::","isPartOf":{"@id":"https:\/\/www.eoimalaga.com\/web\/#website"},"primaryImageOfPage":{"@id":"https:\/\/www.eoimalaga.com\/web\/frances\/libros-de-texto\/#primaryimage"},"image":{"@id":"https:\/\/www.eoimalaga.com\/web\/frances\/libros-de-texto\/#primaryimage"},"thumbnailUrl":"http:\/\/www.eoimalaga.com\/FRANCES\/wp-content\/uploads\/2018\/03\/Libro_A1_tiny.png","datePublished":"2019-12-29T08:03:43+00:00","dateModified":"2024-09-19T11:25:18+00:00","breadcrumb":{"@id":"https:\/\/www.eoimalaga.com\/web\/frances\/libros-de-texto\/#breadcrumb"},"inLanguage":"es","potentialAction":[{"@type":"ReadAction","target":["https:\/\/www.eoimalaga.com\/web\/frances\/libros-de-texto\/"]}]},{"@type":"ImageObject","inLanguage":"es","@id":"https:\/\/www.eoimalaga.com\/web\/frances\/libros-de-texto\/#primaryimage","url":"http:\/\/www.eoimalaga.com\/FRANCES\/wp-content\/uploads\/2018\/03\/Libro_A1_tiny.png","contentUrl":"http:\/\/www.eoimalaga.com\/FRANCES\/wp-content\/uploads\/2018\/03\/Libro_A1_tiny.png"},{"@type":"BreadcrumbList","@id":"https:\/\/www.eoimalaga.com\/web\/frances\/libros-de-texto\/#breadcrumb","itemListElement":[{"@type":"ListItem","position":1,"name":"Home","item":"https:\/\/www.eoimalaga.com\/web\/"},{"@type":"ListItem","position":2,"name":"FRANCES","item":"https:\/\/www.eoimalaga.com\/web\/frances\/"},{"@type":"ListItem","position":3,"name":"Libros de texto"}]},{"@type":"WebSite","@id":"https:\/\/www.eoimalaga.com\/web\/#website","url":"https:\/\/www.eoimalaga.com\/web\/","name":"P\u00e1gina Oficial de la EOI de M\u00e1laga ::Los idiomas ponen el mundo a tus pies::","description":"EOI M\u00e1laga","potentialAction":[{"@type":"SearchAction","target":{"@type":"EntryPoint","urlTemplate":"https:\/\/www.eoimalaga.com\/web\/?s={search_term_string}"},"query-input":{"@type":"PropertyValueSpecification","valueRequired":true,"valueName":"search_term_string"}}],"inLanguage":"es"}]}},"_links":{"self":[{"href":"https:\/\/www.eoimalaga.com\/web\/wp-json\/wp\/v2\/pages\/8433","targetHints":{"allow":["GET"]}}],"collection":[{"href":"https:\/\/www.eoimalaga.com\/web\/wp-json\/wp\/v2\/pages"}],"about":[{"href":"https:\/\/www.eoimalaga.com\/web\/wp-json\/wp\/v2\/types\/page"}],"author":[{"embeddable":true,"href":"https:\/\/www.eoimalaga.com\/web\/wp-json\/wp\/v2\/users\/15"}],"replies":[{"embeddable":true,"href":"https:\/\/www.eoimalaga.com\/web\/wp-json\/wp\/v2\/comments?post=8433"}],"version-history":[{"count":8,"href":"https:\/\/www.eoimalaga.com\/web\/wp-json\/wp\/v2\/pages\/8433\/revisions"}],"predecessor-version":[{"id":19175,"href":"https:\/\/www.eoimalaga.com\/web\/wp-json\/wp\/v2\/pages\/8433\/revisions\/19175"}],"up":[{"embeddable":true,"href":"https:\/\/www.eoimalaga.com\/web\/wp-json\/wp\/v2\/pages\/8396"}],"wp:attachment":[{"href":"https:\/\/www.eoimalaga.com\/web\/wp-json\/wp\/v2\/media?parent=8433"}],"wp:term":[{"taxonomy":"category","embeddable":true,"href":"https:\/\/www.eoimalaga.com\/web\/wp-json\/wp\/v2\/categories?post=8433"},{"taxonomy":"post_tag","embeddable":true,"href":"https:\/\/www.eoimalaga.com\/web\/wp-json\/wp\/v2\/tags?post=8433"}],"curies":[{"name":"wp","href":"https:\/\/api.w.org\/{rel}","templated":true}]}}