{"id":8425,"date":"2019-12-29T09:59:50","date_gmt":"2019-12-29T07:59:50","guid":{"rendered":"http:\/\/www.eoimalaga.com\/web\/?page_id=8425"},"modified":"2021-05-20T14:39:24","modified_gmt":"2021-05-20T12:39:24","slug":"calendario-de-las-pruebas","status":"publish","type":"page","link":"https:\/\/www.eoimalaga.com\/web\/frances\/calendario-de-las-pruebas\/","title":{"rendered":"Calendario de las pruebas"},"content":{"rendered":"<div class=\"wpb-content-wrapper\"><p>Informaci\u00f3n actualizada el 20\/04\/2021.<\/p>\n<p>[vc_row][vc_column][vc_column_text]<\/p>\n<h4>Convocatoria ordinaria 2021 &#8211; Modalidad oficial (Promoci\u00f3n y Certificaci\u00f3n)<\/h4>\n<p>En el siguiente <a href=\"https:\/\/www.eoimalaga.com\/apps\/calendexam_jun\/calendexam_sep_fra\/\" target=\"_blank\" rel=\"noopener noreferrer\">enlace<\/a> puede consultar el d\u00eda y horario de la prueba escrita y oral.<\/p>\n<p>Consulte con su tutor para concretar la hora del oral en funci\u00f3n del d\u00eda asignado en el enlace anterior.<\/p>\n<p>[\/vc_column_text][\/vc_column][\/vc_row][vc_row][vc_column][vc_column_text]<\/p>\n<h4>Convocatoria ordinaria 2021 &#8211; Modalidad libre<\/h4>\n<p>En el siguiente <a href=\"https:\/\/www.eoimalaga.com\/apps_docs\/calendexam\/jun\/FRA_Jun_Lib.pdf\" target=\"_blank\" rel=\"noopener noreferrer\">enlace<\/a> puede consultar el d\u00eda de la prueba escrita y oral.<\/p>\n<p>En el siguiente <a href=\"https:\/\/drive.google.com\/file\/d\/1ks_PlNbVEbLLmBcxewqI97FdJQbXUgfE\/view?usp=sharing\" target=\"_blank\" rel=\"noopener noreferrer\">enlace<\/a> puede consultar la hora de la prueba oral de C1.<\/p>\n<p>La hora de la prueba oral de B1 y B2 se le asignar\u00e1 el mismo d\u00eda de la prueba escrita<\/p>\n<p>[\/vc_column_text][\/vc_column][\/vc_row][vc_row][vc_column][vc_column_text]<\/p>\n<h4>Horario de las Pruebas\u00a0 Espec\u00edficas de Certificaci\u00f3n (PEC)<\/h4>\n<p>En el siguiente <a href=\"https:\/\/www.eoimalaga.com\/web\/10981-2\/\" target=\"_blank\" rel=\"noopener noreferrer\">enlace<\/a> puede consultar la hora de la prueba escrita:<\/p>\n<ul style=\"list-style-type: circle\">\n<li>Convocatoria ordinaria de junio: <strong>martes 8 de junio en turno de tarde<\/strong>.<\/li>\n<li>Convocatoria extraordinaria de septiembre: <strong>mi\u00e9rcoles 1 de septiembre en turno de ma\u00f1ana<\/strong>.<\/li>\n<\/ul>\n<p>&nbsp;<\/p>\n<p>A continuaci\u00f3n detallamos el horario en el que se realizar\u00e1 cada una de las partes de la prueba escrita:<\/p>\n<p>&nbsp;<\/p>\n<p><strong>Turno de tarde<\/strong><\/p>\n<table style=\"height: 239px;width: 81%\" border=\"2\" cellspacing=\"0\" cellpadding=\"0\">\n<tbody>\n<tr>\n<td style=\"background-color: #144a84;border-color: #000000;width: 43.7126%;text-align: center\"><span style=\"color: #ffffff;font-family: georgia, palatino, serif\"><strong>Martes 8 de junio de 2021<\/strong><\/span><\/td>\n<td style=\"background-color: #144a84;border-color: #000000;width: 18.4132%;text-align: center\"><span style=\"color: #ffffff;font-family: georgia, palatino, serif\"><strong>B1<\/strong><\/span><\/td>\n<td style=\"background-color: #144a84;border-color: #000000;width: 18.7126%;text-align: center\"><span style=\"color: #ffffff;font-family: georgia, palatino, serif\"><strong>B2<\/strong><\/span><\/td>\n<td style=\"background-color: #144a84;border-color: #000000;width: 18.5629%;text-align: center\"><span style=\"color: #ffffff;font-family: georgia, palatino, serif\"><strong>C1<\/strong><\/span><\/td>\n<\/tr>\n<tr>\n<td style=\"width: 43.7126%;text-align: center\"><span style=\"font-family: georgia, palatino, serif\">Llamamiento e identificaci\u00f3n de aspirantes<\/span><\/td>\n<td style=\"width: 18.4132%;text-align: center\"><span style=\"font-family: georgia, palatino, serif\">16:00 \u2013 16:15<\/span><\/td>\n<td style=\"width: 18.7126%;text-align: center\"><span style=\"font-family: georgia, palatino, serif\">16:00 \u201316:15<\/span><\/td>\n<td style=\"width: 18.5629%;text-align: center\"><span style=\"font-family: georgia, palatino, serif\">16:00 \u2013 16:15<\/span><\/td>\n<\/tr>\n<tr>\n<td style=\"background-color: #144a84;border-color: #f7f7f7;width: 43.7126%;text-align: center\"><span style=\"color: #ffffff;font-family: georgia, palatino, serif\">Comprensi\u00f3n de textos escritos<\/span><\/td>\n<td style=\"background-color: #144a84;border-color: #f7f7f7;width: 18.4132%;text-align: center\"><span style=\"color: #ffffff;font-family: georgia, palatino, serif\">16:15 \u2013 17:15<\/span><\/td>\n<td style=\"background-color: #144a84;border-color: #f7f7f7;width: 18.7126%;text-align: center\"><span style=\"color: #ffffff;font-family: georgia, palatino, serif\">16:15 \u2013 17:30<\/span><\/td>\n<td style=\"background-color: #144a84;border-color: #f7f7f7;width: 18.5629%;text-align: center\"><span style=\"color: #ffffff;font-family: georgia, palatino, serif\">16:15 <span style=\"font-family: georgia, palatino, serif\">\u2013 <\/span>17:30<\/span><\/td>\n<\/tr>\n<tr>\n<td style=\"width: 43.7126%;text-align: center\"><span style=\"font-family: georgia, palatino, serif\">Pausa<\/span><\/td>\n<td style=\"width: 18.4132%;text-align: center\"><span style=\"font-family: georgia, palatino, serif\">17:15 \u2013 17:20<\/span><\/td>\n<td style=\"width: 18.7126%;text-align: center\"><span style=\"font-family: georgia, palatino, serif\">17:30 \u201317:35<\/span><\/td>\n<td style=\"width: 18.5629%;text-align: center\"><span style=\"font-family: georgia, palatino, serif\">17:30 \u2013 17:35<\/span><\/td>\n<\/tr>\n<tr>\n<td style=\"background-color: #144a84;border-color: #f7f5f5;width: 43.7126%;text-align: center\"><span style=\"color: #ffffff;font-family: georgia, palatino, serif\">Comprensi\u00f3n de textos orales<\/span><\/td>\n<td style=\"background-color: #144a84;border-color: #f7f5f5;width: 18.4132%;text-align: center\"><span style=\"color: #ffffff;font-family: georgia, palatino, serif\">17:20 \u2013 18: 05\u00a0<\/span><\/td>\n<td style=\"background-color: #144a84;border-color: #f7f5f5;width: 18.7126%;text-align: center\"><span style=\"color: #ffffff;font-family: georgia, palatino, serif\">17:35- 18:20<\/span><\/td>\n<td style=\"background-color: #144a84;border-color: #f7f5f5;width: 18.5629%;text-align: center\"><span style=\"color: #ffffff;font-family: georgia, palatino, serif\">17:35 <span style=\"font-family: georgia, palatino, serif\">\u2013 <\/span>18:20<\/span><\/td>\n<\/tr>\n<tr>\n<td style=\"width: 43.7126%;text-align: center\"><span style=\"font-family: georgia, palatino, serif\">DESCANSO<\/span><\/td>\n<td style=\"width: 18.4132%;text-align: center\"><span style=\"font-family: georgia, palatino, serif\">18:05 \u2013 18:20<\/span><\/td>\n<td style=\"width: 18.7126%;text-align: center\"><span style=\"font-family: georgia, palatino, serif\">18:20 \u201318:35<\/span><\/td>\n<td style=\"width: 18.5629%;text-align: center\"><span style=\"font-family: georgia, palatino, serif\">18:20 \u2013 18:35<\/span><\/td>\n<\/tr>\n<tr>\n<td style=\"background-color: #144a84;border-color: #f7f5f5;width: 43.7126%;text-align: center\"><span style=\"color: #ffffff;font-family: georgia, palatino, serif\">Producci\u00f3n y coproducci\u00f3n de textos escritos<\/span><\/td>\n<td style=\"background-color: #144a84;border-color: #f7f5f5;width: 18.4132%;text-align: center\"><span style=\"color: #ffffff;font-family: georgia, palatino, serif\">18:20 \u2013 19: 20<\/span><\/td>\n<td style=\"background-color: #144a84;border-color: #f7f5f5;width: 18.7126%;text-align: center\"><span style=\"color: #ffffff;font-family: georgia, palatino, serif\">18:35- 19:050<\/span><\/td>\n<td style=\"background-color: #144a84;border-color: #f7f5f5;width: 18.5629%;text-align: center\"><span style=\"color: #ffffff;font-family: georgia, palatino, serif\">18:35 <span style=\"font-family: georgia, palatino, serif\">\u2013 <\/span>20:05<\/span><\/td>\n<\/tr>\n<tr>\n<td style=\"width: 43.7126%;text-align: center\">Pausa<\/td>\n<td style=\"width: 18.4132%;text-align: center\"><span style=\"font-family: georgia, palatino, serif\">\u2013<\/span><\/td>\n<td style=\"width: 18.7126%;text-align: center\"><span style=\"font-family: georgia, palatino, serif\">\u2013<\/span><\/td>\n<td style=\"width: 18.5629%;text-align: center\"><span style=\"font-family: georgia, palatino, serif\">20:05 \u2013 20:10<\/span><\/td>\n<\/tr>\n<tr>\n<td style=\"background-color: #144a84;border-color: #faf7f7;width: 43.7126%;text-align: center\"><span style=\"color: #ffffff;font-family: georgia, palatino, serif\">\u00a0Mediaci\u00f3n<\/span><\/td>\n<td style=\"background-color: #144a84;border-color: #faf7f7;width: 18.4132%;text-align: center\"><span style=\"color: #ffffff;font-family: georgia, palatino, serif\">19:20 \u2013 20:00<\/span><\/td>\n<td style=\"background-color: #144a84;border-color: #faf7f7;width: 18.7126%;text-align: center\"><span style=\"color: #ffffff;font-family: georgia, palatino, serif\">19:50 \u2013 20:30<\/span><\/td>\n<td style=\"background-color: #144a84;border-color: #faf7f7;width: 18.5629%;text-align: center\"><span style=\"color: #ffffff;font-family: georgia, palatino, serif\">20:10 \u2013 21:00\u00a0<\/span><\/td>\n<\/tr>\n<\/tbody>\n<\/table>\n<h3><\/h3>\n<p><strong>Turno de ma\u00f1ana<\/strong><\/p>\n<table style=\"height: 239px;width: 81%\" border=\"2\" cellspacing=\"0\" cellpadding=\"0\">\n<tbody>\n<tr>\n<td style=\"background-color: #144a84;border-color: #000000;width: 43.7126%;text-align: center\"><span style=\"color: #ffffff;font-family: georgia, palatino, serif\"><strong>Mi\u00e9rcoles 1 de septiembre de 2021<\/strong><\/span><\/td>\n<td style=\"background-color: #144a84;border-color: #000000;width: 18.4132%;text-align: center\"><span style=\"color: #ffffff;font-family: georgia, palatino, serif\"><strong>B1<\/strong><\/span><\/td>\n<td style=\"background-color: #144a84;border-color: #000000;width: 18.7126%;text-align: center\"><span style=\"color: #ffffff;font-family: georgia, palatino, serif\"><strong>B2<\/strong><\/span><\/td>\n<td style=\"background-color: #144a84;border-color: #000000;width: 18.5629%;text-align: center\"><span style=\"color: #ffffff;font-family: georgia, palatino, serif\"><strong>C1<\/strong><\/span><\/td>\n<\/tr>\n<tr>\n<td style=\"width: 43.7126%;text-align: center\"><span style=\"font-family: georgia, palatino, serif\">Llamamiento e identificaci\u00f3n de aspirantes<\/span><\/td>\n<td style=\"width: 18.4132%;text-align: center\"><span style=\"font-family: georgia, palatino, serif\">09:00<span style=\"color: #000000;font-family: georgia, palatino, serif\"> \u2013 <\/span>09:15<\/span><\/td>\n<td style=\"width: 18.7126%;text-align: center\"><span style=\"font-family: georgia, palatino, serif\">09:00<span style=\"color: #000000;font-family: georgia, palatino, serif\"> \u2013 <\/span>09:15<\/span><\/td>\n<td style=\"width: 18.5629%;text-align: center\"><span style=\"font-family: georgia, palatino, serif\">09:00<span style=\"color: #000000;font-family: georgia, palatino, serif\"> \u2013 <\/span>09:15<\/span><\/td>\n<\/tr>\n<tr>\n<td style=\"background-color: #144a84;border-color: #f7f7f7;width: 43.7126%;text-align: center\"><span style=\"color: #ffffff;font-family: georgia, palatino, serif\">Comprensi\u00f3n de textos escritos<\/span><\/td>\n<td style=\"background-color: #144a84;border-color: #f7f7f7;width: 18.4132%;text-align: center\"><span style=\"color: #ffffff;font-family: georgia, palatino, serif\">9:15 \u2013 10:15<\/span><\/td>\n<td style=\"background-color: #144a84;border-color: #f7f7f7;width: 18.7126%;text-align: center\"><span style=\"color: #ffffff;font-family: georgia, palatino, serif\">9:15 \u2013 10:30<\/span><\/td>\n<td style=\"background-color: #144a84;border-color: #f7f7f7;width: 18.5629%;text-align: center\"><span style=\"color: #ffffff;font-family: georgia, palatino, serif\">9:15 \u2013 10:30<\/span><\/td>\n<\/tr>\n<tr>\n<td style=\"width: 43.7126%;text-align: center\"><span style=\"font-family: georgia, palatino, serif\">Pausa<\/span><\/td>\n<td style=\"width: 18.4132%;text-align: center\"><span style=\"font-family: georgia, palatino, serif\">10:15- 10:20<\/span><\/td>\n<td style=\"width: 18.7126%;text-align: center\"><span style=\"font-family: georgia, palatino, serif\">10:30- 10:35<\/span><\/td>\n<td style=\"width: 18.5629%;text-align: center\"><span style=\"font-family: georgia, palatino, serif\">10:30- 10:35<\/span><\/td>\n<\/tr>\n<tr>\n<td style=\"background-color: #144a84;border-color: #f7f5f5;width: 43.7126%;text-align: center\"><span style=\"color: #ffffff;font-family: georgia, palatino, serif\">Comprensi\u00f3n de textos orales<\/span><\/td>\n<td style=\"background-color: #144a84;border-color: #f7f5f5;width: 18.4132%;text-align: center\"><span style=\"color: #ffffff;font-family: georgia, palatino, serif\">10:20 \u2013 11:05\u00a0<\/span><\/td>\n<td style=\"background-color: #144a84;border-color: #f7f5f5;width: 18.7126%;text-align: center\"><span style=\"color: #ffffff;font-family: georgia, palatino, serif\">10:35 \u2013 11:20\u00a0<\/span><\/td>\n<td style=\"background-color: #144a84;border-color: #f7f5f5;width: 18.5629%;text-align: center\"><span style=\"color: #ffffff;font-family: georgia, palatino, serif\">10:35 \u2013 11:20\u00a0<\/span><\/td>\n<\/tr>\n<tr>\n<td style=\"width: 43.7126%;text-align: center\"><span style=\"font-family: georgia, palatino, serif\">DESCANSO<\/span><\/td>\n<td style=\"width: 18.4132%;text-align: center\"><span style=\"font-family: georgia, palatino, serif\">10:05 \u2013 11:20<\/span><\/td>\n<td style=\"width: 18.7126%;text-align: center\"><span style=\"font-family: georgia, palatino, serif\">11:20 \u2013 11:35<\/span><\/td>\n<td style=\"width: 18.5629%;text-align: center\"><span style=\"font-family: georgia, palatino, serif\">11:20 \u2013 11:35<\/span><\/td>\n<\/tr>\n<tr>\n<td style=\"background-color: #144a84;border-color: #f7f5f5;width: 43.7126%;text-align: center\"><span style=\"color: #ffffff;font-family: georgia, palatino, serif\">Producci\u00f3n y coproducci\u00f3n de textos escritos<\/span><\/td>\n<td style=\"background-color: #144a84;border-color: #f7f5f5;width: 18.4132%;text-align: center\"><span style=\"color: #ffffff;font-family: georgia, palatino, serif\">11:20 \u2013 12:20<\/span><\/td>\n<td style=\"background-color: #144a84;border-color: #f7f5f5;width: 18.7126%;text-align: center\"><span style=\"color: #ffffff;font-family: georgia, palatino, serif\">11:35 \u2013 12:50<\/span><\/td>\n<td style=\"background-color: #144a84;border-color: #f7f5f5;width: 18.5629%;text-align: center\"><span style=\"color: #ffffff;font-family: georgia, palatino, serif\">11:35 \u2013 13:05<\/span><\/td>\n<\/tr>\n<tr>\n<td style=\"width: 43.7126%;text-align: center\">Pausa<\/td>\n<td style=\"width: 18.4132%;text-align: center\"><span style=\"font-family: georgia, palatino, serif\">\u2013<\/span><\/td>\n<td style=\"width: 18.7126%;text-align: center\"><span style=\"font-family: georgia, palatino, serif\">\u2013<\/span><\/td>\n<td style=\"width: 18.5629%;text-align: center\"><span style=\"font-family: georgia, palatino, serif\">13:05 \u2013 13:10<\/span><\/td>\n<\/tr>\n<tr>\n<td style=\"background-color: #144a84;border-color: #faf7f7;width: 43.7126%;text-align: center\"><span style=\"color: #ffffff;font-family: georgia, palatino, serif\">\u00a0Mediaci\u00f3n<\/span><\/td>\n<td style=\"background-color: #144a84;border-color: #faf7f7;width: 18.4132%;text-align: center\"><span style=\"color: #ffffff;font-family: georgia, palatino, serif\">12:20 \u2013 13:00<\/span><\/td>\n<td style=\"background-color: #144a84;border-color: #faf7f7;width: 18.7126%;text-align: center\"><span style=\"color: #ffffff;font-family: georgia, palatino, serif\">12:50 \u2013 13:30<\/span><\/td>\n<td style=\"background-color: #144a84;border-color: #faf7f7;width: 18.5629%;text-align: center\"><span style=\"color: #ffffff;font-family: georgia, palatino, serif\">13:10 \u2013 14:00<\/span><\/td>\n<\/tr>\n<\/tbody>\n<\/table>\n<h3><\/h3>\n<h3>Consulta de Calificaciones<\/h3>\n<h4>Alumnado oficial y libre<\/h4>\n<p style=\"text-align: justify\">Podr\u00e1 consultar sus calificaciones as\u00ed como todos los datos referentes a su matr\u00edcula en nuestra escuela desde su ordenador en el portal de PASEN o desde la aplicaci\u00f3n iPasen de su dispositivo m\u00f3vil.<\/p>\n<p>Para ello deber\u00e1 hacer el AUTOLOGIN y obtener sus credenciales PASEN (nombre y contrase\u00f1a).<\/p>\n<ul>\n<li>Si lo hace desde un ordenador, siga las siguientes <a href=\"http:\/\/www.eoimalaga.com\/FRANCES\/wp-content\/uploads\/2019\/05\/Acceso-PASEN_todas-las-modalidades.docx.pdf\">instrucciones<\/a>\u00a0en pdf,<\/li>\n<li>Si lo hace desde su dispositivo m\u00f3vil,\u00a0 vea este v\u00eddeo tutorial.<\/li>\n<\/ul>\n<p>No dude en contactar con nosotros ante cualquier incidencia: <a href=\"mailto:semipresencial@eoimalaga.com\"><strong>semipresencial@eoimalaga.com<\/strong><\/a><\/p>\n<div style=\"width: 1180px;\" class=\"wp-video\"><!--[if lt IE 9]><script>document.createElement('video');<\/script><![endif]-->\n<video class=\"wp-video-shortcode\" id=\"video-8425-1\" width=\"1180\" height=\"664\" preload=\"metadata\" controls=\"controls\"><source type=\"video\/mp4\" src=\"http:\/\/www.eoimalaga.com\/FRANCES\/wp-content\/uploads\/2018\/03\/Pasen-final.mp4?_=1\" \/><a href=\"http:\/\/www.eoimalaga.com\/FRANCES\/wp-content\/uploads\/2018\/03\/Pasen-final.mp4\">http:\/\/www.eoimalaga.com\/FRANCES\/wp-content\/uploads\/2018\/03\/Pasen-final.mp4<\/a><\/video><\/div>\n<p>.[\/vc_column_text][vc_empty_space][vc_empty_space][\/vc_column][\/vc_row]<\/p>\n<\/div>","protected":false},"excerpt":{"rendered":"<p>Informaci\u00f3n actualizada el 20\/04\/2021. [vc_row][vc_column][vc_column_text] Convocatoria ordinaria 2021 &#8211; Modalidad oficial (Promoci\u00f3n y Certificaci\u00f3n) En el siguiente enlace puede consultar el d\u00eda y horario de la prueba escrita y oral. Consulte con su tutor para concretar la hora del oral en funci\u00f3n del d\u00eda asignado en el enlace anterior. [\/vc_column_text][\/vc_column][\/vc_row][vc_row][vc_column][vc_column_text] Convocatoria ordinaria 2021 &#8211; Modalidad [&hellip;]<\/p>\n","protected":false},"author":15,"featured_media":0,"parent":8396,"menu_order":0,"comment_status":"closed","ping_status":"closed","template":"","meta":{"inline_featured_image":false,"footnotes":""},"categories":[55],"tags":[],"class_list":["post-8425","page","type-page","status-publish","hentry","category-frances"],"yoast_head":"<!-- This site is optimized with the Yoast SEO plugin v26.5 - https:\/\/yoast.com\/wordpress\/plugins\/seo\/ -->\n<title>Calendario de las pruebas - P\u00e1gina Oficial de la EOI de M\u00e1laga ::Los idiomas ponen el mundo a tus pies::<\/title>\n<meta name=\"robots\" content=\"index, follow, max-snippet:-1, max-image-preview:large, max-video-preview:-1\" \/>\n<link rel=\"canonical\" href=\"https:\/\/www.eoimalaga.com\/web\/frances\/calendario-de-las-pruebas\/\" \/>\n<meta property=\"og:locale\" content=\"es_ES\" \/>\n<meta property=\"og:type\" content=\"article\" \/>\n<meta property=\"og:title\" content=\"Calendario de las pruebas - P\u00e1gina Oficial de la EOI de M\u00e1laga ::Los idiomas ponen el mundo a tus pies::\" \/>\n<meta property=\"og:description\" content=\"Informaci\u00f3n actualizada el 20\/04\/2021. [vc_row][vc_column][vc_column_text] Convocatoria ordinaria 2021 &#8211; Modalidad oficial (Promoci\u00f3n y Certificaci\u00f3n) En el siguiente enlace puede consultar el d\u00eda y horario de la prueba escrita y oral. Consulte con su tutor para concretar la hora del oral en funci\u00f3n del d\u00eda asignado en el enlace anterior. [\/vc_column_text][\/vc_column][\/vc_row][vc_row][vc_column][vc_column_text] Convocatoria ordinaria 2021 &#8211; Modalidad [&hellip;]\" \/>\n<meta property=\"og:url\" content=\"https:\/\/www.eoimalaga.com\/web\/frances\/calendario-de-las-pruebas\/\" \/>\n<meta property=\"og:site_name\" content=\"P\u00e1gina Oficial de la EOI de M\u00e1laga ::Los idiomas ponen el mundo a tus pies::\" \/>\n<meta property=\"article:modified_time\" content=\"2021-05-20T12:39:24+00:00\" \/>\n<meta name=\"twitter:card\" content=\"summary_large_image\" \/>\n<meta name=\"twitter:label1\" content=\"Tiempo de lectura\" \/>\n\t<meta name=\"twitter:data1\" content=\"2 minutos\" \/>\n<script type=\"application\/ld+json\" class=\"yoast-schema-graph\">{\"@context\":\"https:\/\/schema.org\",\"@graph\":[{\"@type\":\"WebPage\",\"@id\":\"https:\/\/www.eoimalaga.com\/web\/frances\/calendario-de-las-pruebas\/\",\"url\":\"https:\/\/www.eoimalaga.com\/web\/frances\/calendario-de-las-pruebas\/\",\"name\":\"Calendario de las pruebas - P\u00e1gina Oficial de la EOI de M\u00e1laga ::Los idiomas ponen el mundo a tus pies::\",\"isPartOf\":{\"@id\":\"https:\/\/www.eoimalaga.com\/web\/#website\"},\"datePublished\":\"2019-12-29T07:59:50+00:00\",\"dateModified\":\"2021-05-20T12:39:24+00:00\",\"breadcrumb\":{\"@id\":\"https:\/\/www.eoimalaga.com\/web\/frances\/calendario-de-las-pruebas\/#breadcrumb\"},\"inLanguage\":\"es\",\"potentialAction\":[{\"@type\":\"ReadAction\",\"target\":[\"https:\/\/www.eoimalaga.com\/web\/frances\/calendario-de-las-pruebas\/\"]}]},{\"@type\":\"BreadcrumbList\",\"@id\":\"https:\/\/www.eoimalaga.com\/web\/frances\/calendario-de-las-pruebas\/#breadcrumb\",\"itemListElement\":[{\"@type\":\"ListItem\",\"position\":1,\"name\":\"Home\",\"item\":\"https:\/\/www.eoimalaga.com\/web\/\"},{\"@type\":\"ListItem\",\"position\":2,\"name\":\"FRANCES\",\"item\":\"https:\/\/www.eoimalaga.com\/web\/frances\/\"},{\"@type\":\"ListItem\",\"position\":3,\"name\":\"Calendario de las pruebas\"}]},{\"@type\":\"WebSite\",\"@id\":\"https:\/\/www.eoimalaga.com\/web\/#website\",\"url\":\"https:\/\/www.eoimalaga.com\/web\/\",\"name\":\"P\u00e1gina Oficial de la EOI de M\u00e1laga ::Los idiomas ponen el mundo a tus pies::\",\"description\":\"EOI M\u00e1laga\",\"potentialAction\":[{\"@type\":\"SearchAction\",\"target\":{\"@type\":\"EntryPoint\",\"urlTemplate\":\"https:\/\/www.eoimalaga.com\/web\/?s={search_term_string}\"},\"query-input\":{\"@type\":\"PropertyValueSpecification\",\"valueRequired\":true,\"valueName\":\"search_term_string\"}}],\"inLanguage\":\"es\"}]}<\/script>\n<!-- \/ Yoast SEO plugin. -->","yoast_head_json":{"title":"Calendario de las pruebas - P\u00e1gina Oficial de la EOI de M\u00e1laga ::Los idiomas ponen el mundo a tus pies::","robots":{"index":"index","follow":"follow","max-snippet":"max-snippet:-1","max-image-preview":"max-image-preview:large","max-video-preview":"max-video-preview:-1"},"canonical":"https:\/\/www.eoimalaga.com\/web\/frances\/calendario-de-las-pruebas\/","og_locale":"es_ES","og_type":"article","og_title":"Calendario de las pruebas - P\u00e1gina Oficial de la EOI de M\u00e1laga ::Los idiomas ponen el mundo a tus pies::","og_description":"Informaci\u00f3n actualizada el 20\/04\/2021. [vc_row][vc_column][vc_column_text] Convocatoria ordinaria 2021 &#8211; Modalidad oficial (Promoci\u00f3n y Certificaci\u00f3n) En el siguiente enlace puede consultar el d\u00eda y horario de la prueba escrita y oral. Consulte con su tutor para concretar la hora del oral en funci\u00f3n del d\u00eda asignado en el enlace anterior. [\/vc_column_text][\/vc_column][\/vc_row][vc_row][vc_column][vc_column_text] Convocatoria ordinaria 2021 &#8211; Modalidad [&hellip;]","og_url":"https:\/\/www.eoimalaga.com\/web\/frances\/calendario-de-las-pruebas\/","og_site_name":"P\u00e1gina Oficial de la EOI de M\u00e1laga ::Los idiomas ponen el mundo a tus pies::","article_modified_time":"2021-05-20T12:39:24+00:00","twitter_card":"summary_large_image","twitter_misc":{"Tiempo de lectura":"2 minutos"},"schema":{"@context":"https:\/\/schema.org","@graph":[{"@type":"WebPage","@id":"https:\/\/www.eoimalaga.com\/web\/frances\/calendario-de-las-pruebas\/","url":"https:\/\/www.eoimalaga.com\/web\/frances\/calendario-de-las-pruebas\/","name":"Calendario de las pruebas - P\u00e1gina Oficial de la EOI de M\u00e1laga ::Los idiomas ponen el mundo a tus pies::","isPartOf":{"@id":"https:\/\/www.eoimalaga.com\/web\/#website"},"datePublished":"2019-12-29T07:59:50+00:00","dateModified":"2021-05-20T12:39:24+00:00","breadcrumb":{"@id":"https:\/\/www.eoimalaga.com\/web\/frances\/calendario-de-las-pruebas\/#breadcrumb"},"inLanguage":"es","potentialAction":[{"@type":"ReadAction","target":["https:\/\/www.eoimalaga.com\/web\/frances\/calendario-de-las-pruebas\/"]}]},{"@type":"BreadcrumbList","@id":"https:\/\/www.eoimalaga.com\/web\/frances\/calendario-de-las-pruebas\/#breadcrumb","itemListElement":[{"@type":"ListItem","position":1,"name":"Home","item":"https:\/\/www.eoimalaga.com\/web\/"},{"@type":"ListItem","position":2,"name":"FRANCES","item":"https:\/\/www.eoimalaga.com\/web\/frances\/"},{"@type":"ListItem","position":3,"name":"Calendario de las pruebas"}]},{"@type":"WebSite","@id":"https:\/\/www.eoimalaga.com\/web\/#website","url":"https:\/\/www.eoimalaga.com\/web\/","name":"P\u00e1gina Oficial de la EOI de M\u00e1laga ::Los idiomas ponen el mundo a tus pies::","description":"EOI M\u00e1laga","potentialAction":[{"@type":"SearchAction","target":{"@type":"EntryPoint","urlTemplate":"https:\/\/www.eoimalaga.com\/web\/?s={search_term_string}"},"query-input":{"@type":"PropertyValueSpecification","valueRequired":true,"valueName":"search_term_string"}}],"inLanguage":"es"}]}},"_links":{"self":[{"href":"https:\/\/www.eoimalaga.com\/web\/wp-json\/wp\/v2\/pages\/8425","targetHints":{"allow":["GET"]}}],"collection":[{"href":"https:\/\/www.eoimalaga.com\/web\/wp-json\/wp\/v2\/pages"}],"about":[{"href":"https:\/\/www.eoimalaga.com\/web\/wp-json\/wp\/v2\/types\/page"}],"author":[{"embeddable":true,"href":"https:\/\/www.eoimalaga.com\/web\/wp-json\/wp\/v2\/users\/15"}],"replies":[{"embeddable":true,"href":"https:\/\/www.eoimalaga.com\/web\/wp-json\/wp\/v2\/comments?post=8425"}],"version-history":[{"count":17,"href":"https:\/\/www.eoimalaga.com\/web\/wp-json\/wp\/v2\/pages\/8425\/revisions"}],"predecessor-version":[{"id":10976,"href":"https:\/\/www.eoimalaga.com\/web\/wp-json\/wp\/v2\/pages\/8425\/revisions\/10976"}],"up":[{"embeddable":true,"href":"https:\/\/www.eoimalaga.com\/web\/wp-json\/wp\/v2\/pages\/8396"}],"wp:attachment":[{"href":"https:\/\/www.eoimalaga.com\/web\/wp-json\/wp\/v2\/media?parent=8425"}],"wp:term":[{"taxonomy":"category","embeddable":true,"href":"https:\/\/www.eoimalaga.com\/web\/wp-json\/wp\/v2\/categories?post=8425"},{"taxonomy":"post_tag","embeddable":true,"href":"https:\/\/www.eoimalaga.com\/web\/wp-json\/wp\/v2\/tags?post=8425"}],"curies":[{"name":"wp","href":"https:\/\/api.w.org\/{rel}","templated":true}]}}