{"id":8406,"date":"2019-12-29T09:51:11","date_gmt":"2019-12-29T07:51:11","guid":{"rendered":"http:\/\/www.eoimalaga.com\/web\/?page_id=8406"},"modified":"2025-10-30T14:22:44","modified_gmt":"2025-10-30T12:22:44","slug":"programaciones","status":"publish","type":"page","link":"https:\/\/www.eoimalaga.com\/web\/frances\/programaciones\/","title":{"rendered":"Programaciones"},"content":{"rendered":"<h4><\/h4>\n<p>&nbsp;<\/p>\n<h3 style=\"text-align: center\"><\/h3>\n<table class=\"aligncenter\" style=\"width: 37.4437%;border-color: #a4a4a4;height: 640px\" border=\"1\" cellspacing=\"0\" cellpadding=\"10\">\n<tbody>\n<tr style=\"height: 16px\">\n<td style=\"background-color: #144a84;width: 393.141px;height: 16px\" align=\"center\"><span style=\"color: #ffffff;font-family: tahoma, arial, helvetica, sans-serif\">\u00a0NIVEL B\u00c1SICO\u00a0 A1<\/span><\/td>\n<td style=\"width: 49.8594px;height: 16px\"><a href=\"https:\/\/docs.google.com\/document\/d\/1mKXguImmOzfRXNNI01MPjhkTnIreEnWX8DSaf3c1A84\/edit?usp=drive_link\" target=\"_blank\" rel=\"noopener noreferrer\"><img loading=\"lazy\" decoding=\"async\" class=\"aligncenter wp-image-6450\" src=\"http:\/\/www.eoimalaga.com\/FRANCES\/wp-content\/uploads\/2018\/03\/Download_icon.png\" alt=\"Descargar\" width=\"44\" height=\"44\" \/><\/a><\/td>\n<\/tr>\n<tr style=\"height: 25px\">\n<td style=\"background-color: #144a84;width: 393.141px;height: 25px\" align=\"center\"><span style=\"color: #ffffff;font-family: tahoma, arial, helvetica, sans-serif\">NIVEL B\u00c1SICO\u00a0 A2<\/span><\/td>\n<td style=\"width: 49.8594px;height: 16px\"><a href=\"https:\/\/docs.google.com\/document\/d\/17rVW1jHzMxGU6zWbidPxrcWiEZ-mAfvOYn74hL5VUiY\/edit?usp=drive_link\" target=\"_blank\" rel=\"noopener noreferrer\"><img loading=\"lazy\" decoding=\"async\" class=\"aligncenter wp-image-6450\" src=\"http:\/\/www.eoimalaga.com\/FRANCES\/wp-content\/uploads\/2018\/03\/Download_icon.png\" alt=\"Descargar\" width=\"44\" height=\"44\" \/><\/a><\/td>\n<\/tr>\n<tr style=\"height: 25px\">\n<td style=\"background-color: #144a84;width: 393.141px;height: 25px\" align=\"center\"><span style=\"color: #ffffff;font-family: tahoma, arial, helvetica, sans-serif\">NIVEL INTERMEDIO B1<\/span><\/td>\n<td style=\"width: 49.8594px;height: 16px\"><a href=\"https:\/\/docs.google.com\/document\/d\/14tDiDS0Lm3wFGt02InrPKtnwzjMdfuAEn-nNynnUNeA\/edit?usp=drive_link\" target=\"_blank\" rel=\"noopener noreferrer\"><img loading=\"lazy\" decoding=\"async\" class=\"aligncenter wp-image-6450\" src=\"http:\/\/www.eoimalaga.com\/FRANCES\/wp-content\/uploads\/2018\/03\/Download_icon.png\" alt=\"Descargar\" width=\"44\" height=\"44\" \/><\/a><\/td>\n<\/tr>\n<tr style=\"height: 25px\">\n<td style=\"background-color: #144a84;width: 393.141px;height: 25px\" align=\"center\"><span style=\"color: #ffffff;font-family: tahoma, arial, helvetica, sans-serif\">NIVEL INTERMEDIO B2.1<\/span><\/td>\n<td style=\"width: 49.8594px;height: 16px\"><a href=\"https:\/\/docs.google.com\/document\/d\/1Z4oUXQepcgAKohW8H3EKfAyuU5R51h-nAzcADwd1m40\/edit?usp=drive_link\" target=\"_blank\" rel=\"noopener noreferrer\"><img loading=\"lazy\" decoding=\"async\" class=\"aligncenter wp-image-6450\" src=\"http:\/\/www.eoimalaga.com\/FRANCES\/wp-content\/uploads\/2018\/03\/Download_icon.png\" alt=\"Descargar\" width=\"44\" height=\"44\" \/><\/a><\/td>\n<\/tr>\n<tr>\n<td style=\"background-color: #144a84;width: 393.141px\"><span style=\"color: #ffffff;font-family: tahoma, arial, helvetica, sans-serif\">\u00a0 \u00a0 \u00a0 \u00a0 \u00a0 \u00a0 \u00a0 NIVEL INTERMEDIO B2<\/span><\/td>\n<td style=\"width: 49.8594px\"><a href=\"https:\/\/docs.google.com\/document\/d\/1NqHN_tJRo61KtK3Uk1NrSuFmqBJtNU3C7w4Mhgjl7AI\/edit?usp=drive_link\" target=\"_blank\" rel=\"noopener noreferrer\"><img loading=\"lazy\" decoding=\"async\" class=\"aligncenter wp-image-6450\" src=\"http:\/\/www.eoimalaga.com\/FRANCES\/wp-content\/uploads\/2018\/03\/Download_icon.png\" alt=\"Descargar\" width=\"44\" height=\"44\" \/><\/a><\/td>\n<\/tr>\n<tr style=\"height: 25px\">\n<td style=\"background-color: #144a84;width: 393.141px;height: 25px\" align=\"center\"><span style=\"color: #ffffff;font-family: tahoma, arial, helvetica, sans-serif\">NIVEL AVANZADO\u00a0 C1.1<\/span><\/td>\n<td style=\"width: 49.8594px;height: 16px\"><a href=\"https:\/\/docs.google.com\/document\/d\/1DTwaQJwRjg2M-WUzZIPp5R9GSiFQ9N1qQ3M9-FExmKw\/edit?usp=drive_link\" target=\"_blank\" rel=\"noopener\"><img loading=\"lazy\" decoding=\"async\" class=\"aligncenter wp-image-6450\" src=\"http:\/\/www.eoimalaga.com\/FRANCES\/wp-content\/uploads\/2018\/03\/Download_icon.png\" alt=\"Descargar\" width=\"44\" height=\"44\" \/><\/a><\/td>\n<\/tr>\n<tr>\n<td style=\"background-color: #144a84;width: 393.141px\"><span style=\"color: #ffffff;font-family: tahoma, arial, helvetica, sans-serif\">\u00a0 \u00a0 \u00a0 \u00a0 \u00a0 \u00a0 \u00a0 \u00a0 NIVEL AVANZADO\u00a0 C1<\/span><\/td>\n<td style=\"width: 49.8594px\"><a href=\"https:\/\/docs.google.com\/document\/d\/1wv8pHntDUjfVoCdfAvuI2-B4SlSMU9xfy9spFEPJDkY\/edit?usp=drive_link\" target=\"_blank\" rel=\"noopener noreferrer\"><img loading=\"lazy\" decoding=\"async\" class=\"aligncenter wp-image-6450\" src=\"http:\/\/www.eoimalaga.com\/FRANCES\/wp-content\/uploads\/2018\/03\/Download_icon.png\" alt=\"Descargar\" width=\"44\" height=\"44\" \/><\/a><\/td>\n<\/tr>\n<tr>\n<td style=\"background-color: #144a84;width: 393.141px\"><span style=\"color: #ffffff;font-family: tahoma, arial, helvetica, sans-serif\">\u00a0 \u00a0 \u00a0 \u00a0 \u00a0 \u00a0 \u00a0 \u00a0 \u00a0 \u00a0 \u00a0 CAPE B1<\/span><\/td>\n<td style=\"width: 49.8594px\"><a href=\"https:\/\/docs.google.com\/document\/d\/1wW1sjqeU5ACjsnMlssWHOkFdn-fsTkkMg8SL5SBfrmQ\/edit?usp=drive_link\" target=\"_blank\" rel=\"noopener noreferrer\"><img loading=\"lazy\" decoding=\"async\" class=\"aligncenter wp-image-6450\" src=\"http:\/\/www.eoimalaga.com\/FRANCES\/wp-content\/uploads\/2018\/03\/Download_icon.png\" alt=\"Descargar\" width=\"44\" height=\"44\" \/><\/a><\/td>\n<\/tr>\n<tr>\n<td style=\"background-color: #144a84;width: 393.141px\"><span style=\"color: #ffffff;font-family: tahoma, arial, helvetica, sans-serif\">\u00a0 \u00a0 \u00a0 \u00a0 \u00a0 \u00a0 \u00a0 \u00a0 \u00a0 \u00a0 \u00a0 CAPE B2<\/span><\/td>\n<td style=\"width: 49.8594px\"><a href=\"https:\/\/docs.google.com\/document\/d\/1uSBrVfavtF3d2aJD-bBI8IJ6FwYuE21fS5KQ_plvDac\/edit?usp=drive_link\" target=\"_blank\" rel=\"noopener noreferrer\"><img loading=\"lazy\" decoding=\"async\" class=\"aligncenter wp-image-6450\" src=\"http:\/\/www.eoimalaga.com\/FRANCES\/wp-content\/uploads\/2018\/03\/Download_icon.png\" alt=\"Descargar\" width=\"44\" height=\"44\" \/><\/a><\/td>\n<\/tr>\n<\/tbody>\n<\/table>\n<p>&nbsp;<\/p>\n<p>&nbsp;<\/p>\n","protected":false},"excerpt":{"rendered":"<p>&nbsp; \u00a0NIVEL B\u00c1SICO\u00a0 A1 NIVEL B\u00c1SICO\u00a0 A2 NIVEL INTERMEDIO B1 NIVEL INTERMEDIO B2.1 \u00a0 \u00a0 \u00a0 \u00a0 \u00a0 \u00a0 \u00a0 NIVEL INTERMEDIO B2 NIVEL AVANZADO\u00a0 C1.1 \u00a0 \u00a0 \u00a0 \u00a0 \u00a0 \u00a0 \u00a0 \u00a0 NIVEL AVANZADO\u00a0 C1 \u00a0 \u00a0 \u00a0 \u00a0 \u00a0 \u00a0 \u00a0 \u00a0 \u00a0 \u00a0 \u00a0 CAPE B1 \u00a0 \u00a0 \u00a0 \u00a0 \u00a0 [&hellip;]<\/p>\n","protected":false},"author":15,"featured_media":0,"parent":8396,"menu_order":0,"comment_status":"closed","ping_status":"closed","template":"","meta":{"inline_featured_image":false,"footnotes":""},"categories":[55],"tags":[],"class_list":["post-8406","page","type-page","status-publish","hentry","category-frances"],"yoast_head":"<!-- This site is optimized with the Yoast SEO plugin v26.5 - https:\/\/yoast.com\/wordpress\/plugins\/seo\/ -->\n<title>Programaciones - P\u00e1gina Oficial de la EOI de M\u00e1laga ::Los idiomas ponen el mundo a tus pies::<\/title>\n<meta name=\"robots\" content=\"index, follow, max-snippet:-1, max-image-preview:large, max-video-preview:-1\" \/>\n<link rel=\"canonical\" href=\"https:\/\/www.eoimalaga.com\/web\/frances\/programaciones\/\" \/>\n<meta property=\"og:locale\" content=\"es_ES\" \/>\n<meta property=\"og:type\" content=\"article\" \/>\n<meta property=\"og:title\" content=\"Programaciones - P\u00e1gina Oficial de la EOI de M\u00e1laga ::Los idiomas ponen el mundo a tus pies::\" \/>\n<meta property=\"og:description\" content=\"&nbsp; \u00a0NIVEL B\u00c1SICO\u00a0 A1 NIVEL B\u00c1SICO\u00a0 A2 NIVEL INTERMEDIO B1 NIVEL INTERMEDIO B2.1 \u00a0 \u00a0 \u00a0 \u00a0 \u00a0 \u00a0 \u00a0 NIVEL INTERMEDIO B2 NIVEL AVANZADO\u00a0 C1.1 \u00a0 \u00a0 \u00a0 \u00a0 \u00a0 \u00a0 \u00a0 \u00a0 NIVEL AVANZADO\u00a0 C1 \u00a0 \u00a0 \u00a0 \u00a0 \u00a0 \u00a0 \u00a0 \u00a0 \u00a0 \u00a0 \u00a0 CAPE B1 \u00a0 \u00a0 \u00a0 \u00a0 \u00a0 [&hellip;]\" \/>\n<meta property=\"og:url\" content=\"https:\/\/www.eoimalaga.com\/web\/frances\/programaciones\/\" \/>\n<meta property=\"og:site_name\" content=\"P\u00e1gina Oficial de la EOI de M\u00e1laga ::Los idiomas ponen el mundo a tus pies::\" \/>\n<meta property=\"article:modified_time\" content=\"2025-10-30T12:22:44+00:00\" \/>\n<meta name=\"twitter:card\" content=\"summary_large_image\" \/>\n<meta name=\"twitter:label1\" content=\"Tiempo de lectura\" \/>\n\t<meta name=\"twitter:data1\" content=\"2 minutos\" \/>\n<script type=\"application\/ld+json\" class=\"yoast-schema-graph\">{\"@context\":\"https:\/\/schema.org\",\"@graph\":[{\"@type\":\"WebPage\",\"@id\":\"https:\/\/www.eoimalaga.com\/web\/frances\/programaciones\/\",\"url\":\"https:\/\/www.eoimalaga.com\/web\/frances\/programaciones\/\",\"name\":\"Programaciones - P\u00e1gina Oficial de la EOI de M\u00e1laga ::Los idiomas ponen el mundo a tus pies::\",\"isPartOf\":{\"@id\":\"https:\/\/www.eoimalaga.com\/web\/#website\"},\"primaryImageOfPage\":{\"@id\":\"https:\/\/www.eoimalaga.com\/web\/frances\/programaciones\/#primaryimage\"},\"image\":{\"@id\":\"https:\/\/www.eoimalaga.com\/web\/frances\/programaciones\/#primaryimage\"},\"thumbnailUrl\":\"http:\/\/www.eoimalaga.com\/FRANCES\/wp-content\/uploads\/2018\/03\/Download_icon.png\",\"datePublished\":\"2019-12-29T07:51:11+00:00\",\"dateModified\":\"2025-10-30T12:22:44+00:00\",\"breadcrumb\":{\"@id\":\"https:\/\/www.eoimalaga.com\/web\/frances\/programaciones\/#breadcrumb\"},\"inLanguage\":\"es\",\"potentialAction\":[{\"@type\":\"ReadAction\",\"target\":[\"https:\/\/www.eoimalaga.com\/web\/frances\/programaciones\/\"]}]},{\"@type\":\"ImageObject\",\"inLanguage\":\"es\",\"@id\":\"https:\/\/www.eoimalaga.com\/web\/frances\/programaciones\/#primaryimage\",\"url\":\"http:\/\/www.eoimalaga.com\/FRANCES\/wp-content\/uploads\/2018\/03\/Download_icon.png\",\"contentUrl\":\"http:\/\/www.eoimalaga.com\/FRANCES\/wp-content\/uploads\/2018\/03\/Download_icon.png\"},{\"@type\":\"BreadcrumbList\",\"@id\":\"https:\/\/www.eoimalaga.com\/web\/frances\/programaciones\/#breadcrumb\",\"itemListElement\":[{\"@type\":\"ListItem\",\"position\":1,\"name\":\"Home\",\"item\":\"https:\/\/www.eoimalaga.com\/web\/\"},{\"@type\":\"ListItem\",\"position\":2,\"name\":\"FRANCES\",\"item\":\"https:\/\/www.eoimalaga.com\/web\/frances\/\"},{\"@type\":\"ListItem\",\"position\":3,\"name\":\"Programaciones\"}]},{\"@type\":\"WebSite\",\"@id\":\"https:\/\/www.eoimalaga.com\/web\/#website\",\"url\":\"https:\/\/www.eoimalaga.com\/web\/\",\"name\":\"P\u00e1gina Oficial de la EOI de M\u00e1laga ::Los idiomas ponen el mundo a tus pies::\",\"description\":\"EOI M\u00e1laga\",\"potentialAction\":[{\"@type\":\"SearchAction\",\"target\":{\"@type\":\"EntryPoint\",\"urlTemplate\":\"https:\/\/www.eoimalaga.com\/web\/?s={search_term_string}\"},\"query-input\":{\"@type\":\"PropertyValueSpecification\",\"valueRequired\":true,\"valueName\":\"search_term_string\"}}],\"inLanguage\":\"es\"}]}<\/script>\n<!-- \/ Yoast SEO plugin. -->","yoast_head_json":{"title":"Programaciones - P\u00e1gina Oficial de la EOI de M\u00e1laga ::Los idiomas ponen el mundo a tus pies::","robots":{"index":"index","follow":"follow","max-snippet":"max-snippet:-1","max-image-preview":"max-image-preview:large","max-video-preview":"max-video-preview:-1"},"canonical":"https:\/\/www.eoimalaga.com\/web\/frances\/programaciones\/","og_locale":"es_ES","og_type":"article","og_title":"Programaciones - P\u00e1gina Oficial de la EOI de M\u00e1laga ::Los idiomas ponen el mundo a tus pies::","og_description":"&nbsp; \u00a0NIVEL B\u00c1SICO\u00a0 A1 NIVEL B\u00c1SICO\u00a0 A2 NIVEL INTERMEDIO B1 NIVEL INTERMEDIO B2.1 \u00a0 \u00a0 \u00a0 \u00a0 \u00a0 \u00a0 \u00a0 NIVEL INTERMEDIO B2 NIVEL AVANZADO\u00a0 C1.1 \u00a0 \u00a0 \u00a0 \u00a0 \u00a0 \u00a0 \u00a0 \u00a0 NIVEL AVANZADO\u00a0 C1 \u00a0 \u00a0 \u00a0 \u00a0 \u00a0 \u00a0 \u00a0 \u00a0 \u00a0 \u00a0 \u00a0 CAPE B1 \u00a0 \u00a0 \u00a0 \u00a0 \u00a0 [&hellip;]","og_url":"https:\/\/www.eoimalaga.com\/web\/frances\/programaciones\/","og_site_name":"P\u00e1gina Oficial de la EOI de M\u00e1laga ::Los idiomas ponen el mundo a tus pies::","article_modified_time":"2025-10-30T12:22:44+00:00","twitter_card":"summary_large_image","twitter_misc":{"Tiempo de lectura":"2 minutos"},"schema":{"@context":"https:\/\/schema.org","@graph":[{"@type":"WebPage","@id":"https:\/\/www.eoimalaga.com\/web\/frances\/programaciones\/","url":"https:\/\/www.eoimalaga.com\/web\/frances\/programaciones\/","name":"Programaciones - P\u00e1gina Oficial de la EOI de M\u00e1laga ::Los idiomas ponen el mundo a tus pies::","isPartOf":{"@id":"https:\/\/www.eoimalaga.com\/web\/#website"},"primaryImageOfPage":{"@id":"https:\/\/www.eoimalaga.com\/web\/frances\/programaciones\/#primaryimage"},"image":{"@id":"https:\/\/www.eoimalaga.com\/web\/frances\/programaciones\/#primaryimage"},"thumbnailUrl":"http:\/\/www.eoimalaga.com\/FRANCES\/wp-content\/uploads\/2018\/03\/Download_icon.png","datePublished":"2019-12-29T07:51:11+00:00","dateModified":"2025-10-30T12:22:44+00:00","breadcrumb":{"@id":"https:\/\/www.eoimalaga.com\/web\/frances\/programaciones\/#breadcrumb"},"inLanguage":"es","potentialAction":[{"@type":"ReadAction","target":["https:\/\/www.eoimalaga.com\/web\/frances\/programaciones\/"]}]},{"@type":"ImageObject","inLanguage":"es","@id":"https:\/\/www.eoimalaga.com\/web\/frances\/programaciones\/#primaryimage","url":"http:\/\/www.eoimalaga.com\/FRANCES\/wp-content\/uploads\/2018\/03\/Download_icon.png","contentUrl":"http:\/\/www.eoimalaga.com\/FRANCES\/wp-content\/uploads\/2018\/03\/Download_icon.png"},{"@type":"BreadcrumbList","@id":"https:\/\/www.eoimalaga.com\/web\/frances\/programaciones\/#breadcrumb","itemListElement":[{"@type":"ListItem","position":1,"name":"Home","item":"https:\/\/www.eoimalaga.com\/web\/"},{"@type":"ListItem","position":2,"name":"FRANCES","item":"https:\/\/www.eoimalaga.com\/web\/frances\/"},{"@type":"ListItem","position":3,"name":"Programaciones"}]},{"@type":"WebSite","@id":"https:\/\/www.eoimalaga.com\/web\/#website","url":"https:\/\/www.eoimalaga.com\/web\/","name":"P\u00e1gina Oficial de la EOI de M\u00e1laga ::Los idiomas ponen el mundo a tus pies::","description":"EOI M\u00e1laga","potentialAction":[{"@type":"SearchAction","target":{"@type":"EntryPoint","urlTemplate":"https:\/\/www.eoimalaga.com\/web\/?s={search_term_string}"},"query-input":{"@type":"PropertyValueSpecification","valueRequired":true,"valueName":"search_term_string"}}],"inLanguage":"es"}]}},"_links":{"self":[{"href":"https:\/\/www.eoimalaga.com\/web\/wp-json\/wp\/v2\/pages\/8406","targetHints":{"allow":["GET"]}}],"collection":[{"href":"https:\/\/www.eoimalaga.com\/web\/wp-json\/wp\/v2\/pages"}],"about":[{"href":"https:\/\/www.eoimalaga.com\/web\/wp-json\/wp\/v2\/types\/page"}],"author":[{"embeddable":true,"href":"https:\/\/www.eoimalaga.com\/web\/wp-json\/wp\/v2\/users\/15"}],"replies":[{"embeddable":true,"href":"https:\/\/www.eoimalaga.com\/web\/wp-json\/wp\/v2\/comments?post=8406"}],"version-history":[{"count":38,"href":"https:\/\/www.eoimalaga.com\/web\/wp-json\/wp\/v2\/pages\/8406\/revisions"}],"predecessor-version":[{"id":22545,"href":"https:\/\/www.eoimalaga.com\/web\/wp-json\/wp\/v2\/pages\/8406\/revisions\/22545"}],"up":[{"embeddable":true,"href":"https:\/\/www.eoimalaga.com\/web\/wp-json\/wp\/v2\/pages\/8396"}],"wp:attachment":[{"href":"https:\/\/www.eoimalaga.com\/web\/wp-json\/wp\/v2\/media?parent=8406"}],"wp:term":[{"taxonomy":"category","embeddable":true,"href":"https:\/\/www.eoimalaga.com\/web\/wp-json\/wp\/v2\/categories?post=8406"},{"taxonomy":"post_tag","embeddable":true,"href":"https:\/\/www.eoimalaga.com\/web\/wp-json\/wp\/v2\/tags?post=8406"}],"curies":[{"name":"wp","href":"https:\/\/api.w.org\/{rel}","templated":true}]}}