{"id":8402,"date":"2019-12-29T09:48:55","date_gmt":"2019-12-29T07:48:55","guid":{"rendered":"http:\/\/www.eoimalaga.com\/web\/?page_id=8402"},"modified":"2025-10-02T18:17:20","modified_gmt":"2025-10-02T16:17:20","slug":"horarios","status":"publish","type":"page","link":"https:\/\/www.eoimalaga.com\/web\/frances\/horarios\/","title":{"rendered":"Horarios"},"content":{"rendered":"<div class=\"wpb-content-wrapper\"><p style=\"text-align: justify\">[vc_row][vc_column][vc_column_text css=\u00bb\u00bb]Para consultar el <strong>horario del departamento de franc\u00e9s<\/strong> <strong>del curso escolar 2025\/26<\/strong> pinche en el siguiente enlace:<\/p>\n<ul style=\"text-align: justify\">\n<li><span style=\"color: #3366ff\"><span style=\"color: #3366ff\"><a href=\"https:\/\/www.eoimalaga.com\/web_docs\/horarios\/FR_OfertaAcademica_Idioma.pdf\" target=\"_blank\" rel=\"noopener\"><span style=\"text-decoration: underline\"><span style=\"color: #0000ff;text-decoration: underline\">Cursos de franc\u00e9s<\/span><\/span><\/a>.<\/span><\/span><\/li>\n<\/ul>\n<p style=\"text-align: justify\">NOTA: El alumnado puede consultar su <a href=\"https:\/\/youtu.be\/i3U73z-LuXw\" target=\"_blank\" rel=\"noopener noreferrer\">c\u00f3digo de grupo<\/a> en PASEN, \u00abtutor\u00eda\u00bb. Si tiene problemas de acceso,\u00a0 consulte el siguiente <a href=\"https:\/\/www.eoimalaga.com\/web\/acceso-a-pasen\/\" target=\"_blank\" rel=\"noopener noreferrer\">enlace<\/a> y\/o <a href=\"https:\/\/youtu.be\/i3U73z-LuXw\">tutorial<\/a><\/p>\n<h4 style=\"text-align: justify\"><strong>Talleres de conversaci\u00f3n<\/strong><\/h4>\n<ul style=\"text-align: justify\">\n<li>Pinche <a href=\"https:\/\/docs.google.com\/document\/d\/164gVC-NXGEyqZXkAmmRRDN9x1PlEmYhV\/edit?usp=drive_link&amp;ouid=108290662395218055559&amp;rtpof=true&amp;sd=true\" target=\"_blank\" rel=\"noopener\"><strong><span style=\"text-decoration: underline\"><span style=\"color: #3366ff;text-decoration: underline\">aqu\u00ed<\/span><\/span><\/strong><\/a> para consultar el horario. Para m\u00e1s informaci\u00f3n, contacte con Jean-Pierre Lentz (Whatsapp 639215018).<\/li>\n<\/ul>\n<p style=\"text-align: justify\"><strong>IMPORTANTE:<\/strong> Para participar en los talleres, debe asistir el d\u00eda y hora fijado para el nivel que sea de su inter\u00e9s. Cada responsable\/s del taller le informar\u00e1 del funcionamiento de los mismos.<\/p>\n<p style=\"text-align: right\">Actualizado 02\/10\/2025<\/p>\n<p>&nbsp;<\/p>\n<p>[\/vc_column_text][\/vc_column][\/vc_row]<\/p>\n<\/div>","protected":false},"excerpt":{"rendered":"<p>[vc_row][vc_column][vc_column_text css=\u00bb\u00bb]Para consultar el horario del departamento de franc\u00e9s del curso escolar 2025\/26 pinche en el siguiente enlace: Cursos de franc\u00e9s. NOTA: El alumnado puede consultar su c\u00f3digo de grupo en PASEN, \u00abtutor\u00eda\u00bb. Si tiene problemas de acceso,\u00a0 consulte el siguiente enlace y\/o tutorial Talleres de conversaci\u00f3n Pinche aqu\u00ed para consultar el horario. Para m\u00e1s [&hellip;]<\/p>\n","protected":false},"author":15,"featured_media":0,"parent":8396,"menu_order":0,"comment_status":"closed","ping_status":"closed","template":"","meta":{"inline_featured_image":false,"footnotes":""},"categories":[55],"tags":[],"class_list":["post-8402","page","type-page","status-publish","hentry","category-frances"],"yoast_head":"<!-- This site is optimized with the Yoast SEO plugin v26.5 - https:\/\/yoast.com\/wordpress\/plugins\/seo\/ -->\n<title>Horarios - P\u00e1gina Oficial de la EOI de M\u00e1laga ::Los idiomas ponen el mundo a tus pies::<\/title>\n<meta name=\"robots\" content=\"index, follow, max-snippet:-1, max-image-preview:large, max-video-preview:-1\" \/>\n<link rel=\"canonical\" href=\"https:\/\/www.eoimalaga.com\/web\/frances\/horarios\/\" \/>\n<meta property=\"og:locale\" content=\"es_ES\" \/>\n<meta property=\"og:type\" content=\"article\" \/>\n<meta property=\"og:title\" content=\"Horarios - P\u00e1gina Oficial de la EOI de M\u00e1laga ::Los idiomas ponen el mundo a tus pies::\" \/>\n<meta property=\"og:description\" content=\"[vc_row][vc_column][vc_column_text css=\u00bb\u00bb]Para consultar el horario del departamento de franc\u00e9s del curso escolar 2025\/26 pinche en el siguiente enlace: Cursos de franc\u00e9s. NOTA: El alumnado puede consultar su c\u00f3digo de grupo en PASEN, \u00abtutor\u00eda\u00bb. Si tiene problemas de acceso,\u00a0 consulte el siguiente enlace y\/o tutorial Talleres de conversaci\u00f3n Pinche aqu\u00ed para consultar el horario. Para m\u00e1s [&hellip;]\" \/>\n<meta property=\"og:url\" content=\"https:\/\/www.eoimalaga.com\/web\/frances\/horarios\/\" \/>\n<meta property=\"og:site_name\" content=\"P\u00e1gina Oficial de la EOI de M\u00e1laga ::Los idiomas ponen el mundo a tus pies::\" \/>\n<meta property=\"article:modified_time\" content=\"2025-10-02T16:17:20+00:00\" \/>\n<meta name=\"twitter:card\" content=\"summary_large_image\" \/>\n<meta name=\"twitter:label1\" content=\"Tiempo de lectura\" \/>\n\t<meta name=\"twitter:data1\" content=\"1 minuto\" \/>\n<script type=\"application\/ld+json\" class=\"yoast-schema-graph\">{\"@context\":\"https:\/\/schema.org\",\"@graph\":[{\"@type\":\"WebPage\",\"@id\":\"https:\/\/www.eoimalaga.com\/web\/frances\/horarios\/\",\"url\":\"https:\/\/www.eoimalaga.com\/web\/frances\/horarios\/\",\"name\":\"Horarios - P\u00e1gina Oficial de la EOI de M\u00e1laga ::Los idiomas ponen el mundo a tus pies::\",\"isPartOf\":{\"@id\":\"https:\/\/www.eoimalaga.com\/web\/#website\"},\"datePublished\":\"2019-12-29T07:48:55+00:00\",\"dateModified\":\"2025-10-02T16:17:20+00:00\",\"breadcrumb\":{\"@id\":\"https:\/\/www.eoimalaga.com\/web\/frances\/horarios\/#breadcrumb\"},\"inLanguage\":\"es\",\"potentialAction\":[{\"@type\":\"ReadAction\",\"target\":[\"https:\/\/www.eoimalaga.com\/web\/frances\/horarios\/\"]}]},{\"@type\":\"BreadcrumbList\",\"@id\":\"https:\/\/www.eoimalaga.com\/web\/frances\/horarios\/#breadcrumb\",\"itemListElement\":[{\"@type\":\"ListItem\",\"position\":1,\"name\":\"Home\",\"item\":\"https:\/\/www.eoimalaga.com\/web\/\"},{\"@type\":\"ListItem\",\"position\":2,\"name\":\"FRANCES\",\"item\":\"https:\/\/www.eoimalaga.com\/web\/frances\/\"},{\"@type\":\"ListItem\",\"position\":3,\"name\":\"Horarios\"}]},{\"@type\":\"WebSite\",\"@id\":\"https:\/\/www.eoimalaga.com\/web\/#website\",\"url\":\"https:\/\/www.eoimalaga.com\/web\/\",\"name\":\"P\u00e1gina Oficial de la EOI de M\u00e1laga ::Los idiomas ponen el mundo a tus pies::\",\"description\":\"EOI M\u00e1laga\",\"potentialAction\":[{\"@type\":\"SearchAction\",\"target\":{\"@type\":\"EntryPoint\",\"urlTemplate\":\"https:\/\/www.eoimalaga.com\/web\/?s={search_term_string}\"},\"query-input\":{\"@type\":\"PropertyValueSpecification\",\"valueRequired\":true,\"valueName\":\"search_term_string\"}}],\"inLanguage\":\"es\"}]}<\/script>\n<!-- \/ Yoast SEO plugin. -->","yoast_head_json":{"title":"Horarios - P\u00e1gina Oficial de la EOI de M\u00e1laga ::Los idiomas ponen el mundo a tus pies::","robots":{"index":"index","follow":"follow","max-snippet":"max-snippet:-1","max-image-preview":"max-image-preview:large","max-video-preview":"max-video-preview:-1"},"canonical":"https:\/\/www.eoimalaga.com\/web\/frances\/horarios\/","og_locale":"es_ES","og_type":"article","og_title":"Horarios - P\u00e1gina Oficial de la EOI de M\u00e1laga ::Los idiomas ponen el mundo a tus pies::","og_description":"[vc_row][vc_column][vc_column_text css=\u00bb\u00bb]Para consultar el horario del departamento de franc\u00e9s del curso escolar 2025\/26 pinche en el siguiente enlace: Cursos de franc\u00e9s. NOTA: El alumnado puede consultar su c\u00f3digo de grupo en PASEN, \u00abtutor\u00eda\u00bb. Si tiene problemas de acceso,\u00a0 consulte el siguiente enlace y\/o tutorial Talleres de conversaci\u00f3n Pinche aqu\u00ed para consultar el horario. Para m\u00e1s [&hellip;]","og_url":"https:\/\/www.eoimalaga.com\/web\/frances\/horarios\/","og_site_name":"P\u00e1gina Oficial de la EOI de M\u00e1laga ::Los idiomas ponen el mundo a tus pies::","article_modified_time":"2025-10-02T16:17:20+00:00","twitter_card":"summary_large_image","twitter_misc":{"Tiempo de lectura":"1 minuto"},"schema":{"@context":"https:\/\/schema.org","@graph":[{"@type":"WebPage","@id":"https:\/\/www.eoimalaga.com\/web\/frances\/horarios\/","url":"https:\/\/www.eoimalaga.com\/web\/frances\/horarios\/","name":"Horarios - P\u00e1gina Oficial de la EOI de M\u00e1laga ::Los idiomas ponen el mundo a tus pies::","isPartOf":{"@id":"https:\/\/www.eoimalaga.com\/web\/#website"},"datePublished":"2019-12-29T07:48:55+00:00","dateModified":"2025-10-02T16:17:20+00:00","breadcrumb":{"@id":"https:\/\/www.eoimalaga.com\/web\/frances\/horarios\/#breadcrumb"},"inLanguage":"es","potentialAction":[{"@type":"ReadAction","target":["https:\/\/www.eoimalaga.com\/web\/frances\/horarios\/"]}]},{"@type":"BreadcrumbList","@id":"https:\/\/www.eoimalaga.com\/web\/frances\/horarios\/#breadcrumb","itemListElement":[{"@type":"ListItem","position":1,"name":"Home","item":"https:\/\/www.eoimalaga.com\/web\/"},{"@type":"ListItem","position":2,"name":"FRANCES","item":"https:\/\/www.eoimalaga.com\/web\/frances\/"},{"@type":"ListItem","position":3,"name":"Horarios"}]},{"@type":"WebSite","@id":"https:\/\/www.eoimalaga.com\/web\/#website","url":"https:\/\/www.eoimalaga.com\/web\/","name":"P\u00e1gina Oficial de la EOI de M\u00e1laga ::Los idiomas ponen el mundo a tus pies::","description":"EOI M\u00e1laga","potentialAction":[{"@type":"SearchAction","target":{"@type":"EntryPoint","urlTemplate":"https:\/\/www.eoimalaga.com\/web\/?s={search_term_string}"},"query-input":{"@type":"PropertyValueSpecification","valueRequired":true,"valueName":"search_term_string"}}],"inLanguage":"es"}]}},"_links":{"self":[{"href":"https:\/\/www.eoimalaga.com\/web\/wp-json\/wp\/v2\/pages\/8402","targetHints":{"allow":["GET"]}}],"collection":[{"href":"https:\/\/www.eoimalaga.com\/web\/wp-json\/wp\/v2\/pages"}],"about":[{"href":"https:\/\/www.eoimalaga.com\/web\/wp-json\/wp\/v2\/types\/page"}],"author":[{"embeddable":true,"href":"https:\/\/www.eoimalaga.com\/web\/wp-json\/wp\/v2\/users\/15"}],"replies":[{"embeddable":true,"href":"https:\/\/www.eoimalaga.com\/web\/wp-json\/wp\/v2\/comments?post=8402"}],"version-history":[{"count":122,"href":"https:\/\/www.eoimalaga.com\/web\/wp-json\/wp\/v2\/pages\/8402\/revisions"}],"predecessor-version":[{"id":22410,"href":"https:\/\/www.eoimalaga.com\/web\/wp-json\/wp\/v2\/pages\/8402\/revisions\/22410"}],"up":[{"embeddable":true,"href":"https:\/\/www.eoimalaga.com\/web\/wp-json\/wp\/v2\/pages\/8396"}],"wp:attachment":[{"href":"https:\/\/www.eoimalaga.com\/web\/wp-json\/wp\/v2\/media?parent=8402"}],"wp:term":[{"taxonomy":"category","embeddable":true,"href":"https:\/\/www.eoimalaga.com\/web\/wp-json\/wp\/v2\/categories?post=8402"},{"taxonomy":"post_tag","embeddable":true,"href":"https:\/\/www.eoimalaga.com\/web\/wp-json\/wp\/v2\/tags?post=8402"}],"curies":[{"name":"wp","href":"https:\/\/api.w.org\/{rel}","templated":true}]}}