{"id":8400,"date":"2019-12-29T09:47:44","date_gmt":"2019-12-29T07:47:44","guid":{"rendered":"http:\/\/www.eoimalaga.com\/web\/?page_id=8400"},"modified":"2025-09-25T11:47:33","modified_gmt":"2025-09-25T09:47:33","slug":"cursos","status":"publish","type":"page","link":"https:\/\/www.eoimalaga.com\/web\/frances\/cursos\/","title":{"rendered":"Cursos"},"content":{"rendered":"<h3>Curso 2025\/26<\/h3>\n<h3><strong>Niveles<\/strong>\u00a0que se imparten<strong>:<\/strong><\/h3>\n<ul>\n<li><strong>A1<\/strong>: un curso acad\u00e9mico.<\/li>\n<li><strong>A2<\/strong>: un curso acad\u00e9mico.<\/li>\n<li><strong>B1<\/strong>: un curso acad\u00e9mico.<\/li>\n<li><strong>B2<\/strong>: dos cursos acad\u00e9micos (B2.1 y B2.2).<\/li>\n<li><strong>C1<\/strong>: dos cursos acad\u00e9micos (C1.1 y C1.2).<\/li>\n<\/ul>\n<h3><strong>Modalidades de ense\u00f1anza:<\/strong><\/h3>\n<ul>\n<li><strong><u>presencial<\/u> <\/strong>: 4,5 horas de docencia presencial a la semana, repartidas en:\n<ul>\n<li>dos sesiones de dos horas y cuarto cada una<\/li>\n<\/ul>\n<\/li>\n<li><strong><u>semipresencial<\/u> (A1, A2, B1 y B2<u>)<\/u><\/strong>: 4,5 horas de docencia a la semana, repartidas en:\n<ul>\n<li>2 horas de docencia presencial<\/li>\n<li>2h15 de docencia telem\u00e1tica.<\/li>\n<li><span style=\"font-weight: 400\">consulta la <\/span><a href=\"https:\/\/www.eoimalaga.com\/web\/semipresencial\/\"><span style=\"font-weight: 400\">web de la modalidad<\/span><\/a><span style=\"font-weight: 400\"> para m\u00e1s informaci\u00f3n<\/span><\/li>\n<\/ul>\n<\/li>\n<li style=\"text-align: justify\"><strong>CAPE<\/strong>: son cursos anuales y espec\u00edficos sobre diferentes \u00e1reas del idioma. Al finalizar el curso, se expedir\u00e1 un <strong>certificado de aprovechamiento<\/strong> a aquellas personas cuya asistencia haya sido de, al menos, un 85% de la duraci\u00f3n total. Los cursos no son de promoci\u00f3n, por lo tanto, no habr\u00e1 ni ex\u00e1menes de promoci\u00f3n ni calificaciones con fines de promoci\u00f3n. En el presente curso escolar se imparten los siguientes:\n<ul>\n<li>Aspectos socioculturales en el aprendizaje de idiomas B1<\/li>\n<li>Aspectos socioculturales en el aprendizaje de idiomas B2.1.<\/li>\n<\/ul>\n<\/li>\n<\/ul>\n<p>Para mayor informaci\u00f3n sobre el horario de los grupos consulte el siguiente <a href=\"https:\/\/www.eoimalaga.com\/web\/frances\/horarios\/\" target=\"_blank\" rel=\"noopener noreferrer\">enlace<\/a>.<\/p>\n<h3><strong>Pruebas de certificaci\u00f3n para el alumnado oficial (B1, B2 y C1) y libre (A2, B1, B2 y C1):<\/strong><\/h3>\n<p style=\"text-align: justify\">El alumnado oficial matriculado en cursos conducentes a la certificaci\u00f3n, podr\u00e1 solicitar presentarse a las pruebas de certificaci\u00f3n de su nivel en los plazos que establece la normativa vigente.<\/p>\n<p>Existe la posibilidad de examinarse como alumnado LIBRE (sin asistir a clase) para obtener la certificaci\u00f3n de A2, B1, B2 y C1 :<\/p>\n<ul>\n<li>La matr\u00edcula incluye 2 convocatoria: la ordinaria de junio y la extraordinaria de septiembre.<\/li>\n<li>El periodo de matriculaci\u00f3n tiene lugar la primera quincena de abril.<\/li>\n<\/ul>\n<p>Para mayor informaci\u00f3n sobre las pruebas de certificaci\u00f3n consulta\u00a0<a href=\"https:\/\/www.eoimalaga.com\/web\/pruebas-especificas-de-certificacion\/\" target=\"_blank\" rel=\"noopener noreferrer\">nuestra web<\/a>.<\/p>\n<div class=\"ds-text \">\n<p class=\"\" style=\"text-align: right\">Actualizado 25\/09\/2025<\/p>\n<\/div>\n","protected":false},"excerpt":{"rendered":"<p>Curso 2025\/26 Niveles\u00a0que se imparten: A1: un curso acad\u00e9mico. A2: un curso acad\u00e9mico. B1: un curso acad\u00e9mico. B2: dos cursos acad\u00e9micos (B2.1 y B2.2). C1: dos cursos acad\u00e9micos (C1.1 y C1.2). Modalidades de ense\u00f1anza: presencial : 4,5 horas de docencia presencial a la semana, repartidas en: dos sesiones de dos horas y cuarto cada una [&hellip;]<\/p>\n","protected":false},"author":15,"featured_media":0,"parent":8396,"menu_order":0,"comment_status":"closed","ping_status":"closed","template":"","meta":{"inline_featured_image":false,"footnotes":""},"categories":[55],"tags":[],"class_list":["post-8400","page","type-page","status-publish","hentry","category-frances"],"yoast_head":"<!-- This site is optimized with the Yoast SEO plugin v26.5 - https:\/\/yoast.com\/wordpress\/plugins\/seo\/ -->\n<title>Cursos - P\u00e1gina Oficial de la EOI de M\u00e1laga ::Los idiomas ponen el mundo a tus pies::<\/title>\n<meta name=\"robots\" content=\"index, follow, max-snippet:-1, max-image-preview:large, max-video-preview:-1\" \/>\n<link rel=\"canonical\" href=\"https:\/\/www.eoimalaga.com\/web\/frances\/cursos\/\" \/>\n<meta property=\"og:locale\" content=\"es_ES\" \/>\n<meta property=\"og:type\" content=\"article\" \/>\n<meta property=\"og:title\" content=\"Cursos - P\u00e1gina Oficial de la EOI de M\u00e1laga ::Los idiomas ponen el mundo a tus pies::\" \/>\n<meta property=\"og:description\" content=\"Curso 2025\/26 Niveles\u00a0que se imparten: A1: un curso acad\u00e9mico. A2: un curso acad\u00e9mico. B1: un curso acad\u00e9mico. B2: dos cursos acad\u00e9micos (B2.1 y B2.2). C1: dos cursos acad\u00e9micos (C1.1 y C1.2). Modalidades de ense\u00f1anza: presencial : 4,5 horas de docencia presencial a la semana, repartidas en: dos sesiones de dos horas y cuarto cada una [&hellip;]\" \/>\n<meta property=\"og:url\" content=\"https:\/\/www.eoimalaga.com\/web\/frances\/cursos\/\" \/>\n<meta property=\"og:site_name\" content=\"P\u00e1gina Oficial de la EOI de M\u00e1laga ::Los idiomas ponen el mundo a tus pies::\" \/>\n<meta property=\"article:modified_time\" content=\"2025-09-25T09:47:33+00:00\" \/>\n<meta name=\"twitter:card\" content=\"summary_large_image\" \/>\n<meta name=\"twitter:label1\" content=\"Tiempo de lectura\" \/>\n\t<meta name=\"twitter:data1\" content=\"2 minutos\" \/>\n<script type=\"application\/ld+json\" class=\"yoast-schema-graph\">{\"@context\":\"https:\/\/schema.org\",\"@graph\":[{\"@type\":\"WebPage\",\"@id\":\"https:\/\/www.eoimalaga.com\/web\/frances\/cursos\/\",\"url\":\"https:\/\/www.eoimalaga.com\/web\/frances\/cursos\/\",\"name\":\"Cursos - P\u00e1gina Oficial de la EOI de M\u00e1laga ::Los idiomas ponen el mundo a tus pies::\",\"isPartOf\":{\"@id\":\"https:\/\/www.eoimalaga.com\/web\/#website\"},\"datePublished\":\"2019-12-29T07:47:44+00:00\",\"dateModified\":\"2025-09-25T09:47:33+00:00\",\"breadcrumb\":{\"@id\":\"https:\/\/www.eoimalaga.com\/web\/frances\/cursos\/#breadcrumb\"},\"inLanguage\":\"es\",\"potentialAction\":[{\"@type\":\"ReadAction\",\"target\":[\"https:\/\/www.eoimalaga.com\/web\/frances\/cursos\/\"]}]},{\"@type\":\"BreadcrumbList\",\"@id\":\"https:\/\/www.eoimalaga.com\/web\/frances\/cursos\/#breadcrumb\",\"itemListElement\":[{\"@type\":\"ListItem\",\"position\":1,\"name\":\"Home\",\"item\":\"https:\/\/www.eoimalaga.com\/web\/\"},{\"@type\":\"ListItem\",\"position\":2,\"name\":\"FRANCES\",\"item\":\"https:\/\/www.eoimalaga.com\/web\/frances\/\"},{\"@type\":\"ListItem\",\"position\":3,\"name\":\"Cursos\"}]},{\"@type\":\"WebSite\",\"@id\":\"https:\/\/www.eoimalaga.com\/web\/#website\",\"url\":\"https:\/\/www.eoimalaga.com\/web\/\",\"name\":\"P\u00e1gina Oficial de la EOI de M\u00e1laga ::Los idiomas ponen el mundo a tus pies::\",\"description\":\"EOI M\u00e1laga\",\"potentialAction\":[{\"@type\":\"SearchAction\",\"target\":{\"@type\":\"EntryPoint\",\"urlTemplate\":\"https:\/\/www.eoimalaga.com\/web\/?s={search_term_string}\"},\"query-input\":{\"@type\":\"PropertyValueSpecification\",\"valueRequired\":true,\"valueName\":\"search_term_string\"}}],\"inLanguage\":\"es\"}]}<\/script>\n<!-- \/ Yoast SEO plugin. -->","yoast_head_json":{"title":"Cursos - P\u00e1gina Oficial de la EOI de M\u00e1laga ::Los idiomas ponen el mundo a tus pies::","robots":{"index":"index","follow":"follow","max-snippet":"max-snippet:-1","max-image-preview":"max-image-preview:large","max-video-preview":"max-video-preview:-1"},"canonical":"https:\/\/www.eoimalaga.com\/web\/frances\/cursos\/","og_locale":"es_ES","og_type":"article","og_title":"Cursos - P\u00e1gina Oficial de la EOI de M\u00e1laga ::Los idiomas ponen el mundo a tus pies::","og_description":"Curso 2025\/26 Niveles\u00a0que se imparten: A1: un curso acad\u00e9mico. A2: un curso acad\u00e9mico. B1: un curso acad\u00e9mico. B2: dos cursos acad\u00e9micos (B2.1 y B2.2). C1: dos cursos acad\u00e9micos (C1.1 y C1.2). Modalidades de ense\u00f1anza: presencial : 4,5 horas de docencia presencial a la semana, repartidas en: dos sesiones de dos horas y cuarto cada una [&hellip;]","og_url":"https:\/\/www.eoimalaga.com\/web\/frances\/cursos\/","og_site_name":"P\u00e1gina Oficial de la EOI de M\u00e1laga ::Los idiomas ponen el mundo a tus pies::","article_modified_time":"2025-09-25T09:47:33+00:00","twitter_card":"summary_large_image","twitter_misc":{"Tiempo de lectura":"2 minutos"},"schema":{"@context":"https:\/\/schema.org","@graph":[{"@type":"WebPage","@id":"https:\/\/www.eoimalaga.com\/web\/frances\/cursos\/","url":"https:\/\/www.eoimalaga.com\/web\/frances\/cursos\/","name":"Cursos - P\u00e1gina Oficial de la EOI de M\u00e1laga ::Los idiomas ponen el mundo a tus pies::","isPartOf":{"@id":"https:\/\/www.eoimalaga.com\/web\/#website"},"datePublished":"2019-12-29T07:47:44+00:00","dateModified":"2025-09-25T09:47:33+00:00","breadcrumb":{"@id":"https:\/\/www.eoimalaga.com\/web\/frances\/cursos\/#breadcrumb"},"inLanguage":"es","potentialAction":[{"@type":"ReadAction","target":["https:\/\/www.eoimalaga.com\/web\/frances\/cursos\/"]}]},{"@type":"BreadcrumbList","@id":"https:\/\/www.eoimalaga.com\/web\/frances\/cursos\/#breadcrumb","itemListElement":[{"@type":"ListItem","position":1,"name":"Home","item":"https:\/\/www.eoimalaga.com\/web\/"},{"@type":"ListItem","position":2,"name":"FRANCES","item":"https:\/\/www.eoimalaga.com\/web\/frances\/"},{"@type":"ListItem","position":3,"name":"Cursos"}]},{"@type":"WebSite","@id":"https:\/\/www.eoimalaga.com\/web\/#website","url":"https:\/\/www.eoimalaga.com\/web\/","name":"P\u00e1gina Oficial de la EOI de M\u00e1laga ::Los idiomas ponen el mundo a tus pies::","description":"EOI M\u00e1laga","potentialAction":[{"@type":"SearchAction","target":{"@type":"EntryPoint","urlTemplate":"https:\/\/www.eoimalaga.com\/web\/?s={search_term_string}"},"query-input":{"@type":"PropertyValueSpecification","valueRequired":true,"valueName":"search_term_string"}}],"inLanguage":"es"}]}},"_links":{"self":[{"href":"https:\/\/www.eoimalaga.com\/web\/wp-json\/wp\/v2\/pages\/8400","targetHints":{"allow":["GET"]}}],"collection":[{"href":"https:\/\/www.eoimalaga.com\/web\/wp-json\/wp\/v2\/pages"}],"about":[{"href":"https:\/\/www.eoimalaga.com\/web\/wp-json\/wp\/v2\/types\/page"}],"author":[{"embeddable":true,"href":"https:\/\/www.eoimalaga.com\/web\/wp-json\/wp\/v2\/users\/15"}],"replies":[{"embeddable":true,"href":"https:\/\/www.eoimalaga.com\/web\/wp-json\/wp\/v2\/comments?post=8400"}],"version-history":[{"count":11,"href":"https:\/\/www.eoimalaga.com\/web\/wp-json\/wp\/v2\/pages\/8400\/revisions"}],"predecessor-version":[{"id":22353,"href":"https:\/\/www.eoimalaga.com\/web\/wp-json\/wp\/v2\/pages\/8400\/revisions\/22353"}],"up":[{"embeddable":true,"href":"https:\/\/www.eoimalaga.com\/web\/wp-json\/wp\/v2\/pages\/8396"}],"wp:attachment":[{"href":"https:\/\/www.eoimalaga.com\/web\/wp-json\/wp\/v2\/media?parent=8400"}],"wp:term":[{"taxonomy":"category","embeddable":true,"href":"https:\/\/www.eoimalaga.com\/web\/wp-json\/wp\/v2\/categories?post=8400"},{"taxonomy":"post_tag","embeddable":true,"href":"https:\/\/www.eoimalaga.com\/web\/wp-json\/wp\/v2\/tags?post=8400"}],"curies":[{"name":"wp","href":"https:\/\/api.w.org\/{rel}","templated":true}]}}