{"id":8382,"date":"2019-12-29T08:59:18","date_gmt":"2019-12-29T06:59:18","guid":{"rendered":"http:\/\/www.eoimalaga.com\/web\/?page_id=8382"},"modified":"2025-02-10T13:59:27","modified_gmt":"2025-02-10T11:59:27","slug":"material-para-las-ausencias","status":"publish","type":"page","link":"https:\/\/www.eoimalaga.com\/web\/arabe\/material-para-las-ausencias\/","title":{"rendered":"Material para las ausencias y autoaprendizaje"},"content":{"rendered":"<div class=\"wpb-content-wrapper\"><p>[vc_row][vc_column][vc_tta_accordion color=\u00bbgreen\u00bb spacing=\u00bb2&#8243; active_section=\u00bb\u00bb title=\u00bbMaterial para las ausencias\u00bb][vc_tta_section i_type=\u00bbentypo\u00bb i_icon_entypo=\u00bbentypo-icon entypo-icon-book-open\u00bb add_icon=\u00bbtrue\u00bb title=\u00bb1\u00ba Nivel B\u00e1sico (A1)\u00bb tab_id=\u00bb1530264147590-7b2bd289-520a\u00bb][vc_column_text]<a href=\"http:\/\/www.eoimalaga.com\/ARABE\/wp-content\/uploads\/2018\/06\/Caracteres-\u00e1rabes.png\" target=\"_blank\" rel=\"noopener noreferrer\">El alifato<\/a><\/p>\n<p><a href=\"http:\/\/www.eoimalaga.com\/ARABE\/wp-content\/uploads\/2018\/06\/escritura_arabe.pdf\" target=\"_blank\" rel=\"noopener noreferrer\">Lectoescritura<\/a><\/p>\n<p><a href=\"http:\/\/www.learningarabic.eu\/\" target=\"_blank\" rel=\"noopener noreferrer\">Learning Arabic<\/a><\/p>\n<p><a href=\"http:\/\/learning.aljazeera.net\/en\/generallanguage\/level\/beginner\" target=\"_blank\" rel=\"noopener noreferrer\">Al-Jazeera\/level\/beginner<\/a><\/p>\n<p><a href=\"http:\/\/www.eoimalaga.com\/ARABE\/wp-content\/uploads\/2018\/06\/MetodoAlkalima.pdf\" target=\"_blank\" rel=\"noopener noreferrer\">M\u00e9todo Al-Kalima<\/a><\/p>\n<p><a href=\"http:\/\/www.eoimalaga.com\/ARABE\/wp-content\/uploads\/2018\/06\/Write_it_in_Arabic.pdf\" target=\"_blank\" rel=\"noopener noreferrer\">Write it in Arabic<\/a><\/p>\n<p><a href=\"http:\/\/www.eoimalaga.com\/ARABE\/wp-content\/uploads\/2018\/06\/Writing-Practice.pdf\" target=\"_blank\" rel=\"noopener noreferrer\">Writing Practice<\/a>[\/vc_column_text][\/vc_tta_section][vc_tta_section i_type=\u00bbopeniconic\u00bb i_icon_openiconic=\u00bbvc-oi vc-oi-book-open\u00bb add_icon=\u00bbtrue\u00bb title=\u00bb2\u00ba Nivel B\u00e1sico (A2)\u00bb tab_id=\u00bb1530264147742-64cc5f06-e6d8&#8243;][vc_column_text]<a href=\"http:\/\/www.eoimalaga.com\/ARABE\/wp-content\/uploads\/2018\/06\/Ej.Verbos1.pdf\" target=\"_blank\" rel=\"noopener noreferrer\">Ejercicio-Verbos 1<\/a><\/p>\n<p><a href=\"http:\/\/www.eoimalaga.com\/ARABE\/wp-content\/uploads\/2018\/06\/Ej.Verbos2.pdf\" target=\"_blank\" rel=\"noopener noreferrer\">Ejercicio-Verbos 2<\/a><\/p>\n<p><a href=\"http:\/\/www.eoimalaga.com\/ARABE\/wp-content\/uploads\/2018\/06\/Ej.Verbos3.pdf\" target=\"_blank\" rel=\"noopener noreferrer\">Ejercicio-Verbos 3<\/a><\/p>\n<p><a href=\"http:\/\/www.eoimalaga.com\/ARABE\/wp-content\/uploads\/2018\/06\/Ej.Verbos4.pdf\" target=\"_blank\" rel=\"noopener noreferrer\">Ejercicio-Verbos 4<\/a><\/p>\n<p><a href=\"http:\/\/www.eoimalaga.com\/ARABE\/wp-content\/uploads\/2018\/06\/Ej.Verbos5.pdf\" target=\"_blank\" rel=\"noopener noreferrer\">Ejercicio-Verbos 5<\/a><\/p>\n<p><a href=\"http:\/\/learning.aljazeera.net\/en\/generallanguage\/level\/elementary\">Al-Jazeera\/level\/elementary<\/a><\/p>\n<p><a href=\"http:\/\/www.eoimalaga.com\/ARABE\/wp-content\/uploads\/2018\/06\/Repasogram\u00e1tica.pdf\">Ejercicio-Gram\u00e1tica<\/a>[\/vc_column_text][\/vc_tta_section][vc_tta_section i_type=\u00bbopeniconic\u00bb i_icon_openiconic=\u00bbvc-oi vc-oi-book-open\u00bb add_icon=\u00bbtrue\u00bb title=\u00bb1\u00ba Nivel Intermedio (B1-B2.1)\u00bb tab_id=\u00bb1530264147902-94bc0933-818b\u00bb][vc_column_text]<a href=\"http:\/\/www.eoimalaga.com\/ARABE\/wp-content\/uploads\/2018\/06\/ARA_IN_JUN1_CL_2012.pdf\" target=\"_blank\" rel=\"noopener noreferrer\">Comprensi\u00f3n Lectora 1<\/a><\/p>\n<p><a href=\"http:\/\/www.eoimalaga.com\/ARABE\/wp-content\/uploads\/2018\/06\/ARA_IN_SEP1_CL_2012.pdf\" target=\"_blank\" rel=\"noopener noreferrer\">Comprensi\u00f3n Lectora 2<\/a><\/p>\n<p><a href=\"http:\/\/www.eoimalaga.com\/ARABE\/wp-content\/uploads\/2018\/06\/ARA_NI_JUN1_CL_2013.pdf\" target=\"_blank\" rel=\"noopener noreferrer\">Comprensi\u00f3n Lectora 3<\/a><\/p>\n<p><a href=\"http:\/\/www.eoimalaga.com\/ARABE\/wp-content\/uploads\/2018\/06\/ARA_IN_JUN1_EEIE_2012.pdf\" target=\"_blank\" rel=\"noopener noreferrer\">Expresi\u00f3n Escrita 1<\/a><\/p>\n<p><a href=\"http:\/\/www.eoimalaga.com\/ARABE\/wp-content\/uploads\/2018\/06\/ARA_IN_SEP1_EEIE_2012.pdf\" target=\"_blank\" rel=\"noopener noreferrer\">Expresi\u00f3n Escrita 2<\/a><\/p>\n<p><a href=\"http:\/\/www.eoimalaga.com\/ARABE\/wp-content\/uploads\/2018\/06\/ARA_NI_JUN1_EEIE_2013.pdf\" target=\"_blank\" rel=\"noopener noreferrer\">Expresi\u00f3n Escrita 3<\/a><\/p>\n<p><a href=\"http:\/\/www.eoimalaga.com\/ARABE\/wp-content\/uploads\/2018\/06\/ARA_IN_JUN1_EOIO_2012-1.pdf\" target=\"_blank\" rel=\"noopener noreferrer\">Expresi\u00f3n Oral 1<\/a><\/p>\n<p><a href=\"http:\/\/www.eoimalaga.com\/ARABE\/wp-content\/uploads\/2018\/06\/ARA_NI_JUN1_EEIO_2013.pdf\" target=\"_blank\" rel=\"noopener noreferrer\">Expresi\u00f3n Oral 2<\/a><\/p>\n<p><a href=\"http:\/\/www.eoimalaga.com\/ARABE\/wp-content\/uploads\/2018\/06\/ARA_NI_EOIO_JUN1.pdf\" target=\"_blank\" rel=\"noopener noreferrer\">Expresi\u00f3n Oral 3<\/a><\/p>\n<p><a href=\"http:\/\/www.eoimalaga.com\/ARABE\/wp-content\/uploads\/2018\/06\/ARA_IN_JUN1_CO_2012.pdf\" target=\"_blank\" rel=\"noopener noreferrer\">Comprensi\u00f3n Oral 1<\/a>[\/vc_column_text][\/vc_tta_section][vc_tta_section i_type=\u00bbopeniconic\u00bb i_icon_openiconic=\u00bbvc-oi vc-oi-book-open\u00bb add_icon=\u00bbtrue\u00bb title=\u00bb2\u00ba Nivel Intermedio (B2.2)\u00bb tab_id=\u00bb1530264148069-54cc70b0-21c3&#8243;][vc_column_text]<a href=\"http:\/\/www.eoimalaga.com\/ARABE\/wp-content\/uploads\/2018\/06\/ARA_NA_JUN1_CL_2012.pdf\" target=\"_blank\" rel=\"noopener noreferrer\">Comprensi\u00f3n Lectora 1<\/a><\/p>\n<p><a href=\"http:\/\/www.eoimalaga.com\/ARABE\/wp-content\/uploads\/2018\/06\/ARA_AV_SEP1_CL_2012.pdf\" target=\"_blank\" rel=\"noopener noreferrer\">Comprensi\u00f3n Lectora 2<\/a><\/p>\n<p><a href=\"http:\/\/www.eoimalaga.com\/ARABE\/wp-content\/uploads\/2018\/06\/ARA_NA_JUN1_CL_2013.pdf\" target=\"_blank\" rel=\"noopener noreferrer\">Comprensi\u00f3n Lectora 3<\/a><\/p>\n<p><a href=\"http:\/\/www.eoimalaga.com\/ARABE\/wp-content\/uploads\/2018\/06\/ARA_NA_JUN1_EEIE_2012.pdf\" target=\"_blank\" rel=\"noopener noreferrer\">Expresi\u00f3n Escrita 1<\/a><\/p>\n<p><a href=\"http:\/\/www.eoimalaga.com\/ARABE\/wp-content\/uploads\/2018\/06\/ARA_AV_SEP1_EEIE_2012.pdf\" target=\"_blank\" rel=\"noopener noreferrer\">Expresi\u00f3n Escrita 2<\/a><\/p>\n<p><a href=\"http:\/\/www.eoimalaga.com\/ARABE\/wp-content\/uploads\/2018\/06\/ARA_NA_JUN1_EEIE_2013.pdf\" target=\"_blank\" rel=\"noopener noreferrer\">Expresi\u00f3n Escrita 3<\/a><\/p>\n<p><a href=\"http:\/\/www.eoimalaga.com\/ARABE\/wp-content\/uploads\/2018\/06\/ARA_AV_SEP1_EOIO_2012.pdf\" target=\"_blank\" rel=\"noopener noreferrer\">Expresi\u00f3n Oral 1<\/a><\/p>\n<p><a href=\"http:\/\/www.eoimalaga.com\/ARABE\/wp-content\/uploads\/2018\/06\/ARA_NA_JUN1_EOIO_2013.pdf\">Expresi\u00f3n Oral 2<\/a><\/p>\n<p><a href=\"http:\/\/www.eoimalaga.com\/ARABE\/wp-content\/uploads\/2018\/06\/ARA_NI_EOIO_JUN1.pdf\">Expresi\u00f3n Oral 3<\/a>[\/vc_column_text][\/vc_tta_section][\/vc_tta_accordion][\/vc_column][\/vc_row][vc_row][vc_column][vc_empty_space height=\u00bb100px\u00bb][\/vc_column][\/vc_row][vc_row][vc_column][vc_column_text]<br \/>\n[\/vc_column_text][\/vc_column][\/vc_row][vc_row][vc_column][vc_tta_accordion title_tag=\u00bbh1&#8243; color=\u00bbgreen\u00bb spacing=\u00bb2&#8243; active_section=\u00bb\u00bb title=\u00bbMaterial para el autoaprendizaje\u00bb][vc_tta_section i_type=\u00bbentypo\u00bb i_icon_entypo=\u00bbentypo-icon entypo-icon-book-open\u00bb add_icon=\u00bbtrue\u00bb title=\u00bb1\u00ba Nivel B\u00e1sico (A1)\u00bb tab_id=\u00bb1530264147590-7b2bd289-520a\u00bb][vc_column_text]<a href=\"http:\/\/www.eoimalaga.com\/ARABE\/wp-content\/uploads\/2018\/06\/Caracteres-\u00e1rabes.png\" target=\"_blank\" rel=\"noopener noreferrer\">El alifato<\/a><\/p>\n<p><a href=\"http:\/\/www.eoimalaga.com\/ARABE\/wp-content\/uploads\/2018\/06\/escritura_arabe.pdf\" target=\"_blank\" rel=\"noopener noreferrer\">Lectoescritura<\/a><\/p>\n<p><a href=\"http:\/\/www.learningarabic.eu\/\" target=\"_blank\" rel=\"noopener noreferrer\">Learning Arabic<\/a><\/p>\n<p><a href=\"http:\/\/learning.aljazeera.net\/en\/generallanguage\/level\/beginner\" target=\"_blank\" rel=\"noopener noreferrer\">Al-Jazeera\/level\/beginner<\/a><\/p>\n<p><a href=\"http:\/\/www.eoimalaga.com\/ARABE\/wp-content\/uploads\/2018\/06\/MetodoAlkalima.pdf\" target=\"_blank\" rel=\"noopener noreferrer\">M\u00e9todo Al-Kalima<\/a><\/p>\n<p><a href=\"http:\/\/www.eoimalaga.com\/ARABE\/wp-content\/uploads\/2018\/06\/Write_it_in_Arabic.pdf\" target=\"_blank\" rel=\"noopener noreferrer\">Write it in Arabic<\/a><\/p>\n<p><a href=\"http:\/\/www.eoimalaga.com\/ARABE\/wp-content\/uploads\/2018\/06\/Writing-Practice.pdf\" target=\"_blank\" rel=\"noopener noreferrer\">Writing Practice<\/a>[\/vc_column_text][\/vc_tta_section][vc_tta_section i_type=\u00bbopeniconic\u00bb i_icon_openiconic=\u00bbvc-oi vc-oi-book-open\u00bb add_icon=\u00bbtrue\u00bb title=\u00bb2\u00ba Nivel B\u00e1sico (A2)\u00bb tab_id=\u00bb1530264147742-64cc5f06-e6d8&#8243;][vc_column_text]<a href=\"http:\/\/www.eoimalaga.com\/ARABE\/wp-content\/uploads\/2018\/06\/Ej.Verbos1.pdf\" target=\"_blank\" rel=\"noopener noreferrer\">Ejercicio-Verbos 1<\/a><\/p>\n<p><a href=\"http:\/\/www.eoimalaga.com\/ARABE\/wp-content\/uploads\/2018\/06\/Ej.Verbos2.pdf\" target=\"_blank\" rel=\"noopener noreferrer\">Ejercicio-Verbos 2<\/a><\/p>\n<p><a href=\"http:\/\/www.eoimalaga.com\/ARABE\/wp-content\/uploads\/2018\/06\/Ej.Verbos3.pdf\" target=\"_blank\" rel=\"noopener noreferrer\">Ejercicio-Verbos 3<\/a><\/p>\n<p><a href=\"http:\/\/www.eoimalaga.com\/ARABE\/wp-content\/uploads\/2018\/06\/Ej.Verbos4.pdf\" target=\"_blank\" rel=\"noopener noreferrer\">Ejercicio-Verbos 4<\/a><\/p>\n<p><a href=\"http:\/\/www.eoimalaga.com\/ARABE\/wp-content\/uploads\/2018\/06\/Ej.Verbos5.pdf\" target=\"_blank\" rel=\"noopener noreferrer\">Ejercicio-Verbos 5<\/a><\/p>\n<p><a href=\"http:\/\/learning.aljazeera.net\/en\/generallanguage\/level\/elementary\">Al-Jazeera\/level\/elementary<\/a><\/p>\n<p><a href=\"http:\/\/www.eoimalaga.com\/ARABE\/wp-content\/uploads\/2018\/06\/Repasogram\u00e1tica.pdf\">Ejercicio-Gram\u00e1tica<\/a>[\/vc_column_text][\/vc_tta_section][vc_tta_section i_type=\u00bbopeniconic\u00bb i_icon_openiconic=\u00bbvc-oi vc-oi-book-open\u00bb add_icon=\u00bbtrue\u00bb title=\u00bb1\u00ba Nivel Intermedio (B1-B2.1)\u00bb tab_id=\u00bb1530264147902-94bc0933-818b\u00bb][vc_column_text]<a href=\"http:\/\/www.eoimalaga.com\/ARABE\/wp-content\/uploads\/2018\/06\/ARA_IN_JUN1_CL_2012.pdf\" target=\"_blank\" rel=\"noopener noreferrer\">Comprensi\u00f3n Lectora 1<\/a><\/p>\n<p><a href=\"http:\/\/www.eoimalaga.com\/ARABE\/wp-content\/uploads\/2018\/06\/ARA_IN_SEP1_CL_2012.pdf\" target=\"_blank\" rel=\"noopener noreferrer\">Comprensi\u00f3n Lectora 2<\/a><\/p>\n<p><a href=\"http:\/\/www.eoimalaga.com\/ARABE\/wp-content\/uploads\/2018\/06\/ARA_NI_JUN1_CL_2013.pdf\" target=\"_blank\" rel=\"noopener noreferrer\">Comprensi\u00f3n Lectora 3<\/a><\/p>\n<p><a href=\"http:\/\/www.eoimalaga.com\/ARABE\/wp-content\/uploads\/2018\/06\/ARA_IN_JUN1_EEIE_2012.pdf\" target=\"_blank\" rel=\"noopener noreferrer\">Expresi\u00f3n Escrita 1<\/a><\/p>\n<p><a href=\"http:\/\/www.eoimalaga.com\/ARABE\/wp-content\/uploads\/2018\/06\/ARA_IN_SEP1_EEIE_2012.pdf\" target=\"_blank\" rel=\"noopener noreferrer\">Expresi\u00f3n Escrita 2<\/a><\/p>\n<p><a href=\"http:\/\/www.eoimalaga.com\/ARABE\/wp-content\/uploads\/2018\/06\/ARA_NI_JUN1_EEIE_2013.pdf\" target=\"_blank\" rel=\"noopener noreferrer\">Expresi\u00f3n Escrita 3<\/a><\/p>\n<p><a href=\"http:\/\/www.eoimalaga.com\/ARABE\/wp-content\/uploads\/2018\/06\/ARA_IN_JUN1_EOIO_2012-1.pdf\" target=\"_blank\" rel=\"noopener noreferrer\">Expresi\u00f3n Oral 1<\/a><\/p>\n<p><a href=\"http:\/\/www.eoimalaga.com\/ARABE\/wp-content\/uploads\/2018\/06\/ARA_NI_JUN1_EEIO_2013.pdf\" target=\"_blank\" rel=\"noopener noreferrer\">Expresi\u00f3n Oral 2<\/a><\/p>\n<p><a href=\"http:\/\/www.eoimalaga.com\/ARABE\/wp-content\/uploads\/2018\/06\/ARA_NI_EOIO_JUN1.pdf\" target=\"_blank\" rel=\"noopener noreferrer\">Expresi\u00f3n Oral 3<\/a><\/p>\n<p><a href=\"http:\/\/www.eoimalaga.com\/ARABE\/wp-content\/uploads\/2018\/06\/ARA_IN_JUN1_CO_2012.pdf\" target=\"_blank\" rel=\"noopener noreferrer\">Comprensi\u00f3n Oral 1<\/a>[\/vc_column_text][\/vc_tta_section][vc_tta_section i_type=\u00bbopeniconic\u00bb i_icon_openiconic=\u00bbvc-oi vc-oi-book-open\u00bb add_icon=\u00bbtrue\u00bb title=\u00bb2\u00ba Nivel Intermedio (B2.2)\u00bb tab_id=\u00bb1530264148069-54cc70b0-21c3&#8243;][vc_column_text]<a href=\"http:\/\/www.eoimalaga.com\/ARABE\/wp-content\/uploads\/2018\/06\/ARA_NA_JUN1_CL_2012.pdf\" target=\"_blank\" rel=\"noopener noreferrer\">Comprensi\u00f3n Lectora 1<\/a><\/p>\n<p><a href=\"http:\/\/www.eoimalaga.com\/ARABE\/wp-content\/uploads\/2018\/06\/ARA_AV_SEP1_CL_2012.pdf\" target=\"_blank\" rel=\"noopener noreferrer\">Comprensi\u00f3n Lectora 2<\/a><\/p>\n<p><a href=\"http:\/\/www.eoimalaga.com\/ARABE\/wp-content\/uploads\/2018\/06\/ARA_NA_JUN1_CL_2013.pdf\" target=\"_blank\" rel=\"noopener noreferrer\">Comprensi\u00f3n Lectora 3<\/a><\/p>\n<p><a href=\"http:\/\/www.eoimalaga.com\/ARABE\/wp-content\/uploads\/2018\/06\/ARA_NA_JUN1_EEIE_2012.pdf\" target=\"_blank\" rel=\"noopener noreferrer\">Expresi\u00f3n Escrita 1<\/a><\/p>\n<p><a href=\"http:\/\/www.eoimalaga.com\/ARABE\/wp-content\/uploads\/2018\/06\/ARA_AV_SEP1_EEIE_2012.pdf\" target=\"_blank\" rel=\"noopener noreferrer\">Expresi\u00f3n Escrita 2<\/a><\/p>\n<p><a href=\"http:\/\/www.eoimalaga.com\/ARABE\/wp-content\/uploads\/2018\/06\/ARA_NA_JUN1_EEIE_2013.pdf\" target=\"_blank\" rel=\"noopener noreferrer\">Expresi\u00f3n Escrita 3<\/a><\/p>\n<p><a href=\"http:\/\/www.eoimalaga.com\/ARABE\/wp-content\/uploads\/2018\/06\/ARA_AV_SEP1_EOIO_2012.pdf\" target=\"_blank\" rel=\"noopener noreferrer\">Expresi\u00f3n Oral 1<\/a><\/p>\n<p><a href=\"http:\/\/www.eoimalaga.com\/ARABE\/wp-content\/uploads\/2018\/06\/ARA_NA_JUN1_EOIO_2013.pdf\">Expresi\u00f3n Oral 2<\/a><\/p>\n<p><a href=\"http:\/\/www.eoimalaga.com\/ARABE\/wp-content\/uploads\/2018\/06\/ARA_NI_EOIO_JUN1.pdf\">Expresi\u00f3n Oral 3<\/a>[\/vc_column_text][\/vc_tta_section][\/vc_tta_accordion][\/vc_column][\/vc_row][vc_row][vc_column][vc_empty_space height=\u00bb100px\u00bb][\/vc_column][\/vc_row]<\/p>\n<\/div>","protected":false},"excerpt":{"rendered":"<p>[vc_row][vc_column][vc_tta_accordion color=\u00bbgreen\u00bb spacing=\u00bb2&#8243; active_section=\u00bb\u00bb title=\u00bbMaterial para las ausencias\u00bb][vc_tta_section i_type=\u00bbentypo\u00bb i_icon_entypo=\u00bbentypo-icon entypo-icon-book-open\u00bb add_icon=\u00bbtrue\u00bb title=\u00bb1\u00ba Nivel B\u00e1sico (A1)\u00bb tab_id=\u00bb1530264147590-7b2bd289-520a\u00bb][vc_column_text]El alifato Lectoescritura Learning Arabic Al-Jazeera\/level\/beginner M\u00e9todo Al-Kalima Write it in Arabic Writing Practice[\/vc_column_text][\/vc_tta_section][vc_tta_section i_type=\u00bbopeniconic\u00bb i_icon_openiconic=\u00bbvc-oi vc-oi-book-open\u00bb add_icon=\u00bbtrue\u00bb title=\u00bb2\u00ba Nivel B\u00e1sico (A2)\u00bb tab_id=\u00bb1530264147742-64cc5f06-e6d8&#8243;][vc_column_text]Ejercicio-Verbos 1 Ejercicio-Verbos 2 Ejercicio-Verbos 3 Ejercicio-Verbos 4 Ejercicio-Verbos 5 Al-Jazeera\/level\/elementary Ejercicio-Gram\u00e1tica[\/vc_column_text][\/vc_tta_section][vc_tta_section i_type=\u00bbopeniconic\u00bb i_icon_openiconic=\u00bbvc-oi vc-oi-book-open\u00bb add_icon=\u00bbtrue\u00bb title=\u00bb1\u00ba [&hellip;]<\/p>\n","protected":false},"author":14,"featured_media":0,"parent":8293,"menu_order":0,"comment_status":"closed","ping_status":"closed","template":"","meta":{"inline_featured_image":false,"footnotes":""},"categories":[51],"tags":[],"class_list":["post-8382","page","type-page","status-publish","hentry","category-arabe"],"yoast_head":"<!-- This site is optimized with the Yoast SEO plugin v26.5 - https:\/\/yoast.com\/wordpress\/plugins\/seo\/ -->\n<title>Material para las ausencias y autoaprendizaje - P\u00e1gina Oficial de la EOI de M\u00e1laga ::Los idiomas ponen el mundo a tus pies::<\/title>\n<meta name=\"robots\" content=\"index, follow, max-snippet:-1, max-image-preview:large, max-video-preview:-1\" \/>\n<link rel=\"canonical\" href=\"https:\/\/www.eoimalaga.com\/web\/arabe\/material-para-las-ausencias\/\" \/>\n<meta property=\"og:locale\" content=\"es_ES\" \/>\n<meta property=\"og:type\" content=\"article\" \/>\n<meta property=\"og:title\" content=\"Material para las ausencias y autoaprendizaje - P\u00e1gina Oficial de la EOI de M\u00e1laga ::Los idiomas ponen el mundo a tus pies::\" \/>\n<meta property=\"og:description\" content=\"[vc_row][vc_column][vc_tta_accordion color=\u00bbgreen\u00bb spacing=\u00bb2&#8243; active_section=\u00bb\u00bb title=\u00bbMaterial para las ausencias\u00bb][vc_tta_section i_type=\u00bbentypo\u00bb i_icon_entypo=\u00bbentypo-icon entypo-icon-book-open\u00bb add_icon=\u00bbtrue\u00bb title=\u00bb1\u00ba Nivel B\u00e1sico (A1)\u00bb tab_id=\u00bb1530264147590-7b2bd289-520a\u00bb][vc_column_text]El alifato Lectoescritura Learning Arabic Al-Jazeera\/level\/beginner M\u00e9todo Al-Kalima Write it in Arabic Writing Practice[\/vc_column_text][\/vc_tta_section][vc_tta_section i_type=\u00bbopeniconic\u00bb i_icon_openiconic=\u00bbvc-oi vc-oi-book-open\u00bb add_icon=\u00bbtrue\u00bb title=\u00bb2\u00ba Nivel B\u00e1sico (A2)\u00bb tab_id=\u00bb1530264147742-64cc5f06-e6d8&#8243;][vc_column_text]Ejercicio-Verbos 1 Ejercicio-Verbos 2 Ejercicio-Verbos 3 Ejercicio-Verbos 4 Ejercicio-Verbos 5 Al-Jazeera\/level\/elementary Ejercicio-Gram\u00e1tica[\/vc_column_text][\/vc_tta_section][vc_tta_section i_type=\u00bbopeniconic\u00bb i_icon_openiconic=\u00bbvc-oi vc-oi-book-open\u00bb add_icon=\u00bbtrue\u00bb title=\u00bb1\u00ba [&hellip;]\" \/>\n<meta property=\"og:url\" content=\"https:\/\/www.eoimalaga.com\/web\/arabe\/material-para-las-ausencias\/\" \/>\n<meta property=\"og:site_name\" content=\"P\u00e1gina Oficial de la EOI de M\u00e1laga ::Los idiomas ponen el mundo a tus pies::\" \/>\n<meta property=\"article:modified_time\" content=\"2025-02-10T11:59:27+00:00\" \/>\n<meta name=\"twitter:card\" content=\"summary_large_image\" \/>\n<meta name=\"twitter:label1\" content=\"Tiempo de lectura\" \/>\n\t<meta name=\"twitter:data1\" content=\"2 minutos\" \/>\n<script type=\"application\/ld+json\" class=\"yoast-schema-graph\">{\"@context\":\"https:\/\/schema.org\",\"@graph\":[{\"@type\":\"WebPage\",\"@id\":\"https:\/\/www.eoimalaga.com\/web\/arabe\/material-para-las-ausencias\/\",\"url\":\"https:\/\/www.eoimalaga.com\/web\/arabe\/material-para-las-ausencias\/\",\"name\":\"Material para las ausencias y autoaprendizaje - P\u00e1gina Oficial de la EOI de M\u00e1laga ::Los idiomas ponen el mundo a tus pies::\",\"isPartOf\":{\"@id\":\"https:\/\/www.eoimalaga.com\/web\/#website\"},\"datePublished\":\"2019-12-29T06:59:18+00:00\",\"dateModified\":\"2025-02-10T11:59:27+00:00\",\"breadcrumb\":{\"@id\":\"https:\/\/www.eoimalaga.com\/web\/arabe\/material-para-las-ausencias\/#breadcrumb\"},\"inLanguage\":\"es\",\"potentialAction\":[{\"@type\":\"ReadAction\",\"target\":[\"https:\/\/www.eoimalaga.com\/web\/arabe\/material-para-las-ausencias\/\"]}]},{\"@type\":\"BreadcrumbList\",\"@id\":\"https:\/\/www.eoimalaga.com\/web\/arabe\/material-para-las-ausencias\/#breadcrumb\",\"itemListElement\":[{\"@type\":\"ListItem\",\"position\":1,\"name\":\"Home\",\"item\":\"https:\/\/www.eoimalaga.com\/web\/\"},{\"@type\":\"ListItem\",\"position\":2,\"name\":\"\u00c1RABE\",\"item\":\"https:\/\/www.eoimalaga.com\/web\/arabe\/\"},{\"@type\":\"ListItem\",\"position\":3,\"name\":\"Material para las ausencias y autoaprendizaje\"}]},{\"@type\":\"WebSite\",\"@id\":\"https:\/\/www.eoimalaga.com\/web\/#website\",\"url\":\"https:\/\/www.eoimalaga.com\/web\/\",\"name\":\"P\u00e1gina Oficial de la EOI de M\u00e1laga ::Los idiomas ponen el mundo a tus pies::\",\"description\":\"EOI M\u00e1laga\",\"potentialAction\":[{\"@type\":\"SearchAction\",\"target\":{\"@type\":\"EntryPoint\",\"urlTemplate\":\"https:\/\/www.eoimalaga.com\/web\/?s={search_term_string}\"},\"query-input\":{\"@type\":\"PropertyValueSpecification\",\"valueRequired\":true,\"valueName\":\"search_term_string\"}}],\"inLanguage\":\"es\"}]}<\/script>\n<!-- \/ Yoast SEO plugin. -->","yoast_head_json":{"title":"Material para las ausencias y autoaprendizaje - P\u00e1gina Oficial de la EOI de M\u00e1laga ::Los idiomas ponen el mundo a tus pies::","robots":{"index":"index","follow":"follow","max-snippet":"max-snippet:-1","max-image-preview":"max-image-preview:large","max-video-preview":"max-video-preview:-1"},"canonical":"https:\/\/www.eoimalaga.com\/web\/arabe\/material-para-las-ausencias\/","og_locale":"es_ES","og_type":"article","og_title":"Material para las ausencias y autoaprendizaje - P\u00e1gina Oficial de la EOI de M\u00e1laga ::Los idiomas ponen el mundo a tus pies::","og_description":"[vc_row][vc_column][vc_tta_accordion color=\u00bbgreen\u00bb spacing=\u00bb2&#8243; active_section=\u00bb\u00bb title=\u00bbMaterial para las ausencias\u00bb][vc_tta_section i_type=\u00bbentypo\u00bb i_icon_entypo=\u00bbentypo-icon entypo-icon-book-open\u00bb add_icon=\u00bbtrue\u00bb title=\u00bb1\u00ba Nivel B\u00e1sico (A1)\u00bb tab_id=\u00bb1530264147590-7b2bd289-520a\u00bb][vc_column_text]El alifato Lectoescritura Learning Arabic Al-Jazeera\/level\/beginner M\u00e9todo Al-Kalima Write it in Arabic Writing Practice[\/vc_column_text][\/vc_tta_section][vc_tta_section i_type=\u00bbopeniconic\u00bb i_icon_openiconic=\u00bbvc-oi vc-oi-book-open\u00bb add_icon=\u00bbtrue\u00bb title=\u00bb2\u00ba Nivel B\u00e1sico (A2)\u00bb tab_id=\u00bb1530264147742-64cc5f06-e6d8&#8243;][vc_column_text]Ejercicio-Verbos 1 Ejercicio-Verbos 2 Ejercicio-Verbos 3 Ejercicio-Verbos 4 Ejercicio-Verbos 5 Al-Jazeera\/level\/elementary Ejercicio-Gram\u00e1tica[\/vc_column_text][\/vc_tta_section][vc_tta_section i_type=\u00bbopeniconic\u00bb i_icon_openiconic=\u00bbvc-oi vc-oi-book-open\u00bb add_icon=\u00bbtrue\u00bb title=\u00bb1\u00ba [&hellip;]","og_url":"https:\/\/www.eoimalaga.com\/web\/arabe\/material-para-las-ausencias\/","og_site_name":"P\u00e1gina Oficial de la EOI de M\u00e1laga ::Los idiomas ponen el mundo a tus pies::","article_modified_time":"2025-02-10T11:59:27+00:00","twitter_card":"summary_large_image","twitter_misc":{"Tiempo de lectura":"2 minutos"},"schema":{"@context":"https:\/\/schema.org","@graph":[{"@type":"WebPage","@id":"https:\/\/www.eoimalaga.com\/web\/arabe\/material-para-las-ausencias\/","url":"https:\/\/www.eoimalaga.com\/web\/arabe\/material-para-las-ausencias\/","name":"Material para las ausencias y autoaprendizaje - P\u00e1gina Oficial de la EOI de M\u00e1laga ::Los idiomas ponen el mundo a tus pies::","isPartOf":{"@id":"https:\/\/www.eoimalaga.com\/web\/#website"},"datePublished":"2019-12-29T06:59:18+00:00","dateModified":"2025-02-10T11:59:27+00:00","breadcrumb":{"@id":"https:\/\/www.eoimalaga.com\/web\/arabe\/material-para-las-ausencias\/#breadcrumb"},"inLanguage":"es","potentialAction":[{"@type":"ReadAction","target":["https:\/\/www.eoimalaga.com\/web\/arabe\/material-para-las-ausencias\/"]}]},{"@type":"BreadcrumbList","@id":"https:\/\/www.eoimalaga.com\/web\/arabe\/material-para-las-ausencias\/#breadcrumb","itemListElement":[{"@type":"ListItem","position":1,"name":"Home","item":"https:\/\/www.eoimalaga.com\/web\/"},{"@type":"ListItem","position":2,"name":"\u00c1RABE","item":"https:\/\/www.eoimalaga.com\/web\/arabe\/"},{"@type":"ListItem","position":3,"name":"Material para las ausencias y autoaprendizaje"}]},{"@type":"WebSite","@id":"https:\/\/www.eoimalaga.com\/web\/#website","url":"https:\/\/www.eoimalaga.com\/web\/","name":"P\u00e1gina Oficial de la EOI de M\u00e1laga ::Los idiomas ponen el mundo a tus pies::","description":"EOI M\u00e1laga","potentialAction":[{"@type":"SearchAction","target":{"@type":"EntryPoint","urlTemplate":"https:\/\/www.eoimalaga.com\/web\/?s={search_term_string}"},"query-input":{"@type":"PropertyValueSpecification","valueRequired":true,"valueName":"search_term_string"}}],"inLanguage":"es"}]}},"_links":{"self":[{"href":"https:\/\/www.eoimalaga.com\/web\/wp-json\/wp\/v2\/pages\/8382","targetHints":{"allow":["GET"]}}],"collection":[{"href":"https:\/\/www.eoimalaga.com\/web\/wp-json\/wp\/v2\/pages"}],"about":[{"href":"https:\/\/www.eoimalaga.com\/web\/wp-json\/wp\/v2\/types\/page"}],"author":[{"embeddable":true,"href":"https:\/\/www.eoimalaga.com\/web\/wp-json\/wp\/v2\/users\/14"}],"replies":[{"embeddable":true,"href":"https:\/\/www.eoimalaga.com\/web\/wp-json\/wp\/v2\/comments?post=8382"}],"version-history":[{"count":7,"href":"https:\/\/www.eoimalaga.com\/web\/wp-json\/wp\/v2\/pages\/8382\/revisions"}],"predecessor-version":[{"id":20880,"href":"https:\/\/www.eoimalaga.com\/web\/wp-json\/wp\/v2\/pages\/8382\/revisions\/20880"}],"up":[{"embeddable":true,"href":"https:\/\/www.eoimalaga.com\/web\/wp-json\/wp\/v2\/pages\/8293"}],"wp:attachment":[{"href":"https:\/\/www.eoimalaga.com\/web\/wp-json\/wp\/v2\/media?parent=8382"}],"wp:term":[{"taxonomy":"category","embeddable":true,"href":"https:\/\/www.eoimalaga.com\/web\/wp-json\/wp\/v2\/categories?post=8382"},{"taxonomy":"post_tag","embeddable":true,"href":"https:\/\/www.eoimalaga.com\/web\/wp-json\/wp\/v2\/tags?post=8382"}],"curies":[{"name":"wp","href":"https:\/\/api.w.org\/{rel}","templated":true}]}}