{"id":8367,"date":"2019-12-29T08:50:23","date_gmt":"2019-12-29T06:50:23","guid":{"rendered":"http:\/\/www.eoimalaga.com\/web\/?page_id=8367"},"modified":"2023-02-17T10:43:38","modified_gmt":"2023-02-17T08:43:38","slug":"pruebas-terminales-de-certificacion","status":"publish","type":"page","link":"https:\/\/www.eoimalaga.com\/web\/arabe\/pruebas-terminales-de-certificacion\/","title":{"rendered":"Pruebas de certificaci\u00f3n"},"content":{"rendered":"<div class=\"wpb-content-wrapper\"><p>[vc_row][vc_column][vc_row_inner][vc_column_inner][vc_column_text]<\/p>\n<h1 style=\"text-align: center;\">Pruebas terminales de certificaci\u00f3n<\/h1>\n<p>[\/vc_column_text][\/vc_column_inner][\/vc_row_inner][vc_empty_space height=\u00bb45px\u00bb][\/vc_column][\/vc_row][vc_row][vc_column width=\u00bb1\/4&#8243;][vc_icon type=\u00bbopeniconic\u00bb icon_openiconic=\u00bbvc-oi vc-oi-info\u00bb color=\u00bbcustom\u00bb size=\u00bbxl\u00bb align=\u00bbright\u00bb custom_color=\u00bb#ec774b\u00bb][\/vc_column][vc_column width=\u00bb3\/4&#8243;][vc_column_text]<span style=\"font-size: 12pt;\">Las Pruebas Terminales Espec\u00edficas de Certificaci\u00f3n (PTEC) se convocan para los niveles A2, B1, B2<\/span><\/p>\n<ul>\n<li><span style=\"font-size: 12pt;\"><span style=\"color: #000000;\"><strong>Calendario de las Pruebas<\/strong>:<\/span> hay una convocatoria en junio y otra en septiembre.<\/span><\/li>\n<li><span style=\"font-size: 12pt;\"><span style=\"color: #000000;\"><strong>Plazo de matr\u00edcula para el alumnado libre<\/strong>:<\/span> 1\u00aa quincena de abril,<\/span><\/li>\n<\/ul>\n<p>[\/vc_column_text][\/vc_column][\/vc_row][vc_row][vc_column][vc_row_inner][vc_column_inner][vc_separator][\/vc_column_inner][\/vc_row_inner][vc_column_text]<\/p>\n<p style=\"text-align: center;\"><span style=\"font-size: 12pt;\">Para mayor informaci\u00f3n consulte nuestra <strong><a href=\"https:\/\/www.eoimalaga.com\/web\/pruebas-especificas-de-certificacion\/\" target=\"_blank\" rel=\"noopener noreferrer\"><span style=\"color: #3366ff;\">p\u00e1gina sobre pruebas de certificaci\u00f3n<\/span><\/a><\/strong>.<\/span><\/p>\n<p>[\/vc_column_text][vc_column_text]<br \/>\n[\/vc_column_text][\/vc_column][\/vc_row][vc_column][\/vc_column][vc_row][vc_column][\/vc_column][\/vc_row]<\/p>\n<\/div>","protected":false},"excerpt":{"rendered":"<p>[vc_row][vc_column][vc_row_inner][vc_column_inner][vc_column_text] Pruebas terminales de certificaci\u00f3n [\/vc_column_text][\/vc_column_inner][\/vc_row_inner][vc_empty_space height=\u00bb45px\u00bb][\/vc_column][\/vc_row][vc_row][vc_column width=\u00bb1\/4&#8243;][vc_icon type=\u00bbopeniconic\u00bb icon_openiconic=\u00bbvc-oi vc-oi-info\u00bb color=\u00bbcustom\u00bb size=\u00bbxl\u00bb align=\u00bbright\u00bb custom_color=\u00bb#ec774b\u00bb][\/vc_column][vc_column width=\u00bb3\/4&#8243;][vc_column_text]Las Pruebas Terminales Espec\u00edficas de Certificaci\u00f3n (PTEC) se convocan para los niveles A2, B1, B2 Calendario de las Pruebas: hay una convocatoria en junio y otra en septiembre. Plazo de matr\u00edcula para el alumnado libre: 1\u00aa quincena de abril, [\/vc_column_text][\/vc_column][\/vc_row][vc_row][vc_column][vc_row_inner][vc_column_inner][vc_separator][\/vc_column_inner][\/vc_row_inner][vc_column_text] [&hellip;]<\/p>\n","protected":false},"author":14,"featured_media":0,"parent":8293,"menu_order":0,"comment_status":"closed","ping_status":"closed","template":"","meta":{"inline_featured_image":false,"footnotes":""},"categories":[51],"tags":[],"class_list":["post-8367","page","type-page","status-publish","hentry","category-arabe"],"yoast_head":"<!-- This site is optimized with the Yoast SEO plugin v26.5 - https:\/\/yoast.com\/wordpress\/plugins\/seo\/ -->\n<title>Pruebas de certificaci\u00f3n - P\u00e1gina Oficial de la EOI de M\u00e1laga ::Los idiomas ponen el mundo a tus pies::<\/title>\n<meta name=\"robots\" content=\"index, follow, max-snippet:-1, max-image-preview:large, max-video-preview:-1\" \/>\n<link rel=\"canonical\" href=\"https:\/\/www.eoimalaga.com\/web\/arabe\/pruebas-terminales-de-certificacion\/\" \/>\n<meta property=\"og:locale\" content=\"es_ES\" \/>\n<meta property=\"og:type\" content=\"article\" \/>\n<meta property=\"og:title\" content=\"Pruebas de certificaci\u00f3n - P\u00e1gina Oficial de la EOI de M\u00e1laga ::Los idiomas ponen el mundo a tus pies::\" \/>\n<meta property=\"og:description\" content=\"[vc_row][vc_column][vc_row_inner][vc_column_inner][vc_column_text] Pruebas terminales de certificaci\u00f3n [\/vc_column_text][\/vc_column_inner][\/vc_row_inner][vc_empty_space height=\u00bb45px\u00bb][\/vc_column][\/vc_row][vc_row][vc_column width=\u00bb1\/4&#8243;][vc_icon type=\u00bbopeniconic\u00bb icon_openiconic=\u00bbvc-oi vc-oi-info\u00bb color=\u00bbcustom\u00bb size=\u00bbxl\u00bb align=\u00bbright\u00bb custom_color=\u00bb#ec774b\u00bb][\/vc_column][vc_column width=\u00bb3\/4&#8243;][vc_column_text]Las Pruebas Terminales Espec\u00edficas de Certificaci\u00f3n (PTEC) se convocan para los niveles A2, B1, B2 Calendario de las Pruebas: hay una convocatoria en junio y otra en septiembre. Plazo de matr\u00edcula para el alumnado libre: 1\u00aa quincena de abril, [\/vc_column_text][\/vc_column][\/vc_row][vc_row][vc_column][vc_row_inner][vc_column_inner][vc_separator][\/vc_column_inner][\/vc_row_inner][vc_column_text] [&hellip;]\" \/>\n<meta property=\"og:url\" content=\"https:\/\/www.eoimalaga.com\/web\/arabe\/pruebas-terminales-de-certificacion\/\" \/>\n<meta property=\"og:site_name\" content=\"P\u00e1gina Oficial de la EOI de M\u00e1laga ::Los idiomas ponen el mundo a tus pies::\" \/>\n<meta property=\"article:modified_time\" content=\"2023-02-17T08:43:38+00:00\" \/>\n<meta name=\"twitter:card\" content=\"summary_large_image\" \/>\n<meta name=\"twitter:label1\" content=\"Tiempo de lectura\" \/>\n\t<meta name=\"twitter:data1\" content=\"1 minuto\" \/>\n<script type=\"application\/ld+json\" class=\"yoast-schema-graph\">{\"@context\":\"https:\/\/schema.org\",\"@graph\":[{\"@type\":\"WebPage\",\"@id\":\"https:\/\/www.eoimalaga.com\/web\/arabe\/pruebas-terminales-de-certificacion\/\",\"url\":\"https:\/\/www.eoimalaga.com\/web\/arabe\/pruebas-terminales-de-certificacion\/\",\"name\":\"Pruebas de certificaci\u00f3n - P\u00e1gina Oficial de la EOI de M\u00e1laga ::Los idiomas ponen el mundo a tus pies::\",\"isPartOf\":{\"@id\":\"https:\/\/www.eoimalaga.com\/web\/#website\"},\"datePublished\":\"2019-12-29T06:50:23+00:00\",\"dateModified\":\"2023-02-17T08:43:38+00:00\",\"breadcrumb\":{\"@id\":\"https:\/\/www.eoimalaga.com\/web\/arabe\/pruebas-terminales-de-certificacion\/#breadcrumb\"},\"inLanguage\":\"es\",\"potentialAction\":[{\"@type\":\"ReadAction\",\"target\":[\"https:\/\/www.eoimalaga.com\/web\/arabe\/pruebas-terminales-de-certificacion\/\"]}]},{\"@type\":\"BreadcrumbList\",\"@id\":\"https:\/\/www.eoimalaga.com\/web\/arabe\/pruebas-terminales-de-certificacion\/#breadcrumb\",\"itemListElement\":[{\"@type\":\"ListItem\",\"position\":1,\"name\":\"Home\",\"item\":\"https:\/\/www.eoimalaga.com\/web\/\"},{\"@type\":\"ListItem\",\"position\":2,\"name\":\"\u00c1RABE\",\"item\":\"https:\/\/www.eoimalaga.com\/web\/arabe\/\"},{\"@type\":\"ListItem\",\"position\":3,\"name\":\"Pruebas de certificaci\u00f3n\"}]},{\"@type\":\"WebSite\",\"@id\":\"https:\/\/www.eoimalaga.com\/web\/#website\",\"url\":\"https:\/\/www.eoimalaga.com\/web\/\",\"name\":\"P\u00e1gina Oficial de la EOI de M\u00e1laga ::Los idiomas ponen el mundo a tus pies::\",\"description\":\"EOI M\u00e1laga\",\"potentialAction\":[{\"@type\":\"SearchAction\",\"target\":{\"@type\":\"EntryPoint\",\"urlTemplate\":\"https:\/\/www.eoimalaga.com\/web\/?s={search_term_string}\"},\"query-input\":{\"@type\":\"PropertyValueSpecification\",\"valueRequired\":true,\"valueName\":\"search_term_string\"}}],\"inLanguage\":\"es\"}]}<\/script>\n<!-- \/ Yoast SEO plugin. -->","yoast_head_json":{"title":"Pruebas de certificaci\u00f3n - P\u00e1gina Oficial de la EOI de M\u00e1laga ::Los idiomas ponen el mundo a tus pies::","robots":{"index":"index","follow":"follow","max-snippet":"max-snippet:-1","max-image-preview":"max-image-preview:large","max-video-preview":"max-video-preview:-1"},"canonical":"https:\/\/www.eoimalaga.com\/web\/arabe\/pruebas-terminales-de-certificacion\/","og_locale":"es_ES","og_type":"article","og_title":"Pruebas de certificaci\u00f3n - P\u00e1gina Oficial de la EOI de M\u00e1laga ::Los idiomas ponen el mundo a tus pies::","og_description":"[vc_row][vc_column][vc_row_inner][vc_column_inner][vc_column_text] Pruebas terminales de certificaci\u00f3n [\/vc_column_text][\/vc_column_inner][\/vc_row_inner][vc_empty_space height=\u00bb45px\u00bb][\/vc_column][\/vc_row][vc_row][vc_column width=\u00bb1\/4&#8243;][vc_icon type=\u00bbopeniconic\u00bb icon_openiconic=\u00bbvc-oi vc-oi-info\u00bb color=\u00bbcustom\u00bb size=\u00bbxl\u00bb align=\u00bbright\u00bb custom_color=\u00bb#ec774b\u00bb][\/vc_column][vc_column width=\u00bb3\/4&#8243;][vc_column_text]Las Pruebas Terminales Espec\u00edficas de Certificaci\u00f3n (PTEC) se convocan para los niveles A2, B1, B2 Calendario de las Pruebas: hay una convocatoria en junio y otra en septiembre. Plazo de matr\u00edcula para el alumnado libre: 1\u00aa quincena de abril, [\/vc_column_text][\/vc_column][\/vc_row][vc_row][vc_column][vc_row_inner][vc_column_inner][vc_separator][\/vc_column_inner][\/vc_row_inner][vc_column_text] [&hellip;]","og_url":"https:\/\/www.eoimalaga.com\/web\/arabe\/pruebas-terminales-de-certificacion\/","og_site_name":"P\u00e1gina Oficial de la EOI de M\u00e1laga ::Los idiomas ponen el mundo a tus pies::","article_modified_time":"2023-02-17T08:43:38+00:00","twitter_card":"summary_large_image","twitter_misc":{"Tiempo de lectura":"1 minuto"},"schema":{"@context":"https:\/\/schema.org","@graph":[{"@type":"WebPage","@id":"https:\/\/www.eoimalaga.com\/web\/arabe\/pruebas-terminales-de-certificacion\/","url":"https:\/\/www.eoimalaga.com\/web\/arabe\/pruebas-terminales-de-certificacion\/","name":"Pruebas de certificaci\u00f3n - P\u00e1gina Oficial de la EOI de M\u00e1laga ::Los idiomas ponen el mundo a tus pies::","isPartOf":{"@id":"https:\/\/www.eoimalaga.com\/web\/#website"},"datePublished":"2019-12-29T06:50:23+00:00","dateModified":"2023-02-17T08:43:38+00:00","breadcrumb":{"@id":"https:\/\/www.eoimalaga.com\/web\/arabe\/pruebas-terminales-de-certificacion\/#breadcrumb"},"inLanguage":"es","potentialAction":[{"@type":"ReadAction","target":["https:\/\/www.eoimalaga.com\/web\/arabe\/pruebas-terminales-de-certificacion\/"]}]},{"@type":"BreadcrumbList","@id":"https:\/\/www.eoimalaga.com\/web\/arabe\/pruebas-terminales-de-certificacion\/#breadcrumb","itemListElement":[{"@type":"ListItem","position":1,"name":"Home","item":"https:\/\/www.eoimalaga.com\/web\/"},{"@type":"ListItem","position":2,"name":"\u00c1RABE","item":"https:\/\/www.eoimalaga.com\/web\/arabe\/"},{"@type":"ListItem","position":3,"name":"Pruebas de certificaci\u00f3n"}]},{"@type":"WebSite","@id":"https:\/\/www.eoimalaga.com\/web\/#website","url":"https:\/\/www.eoimalaga.com\/web\/","name":"P\u00e1gina Oficial de la EOI de M\u00e1laga ::Los idiomas ponen el mundo a tus pies::","description":"EOI M\u00e1laga","potentialAction":[{"@type":"SearchAction","target":{"@type":"EntryPoint","urlTemplate":"https:\/\/www.eoimalaga.com\/web\/?s={search_term_string}"},"query-input":{"@type":"PropertyValueSpecification","valueRequired":true,"valueName":"search_term_string"}}],"inLanguage":"es"}]}},"_links":{"self":[{"href":"https:\/\/www.eoimalaga.com\/web\/wp-json\/wp\/v2\/pages\/8367","targetHints":{"allow":["GET"]}}],"collection":[{"href":"https:\/\/www.eoimalaga.com\/web\/wp-json\/wp\/v2\/pages"}],"about":[{"href":"https:\/\/www.eoimalaga.com\/web\/wp-json\/wp\/v2\/types\/page"}],"author":[{"embeddable":true,"href":"https:\/\/www.eoimalaga.com\/web\/wp-json\/wp\/v2\/users\/14"}],"replies":[{"embeddable":true,"href":"https:\/\/www.eoimalaga.com\/web\/wp-json\/wp\/v2\/comments?post=8367"}],"version-history":[{"count":5,"href":"https:\/\/www.eoimalaga.com\/web\/wp-json\/wp\/v2\/pages\/8367\/revisions"}],"predecessor-version":[{"id":16510,"href":"https:\/\/www.eoimalaga.com\/web\/wp-json\/wp\/v2\/pages\/8367\/revisions\/16510"}],"up":[{"embeddable":true,"href":"https:\/\/www.eoimalaga.com\/web\/wp-json\/wp\/v2\/pages\/8293"}],"wp:attachment":[{"href":"https:\/\/www.eoimalaga.com\/web\/wp-json\/wp\/v2\/media?parent=8367"}],"wp:term":[{"taxonomy":"category","embeddable":true,"href":"https:\/\/www.eoimalaga.com\/web\/wp-json\/wp\/v2\/categories?post=8367"},{"taxonomy":"post_tag","embeddable":true,"href":"https:\/\/www.eoimalaga.com\/web\/wp-json\/wp\/v2\/tags?post=8367"}],"curies":[{"name":"wp","href":"https:\/\/api.w.org\/{rel}","templated":true}]}}