{"id":8349,"date":"2019-12-29T08:42:23","date_gmt":"2019-12-29T06:42:23","guid":{"rendered":"http:\/\/www.eoimalaga.com\/web\/?page_id=8349"},"modified":"2025-07-16T21:48:22","modified_gmt":"2025-07-16T19:48:22","slug":"horarios","status":"publish","type":"page","link":"https:\/\/www.eoimalaga.com\/web\/arabe\/horarios\/","title":{"rendered":"Horarios"},"content":{"rendered":"<div class=\"wpb-content-wrapper\"><p>[vc_row][vc_column][vc_column_text css=\u00bb\u00bb]<\/p>\n<h1>CURSO 25\/26<\/h1>\n<p>[\/vc_column_text][\/vc_column][\/vc_row][vc_row][vc_column][vc_column_text css=\u00bb\u00bb]<span style=\"font-size: 14pt\">En el siguiente enlace puede encontrar informaci\u00f3n detallada sobre los <strong>niveles, horarios, profesorado y aulas<\/strong> correspondientes a los cursos que se imparten:<\/span>[\/vc_column_text][\/vc_column][\/vc_row][vc_row][vc_column][vc_empty_space][\/vc_column][\/vc_row][vc_row equal_height=\u00bbyes\u00bb content_placement=\u00bbmiddle\u00bb][vc_column width=\u00bb1\/4&#8243;][vc_icon icon_fontawesome=\u00bbfar fa-clock\u00bb color=\u00bbcustom\u00bb size=\u00bbxl\u00bb align=\u00bbright\u00bb link=\u00bburl:https%3A%2F%2Fwww.eoimalaga.com%2Fweb_docs%2Fhorarios%2FIN_OfertaAcademica_Idioma.pdf||target:%20_blank|\u00bb custom_color=\u00bb#6fc191&#8243;][\/vc_column][vc_column width=\u00bb2\/4&#8243;][vc_column_text css=\u00bb\u00bb]<\/p>\n<p style=\"text-align: left\"><a href=\"https:\/\/docs.google.com\/document\/d\/1ksgxyD41Q8HLA7JXz-EFRUn2NuWZg2bHb2w9ZkKegc8\/edit?usp=sharing\">CURSOS PRESENCIALES<\/a><\/p>\n<p>[\/vc_column_text][\/vc_column][vc_column width=\u00bb1\/4&#8243;][\/vc_column][\/vc_row][vc_row][vc_column][\/vc_column][\/vc_row][vc_row disable_element=\u00bbyes\u00bb][vc_column][vc_column_text]<\/p>\n<h1>CURSO 24\/25<\/h1>\n<p>[\/vc_column_text][\/vc_column][\/vc_row][vc_row disable_element=\u00bbyes\u00bb][vc_column]<div class=\"nicdark_archive1 nicdark_bg_grey nicdark_shadow nicdark_radius left overflow_scroll\">\n<table class=\"nicdark_table extrabig nicdark_bg_yellow nicdark_radius aligncenter\" style=\"width: 100%\">\n<thead class=\"nicdark_border_yellow\">\n<tr>\n<td class=\"nicdark_width_percentage1\" style=\"width: 5.31915%;text-align: center\">\n<h4 class=\"white\">A1<\/h4>\n<\/td>\n<td style=\"width: 24.6258%;text-align: center\">\n<h4 class=\"white\">LUNES<\/h4>\n<\/td>\n<td style=\"width: 21.0423%;text-align: center\">\n<h4 class=\"white\">MARTES<\/h4>\n<\/td>\n<td style=\"width: 9.04007%;text-align: center\">\n<h4 class=\"white\">MI\u00c9RCOLES<\/h4>\n<\/td>\n<td style=\"width: 22.3009%;text-align: center\">\n<h4 class=\"white\">JUEVES<\/h4>\n<\/td>\n<td style=\"width: 11.6435%;text-align: center\">\n<h4 class=\"white\">AULA<\/h4>\n<\/td>\n<\/tr>\n<\/thead>\n<tbody class=\"nicdark_bg_grey nicdark_border_grey\">\n<tr>\n<td style=\"width: 5.31915%\">\n<h5 class=\"grey subtitle\"><strong>AR1OADD1630A<\/strong><\/h5>\n<\/td>\n<td style=\"width: 24.6258%;text-align: left\">16:30-18:00<\/p>\n<p>Lab.1<\/td>\n<td style=\"width: 21.0423%\">\n<p class=\"grey subtitle\" style=\"text-align: left\"><span style=\"font-size: 12pt\">16:30-18:00<\/span><\/p>\n<p>A02<\/td>\n<td style=\"width: 9.04007%\">\n<p class=\"grey subtitle\" style=\"text-align: center\">16:30-18:00<\/p>\n<p>Lab.1<\/td>\n<td style=\"width: 22.3009%\">\n<p class=\"grey subtitle\" style=\"text-align: center\"><span style=\"font-size: 12pt\">16:30-18:00<\/span><\/p>\n<p>A02<\/td>\n<td style=\"width: 11.6435%\">\n<p class=\"grey subtitle\" style=\"text-align: center\">Lab.1<\/p>\n<p class=\"grey subtitle\" style=\"text-align: center\">A02<\/p>\n<\/td>\n<\/tr>\n<tr>\n<td style=\"width: 5.31915%\">\n<h5 class=\"grey subtitle\"><strong>AR1OALX1800A<\/strong><\/h5>\n<\/td>\n<td style=\"width: 24.6258%;text-align: center\">\n<p class=\"grey subtitle\" style=\"text-align: left\">18:00-21:00<\/p>\n<\/td>\n<td style=\"width: 21.0423%;text-align: center\">\n<p class=\"grey subtitle\" style=\"text-align: center\">\n<\/td>\n<td style=\"width: 9.04007%;text-align: center\">\n<p class=\"grey subtitle\" style=\"text-align: center\">18:00-21:00<\/p>\n<\/td>\n<td style=\"width: 22.3009%;text-align: center\">\n<p class=\"grey subtitle\" style=\"text-align: center\">\n<\/td>\n<td style=\"width: 11.6435%;text-align: center\">\n<p class=\"grey subtitle\" style=\"text-align: center\">Lab.1<\/p>\n<\/td>\n<\/tr>\n<\/tbody>\n<\/table>\n<\/div>\n[vc_empty_space height=\u00bb30px\u00bb][\/vc_column][\/vc_row][vc_row disable_element=\u00bbyes\u00bb][vc_column]<div class=\"nicdark_archive1 nicdark_bg_grey nicdark_shadow nicdark_radius left overflow_scroll\">\n<table class=\"nicdark_table extrabig nicdark_bg_yellow nicdark_radius aligncenter\" style=\"width: 100%\">\n<thead class=\"nicdark_border_yellow\">\n<tr>\n<td class=\"nicdark_width_percentage1\" style=\"width: 5.31915%;text-align: center\">\n<h4 class=\"white\">A2<\/h4>\n<\/td>\n<td style=\"width: 23.6855%;text-align: center\">\n<h4 class=\"white\">LUNES<\/h4>\n<\/td>\n<td style=\"width: 21.4114%;text-align: center\">\n<h4 class=\"white\">MARTES<\/h4>\n<\/td>\n<td style=\"width: 7.48922%;text-align: center\">\n<h4 class=\"white\">MI\u00c9RCOLES<\/h4>\n<\/td>\n<td style=\"width: 23.5724%;text-align: center\">\n<h4 class=\"white\">JUEVES<\/h4>\n<\/td>\n<td style=\"width: 12.494%;text-align: center\">\n<h4 class=\"white\">AULA<\/h4>\n<\/td>\n<\/tr>\n<\/thead>\n<tbody class=\"nicdark_bg_grey nicdark_border_grey\">\n<tr>\n<td style=\"width: 5.31915%\">\n<h5 class=\"grey subtitle\"><strong>AR2OAMJ1800A<\/strong><\/h5>\n<\/td>\n<td style=\"width: 23.6855%;text-align: left\"><span style=\"font-size: 12pt\">16:30-18:00<\/span><\/td>\n<td style=\"width: 21.4114%\">\n<p class=\"grey subtitle\" style=\"text-align: center\"><span style=\"font-size: 12pt\">16:30-18:00<\/span><\/p>\n<\/td>\n<td style=\"width: 7.48922%\">\n<p class=\"grey subtitle\" style=\"text-align: center\"><span style=\"font-size: 12pt\">16:30-18:00<\/span><\/p>\n<\/td>\n<td style=\"width: 23.5724%\">\n<p class=\"grey subtitle\" style=\"text-align: center\"><span style=\"font-size: 12pt\">16:30-18:00<\/span><\/p>\n<\/td>\n<td style=\"width: 12.494%\">\n<p class=\"grey subtitle\" style=\"text-align: center\">A13<\/p>\n<\/td>\n<\/tr>\n<\/tbody>\n<\/table>\n<\/div>\n[vc_empty_space height=\u00bb30px\u00bb][\/vc_column][\/vc_row][vc_row disable_element=\u00bbyes\u00bb][vc_column]<div class=\"nicdark_archive1 nicdark_bg_grey nicdark_shadow nicdark_radius left overflow_scroll\">\n<table class=\"nicdark_table extrabig nicdark_bg_yellow nicdark_radius aligncenter\" style=\"width: 100%\">\n<thead class=\"nicdark_border_yellow\">\n<tr>\n<td class=\"nicdark_width_percentage1\" style=\"width: 5.31915%;text-align: center\">\n<h4 class=\"white\">B1<\/h4>\n<\/td>\n<td style=\"width: 15.4084%;text-align: center\">\n<h4 class=\"white\">LUNES<\/h4>\n<\/td>\n<td style=\"width: 17.8642%;text-align: center\">\n<h4 class=\"white\">MARTES<\/h4>\n<\/td>\n<td style=\"width: 18.1312%;text-align: center\">\n<h4 class=\"white\">MI\u00c9RCOLES<\/h4>\n<\/td>\n<td style=\"width: 19.5183%;text-align: center\">\n<h4 class=\"white\">JUEVES<\/h4>\n<\/td>\n<td style=\"width: 17.7305%;text-align: center\">\n<h4 class=\"white\">AULA<\/h4>\n<\/td>\n<\/tr>\n<\/thead>\n<tbody class=\"nicdark_bg_grey nicdark_border_grey\">\n<tr>\n<td style=\"width: 5.31915%\">\n<h5 class=\"grey subtitle\"><strong>AR3OADD1630A<\/strong><\/h5>\n<\/td>\n<td style=\"width: 15.4084%;text-align: center\"><\/td>\n<td style=\"width: 17.8642%\">\n<p class=\"grey subtitle\" style=\"text-align: center\">18:00-21:00<\/p>\n<\/td>\n<td style=\"width: 18.1312%\">\n<p class=\"grey subtitle\" style=\"text-align: center\">\n<\/td>\n<td style=\"width: 19.5183%\">\n<p class=\"grey subtitle\" style=\"text-align: center\">18:00-21:00<\/p>\n<\/td>\n<td style=\"width: 17.7305%\">\n<p class=\"grey subtitle\" style=\"text-align: center\">A02<\/p>\n<\/td>\n<\/tr>\n<\/tbody>\n<\/table>\n<\/div>\n[vc_empty_space height=\u00bb30px\u00bb][\/vc_column][\/vc_row][vc_row disable_element=\u00bbyes\u00bb][vc_column]<div class=\"nicdark_archive1 nicdark_bg_grey nicdark_shadow nicdark_radius left overflow_scroll\">\n<table class=\"nicdark_table extrabig nicdark_bg_yellow nicdark_radius aligncenter\" style=\"width: 100%\">\n<thead class=\"nicdark_border_yellow\">\n<tr>\n<td class=\"nicdark_width_percentage1\" style=\"width: 5.31915%;text-align: center\">\n<h4 class=\"white\">B2.1<\/h4>\n<\/td>\n<td style=\"width: 15.4084%;text-align: center\">\n<h4 class=\"white\">LUNES<\/h4>\n<\/td>\n<td style=\"width: 17.8642%;text-align: center\">\n<h4 class=\"white\">MARTES<\/h4>\n<\/td>\n<td style=\"width: 18.1312%;text-align: center\">\n<h4 class=\"white\">MI\u00c9RCOLES<\/h4>\n<\/td>\n<td style=\"width: 19.5183%;text-align: center\">\n<h4 class=\"white\">JUEVES<\/h4>\n<\/td>\n<td style=\"width: 17.7305%;text-align: center\">\n<h4 class=\"white\">AULA<\/h4>\n<\/td>\n<\/tr>\n<\/thead>\n<tbody class=\"nicdark_bg_grey nicdark_border_grey\">\n<tr>\n<td style=\"width: 5.31915%\">\n<h5 class=\"grey subtitle\"><strong>AR4OAMJ1800A<\/strong><\/h5>\n<\/td>\n<td style=\"width: 15.4084%;text-align: center\"><\/td>\n<td style=\"width: 17.8642%\">\n<p class=\"grey subtitle\" style=\"text-align: center\">18:00-20:15<\/p>\n<\/td>\n<td style=\"width: 18.1312%\">\n<p class=\"grey subtitle\" style=\"text-align: center\">\n<\/td>\n<td style=\"width: 19.5183%\">\n<p class=\"grey subtitle\" style=\"text-align: center\">18:00-20:15<\/p>\n<\/td>\n<td style=\"width: 17.7305%\">\n<p class=\"grey subtitle\" style=\"text-align: center\">B05<\/p>\n<\/td>\n<\/tr>\n<\/tbody>\n<\/table>\n<\/div>\n[vc_empty_space height=\u00bb30px\u00bb][\/vc_column][\/vc_row][vc_row disable_element=\u00bbyes\u00bb][vc_column]<div class=\"nicdark_archive1 nicdark_bg_grey nicdark_shadow nicdark_radius left overflow_scroll\">\n<table class=\"nicdark_table extrabig nicdark_bg_yellow nicdark_radius aligncenter\" style=\"width: 100%\">\n<thead class=\"nicdark_border_yellow\">\n<tr>\n<td class=\"nicdark_width_percentage1\" style=\"width: 5.31915%;text-align: center\">\n<h4 class=\"white\">B2<\/h4>\n<\/td>\n<td style=\"width: 19.8003%;text-align: center\">\n<h4 class=\"white\">LUNES<\/h4>\n<\/td>\n<td style=\"width: 17.0196%;text-align: center\">\n<h4 class=\"white\">MARTES<\/h4>\n<\/td>\n<td style=\"width: 20.1582%;text-align: center\">\n<h4 class=\"white\">MI\u00c9RCOLES<\/h4>\n<\/td>\n<td style=\"width: 18.5048%;text-align: center\">\n<h4 class=\"white\">JUEVES<\/h4>\n<\/td>\n<td style=\"width: 13.1697%;text-align: center\">\n<h4 class=\"white\">AULA<\/h4>\n<\/td>\n<\/tr>\n<\/thead>\n<tbody class=\"nicdark_bg_grey nicdark_border_grey\">\n<tr>\n<td style=\"width: 5.31915%\">\n<h5 class=\"grey subtitle\"><strong>AR5OALX1800A<\/strong><\/h5>\n<\/td>\n<td style=\"width: 19.8003%;text-align: left\">18:00-20:15<\/td>\n<td style=\"width: 17.0196%\">\n<p class=\"grey subtitle\" style=\"text-align: center\">\n<\/td>\n<td style=\"width: 20.1582%\">\n<p class=\"grey subtitle\" style=\"text-align: center\">18:00-20:15<\/p>\n<\/td>\n<td style=\"width: 18.5048%\">\n<p class=\"grey subtitle\" style=\"text-align: center\">\n<\/td>\n<td style=\"width: 13.1697%\">\n<p class=\"grey subtitle\" style=\"text-align: center\">B05<\/p>\n<\/td>\n<\/tr>\n<\/tbody>\n<\/table>\n<\/div>\n[vc_empty_space height=\u00bb30px\u00bb][\/vc_column][\/vc_row][vc_row][vc_column][\/vc_column][\/vc_row]<\/p>\n<\/div>","protected":false},"excerpt":{"rendered":"<p>[vc_row][vc_column][vc_column_text css=\u00bb\u00bb] CURSO 25\/26 [\/vc_column_text][\/vc_column][\/vc_row][vc_row][vc_column][vc_column_text css=\u00bb\u00bb]En el siguiente enlace puede encontrar informaci\u00f3n detallada sobre los niveles, horarios, profesorado y aulas correspondientes a los cursos que se imparten:[\/vc_column_text][\/vc_column][\/vc_row][vc_row][vc_column][vc_empty_space][\/vc_column][\/vc_row][vc_row equal_height=\u00bbyes\u00bb content_placement=\u00bbmiddle\u00bb][vc_column width=\u00bb1\/4&#8243;][vc_icon icon_fontawesome=\u00bbfar fa-clock\u00bb color=\u00bbcustom\u00bb size=\u00bbxl\u00bb align=\u00bbright\u00bb link=\u00bburl:https%3A%2F%2Fwww.eoimalaga.com%2Fweb_docs%2Fhorarios%2FIN_OfertaAcademica_Idioma.pdf||target:%20_blank|\u00bb custom_color=\u00bb#6fc191&#8243;][\/vc_column][vc_column width=\u00bb2\/4&#8243;][vc_column_text css=\u00bb\u00bb] CURSOS PRESENCIALES [\/vc_column_text][\/vc_column][vc_column width=\u00bb1\/4&#8243;][\/vc_column][\/vc_row][vc_row][vc_column][\/vc_column][\/vc_row][vc_row disable_element=\u00bbyes\u00bb][vc_column][vc_column_text] CURSO 24\/25 [\/vc_column_text][\/vc_column][\/vc_row][vc_row disable_element=\u00bbyes\u00bb][vc_column][vc_empty_space height=\u00bb30px\u00bb][\/vc_column][\/vc_row][vc_row disable_element=\u00bbyes\u00bb][vc_column][vc_empty_space height=\u00bb30px\u00bb][\/vc_column][\/vc_row][vc_row disable_element=\u00bbyes\u00bb][vc_column][vc_empty_space height=\u00bb30px\u00bb][\/vc_column][\/vc_row][vc_row disable_element=\u00bbyes\u00bb][vc_column][vc_empty_space height=\u00bb30px\u00bb][\/vc_column][\/vc_row][vc_row [&hellip;]<\/p>\n","protected":false},"author":14,"featured_media":0,"parent":8293,"menu_order":0,"comment_status":"closed","ping_status":"closed","template":"","meta":{"inline_featured_image":false,"footnotes":""},"categories":[51],"tags":[],"class_list":["post-8349","page","type-page","status-publish","hentry","category-arabe"],"yoast_head":"<!-- This site is optimized with the Yoast SEO plugin v26.5 - https:\/\/yoast.com\/wordpress\/plugins\/seo\/ -->\n<title>Horarios - P\u00e1gina Oficial de la EOI de M\u00e1laga ::Los idiomas ponen el mundo a tus pies::<\/title>\n<meta name=\"robots\" content=\"index, follow, max-snippet:-1, max-image-preview:large, max-video-preview:-1\" \/>\n<link rel=\"canonical\" href=\"https:\/\/www.eoimalaga.com\/web\/arabe\/horarios\/\" \/>\n<meta property=\"og:locale\" content=\"es_ES\" \/>\n<meta property=\"og:type\" content=\"article\" \/>\n<meta property=\"og:title\" content=\"Horarios - P\u00e1gina Oficial de la EOI de M\u00e1laga ::Los idiomas ponen el mundo a tus pies::\" \/>\n<meta property=\"og:description\" content=\"[vc_row][vc_column][vc_column_text css=\u00bb\u00bb] CURSO 25\/26 [\/vc_column_text][\/vc_column][\/vc_row][vc_row][vc_column][vc_column_text css=\u00bb\u00bb]En el siguiente enlace puede encontrar informaci\u00f3n detallada sobre los niveles, horarios, profesorado y aulas correspondientes a los cursos que se imparten:[\/vc_column_text][\/vc_column][\/vc_row][vc_row][vc_column][vc_empty_space][\/vc_column][\/vc_row][vc_row equal_height=\u00bbyes\u00bb content_placement=\u00bbmiddle\u00bb][vc_column width=\u00bb1\/4&#8243;][vc_icon icon_fontawesome=\u00bbfar fa-clock\u00bb color=\u00bbcustom\u00bb size=\u00bbxl\u00bb align=\u00bbright\u00bb link=\u00bburl:https%3A%2F%2Fwww.eoimalaga.com%2Fweb_docs%2Fhorarios%2FIN_OfertaAcademica_Idioma.pdf||target:%20_blank|\u00bb custom_color=\u00bb#6fc191&#8243;][\/vc_column][vc_column width=\u00bb2\/4&#8243;][vc_column_text css=\u00bb\u00bb] CURSOS PRESENCIALES [\/vc_column_text][\/vc_column][vc_column width=\u00bb1\/4&#8243;][\/vc_column][\/vc_row][vc_row][vc_column][\/vc_column][\/vc_row][vc_row disable_element=\u00bbyes\u00bb][vc_column][vc_column_text] CURSO 24\/25 [\/vc_column_text][\/vc_column][\/vc_row][vc_row disable_element=\u00bbyes\u00bb][vc_column][vc_empty_space height=\u00bb30px\u00bb][\/vc_column][\/vc_row][vc_row disable_element=\u00bbyes\u00bb][vc_column][vc_empty_space height=\u00bb30px\u00bb][\/vc_column][\/vc_row][vc_row disable_element=\u00bbyes\u00bb][vc_column][vc_empty_space height=\u00bb30px\u00bb][\/vc_column][\/vc_row][vc_row disable_element=\u00bbyes\u00bb][vc_column][vc_empty_space height=\u00bb30px\u00bb][\/vc_column][\/vc_row][vc_row [&hellip;]\" \/>\n<meta property=\"og:url\" content=\"https:\/\/www.eoimalaga.com\/web\/arabe\/horarios\/\" \/>\n<meta property=\"og:site_name\" content=\"P\u00e1gina Oficial de la EOI de M\u00e1laga ::Los idiomas ponen el mundo a tus pies::\" \/>\n<meta property=\"article:modified_time\" content=\"2025-07-16T19:48:22+00:00\" \/>\n<meta name=\"twitter:card\" content=\"summary_large_image\" \/>\n<meta name=\"twitter:label1\" content=\"Tiempo de lectura\" \/>\n\t<meta name=\"twitter:data1\" content=\"1 minuto\" \/>\n<script type=\"application\/ld+json\" class=\"yoast-schema-graph\">{\"@context\":\"https:\/\/schema.org\",\"@graph\":[{\"@type\":\"WebPage\",\"@id\":\"https:\/\/www.eoimalaga.com\/web\/arabe\/horarios\/\",\"url\":\"https:\/\/www.eoimalaga.com\/web\/arabe\/horarios\/\",\"name\":\"Horarios - P\u00e1gina Oficial de la EOI de M\u00e1laga ::Los idiomas ponen el mundo a tus pies::\",\"isPartOf\":{\"@id\":\"https:\/\/www.eoimalaga.com\/web\/#website\"},\"datePublished\":\"2019-12-29T06:42:23+00:00\",\"dateModified\":\"2025-07-16T19:48:22+00:00\",\"breadcrumb\":{\"@id\":\"https:\/\/www.eoimalaga.com\/web\/arabe\/horarios\/#breadcrumb\"},\"inLanguage\":\"es\",\"potentialAction\":[{\"@type\":\"ReadAction\",\"target\":[\"https:\/\/www.eoimalaga.com\/web\/arabe\/horarios\/\"]}]},{\"@type\":\"BreadcrumbList\",\"@id\":\"https:\/\/www.eoimalaga.com\/web\/arabe\/horarios\/#breadcrumb\",\"itemListElement\":[{\"@type\":\"ListItem\",\"position\":1,\"name\":\"Home\",\"item\":\"https:\/\/www.eoimalaga.com\/web\/\"},{\"@type\":\"ListItem\",\"position\":2,\"name\":\"\u00c1RABE\",\"item\":\"https:\/\/www.eoimalaga.com\/web\/arabe\/\"},{\"@type\":\"ListItem\",\"position\":3,\"name\":\"Horarios\"}]},{\"@type\":\"WebSite\",\"@id\":\"https:\/\/www.eoimalaga.com\/web\/#website\",\"url\":\"https:\/\/www.eoimalaga.com\/web\/\",\"name\":\"P\u00e1gina Oficial de la EOI de M\u00e1laga ::Los idiomas ponen el mundo a tus pies::\",\"description\":\"EOI M\u00e1laga\",\"potentialAction\":[{\"@type\":\"SearchAction\",\"target\":{\"@type\":\"EntryPoint\",\"urlTemplate\":\"https:\/\/www.eoimalaga.com\/web\/?s={search_term_string}\"},\"query-input\":{\"@type\":\"PropertyValueSpecification\",\"valueRequired\":true,\"valueName\":\"search_term_string\"}}],\"inLanguage\":\"es\"}]}<\/script>\n<!-- \/ Yoast SEO plugin. -->","yoast_head_json":{"title":"Horarios - P\u00e1gina Oficial de la EOI de M\u00e1laga ::Los idiomas ponen el mundo a tus pies::","robots":{"index":"index","follow":"follow","max-snippet":"max-snippet:-1","max-image-preview":"max-image-preview:large","max-video-preview":"max-video-preview:-1"},"canonical":"https:\/\/www.eoimalaga.com\/web\/arabe\/horarios\/","og_locale":"es_ES","og_type":"article","og_title":"Horarios - P\u00e1gina Oficial de la EOI de M\u00e1laga ::Los idiomas ponen el mundo a tus pies::","og_description":"[vc_row][vc_column][vc_column_text css=\u00bb\u00bb] CURSO 25\/26 [\/vc_column_text][\/vc_column][\/vc_row][vc_row][vc_column][vc_column_text css=\u00bb\u00bb]En el siguiente enlace puede encontrar informaci\u00f3n detallada sobre los niveles, horarios, profesorado y aulas correspondientes a los cursos que se imparten:[\/vc_column_text][\/vc_column][\/vc_row][vc_row][vc_column][vc_empty_space][\/vc_column][\/vc_row][vc_row equal_height=\u00bbyes\u00bb content_placement=\u00bbmiddle\u00bb][vc_column width=\u00bb1\/4&#8243;][vc_icon icon_fontawesome=\u00bbfar fa-clock\u00bb color=\u00bbcustom\u00bb size=\u00bbxl\u00bb align=\u00bbright\u00bb link=\u00bburl:https%3A%2F%2Fwww.eoimalaga.com%2Fweb_docs%2Fhorarios%2FIN_OfertaAcademica_Idioma.pdf||target:%20_blank|\u00bb custom_color=\u00bb#6fc191&#8243;][\/vc_column][vc_column width=\u00bb2\/4&#8243;][vc_column_text css=\u00bb\u00bb] CURSOS PRESENCIALES [\/vc_column_text][\/vc_column][vc_column width=\u00bb1\/4&#8243;][\/vc_column][\/vc_row][vc_row][vc_column][\/vc_column][\/vc_row][vc_row disable_element=\u00bbyes\u00bb][vc_column][vc_column_text] CURSO 24\/25 [\/vc_column_text][\/vc_column][\/vc_row][vc_row disable_element=\u00bbyes\u00bb][vc_column][vc_empty_space height=\u00bb30px\u00bb][\/vc_column][\/vc_row][vc_row disable_element=\u00bbyes\u00bb][vc_column][vc_empty_space height=\u00bb30px\u00bb][\/vc_column][\/vc_row][vc_row disable_element=\u00bbyes\u00bb][vc_column][vc_empty_space height=\u00bb30px\u00bb][\/vc_column][\/vc_row][vc_row disable_element=\u00bbyes\u00bb][vc_column][vc_empty_space height=\u00bb30px\u00bb][\/vc_column][\/vc_row][vc_row [&hellip;]","og_url":"https:\/\/www.eoimalaga.com\/web\/arabe\/horarios\/","og_site_name":"P\u00e1gina Oficial de la EOI de M\u00e1laga ::Los idiomas ponen el mundo a tus pies::","article_modified_time":"2025-07-16T19:48:22+00:00","twitter_card":"summary_large_image","twitter_misc":{"Tiempo de lectura":"1 minuto"},"schema":{"@context":"https:\/\/schema.org","@graph":[{"@type":"WebPage","@id":"https:\/\/www.eoimalaga.com\/web\/arabe\/horarios\/","url":"https:\/\/www.eoimalaga.com\/web\/arabe\/horarios\/","name":"Horarios - P\u00e1gina Oficial de la EOI de M\u00e1laga ::Los idiomas ponen el mundo a tus pies::","isPartOf":{"@id":"https:\/\/www.eoimalaga.com\/web\/#website"},"datePublished":"2019-12-29T06:42:23+00:00","dateModified":"2025-07-16T19:48:22+00:00","breadcrumb":{"@id":"https:\/\/www.eoimalaga.com\/web\/arabe\/horarios\/#breadcrumb"},"inLanguage":"es","potentialAction":[{"@type":"ReadAction","target":["https:\/\/www.eoimalaga.com\/web\/arabe\/horarios\/"]}]},{"@type":"BreadcrumbList","@id":"https:\/\/www.eoimalaga.com\/web\/arabe\/horarios\/#breadcrumb","itemListElement":[{"@type":"ListItem","position":1,"name":"Home","item":"https:\/\/www.eoimalaga.com\/web\/"},{"@type":"ListItem","position":2,"name":"\u00c1RABE","item":"https:\/\/www.eoimalaga.com\/web\/arabe\/"},{"@type":"ListItem","position":3,"name":"Horarios"}]},{"@type":"WebSite","@id":"https:\/\/www.eoimalaga.com\/web\/#website","url":"https:\/\/www.eoimalaga.com\/web\/","name":"P\u00e1gina Oficial de la EOI de M\u00e1laga ::Los idiomas ponen el mundo a tus pies::","description":"EOI M\u00e1laga","potentialAction":[{"@type":"SearchAction","target":{"@type":"EntryPoint","urlTemplate":"https:\/\/www.eoimalaga.com\/web\/?s={search_term_string}"},"query-input":{"@type":"PropertyValueSpecification","valueRequired":true,"valueName":"search_term_string"}}],"inLanguage":"es"}]}},"_links":{"self":[{"href":"https:\/\/www.eoimalaga.com\/web\/wp-json\/wp\/v2\/pages\/8349","targetHints":{"allow":["GET"]}}],"collection":[{"href":"https:\/\/www.eoimalaga.com\/web\/wp-json\/wp\/v2\/pages"}],"about":[{"href":"https:\/\/www.eoimalaga.com\/web\/wp-json\/wp\/v2\/types\/page"}],"author":[{"embeddable":true,"href":"https:\/\/www.eoimalaga.com\/web\/wp-json\/wp\/v2\/users\/14"}],"replies":[{"embeddable":true,"href":"https:\/\/www.eoimalaga.com\/web\/wp-json\/wp\/v2\/comments?post=8349"}],"version-history":[{"count":35,"href":"https:\/\/www.eoimalaga.com\/web\/wp-json\/wp\/v2\/pages\/8349\/revisions"}],"predecessor-version":[{"id":19096,"href":"https:\/\/www.eoimalaga.com\/web\/wp-json\/wp\/v2\/pages\/8349\/revisions\/19096"}],"up":[{"embeddable":true,"href":"https:\/\/www.eoimalaga.com\/web\/wp-json\/wp\/v2\/pages\/8293"}],"wp:attachment":[{"href":"https:\/\/www.eoimalaga.com\/web\/wp-json\/wp\/v2\/media?parent=8349"}],"wp:term":[{"taxonomy":"category","embeddable":true,"href":"https:\/\/www.eoimalaga.com\/web\/wp-json\/wp\/v2\/categories?post=8349"},{"taxonomy":"post_tag","embeddable":true,"href":"https:\/\/www.eoimalaga.com\/web\/wp-json\/wp\/v2\/tags?post=8349"}],"curies":[{"name":"wp","href":"https:\/\/api.w.org\/{rel}","templated":true}]}}