{"id":8331,"date":"2019-12-28T11:05:55","date_gmt":"2019-12-28T09:05:55","guid":{"rendered":"http:\/\/www.eoimalaga.com\/web\/?page_id=8331"},"modified":"2025-07-10T12:45:56","modified_gmt":"2025-07-10T10:45:56","slug":"material-para-las-ausencias","status":"publish","type":"page","link":"https:\/\/www.eoimalaga.com\/web\/aleman\/material-para-las-ausencias\/","title":{"rendered":"Material para las ausencias y el autoaprendizaje"},"content":{"rendered":"<div class=\"wpb-content-wrapper\"><p>[vc_row][vc_column][vc_column_text css=\u00bb\u00bb]<a href=\"https:\/\/www.schubert-verlag.de\/aufgaben\/arbeitsblaetter_a1\/a1_arbeitsblaetter_index.htm\" target=\"_blank\" rel=\"noopener noreferrer\">Material para A1<\/a><\/p>\n<p>&nbsp;<\/p>\n<p><a href=\"https:\/\/www.schubert-verlag.de\/aufgaben\/arbeitsblaetter_a2\/a2_arbeitsblaetter_index.htm\" target=\"_blank\" rel=\"noopener noreferrer\">Material para A2<\/a><\/p>\n<p>&nbsp;<\/p>\n<p><a href=\"https:\/\/www.schubert-verlag.de\/aufgaben\/arbeitsblaetter_b1\/b1_arbeitsblaetter_index.htm\" target=\"_blank\" rel=\"noopener noreferrer\">Material para B1<\/a><\/p>\n<p>&nbsp;<\/p>\n<p><a href=\"https:\/\/www.schubert-verlag.de\/aufgaben\/uebungen_b2\/sb2_uebungen_index.htm\" target=\"_blank\" rel=\"noopener noreferrer\">Material para B2.1<\/a><\/p>\n<p>&nbsp;<\/p>\n<p><a href=\"https:\/\/www.schubert-verlag.de\/aufgaben\/uebungen_b2\/sb2_uebungen_index.htm\" target=\"_blank\" rel=\"noopener noreferrer\">Material para B2.2<\/a><\/p>\n<p>&nbsp;<\/p>\n<p><a href=\"https:\/\/www.schubert-verlag.de\/aufgaben\/uebungen_c1\/c1_erkund_uebungen_index.htm\" target=\"_blank\" rel=\"noopener noreferrer\">Material para C1<\/a>[\/vc_column_text][\/vc_column][\/vc_row][vc_row][vc_column][vc_column_text css=\u00bb\u00bb]<\/p>\n<h1><\/h1>\n<p><strong>Materiales del Goethe-Institut<\/strong><\/p>\n<p><a href=\"https:\/\/learngerman.dw.com\/es\/aprender-alem\u00e1n\/s-47990814\">https:\/\/<\/a><a href=\"https:\/\/learngerman.dw.com\/es\/aprender-alem\u00e1n\/s-47990814\">learngerman.dw.com<\/a><a href=\"https:\/\/learngerman.dw.com\/es\/aprender-alem\u00e1n\/s-47990814\">\/es\/aprender-alem\u00e1n\/s-47990814<\/a><\/p>\n<p><a href=\"https:\/\/www.goethe.de\/de\/spr\/ueb.html\">https:\/\/www.goethe.de\/de\/spr\/ueb.html<\/a><\/p>\n<p><strong>Diccionarios online<\/strong><\/p>\n<p><a href=\"https:\/\/de.thefreedictionary.com\">https:\/\/de.thefreedictionary.com<\/a><\/p>\n<p><a href=\"https:\/\/es.pons.com\/traducci\u00f3n\/espa\u00f1ol-alem\u00e1n\">https:\/\/es.pons.com\/traducci\u00f3n\/espa\u00f1ol-alem\u00e1n<\/a><\/p>\n<p><a href=\"https:\/\/www.woxikon.de\">https:\/\/www.woxikon.de<\/a><\/p>\n<p><strong>Podcasts<\/strong><\/p>\n<p><a href=\"https:\/\/www.goethe.de\/de\/kul\/flm\/pod.html#anchor-i7112861\">https:\/\/www.goethe.de\/de\/kul\/flm\/pod.html#anchor-i7112861<\/a><\/p>\n<p><a href=\"http:\/\/www.hit-tuner.net\/de\/podcast\/deutsch_lernen.html\">http:\/\/www.hit-tuner.net\/de\/podcast\/deutsch_lernen.html<\/a><\/p>\n<p><a href=\"https:\/\/zehnminutenalltagswissen.podigee.io\">https:\/\/zehnminutenalltagswissen.podigee.io<\/a><\/p>\n<p><a href=\"https:\/\/www.daspodcastufo.com\/#folgen\">https:\/\/www.daspodcastufo.com\/#folgen<\/a><\/p>\n<p><strong>Prensa alemana<\/strong><\/p>\n<p><a href=\"https:\/\/netzbeitrag.de\/internet\/2040\/alle-deutsche-zeitungen-aktuelle-nachrichten-online-lesen\/\">https:\/\/netzbeitrag.de\/internet\/2040\/alle-deutsche-zeitungen-aktuelle-nachrichten-online-lesen\/<\/a><\/p>\n<p><strong>Audiolibros, libros digitales, revistas, libros y m\u00fasica gratuitos<\/strong><\/p>\n<p><a href=\"https:\/\/www.onleihe.de\/goethe-institut\/frontend\/welcome,0-0-0-101-0-0-0-0-0-0-0.html\">https:\/\/www.onleihe.de\/goethe-institut\/frontend\/welcome,0-0-0-101-0-0-0-0-0-0-0.html<\/a><\/p>\n<p><a href=\"https:\/\/zulu-ebooks.com\">https:\/\/zulu-ebooks.com<\/a><\/p>\n<p><a href=\"https:\/\/www.vorleser.net\">https:\/\/www.vorleser.net<\/a><\/p>\n<p><strong>Editoriales<\/strong><\/p>\n<p><a href=\"https:\/\/www.hueber.de\">https:\/\/www.klett-sprachen.es<\/a><\/p>\n<p><a href=\"https:\/\/www.hueber.de\">https:\/\/www.hueber.de<\/a><\/p>\n<p><a href=\"https:\/\/www.cornelsen.de\">https:\/\/www.cornelsen.de<\/a>[\/vc_column_text][\/vc_column][vc_column][\/vc_column][\/vc_row]<\/p>\n<\/div>","protected":false},"excerpt":{"rendered":"<p>[vc_row][vc_column][vc_column_text css=\u00bb\u00bb]Material para A1 &nbsp; Material para A2 &nbsp; Material para B1 &nbsp; Material para B2.1 &nbsp; Material para B2.2 &nbsp; Material para C1[\/vc_column_text][\/vc_column][\/vc_row][vc_row][vc_column][vc_column_text css=\u00bb\u00bb] Materiales del Goethe-Institut https:\/\/learngerman.dw.com\/es\/aprender-alem\u00e1n\/s-47990814 https:\/\/www.goethe.de\/de\/spr\/ueb.html Diccionarios online https:\/\/de.thefreedictionary.com https:\/\/es.pons.com\/traducci\u00f3n\/espa\u00f1ol-alem\u00e1n https:\/\/www.woxikon.de Podcasts https:\/\/www.goethe.de\/de\/kul\/flm\/pod.html#anchor-i7112861 http:\/\/www.hit-tuner.net\/de\/podcast\/deutsch_lernen.html https:\/\/zehnminutenalltagswissen.podigee.io https:\/\/www.daspodcastufo.com\/#folgen Prensa alemana https:\/\/netzbeitrag.de\/internet\/2040\/alle-deutsche-zeitungen-aktuelle-nachrichten-online-lesen\/ Audiolibros, libros digitales, revistas, libros y m\u00fasica gratuitos https:\/\/www.onleihe.de\/goethe-institut\/frontend\/welcome,0-0-0-101-0-0-0-0-0-0-0.html https:\/\/zulu-ebooks.com https:\/\/www.vorleser.net Editoriales [&hellip;]<\/p>\n","protected":false},"author":13,"featured_media":0,"parent":8288,"menu_order":0,"comment_status":"closed","ping_status":"closed","template":"","meta":{"inline_featured_image":false,"footnotes":""},"categories":[50],"tags":[],"class_list":["post-8331","page","type-page","status-publish","hentry","category-aleman"],"yoast_head":"<!-- This site is optimized with the Yoast SEO plugin v26.5 - https:\/\/yoast.com\/wordpress\/plugins\/seo\/ -->\n<title>Material para las ausencias y el autoaprendizaje - P\u00e1gina Oficial de la EOI de M\u00e1laga ::Los idiomas ponen el mundo a tus pies::<\/title>\n<meta name=\"robots\" content=\"index, follow, max-snippet:-1, max-image-preview:large, max-video-preview:-1\" \/>\n<link rel=\"canonical\" href=\"https:\/\/www.eoimalaga.com\/web\/aleman\/material-para-las-ausencias\/\" \/>\n<meta property=\"og:locale\" content=\"es_ES\" \/>\n<meta property=\"og:type\" content=\"article\" \/>\n<meta property=\"og:title\" content=\"Material para las ausencias y el autoaprendizaje - P\u00e1gina Oficial de la EOI de M\u00e1laga ::Los idiomas ponen el mundo a tus pies::\" \/>\n<meta property=\"og:description\" content=\"[vc_row][vc_column][vc_column_text css=\u00bb\u00bb]Material para A1 &nbsp; Material para A2 &nbsp; Material para B1 &nbsp; Material para B2.1 &nbsp; Material para B2.2 &nbsp; Material para C1[\/vc_column_text][\/vc_column][\/vc_row][vc_row][vc_column][vc_column_text css=\u00bb\u00bb] Materiales del Goethe-Institut https:\/\/learngerman.dw.com\/es\/aprender-alem\u00e1n\/s-47990814 https:\/\/www.goethe.de\/de\/spr\/ueb.html Diccionarios online https:\/\/de.thefreedictionary.com https:\/\/es.pons.com\/traducci\u00f3n\/espa\u00f1ol-alem\u00e1n https:\/\/www.woxikon.de Podcasts https:\/\/www.goethe.de\/de\/kul\/flm\/pod.html#anchor-i7112861 http:\/\/www.hit-tuner.net\/de\/podcast\/deutsch_lernen.html https:\/\/zehnminutenalltagswissen.podigee.io https:\/\/www.daspodcastufo.com\/#folgen Prensa alemana https:\/\/netzbeitrag.de\/internet\/2040\/alle-deutsche-zeitungen-aktuelle-nachrichten-online-lesen\/ Audiolibros, libros digitales, revistas, libros y m\u00fasica gratuitos https:\/\/www.onleihe.de\/goethe-institut\/frontend\/welcome,0-0-0-101-0-0-0-0-0-0-0.html https:\/\/zulu-ebooks.com https:\/\/www.vorleser.net Editoriales [&hellip;]\" \/>\n<meta property=\"og:url\" content=\"https:\/\/www.eoimalaga.com\/web\/aleman\/material-para-las-ausencias\/\" \/>\n<meta property=\"og:site_name\" content=\"P\u00e1gina Oficial de la EOI de M\u00e1laga ::Los idiomas ponen el mundo a tus pies::\" \/>\n<meta property=\"article:modified_time\" content=\"2025-07-10T10:45:56+00:00\" \/>\n<meta name=\"twitter:card\" content=\"summary_large_image\" \/>\n<meta name=\"twitter:label1\" content=\"Tiempo de lectura\" \/>\n\t<meta name=\"twitter:data1\" content=\"1 minuto\" \/>\n<script type=\"application\/ld+json\" class=\"yoast-schema-graph\">{\"@context\":\"https:\/\/schema.org\",\"@graph\":[{\"@type\":\"WebPage\",\"@id\":\"https:\/\/www.eoimalaga.com\/web\/aleman\/material-para-las-ausencias\/\",\"url\":\"https:\/\/www.eoimalaga.com\/web\/aleman\/material-para-las-ausencias\/\",\"name\":\"Material para las ausencias y el autoaprendizaje - P\u00e1gina Oficial de la EOI de M\u00e1laga ::Los idiomas ponen el mundo a tus pies::\",\"isPartOf\":{\"@id\":\"https:\/\/www.eoimalaga.com\/web\/#website\"},\"datePublished\":\"2019-12-28T09:05:55+00:00\",\"dateModified\":\"2025-07-10T10:45:56+00:00\",\"breadcrumb\":{\"@id\":\"https:\/\/www.eoimalaga.com\/web\/aleman\/material-para-las-ausencias\/#breadcrumb\"},\"inLanguage\":\"es\",\"potentialAction\":[{\"@type\":\"ReadAction\",\"target\":[\"https:\/\/www.eoimalaga.com\/web\/aleman\/material-para-las-ausencias\/\"]}]},{\"@type\":\"BreadcrumbList\",\"@id\":\"https:\/\/www.eoimalaga.com\/web\/aleman\/material-para-las-ausencias\/#breadcrumb\",\"itemListElement\":[{\"@type\":\"ListItem\",\"position\":1,\"name\":\"Home\",\"item\":\"https:\/\/www.eoimalaga.com\/web\/\"},{\"@type\":\"ListItem\",\"position\":2,\"name\":\"ALEM\u00c1N\",\"item\":\"https:\/\/www.eoimalaga.com\/web\/aleman\/\"},{\"@type\":\"ListItem\",\"position\":3,\"name\":\"Material para las ausencias y el autoaprendizaje\"}]},{\"@type\":\"WebSite\",\"@id\":\"https:\/\/www.eoimalaga.com\/web\/#website\",\"url\":\"https:\/\/www.eoimalaga.com\/web\/\",\"name\":\"P\u00e1gina Oficial de la EOI de M\u00e1laga ::Los idiomas ponen el mundo a tus pies::\",\"description\":\"EOI M\u00e1laga\",\"potentialAction\":[{\"@type\":\"SearchAction\",\"target\":{\"@type\":\"EntryPoint\",\"urlTemplate\":\"https:\/\/www.eoimalaga.com\/web\/?s={search_term_string}\"},\"query-input\":{\"@type\":\"PropertyValueSpecification\",\"valueRequired\":true,\"valueName\":\"search_term_string\"}}],\"inLanguage\":\"es\"}]}<\/script>\n<!-- \/ Yoast SEO plugin. -->","yoast_head_json":{"title":"Material para las ausencias y el autoaprendizaje - P\u00e1gina Oficial de la EOI de M\u00e1laga ::Los idiomas ponen el mundo a tus pies::","robots":{"index":"index","follow":"follow","max-snippet":"max-snippet:-1","max-image-preview":"max-image-preview:large","max-video-preview":"max-video-preview:-1"},"canonical":"https:\/\/www.eoimalaga.com\/web\/aleman\/material-para-las-ausencias\/","og_locale":"es_ES","og_type":"article","og_title":"Material para las ausencias y el autoaprendizaje - P\u00e1gina Oficial de la EOI de M\u00e1laga ::Los idiomas ponen el mundo a tus pies::","og_description":"[vc_row][vc_column][vc_column_text css=\u00bb\u00bb]Material para A1 &nbsp; Material para A2 &nbsp; Material para B1 &nbsp; Material para B2.1 &nbsp; Material para B2.2 &nbsp; Material para C1[\/vc_column_text][\/vc_column][\/vc_row][vc_row][vc_column][vc_column_text css=\u00bb\u00bb] Materiales del Goethe-Institut https:\/\/learngerman.dw.com\/es\/aprender-alem\u00e1n\/s-47990814 https:\/\/www.goethe.de\/de\/spr\/ueb.html Diccionarios online https:\/\/de.thefreedictionary.com https:\/\/es.pons.com\/traducci\u00f3n\/espa\u00f1ol-alem\u00e1n https:\/\/www.woxikon.de Podcasts https:\/\/www.goethe.de\/de\/kul\/flm\/pod.html#anchor-i7112861 http:\/\/www.hit-tuner.net\/de\/podcast\/deutsch_lernen.html https:\/\/zehnminutenalltagswissen.podigee.io https:\/\/www.daspodcastufo.com\/#folgen Prensa alemana https:\/\/netzbeitrag.de\/internet\/2040\/alle-deutsche-zeitungen-aktuelle-nachrichten-online-lesen\/ Audiolibros, libros digitales, revistas, libros y m\u00fasica gratuitos https:\/\/www.onleihe.de\/goethe-institut\/frontend\/welcome,0-0-0-101-0-0-0-0-0-0-0.html https:\/\/zulu-ebooks.com https:\/\/www.vorleser.net Editoriales [&hellip;]","og_url":"https:\/\/www.eoimalaga.com\/web\/aleman\/material-para-las-ausencias\/","og_site_name":"P\u00e1gina Oficial de la EOI de M\u00e1laga ::Los idiomas ponen el mundo a tus pies::","article_modified_time":"2025-07-10T10:45:56+00:00","twitter_card":"summary_large_image","twitter_misc":{"Tiempo de lectura":"1 minuto"},"schema":{"@context":"https:\/\/schema.org","@graph":[{"@type":"WebPage","@id":"https:\/\/www.eoimalaga.com\/web\/aleman\/material-para-las-ausencias\/","url":"https:\/\/www.eoimalaga.com\/web\/aleman\/material-para-las-ausencias\/","name":"Material para las ausencias y el autoaprendizaje - P\u00e1gina Oficial de la EOI de M\u00e1laga ::Los idiomas ponen el mundo a tus pies::","isPartOf":{"@id":"https:\/\/www.eoimalaga.com\/web\/#website"},"datePublished":"2019-12-28T09:05:55+00:00","dateModified":"2025-07-10T10:45:56+00:00","breadcrumb":{"@id":"https:\/\/www.eoimalaga.com\/web\/aleman\/material-para-las-ausencias\/#breadcrumb"},"inLanguage":"es","potentialAction":[{"@type":"ReadAction","target":["https:\/\/www.eoimalaga.com\/web\/aleman\/material-para-las-ausencias\/"]}]},{"@type":"BreadcrumbList","@id":"https:\/\/www.eoimalaga.com\/web\/aleman\/material-para-las-ausencias\/#breadcrumb","itemListElement":[{"@type":"ListItem","position":1,"name":"Home","item":"https:\/\/www.eoimalaga.com\/web\/"},{"@type":"ListItem","position":2,"name":"ALEM\u00c1N","item":"https:\/\/www.eoimalaga.com\/web\/aleman\/"},{"@type":"ListItem","position":3,"name":"Material para las ausencias y el autoaprendizaje"}]},{"@type":"WebSite","@id":"https:\/\/www.eoimalaga.com\/web\/#website","url":"https:\/\/www.eoimalaga.com\/web\/","name":"P\u00e1gina Oficial de la EOI de M\u00e1laga ::Los idiomas ponen el mundo a tus pies::","description":"EOI M\u00e1laga","potentialAction":[{"@type":"SearchAction","target":{"@type":"EntryPoint","urlTemplate":"https:\/\/www.eoimalaga.com\/web\/?s={search_term_string}"},"query-input":{"@type":"PropertyValueSpecification","valueRequired":true,"valueName":"search_term_string"}}],"inLanguage":"es"}]}},"_links":{"self":[{"href":"https:\/\/www.eoimalaga.com\/web\/wp-json\/wp\/v2\/pages\/8331","targetHints":{"allow":["GET"]}}],"collection":[{"href":"https:\/\/www.eoimalaga.com\/web\/wp-json\/wp\/v2\/pages"}],"about":[{"href":"https:\/\/www.eoimalaga.com\/web\/wp-json\/wp\/v2\/types\/page"}],"author":[{"embeddable":true,"href":"https:\/\/www.eoimalaga.com\/web\/wp-json\/wp\/v2\/users\/13"}],"replies":[{"embeddable":true,"href":"https:\/\/www.eoimalaga.com\/web\/wp-json\/wp\/v2\/comments?post=8331"}],"version-history":[{"count":29,"href":"https:\/\/www.eoimalaga.com\/web\/wp-json\/wp\/v2\/pages\/8331\/revisions"}],"predecessor-version":[{"id":22089,"href":"https:\/\/www.eoimalaga.com\/web\/wp-json\/wp\/v2\/pages\/8331\/revisions\/22089"}],"up":[{"embeddable":true,"href":"https:\/\/www.eoimalaga.com\/web\/wp-json\/wp\/v2\/pages\/8288"}],"wp:attachment":[{"href":"https:\/\/www.eoimalaga.com\/web\/wp-json\/wp\/v2\/media?parent=8331"}],"wp:term":[{"taxonomy":"category","embeddable":true,"href":"https:\/\/www.eoimalaga.com\/web\/wp-json\/wp\/v2\/categories?post=8331"},{"taxonomy":"post_tag","embeddable":true,"href":"https:\/\/www.eoimalaga.com\/web\/wp-json\/wp\/v2\/tags?post=8331"}],"curies":[{"name":"wp","href":"https:\/\/api.w.org\/{rel}","templated":true}]}}