{"id":8329,"date":"2019-12-28T11:05:14","date_gmt":"2019-12-28T09:05:14","guid":{"rendered":"http:\/\/www.eoimalaga.com\/web\/?page_id=8329"},"modified":"2025-10-06T12:34:36","modified_gmt":"2025-10-06T10:34:36","slug":"libros-de-texto","status":"publish","type":"page","link":"https:\/\/www.eoimalaga.com\/web\/aleman\/libros-de-texto\/","title":{"rendered":"Libros de texto"},"content":{"rendered":"<div class=\"wpb-content-wrapper\"><p>[vc_row][vc_column][vc_column_text css=\u00bb\u00bb]<\/p>\n<header class=\"entry-header\"><\/header>\n<div class=\"entry-content\">\n<h2>LIBROS DE TEXTO 2025-2026<\/h2>\n<table style=\"width: 71.4132%;height: 1026px\">\n<tbody>\n<tr style=\"height: 58px\">\n<td style=\"width: 10.718%;text-align: center;height: 58px;border-color: #2b30cc;border-style: solid\"><span style=\"color: #0000ff\"><b>NIVEL\u00a0<\/b><\/span><\/td>\n<td style=\"width: 43.1713%;text-align: center;height: 58px;border-color: #2b30cc;border-style: solid\"><span style=\"color: #0000ff\"><b>LIBRO<\/b><\/span><\/td>\n<td style=\"width: 8.91843%;text-align: center;height: 58px;border-color: #2b30cc;border-style: solid\"><span style=\"color: #0000ff\"><b>EDITORIAL<\/b><\/span><\/td>\n<\/tr>\n<tr style=\"height: 144px\">\n<td style=\"width: 10.718%;height: 144px;border-color: #2b30cc;border-style: solid\"><span style=\"font-weight: 400;font-size: 10pt\">A1<\/span><\/p>\n<p>A1 semipresencial<\/td>\n<td style=\"width: 43.1713%;height: 144px;border-color: #2b30cc;border-style: solid\">&nbsp;<\/p>\n<p><span style=\"font-weight: 400;font-size: 10pt\">MOMENTE A1.1 KURSBUCH &#8211; ISBN: <span style=\"font-weight: 400\">978-3-19-0017911<\/span><\/span><\/p>\n<p><span style=\"font-weight: 400;font-size: 10pt\">MOMENTE A1.1 ARBEITSBUCH &#8211; ISBN:<span style=\"font-weight: 400\">978-3-19-0117918<\/span><\/span><\/p>\n<p><span style=\"font-weight: 400;font-size: 10pt\">MOMENTE A1.2 KURSBUCH &#8211; ISBN:<span style=\"font-weight: 400\">9783192017919<\/span><\/span><\/p>\n<p><span style=\"font-weight: 400;font-size: 10pt\">MOMENTE A1.2 ARBEITSBUCH &#8211; ISBN:<span style=\"font-weight: 400\">\u00a0<\/span><span style=\"font-weight: 400\">978-3-19-211791-6<\/span><\/span><\/p>\n<p><span style=\"text-decoration: underline\">Edicici\u00f3n completa<\/span><\/p>\n<p>Momente A1 Kursbuch &#8211; ISBN 978-3-19-601791-5<\/p>\n<p>Momente A1 Arbeitsbuch &#8211; ISBN 978-3-19-511791-3<\/td>\n<td style=\"width: 8.91843%;height: 144px;border-color: #2b30cc;border-style: solid\"><span style=\"font-weight: 400;font-size: 10pt\">HUEBER<\/span><\/td>\n<\/tr>\n<tr style=\"height: 144px\">\n<td style=\"width: 10.718%;height: 144px;border-color: #2b30cc;border-style: solid\"><span style=\"font-weight: 400;font-size: 10pt\">A2<\/span><\/td>\n<td style=\"width: 43.1713%;height: 144px;border-color: #2b30cc;border-style: solid\"><span style=\"font-weight: 400;font-size: 10pt\">MOMENTE A2.1 KURSBUCH &#8211; ISBN:<span style=\"font-weight: 400\">9783190017928<\/span><\/span><\/p>\n<p><span style=\"font-size: 10pt\"><span style=\"font-weight: 400\">MOMENTE A2.1 ARBEITSBUCH<\/span><b> &#8211; <\/b>ISBN: 9783190117925<\/span><\/p>\n<p><span style=\"font-weight: 400;font-size: 10pt\">MOMENTE A2.2 KURSBUCH &#8211; ISBN:9783192017926<\/span><\/p>\n<p><span style=\"font-size: 10pt\"><span style=\"font-weight: 400\">MOMENTE A2.2 ARBEITSBUCH -ISBN: 9783192117923<\/span><\/span><\/p>\n<p><span style=\"text-decoration: underline\">Edicici\u00f3n completa<\/span><\/p>\n<p>Momente A2 Kursbuch &#8211; ISBN 978-3-19-501792-3<\/p>\n<p>Momente A2 Arbeitsbuch &#8211; ISBN 978-3-19-511792-0<\/td>\n<td style=\"width: 8.91843%;height: 144px;border-color: #2b30cc;border-style: solid\"><span style=\"font-weight: 400;font-size: 10pt\">HUEBER<\/span><\/td>\n<\/tr>\n<tr style=\"height: 216px\">\n<td style=\"width: 10.718%;border-color: #2b30cc;border-style: solid;height: 216px\"><span style=\"font-weight: 400;font-size: 10pt\">B1<\/span><\/td>\n<td style=\"width: 43.1713%;border-color: #2b30cc;border-style: solid;height: 216px\"><span style=\"font-weight: 400;font-size: 10pt\">MOMENTE B1.1. KURSBUCH &#8211; ISBN: 978-3-19-001793-5<\/span><\/p>\n<p><span style=\"font-weight: 400;font-size: 10pt\">MOMENTE B1.1. ARBEITSBUCH &#8211; ISBN: 978-3-19-011793-2<\/span><\/p>\n<p><span style=\"font-weight: 400;font-size: 10pt\">MOMENTE B1.2. KURSBUCH &#8211; ISBN: 978-3-19-201793-3<\/span><\/p>\n<p><span style=\"font-weight: 400;font-size: 10pt\">MOMENTE B1.2. ARBEITSBUCH &#8211; ISBN:<span style=\"font-weight: 400\"> 978-3-19-211793-0<\/span><\/span><\/p>\n<p><span style=\"text-decoration: underline\">Edicici\u00f3n completa<\/span><\/p>\n<p>Momente B1 Kursbuch &#8211; ISBN 978-3-19-601793-9<\/p>\n<p>Momente B1 Arbeitsbuch &#8211; ISBN 978-3-19-611793-6<\/td>\n<td style=\"width: 8.91843%;border-color: #2b30cc;border-style: solid;height: 216px\"><span style=\"font-weight: 400;font-size: 10pt\"> HUEBER<\/span><\/td>\n<\/tr>\n<tr style=\"height: 144px\">\n<td style=\"width: 10.718%;height: 144px;border-color: #2b30cc;border-style: solid\">B1 semipresencial<\/td>\n<td style=\"width: 43.1713%;height: 144px;border-color: #2b30cc;border-style: solid\"><span style=\"font-weight: 400;font-size: 10pt\">SCHRITTE INTERNATIONAL NEU 5 &#8211; ISBN: <span style=\"font-weight: 400\">978-3-19-301086-5<\/span><\/span><\/p>\n<p><span style=\"font-weight: 400;font-size: 10pt\">SCHRITTE INTERNATIONAL NEU 6 &#8211; ISBN: 978-3-19-661086-4<\/span><\/p>\n<p><span style=\"text-decoration: underline\">*se deber\u00e1 adquirir primero solamente Schritte International Neu 5*<\/span><\/td>\n<td style=\"width: 8.91843%;height: 144px;border-color: #2b30cc;border-style: solid\"><span style=\"font-weight: 400;font-size: 10pt\">HUEBER<\/span><\/td>\n<\/tr>\n<tr style=\"height: 80px\">\n<td style=\"width: 10.718%;height: 80px;border-color: #2b30cc;border-style: solid\"><span style=\"font-weight: 400;font-size: 10pt\">B2.1<\/span><\/td>\n<td style=\"width: 43.1713%;height: 80px;border-color: #2b30cc;border-style: solid\"><span style=\"font-weight: 400;font-size: 10pt\">KONTEXT B2.1 <span style=\"font-weight: 400\">KURS- UND \u00dcBUNGSBUCH<\/span>&#8211; ISBN:<span style=\"font-weight: 400\">978-3-12-605340-2<\/span><\/span><\/td>\n<td style=\"width: 8.91843%;height: 80px;border-color: #2b30cc;border-style: solid\"><span style=\"font-weight: 400;font-size: 10pt\">KLETT<\/span><\/td>\n<\/tr>\n<tr style=\"height: 80px\">\n<td style=\"width: 10.718%;height: 80px;border-color: #2b30cc;border-style: solid\"><span style=\"font-weight: 400;font-size: 10pt\">B2.2<\/span><\/td>\n<td style=\"width: 43.1713%;height: 80px;border-color: #2b30cc;border-style: solid\"><span style=\"font-weight: 400;font-size: 10pt\">KONTEXT B2.2 KURS- UND \u00dcBUNGSBUCH &#8211; ISBN:<span style=\"font-weight: 400\">978-3-12-605341-9<\/span><\/span><\/p>\n<p>&nbsp;<\/td>\n<td style=\"width: 8.91843%;height: 80px;border-color: #2b30cc;border-style: solid\"><span style=\"font-weight: 400;font-size: 10pt\">KLETT<\/span><\/td>\n<\/tr>\n<tr style=\"height: 80px\">\n<td style=\"width: 10.718%;height: 80px;border-color: #2b30cc;border-style: solid\"><span style=\"font-weight: 400;font-size: 10pt\">C1.1<\/span><\/td>\n<td style=\"width: 43.1713%;height: 80px;border-color: #2b30cc;border-style: solid\"><span style=\"font-size: 10pt\"><span style=\"font-weight: 400\">KONTEXT C1.1 KURS- UND \u00dcBUNGSBUCH &#8211; ISBN:978-3-12-605347-1<\/span><\/span><\/td>\n<td style=\"width: 8.91843%;height: 80px;border-color: #2b30cc;border-style: solid\"><span style=\"font-weight: 400;font-size: 10pt\">KLETT<\/span><\/td>\n<\/tr>\n<tr style=\"height: 80px\">\n<td style=\"width: 10.718%;height: 80px;border-color: #2b30cc;border-style: solid\"><span style=\"font-weight: 400;font-size: 10pt\">C1.2<\/span><\/td>\n<td style=\"width: 43.1713%;height: 80px;border-color: #2b30cc;border-style: solid\">&nbsp;<\/p>\n<p><span style=\"font-size: 10pt\"><span style=\"font-weight: 400\">KONTEXT C1.2 KURS- UND \u00dcBUNGSBUCH &#8211; ISBN:978-3-12-605348-8<\/span><\/span><\/td>\n<td style=\"width: 8.91843%;height: 80px;border-color: #2b30cc;border-style: solid\"><span style=\"font-weight: 400;font-size: 10pt\">KLETT<\/span><\/td>\n<\/tr>\n<\/tbody>\n<\/table>\n<p>&nbsp;<\/p>\n<\/div>\n<p>[\/vc_column_text][\/vc_column][\/vc_row][vc_row disable_element=\u00bbyes\u00bb][vc_column width=\u00bb1\/4&#8243;][vc_column_text]\u00a0[\/vc_column_text][\/vc_column][vc_column width=\u00bb1\/4&#8243;][vc_column_text]I am text block. Click edit button to change this text. Lorem ipsum dolor sit amet, consectetur adipiscing elit. Ut elit tellus, luctus nec ullamcorper mattis, pulvinar dapibus leo.[\/vc_column_text][\/vc_column][vc_column width=\u00bb1\/4&#8243;][vc_column_text]I am text block. Click edit button to change this text. Lorem ipsum dolor sit amet, consectetur adipiscing elit. Ut elit tellus, luctus nec ullamcorper mattis, pulvinar dapibus leo.[\/vc_column_text][\/vc_column][vc_column width=\u00bb1\/4&#8243;][vc_column_text]I am text block. Click edit button to change this text. Lorem ipsum dolor sit amet, consectetur adipiscing elit. Ut elit tellus, luctus nec ullamcorper mattis, pulvinar dapibus leo.[\/vc_column_text][\/vc_column][\/vc_row]<\/p>\n<\/div>","protected":false},"excerpt":{"rendered":"<p>[vc_row][vc_column][vc_column_text css=\u00bb\u00bb] LIBROS DE TEXTO 2025-2026 NIVEL\u00a0 LIBRO EDITORIAL A1 A1 semipresencial &nbsp; MOMENTE A1.1 KURSBUCH &#8211; ISBN: 978-3-19-0017911 MOMENTE A1.1 ARBEITSBUCH &#8211; ISBN:978-3-19-0117918 MOMENTE A1.2 KURSBUCH &#8211; ISBN:9783192017919 MOMENTE A1.2 ARBEITSBUCH &#8211; ISBN:\u00a0978-3-19-211791-6 Edicici\u00f3n completa Momente A1 Kursbuch &#8211; ISBN 978-3-19-601791-5 Momente A1 Arbeitsbuch &#8211; ISBN 978-3-19-511791-3 HUEBER A2 MOMENTE A2.1 KURSBUCH &#8211; ISBN:9783190017928 [&hellip;]<\/p>\n","protected":false},"author":13,"featured_media":0,"parent":8288,"menu_order":0,"comment_status":"closed","ping_status":"closed","template":"","meta":{"inline_featured_image":false,"footnotes":""},"categories":[50],"tags":[],"class_list":["post-8329","page","type-page","status-publish","hentry","category-aleman"],"yoast_head":"<!-- This site is optimized with the Yoast SEO plugin v26.5 - https:\/\/yoast.com\/wordpress\/plugins\/seo\/ -->\n<title>Libros de texto - P\u00e1gina Oficial de la EOI de M\u00e1laga ::Los idiomas ponen el mundo a tus pies::<\/title>\n<meta name=\"robots\" content=\"index, follow, max-snippet:-1, max-image-preview:large, max-video-preview:-1\" \/>\n<link rel=\"canonical\" href=\"https:\/\/www.eoimalaga.com\/web\/aleman\/libros-de-texto\/\" \/>\n<meta property=\"og:locale\" content=\"es_ES\" \/>\n<meta property=\"og:type\" content=\"article\" \/>\n<meta property=\"og:title\" content=\"Libros de texto - P\u00e1gina Oficial de la EOI de M\u00e1laga ::Los idiomas ponen el mundo a tus pies::\" \/>\n<meta property=\"og:description\" content=\"[vc_row][vc_column][vc_column_text css=\u00bb\u00bb] LIBROS DE TEXTO 2025-2026 NIVEL\u00a0 LIBRO EDITORIAL A1 A1 semipresencial &nbsp; MOMENTE A1.1 KURSBUCH &#8211; ISBN: 978-3-19-0017911 MOMENTE A1.1 ARBEITSBUCH &#8211; ISBN:978-3-19-0117918 MOMENTE A1.2 KURSBUCH &#8211; ISBN:9783192017919 MOMENTE A1.2 ARBEITSBUCH &#8211; ISBN:\u00a0978-3-19-211791-6 Edicici\u00f3n completa Momente A1 Kursbuch &#8211; ISBN 978-3-19-601791-5 Momente A1 Arbeitsbuch &#8211; ISBN 978-3-19-511791-3 HUEBER A2 MOMENTE A2.1 KURSBUCH &#8211; ISBN:9783190017928 [&hellip;]\" \/>\n<meta property=\"og:url\" content=\"https:\/\/www.eoimalaga.com\/web\/aleman\/libros-de-texto\/\" \/>\n<meta property=\"og:site_name\" content=\"P\u00e1gina Oficial de la EOI de M\u00e1laga ::Los idiomas ponen el mundo a tus pies::\" \/>\n<meta property=\"article:modified_time\" content=\"2025-10-06T10:34:36+00:00\" \/>\n<meta name=\"twitter:card\" content=\"summary_large_image\" \/>\n<meta name=\"twitter:label1\" content=\"Tiempo de lectura\" \/>\n\t<meta name=\"twitter:data1\" content=\"2 minutos\" \/>\n<script type=\"application\/ld+json\" class=\"yoast-schema-graph\">{\"@context\":\"https:\/\/schema.org\",\"@graph\":[{\"@type\":\"WebPage\",\"@id\":\"https:\/\/www.eoimalaga.com\/web\/aleman\/libros-de-texto\/\",\"url\":\"https:\/\/www.eoimalaga.com\/web\/aleman\/libros-de-texto\/\",\"name\":\"Libros de texto - P\u00e1gina Oficial de la EOI de M\u00e1laga ::Los idiomas ponen el mundo a tus pies::\",\"isPartOf\":{\"@id\":\"https:\/\/www.eoimalaga.com\/web\/#website\"},\"datePublished\":\"2019-12-28T09:05:14+00:00\",\"dateModified\":\"2025-10-06T10:34:36+00:00\",\"breadcrumb\":{\"@id\":\"https:\/\/www.eoimalaga.com\/web\/aleman\/libros-de-texto\/#breadcrumb\"},\"inLanguage\":\"es\",\"potentialAction\":[{\"@type\":\"ReadAction\",\"target\":[\"https:\/\/www.eoimalaga.com\/web\/aleman\/libros-de-texto\/\"]}]},{\"@type\":\"BreadcrumbList\",\"@id\":\"https:\/\/www.eoimalaga.com\/web\/aleman\/libros-de-texto\/#breadcrumb\",\"itemListElement\":[{\"@type\":\"ListItem\",\"position\":1,\"name\":\"Home\",\"item\":\"https:\/\/www.eoimalaga.com\/web\/\"},{\"@type\":\"ListItem\",\"position\":2,\"name\":\"ALEM\u00c1N\",\"item\":\"https:\/\/www.eoimalaga.com\/web\/aleman\/\"},{\"@type\":\"ListItem\",\"position\":3,\"name\":\"Libros de texto\"}]},{\"@type\":\"WebSite\",\"@id\":\"https:\/\/www.eoimalaga.com\/web\/#website\",\"url\":\"https:\/\/www.eoimalaga.com\/web\/\",\"name\":\"P\u00e1gina Oficial de la EOI de M\u00e1laga ::Los idiomas ponen el mundo a tus pies::\",\"description\":\"EOI M\u00e1laga\",\"potentialAction\":[{\"@type\":\"SearchAction\",\"target\":{\"@type\":\"EntryPoint\",\"urlTemplate\":\"https:\/\/www.eoimalaga.com\/web\/?s={search_term_string}\"},\"query-input\":{\"@type\":\"PropertyValueSpecification\",\"valueRequired\":true,\"valueName\":\"search_term_string\"}}],\"inLanguage\":\"es\"}]}<\/script>\n<!-- \/ Yoast SEO plugin. -->","yoast_head_json":{"title":"Libros de texto - P\u00e1gina Oficial de la EOI de M\u00e1laga ::Los idiomas ponen el mundo a tus pies::","robots":{"index":"index","follow":"follow","max-snippet":"max-snippet:-1","max-image-preview":"max-image-preview:large","max-video-preview":"max-video-preview:-1"},"canonical":"https:\/\/www.eoimalaga.com\/web\/aleman\/libros-de-texto\/","og_locale":"es_ES","og_type":"article","og_title":"Libros de texto - P\u00e1gina Oficial de la EOI de M\u00e1laga ::Los idiomas ponen el mundo a tus pies::","og_description":"[vc_row][vc_column][vc_column_text css=\u00bb\u00bb] LIBROS DE TEXTO 2025-2026 NIVEL\u00a0 LIBRO EDITORIAL A1 A1 semipresencial &nbsp; MOMENTE A1.1 KURSBUCH &#8211; ISBN: 978-3-19-0017911 MOMENTE A1.1 ARBEITSBUCH &#8211; ISBN:978-3-19-0117918 MOMENTE A1.2 KURSBUCH &#8211; ISBN:9783192017919 MOMENTE A1.2 ARBEITSBUCH &#8211; ISBN:\u00a0978-3-19-211791-6 Edicici\u00f3n completa Momente A1 Kursbuch &#8211; ISBN 978-3-19-601791-5 Momente A1 Arbeitsbuch &#8211; ISBN 978-3-19-511791-3 HUEBER A2 MOMENTE A2.1 KURSBUCH &#8211; ISBN:9783190017928 [&hellip;]","og_url":"https:\/\/www.eoimalaga.com\/web\/aleman\/libros-de-texto\/","og_site_name":"P\u00e1gina Oficial de la EOI de M\u00e1laga ::Los idiomas ponen el mundo a tus pies::","article_modified_time":"2025-10-06T10:34:36+00:00","twitter_card":"summary_large_image","twitter_misc":{"Tiempo de lectura":"2 minutos"},"schema":{"@context":"https:\/\/schema.org","@graph":[{"@type":"WebPage","@id":"https:\/\/www.eoimalaga.com\/web\/aleman\/libros-de-texto\/","url":"https:\/\/www.eoimalaga.com\/web\/aleman\/libros-de-texto\/","name":"Libros de texto - P\u00e1gina Oficial de la EOI de M\u00e1laga ::Los idiomas ponen el mundo a tus pies::","isPartOf":{"@id":"https:\/\/www.eoimalaga.com\/web\/#website"},"datePublished":"2019-12-28T09:05:14+00:00","dateModified":"2025-10-06T10:34:36+00:00","breadcrumb":{"@id":"https:\/\/www.eoimalaga.com\/web\/aleman\/libros-de-texto\/#breadcrumb"},"inLanguage":"es","potentialAction":[{"@type":"ReadAction","target":["https:\/\/www.eoimalaga.com\/web\/aleman\/libros-de-texto\/"]}]},{"@type":"BreadcrumbList","@id":"https:\/\/www.eoimalaga.com\/web\/aleman\/libros-de-texto\/#breadcrumb","itemListElement":[{"@type":"ListItem","position":1,"name":"Home","item":"https:\/\/www.eoimalaga.com\/web\/"},{"@type":"ListItem","position":2,"name":"ALEM\u00c1N","item":"https:\/\/www.eoimalaga.com\/web\/aleman\/"},{"@type":"ListItem","position":3,"name":"Libros de texto"}]},{"@type":"WebSite","@id":"https:\/\/www.eoimalaga.com\/web\/#website","url":"https:\/\/www.eoimalaga.com\/web\/","name":"P\u00e1gina Oficial de la EOI de M\u00e1laga ::Los idiomas ponen el mundo a tus pies::","description":"EOI M\u00e1laga","potentialAction":[{"@type":"SearchAction","target":{"@type":"EntryPoint","urlTemplate":"https:\/\/www.eoimalaga.com\/web\/?s={search_term_string}"},"query-input":{"@type":"PropertyValueSpecification","valueRequired":true,"valueName":"search_term_string"}}],"inLanguage":"es"}]}},"_links":{"self":[{"href":"https:\/\/www.eoimalaga.com\/web\/wp-json\/wp\/v2\/pages\/8329","targetHints":{"allow":["GET"]}}],"collection":[{"href":"https:\/\/www.eoimalaga.com\/web\/wp-json\/wp\/v2\/pages"}],"about":[{"href":"https:\/\/www.eoimalaga.com\/web\/wp-json\/wp\/v2\/types\/page"}],"author":[{"embeddable":true,"href":"https:\/\/www.eoimalaga.com\/web\/wp-json\/wp\/v2\/users\/13"}],"replies":[{"embeddable":true,"href":"https:\/\/www.eoimalaga.com\/web\/wp-json\/wp\/v2\/comments?post=8329"}],"version-history":[{"count":31,"href":"https:\/\/www.eoimalaga.com\/web\/wp-json\/wp\/v2\/pages\/8329\/revisions"}],"predecessor-version":[{"id":22420,"href":"https:\/\/www.eoimalaga.com\/web\/wp-json\/wp\/v2\/pages\/8329\/revisions\/22420"}],"up":[{"embeddable":true,"href":"https:\/\/www.eoimalaga.com\/web\/wp-json\/wp\/v2\/pages\/8288"}],"wp:attachment":[{"href":"https:\/\/www.eoimalaga.com\/web\/wp-json\/wp\/v2\/media?parent=8329"}],"wp:term":[{"taxonomy":"category","embeddable":true,"href":"https:\/\/www.eoimalaga.com\/web\/wp-json\/wp\/v2\/categories?post=8329"},{"taxonomy":"post_tag","embeddable":true,"href":"https:\/\/www.eoimalaga.com\/web\/wp-json\/wp\/v2\/tags?post=8329"}],"curies":[{"name":"wp","href":"https:\/\/api.w.org\/{rel}","templated":true}]}}