{"id":8321,"date":"2019-12-28T11:02:11","date_gmt":"2019-12-28T09:02:11","guid":{"rendered":"http:\/\/www.eoimalaga.com\/web\/?page_id=8321"},"modified":"2023-01-12T22:17:34","modified_gmt":"2023-01-12T20:17:34","slug":"ejemplos-de-pruebas","status":"publish","type":"page","link":"https:\/\/www.eoimalaga.com\/web\/aleman\/ejemplos-de-pruebas\/","title":{"rendered":"Ejemplos de pruebas"},"content":{"rendered":"<div class=\"wpb-content-wrapper\"><p>[vc_row disable_element=\u00bbyes\u00bb][vc_column][vc_column_text]Para acceder a modelos de ex\u00e1menes anteriores pincha aqu\u00ed:\u00a0<a href=\"http:\/\/www.eoimalaga.com\/web\/modeloswebs\/\" target=\"_blank\" rel=\"noopener noreferrer\">Modelos pruebas<\/a>[\/vc_column_text][\/vc_column][\/vc_row][vc_row][vc_column][vc_column_text]<span style=\"font-size: 12pt;\">Las Pruebas Espec\u00edficas de Certificaci\u00f3n (PEC) se convocan para los niveles A2, B1, B2 y C1<\/span><\/p>\n<ul>\n<li style=\"list-style-type: none;\">\n<ul>\n<li><span style=\"font-size: 12pt;\"><span style=\"color: #000000;\"><strong>Estructura de las Pruebas<\/strong>:<\/span> consulte<strong><span style=\"color: #3366ff;\"> <a style=\"color: #3366ff;\" href=\"https:\/\/www.eoimalaga.com\/web\/pruebas-especificas-de-certificacion\/\" target=\"_blank\" rel=\"noopener noreferrer\">nuestra web<\/a><\/span><\/strong>.<\/span><\/li>\n<\/ul>\n<\/li>\n<\/ul>\n<p>&nbsp;<\/p>\n<ul>\n<li style=\"list-style-type: none;\">\n<ul>\n<li><span style=\"color: #000000; font-size: 12pt;\"><strong>Modelos de Pruebas de convocatorias anteriores: <\/strong>en este <strong><span style=\"font-size: 12pt;\"><span style=\"color: #3366ff;\"><a style=\"color: #3366ff;\" href=\"https:\/\/www.juntadeandalucia.es\/educacion\/portals\/web\/ced\/idiomas\/pruebas-de-certificacion\/modelos-convocatoria-anterior\/-\/documentos\/cjCz1QQXiItR\/carpeta\/ingles-14vw2v836istw\" target=\"_blank\" rel=\"noopener noreferrer\">\u00a0enlace<\/a><\/span>.<\/span><\/strong><\/span><\/li>\n<\/ul>\n<\/li>\n<\/ul>\n<p>[\/vc_column_text][\/vc_column][\/vc_row]<\/p>\n<\/div>","protected":false},"excerpt":{"rendered":"<p>[vc_row disable_element=\u00bbyes\u00bb][vc_column][vc_column_text]Para acceder a modelos de ex\u00e1menes anteriores pincha aqu\u00ed:\u00a0Modelos pruebas[\/vc_column_text][\/vc_column][\/vc_row][vc_row][vc_column][vc_column_text]Las Pruebas Espec\u00edficas de Certificaci\u00f3n (PEC) se convocan para los niveles A2, B1, B2 y C1 Estructura de las Pruebas: consulte nuestra web. &nbsp; Modelos de Pruebas de convocatorias anteriores: en este \u00a0enlace. [\/vc_column_text][\/vc_column][\/vc_row]<\/p>\n","protected":false},"author":13,"featured_media":0,"parent":8288,"menu_order":0,"comment_status":"closed","ping_status":"closed","template":"","meta":{"inline_featured_image":false,"footnotes":""},"categories":[50],"tags":[],"class_list":["post-8321","page","type-page","status-publish","hentry","category-aleman"],"yoast_head":"<!-- This site is optimized with the Yoast SEO plugin v26.5 - https:\/\/yoast.com\/wordpress\/plugins\/seo\/ -->\n<title>Ejemplos de pruebas - P\u00e1gina Oficial de la EOI de M\u00e1laga ::Los idiomas ponen el mundo a tus pies::<\/title>\n<meta name=\"robots\" content=\"index, follow, max-snippet:-1, max-image-preview:large, max-video-preview:-1\" \/>\n<link rel=\"canonical\" href=\"https:\/\/www.eoimalaga.com\/web\/aleman\/ejemplos-de-pruebas\/\" \/>\n<meta property=\"og:locale\" content=\"es_ES\" \/>\n<meta property=\"og:type\" content=\"article\" \/>\n<meta property=\"og:title\" content=\"Ejemplos de pruebas - P\u00e1gina Oficial de la EOI de M\u00e1laga ::Los idiomas ponen el mundo a tus pies::\" \/>\n<meta property=\"og:description\" content=\"[vc_row disable_element=\u00bbyes\u00bb][vc_column][vc_column_text]Para acceder a modelos de ex\u00e1menes anteriores pincha aqu\u00ed:\u00a0Modelos pruebas[\/vc_column_text][\/vc_column][\/vc_row][vc_row][vc_column][vc_column_text]Las Pruebas Espec\u00edficas de Certificaci\u00f3n (PEC) se convocan para los niveles A2, B1, B2 y C1 Estructura de las Pruebas: consulte nuestra web. &nbsp; Modelos de Pruebas de convocatorias anteriores: en este \u00a0enlace. [\/vc_column_text][\/vc_column][\/vc_row]\" \/>\n<meta property=\"og:url\" content=\"https:\/\/www.eoimalaga.com\/web\/aleman\/ejemplos-de-pruebas\/\" \/>\n<meta property=\"og:site_name\" content=\"P\u00e1gina Oficial de la EOI de M\u00e1laga ::Los idiomas ponen el mundo a tus pies::\" \/>\n<meta property=\"article:modified_time\" content=\"2023-01-12T20:17:34+00:00\" \/>\n<meta name=\"twitter:card\" content=\"summary_large_image\" \/>\n<script type=\"application\/ld+json\" class=\"yoast-schema-graph\">{\"@context\":\"https:\/\/schema.org\",\"@graph\":[{\"@type\":\"WebPage\",\"@id\":\"https:\/\/www.eoimalaga.com\/web\/aleman\/ejemplos-de-pruebas\/\",\"url\":\"https:\/\/www.eoimalaga.com\/web\/aleman\/ejemplos-de-pruebas\/\",\"name\":\"Ejemplos de pruebas - P\u00e1gina Oficial de la EOI de M\u00e1laga ::Los idiomas ponen el mundo a tus pies::\",\"isPartOf\":{\"@id\":\"https:\/\/www.eoimalaga.com\/web\/#website\"},\"datePublished\":\"2019-12-28T09:02:11+00:00\",\"dateModified\":\"2023-01-12T20:17:34+00:00\",\"breadcrumb\":{\"@id\":\"https:\/\/www.eoimalaga.com\/web\/aleman\/ejemplos-de-pruebas\/#breadcrumb\"},\"inLanguage\":\"es\",\"potentialAction\":[{\"@type\":\"ReadAction\",\"target\":[\"https:\/\/www.eoimalaga.com\/web\/aleman\/ejemplos-de-pruebas\/\"]}]},{\"@type\":\"BreadcrumbList\",\"@id\":\"https:\/\/www.eoimalaga.com\/web\/aleman\/ejemplos-de-pruebas\/#breadcrumb\",\"itemListElement\":[{\"@type\":\"ListItem\",\"position\":1,\"name\":\"Home\",\"item\":\"https:\/\/www.eoimalaga.com\/web\/\"},{\"@type\":\"ListItem\",\"position\":2,\"name\":\"ALEM\u00c1N\",\"item\":\"https:\/\/www.eoimalaga.com\/web\/aleman\/\"},{\"@type\":\"ListItem\",\"position\":3,\"name\":\"Ejemplos de pruebas\"}]},{\"@type\":\"WebSite\",\"@id\":\"https:\/\/www.eoimalaga.com\/web\/#website\",\"url\":\"https:\/\/www.eoimalaga.com\/web\/\",\"name\":\"P\u00e1gina Oficial de la EOI de M\u00e1laga ::Los idiomas ponen el mundo a tus pies::\",\"description\":\"EOI M\u00e1laga\",\"potentialAction\":[{\"@type\":\"SearchAction\",\"target\":{\"@type\":\"EntryPoint\",\"urlTemplate\":\"https:\/\/www.eoimalaga.com\/web\/?s={search_term_string}\"},\"query-input\":{\"@type\":\"PropertyValueSpecification\",\"valueRequired\":true,\"valueName\":\"search_term_string\"}}],\"inLanguage\":\"es\"}]}<\/script>\n<!-- \/ Yoast SEO plugin. -->","yoast_head_json":{"title":"Ejemplos de pruebas - P\u00e1gina Oficial de la EOI de M\u00e1laga ::Los idiomas ponen el mundo a tus pies::","robots":{"index":"index","follow":"follow","max-snippet":"max-snippet:-1","max-image-preview":"max-image-preview:large","max-video-preview":"max-video-preview:-1"},"canonical":"https:\/\/www.eoimalaga.com\/web\/aleman\/ejemplos-de-pruebas\/","og_locale":"es_ES","og_type":"article","og_title":"Ejemplos de pruebas - P\u00e1gina Oficial de la EOI de M\u00e1laga ::Los idiomas ponen el mundo a tus pies::","og_description":"[vc_row disable_element=\u00bbyes\u00bb][vc_column][vc_column_text]Para acceder a modelos de ex\u00e1menes anteriores pincha aqu\u00ed:\u00a0Modelos pruebas[\/vc_column_text][\/vc_column][\/vc_row][vc_row][vc_column][vc_column_text]Las Pruebas Espec\u00edficas de Certificaci\u00f3n (PEC) se convocan para los niveles A2, B1, B2 y C1 Estructura de las Pruebas: consulte nuestra web. &nbsp; Modelos de Pruebas de convocatorias anteriores: en este \u00a0enlace. [\/vc_column_text][\/vc_column][\/vc_row]","og_url":"https:\/\/www.eoimalaga.com\/web\/aleman\/ejemplos-de-pruebas\/","og_site_name":"P\u00e1gina Oficial de la EOI de M\u00e1laga ::Los idiomas ponen el mundo a tus pies::","article_modified_time":"2023-01-12T20:17:34+00:00","twitter_card":"summary_large_image","schema":{"@context":"https:\/\/schema.org","@graph":[{"@type":"WebPage","@id":"https:\/\/www.eoimalaga.com\/web\/aleman\/ejemplos-de-pruebas\/","url":"https:\/\/www.eoimalaga.com\/web\/aleman\/ejemplos-de-pruebas\/","name":"Ejemplos de pruebas - P\u00e1gina Oficial de la EOI de M\u00e1laga ::Los idiomas ponen el mundo a tus pies::","isPartOf":{"@id":"https:\/\/www.eoimalaga.com\/web\/#website"},"datePublished":"2019-12-28T09:02:11+00:00","dateModified":"2023-01-12T20:17:34+00:00","breadcrumb":{"@id":"https:\/\/www.eoimalaga.com\/web\/aleman\/ejemplos-de-pruebas\/#breadcrumb"},"inLanguage":"es","potentialAction":[{"@type":"ReadAction","target":["https:\/\/www.eoimalaga.com\/web\/aleman\/ejemplos-de-pruebas\/"]}]},{"@type":"BreadcrumbList","@id":"https:\/\/www.eoimalaga.com\/web\/aleman\/ejemplos-de-pruebas\/#breadcrumb","itemListElement":[{"@type":"ListItem","position":1,"name":"Home","item":"https:\/\/www.eoimalaga.com\/web\/"},{"@type":"ListItem","position":2,"name":"ALEM\u00c1N","item":"https:\/\/www.eoimalaga.com\/web\/aleman\/"},{"@type":"ListItem","position":3,"name":"Ejemplos de pruebas"}]},{"@type":"WebSite","@id":"https:\/\/www.eoimalaga.com\/web\/#website","url":"https:\/\/www.eoimalaga.com\/web\/","name":"P\u00e1gina Oficial de la EOI de M\u00e1laga ::Los idiomas ponen el mundo a tus pies::","description":"EOI M\u00e1laga","potentialAction":[{"@type":"SearchAction","target":{"@type":"EntryPoint","urlTemplate":"https:\/\/www.eoimalaga.com\/web\/?s={search_term_string}"},"query-input":{"@type":"PropertyValueSpecification","valueRequired":true,"valueName":"search_term_string"}}],"inLanguage":"es"}]}},"_links":{"self":[{"href":"https:\/\/www.eoimalaga.com\/web\/wp-json\/wp\/v2\/pages\/8321","targetHints":{"allow":["GET"]}}],"collection":[{"href":"https:\/\/www.eoimalaga.com\/web\/wp-json\/wp\/v2\/pages"}],"about":[{"href":"https:\/\/www.eoimalaga.com\/web\/wp-json\/wp\/v2\/types\/page"}],"author":[{"embeddable":true,"href":"https:\/\/www.eoimalaga.com\/web\/wp-json\/wp\/v2\/users\/13"}],"replies":[{"embeddable":true,"href":"https:\/\/www.eoimalaga.com\/web\/wp-json\/wp\/v2\/comments?post=8321"}],"version-history":[{"count":4,"href":"https:\/\/www.eoimalaga.com\/web\/wp-json\/wp\/v2\/pages\/8321\/revisions"}],"predecessor-version":[{"id":16351,"href":"https:\/\/www.eoimalaga.com\/web\/wp-json\/wp\/v2\/pages\/8321\/revisions\/16351"}],"up":[{"embeddable":true,"href":"https:\/\/www.eoimalaga.com\/web\/wp-json\/wp\/v2\/pages\/8288"}],"wp:attachment":[{"href":"https:\/\/www.eoimalaga.com\/web\/wp-json\/wp\/v2\/media?parent=8321"}],"wp:term":[{"taxonomy":"category","embeddable":true,"href":"https:\/\/www.eoimalaga.com\/web\/wp-json\/wp\/v2\/categories?post=8321"},{"taxonomy":"post_tag","embeddable":true,"href":"https:\/\/www.eoimalaga.com\/web\/wp-json\/wp\/v2\/tags?post=8321"}],"curies":[{"name":"wp","href":"https:\/\/api.w.org\/{rel}","templated":true}]}}