{"id":8304,"date":"2019-12-28T10:48:15","date_gmt":"2019-12-28T08:48:15","guid":{"rendered":"http:\/\/www.eoimalaga.com\/web\/?page_id=8304"},"modified":"2025-10-29T15:42:23","modified_gmt":"2025-10-29T13:42:23","slug":"programaciones","status":"publish","type":"page","link":"https:\/\/www.eoimalaga.com\/web\/aleman\/programaciones\/","title":{"rendered":"Programaciones"},"content":{"rendered":"<div class=\"wpb-content-wrapper\"><p>[vc_row][vc_column][vc_empty_space height=\u00bb64px\u00bb][\/vc_column][\/vc_row][vc_row][vc_column width=\u00bb1\/4&#8243;][vc_icon icon_fontawesome=\u00bbfas fa-book\u00bb size=\u00bbxl\u00bb align=\u00bbcenter\u00bb css=\u00bb\u00bb link=\u00bburl:https%3A%2F%2Fdocs.google.com%2Fdocument%2Fd%2F1iWZbr3tQqQh8cqQwSOjO5cargj13bh00h3-PK-18S2I%2Fedit%3Fusp%3Dshare_link|target:_blank\u00bb][vc_column_text]<\/p>\n<h3 style=\"text-align: center\">NIVEL B\u00c1SICO A1<\/h3>\n<p>[\/vc_column_text][\/vc_column][vc_column width=\u00bb1\/4&#8243;][vc_icon icon_fontawesome=\u00bbfas fa-book\u00bb size=\u00bbxl\u00bb align=\u00bbcenter\u00bb css=\u00bb\u00bb link=\u00bburl:https%3A%2F%2Fdocs.google.com%2Fdocument%2Fd%2F1eduS0T2E4ZTEA_Y6PJRpdLtuOtoCfQeHRkNHC235PRI%2Fedit%3Fusp%3Dshare_link|target:_blank\u00bb][vc_column_text]<\/p>\n<h3 style=\"text-align: center\">NIVEL B\u00c1SICO A2<\/h3>\n<p>[\/vc_column_text][\/vc_column][vc_column width=\u00bb1\/4&#8243;][vc_icon icon_fontawesome=\u00bbfas fa-book\u00bb size=\u00bbxl\u00bb align=\u00bbcenter\u00bb css=\u00bb\u00bb link=\u00bburl:https%3A%2F%2Fdocs.google.com%2Fdocument%2Fd%2F1Os_aBcP5JtVGo3hDPJegKmi37Ov1A5mgj_3WuXfUkxg%2Fedit%3Fusp%3Dshare_link|target:_blank\u00bb][vc_column_text]<\/p>\n<h3 style=\"text-align: center\">NIVEL INTERMEDIO B1<\/h3>\n<p>[\/vc_column_text][\/vc_column][vc_column width=\u00bb1\/4&#8243;][vc_icon icon_fontawesome=\u00bbfas fa-book\u00bb size=\u00bbxl\u00bb align=\u00bbcenter\u00bb css=\u00bb\u00bb link=\u00bburl:https%3A%2F%2Fdocs.google.com%2Fdocument%2Fd%2F1S6AdOVTzEVaQh_KYk5ECZzbBlk-nVsy7EZf4vE758cY%2Fedit%3Fusp%3Dsharing|target:_blank\u00bb][vc_column_text]<\/p>\n<h3 style=\"text-align: center\">NIVEL INTERMEDIO B2.1<\/h3>\n<p>[\/vc_column_text][\/vc_column][\/vc_row][vc_row][vc_column width=\u00bb1\/4&#8243;][vc_icon icon_fontawesome=\u00bbfas fa-book\u00bb size=\u00bbxl\u00bb align=\u00bbcenter\u00bb css=\u00bb\u00bb link=\u00bburl:https%3A%2F%2Fdocs.google.com%2Fdocument%2Fd%2F1dTOMa3IwRB52Zr2VsS-bqw-CSja0RjNAi8cOPvPcy4o%2Fedit%3Fusp%3Dsharing|target:_blank\u00bb][vc_column_text]<\/p>\n<h3 style=\"text-align: center\">NIVEL INTERMEDIO B2.2<\/h3>\n<p>[\/vc_column_text][\/vc_column][vc_column width=\u00bb1\/4&#8243;][vc_icon icon_fontawesome=\u00bbfas fa-book\u00bb size=\u00bbxl\u00bb align=\u00bbcenter\u00bb css=\u00bb\u00bb link=\u00bburl:https%3A%2F%2Fdocs.google.com%2Fdocument%2Fd%2F1jqgq33Vy6MdkHupIUc45NzaMoVhJCk2jnC1kcuDupvM%2Fedit%3Fusp%3Dshare_link|target:_blank\u00bb][vc_column_text]<\/p>\n<h3 style=\"text-align: center\">NIVEL AVANZADO C1.1<\/h3>\n<p>[\/vc_column_text][\/vc_column][vc_column width=\u00bb1\/4&#8243;][vc_icon icon_fontawesome=\u00bbfas fa-book\u00bb size=\u00bbxl\u00bb align=\u00bbcenter\u00bb css=\u00bb\u00bb link=\u00bburl:https%3A%2F%2Fdocs.google.com%2Fdocument%2Fd%2F1agzr72HvARSp_GXDgUSBpqYijhfONIvmCRCsofduLAE%2Fedit%3Fusp%3Dshare_link|target:_blank\u00bb][vc_column_text]<\/p>\n<h3 style=\"text-align: center\">NIVEL AVANZADO C1.2<\/h3>\n<p>[\/vc_column_text][\/vc_column][\/vc_row][vc_row disable_element=\u00bbyes\u00bb][vc_column][vc_column_text]En remodelaci\u00f3n<a href=\"http:\/\/www.eoimalaga.com\/ALEMAN\/wp-content\/uploads\/2018\/03\/books-1673578_640-300x300-e1537801846645.png\"><br \/>\n<img loading=\"lazy\" decoding=\"async\" class=\"wp-image-6376 aligncenter\" src=\"http:\/\/www.eoimalaga.com\/ALEMAN\/wp-content\/uploads\/2018\/03\/books-1673578_640-300x300-e1537801846645.png\" alt=\"\" width=\"127\" height=\"127\" \/><\/a><\/p>\n<p style=\"text-align: center\"><a href=\"http:\/\/www.eoimalaga.com\/ALEMAN\/wp-content\/uploads\/2018\/03\/books-1673578_640-300x300-e1537801846645.png\"><img loading=\"lazy\" decoding=\"async\" class=\"wp-image-6376 aligncenter\" src=\"http:\/\/www.eoimalaga.com\/ALEMAN\/wp-content\/uploads\/2018\/03\/books-1673578_640-300x300-e1537801846645.png\" alt=\"\" width=\"127\" height=\"127\" \/><\/a><\/p>\n<p style=\"text-align: center\"><a href=\"http:\/\/www.eoimalaga.com\/ALEMAN\/wp-content\/uploads\/2018\/03\/books-1673578_640-300x300-e1537801846645.png\"><img loading=\"lazy\" decoding=\"async\" class=\"wp-image-6376 aligncenter\" src=\"http:\/\/www.eoimalaga.com\/ALEMAN\/wp-content\/uploads\/2018\/03\/books-1673578_640-300x300-e1537801846645.png\" alt=\"\" width=\"118\" height=\"120\" \/><\/a><\/p>\n<p style=\"text-align: center\"><a href=\"http:\/\/www.eoimalaga.com\/ALEMAN\/wp-content\/uploads\/2018\/03\/books-1673578_640-300x300-e1537801846645.png\"><img loading=\"lazy\" decoding=\"async\" class=\"wp-image-6376 aligncenter\" src=\"http:\/\/www.eoimalaga.com\/ALEMAN\/wp-content\/uploads\/2018\/03\/books-1673578_640-300x300-e1537801846645.png\" alt=\"\" width=\"120\" height=\"119\" \/><br \/>\n<\/a>[\/vc_column_text][\/vc_column][\/vc_row]<\/p>\n<\/div>","protected":false},"excerpt":{"rendered":"<p>[vc_row][vc_column][vc_empty_space height=\u00bb64px\u00bb][\/vc_column][\/vc_row][vc_row][vc_column width=\u00bb1\/4&#8243;][vc_icon icon_fontawesome=\u00bbfas fa-book\u00bb size=\u00bbxl\u00bb align=\u00bbcenter\u00bb css=\u00bb\u00bb link=\u00bburl:https%3A%2F%2Fdocs.google.com%2Fdocument%2Fd%2F1iWZbr3tQqQh8cqQwSOjO5cargj13bh00h3-PK-18S2I%2Fedit%3Fusp%3Dshare_link|target:_blank\u00bb][vc_column_text] NIVEL B\u00c1SICO A1 [\/vc_column_text][\/vc_column][vc_column width=\u00bb1\/4&#8243;][vc_icon icon_fontawesome=\u00bbfas fa-book\u00bb size=\u00bbxl\u00bb align=\u00bbcenter\u00bb css=\u00bb\u00bb link=\u00bburl:https%3A%2F%2Fdocs.google.com%2Fdocument%2Fd%2F1eduS0T2E4ZTEA_Y6PJRpdLtuOtoCfQeHRkNHC235PRI%2Fedit%3Fusp%3Dshare_link|target:_blank\u00bb][vc_column_text] NIVEL B\u00c1SICO A2 [\/vc_column_text][\/vc_column][vc_column width=\u00bb1\/4&#8243;][vc_icon icon_fontawesome=\u00bbfas fa-book\u00bb size=\u00bbxl\u00bb align=\u00bbcenter\u00bb css=\u00bb\u00bb link=\u00bburl:https%3A%2F%2Fdocs.google.com%2Fdocument%2Fd%2F1Os_aBcP5JtVGo3hDPJegKmi37Ov1A5mgj_3WuXfUkxg%2Fedit%3Fusp%3Dshare_link|target:_blank\u00bb][vc_column_text] NIVEL INTERMEDIO B1 [\/vc_column_text][\/vc_column][vc_column width=\u00bb1\/4&#8243;][vc_icon icon_fontawesome=\u00bbfas fa-book\u00bb size=\u00bbxl\u00bb align=\u00bbcenter\u00bb css=\u00bb\u00bb link=\u00bburl:https%3A%2F%2Fdocs.google.com%2Fdocument%2Fd%2F1S6AdOVTzEVaQh_KYk5ECZzbBlk-nVsy7EZf4vE758cY%2Fedit%3Fusp%3Dsharing|target:_blank\u00bb][vc_column_text] NIVEL INTERMEDIO B2.1 [\/vc_column_text][\/vc_column][\/vc_row][vc_row][vc_column width=\u00bb1\/4&#8243;][vc_icon icon_fontawesome=\u00bbfas fa-book\u00bb size=\u00bbxl\u00bb align=\u00bbcenter\u00bb css=\u00bb\u00bb link=\u00bburl:https%3A%2F%2Fdocs.google.com%2Fdocument%2Fd%2F1dTOMa3IwRB52Zr2VsS-bqw-CSja0RjNAi8cOPvPcy4o%2Fedit%3Fusp%3Dsharing|target:_blank\u00bb][vc_column_text] NIVEL INTERMEDIO [&hellip;]<\/p>\n","protected":false},"author":13,"featured_media":0,"parent":8288,"menu_order":0,"comment_status":"closed","ping_status":"closed","template":"","meta":{"inline_featured_image":false,"footnotes":""},"categories":[50],"tags":[],"class_list":["post-8304","page","type-page","status-publish","hentry","category-aleman"],"yoast_head":"<!-- This site is optimized with the Yoast SEO plugin v26.5 - https:\/\/yoast.com\/wordpress\/plugins\/seo\/ -->\n<title>Programaciones - P\u00e1gina Oficial de la EOI de M\u00e1laga ::Los idiomas ponen el mundo a tus pies::<\/title>\n<meta name=\"robots\" content=\"index, follow, max-snippet:-1, max-image-preview:large, max-video-preview:-1\" \/>\n<link rel=\"canonical\" href=\"https:\/\/www.eoimalaga.com\/web\/aleman\/programaciones\/\" \/>\n<meta property=\"og:locale\" content=\"es_ES\" \/>\n<meta property=\"og:type\" content=\"article\" \/>\n<meta property=\"og:title\" content=\"Programaciones - P\u00e1gina Oficial de la EOI de M\u00e1laga ::Los idiomas ponen el mundo a tus pies::\" \/>\n<meta property=\"og:description\" content=\"[vc_row][vc_column][vc_empty_space height=\u00bb64px\u00bb][\/vc_column][\/vc_row][vc_row][vc_column width=\u00bb1\/4&#8243;][vc_icon icon_fontawesome=\u00bbfas fa-book\u00bb size=\u00bbxl\u00bb align=\u00bbcenter\u00bb css=\u00bb\u00bb link=\u00bburl:https%3A%2F%2Fdocs.google.com%2Fdocument%2Fd%2F1iWZbr3tQqQh8cqQwSOjO5cargj13bh00h3-PK-18S2I%2Fedit%3Fusp%3Dshare_link|target:_blank\u00bb][vc_column_text] NIVEL B\u00c1SICO A1 [\/vc_column_text][\/vc_column][vc_column width=\u00bb1\/4&#8243;][vc_icon icon_fontawesome=\u00bbfas fa-book\u00bb size=\u00bbxl\u00bb align=\u00bbcenter\u00bb css=\u00bb\u00bb link=\u00bburl:https%3A%2F%2Fdocs.google.com%2Fdocument%2Fd%2F1eduS0T2E4ZTEA_Y6PJRpdLtuOtoCfQeHRkNHC235PRI%2Fedit%3Fusp%3Dshare_link|target:_blank\u00bb][vc_column_text] NIVEL B\u00c1SICO A2 [\/vc_column_text][\/vc_column][vc_column width=\u00bb1\/4&#8243;][vc_icon icon_fontawesome=\u00bbfas fa-book\u00bb size=\u00bbxl\u00bb align=\u00bbcenter\u00bb css=\u00bb\u00bb link=\u00bburl:https%3A%2F%2Fdocs.google.com%2Fdocument%2Fd%2F1Os_aBcP5JtVGo3hDPJegKmi37Ov1A5mgj_3WuXfUkxg%2Fedit%3Fusp%3Dshare_link|target:_blank\u00bb][vc_column_text] NIVEL INTERMEDIO B1 [\/vc_column_text][\/vc_column][vc_column width=\u00bb1\/4&#8243;][vc_icon icon_fontawesome=\u00bbfas fa-book\u00bb size=\u00bbxl\u00bb align=\u00bbcenter\u00bb css=\u00bb\u00bb link=\u00bburl:https%3A%2F%2Fdocs.google.com%2Fdocument%2Fd%2F1S6AdOVTzEVaQh_KYk5ECZzbBlk-nVsy7EZf4vE758cY%2Fedit%3Fusp%3Dsharing|target:_blank\u00bb][vc_column_text] NIVEL INTERMEDIO B2.1 [\/vc_column_text][\/vc_column][\/vc_row][vc_row][vc_column width=\u00bb1\/4&#8243;][vc_icon icon_fontawesome=\u00bbfas fa-book\u00bb size=\u00bbxl\u00bb align=\u00bbcenter\u00bb css=\u00bb\u00bb link=\u00bburl:https%3A%2F%2Fdocs.google.com%2Fdocument%2Fd%2F1dTOMa3IwRB52Zr2VsS-bqw-CSja0RjNAi8cOPvPcy4o%2Fedit%3Fusp%3Dsharing|target:_blank\u00bb][vc_column_text] NIVEL INTERMEDIO [&hellip;]\" \/>\n<meta property=\"og:url\" content=\"https:\/\/www.eoimalaga.com\/web\/aleman\/programaciones\/\" \/>\n<meta property=\"og:site_name\" content=\"P\u00e1gina Oficial de la EOI de M\u00e1laga ::Los idiomas ponen el mundo a tus pies::\" \/>\n<meta property=\"article:modified_time\" content=\"2025-10-29T13:42:23+00:00\" \/>\n<meta property=\"og:image\" content=\"http:\/\/www.eoimalaga.com\/ALEMAN\/wp-content\/uploads\/2018\/03\/books-1673578_640-300x300-e1537801846645.png\" \/>\n<meta name=\"twitter:card\" content=\"summary_large_image\" \/>\n<meta name=\"twitter:label1\" content=\"Tiempo de lectura\" \/>\n\t<meta name=\"twitter:data1\" content=\"2 minutos\" \/>\n<script type=\"application\/ld+json\" class=\"yoast-schema-graph\">{\"@context\":\"https:\/\/schema.org\",\"@graph\":[{\"@type\":\"WebPage\",\"@id\":\"https:\/\/www.eoimalaga.com\/web\/aleman\/programaciones\/\",\"url\":\"https:\/\/www.eoimalaga.com\/web\/aleman\/programaciones\/\",\"name\":\"Programaciones - P\u00e1gina Oficial de la EOI de M\u00e1laga ::Los idiomas ponen el mundo a tus pies::\",\"isPartOf\":{\"@id\":\"https:\/\/www.eoimalaga.com\/web\/#website\"},\"primaryImageOfPage\":{\"@id\":\"https:\/\/www.eoimalaga.com\/web\/aleman\/programaciones\/#primaryimage\"},\"image\":{\"@id\":\"https:\/\/www.eoimalaga.com\/web\/aleman\/programaciones\/#primaryimage\"},\"thumbnailUrl\":\"http:\/\/www.eoimalaga.com\/ALEMAN\/wp-content\/uploads\/2018\/03\/books-1673578_640-300x300-e1537801846645.png\",\"datePublished\":\"2019-12-28T08:48:15+00:00\",\"dateModified\":\"2025-10-29T13:42:23+00:00\",\"breadcrumb\":{\"@id\":\"https:\/\/www.eoimalaga.com\/web\/aleman\/programaciones\/#breadcrumb\"},\"inLanguage\":\"es\",\"potentialAction\":[{\"@type\":\"ReadAction\",\"target\":[\"https:\/\/www.eoimalaga.com\/web\/aleman\/programaciones\/\"]}]},{\"@type\":\"ImageObject\",\"inLanguage\":\"es\",\"@id\":\"https:\/\/www.eoimalaga.com\/web\/aleman\/programaciones\/#primaryimage\",\"url\":\"http:\/\/www.eoimalaga.com\/ALEMAN\/wp-content\/uploads\/2018\/03\/books-1673578_640-300x300-e1537801846645.png\",\"contentUrl\":\"http:\/\/www.eoimalaga.com\/ALEMAN\/wp-content\/uploads\/2018\/03\/books-1673578_640-300x300-e1537801846645.png\"},{\"@type\":\"BreadcrumbList\",\"@id\":\"https:\/\/www.eoimalaga.com\/web\/aleman\/programaciones\/#breadcrumb\",\"itemListElement\":[{\"@type\":\"ListItem\",\"position\":1,\"name\":\"Home\",\"item\":\"https:\/\/www.eoimalaga.com\/web\/\"},{\"@type\":\"ListItem\",\"position\":2,\"name\":\"ALEM\u00c1N\",\"item\":\"https:\/\/www.eoimalaga.com\/web\/aleman\/\"},{\"@type\":\"ListItem\",\"position\":3,\"name\":\"Programaciones\"}]},{\"@type\":\"WebSite\",\"@id\":\"https:\/\/www.eoimalaga.com\/web\/#website\",\"url\":\"https:\/\/www.eoimalaga.com\/web\/\",\"name\":\"P\u00e1gina Oficial de la EOI de M\u00e1laga ::Los idiomas ponen el mundo a tus pies::\",\"description\":\"EOI M\u00e1laga\",\"potentialAction\":[{\"@type\":\"SearchAction\",\"target\":{\"@type\":\"EntryPoint\",\"urlTemplate\":\"https:\/\/www.eoimalaga.com\/web\/?s={search_term_string}\"},\"query-input\":{\"@type\":\"PropertyValueSpecification\",\"valueRequired\":true,\"valueName\":\"search_term_string\"}}],\"inLanguage\":\"es\"}]}<\/script>\n<!-- \/ Yoast SEO plugin. -->","yoast_head_json":{"title":"Programaciones - P\u00e1gina Oficial de la EOI de M\u00e1laga ::Los idiomas ponen el mundo a tus pies::","robots":{"index":"index","follow":"follow","max-snippet":"max-snippet:-1","max-image-preview":"max-image-preview:large","max-video-preview":"max-video-preview:-1"},"canonical":"https:\/\/www.eoimalaga.com\/web\/aleman\/programaciones\/","og_locale":"es_ES","og_type":"article","og_title":"Programaciones - P\u00e1gina Oficial de la EOI de M\u00e1laga ::Los idiomas ponen el mundo a tus pies::","og_description":"[vc_row][vc_column][vc_empty_space height=\u00bb64px\u00bb][\/vc_column][\/vc_row][vc_row][vc_column width=\u00bb1\/4&#8243;][vc_icon icon_fontawesome=\u00bbfas fa-book\u00bb size=\u00bbxl\u00bb align=\u00bbcenter\u00bb css=\u00bb\u00bb link=\u00bburl:https%3A%2F%2Fdocs.google.com%2Fdocument%2Fd%2F1iWZbr3tQqQh8cqQwSOjO5cargj13bh00h3-PK-18S2I%2Fedit%3Fusp%3Dshare_link|target:_blank\u00bb][vc_column_text] NIVEL B\u00c1SICO A1 [\/vc_column_text][\/vc_column][vc_column width=\u00bb1\/4&#8243;][vc_icon icon_fontawesome=\u00bbfas fa-book\u00bb size=\u00bbxl\u00bb align=\u00bbcenter\u00bb css=\u00bb\u00bb link=\u00bburl:https%3A%2F%2Fdocs.google.com%2Fdocument%2Fd%2F1eduS0T2E4ZTEA_Y6PJRpdLtuOtoCfQeHRkNHC235PRI%2Fedit%3Fusp%3Dshare_link|target:_blank\u00bb][vc_column_text] NIVEL B\u00c1SICO A2 [\/vc_column_text][\/vc_column][vc_column width=\u00bb1\/4&#8243;][vc_icon icon_fontawesome=\u00bbfas fa-book\u00bb size=\u00bbxl\u00bb align=\u00bbcenter\u00bb css=\u00bb\u00bb link=\u00bburl:https%3A%2F%2Fdocs.google.com%2Fdocument%2Fd%2F1Os_aBcP5JtVGo3hDPJegKmi37Ov1A5mgj_3WuXfUkxg%2Fedit%3Fusp%3Dshare_link|target:_blank\u00bb][vc_column_text] NIVEL INTERMEDIO B1 [\/vc_column_text][\/vc_column][vc_column width=\u00bb1\/4&#8243;][vc_icon icon_fontawesome=\u00bbfas fa-book\u00bb size=\u00bbxl\u00bb align=\u00bbcenter\u00bb css=\u00bb\u00bb link=\u00bburl:https%3A%2F%2Fdocs.google.com%2Fdocument%2Fd%2F1S6AdOVTzEVaQh_KYk5ECZzbBlk-nVsy7EZf4vE758cY%2Fedit%3Fusp%3Dsharing|target:_blank\u00bb][vc_column_text] NIVEL INTERMEDIO B2.1 [\/vc_column_text][\/vc_column][\/vc_row][vc_row][vc_column width=\u00bb1\/4&#8243;][vc_icon icon_fontawesome=\u00bbfas fa-book\u00bb size=\u00bbxl\u00bb align=\u00bbcenter\u00bb css=\u00bb\u00bb link=\u00bburl:https%3A%2F%2Fdocs.google.com%2Fdocument%2Fd%2F1dTOMa3IwRB52Zr2VsS-bqw-CSja0RjNAi8cOPvPcy4o%2Fedit%3Fusp%3Dsharing|target:_blank\u00bb][vc_column_text] NIVEL INTERMEDIO [&hellip;]","og_url":"https:\/\/www.eoimalaga.com\/web\/aleman\/programaciones\/","og_site_name":"P\u00e1gina Oficial de la EOI de M\u00e1laga ::Los idiomas ponen el mundo a tus pies::","article_modified_time":"2025-10-29T13:42:23+00:00","og_image":[{"url":"http:\/\/www.eoimalaga.com\/ALEMAN\/wp-content\/uploads\/2018\/03\/books-1673578_640-300x300-e1537801846645.png","type":"","width":"","height":""}],"twitter_card":"summary_large_image","twitter_misc":{"Tiempo de lectura":"2 minutos"},"schema":{"@context":"https:\/\/schema.org","@graph":[{"@type":"WebPage","@id":"https:\/\/www.eoimalaga.com\/web\/aleman\/programaciones\/","url":"https:\/\/www.eoimalaga.com\/web\/aleman\/programaciones\/","name":"Programaciones - P\u00e1gina Oficial de la EOI de M\u00e1laga ::Los idiomas ponen el mundo a tus pies::","isPartOf":{"@id":"https:\/\/www.eoimalaga.com\/web\/#website"},"primaryImageOfPage":{"@id":"https:\/\/www.eoimalaga.com\/web\/aleman\/programaciones\/#primaryimage"},"image":{"@id":"https:\/\/www.eoimalaga.com\/web\/aleman\/programaciones\/#primaryimage"},"thumbnailUrl":"http:\/\/www.eoimalaga.com\/ALEMAN\/wp-content\/uploads\/2018\/03\/books-1673578_640-300x300-e1537801846645.png","datePublished":"2019-12-28T08:48:15+00:00","dateModified":"2025-10-29T13:42:23+00:00","breadcrumb":{"@id":"https:\/\/www.eoimalaga.com\/web\/aleman\/programaciones\/#breadcrumb"},"inLanguage":"es","potentialAction":[{"@type":"ReadAction","target":["https:\/\/www.eoimalaga.com\/web\/aleman\/programaciones\/"]}]},{"@type":"ImageObject","inLanguage":"es","@id":"https:\/\/www.eoimalaga.com\/web\/aleman\/programaciones\/#primaryimage","url":"http:\/\/www.eoimalaga.com\/ALEMAN\/wp-content\/uploads\/2018\/03\/books-1673578_640-300x300-e1537801846645.png","contentUrl":"http:\/\/www.eoimalaga.com\/ALEMAN\/wp-content\/uploads\/2018\/03\/books-1673578_640-300x300-e1537801846645.png"},{"@type":"BreadcrumbList","@id":"https:\/\/www.eoimalaga.com\/web\/aleman\/programaciones\/#breadcrumb","itemListElement":[{"@type":"ListItem","position":1,"name":"Home","item":"https:\/\/www.eoimalaga.com\/web\/"},{"@type":"ListItem","position":2,"name":"ALEM\u00c1N","item":"https:\/\/www.eoimalaga.com\/web\/aleman\/"},{"@type":"ListItem","position":3,"name":"Programaciones"}]},{"@type":"WebSite","@id":"https:\/\/www.eoimalaga.com\/web\/#website","url":"https:\/\/www.eoimalaga.com\/web\/","name":"P\u00e1gina Oficial de la EOI de M\u00e1laga ::Los idiomas ponen el mundo a tus pies::","description":"EOI M\u00e1laga","potentialAction":[{"@type":"SearchAction","target":{"@type":"EntryPoint","urlTemplate":"https:\/\/www.eoimalaga.com\/web\/?s={search_term_string}"},"query-input":{"@type":"PropertyValueSpecification","valueRequired":true,"valueName":"search_term_string"}}],"inLanguage":"es"}]}},"_links":{"self":[{"href":"https:\/\/www.eoimalaga.com\/web\/wp-json\/wp\/v2\/pages\/8304","targetHints":{"allow":["GET"]}}],"collection":[{"href":"https:\/\/www.eoimalaga.com\/web\/wp-json\/wp\/v2\/pages"}],"about":[{"href":"https:\/\/www.eoimalaga.com\/web\/wp-json\/wp\/v2\/types\/page"}],"author":[{"embeddable":true,"href":"https:\/\/www.eoimalaga.com\/web\/wp-json\/wp\/v2\/users\/13"}],"replies":[{"embeddable":true,"href":"https:\/\/www.eoimalaga.com\/web\/wp-json\/wp\/v2\/comments?post=8304"}],"version-history":[{"count":33,"href":"https:\/\/www.eoimalaga.com\/web\/wp-json\/wp\/v2\/pages\/8304\/revisions"}],"predecessor-version":[{"id":22532,"href":"https:\/\/www.eoimalaga.com\/web\/wp-json\/wp\/v2\/pages\/8304\/revisions\/22532"}],"up":[{"embeddable":true,"href":"https:\/\/www.eoimalaga.com\/web\/wp-json\/wp\/v2\/pages\/8288"}],"wp:attachment":[{"href":"https:\/\/www.eoimalaga.com\/web\/wp-json\/wp\/v2\/media?parent=8304"}],"wp:term":[{"taxonomy":"category","embeddable":true,"href":"https:\/\/www.eoimalaga.com\/web\/wp-json\/wp\/v2\/categories?post=8304"},{"taxonomy":"post_tag","embeddable":true,"href":"https:\/\/www.eoimalaga.com\/web\/wp-json\/wp\/v2\/tags?post=8304"}],"curies":[{"name":"wp","href":"https:\/\/api.w.org\/{rel}","templated":true}]}}