{"id":6681,"date":"2018-09-14T10:22:19","date_gmt":"2018-09-14T08:22:19","guid":{"rendered":"http:\/\/www.eoimalaga.com\/web\/?page_id=6681"},"modified":"2025-09-17T17:29:51","modified_gmt":"2025-09-17T15:29:51","slug":"horarios-y-tutores","status":"publish","type":"page","link":"https:\/\/www.eoimalaga.com\/web\/horarios-y-tutores\/","title":{"rendered":"Horarios y tutores"},"content":{"rendered":"<div class=\"wpb-content-wrapper\"><p>[vc_row][vc_column][vc_column_text]<\/p>\n<h1 style=\"text-align: center;\">Horarios y tutores<\/h1>\n<p>[\/vc_column_text][vc_empty_space][\/vc_column][\/vc_row][vc_row][vc_column][vc_empty_space][\/vc_column][\/vc_row][vc_row][vc_column][vc_column_text css=\u00bb\u00bb]<\/p>\n<h2>Alem\u00e1n 25\/26<\/h2>\n<p>[\/vc_column_text][vc_tta_accordion style=\u00bbmodern\u00bb color=\u00bbsky\u00bb c_icon=\u00bb\u00bb active_section=\u00bb10&#8243; collapsible_all=\u00bbtrue\u00bb][vc_tta_section title=\u00bbNIVEL B\u00c1SICO 1 (A1) &#8211; GRUPO: AL1SAXX1115A\u00bb tab_id=\u00bb1694372645346-8b0fb676-656c\u00bb][vc_column_text css=\u00bb\u00bb]<b>HORARIO: <\/b>Mi\u00e9rcoles, de 11.15 a 13.15h.<\/p>\n<p><strong>AULA<\/strong>: Biblioteca<\/p>\n<p><strong>PROFESORA<\/strong>: Alicia Sendino<\/p>\n<p><strong>EMAIL<\/strong>: alicia.sendino@eoimalaga.com[\/vc_column_text][\/vc_tta_section][vc_tta_section title=\u00bbNIVEL B\u00c1SICO 2 (A2) &#8211; GRUPO: AL2SAXX1715A\u00bb tab_id=\u00bb1694372645384-f607a315-b888&#8243;][vc_column_text css=\u00bb\u00bb]<b>HORARIO: <\/b>Mi\u00e9rcoles, de 17.15 a 19.15h.<\/p>\n<p><strong>AULA<\/strong>: Biblioteca<\/p>\n<p><strong>PROFESORA<\/strong>: F\u00e1tima L\u00f3pez<\/p>\n<p><strong>EMAIL<\/strong>:\u00a0 fatima.lopez@eoimalaga.com[\/vc_column_text][\/vc_tta_section][vc_tta_section title=\u00bbNIVEL INTERMEDIO &#8211; B1 &#8211; GRUPO: AL3SAXX0900A\u00bb tab_id=\u00bb1694372645426-992df49e-bbfe\u00bb][vc_column_text css=\u00bb\u00bb]<b>HORARIO: <\/b>Mi\u00e9rcoles, de 9 a 11h.<\/p>\n<p><strong>AULA<\/strong>: B21<\/p>\n<p><strong>PROFESORA<\/strong>: Alicia Sendino<\/p>\n<p><strong>EMAIL<\/strong>: alicia.sendino@eoimalaga.com[\/vc_column_text][\/vc_tta_section][\/vc_tta_accordion][\/vc_column][\/vc_row][vc_row][vc_column][vc_empty_space][\/vc_column][\/vc_row][vc_row][vc_column][vc_column_text css=\u00bb\u00bb]<\/p>\n<h2>Franc\u00e9s 25\/26<\/h2>\n<p>[\/vc_column_text][vc_tta_accordion style=\u00bbmodern\u00bb color=\u00bbsky\u00bb c_icon=\u00bb\u00bb active_section=\u00bb10&#8243; collapsible_all=\u00bbtrue\u00bb][vc_tta_section title=\u00bbNIVEL B\u00c1SICO 1 (A1) &#8211; GRUPO: FR1SALL1930A\u00bb tab_id=\u00bb1694372994286-e69d7f4e-92dc\u00bb][vc_column_text css=\u00bb\u00bb]<b>HORARIO:\u00a0<\/b>Lunes, de 19.30 a 21.30<\/p>\n<p><strong>AULA<\/strong>: B14<\/p>\n<p><strong>PROFESORA<\/strong>: Anne Effinger<\/p>\n<p><strong>EMAIL<\/strong>: anne.effinger@eoimalaga.com[\/vc_column_text][\/vc_tta_section][vc_tta_section title=\u00bbNIVEL B\u00c1SICO 2 (A2) &#8211; GRUPO: FR2SAMM1915A\u00bb tab_id=\u00bb1694372994339-ffe3d81d-a070&#8243;][vc_column_text css=\u00bb\u00bb]<b>HORARIO: <\/b>Martes, de 19.15 a 21.15h.<\/p>\n<p><strong>AULA<\/strong>: B04<\/p>\n<p><strong>PROFESORA<\/strong>: Patricia Jim\u00e9nez<\/p>\n<p><strong>EMAIL<\/strong>: patricia.jimenez@eoimalaga.com[\/vc_column_text][\/vc_tta_section][vc_tta_section title=\u00bbNIVEL INTERMEDIO &#8211; B1 &#8211; GRUPO: FR3SAMM1715A\u00bb tab_id=\u00bb1694372994385-f3b5f6ba-1313&#8243;][vc_column_text css=\u00bb\u00bb]<b>HORARIO: <\/b>Martes, de 17.15 a 19.15h.<\/p>\n<p><strong>AULA<\/strong>: B04<\/p>\n<p><strong>PROFESORA<\/strong>: Patricia Jim\u00e9nez<\/p>\n<p><strong>EMAIL<\/strong>: patricia.jimenez@eoimalaga.com[\/vc_column_text][\/vc_tta_section][vc_tta_section title=\u00bbNIVEL INTERMEDIO &#8211; B2.1 &#8211; GRUPO: FR4SALL1915A\u00bb tab_id=\u00bb1694372994429-cafdd7aa-0fa6&#8243;][vc_column_text css=\u00bb\u00bb]<strong>HORARIO:<\/strong> Lunes, de 19.15 a 21.15h.<\/p>\n<p><strong>AULA<\/strong>: B04<\/p>\n<p><strong>PROFESORA<\/strong>: Helena Molino<\/p>\n<p><strong>EMAIL<\/strong>: helena.molino@eoimalaga.com[\/vc_column_text][\/vc_tta_section][vc_tta_section title=\u00bbNIVEL INTERMEDIO &#8211; B2.2 &#8211; GRUPO: FR5SALL1715A\u00bb tab_id=\u00bb1694372994492-e6477b34-4fa3&#8243;][vc_column_text css=\u00bb\u00bb]<strong>HORARIO:<\/strong> Lunes, de 17.15 a 19.15h.<\/p>\n<p><strong>AULA<\/strong>: B04<\/p>\n<p><strong>PROFESORA<\/strong>: Helena Molino<\/p>\n<p><strong>EMAIL<\/strong>: helena.molino@eoimalaga.com[\/vc_column_text][\/vc_tta_section][\/vc_tta_accordion][\/vc_column][\/vc_row][vc_row][vc_column][vc_empty_space][\/vc_column][\/vc_row][vc_row][vc_column][vc_column_text css=\u00bb\u00bb]<\/p>\n<h2>Ingl\u00e9s 25\/26<\/h2>\n<p>[\/vc_column_text][vc_tta_accordion style=\u00bbmodern\u00bb color=\u00bbsky\u00bb c_icon=\u00bb\u00bb active_section=\u00bb10&#8243; collapsible_all=\u00bbtrue\u00bb][vc_tta_section title=\u00bbNIVEL B\u00c1SICO 1 (A1) &#8211; GRUPO IN1SALL0900A\u00bb tab_id=\u00bb1694373345773-42f15eeb-d762&#8243;][vc_column_text css=\u00bb\u00bb]<b>HORARIO:\u00a0<\/b>Lunes, de 9.00 a 11.00h.<\/p>\n<p><strong>AULA<\/strong>: B14<\/p>\n<p><strong>PROFESORA<\/strong>: M\u00aa Jos\u00e9 Herrera<\/p>\n<p><strong>EMAIL<\/strong>: mariajose.herrera@eoimalaga.com[\/vc_column_text][\/vc_tta_section][vc_tta_section title=\u00bbNIVEL B\u00c1SICO 1 (A1) &#8211; GRUPO IN1SAXX1115A\u00bb tab_id=\u00bb1726761690232-13da9882-9f94&#8243;][vc_column_text css=\u00bb\u00bb]<b>HORARIO:\u00a0<\/b>Mi\u00e9rcoles, de 11.15 a 13.15h.<\/p>\n<p><strong>AULA<\/strong>: B14<\/p>\n<p><strong>PROFESORA<\/strong>: M\u00aa Jos\u00e9 Herrera<\/p>\n<p><strong>EMAIL<\/strong>: mariajose.herrera@eoimalaga.com[\/vc_column_text][\/vc_tta_section][vc_tta_section title=\u00bbNIVEL B\u00c1SICO 1 (A1) &#8211; GRUPO: IN1SAMM1715A\u00bb tab_id=\u00bb1694373345818-78dd7ec1-207e\u00bb][vc_column_text css=\u00bb\u00bb]<b>HORARIO: <\/b>Martes, de 17.15 a 19.15h.<\/p>\n<p><strong>AULA<\/strong>: B14<\/p>\n<p><strong>PROFESOR:\u00a0<\/strong>Sonia Rebollo<\/p>\n<p><strong>EMAIL<\/strong>: sonia.rebollo@eoimalaga.com[\/vc_column_text][\/vc_tta_section][vc_tta_section title=\u00bbNIVEL B\u00c1SICO 1 (A1) &#8211; GRUPO: IN1SAMM1930A\u00bb tab_id=\u00bb1694373578905-bfab13fb-41bb\u00bb][vc_column_text css=\u00bb\u00bb]<b>HORARIO: <\/b>Martes, de 19.30 a 21.30h.<\/p>\n<p><strong>AULA<\/strong>: B14<\/p>\n<p><strong>PROFESOR:\u00a0<\/strong>Sonia Rebollo<\/p>\n<p><strong>EMAIL<\/strong>: sonia.rebollo@eoimalaga.com[\/vc_column_text][\/vc_tta_section][vc_tta_section title=\u00bbNIVEL B\u00c1SICO 2 (A2) &#8211; GRUPO IN2SAMM0900A\u00bb tab_id=\u00bb1694373345863-eae91d1d-7db7&#8243;][vc_column_text css=\u00bb\u00bb]<b>HORARIO:\u00a0<\/b>Martes, de 9.00 a 11.00h.<\/p>\n<p><strong>AULA<\/strong>: B14<\/p>\n<p><strong>PROFESORA<\/strong>: Eva Gil<\/p>\n<p><strong>EMAIL<\/strong>: eva.gil@eoimalaga.com[\/vc_column_text][\/vc_tta_section][vc_tta_section title=\u00bbNIVEL B\u00c1SICO 2 (A2) &#8211; GRUPO IN2SALL1715A\u00bb tab_id=\u00bb1694373745190-e6c5190c-482c\u00bb][vc_column_text css=\u00bb\u00bb]<b>HORARIO:\u00a0<\/b>Lunes, de 17.15 a 19.15h.<\/p>\n<p><strong>AULA<\/strong>: B14<\/p>\n<p><strong>PROFESORA<\/strong>: Eva Gil<\/p>\n<p><strong>EMAIL<\/strong>: eva.gil@eoimalaga.com[\/vc_column_text][\/vc_tta_section][vc_tta_section title=\u00bbNIVEL B\u00c1SICO 2 (A2) &#8211; GRUPO IN2SAXX1930A\u00bb tab_id=\u00bb1694373817140-8821f108-2081&#8243;][vc_column_text css=\u00bb\u00bb]<b>HORARIO: <\/b>Mi\u00e9rcoles, de 19.30 a 21.30h.<\/p>\n<p><strong>AULA<\/strong>: B14<\/p>\n<p><strong>PROFESORA<\/strong>: Eva Gil<\/p>\n<p><strong>EMAIL<\/strong>: eva.gil@eoimalaga.com[\/vc_column_text][\/vc_tta_section][\/vc_tta_accordion][vc_tta_accordion style=\u00bbmodern\u00bb color=\u00bbsky\u00bb c_icon=\u00bb\u00bb active_section=\u00bb10&#8243; collapsible_all=\u00bbtrue\u00bb][vc_tta_section title=\u00bbNIVEL INTERMEDIO &#8211; B1 &#8211; GRUPO: IN3SAJJ1115A\u00bb tab_id=\u00bb1694373345980-01472771-9330&#8243;][vc_column_text css=\u00bb\u00bb]<b>HORARIO: <\/b>Jueves, de 11.15 a 13.15h.<\/p>\n<p><strong>AULA<\/strong>: B14<\/p>\n<p><strong>PROFESORES<\/strong>: Sonia Rebollo<\/p>\n<p><strong>EMAIL<\/strong>: sonia.rebollo@eoimalaga.com[\/vc_column_text][\/vc_tta_section][vc_tta_section title=\u00bbNIVEL INTERMEDIO &#8211; B1 &#8211; GRUPO: IN3SAXX1715A\u00bb tab_id=\u00bb1694373956560-e4c8b9d8-2470&#8243;][vc_column_text css=\u00bb\u00bb]<b>HORARIO: <\/b>Mi\u00e9rcoles, de 17.15.00 a 19.15h.<\/p>\n<p><strong>AULA<\/strong>: B04<\/p>\n<p><strong>PROFESOR<\/strong>: Ana N\u00fa\u00f1ez<\/p>\n<p><strong>EMAIL<\/strong>: ana.nunez@eoimalaga.com[\/vc_column_text][\/vc_tta_section][vc_tta_section title=\u00bbNIVEL INTERMEDIO &#8211; B1 &#8211; GRUPO: IN3SAXX1930A\u00bb tab_id=\u00bb1694374022392-20d72cfc-e0de\u00bb][vc_column_text css=\u00bb\u00bb]<b>HORARIO: <\/b>Mi\u00e9rcoles, de 19.30 a 21.30h.<\/p>\n<p><strong>AULA<\/strong>: B04<\/p>\n<p><strong>PROFESORES<\/strong>: Ana N\u00fa\u00f1ez<\/p>\n<p><strong>EMAIL<\/strong>: ana.nunez@eoimalaga.com[\/vc_column_text][\/vc_tta_section][\/vc_tta_accordion][vc_tta_accordion style=\u00bbmodern\u00bb color=\u00bbsky\u00bb c_icon=\u00bb\u00bb active_section=\u00bb10&#8243; collapsible_all=\u00bbtrue\u00bb][vc_tta_section title=\u00bbNIVEL INTERMEDIO &#8211; B2.1 &#8211; GRUPO: IN4SALL1115A\u00bb tab_id=\u00bb1694373346179-042ebe4f-fe1d\u00bb][vc_column_text css=\u00bb\u00bb]<strong>HORARIO:<\/strong> Lunes de 11.15 a 13.15h.<\/p>\n<p><strong>AULA<\/strong>: B14<\/p>\n<p><strong>PROFESOR<\/strong>: Alberto Lanzat<\/p>\n<p><strong>EMAIL<\/strong>: alberto.lanzat@eoimalaga.com[\/vc_column_text][\/vc_tta_section][vc_tta_section title=\u00bbNIVEL INTERMEDIO &#8211; B2.1 &#8211; GRUPO: IN4SAJJ1715A\u00bb tab_id=\u00bb1694373346304-abb2c9ac-9aa8&#8243;][vc_column_text css=\u00bb\u00bb]<strong>HORARIO:<\/strong> Jueves, de 17.15 a 19.15h.<\/p>\n<p><strong>AULA<\/strong>: B04<\/p>\n<p><strong>PROFESOR\/A<\/strong>: M\u00f3nica Espa\u00f1a<\/p>\n<p><strong>EMAIL<\/strong>: monica.espana@eoimalaga.com[\/vc_column_text][\/vc_tta_section][vc_tta_section title=\u00bbNIVEL INTERMEDIO &#8211; B2.1 &#8211; GRUPO: IN4SAJJ1930A\u00bb tab_id=\u00bb1694374195596-4430e2c6-877e\u00bb][vc_column_text css=\u00bb\u00bb]<strong>HORARIO:<\/strong> Jueves, de 19.30 a 21.30h.<\/p>\n<p><strong>AULA<\/strong>: B04<\/p>\n<p><strong>PROFESOR\/A<\/strong>: M\u00f3nica Espa\u00f1a<\/p>\n<p><strong>EMAIL<\/strong>: monica.espana@eoimalaga.com[\/vc_column_text][\/vc_tta_section][vc_tta_section title=\u00bbNIVEL INTERMEDIO &#8211; B2.2 &#8211; GRUPO: IN5SALL1115A\u00bb tab_id=\u00bb1694373346365-9e5bf4e0-f9f3&#8243;][vc_column_text css=\u00bb\u00bb]<strong>HORARIO:<\/strong>Lunes, de 11.15 a 13.15h.<\/p>\n<p><strong>AULA<\/strong>: Biblioteca<\/p>\n<p><strong>PROFESORA<\/strong>: \u00c1ngeles P\u00e9rez<\/p>\n<p><strong>EMAIL<\/strong>: angeles.perez@eoimalaga.com[\/vc_column_text][\/vc_tta_section][vc_tta_section title=\u00bbNIVEL INTERMEDIO &#8211; B2.2 &#8211; GRUPO: IN5SAJJ1930A\u00bb tab_id=\u00bb1694374322193-bbac454b-589e\u00bb][vc_column_text css=\u00bb\u00bb]<strong>HORARIO:<\/strong> Jueves, de 19.30 a 21.30h.<\/p>\n<p><strong>AULA<\/strong>: B14<\/p>\n<p><strong>PROFESORA<\/strong>: \u00c1ngeles P\u00e9rez<\/p>\n<p><strong>EMAIL<\/strong>:\u00a0 angeles.perez@eoimalaga.com[\/vc_column_text][\/vc_tta_section][\/vc_tta_accordion][vc_tta_accordion style=\u00bbmodern\u00bb color=\u00bbsky\u00bb c_icon=\u00bb\u00bb active_section=\u00bb10&#8243; collapsible_all=\u00bbtrue\u00bb][vc_tta_section title=\u00bbNIVEL AVANZADO C1.1 &#8211; GRUPO: IN6SAXX1115A\u00bb tab_id=\u00bb1694373346499-206728ac-ad53&#8243;][vc_column_text css=\u00bb\u00bb]<strong>HORARIO:<\/strong> Mi\u00e9rcoles, de 11.15 a 13.15h.<\/p>\n<p><strong>AULA<\/strong>: A31<\/p>\n<p><strong>PROFESORA<\/strong>: M\u00aa Fernanda Gonz\u00e1lez<\/p>\n<p><strong>EMAIL<\/strong>: fernanda.gonzalez@eoimalaga.com[\/vc_column_text][\/vc_tta_section][vc_tta_section title=\u00bbNIVEL AVANZADO C1.1 &#8211; GRUPO: IN6SALL1715A\u00bb tab_id=\u00bb1694374454793-8e6315bb-22f2&#8243;][vc_column_text css=\u00bb\u00bb]<strong>HORARIO:<\/strong> Lunes, de 17.15 a 19.15h.<\/p>\n<p><strong>AULA<\/strong>: B24<\/p>\n<p><strong>PROFESOR<\/strong>: Miriam Huertas<\/p>\n<p><strong>EMAIL<\/strong>: miriam.huertas@eoimalaga.com[\/vc_column_text][\/vc_tta_section][vc_tta_section title=\u00bbNIVEL AVANZADO C1.1 &#8211; GRUPO: IN6SALL1930A\u00bb tab_id=\u00bb1726762395604-70028f82-0390&#8243;][vc_column_text css=\u00bb\u00bb]<strong>HORARIO:<\/strong> Lunes, de 19.30 a 21.30h.<\/p>\n<p><strong>AULA<\/strong>: Laboratorio 1<\/p>\n<p><strong>PROFESOR<\/strong>: Juan Jos\u00e9 Duro<\/p>\n<p><strong>EMAIL<\/strong>: juanjo.duro@eoimalaga.com[\/vc_column_text][\/vc_tta_section][vc_tta_section title=\u00bbNIVEL AVANZADO C1.1 &#8211; GRUPO: IN6SAXX1930A\u00bb tab_id=\u00bb1694373346548-40fcf84e-7e52&#8243;][vc_column_text css=\u00bb\u00bb]<strong>HORARIO:<\/strong> Mi\u00e9rcoles, de 19.30 a 21.30h.<\/p>\n<p><strong>AULA<\/strong>: Laboratorio 1<\/p>\n<p><strong>PROFESOR<\/strong>: Juan Jos\u00e9 Duro<\/p>\n<p><strong>EMAIL<\/strong>: juanjo.duro@eoimalaga.com[\/vc_column_text][\/vc_tta_section][vc_tta_section title=\u00bbNIVEL AVANZADO C1.2 &#8211; GRUPO: IN7SAXX1715A\u00bb tab_id=\u00bb1694374559419-f06c4672-c39d\u00bb][vc_column_text css=\u00bb\u00bb]<strong>HORARIO:<\/strong> Mi\u00e9rcoles, de 17.15 a 19.15h.<\/p>\n<p><strong>AULA<\/strong>: B14<\/p>\n<p><strong>PROFESORA<\/strong>: Salud Cort\u00e9s<\/p>\n<p><strong>EMAIL<\/strong>: salud.cortes@eoimalaga.com[\/vc_column_text][\/vc_tta_section][vc_tta_section title=\u00bbNIVEL AVANZADO C1.2 &#8211; GRUPO: IN7SALL1930A\u00bb tab_id=\u00bb1758106411554-026e58cd-e76e\u00bb][vc_column_text css=\u00bb\u00bb]<strong>HORARIO:<\/strong> Lunes, de 19.30 a 21.30h.<\/p>\n<p><strong>AULA<\/strong>: B01<\/p>\n<p><strong>PROFESORA<\/strong>: Mar Merino<\/p>\n<p><strong>EMAIL<\/strong>: mar.merino@eoimalaga.com[\/vc_column_text][\/vc_tta_section][vc_tta_section title=\u00bbNIVEL AVANZADO C2 &#8211; GRUPO: IN8SAXX1930A\u00bb tab_id=\u00bb1694373346598-db63ec43-c220&#8243;][vc_column_text css=\u00bb\u00bb]<strong>HORARIO:<\/strong> Mi\u00e9rcoles, de 19.30 a 21.30h.<\/p>\n<p><strong>AULA<\/strong>: A19<\/p>\n<p><strong>PROFESORA<\/strong>: Blanca Lara<\/p>\n<p><strong>EMAIL<\/strong>: blanca.lara@eoimalaga.com[\/vc_column_text][\/vc_tta_section][\/vc_tta_accordion][\/vc_column][\/vc_row][vc_row][\/vc_row][vc_column css=\u00bb.vc_custom_1481791680110{margin-top: 0px !important;margin-bottom: 0px !important;padding-top: 0px !important;padding-bottom: 0px !important;}\u00bb el_class=\u00bbnicdark_upper_level1&#8243;][\/vc_column][vc_empty_space height=\u00bb200px\u00bb][vc_column][\/vc_column]<\/p>\n<\/div>","protected":false},"excerpt":{"rendered":"<p>[vc_row][vc_column][vc_column_text] Horarios y tutores [\/vc_column_text][vc_empty_space][\/vc_column][\/vc_row][vc_row][vc_column][vc_empty_space][\/vc_column][\/vc_row][vc_row][vc_column][vc_column_text css=\u00bb\u00bb] Alem\u00e1n 25\/26 [\/vc_column_text][vc_tta_accordion style=\u00bbmodern\u00bb color=\u00bbsky\u00bb c_icon=\u00bb\u00bb active_section=\u00bb10&#8243; collapsible_all=\u00bbtrue\u00bb][vc_tta_section title=\u00bbNIVEL B\u00c1SICO 1 (A1) &#8211; GRUPO: AL1SAXX1115A\u00bb tab_id=\u00bb1694372645346-8b0fb676-656c\u00bb][vc_column_text css=\u00bb\u00bb]HORARIO: Mi\u00e9rcoles, de 11.15 a 13.15h. AULA: Biblioteca PROFESORA: Alicia Sendino EMAIL: alicia.sendino@eoimalaga.com[\/vc_column_text][\/vc_tta_section][vc_tta_section title=\u00bbNIVEL B\u00c1SICO 2 (A2) &#8211; GRUPO: AL2SAXX1715A\u00bb tab_id=\u00bb1694372645384-f607a315-b888&#8243;][vc_column_text css=\u00bb\u00bb]HORARIO: Mi\u00e9rcoles, de 17.15 a 19.15h. AULA: Biblioteca PROFESORA: F\u00e1tima L\u00f3pez EMAIL:\u00a0 [&hellip;]<\/p>\n","protected":false},"author":5,"featured_media":0,"parent":0,"menu_order":0,"comment_status":"closed","ping_status":"closed","template":"","meta":{"inline_featured_image":false,"footnotes":""},"categories":[82],"tags":[],"class_list":["post-6681","page","type-page","status-publish","hentry","category-semipresencial"],"yoast_head":"<!-- This site is optimized with the Yoast SEO plugin v26.5 - https:\/\/yoast.com\/wordpress\/plugins\/seo\/ -->\n<title>Horarios y tutores - P\u00e1gina Oficial de la EOI de M\u00e1laga ::Los idiomas ponen el mundo a tus pies::<\/title>\n<meta name=\"robots\" content=\"index, follow, max-snippet:-1, max-image-preview:large, max-video-preview:-1\" \/>\n<link rel=\"canonical\" href=\"https:\/\/www.eoimalaga.com\/web\/horarios-y-tutores\/\" \/>\n<meta property=\"og:locale\" content=\"es_ES\" \/>\n<meta property=\"og:type\" content=\"article\" \/>\n<meta property=\"og:title\" content=\"Horarios y tutores - P\u00e1gina Oficial de la EOI de M\u00e1laga ::Los idiomas ponen el mundo a tus pies::\" \/>\n<meta property=\"og:description\" content=\"[vc_row][vc_column][vc_column_text] Horarios y tutores [\/vc_column_text][vc_empty_space][\/vc_column][\/vc_row][vc_row][vc_column][vc_empty_space][\/vc_column][\/vc_row][vc_row][vc_column][vc_column_text css=\u00bb\u00bb] Alem\u00e1n 25\/26 [\/vc_column_text][vc_tta_accordion style=\u00bbmodern\u00bb color=\u00bbsky\u00bb c_icon=\u00bb\u00bb active_section=\u00bb10&#8243; collapsible_all=\u00bbtrue\u00bb][vc_tta_section title=\u00bbNIVEL B\u00c1SICO 1 (A1) &#8211; GRUPO: AL1SAXX1115A\u00bb tab_id=\u00bb1694372645346-8b0fb676-656c\u00bb][vc_column_text css=\u00bb\u00bb]HORARIO: Mi\u00e9rcoles, de 11.15 a 13.15h. AULA: Biblioteca PROFESORA: Alicia Sendino EMAIL: alicia.sendino@eoimalaga.com[\/vc_column_text][\/vc_tta_section][vc_tta_section title=\u00bbNIVEL B\u00c1SICO 2 (A2) &#8211; GRUPO: AL2SAXX1715A\u00bb tab_id=\u00bb1694372645384-f607a315-b888&#8243;][vc_column_text css=\u00bb\u00bb]HORARIO: Mi\u00e9rcoles, de 17.15 a 19.15h. AULA: Biblioteca PROFESORA: F\u00e1tima L\u00f3pez EMAIL:\u00a0 [&hellip;]\" \/>\n<meta property=\"og:url\" content=\"https:\/\/www.eoimalaga.com\/web\/horarios-y-tutores\/\" \/>\n<meta property=\"og:site_name\" content=\"P\u00e1gina Oficial de la EOI de M\u00e1laga ::Los idiomas ponen el mundo a tus pies::\" \/>\n<meta property=\"article:modified_time\" content=\"2025-09-17T15:29:51+00:00\" \/>\n<meta name=\"twitter:card\" content=\"summary_large_image\" \/>\n<meta name=\"twitter:label1\" content=\"Tiempo de lectura\" \/>\n\t<meta name=\"twitter:data1\" content=\"4 minutos\" \/>\n<script type=\"application\/ld+json\" class=\"yoast-schema-graph\">{\"@context\":\"https:\/\/schema.org\",\"@graph\":[{\"@type\":\"WebPage\",\"@id\":\"https:\/\/www.eoimalaga.com\/web\/horarios-y-tutores\/\",\"url\":\"https:\/\/www.eoimalaga.com\/web\/horarios-y-tutores\/\",\"name\":\"Horarios y tutores - P\u00e1gina Oficial de la EOI de M\u00e1laga ::Los idiomas ponen el mundo a tus pies::\",\"isPartOf\":{\"@id\":\"https:\/\/www.eoimalaga.com\/web\/#website\"},\"datePublished\":\"2018-09-14T08:22:19+00:00\",\"dateModified\":\"2025-09-17T15:29:51+00:00\",\"breadcrumb\":{\"@id\":\"https:\/\/www.eoimalaga.com\/web\/horarios-y-tutores\/#breadcrumb\"},\"inLanguage\":\"es\",\"potentialAction\":[{\"@type\":\"ReadAction\",\"target\":[\"https:\/\/www.eoimalaga.com\/web\/horarios-y-tutores\/\"]}]},{\"@type\":\"BreadcrumbList\",\"@id\":\"https:\/\/www.eoimalaga.com\/web\/horarios-y-tutores\/#breadcrumb\",\"itemListElement\":[{\"@type\":\"ListItem\",\"position\":1,\"name\":\"Home\",\"item\":\"https:\/\/www.eoimalaga.com\/web\/\"},{\"@type\":\"ListItem\",\"position\":2,\"name\":\"Horarios y tutores\"}]},{\"@type\":\"WebSite\",\"@id\":\"https:\/\/www.eoimalaga.com\/web\/#website\",\"url\":\"https:\/\/www.eoimalaga.com\/web\/\",\"name\":\"P\u00e1gina Oficial de la EOI de M\u00e1laga ::Los idiomas ponen el mundo a tus pies::\",\"description\":\"EOI M\u00e1laga\",\"potentialAction\":[{\"@type\":\"SearchAction\",\"target\":{\"@type\":\"EntryPoint\",\"urlTemplate\":\"https:\/\/www.eoimalaga.com\/web\/?s={search_term_string}\"},\"query-input\":{\"@type\":\"PropertyValueSpecification\",\"valueRequired\":true,\"valueName\":\"search_term_string\"}}],\"inLanguage\":\"es\"}]}<\/script>\n<!-- \/ Yoast SEO plugin. -->","yoast_head_json":{"title":"Horarios y tutores - P\u00e1gina Oficial de la EOI de M\u00e1laga ::Los idiomas ponen el mundo a tus pies::","robots":{"index":"index","follow":"follow","max-snippet":"max-snippet:-1","max-image-preview":"max-image-preview:large","max-video-preview":"max-video-preview:-1"},"canonical":"https:\/\/www.eoimalaga.com\/web\/horarios-y-tutores\/","og_locale":"es_ES","og_type":"article","og_title":"Horarios y tutores - P\u00e1gina Oficial de la EOI de M\u00e1laga ::Los idiomas ponen el mundo a tus pies::","og_description":"[vc_row][vc_column][vc_column_text] Horarios y tutores [\/vc_column_text][vc_empty_space][\/vc_column][\/vc_row][vc_row][vc_column][vc_empty_space][\/vc_column][\/vc_row][vc_row][vc_column][vc_column_text css=\u00bb\u00bb] Alem\u00e1n 25\/26 [\/vc_column_text][vc_tta_accordion style=\u00bbmodern\u00bb color=\u00bbsky\u00bb c_icon=\u00bb\u00bb active_section=\u00bb10&#8243; collapsible_all=\u00bbtrue\u00bb][vc_tta_section title=\u00bbNIVEL B\u00c1SICO 1 (A1) &#8211; GRUPO: AL1SAXX1115A\u00bb tab_id=\u00bb1694372645346-8b0fb676-656c\u00bb][vc_column_text css=\u00bb\u00bb]HORARIO: Mi\u00e9rcoles, de 11.15 a 13.15h. AULA: Biblioteca PROFESORA: Alicia Sendino EMAIL: alicia.sendino@eoimalaga.com[\/vc_column_text][\/vc_tta_section][vc_tta_section title=\u00bbNIVEL B\u00c1SICO 2 (A2) &#8211; GRUPO: AL2SAXX1715A\u00bb tab_id=\u00bb1694372645384-f607a315-b888&#8243;][vc_column_text css=\u00bb\u00bb]HORARIO: Mi\u00e9rcoles, de 17.15 a 19.15h. AULA: Biblioteca PROFESORA: F\u00e1tima L\u00f3pez EMAIL:\u00a0 [&hellip;]","og_url":"https:\/\/www.eoimalaga.com\/web\/horarios-y-tutores\/","og_site_name":"P\u00e1gina Oficial de la EOI de M\u00e1laga ::Los idiomas ponen el mundo a tus pies::","article_modified_time":"2025-09-17T15:29:51+00:00","twitter_card":"summary_large_image","twitter_misc":{"Tiempo de lectura":"4 minutos"},"schema":{"@context":"https:\/\/schema.org","@graph":[{"@type":"WebPage","@id":"https:\/\/www.eoimalaga.com\/web\/horarios-y-tutores\/","url":"https:\/\/www.eoimalaga.com\/web\/horarios-y-tutores\/","name":"Horarios y tutores - P\u00e1gina Oficial de la EOI de M\u00e1laga ::Los idiomas ponen el mundo a tus pies::","isPartOf":{"@id":"https:\/\/www.eoimalaga.com\/web\/#website"},"datePublished":"2018-09-14T08:22:19+00:00","dateModified":"2025-09-17T15:29:51+00:00","breadcrumb":{"@id":"https:\/\/www.eoimalaga.com\/web\/horarios-y-tutores\/#breadcrumb"},"inLanguage":"es","potentialAction":[{"@type":"ReadAction","target":["https:\/\/www.eoimalaga.com\/web\/horarios-y-tutores\/"]}]},{"@type":"BreadcrumbList","@id":"https:\/\/www.eoimalaga.com\/web\/horarios-y-tutores\/#breadcrumb","itemListElement":[{"@type":"ListItem","position":1,"name":"Home","item":"https:\/\/www.eoimalaga.com\/web\/"},{"@type":"ListItem","position":2,"name":"Horarios y tutores"}]},{"@type":"WebSite","@id":"https:\/\/www.eoimalaga.com\/web\/#website","url":"https:\/\/www.eoimalaga.com\/web\/","name":"P\u00e1gina Oficial de la EOI de M\u00e1laga ::Los idiomas ponen el mundo a tus pies::","description":"EOI M\u00e1laga","potentialAction":[{"@type":"SearchAction","target":{"@type":"EntryPoint","urlTemplate":"https:\/\/www.eoimalaga.com\/web\/?s={search_term_string}"},"query-input":{"@type":"PropertyValueSpecification","valueRequired":true,"valueName":"search_term_string"}}],"inLanguage":"es"}]}},"_links":{"self":[{"href":"https:\/\/www.eoimalaga.com\/web\/wp-json\/wp\/v2\/pages\/6681","targetHints":{"allow":["GET"]}}],"collection":[{"href":"https:\/\/www.eoimalaga.com\/web\/wp-json\/wp\/v2\/pages"}],"about":[{"href":"https:\/\/www.eoimalaga.com\/web\/wp-json\/wp\/v2\/types\/page"}],"author":[{"embeddable":true,"href":"https:\/\/www.eoimalaga.com\/web\/wp-json\/wp\/v2\/users\/5"}],"replies":[{"embeddable":true,"href":"https:\/\/www.eoimalaga.com\/web\/wp-json\/wp\/v2\/comments?post=6681"}],"version-history":[{"count":82,"href":"https:\/\/www.eoimalaga.com\/web\/wp-json\/wp\/v2\/pages\/6681\/revisions"}],"predecessor-version":[{"id":22255,"href":"https:\/\/www.eoimalaga.com\/web\/wp-json\/wp\/v2\/pages\/6681\/revisions\/22255"}],"wp:attachment":[{"href":"https:\/\/www.eoimalaga.com\/web\/wp-json\/wp\/v2\/media?parent=6681"}],"wp:term":[{"taxonomy":"category","embeddable":true,"href":"https:\/\/www.eoimalaga.com\/web\/wp-json\/wp\/v2\/categories?post=6681"},{"taxonomy":"post_tag","embeddable":true,"href":"https:\/\/www.eoimalaga.com\/web\/wp-json\/wp\/v2\/tags?post=6681"}],"curies":[{"name":"wp","href":"https:\/\/api.w.org\/{rel}","templated":true}]}}