{"id":31,"date":"2011-03-24T18:28:17","date_gmt":"2011-03-24T16:28:17","guid":{"rendered":"http:\/\/www.eoimalaga.com\/web\/?page_id=31"},"modified":"2025-10-14T20:08:17","modified_gmt":"2025-10-14T18:08:17","slug":"biblioteca","status":"publish","type":"page","link":"https:\/\/www.eoimalaga.com\/web\/biblioteca\/","title":{"rendered":"Biblioteca de la EOI de M\u00e1laga"},"content":{"rendered":"<div class=\"wpb-content-wrapper\"><p>[vc_row][vc_column][vc_column_text css=\u00bb\u00bb]<\/p>\n<h3>Horario de apertura<\/h3>\n<p>La biblioteca estar\u00e1 abierta como sala de estudio\/lectura en el horario siguiente:<\/p>\n<ul>\n<li style=\"font-weight: 400\"><span style=\"font-weight: 400\">Lunes:\u00a0 9-11:15 \/ 13:30- 21h<\/span><\/li>\n<li style=\"font-weight: 400\"><span style=\"font-weight: 400\">Martes: 9-21h<\/span><\/li>\n<li style=\"font-weight: 400\"><span style=\"font-weight: 400\">Mi\u00e9rcoles:\u00a0 9-11:15 \/ 13:30-17h \/19:30- 21h<\/span><\/li>\n<li style=\"font-weight: 400\"><span style=\"font-weight: 400\">Jueves: 9-16:45 \/ 19:45-21h<\/span><\/li>\n<\/ul>\n<p>Continuamos con la Campa\u00f1a <span style=\"text-decoration: underline\"><em><strong>BANCOSOL<\/strong><\/em><\/span>. Puede encontrar la estanter\u00eda con los libros que se ponen a la venta con donaciones a partir de 1\u20ac a la entrada de la escuela o entrada de cafeter\u00eda. Si quieren colaborar donando sus libros, pueden dejarlos en la estanter\u00eda o en jefatura de estudios.<\/p>\n<p>Todo el dinero recaudado se dona a BANCOSOL.<\/p>\n<p>\u00a1Muchas gracias a tod@s por vuestra colaboraci\u00f3n!<\/p>\n<p>&nbsp;<\/p>\n<h3>Ubicaci\u00f3n y plano<\/h3>\n<p>Primera planta, subiendo las escaleras desde la cafeter\u00eda, a la izquierda.<\/p>\n<p><a href=\"http:\/\/www.eoimalaga.com\/web\/wp-content\/uploads\/2011\/03\/biblioteca.jpg\"><img decoding=\"async\" class=\"alignnone wp-image-4885 \" src=\"http:\/\/www.eoimalaga.com\/web\/wp-content\/uploads\/2011\/03\/biblioteca-1024x507.jpg\" alt=\"\" width=\"100%\" height=\"auto\" srcset=\"https:\/\/www.eoimalaga.com\/web\/wp-content\/uploads\/2011\/03\/biblioteca-1024x507.jpg 1024w, https:\/\/www.eoimalaga.com\/web\/wp-content\/uploads\/2011\/03\/biblioteca-300x149.jpg 300w, https:\/\/www.eoimalaga.com\/web\/wp-content\/uploads\/2011\/03\/biblioteca-768x381.jpg 768w, https:\/\/www.eoimalaga.com\/web\/wp-content\/uploads\/2011\/03\/biblioteca-1180x585.jpg 1180w, https:\/\/www.eoimalaga.com\/web\/wp-content\/uploads\/2011\/03\/biblioteca.jpg 1429w\" sizes=\"(max-width: 1024px) 100vw, 1024px\" \/><\/a><\/p>\n<h3>Pr\u00e9stamos<\/h3>\n<p>La biblioteca de la EOI es un espacio de estudio y consulta de fondos. Durante este curso acad\u00e9mico no se realizar\u00e1n pr\u00e9stamos en la biblioteca. Los pr\u00e9stamos de lecturas se har\u00e1n, en su caso, a trav\u00e9s del profesor o profesora del curso que se est\u00e9 realizando.<span style=\"color: #000000\"><br \/>\n<\/span>[\/vc_column_text][\/vc_column][\/vc_row]<\/p>\n<\/div>","protected":false},"excerpt":{"rendered":"<p>[vc_row][vc_column][vc_column_text css=\u00bb\u00bb] Horario de apertura La biblioteca estar\u00e1 abierta como sala de estudio\/lectura en el horario siguiente: Lunes:\u00a0 9-11:15 \/ 13:30- 21h Martes: 9-21h Mi\u00e9rcoles:\u00a0 9-11:15 \/ 13:30-17h \/19:30- 21h Jueves: 9-16:45 \/ 19:45-21h Continuamos con la Campa\u00f1a BANCOSOL. Puede encontrar la estanter\u00eda con los libros que se ponen a la venta con donaciones a [&hellip;]<\/p>\n","protected":false},"author":8,"featured_media":0,"parent":0,"menu_order":2,"comment_status":"closed","ping_status":"closed","template":"","meta":{"inline_featured_image":false,"footnotes":""},"categories":[],"tags":[],"class_list":["post-31","page","type-page","status-publish","hentry"],"yoast_head":"<!-- This site is optimized with the Yoast SEO plugin v26.5 - https:\/\/yoast.com\/wordpress\/plugins\/seo\/ -->\n<title>Biblioteca de la EOI de M\u00e1laga - P\u00e1gina Oficial de la EOI de M\u00e1laga ::Los idiomas ponen el mundo a tus pies::<\/title>\n<meta name=\"robots\" content=\"index, follow, max-snippet:-1, max-image-preview:large, max-video-preview:-1\" \/>\n<link rel=\"canonical\" href=\"https:\/\/www.eoimalaga.com\/web\/biblioteca\/\" \/>\n<meta property=\"og:locale\" content=\"es_ES\" \/>\n<meta property=\"og:type\" content=\"article\" \/>\n<meta property=\"og:title\" content=\"Biblioteca de la EOI de M\u00e1laga - P\u00e1gina Oficial de la EOI de M\u00e1laga ::Los idiomas ponen el mundo a tus pies::\" \/>\n<meta property=\"og:description\" content=\"[vc_row][vc_column][vc_column_text css=\u00bb\u00bb] Horario de apertura La biblioteca estar\u00e1 abierta como sala de estudio\/lectura en el horario siguiente: Lunes:\u00a0 9-11:15 \/ 13:30- 21h Martes: 9-21h Mi\u00e9rcoles:\u00a0 9-11:15 \/ 13:30-17h \/19:30- 21h Jueves: 9-16:45 \/ 19:45-21h Continuamos con la Campa\u00f1a BANCOSOL. Puede encontrar la estanter\u00eda con los libros que se ponen a la venta con donaciones a [&hellip;]\" \/>\n<meta property=\"og:url\" content=\"https:\/\/www.eoimalaga.com\/web\/biblioteca\/\" \/>\n<meta property=\"og:site_name\" content=\"P\u00e1gina Oficial de la EOI de M\u00e1laga ::Los idiomas ponen el mundo a tus pies::\" \/>\n<meta property=\"article:modified_time\" content=\"2025-10-14T18:08:17+00:00\" \/>\n<meta property=\"og:image\" content=\"https:\/\/www.eoimalaga.com\/web\/wp-content\/uploads\/2011\/03\/biblioteca.jpg\" \/>\n\t<meta property=\"og:image:width\" content=\"1429\" \/>\n\t<meta property=\"og:image:height\" content=\"708\" \/>\n\t<meta property=\"og:image:type\" content=\"image\/jpeg\" \/>\n<meta name=\"twitter:card\" content=\"summary_large_image\" \/>\n<meta name=\"twitter:label1\" content=\"Tiempo de lectura\" \/>\n\t<meta name=\"twitter:data1\" content=\"1 minuto\" \/>\n<script type=\"application\/ld+json\" class=\"yoast-schema-graph\">{\"@context\":\"https:\/\/schema.org\",\"@graph\":[{\"@type\":\"WebPage\",\"@id\":\"https:\/\/www.eoimalaga.com\/web\/biblioteca\/\",\"url\":\"https:\/\/www.eoimalaga.com\/web\/biblioteca\/\",\"name\":\"Biblioteca de la EOI de M\u00e1laga - P\u00e1gina Oficial de la EOI de M\u00e1laga ::Los idiomas ponen el mundo a tus pies::\",\"isPartOf\":{\"@id\":\"https:\/\/www.eoimalaga.com\/web\/#website\"},\"primaryImageOfPage\":{\"@id\":\"https:\/\/www.eoimalaga.com\/web\/biblioteca\/#primaryimage\"},\"image\":{\"@id\":\"https:\/\/www.eoimalaga.com\/web\/biblioteca\/#primaryimage\"},\"thumbnailUrl\":\"http:\/\/www.eoimalaga.com\/web\/wp-content\/uploads\/2011\/03\/biblioteca-1024x507.jpg\",\"datePublished\":\"2011-03-24T16:28:17+00:00\",\"dateModified\":\"2025-10-14T18:08:17+00:00\",\"breadcrumb\":{\"@id\":\"https:\/\/www.eoimalaga.com\/web\/biblioteca\/#breadcrumb\"},\"inLanguage\":\"es\",\"potentialAction\":[{\"@type\":\"ReadAction\",\"target\":[\"https:\/\/www.eoimalaga.com\/web\/biblioteca\/\"]}]},{\"@type\":\"ImageObject\",\"inLanguage\":\"es\",\"@id\":\"https:\/\/www.eoimalaga.com\/web\/biblioteca\/#primaryimage\",\"url\":\"https:\/\/www.eoimalaga.com\/web\/wp-content\/uploads\/2011\/03\/biblioteca.jpg\",\"contentUrl\":\"https:\/\/www.eoimalaga.com\/web\/wp-content\/uploads\/2011\/03\/biblioteca.jpg\",\"width\":1429,\"height\":708},{\"@type\":\"BreadcrumbList\",\"@id\":\"https:\/\/www.eoimalaga.com\/web\/biblioteca\/#breadcrumb\",\"itemListElement\":[{\"@type\":\"ListItem\",\"position\":1,\"name\":\"Home\",\"item\":\"https:\/\/www.eoimalaga.com\/web\/\"},{\"@type\":\"ListItem\",\"position\":2,\"name\":\"Biblioteca de la EOI de M\u00e1laga\"}]},{\"@type\":\"WebSite\",\"@id\":\"https:\/\/www.eoimalaga.com\/web\/#website\",\"url\":\"https:\/\/www.eoimalaga.com\/web\/\",\"name\":\"P\u00e1gina Oficial de la EOI de M\u00e1laga ::Los idiomas ponen el mundo a tus pies::\",\"description\":\"EOI M\u00e1laga\",\"potentialAction\":[{\"@type\":\"SearchAction\",\"target\":{\"@type\":\"EntryPoint\",\"urlTemplate\":\"https:\/\/www.eoimalaga.com\/web\/?s={search_term_string}\"},\"query-input\":{\"@type\":\"PropertyValueSpecification\",\"valueRequired\":true,\"valueName\":\"search_term_string\"}}],\"inLanguage\":\"es\"}]}<\/script>\n<!-- \/ Yoast SEO plugin. -->","yoast_head_json":{"title":"Biblioteca de la EOI de M\u00e1laga - P\u00e1gina Oficial de la EOI de M\u00e1laga ::Los idiomas ponen el mundo a tus pies::","robots":{"index":"index","follow":"follow","max-snippet":"max-snippet:-1","max-image-preview":"max-image-preview:large","max-video-preview":"max-video-preview:-1"},"canonical":"https:\/\/www.eoimalaga.com\/web\/biblioteca\/","og_locale":"es_ES","og_type":"article","og_title":"Biblioteca de la EOI de M\u00e1laga - P\u00e1gina Oficial de la EOI de M\u00e1laga ::Los idiomas ponen el mundo a tus pies::","og_description":"[vc_row][vc_column][vc_column_text css=\u00bb\u00bb] Horario de apertura La biblioteca estar\u00e1 abierta como sala de estudio\/lectura en el horario siguiente: Lunes:\u00a0 9-11:15 \/ 13:30- 21h Martes: 9-21h Mi\u00e9rcoles:\u00a0 9-11:15 \/ 13:30-17h \/19:30- 21h Jueves: 9-16:45 \/ 19:45-21h Continuamos con la Campa\u00f1a BANCOSOL. Puede encontrar la estanter\u00eda con los libros que se ponen a la venta con donaciones a [&hellip;]","og_url":"https:\/\/www.eoimalaga.com\/web\/biblioteca\/","og_site_name":"P\u00e1gina Oficial de la EOI de M\u00e1laga ::Los idiomas ponen el mundo a tus pies::","article_modified_time":"2025-10-14T18:08:17+00:00","og_image":[{"width":1429,"height":708,"url":"https:\/\/www.eoimalaga.com\/web\/wp-content\/uploads\/2011\/03\/biblioteca.jpg","type":"image\/jpeg"}],"twitter_card":"summary_large_image","twitter_misc":{"Tiempo de lectura":"1 minuto"},"schema":{"@context":"https:\/\/schema.org","@graph":[{"@type":"WebPage","@id":"https:\/\/www.eoimalaga.com\/web\/biblioteca\/","url":"https:\/\/www.eoimalaga.com\/web\/biblioteca\/","name":"Biblioteca de la EOI de M\u00e1laga - P\u00e1gina Oficial de la EOI de M\u00e1laga ::Los idiomas ponen el mundo a tus pies::","isPartOf":{"@id":"https:\/\/www.eoimalaga.com\/web\/#website"},"primaryImageOfPage":{"@id":"https:\/\/www.eoimalaga.com\/web\/biblioteca\/#primaryimage"},"image":{"@id":"https:\/\/www.eoimalaga.com\/web\/biblioteca\/#primaryimage"},"thumbnailUrl":"http:\/\/www.eoimalaga.com\/web\/wp-content\/uploads\/2011\/03\/biblioteca-1024x507.jpg","datePublished":"2011-03-24T16:28:17+00:00","dateModified":"2025-10-14T18:08:17+00:00","breadcrumb":{"@id":"https:\/\/www.eoimalaga.com\/web\/biblioteca\/#breadcrumb"},"inLanguage":"es","potentialAction":[{"@type":"ReadAction","target":["https:\/\/www.eoimalaga.com\/web\/biblioteca\/"]}]},{"@type":"ImageObject","inLanguage":"es","@id":"https:\/\/www.eoimalaga.com\/web\/biblioteca\/#primaryimage","url":"https:\/\/www.eoimalaga.com\/web\/wp-content\/uploads\/2011\/03\/biblioteca.jpg","contentUrl":"https:\/\/www.eoimalaga.com\/web\/wp-content\/uploads\/2011\/03\/biblioteca.jpg","width":1429,"height":708},{"@type":"BreadcrumbList","@id":"https:\/\/www.eoimalaga.com\/web\/biblioteca\/#breadcrumb","itemListElement":[{"@type":"ListItem","position":1,"name":"Home","item":"https:\/\/www.eoimalaga.com\/web\/"},{"@type":"ListItem","position":2,"name":"Biblioteca de la EOI de M\u00e1laga"}]},{"@type":"WebSite","@id":"https:\/\/www.eoimalaga.com\/web\/#website","url":"https:\/\/www.eoimalaga.com\/web\/","name":"P\u00e1gina Oficial de la EOI de M\u00e1laga ::Los idiomas ponen el mundo a tus pies::","description":"EOI M\u00e1laga","potentialAction":[{"@type":"SearchAction","target":{"@type":"EntryPoint","urlTemplate":"https:\/\/www.eoimalaga.com\/web\/?s={search_term_string}"},"query-input":{"@type":"PropertyValueSpecification","valueRequired":true,"valueName":"search_term_string"}}],"inLanguage":"es"}]}},"_links":{"self":[{"href":"https:\/\/www.eoimalaga.com\/web\/wp-json\/wp\/v2\/pages\/31","targetHints":{"allow":["GET"]}}],"collection":[{"href":"https:\/\/www.eoimalaga.com\/web\/wp-json\/wp\/v2\/pages"}],"about":[{"href":"https:\/\/www.eoimalaga.com\/web\/wp-json\/wp\/v2\/types\/page"}],"author":[{"embeddable":true,"href":"https:\/\/www.eoimalaga.com\/web\/wp-json\/wp\/v2\/users\/8"}],"replies":[{"embeddable":true,"href":"https:\/\/www.eoimalaga.com\/web\/wp-json\/wp\/v2\/comments?post=31"}],"version-history":[{"count":91,"href":"https:\/\/www.eoimalaga.com\/web\/wp-json\/wp\/v2\/pages\/31\/revisions"}],"predecessor-version":[{"id":22470,"href":"https:\/\/www.eoimalaga.com\/web\/wp-json\/wp\/v2\/pages\/31\/revisions\/22470"}],"wp:attachment":[{"href":"https:\/\/www.eoimalaga.com\/web\/wp-json\/wp\/v2\/media?parent=31"}],"wp:term":[{"taxonomy":"category","embeddable":true,"href":"https:\/\/www.eoimalaga.com\/web\/wp-json\/wp\/v2\/categories?post=31"},{"taxonomy":"post_tag","embeddable":true,"href":"https:\/\/www.eoimalaga.com\/web\/wp-json\/wp\/v2\/tags?post=31"}],"curies":[{"name":"wp","href":"https:\/\/api.w.org\/{rel}","templated":true}]}}