{"id":2057,"date":"2013-10-23T20:49:21","date_gmt":"2013-10-23T20:49:21","guid":{"rendered":"http:\/\/www.eoimalaga.com\/web\/?page_id=2057"},"modified":"2025-09-12T20:21:07","modified_gmt":"2025-09-12T18:21:07","slug":"contacto","status":"publish","type":"page","link":"https:\/\/www.eoimalaga.com\/web\/contacto\/","title":{"rendered":"CONTACTO"},"content":{"rendered":"<div class=\"wpb-content-wrapper\"><p>[vc_section full_width=\u00bbstretch_row_content\u00bb css=\u00bb.vc_custom_1604641982428{background-image: url(https:\/\/www.eoimalaga.com\/web\/wp-content\/uploads\/2016\/12\/hader_profesores.png?id=4798) !important;}\u00bb el_class=\u00bbeoi-cabecera-contacto\u00bb][\/vc_section][vc_row el_class=\u00bbeoi-contacto-fila-3&#8243;][vc_column][vc_column_text css=\u00bb\u00bb]<\/p>\n<h3 style=\"text-align: center;\">Desde este formulario podr\u00e1 obtener informaci\u00f3n general sobre la EOI.<\/h3>\n<p style=\"text-align: center;\">NO se tramitar\u00e1 ninguna petici\u00f3n de revisi\u00f3n de ex\u00e1menes ni solicitudes de certificados\u00a0 a trav\u00e9s de este formulario. Lea c\u00f3mo solicitar certificados <a href=\"https:\/\/www.eoimalaga.com\/web\/titulos-y-certificados\/\"><strong>aqu\u00ed.<\/strong><\/a><\/p>\n<p>[\/vc_column_text][\/vc_column][\/vc_row][vc_row][vc_column][vc_raw_html css=\u00bb\u00bb]JTVCY29udGFjdC1mb3JtLTclMjBpZCUzRCUyMmMwOWNmODQlMjIlMjB0aXRsZSUzRCUyMkZvcm11bGFyaW8lMjBkZSUyMGNvbnRhY3RvJTIwY29uZGljaW9uYWwlMjIlNUQ=[\/vc_raw_html][\/vc_column][\/vc_row][vc_section full_width=\u00bbstretch_row\u00bb el_class=\u00bbeoi-contacto-section-1&#8243;][vc_row el_class=\u00bbeoi-contacto-fila-1&#8243;][vc_column width=\u00bb1\/2&#8243; el_class=\u00bbeoi-contacto-item\u00bb][vc_icon icon_fontawesome=\u00bbfas fa-mobile-alt\u00bb color=\u00bbcustom\u00bb size=\u00bbxl\u00bb align=\u00bbcenter\u00bb el_class=\u00bbeoi-contacto-icon\u00bb custom_color=\u00bb#134984&#8243;][vc_column_text el_class=\u00bbeoi-contacto-txt eoi-contacto-tel\u00bb]<a href=\"tel:+34 952 272 278\" target=\"_blank\" rel=\"noopener noreferrer\">952 272 278<\/a> \/\/ <a href=\"tel:+34 951 298 343\" target=\"_blank\" rel=\"noopener noreferrer\">951 298 343<\/a><\/p>\n<p><a href=\"tel:+34 600 164 558\" target=\"_blank\" rel=\"noopener noreferrer\">600 164 558<\/a>[\/vc_column_text][\/vc_column][vc_column width=\u00bb1\/2&#8243; el_class=\u00bbeoi-contacto-item\u00bb][vc_icon icon_fontawesome=\u00bbfar fa-compass\u00bb color=\u00bbcustom\u00bb size=\u00bbxl\u00bb align=\u00bbcenter\u00bb el_class=\u00bbeoi-contacto-icon\u00bb custom_color=\u00bb#134984&#8243;][vc_column_text el_class=\u00bbeoi-contacto-txt eoi-contacto-mail\u00bb]<a href=\"https:\/\/goo.gl\/maps\/T8fa16m7SrKguLXo9\" target=\"_blank\" rel=\"noopener noreferrer\">P.\u00ba Martiricos, 26<br \/>\n29009, MALAGA<\/a>[\/vc_column_text][\/vc_column][\/vc_row][\/vc_section][vc_section full_width=\u00bbstretch_row\u00bb el_class=\u00bbeoi-contacto-section-3&#8243; css=\u00bb.vc_custom_1750240282685{background-color: #f7f7f7 !important;}\u00bb][vc_row el_class=\u00bbeoi-contacto-fila-3&#8243;][vc_column][vc_column_text]<\/p>\n<h2 style=\"text-align: center;\">Contacto Departamentos<\/h2>\n<p>[\/vc_column_text][\/vc_column][\/vc_row][\/vc_section][vc_section full_width=\u00bbstretch_row\u00bb el_class=\u00bbeoi-contacto-section-4&#8243; css=\u00bb.vc_custom_1750240288102{background-color: #f7f7f7 !important;}\u00bb][vc_row el_class=\u00bbeoi-contacto-fila-4&#8243;][vc_column][vc_raw_html el_class=\u00bbeoi-contacto-depto-item-wrapper\u00bb]JTNDZGl2JTIwY2xhc3MlM0QlMjJlb2ktY29udGFjdG8tZGVwdG8taXRlbSUyMiUzRSUwQSUwOSUzQ2RpdiUyMGNsYXNzJTNEJTIyZGVwdG8taXRlbS1pbWclMjIlM0UlMEElMDklMDklM0NpbWclMjBzcmMlM0QlMjIlMkZ3ZWIlMkZ3cC1jb250ZW50JTJGdXBsb2FkcyUyRjIwMjAlMkYxMSUyRmZsYWctZGUucG5nJTIyJTNFJTBBJTA5JTNDJTJGZGl2JTNFJTBBJTA5JTNDZGl2JTIwY2xhc3MlM0QlMjJkZXB0by1pdGVtLW5vbWJyZSUyMiUzRSUwQSUwOSUwOSUzQ3AlM0VBbGVtJUMzJUExbiUzQyUyRnAlM0UlMEElMDklM0MlMkZkaXYlM0UlMEElMDklM0NkaXYlMjBjbGFzcyUzRCUyMmRlcHRvLWl0ZW0tZW1haWwlMjIlM0UlMEElMDklMDklM0NhJTIwaHJlZiUzRCUyMm1haWx0byUzQWFsZW1hbiU0MGVvaW1hbGFnYS5jb20lMjIlM0VhbGVtYW4lNDBlb2ltYWxhZ2EuY29tJTNDJTJGYSUzRSUzQ2JyJTNFJTBBJTA5JTA5JTA5JTNDJTJGZGl2JTNFJTBBJTA5JTNDZGl2JTIwY2xhc3MlM0QlMjJkZXB0by1pdGVtLXRsZiUyMiUzRSUwQSUwOSUwOSUzQ2ElMjBocmVmJTNEJTIydGVsJTNBOTUyJTIwMjcyJTIwMjc4JTIyJTNFOTUyJTIwMjcyJTIwMjc4JTIwJTI4RXh0ZW5zaSVDMyVCM24lMjAxJTI5JTIwJTNDJTJGYSUzRSUwQSUwOSUzQyUyRmRpdiUzRSUwQSUzQyUyRmRpdiUzRQ==[\/vc_raw_html][vc_raw_html el_class=\u00bbeoi-contacto-depto-item-wrapper\u00bb]JTNDZGl2JTIwY2xhc3MlM0QlMjJlb2ktY29udGFjdG8tZGVwdG8taXRlbSUyMiUzRSUwQSUwOSUzQ2RpdiUyMGNsYXNzJTNEJTIyZGVwdG8taXRlbS1pbWclMjIlM0UlMEElMDklMDklM0NpbWclMjBzcmMlM0QlMjIlMkZ3ZWIlMkZ3cC1jb250ZW50JTJGdXBsb2FkcyUyRjIwMjAlMkYxMSUyRmZsYWctZWgucG5nJTIyJTNFJTBBJTA5JTNDJTJGZGl2JTNFJTBBJTA5JTNDZGl2JTIwY2xhc3MlM0QlMjJkZXB0by1pdGVtLW5vbWJyZSUyMiUzRSUwQSUwOSUwOSUzQ3AlM0UlQzMlODFyYWJlJTNDJTJGcCUzRSUwQSUwOSUzQyUyRmRpdiUzRSUwQSUwOSUzQ2RpdiUyMGNsYXNzJTNEJTIyZGVwdG8taXRlbS1lbWFpbCUyMiUzRSUwQSUwOSUwOSUzQ2ElMjBocmVmJTNEJTIybWFpbHRvJTNBYXJhYmUlNDBlb2ltYWxhZ2EuY29tJTIyJTNFYXJhYmUlNDBlb2ltYWxhZ2EuY29tJTNDJTJGYSUzRSUwQSUwOSUzQyUyRmRpdiUzRSUwQSUwOSUzQ2RpdiUyMGNsYXNzJTNEJTIyZGVwdG8taXRlbS10bGYlMjIlM0UlMEElMDklMDklM0NhJTIwaHJlZiUzRCUyMnRlbCUzQTk1MiUyMDI3MiUyMDI3OCUyMiUzRTk1MiUyMDI3MiUyMDI3OCUyMCUyOEV4dGVuc2klQzMlQjNuJTIwMiUyOSUzQyUyRmElM0UlMEElMDklM0MlMkZkaXYlM0UlMEElM0MlMkZkaXYlM0U=[\/vc_raw_html][vc_raw_html el_class=\u00bbeoi-contacto-depto-item-wrapper\u00bb]JTNDZGl2JTIwY2xhc3MlM0QlMjJlb2ktY29udGFjdG8tZGVwdG8taXRlbSUyMiUzRSUwQSUwOSUzQ2RpdiUyMGNsYXNzJTNEJTIyZGVwdG8taXRlbS1pbWclMjIlM0UlMEElMDklMDklM0NpbWclMjBzcmMlM0QlMjIlMkZ3ZWIlMkZ3cC1jb250ZW50JTJGdXBsb2FkcyUyRjIwMjAlMkYxMSUyRmZsYWctY24ucG5nJTIyJTNFJTBBJTA5JTNDJTJGZGl2JTNFJTBBJTA5JTNDZGl2JTIwY2xhc3MlM0QlMjJkZXB0by1pdGVtLW5vbWJyZSUyMiUzRSUwQSUwOSUwOSUzQ3AlM0VDaGlubyUzQyUyRnAlM0UlMEElMDklM0MlMkZkaXYlM0UlMEElMDklM0NkaXYlMjBjbGFzcyUzRCUyMmRlcHRvLWl0ZW0tZW1haWwlMjIlM0UlMEElMDklMDklM0NhJTIwaHJlZiUzRCUyMm1haWx0byUzQWNoaW5vJTQwZW9pbWFsYWdhLmNvbSUyMiUzRWNoaW5vJTQwZW9pbWFsYWdhLmNvbSUzQyUyRmElM0UlMEElMDklM0MlMkZkaXYlM0UlMEElMDklM0NkaXYlMjBjbGFzcyUzRCUyMmRlcHRvLWl0ZW0tdGxmJTIyJTNFJTBBJTA5JTA5JTNDYSUyMGhyZWYlM0QlMjJ0ZWwlM0E5NTIlMjAyNzIlMjAyNzglMjIlM0U5NTIlMjAyNzIlMjAyNzglMjAlMjhFeHRlbnNpJUMzJUIzbiUyMDMlMjklM0MlMkZhJTNFJTBBJTA5JTNDJTJGZGl2JTNFJTBBJTNDJTJGZGl2JTNF[\/vc_raw_html][vc_raw_html el_class=\u00bbeoi-contacto-depto-item-wrapper\u00bb]JTNDZGl2JTIwY2xhc3MlM0QlMjJlb2ktY29udGFjdG8tZGVwdG8taXRlbSUyMiUzRSUwQSUwOSUzQ2RpdiUyMGNsYXNzJTNEJTIyZGVwdG8taXRlbS1pbWclMjIlM0UlMEElMDklMDklM0NpbWclMjBzcmMlM0QlMjIlMkZ3ZWIlMkZ3cC1jb250ZW50JTJGdXBsb2FkcyUyRjIwMjAlMkYxMSUyRmZsYWctZXMucG5nJTIyJTNFJTBBJTA5JTNDJTJGZGl2JTNFJTBBJTA5JTNDZGl2JTIwY2xhc3MlM0QlMjJkZXB0by1pdGVtLW5vbWJyZSUyMiUzRSUwQSUwOSUwOSUzQ3AlM0VFc3BhJUMzJUIxb2wlM0MlMkZwJTNFJTBBJTA5JTNDJTJGZGl2JTNFJTBBJTA5JTNDZGl2JTIwY2xhc3MlM0QlMjJkZXB0by1pdGVtLWVtYWlsJTIyJTNFJTBBJTA5JTA5JTNDYSUyMGhyZWYlM0QlMjJtYWlsdG8lM0Flc3Bhbm9sJTQwZW9pbWFsYWdhLmNvbSUyMiUzRWVzcGFub2wlNDBlb2ltYWxhZ2EuY29tJTNDJTJGYSUzRSUwQSUwOSUzQyUyRmRpdiUzRSUwQSUwOSUzQ2RpdiUyMGNsYXNzJTNEJTIyZGVwdG8taXRlbS10bGYlMjIlM0UlMEElMDklMDklM0NhJTIwaHJlZiUzRCUyMnRlbCUzQTk1MiUyMDI3MiUyMDI3OCUyMiUzRTk1MiUyMDI3MiUyMDI3OCUyMCUyOEV4dGVuc2klQzMlQjNuJTIwMSUyOSUzQyUyRmElM0UlMEElMDklM0MlMkZkaXYlM0UlMEElM0MlMkZkaXYlM0U=[\/vc_raw_html][vc_raw_html el_class=\u00bbeoi-contacto-depto-item-wrapper\u00bb]JTNDZGl2JTIwY2xhc3MlM0QlMjJlb2ktY29udGFjdG8tZGVwdG8taXRlbSUyMiUzRSUwQSUwOSUzQ2RpdiUyMGNsYXNzJTNEJTIyZGVwdG8taXRlbS1pbWclMjIlM0UlMEElMDklMDklM0NpbWclMjBzcmMlM0QlMjIlMkZ3ZWIlMkZ3cC1jb250ZW50JTJGdXBsb2FkcyUyRjIwMjAlMkYxMSUyRmZsYWctZnIucG5nJTIyJTNFJTBBJTA5JTNDJTJGZGl2JTNFJTBBJTA5JTNDZGl2JTIwY2xhc3MlM0QlMjJkZXB0by1pdGVtLW5vbWJyZSUyMiUzRSUwQSUwOSUwOSUzQ3AlM0VGcmFuYyVDMyVBOXMlM0MlMkZwJTNFJTBBJTA5JTNDJTJGZGl2JTNFJTBBJTA5JTNDZGl2JTIwY2xhc3MlM0QlMjJkZXB0by1pdGVtLWVtYWlsJTIyJTNFJTBBJTA5JTA5JTNDYSUyMGhyZWYlM0QlMjJtYWlsdG8lM0FmcmFuY2VzJTQwZW9pbWFsYWdhLmNvbSUyMiUzRWZyYW5jZXMlNDBlb2ltYWxhZ2EuY29tJTNDJTJGYSUzRSUwQSUwOSUzQyUyRmRpdiUzRSUwQSUwOSUzQ2RpdiUyMGNsYXNzJTNEJTIyZGVwdG8taXRlbS10bGYlMjIlM0UlMEElMDklMDklM0NhJTIwaHJlZiUzRCUyMnRlbCUzQSUyQjM0JTIwOTUyJTIwMjcyJTIwMjc4JTIyJTNFOTUyJTIwMjcyJTIwMjc4JTIwJTI4RXh0ZW5zaSVDMyVCM24lMjA0JTI5JTNDJTJGYSUzRSUwQSUwOSUzQyUyRmRpdiUzRSUwQSUzQyUyRmRpdiUzRQ==[\/vc_raw_html][vc_raw_html el_class=\u00bbeoi-contacto-depto-item-wrapper\u00bb]JTNDZGl2JTIwY2xhc3MlM0QlMjJlb2ktY29udGFjdG8tZGVwdG8taXRlbSUyMiUzRSUwQSUwOSUzQ2RpdiUyMGNsYXNzJTNEJTIyZGVwdG8taXRlbS1pbWclMjIlM0UlMEElMDklMDklM0NpbWclMjBzcmMlM0QlMjIlMkZ3ZWIlMkZ3cC1jb250ZW50JTJGdXBsb2FkcyUyRjIwMjAlMkYxMSUyRmZsYWctZ3IucG5nJTIyJTNFJTBBJTA5JTNDJTJGZGl2JTNFJTBBJTA5JTNDZGl2JTIwY2xhc3MlM0QlMjJkZXB0by1pdGVtLW5vbWJyZSUyMiUzRSUwQSUwOSUwOSUzQ3AlM0VHcmllZ28lM0MlMkZwJTNFJTBBJTA5JTNDJTJGZGl2JTNFJTBBJTA5JTNDZGl2JTIwY2xhc3MlM0QlMjJkZXB0by1pdGVtLWVtYWlsJTIyJTNFJTBBJTA5JTA5JTNDYSUyMGhyZWYlM0QlMjJtYWlsdG8lM0FncmllZ28lNDBlb2ltYWxhZ2EuY29tJTIyJTNFZ3JpZWdvJTQwZW9pbWFsYWdhLmNvbSUzQyUyRmElM0UlM0NiciUzRSUwQSUwOSUwOSUwOSUzQyUyRmRpdiUzRSUwQSUwOSUzQ2RpdiUyMGNsYXNzJTNEJTIyZGVwdG8taXRlbS10bGYlMjIlM0UlMEElMDklMDklM0NhJTIwaHJlZiUzRCUyMnRlbCUzQSUyQjM0JTIwOTUyJTIwMjcyJTIwMjc4JTIyJTNFOTUyJTIwMjcyJTIwMjc4JTIwJTI4RXh0ZW5zaSVDMyVCM24lMjA1JTI5JTNDJTJGYSUzRSUwQSUwOSUzQyUyRmRpdiUzRSUwQSUzQyUyRmRpdiUzRQ==[\/vc_raw_html][vc_raw_html el_class=\u00bbeoi-contacto-depto-item-wrapper\u00bb]JTNDZGl2JTIwY2xhc3MlM0QlMjJlb2ktY29udGFjdG8tZGVwdG8taXRlbSUyMiUzRSUwQSUwOSUzQ2RpdiUyMGNsYXNzJTNEJTIyZGVwdG8taXRlbS1pbWclMjIlM0UlMEElMDklMDklM0NpbWclMjBzcmMlM0QlMjIlMkZ3ZWIlMkZ3cC1jb250ZW50JTJGdXBsb2FkcyUyRjIwMjAlMkYxMSUyRmZsYWctZ2IucG5nJTIyJTNFJTBBJTA5JTNDJTJGZGl2JTNFJTBBJTA5JTNDZGl2JTIwY2xhc3MlM0QlMjJkZXB0by1pdGVtLW5vbWJyZSUyMiUzRSUwQSUwOSUwOSUzQ3AlM0VJbmdsJUMzJUE5cyUzQyUyRnAlM0UlMEElMDklM0MlMkZkaXYlM0UlMEElMDklM0NkaXYlMjBjbGFzcyUzRCUyMmRlcHRvLWl0ZW0tZW1haWwlMjIlM0UlMEElMDklMDklM0NhJTIwaHJlZiUzRCUyMm1haWx0byUzQWluZ2xlcyU0MGVvaW1hbGFnYS5jb20lMjIlM0VpbmdsZXMlNDBlb2ltYWxhZ2EuY29tJTNDJTJGYSUzRSUwQSUwOSUzQyUyRmRpdiUzRSUwQSUwOSUzQ2RpdiUyMGNsYXNzJTNEJTIyZGVwdG8taXRlbS10bGYlMjIlM0UlMEElMDklMDklM0NhJTIwaHJlZiUzRCUyMnRlbCUzQSUyQjM0JTIwOTUyJTIwMjcyJTIwMjc4JTIyJTNFOTUyJTIwMjcyJTIwMjc4JTIwJTI4RXh0ZW5zaSVDMyVCM24lMjAyJTI5JTNDJTJGYSUzRSUwQSUwOSUzQyUyRmRpdiUzRSUwQSUzQyUyRmRpdiUzRQ==[\/vc_raw_html][vc_raw_html el_class=\u00bbeoi-contacto-depto-item-wrapper\u00bb]JTNDZGl2JTIwY2xhc3MlM0QlMjJlb2ktY29udGFjdG8tZGVwdG8taXRlbSUyMiUzRSUwQSUwOSUzQ2RpdiUyMGNsYXNzJTNEJTIyZGVwdG8taXRlbS1pbWclMjIlM0UlMEElMDklMDklM0NpbWclMjBzcmMlM0QlMjIlMkZ3ZWIlMkZ3cC1jb250ZW50JTJGdXBsb2FkcyUyRjIwMjAlMkYxMSUyRmZsYWctaXQucG5nJTIyJTNFJTBBJTA5JTNDJTJGZGl2JTNFJTBBJTA5JTNDZGl2JTIwY2xhc3MlM0QlMjJkZXB0by1pdGVtLW5vbWJyZSUyMiUzRSUwQSUwOSUwOSUzQ3AlM0VJdGFsaWFubyUzQyUyRnAlM0UlMEElMDklM0MlMkZkaXYlM0UlMEElMDklM0NkaXYlMjBjbGFzcyUzRCUyMmRlcHRvLWl0ZW0tZW1haWwlMjIlM0UlMEElMDklMDklM0NhJTIwaHJlZiUzRCUyMm1haWx0byUzQWl0YWxpYW5vJTQwZW9pbWFsYWdhLmNvbSUyMiUzRWl0YWxpYW5vJTQwZW9pbWFsYWdhLmNvbSUzQyUyRmElM0UlMEElMDklM0MlMkZkaXYlM0UlMEElMDklM0NkaXYlMjBjbGFzcyUzRCUyMmRlcHRvLWl0ZW0tdGxmJTIyJTNFJTBBJTA5JTA5JTNDYSUyMGhyZWYlM0QlMjJ0ZWwlM0E5NTIlMjAyNzIlMjAyNzglMjIlM0U5NTIlMjAyNzIlMjAyNzglMjAlMjhFeHRlbnNpJUMzJUIzbiUyMDYlMjklM0MlMkZhJTNFJTBBJTA5JTNDJTJGZGl2JTNFJTBBJTNDJTJGZGl2JTNF[\/vc_raw_html][vc_raw_html el_class=\u00bbeoi-contacto-depto-item-wrapper\u00bb]JTNDZGl2JTIwY2xhc3MlM0QlMjJlb2ktY29udGFjdG8tZGVwdG8taXRlbSUyMiUzRSUwQSUwOSUzQ2RpdiUyMGNsYXNzJTNEJTIyZGVwdG8taXRlbS1pbWclMjIlM0UlMEElMDklMDklM0NpbWclMjBzcmMlM0QlMjIlMkZ3ZWIlMkZ3cC1jb250ZW50JTJGdXBsb2FkcyUyRjIwMjAlMkYxMSUyRmZsYWctanAucG5nJTIyJTNFJTBBJTA5JTNDJTJGZGl2JTNFJTBBJTA5JTNDZGl2JTIwY2xhc3MlM0QlMjJkZXB0by1pdGVtLW5vbWJyZSUyMiUzRSUwQSUwOSUwOSUzQ3AlM0VKYXBvbiVDMyVBOXMlM0MlMkZwJTNFJTBBJTA5JTNDJTJGZGl2JTNFJTBBJTA5JTNDZGl2JTIwY2xhc3MlM0QlMjJkZXB0by1pdGVtLWVtYWlsJTIyJTNFJTBBJTA5JTA5JTNDYSUyMGhyZWYlM0QlMjJtYWlsdG8lM0FqYXBvbmVzJTQwZW9pbWFsYWdhLmNvbSUyMiUzRWphcG9uZXMlNDBlb2ltYWxhZ2EuY29tJTNDJTJGYSUzRSUwQSUwOSUzQyUyRmRpdiUzRSUwQSUwOSUzQ2RpdiUyMGNsYXNzJTNEJTIyZGVwdG8taXRlbS10bGYlMjIlM0UlMEElMDklMDklM0NhJTIwaHJlZiUzRCUyMnRlbCUzQTk1MiUyMDI3MiUyMDI3OCUyMiUzRTk1MiUyMDI3MiUyMDI3OCUyMCUyOEV4dGVuc2klQzMlQjNuJTIwNyUyOSUzQyUyRmElM0UlMEElMDklM0MlMkZkaXYlM0UlMEElM0MlMkZkaXYlM0U=[\/vc_raw_html][vc_raw_html el_class=\u00bbeoi-contacto-depto-item-wrapper\u00bb]JTNDZGl2JTIwY2xhc3MlM0QlMjJlb2ktY29udGFjdG8tZGVwdG8taXRlbSUyMiUzRSUwQSUwOSUzQ2RpdiUyMGNsYXNzJTNEJTIyZGVwdG8taXRlbS1pbWclMjIlM0UlMEElMDklMDklM0NpbWclMjBzcmMlM0QlMjIlMkZ3ZWIlMkZ3cC1jb250ZW50JTJGdXBsb2FkcyUyRjIwMjAlMkYxMSUyRmZsYWctcHQucG5nJTIyJTNFJTBBJTA5JTNDJTJGZGl2JTNFJTBBJTA5JTNDZGl2JTIwY2xhc3MlM0QlMjJkZXB0by1pdGVtLW5vbWJyZSUyMiUzRSUwQSUwOSUwOSUzQ3AlM0VQb3J0dWd1JUMzJUE5cyUzQyUyRnAlM0UlMEElMDklM0MlMkZkaXYlM0UlMEElMDklM0NkaXYlMjBjbGFzcyUzRCUyMmRlcHRvLWl0ZW0tZW1haWwlMjIlM0UlMEElMDklMDklM0NhJTIwaHJlZiUzRCUyMm1haWx0byUzQXBvcnR1Z3VlcyU0MGVvaW1hbGFnYS5jb20lMjIlM0Vwb3J0dWd1ZXMlNDBlb2ltYWxhZ2EuY29tJTNDJTJGYSUzRSUwQSUwOSUzQyUyRmRpdiUzRSUwQSUwOSUzQ2RpdiUyMGNsYXNzJTNEJTIyZGVwdG8taXRlbS10bGYlMjIlM0UlMEElMDklMDklM0NhJTIwaHJlZiUzRCUyMnRlbCUzQTk1MiUyMDI3MiUyMDI3OCUyMiUzRTk1MiUyMDI3MiUyMDI3OCUyMCUyOEV4dGVuc2klQzMlQjNuJTIwOCUyOSUzQyUyRmElM0UlMEElMDklM0MlMkZkaXYlM0UlMEElM0MlMkZkaXYlM0U=[\/vc_raw_html][vc_raw_html el_class=\u00bbeoi-contacto-depto-item-wrapper\u00bb]JTNDZGl2JTIwY2xhc3MlM0QlMjJlb2ktY29udGFjdG8tZGVwdG8taXRlbSUyMiUzRSUwQSUwOSUzQ2RpdiUyMGNsYXNzJTNEJTIyZGVwdG8taXRlbS1pbWclMjIlM0UlMEElMDklMDklM0NpbWclMjBzcmMlM0QlMjIlMkZ3ZWIlMkZ3cC1jb250ZW50JTJGdXBsb2FkcyUyRjIwMjAlMkYxMSUyRmZsYWctcnUucG5nJTIyJTNFJTBBJTA5JTNDJTJGZGl2JTNFJTBBJTA5JTNDZGl2JTIwY2xhc3MlM0QlMjJkZXB0by1pdGVtLW5vbWJyZSUyMiUzRSUwQSUwOSUwOSUzQ3AlM0VSdXNvJTNDJTJGcCUzRSUwQSUwOSUzQyUyRmRpdiUzRSUwQSUwOSUzQ2RpdiUyMGNsYXNzJTNEJTIyZGVwdG8taXRlbS1lbWFpbCUyMiUzRSUwQSUwOSUwOSUzQ2ElMjBocmVmJTNEJTIybWFpbHRvJTNBcnVzbyU0MGVvaW1hbGFnYS5jb20lMjIlM0VydXNvJTQwZW9pbWFsYWdhLmNvbSUzQyUyRmElM0UlMEElMDklM0MlMkZkaXYlM0UlMEElMDklM0NkaXYlMjBjbGFzcyUzRCUyMmRlcHRvLWl0ZW0tdGxmJTIyJTNFJTBBJTA5JTA5JTNDYSUyMGhyZWYlM0QlMjJ0ZWwlM0E5NTIlMjAyNzIlMjAyNzglMjIlM0U5NTIlMjAyNzIlMjAyNzglMjAlMjhFeHRlbnNpJUMzJUIzbiUyMDklMjklM0MlMkZhJTNFJTBBJTA5JTNDJTJGZGl2JTNFJTBBJTNDJTJGZGl2JTNF[\/vc_raw_html][vc_raw_html el_class=\u00bbeoi-contacto-depto-item-wrapper\u00bb][\/vc_raw_html][vc_raw_html el_class=\u00bbeoi-contacto-depto-item-wrapper\u00bb]JTNDZGl2JTIwY2xhc3MlM0QlMjJlb2ktY29udGFjdG8tZGVwdG8taXRlbSUyMHNlbWlwcmVzZW5jaWFsJTIyJTNFJTBBJTA5JTNDZGl2JTIwY2xhc3MlM0QlMjJkZXB0by1pdGVtLWltZyUyMiUzRSUwQSUwOSUwOSUzQ2ltZyUyMHNyYyUzRCUyMiUyRndlYiUyRndwLWNvbnRlbnQlMkZ1cGxvYWRzJTJGMjAyMCUyRjExJTJGZmxhZy10ZS5wbmclMjIlM0UlMEElMDklM0MlMkZkaXYlM0UlMEElMDklM0NkaXYlMjBjbGFzcyUzRCUyMmRlcHRvLWl0ZW0tbm9tYnJlJTIyJTNFJTBBJTA5JTA5JTNDcCUzRVNlbWlwcmVzZW5jaWFsJTNDJTJGcCUzRSUwQSUwOSUzQyUyRmRpdiUzRSUwQSUwOSUzQ2RpdiUyMGNsYXNzJTNEJTIyZGVwdG8taXRlbS1lbWFpbCUyMiUzRSUwQSUwOSUwOSUzQ2ElMjBocmVmJTNEJTIybWFpbHRvJTNBc2VtaXByZXNlbmNpYWwlNDBlb2ltYWxhZ2EuY29tLiUyMiUzRXNlbWlwcmVzZW5jaWFsJTQwZW9pbWFsYWdhLmNvbSUzQyUyRmElM0UlMEElMDklM0MlMkZkaXYlM0UlMEElMDklM0NkaXYlMjBjbGFzcyUzRCUyMmRlcHRvLWl0ZW0tdGxmJTIyJTNFJTBBJTA5JTA5JTNDYSUyMGhyZWYlM0QlMjJ0ZWwlM0E5NTIlMjAyNzIlMjAyNzglMjIlM0U5NTIlMjAyNzIlMjAyNzglM0MlMkZhJTNFJTBBJTA5JTNDJTJGZGl2JTNFJTBBJTNDJTJGZGl2JTNF[\/vc_raw_html][vc_raw_html el_class=\u00bbeoi-contacto-depto-item-wrapper\u00bb]JTNDZGl2JTIwY2xhc3MlM0QlMjJlb2ktY29udGFjdG8tZGVwdG8taXRlbSUyMGFkaXN0YW5jaWElMjIlM0UlMEElMDklM0NkaXYlMjBjbGFzcyUzRCUyMmRlcHRvLWl0ZW0taW1nJTIyJTNFJTBBJTA5JTA5JTNDaW1nJTIwc3JjJTNEJTIyJTJGd2ViJTJGd3AtY29udGVudCUyRnVwbG9hZHMlMkYyMDIwJTJGMTElMkZmbGFnLXRlLnBuZyUyMiUzRSUwQSUwOSUzQyUyRmRpdiUzRSUwQSUwOSUzQ2RpdiUyMGNsYXNzJTNEJTIyZGVwdG8taXRlbS1ub21icmUlMjIlM0UlMEElMDklMDklM0NwJTNFRGlzdGFuY2lhJTNDJTJGcCUzRSUwQSUwOSUzQyUyRmRpdiUzRSUwQSUwOSUzQ2RpdiUyMGNsYXNzJTNEJTIyZGVwdG8taXRlbS1lbWFpbCUyMiUzRSUwQSUwOSUwOSUzQ2ElMjBocmVmJTNEJTIybWFpbHRvJTNBYWRpc3RhbmNpYSU0MGVvaW1hbGFnYS5jb20lMjIlM0VhZGlzdGFuY2lhJTQwZW9pbWFsYWdhLmNvbSUzQyUyRmElM0UlMEElMDklM0MlMkZkaXYlM0UlMEElMDklM0NkaXYlMjBjbGFzcyUzRCUyMmRlcHRvLWl0ZW0tdGxmJTIyJTNFJTBBJTA5JTA5JTNDYSUyMGhyZWYlM0QlMjJ0ZWwlM0E5NTIlMjAyNzIlMjAyNzglMjIlM0U5NTIlMjAyNzIlMjAyNzglM0MlMkZhJTNFJTBBJTA5JTNDJTJGZGl2JTNFJTBBJTNDJTJGZGl2JTNF[\/vc_raw_html][\/vc_column][\/vc_row][\/vc_section]<\/p>\n<\/div>","protected":false},"excerpt":{"rendered":"<p>[vc_section full_width=\u00bbstretch_row_content\u00bb css=\u00bb.vc_custom_1604641982428{background-image: url(https:\/\/www.eoimalaga.com\/web\/wp-content\/uploads\/2016\/12\/hader_profesores.png?id=4798) !important;}\u00bb el_class=\u00bbeoi-cabecera-contacto\u00bb][\/vc_section][vc_row el_class=\u00bbeoi-contacto-fila-3&#8243;][vc_column][vc_column_text css=\u00bb\u00bb] Desde este formulario podr\u00e1 obtener informaci\u00f3n general sobre la EOI. NO se tramitar\u00e1 ninguna petici\u00f3n de revisi\u00f3n de ex\u00e1menes ni solicitudes de certificados\u00a0 a trav\u00e9s de este formulario. Lea c\u00f3mo solicitar certificados aqu\u00ed. [\/vc_column_text][\/vc_column][\/vc_row][vc_row][vc_column][vc_raw_html css=\u00bb\u00bb]JTVCY29udGFjdC1mb3JtLTclMjBpZCUzRCUyMmMwOWNmODQlMjIlMjB0aXRsZSUzRCUyMkZvcm11bGFyaW8lMjBkZSUyMGNvbnRhY3RvJTIwY29uZGljaW9uYWwlMjIlNUQ=[\/vc_raw_html][\/vc_column][\/vc_row][vc_section full_width=\u00bbstretch_row\u00bb el_class=\u00bbeoi-contacto-section-1&#8243;][vc_row el_class=\u00bbeoi-contacto-fila-1&#8243;][vc_column width=\u00bb1\/2&#8243; el_class=\u00bbeoi-contacto-item\u00bb][vc_icon icon_fontawesome=\u00bbfas fa-mobile-alt\u00bb color=\u00bbcustom\u00bb size=\u00bbxl\u00bb align=\u00bbcenter\u00bb el_class=\u00bbeoi-contacto-icon\u00bb custom_color=\u00bb#134984&#8243;][vc_column_text [&hellip;]<\/p>\n","protected":false},"author":11,"featured_media":0,"parent":0,"menu_order":8,"comment_status":"closed","ping_status":"closed","template":"","meta":{"inline_featured_image":false,"footnotes":""},"categories":[],"tags":[],"class_list":["post-2057","page","type-page","status-publish","hentry"],"yoast_head":"<!-- This site is optimized with the Yoast SEO plugin v26.5 - https:\/\/yoast.com\/wordpress\/plugins\/seo\/ -->\n<title>CONTACTO - P\u00e1gina Oficial de la EOI de M\u00e1laga ::Los idiomas ponen el mundo a tus pies::<\/title>\n<meta name=\"description\" content=\"Contacto de la EIO M\u00e1laga. Puedes contactar con nosotros a trav\u00e9s del email:direccion@eoimalaga.com\" \/>\n<meta name=\"robots\" content=\"index, follow, max-snippet:-1, max-image-preview:large, max-video-preview:-1\" \/>\n<link rel=\"canonical\" href=\"https:\/\/www.eoimalaga.com\/web\/contacto\/\" \/>\n<meta property=\"og:locale\" content=\"es_ES\" \/>\n<meta property=\"og:type\" content=\"article\" \/>\n<meta property=\"og:title\" content=\"CONTACTO - P\u00e1gina Oficial de la EOI de M\u00e1laga ::Los idiomas ponen el mundo a tus pies::\" \/>\n<meta property=\"og:description\" content=\"Contacto de la EIO M\u00e1laga. Puedes contactar con nosotros a trav\u00e9s del email:direccion@eoimalaga.com\" \/>\n<meta property=\"og:url\" content=\"https:\/\/www.eoimalaga.com\/web\/contacto\/\" \/>\n<meta property=\"og:site_name\" content=\"P\u00e1gina Oficial de la EOI de M\u00e1laga ::Los idiomas ponen el mundo a tus pies::\" \/>\n<meta property=\"article:modified_time\" content=\"2025-09-12T18:21:07+00:00\" \/>\n<meta name=\"twitter:card\" content=\"summary_large_image\" \/>\n<meta name=\"twitter:label1\" content=\"Tiempo de lectura\" \/>\n\t<meta name=\"twitter:data1\" content=\"1 minuto\" \/>\n<script type=\"application\/ld+json\" class=\"yoast-schema-graph\">{\"@context\":\"https:\/\/schema.org\",\"@graph\":[{\"@type\":[\"WebPage\",\"ContactPage\"],\"@id\":\"https:\/\/www.eoimalaga.com\/web\/contacto\/\",\"url\":\"https:\/\/www.eoimalaga.com\/web\/contacto\/\",\"name\":\"CONTACTO - P\u00e1gina Oficial de la EOI de M\u00e1laga ::Los idiomas ponen el mundo a tus pies::\",\"isPartOf\":{\"@id\":\"https:\/\/www.eoimalaga.com\/web\/#website\"},\"datePublished\":\"2013-10-23T20:49:21+00:00\",\"dateModified\":\"2025-09-12T18:21:07+00:00\",\"description\":\"Contacto de la EIO M\u00e1laga. Puedes contactar con nosotros a trav\u00e9s del email:direccion@eoimalaga.com\",\"breadcrumb\":{\"@id\":\"https:\/\/www.eoimalaga.com\/web\/contacto\/#breadcrumb\"},\"inLanguage\":\"es\",\"potentialAction\":[{\"@type\":\"ReadAction\",\"target\":[\"https:\/\/www.eoimalaga.com\/web\/contacto\/\"]}]},{\"@type\":\"BreadcrumbList\",\"@id\":\"https:\/\/www.eoimalaga.com\/web\/contacto\/#breadcrumb\",\"itemListElement\":[{\"@type\":\"ListItem\",\"position\":1,\"name\":\"Home\",\"item\":\"https:\/\/www.eoimalaga.com\/web\/\"},{\"@type\":\"ListItem\",\"position\":2,\"name\":\"CONTACTO\"}]},{\"@type\":\"WebSite\",\"@id\":\"https:\/\/www.eoimalaga.com\/web\/#website\",\"url\":\"https:\/\/www.eoimalaga.com\/web\/\",\"name\":\"P\u00e1gina Oficial de la EOI de M\u00e1laga ::Los idiomas ponen el mundo a tus pies::\",\"description\":\"EOI M\u00e1laga\",\"potentialAction\":[{\"@type\":\"SearchAction\",\"target\":{\"@type\":\"EntryPoint\",\"urlTemplate\":\"https:\/\/www.eoimalaga.com\/web\/?s={search_term_string}\"},\"query-input\":{\"@type\":\"PropertyValueSpecification\",\"valueRequired\":true,\"valueName\":\"search_term_string\"}}],\"inLanguage\":\"es\"}]}<\/script>\n<!-- \/ Yoast SEO plugin. -->","yoast_head_json":{"title":"CONTACTO - P\u00e1gina Oficial de la EOI de M\u00e1laga ::Los idiomas ponen el mundo a tus pies::","description":"Contacto de la EIO M\u00e1laga. Puedes contactar con nosotros a trav\u00e9s del email:direccion@eoimalaga.com","robots":{"index":"index","follow":"follow","max-snippet":"max-snippet:-1","max-image-preview":"max-image-preview:large","max-video-preview":"max-video-preview:-1"},"canonical":"https:\/\/www.eoimalaga.com\/web\/contacto\/","og_locale":"es_ES","og_type":"article","og_title":"CONTACTO - P\u00e1gina Oficial de la EOI de M\u00e1laga ::Los idiomas ponen el mundo a tus pies::","og_description":"Contacto de la EIO M\u00e1laga. Puedes contactar con nosotros a trav\u00e9s del email:direccion@eoimalaga.com","og_url":"https:\/\/www.eoimalaga.com\/web\/contacto\/","og_site_name":"P\u00e1gina Oficial de la EOI de M\u00e1laga ::Los idiomas ponen el mundo a tus pies::","article_modified_time":"2025-09-12T18:21:07+00:00","twitter_card":"summary_large_image","twitter_misc":{"Tiempo de lectura":"1 minuto"},"schema":{"@context":"https:\/\/schema.org","@graph":[{"@type":["WebPage","ContactPage"],"@id":"https:\/\/www.eoimalaga.com\/web\/contacto\/","url":"https:\/\/www.eoimalaga.com\/web\/contacto\/","name":"CONTACTO - P\u00e1gina Oficial de la EOI de M\u00e1laga ::Los idiomas ponen el mundo a tus pies::","isPartOf":{"@id":"https:\/\/www.eoimalaga.com\/web\/#website"},"datePublished":"2013-10-23T20:49:21+00:00","dateModified":"2025-09-12T18:21:07+00:00","description":"Contacto de la EIO M\u00e1laga. Puedes contactar con nosotros a trav\u00e9s del email:direccion@eoimalaga.com","breadcrumb":{"@id":"https:\/\/www.eoimalaga.com\/web\/contacto\/#breadcrumb"},"inLanguage":"es","potentialAction":[{"@type":"ReadAction","target":["https:\/\/www.eoimalaga.com\/web\/contacto\/"]}]},{"@type":"BreadcrumbList","@id":"https:\/\/www.eoimalaga.com\/web\/contacto\/#breadcrumb","itemListElement":[{"@type":"ListItem","position":1,"name":"Home","item":"https:\/\/www.eoimalaga.com\/web\/"},{"@type":"ListItem","position":2,"name":"CONTACTO"}]},{"@type":"WebSite","@id":"https:\/\/www.eoimalaga.com\/web\/#website","url":"https:\/\/www.eoimalaga.com\/web\/","name":"P\u00e1gina Oficial de la EOI de M\u00e1laga ::Los idiomas ponen el mundo a tus pies::","description":"EOI M\u00e1laga","potentialAction":[{"@type":"SearchAction","target":{"@type":"EntryPoint","urlTemplate":"https:\/\/www.eoimalaga.com\/web\/?s={search_term_string}"},"query-input":{"@type":"PropertyValueSpecification","valueRequired":true,"valueName":"search_term_string"}}],"inLanguage":"es"}]}},"_links":{"self":[{"href":"https:\/\/www.eoimalaga.com\/web\/wp-json\/wp\/v2\/pages\/2057","targetHints":{"allow":["GET"]}}],"collection":[{"href":"https:\/\/www.eoimalaga.com\/web\/wp-json\/wp\/v2\/pages"}],"about":[{"href":"https:\/\/www.eoimalaga.com\/web\/wp-json\/wp\/v2\/types\/page"}],"author":[{"embeddable":true,"href":"https:\/\/www.eoimalaga.com\/web\/wp-json\/wp\/v2\/users\/11"}],"replies":[{"embeddable":true,"href":"https:\/\/www.eoimalaga.com\/web\/wp-json\/wp\/v2\/comments?post=2057"}],"version-history":[{"count":42,"href":"https:\/\/www.eoimalaga.com\/web\/wp-json\/wp\/v2\/pages\/2057\/revisions"}],"predecessor-version":[{"id":22223,"href":"https:\/\/www.eoimalaga.com\/web\/wp-json\/wp\/v2\/pages\/2057\/revisions\/22223"}],"wp:attachment":[{"href":"https:\/\/www.eoimalaga.com\/web\/wp-json\/wp\/v2\/media?parent=2057"}],"wp:term":[{"taxonomy":"category","embeddable":true,"href":"https:\/\/www.eoimalaga.com\/web\/wp-json\/wp\/v2\/categories?post=2057"},{"taxonomy":"post_tag","embeddable":true,"href":"https:\/\/www.eoimalaga.com\/web\/wp-json\/wp\/v2\/tags?post=2057"}],"curies":[{"name":"wp","href":"https:\/\/api.w.org\/{rel}","templated":true}]}}