{"id":20254,"date":"2024-12-07T18:25:47","date_gmt":"2024-12-07T16:25:47","guid":{"rendered":"https:\/\/www.eoimalaga.com\/web\/?page_id=20254"},"modified":"2026-03-02T11:16:50","modified_gmt":"2026-03-02T09:16:50","slug":"actividades","status":"publish","type":"page","link":"https:\/\/www.eoimalaga.com\/web\/chino\/actividades\/","title":{"rendered":"Actividades"},"content":{"rendered":"<div class=\"wpb-content-wrapper\"><p>[vc_row css=\u00bb.vc_custom_1733590479353{padding-top: 0px !important;padding-bottom: 0px !important;}\u00bb][vc_column width=\u00bb1\/5&#8243;][vc_single_image image=\u00bb22890&#8243; img_size=\u00bbfull\u00bb css=\u00bb\u00bb][vc_single_image image=\u00bb22372&#8243; img_size=\u00bbfull\u00bb css=\u00bb\u00bb][\/vc_column][vc_column width=\u00bb4\/5&#8243;][vc_column_text css=\u00bb\u00bb]<\/p>\n<h4><span style=\"color: #cc99ff;font-size: 18px\">FIESTA DE A\u00d1O NUEVO CHINO<\/span><\/h4>\n<p>\u00a1Celebra con nosotras el Nuevo A\u00f1o del Caballo![\/vc_column_text][vc_column_text css=\u00bb\u00bb]<\/p>\n<h4><span style=\"color: #cc99ff;font-size: 18px\">FESTIVAL DE MEDIO OTO\u00d1O<\/span><\/h4>\n<p>\u00a1Celebra con nosotras el Festival de Medio Oto\u00f1o el 2, 3 y 6 de octubre![\/vc_column_text][\/vc_column][\/vc_row][vc_row css=\u00bb.vc_custom_1733590472053{padding-top: 50px !important;padding-bottom: 0px !important;}\u00bb][vc_column width=\u00bb1\/5&#8243;][vc_single_image image=\u00bb20257&#8243; img_size=\u00bbfull\u00bb][\/vc_column][vc_column width=\u00bb4\/5&#8243;][vc_column_text css=\u00bb\u00bb]<\/p>\n<h4><span style=\"color: #cc99ff\">La aventura de estudiar en Shangh\u00e1i<\/span><\/h4>\n<p>Cuando un sue\u00f1o se hace realidad[\/vc_column_text][\/vc_column][\/vc_row][vc_row css=\u00bb.vc_custom_1733590479353{padding-top: 0px !important;padding-bottom: 0px !important;}\u00bb][vc_column width=\u00bb1\/5&#8243;][vc_single_image image=\u00bb20270&#8243; img_size=\u00bbfull\u00bb][\/vc_column][vc_column width=\u00bb4\/5&#8243;][vc_column_text css=\u00bb\u00bb]<\/p>\n<h4><span style=\"color: #cc99ff\">Ceremonia del t\u00e9<\/span><\/h4>\n<p>Una visi\u00f3n de la cultura milenaria china[\/vc_column_text][\/vc_column][\/vc_row][vc_row css=\u00bb.vc_custom_1733590479353{padding-top: 0px !important;padding-bottom: 0px !important;}\u00bb][vc_column width=\u00bb1\/5&#8243;][vc_single_image image=\u00bb20289&#8243; img_size=\u00bbfull\u00bb][\/vc_column][vc_column width=\u00bb4\/5&#8243;][vc_column_text css=\u00bb\u00bb]<\/p>\n<h4><span style=\"color: #cc99ff\">Conferencia: Enigmas culturales de China<\/span><\/h4>\n<p>A cargo de D. Augusto Garc\u00eda Weil[\/vc_column_text][\/vc_column][\/vc_row][vc_row css=\u00bb.vc_custom_1733590479353{padding-top: 0px !important;padding-bottom: 0px !important;}\u00bb][vc_column width=\u00bb1\/5&#8243;][vc_single_image image=\u00bb20291&#8243; img_size=\u00bbfull\u00bb][\/vc_column][vc_column width=\u00bb4\/5&#8243;][vc_column_text css=\u00bb\u00bb]<\/p>\n<h4><span style=\"color: #cc99ff\">Conferencia: El aprendizaje del idioma chino y su influencia en el desarrollo neuronal<\/span><\/h4>\n<p>A cargo de D. Juan Gil Bautista. Licenciado en Psicolog\u00eda.[\/vc_column_text][\/vc_column][\/vc_row][vc_row css=\u00bb.vc_custom_1733590479353{padding-top: 0px !important;padding-bottom: 0px !important;}\u00bb][vc_column width=\u00bb1\/5&#8243;][vc_single_image image=\u00bb20293&#8243; img_size=\u00bbfull\u00bb][\/vc_column][vc_column width=\u00bb4\/5&#8243;][vc_column_text css=\u00bb\u00bb]<\/p>\n<h4><span style=\"color: #cc99ff\">Encuentro digital por el A\u00f1o Nuevo chino del Buey<\/span><\/h4>\n<p>Viernes, 12 de febrero de 2021 a las 20:00.[\/vc_column_text][\/vc_column][\/vc_row][vc_row css=\u00bb.vc_custom_1733590479353{padding-top: 0px !important;padding-bottom: 0px !important;}\u00bb][vc_column width=\u00bb1\/5&#8243;][vc_single_image image=\u00bb20295&#8243; img_size=\u00bbfull\u00bb][\/vc_column][vc_column width=\u00bb4\/5&#8243;][vc_column_text css=\u00bb\u00bb]<\/p>\n<h4><span style=\"color: #cc99ff\">Entrevista a Paqui M\u00e9rida y Eduardo de la Rubia<\/span><\/h4>\n<p>Nuestros alumnos de chino fueron entrevistados en PTV M\u00c1LAGA.[\/vc_column_text][\/vc_column][\/vc_row][vc_row css=\u00bb.vc_custom_1733590479353{padding-top: 0px !important;padding-bottom: 0px !important;}\u00bb][vc_column width=\u00bb1\/5&#8243;][vc_single_image image=\u00bb20296&#8243; img_size=\u00bbfull\u00bb][\/vc_column][vc_column width=\u00bb4\/5&#8243;][vc_column_text css=\u00bb\u00bb]<\/p>\n<h4><span style=\"color: #cc99ff\">Exposici\u00f3n fotogr\u00e1fica M\u00e1laga habla chino<\/span><\/h4>\n<p>Con el af\u00e1n de visibilizar aspectos de la lengua y cultura chinas presentes en la ciudad de M\u00e1laga.[\/vc_column_text][\/vc_column][\/vc_row][vc_row css=\u00bb.vc_custom_1733590479353{padding-top: 0px !important;padding-bottom: 0px !important;}\u00bb][vc_column width=\u00bb1\/5&#8243;][vc_single_image image=\u00bb20297&#8243; img_size=\u00bbfull\u00bb][\/vc_column][vc_column width=\u00bb4\/5&#8243;][vc_column_text css=\u00bb\u00bb]<\/p>\n<h4><span style=\"color: #cc99ff\">Entrevista a Carlos Mart\u00edn<\/span><\/h4>\n<p>Nuestro alumno de de chino fue entrevistado en PTV M\u00c1LAGA.[\/vc_column_text][\/vc_column][\/vc_row][vc_row css=\u00bb.vc_custom_1733590479353{padding-top: 0px !important;padding-bottom: 0px !important;}\u00bb][vc_column width=\u00bb1\/5&#8243;][vc_single_image image=\u00bb20298&#8243; img_size=\u00bbfull\u00bb][\/vc_column][vc_column width=\u00bb4\/5&#8243;][vc_column_text css=\u00bb\u00bb]<\/p>\n<h4><span style=\"color: #cc99ff\">Taller de tambores chinos<\/span><\/h4>\n<p>Esta actividad va dirigida a todos los alumnos del idioma chino que est\u00e9n matriculados en nuestra escuela.[\/vc_column_text][\/vc_column][\/vc_row][vc_row css=\u00bb.vc_custom_1733590479353{padding-top: 0px !important;padding-bottom: 0px !important;}\u00bb][vc_column width=\u00bb1\/5&#8243;][vc_single_image image=\u00bb20299&#8243; img_size=\u00bbfull\u00bb][\/vc_column][vc_column width=\u00bb4\/5&#8243;][vc_column_text css=\u00bb\u00bb]<\/p>\n<h4><span style=\"color: #cc99ff\">Taller de zongzi<\/span><\/h4>\n<p>La comida t\u00edpica del Festival del Bote de Drag\u00f3n.[\/vc_column_text][\/vc_column][\/vc_row][vc_row css=\u00bb.vc_custom_1733590479353{padding-top: 0px !important;padding-bottom: 0px !important;}\u00bb][vc_column width=\u00bb1\/5&#8243;][vc_single_image image=\u00bb20300&#8243; img_size=\u00bbfull\u00bb][\/vc_column][vc_column width=\u00bb4\/5&#8243;][vc_column_text css=\u00bb\u00bb]<\/p>\n<h4><span style=\"color: #cc99ff\">Exposici\u00f3n de poemas de la dinast\u00eda Tang<\/span><\/h4>\n<p>El m\u00e1ximo esplendor de la poes\u00eda china.[\/vc_column_text][\/vc_column][\/vc_row][vc_row css=\u00bb.vc_custom_1733590479353{padding-top: 0px !important;padding-bottom: 0px !important;}\u00bb][vc_column width=\u00bb1\/5&#8243;][vc_single_image image=\u00bb20301&#8243; img_size=\u00bbfull\u00bb][\/vc_column][vc_column width=\u00bb4\/5&#8243;][vc_column_text css=\u00bb\u00bb]<\/p>\n<h4><span style=\"color: #cc99ff\">Concurso de Karaoke<\/span><\/h4>\n<p>Yo, quiero cantar.[\/vc_column_text][\/vc_column][\/vc_row][vc_row css=\u00bb.vc_custom_1733590479353{padding-top: 0px !important;padding-bottom: 0px !important;}\u00bb][vc_column width=\u00bb1\/5&#8243;][vc_single_image image=\u00bb20302&#8243; img_size=\u00bbfull\u00bb][\/vc_column][vc_column width=\u00bb4\/5&#8243;][vc_column_text css=\u00bb\u00bb]<\/p>\n<h4><span style=\"color: #cc99ff\">Exposici\u00f3n las 100 Escuelas de Pensamiento<\/span><\/h4>\n<p>Testigos de una cultura milenaria.[\/vc_column_text][\/vc_column][\/vc_row][vc_row css=\u00bb.vc_custom_1733590479353{padding-top: 0px !important;padding-bottom: 0px !important;}\u00bb][vc_column width=\u00bb1\/5&#8243;][vc_single_image image=\u00bb20304&#8243; img_size=\u00bbfull\u00bb][\/vc_column][vc_column width=\u00bb4\/5&#8243;][vc_column_text css=\u00bb\u00bb]<\/p>\n<h4><span style=\"color: #cc99ff\">Exposici\u00f3n Cine Chino<\/span><\/h4>\n<p>La \u00abalfombra roja\u00bb del cine en China.[\/vc_column_text][\/vc_column][\/vc_row][vc_row css=\u00bb.vc_custom_1733590479353{padding-top: 0px !important;padding-bottom: 0px !important;}\u00bb][vc_column width=\u00bb1\/5&#8243;][vc_single_image image=\u00bb20305&#8243; img_size=\u00bbfull\u00bb][\/vc_column][vc_column width=\u00bb4\/5&#8243;][vc_column_text css=\u00bb\u00bb]<\/p>\n<h4><span style=\"color: #cc99ff\">Conferencia Los Jueves de las Lenguas<\/span><\/h4>\n<p>Lengua China y las Estrategias de Ense\u00f1anza y Aprendizaje.[\/vc_column_text][\/vc_column][\/vc_row][vc_row css=\u00bb.vc_custom_1733590479353{padding-top: 0px !important;padding-bottom: 0px !important;}\u00bb][vc_column width=\u00bb1\/5&#8243;][vc_single_image image=\u00bb20306&#8243; img_size=\u00bbfull\u00bb][\/vc_column][vc_column width=\u00bb4\/5&#8243;][vc_column_text css=\u00bb\u00bb]<\/p>\n<h4><span style=\"color: #cc99ff\">Exposici\u00f3n Grabados en chino<\/span><\/h4>\n<p>Expresiones art\u00edsticas de la Cultura China.[\/vc_column_text][\/vc_column][\/vc_row][vc_row css=\u00bb.vc_custom_1733590479353{padding-top: 0px !important;padding-bottom: 0px !important;}\u00bb][vc_column width=\u00bb1\/5&#8243;][vc_single_image image=\u00bb20307&#8243; img_size=\u00bbfull\u00bb][\/vc_column][vc_column width=\u00bb4\/5&#8243;][vc_column_text css=\u00bb\u00bb]<\/p>\n<h4><span style=\"color: #cc99ff\">Exposici\u00f3n M\u00e1scaras de China<\/span><\/h4>\n<p>M\u00e1scaras t\u00edpicas del A\u00f1o Nuevo Chino y la \u00d3pera de Pek\u00edn.[\/vc_column_text][\/vc_column][\/vc_row][vc_row css=\u00bb.vc_custom_1733590479353{padding-top: 0px !important;padding-bottom: 0px !important;}\u00bb][vc_column width=\u00bb1\/5&#8243;][vc_single_image image=\u00bb20308&#8243; img_size=\u00bbfull\u00bb][\/vc_column][vc_column width=\u00bb4\/5&#8243;][vc_column_text css=\u00bb\u00bb]<\/p>\n<h4><span style=\"color: #cc99ff\">Viaje a China<\/span><\/h4>\n<p>Explorando la cultura china.[\/vc_column_text][\/vc_column][\/vc_row][vc_row css=\u00bb.vc_custom_1733590479353{padding-top: 0px !important;padding-bottom: 0px !important;}\u00bb][vc_column width=\u00bb1\/5&#8243;][vc_single_image image=\u00bb20309&#8243; img_size=\u00bbfull\u00bb][\/vc_column][vc_column width=\u00bb4\/5&#8243;][vc_column_text css=\u00bb\u00bb]<\/p>\n<h4><span style=\"color: #cc99ff\">Taller de manualidades: Nudos chinos<\/span><\/h4>\n<p>Tradici\u00f3n y arte popular.[\/vc_column_text][\/vc_column][\/vc_row][vc_row css=\u00bb.vc_custom_1733590479353{padding-top: 0px !important;padding-bottom: 0px !important;}\u00bb][vc_column width=\u00bb1\/5&#8243;][vc_single_image image=\u00bb20310&#8243; img_size=\u00bbfull\u00bb][\/vc_column][vc_column width=\u00bb4\/5&#8243;][vc_column_text css=\u00bb\u00bb]<\/p>\n<h4><span style=\"color: #cc99ff\">Curr\u00edculo de chino mandar\u00edn para educaci\u00f3n primaria<\/span><\/h4>\n<p>El documento recoge los contenidos que deber\u00e1n ser impartidos a los alumnos de Educaci\u00f3n Primaria.[\/vc_column_text][\/vc_column][\/vc_row]<\/p>\n<\/div>","protected":false},"excerpt":{"rendered":"<p>[vc_row css=\u00bb.vc_custom_1733590479353{padding-top: 0px !important;padding-bottom: 0px !important;}\u00bb][vc_column width=\u00bb1\/5&#8243;][vc_single_image image=\u00bb22890&#8243; img_size=\u00bbfull\u00bb css=\u00bb\u00bb][vc_single_image image=\u00bb22372&#8243; img_size=\u00bbfull\u00bb css=\u00bb\u00bb][\/vc_column][vc_column width=\u00bb4\/5&#8243;][vc_column_text css=\u00bb\u00bb] FIESTA DE A\u00d1O NUEVO CHINO \u00a1Celebra con nosotras el Nuevo A\u00f1o del Caballo![\/vc_column_text][vc_column_text css=\u00bb\u00bb] FESTIVAL DE MEDIO OTO\u00d1O \u00a1Celebra con nosotras el Festival de Medio Oto\u00f1o el 2, 3 y 6 de octubre![\/vc_column_text][\/vc_column][\/vc_row][vc_row css=\u00bb.vc_custom_1733590472053{padding-top: 50px !important;padding-bottom: 0px !important;}\u00bb][vc_column width=\u00bb1\/5&#8243;][vc_single_image image=\u00bb20257&#8243; [&hellip;]<\/p>\n","protected":false},"author":25,"featured_media":0,"parent":19816,"menu_order":0,"comment_status":"closed","ping_status":"closed","template":"","meta":{"inline_featured_image":false,"footnotes":""},"categories":[96],"tags":[],"class_list":["post-20254","page","type-page","status-publish","hentry","category-chino"],"yoast_head":"<!-- This site is optimized with the Yoast SEO plugin v26.5 - https:\/\/yoast.com\/wordpress\/plugins\/seo\/ -->\n<title>Actividades - P\u00e1gina Oficial de la EOI de M\u00e1laga ::Los idiomas ponen el mundo a tus pies::<\/title>\n<meta name=\"robots\" content=\"index, follow, max-snippet:-1, max-image-preview:large, max-video-preview:-1\" \/>\n<link rel=\"canonical\" href=\"https:\/\/www.eoimalaga.com\/web\/chino\/actividades\/\" \/>\n<meta property=\"og:locale\" content=\"es_ES\" \/>\n<meta property=\"og:type\" content=\"article\" \/>\n<meta property=\"og:title\" content=\"Actividades - P\u00e1gina Oficial de la EOI de M\u00e1laga ::Los idiomas ponen el mundo a tus pies::\" \/>\n<meta property=\"og:description\" content=\"[vc_row css=\u00bb.vc_custom_1733590479353{padding-top: 0px !important;padding-bottom: 0px !important;}\u00bb][vc_column width=\u00bb1\/5&#8243;][vc_single_image image=\u00bb22890&#8243; img_size=\u00bbfull\u00bb css=\u00bb\u00bb][vc_single_image image=\u00bb22372&#8243; img_size=\u00bbfull\u00bb css=\u00bb\u00bb][\/vc_column][vc_column width=\u00bb4\/5&#8243;][vc_column_text css=\u00bb\u00bb] FIESTA DE A\u00d1O NUEVO CHINO \u00a1Celebra con nosotras el Nuevo A\u00f1o del Caballo![\/vc_column_text][vc_column_text css=\u00bb\u00bb] FESTIVAL DE MEDIO OTO\u00d1O \u00a1Celebra con nosotras el Festival de Medio Oto\u00f1o el 2, 3 y 6 de octubre![\/vc_column_text][\/vc_column][\/vc_row][vc_row css=\u00bb.vc_custom_1733590472053{padding-top: 50px !important;padding-bottom: 0px !important;}\u00bb][vc_column width=\u00bb1\/5&#8243;][vc_single_image image=\u00bb20257&#8243; [&hellip;]\" \/>\n<meta property=\"og:url\" content=\"https:\/\/www.eoimalaga.com\/web\/chino\/actividades\/\" \/>\n<meta property=\"og:site_name\" content=\"P\u00e1gina Oficial de la EOI de M\u00e1laga ::Los idiomas ponen el mundo a tus pies::\" \/>\n<meta property=\"article:modified_time\" content=\"2026-03-02T09:16:50+00:00\" \/>\n<meta name=\"twitter:card\" content=\"summary_large_image\" \/>\n<meta name=\"twitter:label1\" content=\"Tiempo de lectura\" \/>\n\t<meta name=\"twitter:data1\" content=\"5 minutos\" \/>\n<script type=\"application\/ld+json\" class=\"yoast-schema-graph\">{\"@context\":\"https:\/\/schema.org\",\"@graph\":[{\"@type\":\"WebPage\",\"@id\":\"https:\/\/www.eoimalaga.com\/web\/chino\/actividades\/\",\"url\":\"https:\/\/www.eoimalaga.com\/web\/chino\/actividades\/\",\"name\":\"Actividades - P\u00e1gina Oficial de la EOI de M\u00e1laga ::Los idiomas ponen el mundo a tus pies::\",\"isPartOf\":{\"@id\":\"https:\/\/www.eoimalaga.com\/web\/#website\"},\"datePublished\":\"2024-12-07T16:25:47+00:00\",\"dateModified\":\"2026-03-02T09:16:50+00:00\",\"breadcrumb\":{\"@id\":\"https:\/\/www.eoimalaga.com\/web\/chino\/actividades\/#breadcrumb\"},\"inLanguage\":\"es\",\"potentialAction\":[{\"@type\":\"ReadAction\",\"target\":[\"https:\/\/www.eoimalaga.com\/web\/chino\/actividades\/\"]}]},{\"@type\":\"BreadcrumbList\",\"@id\":\"https:\/\/www.eoimalaga.com\/web\/chino\/actividades\/#breadcrumb\",\"itemListElement\":[{\"@type\":\"ListItem\",\"position\":1,\"name\":\"Home\",\"item\":\"https:\/\/www.eoimalaga.com\/web\/\"},{\"@type\":\"ListItem\",\"position\":2,\"name\":\"CHINO\",\"item\":\"https:\/\/www.eoimalaga.com\/web\/chino\/\"},{\"@type\":\"ListItem\",\"position\":3,\"name\":\"Actividades\"}]},{\"@type\":\"WebSite\",\"@id\":\"https:\/\/www.eoimalaga.com\/web\/#website\",\"url\":\"https:\/\/www.eoimalaga.com\/web\/\",\"name\":\"P\u00e1gina Oficial de la EOI de M\u00e1laga ::Los idiomas ponen el mundo a tus pies::\",\"description\":\"EOI M\u00e1laga\",\"potentialAction\":[{\"@type\":\"SearchAction\",\"target\":{\"@type\":\"EntryPoint\",\"urlTemplate\":\"https:\/\/www.eoimalaga.com\/web\/?s={search_term_string}\"},\"query-input\":{\"@type\":\"PropertyValueSpecification\",\"valueRequired\":true,\"valueName\":\"search_term_string\"}}],\"inLanguage\":\"es\"}]}<\/script>\n<!-- \/ Yoast SEO plugin. -->","yoast_head_json":{"title":"Actividades - P\u00e1gina Oficial de la EOI de M\u00e1laga ::Los idiomas ponen el mundo a tus pies::","robots":{"index":"index","follow":"follow","max-snippet":"max-snippet:-1","max-image-preview":"max-image-preview:large","max-video-preview":"max-video-preview:-1"},"canonical":"https:\/\/www.eoimalaga.com\/web\/chino\/actividades\/","og_locale":"es_ES","og_type":"article","og_title":"Actividades - P\u00e1gina Oficial de la EOI de M\u00e1laga ::Los idiomas ponen el mundo a tus pies::","og_description":"[vc_row css=\u00bb.vc_custom_1733590479353{padding-top: 0px !important;padding-bottom: 0px !important;}\u00bb][vc_column width=\u00bb1\/5&#8243;][vc_single_image image=\u00bb22890&#8243; img_size=\u00bbfull\u00bb css=\u00bb\u00bb][vc_single_image image=\u00bb22372&#8243; img_size=\u00bbfull\u00bb css=\u00bb\u00bb][\/vc_column][vc_column width=\u00bb4\/5&#8243;][vc_column_text css=\u00bb\u00bb] FIESTA DE A\u00d1O NUEVO CHINO \u00a1Celebra con nosotras el Nuevo A\u00f1o del Caballo![\/vc_column_text][vc_column_text css=\u00bb\u00bb] FESTIVAL DE MEDIO OTO\u00d1O \u00a1Celebra con nosotras el Festival de Medio Oto\u00f1o el 2, 3 y 6 de octubre![\/vc_column_text][\/vc_column][\/vc_row][vc_row css=\u00bb.vc_custom_1733590472053{padding-top: 50px !important;padding-bottom: 0px !important;}\u00bb][vc_column width=\u00bb1\/5&#8243;][vc_single_image image=\u00bb20257&#8243; [&hellip;]","og_url":"https:\/\/www.eoimalaga.com\/web\/chino\/actividades\/","og_site_name":"P\u00e1gina Oficial de la EOI de M\u00e1laga ::Los idiomas ponen el mundo a tus pies::","article_modified_time":"2026-03-02T09:16:50+00:00","twitter_card":"summary_large_image","twitter_misc":{"Tiempo de lectura":"5 minutos"},"schema":{"@context":"https:\/\/schema.org","@graph":[{"@type":"WebPage","@id":"https:\/\/www.eoimalaga.com\/web\/chino\/actividades\/","url":"https:\/\/www.eoimalaga.com\/web\/chino\/actividades\/","name":"Actividades - P\u00e1gina Oficial de la EOI de M\u00e1laga ::Los idiomas ponen el mundo a tus pies::","isPartOf":{"@id":"https:\/\/www.eoimalaga.com\/web\/#website"},"datePublished":"2024-12-07T16:25:47+00:00","dateModified":"2026-03-02T09:16:50+00:00","breadcrumb":{"@id":"https:\/\/www.eoimalaga.com\/web\/chino\/actividades\/#breadcrumb"},"inLanguage":"es","potentialAction":[{"@type":"ReadAction","target":["https:\/\/www.eoimalaga.com\/web\/chino\/actividades\/"]}]},{"@type":"BreadcrumbList","@id":"https:\/\/www.eoimalaga.com\/web\/chino\/actividades\/#breadcrumb","itemListElement":[{"@type":"ListItem","position":1,"name":"Home","item":"https:\/\/www.eoimalaga.com\/web\/"},{"@type":"ListItem","position":2,"name":"CHINO","item":"https:\/\/www.eoimalaga.com\/web\/chino\/"},{"@type":"ListItem","position":3,"name":"Actividades"}]},{"@type":"WebSite","@id":"https:\/\/www.eoimalaga.com\/web\/#website","url":"https:\/\/www.eoimalaga.com\/web\/","name":"P\u00e1gina Oficial de la EOI de M\u00e1laga ::Los idiomas ponen el mundo a tus pies::","description":"EOI M\u00e1laga","potentialAction":[{"@type":"SearchAction","target":{"@type":"EntryPoint","urlTemplate":"https:\/\/www.eoimalaga.com\/web\/?s={search_term_string}"},"query-input":{"@type":"PropertyValueSpecification","valueRequired":true,"valueName":"search_term_string"}}],"inLanguage":"es"}]}},"_links":{"self":[{"href":"https:\/\/www.eoimalaga.com\/web\/wp-json\/wp\/v2\/pages\/20254","targetHints":{"allow":["GET"]}}],"collection":[{"href":"https:\/\/www.eoimalaga.com\/web\/wp-json\/wp\/v2\/pages"}],"about":[{"href":"https:\/\/www.eoimalaga.com\/web\/wp-json\/wp\/v2\/types\/page"}],"author":[{"embeddable":true,"href":"https:\/\/www.eoimalaga.com\/web\/wp-json\/wp\/v2\/users\/25"}],"replies":[{"embeddable":true,"href":"https:\/\/www.eoimalaga.com\/web\/wp-json\/wp\/v2\/comments?post=20254"}],"version-history":[{"count":41,"href":"https:\/\/www.eoimalaga.com\/web\/wp-json\/wp\/v2\/pages\/20254\/revisions"}],"predecessor-version":[{"id":22945,"href":"https:\/\/www.eoimalaga.com\/web\/wp-json\/wp\/v2\/pages\/20254\/revisions\/22945"}],"up":[{"embeddable":true,"href":"https:\/\/www.eoimalaga.com\/web\/wp-json\/wp\/v2\/pages\/19816"}],"wp:attachment":[{"href":"https:\/\/www.eoimalaga.com\/web\/wp-json\/wp\/v2\/media?parent=20254"}],"wp:term":[{"taxonomy":"category","embeddable":true,"href":"https:\/\/www.eoimalaga.com\/web\/wp-json\/wp\/v2\/categories?post=20254"},{"taxonomy":"post_tag","embeddable":true,"href":"https:\/\/www.eoimalaga.com\/web\/wp-json\/wp\/v2\/tags?post=20254"}],"curies":[{"name":"wp","href":"https:\/\/api.w.org\/{rel}","templated":true}]}}