{"id":20006,"date":"2024-11-30T08:39:00","date_gmt":"2024-11-30T06:39:00","guid":{"rendered":"https:\/\/www.eoimalaga.com\/web\/?page_id=20006"},"modified":"2025-12-09T14:57:51","modified_gmt":"2025-12-09T12:57:51","slug":"ensenanza-a-distancia","status":"publish","type":"page","link":"https:\/\/www.eoimalaga.com\/web\/chino\/programaciones-didacticas\/ensenanza-a-distancia\/","title":{"rendered":"Ense\u00f1anza a distancia"},"content":{"rendered":"<div class=\"wpb-content-wrapper\"><p>[vc_row css=\u00bb.vc_custom_1732949183076{padding-top: 0px !important;padding-bottom: 50px !important;}\u00bb][vc_column][vc_column_text]<strong>La ense\u00f1anza a distancia se llevar\u00e1 a cabo a trav\u00e9s de la plataforma\u00a0<em>Moodle Centro<\/em>. La profesora encargada de esta modalidad colgar\u00e1 el contenido de forma gradual en esta plataforma e ir\u00e1 informando de las tareas que los alumnos deben ir realizando a lo largo de cada cuatrimestre.<\/strong><\/p>\n<p>&nbsp;<\/p>\n<p>A continuaci\u00f3n puedes descargar la\u00a0<em>Programaci\u00f3n Did\u00e1ctica<\/em>\u00a0para cada nivel.[\/vc_column_text][vc_row_inner equal_height=\u00bbyes\u00bb gap=\u00bb35&#8243; el_class=\u00bbfila-libros-chino\u00bb css=\u00bb.vc_custom_1732622073856{margin-bottom: 25px !important;}\u00bb][vc_column_inner width=\u00bb1\/3&#8243;][vc_single_image image=\u00bb20007&#8243; img_size=\u00bbfull\u00bb alignment=\u00bbcenter\u00bb css=\u00bb.vc_custom_1732948580914{margin-bottom: 0px !important;}\u00bb][vc_empty_space height=\u00bb20px\u00bb][vc_btn title=\u00bbProgramaci\u00f3n Chino de Nivel B\u00e1sico A1&#8243; style=\u00bbflat\u00bb color=\u00bbviolet\u00bb css=\u00bb\u00bb link=\u00bburl:https%3A%2F%2Fdocs.google.com%2Fdocument%2Fd%2F1zTndXflKRavHV7kchD-EfwzvHJGzXTjqOkwb52gXakA%2Fedit%3Ftab%3Dt.0%23heading%3Dh.irtew2k3gxxv|target:_blank\u00bb][\/vc_column_inner][vc_column_inner width=\u00bb1\/3&#8243;][vc_single_image image=\u00bb20012&#8243; img_size=\u00bbfull\u00bb alignment=\u00bbcenter\u00bb css=\u00bb.vc_custom_1732948398091{margin-bottom: 0px !important;}\u00bb][vc_empty_space height=\u00bb20px\u00bb][vc_btn title=\u00bbProgramaci\u00f3n Chino de Nivel B\u00e1sico A2&#8243; style=\u00bbflat\u00bb color=\u00bbviolet\u00bb css=\u00bb\u00bb link=\u00bburl:https%3A%2F%2Fdocs.google.com%2Fdocument%2Fd%2F11YdmlqswR6UDJZCPlGkgpxhYVfB4QxPwxMbnsi_pmC4%2Fedit%3Ftab%3Dt.0|target:_blank\u00bb][\/vc_column_inner][vc_column_inner width=\u00bb1\/3&#8243;][vc_single_image image=\u00bb20013&#8243; img_size=\u00bbfull\u00bb alignment=\u00bbcenter\u00bb css=\u00bb.vc_custom_1732948457661{margin-bottom: 0px !important;}\u00bb][vc_empty_space height=\u00bb20px\u00bb][vc_btn title=\u00bbProgramaci\u00f3n Chino de Nivel Intermedio B1&#8243; style=\u00bbflat\u00bb color=\u00bbviolet\u00bb css=\u00bb\u00bb link=\u00bburl:https%3A%2F%2Fdocs.google.com%2Fdocument%2Fd%2F1I6xP_2Wd0ofdXsnDW4aX7JiCvsADBDhIfgC_zxJlpCc%2Fedit%3Ftab%3Dt.0|target:_blank\u00bb][\/vc_column_inner][\/vc_row_inner][\/vc_column][\/vc_row]<\/p>\n<\/div>","protected":false},"excerpt":{"rendered":"<p>[vc_row css=\u00bb.vc_custom_1732949183076{padding-top: 0px !important;padding-bottom: 50px !important;}\u00bb][vc_column][vc_column_text]La ense\u00f1anza a distancia se llevar\u00e1 a cabo a trav\u00e9s de la plataforma\u00a0Moodle Centro. La profesora encargada de esta modalidad colgar\u00e1 el contenido de forma gradual en esta plataforma e ir\u00e1 informando de las tareas que los alumnos deben ir realizando a lo largo de cada cuatrimestre. &nbsp; A continuaci\u00f3n [&hellip;]<\/p>\n","protected":false},"author":25,"featured_media":0,"parent":19897,"menu_order":0,"comment_status":"closed","ping_status":"closed","template":"","meta":{"inline_featured_image":false,"footnotes":""},"categories":[96],"tags":[],"class_list":["post-20006","page","type-page","status-publish","hentry","category-chino"],"yoast_head":"<!-- This site is optimized with the Yoast SEO plugin v26.5 - https:\/\/yoast.com\/wordpress\/plugins\/seo\/ -->\n<title>Ense\u00f1anza a distancia - P\u00e1gina Oficial de la EOI de M\u00e1laga ::Los idiomas ponen el mundo a tus pies::<\/title>\n<meta name=\"robots\" content=\"index, follow, max-snippet:-1, max-image-preview:large, max-video-preview:-1\" \/>\n<link rel=\"canonical\" href=\"https:\/\/www.eoimalaga.com\/web\/chino\/programaciones-didacticas\/ensenanza-a-distancia\/\" \/>\n<meta property=\"og:locale\" content=\"es_ES\" \/>\n<meta property=\"og:type\" content=\"article\" \/>\n<meta property=\"og:title\" content=\"Ense\u00f1anza a distancia - P\u00e1gina Oficial de la EOI de M\u00e1laga ::Los idiomas ponen el mundo a tus pies::\" \/>\n<meta property=\"og:description\" content=\"[vc_row css=\u00bb.vc_custom_1732949183076{padding-top: 0px !important;padding-bottom: 50px !important;}\u00bb][vc_column][vc_column_text]La ense\u00f1anza a distancia se llevar\u00e1 a cabo a trav\u00e9s de la plataforma\u00a0Moodle Centro. La profesora encargada de esta modalidad colgar\u00e1 el contenido de forma gradual en esta plataforma e ir\u00e1 informando de las tareas que los alumnos deben ir realizando a lo largo de cada cuatrimestre. &nbsp; A continuaci\u00f3n [&hellip;]\" \/>\n<meta property=\"og:url\" content=\"https:\/\/www.eoimalaga.com\/web\/chino\/programaciones-didacticas\/ensenanza-a-distancia\/\" \/>\n<meta property=\"og:site_name\" content=\"P\u00e1gina Oficial de la EOI de M\u00e1laga ::Los idiomas ponen el mundo a tus pies::\" \/>\n<meta property=\"article:modified_time\" content=\"2025-12-09T12:57:51+00:00\" \/>\n<meta name=\"twitter:card\" content=\"summary_large_image\" \/>\n<meta name=\"twitter:label1\" content=\"Tiempo de lectura\" \/>\n\t<meta name=\"twitter:data1\" content=\"2 minutos\" \/>\n<script type=\"application\/ld+json\" class=\"yoast-schema-graph\">{\"@context\":\"https:\/\/schema.org\",\"@graph\":[{\"@type\":\"WebPage\",\"@id\":\"https:\/\/www.eoimalaga.com\/web\/chino\/programaciones-didacticas\/ensenanza-a-distancia\/\",\"url\":\"https:\/\/www.eoimalaga.com\/web\/chino\/programaciones-didacticas\/ensenanza-a-distancia\/\",\"name\":\"Ense\u00f1anza a distancia - P\u00e1gina Oficial de la EOI de M\u00e1laga ::Los idiomas ponen el mundo a tus pies::\",\"isPartOf\":{\"@id\":\"https:\/\/www.eoimalaga.com\/web\/#website\"},\"datePublished\":\"2024-11-30T06:39:00+00:00\",\"dateModified\":\"2025-12-09T12:57:51+00:00\",\"breadcrumb\":{\"@id\":\"https:\/\/www.eoimalaga.com\/web\/chino\/programaciones-didacticas\/ensenanza-a-distancia\/#breadcrumb\"},\"inLanguage\":\"es\",\"potentialAction\":[{\"@type\":\"ReadAction\",\"target\":[\"https:\/\/www.eoimalaga.com\/web\/chino\/programaciones-didacticas\/ensenanza-a-distancia\/\"]}]},{\"@type\":\"BreadcrumbList\",\"@id\":\"https:\/\/www.eoimalaga.com\/web\/chino\/programaciones-didacticas\/ensenanza-a-distancia\/#breadcrumb\",\"itemListElement\":[{\"@type\":\"ListItem\",\"position\":1,\"name\":\"Home\",\"item\":\"https:\/\/www.eoimalaga.com\/web\/\"},{\"@type\":\"ListItem\",\"position\":2,\"name\":\"CHINO\",\"item\":\"https:\/\/www.eoimalaga.com\/web\/chino\/\"},{\"@type\":\"ListItem\",\"position\":3,\"name\":\"Programaciones did\u00e1cticas\",\"item\":\"https:\/\/www.eoimalaga.com\/web\/chino\/programaciones-didacticas\/\"},{\"@type\":\"ListItem\",\"position\":4,\"name\":\"Ense\u00f1anza a distancia\"}]},{\"@type\":\"WebSite\",\"@id\":\"https:\/\/www.eoimalaga.com\/web\/#website\",\"url\":\"https:\/\/www.eoimalaga.com\/web\/\",\"name\":\"P\u00e1gina Oficial de la EOI de M\u00e1laga ::Los idiomas ponen el mundo a tus pies::\",\"description\":\"EOI M\u00e1laga\",\"potentialAction\":[{\"@type\":\"SearchAction\",\"target\":{\"@type\":\"EntryPoint\",\"urlTemplate\":\"https:\/\/www.eoimalaga.com\/web\/?s={search_term_string}\"},\"query-input\":{\"@type\":\"PropertyValueSpecification\",\"valueRequired\":true,\"valueName\":\"search_term_string\"}}],\"inLanguage\":\"es\"}]}<\/script>\n<!-- \/ Yoast SEO plugin. -->","yoast_head_json":{"title":"Ense\u00f1anza a distancia - P\u00e1gina Oficial de la EOI de M\u00e1laga ::Los idiomas ponen el mundo a tus pies::","robots":{"index":"index","follow":"follow","max-snippet":"max-snippet:-1","max-image-preview":"max-image-preview:large","max-video-preview":"max-video-preview:-1"},"canonical":"https:\/\/www.eoimalaga.com\/web\/chino\/programaciones-didacticas\/ensenanza-a-distancia\/","og_locale":"es_ES","og_type":"article","og_title":"Ense\u00f1anza a distancia - P\u00e1gina Oficial de la EOI de M\u00e1laga ::Los idiomas ponen el mundo a tus pies::","og_description":"[vc_row css=\u00bb.vc_custom_1732949183076{padding-top: 0px !important;padding-bottom: 50px !important;}\u00bb][vc_column][vc_column_text]La ense\u00f1anza a distancia se llevar\u00e1 a cabo a trav\u00e9s de la plataforma\u00a0Moodle Centro. La profesora encargada de esta modalidad colgar\u00e1 el contenido de forma gradual en esta plataforma e ir\u00e1 informando de las tareas que los alumnos deben ir realizando a lo largo de cada cuatrimestre. &nbsp; A continuaci\u00f3n [&hellip;]","og_url":"https:\/\/www.eoimalaga.com\/web\/chino\/programaciones-didacticas\/ensenanza-a-distancia\/","og_site_name":"P\u00e1gina Oficial de la EOI de M\u00e1laga ::Los idiomas ponen el mundo a tus pies::","article_modified_time":"2025-12-09T12:57:51+00:00","twitter_card":"summary_large_image","twitter_misc":{"Tiempo de lectura":"2 minutos"},"schema":{"@context":"https:\/\/schema.org","@graph":[{"@type":"WebPage","@id":"https:\/\/www.eoimalaga.com\/web\/chino\/programaciones-didacticas\/ensenanza-a-distancia\/","url":"https:\/\/www.eoimalaga.com\/web\/chino\/programaciones-didacticas\/ensenanza-a-distancia\/","name":"Ense\u00f1anza a distancia - P\u00e1gina Oficial de la EOI de M\u00e1laga ::Los idiomas ponen el mundo a tus pies::","isPartOf":{"@id":"https:\/\/www.eoimalaga.com\/web\/#website"},"datePublished":"2024-11-30T06:39:00+00:00","dateModified":"2025-12-09T12:57:51+00:00","breadcrumb":{"@id":"https:\/\/www.eoimalaga.com\/web\/chino\/programaciones-didacticas\/ensenanza-a-distancia\/#breadcrumb"},"inLanguage":"es","potentialAction":[{"@type":"ReadAction","target":["https:\/\/www.eoimalaga.com\/web\/chino\/programaciones-didacticas\/ensenanza-a-distancia\/"]}]},{"@type":"BreadcrumbList","@id":"https:\/\/www.eoimalaga.com\/web\/chino\/programaciones-didacticas\/ensenanza-a-distancia\/#breadcrumb","itemListElement":[{"@type":"ListItem","position":1,"name":"Home","item":"https:\/\/www.eoimalaga.com\/web\/"},{"@type":"ListItem","position":2,"name":"CHINO","item":"https:\/\/www.eoimalaga.com\/web\/chino\/"},{"@type":"ListItem","position":3,"name":"Programaciones did\u00e1cticas","item":"https:\/\/www.eoimalaga.com\/web\/chino\/programaciones-didacticas\/"},{"@type":"ListItem","position":4,"name":"Ense\u00f1anza a distancia"}]},{"@type":"WebSite","@id":"https:\/\/www.eoimalaga.com\/web\/#website","url":"https:\/\/www.eoimalaga.com\/web\/","name":"P\u00e1gina Oficial de la EOI de M\u00e1laga ::Los idiomas ponen el mundo a tus pies::","description":"EOI M\u00e1laga","potentialAction":[{"@type":"SearchAction","target":{"@type":"EntryPoint","urlTemplate":"https:\/\/www.eoimalaga.com\/web\/?s={search_term_string}"},"query-input":{"@type":"PropertyValueSpecification","valueRequired":true,"valueName":"search_term_string"}}],"inLanguage":"es"}]}},"_links":{"self":[{"href":"https:\/\/www.eoimalaga.com\/web\/wp-json\/wp\/v2\/pages\/20006","targetHints":{"allow":["GET"]}}],"collection":[{"href":"https:\/\/www.eoimalaga.com\/web\/wp-json\/wp\/v2\/pages"}],"about":[{"href":"https:\/\/www.eoimalaga.com\/web\/wp-json\/wp\/v2\/types\/page"}],"author":[{"embeddable":true,"href":"https:\/\/www.eoimalaga.com\/web\/wp-json\/wp\/v2\/users\/25"}],"replies":[{"embeddable":true,"href":"https:\/\/www.eoimalaga.com\/web\/wp-json\/wp\/v2\/comments?post=20006"}],"version-history":[{"count":15,"href":"https:\/\/www.eoimalaga.com\/web\/wp-json\/wp\/v2\/pages\/20006\/revisions"}],"predecessor-version":[{"id":22722,"href":"https:\/\/www.eoimalaga.com\/web\/wp-json\/wp\/v2\/pages\/20006\/revisions\/22722"}],"up":[{"embeddable":true,"href":"https:\/\/www.eoimalaga.com\/web\/wp-json\/wp\/v2\/pages\/19897"}],"wp:attachment":[{"href":"https:\/\/www.eoimalaga.com\/web\/wp-json\/wp\/v2\/media?parent=20006"}],"wp:term":[{"taxonomy":"category","embeddable":true,"href":"https:\/\/www.eoimalaga.com\/web\/wp-json\/wp\/v2\/categories?post=20006"},{"taxonomy":"post_tag","embeddable":true,"href":"https:\/\/www.eoimalaga.com\/web\/wp-json\/wp\/v2\/tags?post=20006"}],"curies":[{"name":"wp","href":"https:\/\/api.w.org\/{rel}","templated":true}]}}