{"id":19897,"date":"2024-11-26T10:36:30","date_gmt":"2024-11-26T08:36:30","guid":{"rendered":"https:\/\/www.eoimalaga.com\/web\/?page_id=19897"},"modified":"2025-02-07T14:08:52","modified_gmt":"2025-02-07T12:08:52","slug":"programaciones-didacticas","status":"publish","type":"page","link":"https:\/\/www.eoimalaga.com\/web\/chino\/programaciones-didacticas\/","title":{"rendered":"Programaciones did\u00e1cticas"},"content":{"rendered":"<div class=\"wpb-content-wrapper\"><p>[vc_row css=\u00bb.vc_custom_1732949171273{padding-top: 0px !important;padding-bottom: 50px !important;}\u00bb][vc_column][vc_column_text]<\/p>\n<p style=\"text-align: left\"><strong>En esta secci\u00f3n puedes consultar las programaciones did\u00e1cticas seg\u00fan la modalidad de ense\u00f1anza.<\/strong><\/p>\n<p>[\/vc_column_text][vc_row_inner][vc_column_inner width=\u00bb1\/2&#8243;][vc_cta h2=\u00bb\u00bb txt_align=\u00bbcenter\u00bb color=\u00bbviolet\u00bb add_button=\u00bbbottom\u00bb btn_title=\u00bbEnse\u00f1anza presencial\u00bb btn_style=\u00bbflat\u00bb btn_color=\u00bbviolet\u00bb btn_align=\u00bbcenter\u00bb add_icon=\u00bbtop\u00bb i_type=\u00bbmaterial\u00bb i_icon_material=\u00bbvc-material vc-material-people_outline\u00bb i_color=\u00bbblack\u00bb i_size=\u00bbxl\u00bb css=\u00bb\u00bb btn_link=\u00bburl:https%3A%2F%2Fwww.eoimalaga.com%2Fweb%2Fchino%2Fprogramaciones-didacticas%2Fensenanza-presencial%2F\u00bb i_link=\u00bburl:https%3A%2F%2Fwww.eoimalaga.com%2Fweb%2Fchino%2Fprogramaciones-didacticas%2Fensenanza-presencial%2F\u00bb][\/vc_cta][\/vc_column_inner][vc_column_inner width=\u00bb1\/2&#8243;][vc_cta h2=\u00bb\u00bb txt_align=\u00bbcenter\u00bb color=\u00bbviolet\u00bb add_button=\u00bbbottom\u00bb btn_title=\u00bbEnse\u00f1anza a distancia\u00bb btn_style=\u00bbflat\u00bb btn_color=\u00bbviolet\u00bb btn_align=\u00bbcenter\u00bb add_icon=\u00bbtop\u00bb i_type=\u00bbmaterial\u00bb i_icon_material=\u00bbvc-material vc-material-laptop_windows\u00bb i_color=\u00bbblack\u00bb i_size=\u00bbxl\u00bb css=\u00bb\u00bb btn_link=\u00bburl:https%3A%2F%2Fwww.eoimalaga.com%2Fweb%2Fchino%2Fprogramaciones-didacticas%2Fensenanza-a-distancia%2F\u00bb i_link=\u00bburl:https%3A%2F%2Fwww.eoimalaga.com%2Fweb%2Fchino%2Fprogramaciones-didacticas%2Fensenanza-a-distancia%2F\u00bb][\/vc_cta][\/vc_column_inner][\/vc_row_inner][\/vc_column][\/vc_row]<\/p>\n<\/div>","protected":false},"excerpt":{"rendered":"<p>[vc_row css=\u00bb.vc_custom_1732949171273{padding-top: 0px !important;padding-bottom: 50px !important;}\u00bb][vc_column][vc_column_text] En esta secci\u00f3n puedes consultar las programaciones did\u00e1cticas seg\u00fan la modalidad de ense\u00f1anza. [\/vc_column_text][vc_row_inner][vc_column_inner width=\u00bb1\/2&#8243;][vc_cta h2=\u00bb\u00bb txt_align=\u00bbcenter\u00bb color=\u00bbviolet\u00bb add_button=\u00bbbottom\u00bb btn_title=\u00bbEnse\u00f1anza presencial\u00bb btn_style=\u00bbflat\u00bb btn_color=\u00bbviolet\u00bb btn_align=\u00bbcenter\u00bb add_icon=\u00bbtop\u00bb i_type=\u00bbmaterial\u00bb i_icon_material=\u00bbvc-material vc-material-people_outline\u00bb i_color=\u00bbblack\u00bb i_size=\u00bbxl\u00bb css=\u00bb\u00bb btn_link=\u00bburl:https%3A%2F%2Fwww.eoimalaga.com%2Fweb%2Fchino%2Fprogramaciones-didacticas%2Fensenanza-presencial%2F\u00bb i_link=\u00bburl:https%3A%2F%2Fwww.eoimalaga.com%2Fweb%2Fchino%2Fprogramaciones-didacticas%2Fensenanza-presencial%2F\u00bb][\/vc_cta][\/vc_column_inner][vc_column_inner width=\u00bb1\/2&#8243;][vc_cta h2=\u00bb\u00bb txt_align=\u00bbcenter\u00bb color=\u00bbviolet\u00bb add_button=\u00bbbottom\u00bb btn_title=\u00bbEnse\u00f1anza a distancia\u00bb btn_style=\u00bbflat\u00bb btn_color=\u00bbviolet\u00bb btn_align=\u00bbcenter\u00bb add_icon=\u00bbtop\u00bb i_type=\u00bbmaterial\u00bb i_icon_material=\u00bbvc-material vc-material-laptop_windows\u00bb i_color=\u00bbblack\u00bb [&hellip;]<\/p>\n","protected":false},"author":25,"featured_media":0,"parent":19816,"menu_order":0,"comment_status":"closed","ping_status":"closed","template":"","meta":{"inline_featured_image":false,"footnotes":""},"categories":[96],"tags":[],"class_list":["post-19897","page","type-page","status-publish","hentry","category-chino"],"yoast_head":"<!-- This site is optimized with the Yoast SEO plugin v26.5 - https:\/\/yoast.com\/wordpress\/plugins\/seo\/ -->\n<title>Programaciones did\u00e1cticas - P\u00e1gina Oficial de la EOI de M\u00e1laga ::Los idiomas ponen el mundo a tus pies::<\/title>\n<meta name=\"robots\" content=\"index, follow, max-snippet:-1, max-image-preview:large, max-video-preview:-1\" \/>\n<link rel=\"canonical\" href=\"https:\/\/www.eoimalaga.com\/web\/chino\/programaciones-didacticas\/\" \/>\n<meta property=\"og:locale\" content=\"es_ES\" \/>\n<meta property=\"og:type\" content=\"article\" \/>\n<meta property=\"og:title\" content=\"Programaciones did\u00e1cticas - P\u00e1gina Oficial de la EOI de M\u00e1laga ::Los idiomas ponen el mundo a tus pies::\" \/>\n<meta property=\"og:description\" content=\"[vc_row css=\u00bb.vc_custom_1732949171273{padding-top: 0px !important;padding-bottom: 50px !important;}\u00bb][vc_column][vc_column_text] En esta secci\u00f3n puedes consultar las programaciones did\u00e1cticas seg\u00fan la modalidad de ense\u00f1anza. [\/vc_column_text][vc_row_inner][vc_column_inner width=\u00bb1\/2&#8243;][vc_cta h2=\u00bb\u00bb txt_align=\u00bbcenter\u00bb color=\u00bbviolet\u00bb add_button=\u00bbbottom\u00bb btn_title=\u00bbEnse\u00f1anza presencial\u00bb btn_style=\u00bbflat\u00bb btn_color=\u00bbviolet\u00bb btn_align=\u00bbcenter\u00bb add_icon=\u00bbtop\u00bb i_type=\u00bbmaterial\u00bb i_icon_material=\u00bbvc-material vc-material-people_outline\u00bb i_color=\u00bbblack\u00bb i_size=\u00bbxl\u00bb css=\u00bb\u00bb btn_link=\u00bburl:https%3A%2F%2Fwww.eoimalaga.com%2Fweb%2Fchino%2Fprogramaciones-didacticas%2Fensenanza-presencial%2F\u00bb i_link=\u00bburl:https%3A%2F%2Fwww.eoimalaga.com%2Fweb%2Fchino%2Fprogramaciones-didacticas%2Fensenanza-presencial%2F\u00bb][\/vc_cta][\/vc_column_inner][vc_column_inner width=\u00bb1\/2&#8243;][vc_cta h2=\u00bb\u00bb txt_align=\u00bbcenter\u00bb color=\u00bbviolet\u00bb add_button=\u00bbbottom\u00bb btn_title=\u00bbEnse\u00f1anza a distancia\u00bb btn_style=\u00bbflat\u00bb btn_color=\u00bbviolet\u00bb btn_align=\u00bbcenter\u00bb add_icon=\u00bbtop\u00bb i_type=\u00bbmaterial\u00bb i_icon_material=\u00bbvc-material vc-material-laptop_windows\u00bb i_color=\u00bbblack\u00bb [&hellip;]\" \/>\n<meta property=\"og:url\" content=\"https:\/\/www.eoimalaga.com\/web\/chino\/programaciones-didacticas\/\" \/>\n<meta property=\"og:site_name\" content=\"P\u00e1gina Oficial de la EOI de M\u00e1laga ::Los idiomas ponen el mundo a tus pies::\" \/>\n<meta property=\"article:modified_time\" content=\"2025-02-07T12:08:52+00:00\" \/>\n<meta name=\"twitter:card\" content=\"summary_large_image\" \/>\n<meta name=\"twitter:label1\" content=\"Tiempo de lectura\" \/>\n\t<meta name=\"twitter:data1\" content=\"1 minuto\" \/>\n<script type=\"application\/ld+json\" class=\"yoast-schema-graph\">{\"@context\":\"https:\/\/schema.org\",\"@graph\":[{\"@type\":\"WebPage\",\"@id\":\"https:\/\/www.eoimalaga.com\/web\/chino\/programaciones-didacticas\/\",\"url\":\"https:\/\/www.eoimalaga.com\/web\/chino\/programaciones-didacticas\/\",\"name\":\"Programaciones did\u00e1cticas - P\u00e1gina Oficial de la EOI de M\u00e1laga ::Los idiomas ponen el mundo a tus pies::\",\"isPartOf\":{\"@id\":\"https:\/\/www.eoimalaga.com\/web\/#website\"},\"datePublished\":\"2024-11-26T08:36:30+00:00\",\"dateModified\":\"2025-02-07T12:08:52+00:00\",\"breadcrumb\":{\"@id\":\"https:\/\/www.eoimalaga.com\/web\/chino\/programaciones-didacticas\/#breadcrumb\"},\"inLanguage\":\"es\",\"potentialAction\":[{\"@type\":\"ReadAction\",\"target\":[\"https:\/\/www.eoimalaga.com\/web\/chino\/programaciones-didacticas\/\"]}]},{\"@type\":\"BreadcrumbList\",\"@id\":\"https:\/\/www.eoimalaga.com\/web\/chino\/programaciones-didacticas\/#breadcrumb\",\"itemListElement\":[{\"@type\":\"ListItem\",\"position\":1,\"name\":\"Home\",\"item\":\"https:\/\/www.eoimalaga.com\/web\/\"},{\"@type\":\"ListItem\",\"position\":2,\"name\":\"CHINO\",\"item\":\"https:\/\/www.eoimalaga.com\/web\/chino\/\"},{\"@type\":\"ListItem\",\"position\":3,\"name\":\"Programaciones did\u00e1cticas\"}]},{\"@type\":\"WebSite\",\"@id\":\"https:\/\/www.eoimalaga.com\/web\/#website\",\"url\":\"https:\/\/www.eoimalaga.com\/web\/\",\"name\":\"P\u00e1gina Oficial de la EOI de M\u00e1laga ::Los idiomas ponen el mundo a tus pies::\",\"description\":\"EOI M\u00e1laga\",\"potentialAction\":[{\"@type\":\"SearchAction\",\"target\":{\"@type\":\"EntryPoint\",\"urlTemplate\":\"https:\/\/www.eoimalaga.com\/web\/?s={search_term_string}\"},\"query-input\":{\"@type\":\"PropertyValueSpecification\",\"valueRequired\":true,\"valueName\":\"search_term_string\"}}],\"inLanguage\":\"es\"}]}<\/script>\n<!-- \/ Yoast SEO plugin. -->","yoast_head_json":{"title":"Programaciones did\u00e1cticas - P\u00e1gina Oficial de la EOI de M\u00e1laga ::Los idiomas ponen el mundo a tus pies::","robots":{"index":"index","follow":"follow","max-snippet":"max-snippet:-1","max-image-preview":"max-image-preview:large","max-video-preview":"max-video-preview:-1"},"canonical":"https:\/\/www.eoimalaga.com\/web\/chino\/programaciones-didacticas\/","og_locale":"es_ES","og_type":"article","og_title":"Programaciones did\u00e1cticas - P\u00e1gina Oficial de la EOI de M\u00e1laga ::Los idiomas ponen el mundo a tus pies::","og_description":"[vc_row css=\u00bb.vc_custom_1732949171273{padding-top: 0px !important;padding-bottom: 50px !important;}\u00bb][vc_column][vc_column_text] En esta secci\u00f3n puedes consultar las programaciones did\u00e1cticas seg\u00fan la modalidad de ense\u00f1anza. [\/vc_column_text][vc_row_inner][vc_column_inner width=\u00bb1\/2&#8243;][vc_cta h2=\u00bb\u00bb txt_align=\u00bbcenter\u00bb color=\u00bbviolet\u00bb add_button=\u00bbbottom\u00bb btn_title=\u00bbEnse\u00f1anza presencial\u00bb btn_style=\u00bbflat\u00bb btn_color=\u00bbviolet\u00bb btn_align=\u00bbcenter\u00bb add_icon=\u00bbtop\u00bb i_type=\u00bbmaterial\u00bb i_icon_material=\u00bbvc-material vc-material-people_outline\u00bb i_color=\u00bbblack\u00bb i_size=\u00bbxl\u00bb css=\u00bb\u00bb btn_link=\u00bburl:https%3A%2F%2Fwww.eoimalaga.com%2Fweb%2Fchino%2Fprogramaciones-didacticas%2Fensenanza-presencial%2F\u00bb i_link=\u00bburl:https%3A%2F%2Fwww.eoimalaga.com%2Fweb%2Fchino%2Fprogramaciones-didacticas%2Fensenanza-presencial%2F\u00bb][\/vc_cta][\/vc_column_inner][vc_column_inner width=\u00bb1\/2&#8243;][vc_cta h2=\u00bb\u00bb txt_align=\u00bbcenter\u00bb color=\u00bbviolet\u00bb add_button=\u00bbbottom\u00bb btn_title=\u00bbEnse\u00f1anza a distancia\u00bb btn_style=\u00bbflat\u00bb btn_color=\u00bbviolet\u00bb btn_align=\u00bbcenter\u00bb add_icon=\u00bbtop\u00bb i_type=\u00bbmaterial\u00bb i_icon_material=\u00bbvc-material vc-material-laptop_windows\u00bb i_color=\u00bbblack\u00bb [&hellip;]","og_url":"https:\/\/www.eoimalaga.com\/web\/chino\/programaciones-didacticas\/","og_site_name":"P\u00e1gina Oficial de la EOI de M\u00e1laga ::Los idiomas ponen el mundo a tus pies::","article_modified_time":"2025-02-07T12:08:52+00:00","twitter_card":"summary_large_image","twitter_misc":{"Tiempo de lectura":"1 minuto"},"schema":{"@context":"https:\/\/schema.org","@graph":[{"@type":"WebPage","@id":"https:\/\/www.eoimalaga.com\/web\/chino\/programaciones-didacticas\/","url":"https:\/\/www.eoimalaga.com\/web\/chino\/programaciones-didacticas\/","name":"Programaciones did\u00e1cticas - P\u00e1gina Oficial de la EOI de M\u00e1laga ::Los idiomas ponen el mundo a tus pies::","isPartOf":{"@id":"https:\/\/www.eoimalaga.com\/web\/#website"},"datePublished":"2024-11-26T08:36:30+00:00","dateModified":"2025-02-07T12:08:52+00:00","breadcrumb":{"@id":"https:\/\/www.eoimalaga.com\/web\/chino\/programaciones-didacticas\/#breadcrumb"},"inLanguage":"es","potentialAction":[{"@type":"ReadAction","target":["https:\/\/www.eoimalaga.com\/web\/chino\/programaciones-didacticas\/"]}]},{"@type":"BreadcrumbList","@id":"https:\/\/www.eoimalaga.com\/web\/chino\/programaciones-didacticas\/#breadcrumb","itemListElement":[{"@type":"ListItem","position":1,"name":"Home","item":"https:\/\/www.eoimalaga.com\/web\/"},{"@type":"ListItem","position":2,"name":"CHINO","item":"https:\/\/www.eoimalaga.com\/web\/chino\/"},{"@type":"ListItem","position":3,"name":"Programaciones did\u00e1cticas"}]},{"@type":"WebSite","@id":"https:\/\/www.eoimalaga.com\/web\/#website","url":"https:\/\/www.eoimalaga.com\/web\/","name":"P\u00e1gina Oficial de la EOI de M\u00e1laga ::Los idiomas ponen el mundo a tus pies::","description":"EOI M\u00e1laga","potentialAction":[{"@type":"SearchAction","target":{"@type":"EntryPoint","urlTemplate":"https:\/\/www.eoimalaga.com\/web\/?s={search_term_string}"},"query-input":{"@type":"PropertyValueSpecification","valueRequired":true,"valueName":"search_term_string"}}],"inLanguage":"es"}]}},"_links":{"self":[{"href":"https:\/\/www.eoimalaga.com\/web\/wp-json\/wp\/v2\/pages\/19897","targetHints":{"allow":["GET"]}}],"collection":[{"href":"https:\/\/www.eoimalaga.com\/web\/wp-json\/wp\/v2\/pages"}],"about":[{"href":"https:\/\/www.eoimalaga.com\/web\/wp-json\/wp\/v2\/types\/page"}],"author":[{"embeddable":true,"href":"https:\/\/www.eoimalaga.com\/web\/wp-json\/wp\/v2\/users\/25"}],"replies":[{"embeddable":true,"href":"https:\/\/www.eoimalaga.com\/web\/wp-json\/wp\/v2\/comments?post=19897"}],"version-history":[{"count":27,"href":"https:\/\/www.eoimalaga.com\/web\/wp-json\/wp\/v2\/pages\/19897\/revisions"}],"predecessor-version":[{"id":20847,"href":"https:\/\/www.eoimalaga.com\/web\/wp-json\/wp\/v2\/pages\/19897\/revisions\/20847"}],"up":[{"embeddable":true,"href":"https:\/\/www.eoimalaga.com\/web\/wp-json\/wp\/v2\/pages\/19816"}],"wp:attachment":[{"href":"https:\/\/www.eoimalaga.com\/web\/wp-json\/wp\/v2\/media?parent=19897"}],"wp:term":[{"taxonomy":"category","embeddable":true,"href":"https:\/\/www.eoimalaga.com\/web\/wp-json\/wp\/v2\/categories?post=19897"},{"taxonomy":"post_tag","embeddable":true,"href":"https:\/\/www.eoimalaga.com\/web\/wp-json\/wp\/v2\/tags?post=19897"}],"curies":[{"name":"wp","href":"https:\/\/api.w.org\/{rel}","templated":true}]}}