{"id":19851,"date":"2024-11-26T09:42:15","date_gmt":"2024-11-26T07:42:15","guid":{"rendered":"https:\/\/www.eoimalaga.com\/web\/?page_id=19851"},"modified":"2025-02-03T14:38:55","modified_gmt":"2025-02-03T12:38:55","slug":"cursos-y-horarios","status":"publish","type":"page","link":"https:\/\/www.eoimalaga.com\/web\/chino\/cursos-y-horarios\/","title":{"rendered":"Cursos y Horarios"},"content":{"rendered":"<div class=\"wpb-content-wrapper\"><p>[vc_row][vc_column][vc_column_text css=\u00bb\u00bb]<span style=\"font-size: 14pt;\">En el siguiente enlace puede encontrar informaci\u00f3n detallada sobre los <strong>niveles, horarios, profesorado y aulas<\/strong> correspondientes a los cursos que se imparten:<\/span>[\/vc_column_text][\/vc_column][\/vc_row][vc_row][vc_column][vc_empty_space][\/vc_column][\/vc_row][vc_row equal_height=\u00bbyes\u00bb content_placement=\u00bbmiddle\u00bb][vc_column width=\u00bb1\/4&#8243;][vc_icon icon_fontawesome=\u00bbfar fa-clock\u00bb color=\u00bbcustom\u00bb size=\u00bbxl\u00bb align=\u00bbright\u00bb link=\u00bburl:https%3A%2F%2Fwww.eoimalaga.com%2Fweb_docs%2Fhorarios%2FIN_OfertaAcademica_Idioma.pdf||target:%20_blank|\u00bb custom_color=\u00bb#6fc191&#8243;][\/vc_column][vc_column width=\u00bb2\/4&#8243;][vc_column_text css=\u00bb\u00bb]<\/p>\n<p style=\"text-align: left;\"><a href=\"https:\/\/www.eoimalaga.com\/web_docs\/horarios\/CH_OfertaAcademica_Idioma.pdf\" target=\"_blank\" rel=\"noopener\">CURSOS PRESENCIALES\u00a0<\/a><\/p>\n<p>[\/vc_column_text][\/vc_column][vc_column width=\u00bb1\/4&#8243;][\/vc_column][\/vc_row][vc_row][vc_column][\/vc_column][\/vc_row][vc_row disable_element=\u00bbyes\u00bb css=\u00bb.vc_custom_1738586320031{padding-top: 0px !important;padding-bottom: 50px !important;}\u00bb][vc_column][vc_column_text css=\u00bb\u00bb]<strong>Cada a\u00f1o este departamento publica en esta secci\u00f3n los cursos de Chino que se ofrecen de forma oficial en esta escuela junto con sus respectivos grupos y turnos (horarios).<\/strong><\/p>\n<h3><span style=\"color: #cc99ff;\">Modalidad: Oficial. Curso 2024\/2025<\/span><\/h3>\n<p>(Desplaza la tabla hacia la izquierda para poder ver el resto del contenido).[\/vc_column_text]<div class=\"nicdark_archive1 nicdark_bg_grey nicdark_shadow nicdark_radius left overflow_scroll\">\n<table class=\"nicdark_table extrabig nicdark_bg_yellow nicdark_radius\" style=\"width: 101.531%; height: 674px;\">\n<thead class=\"nicdark_border_yellow\">\n<tr style=\"height: 66px;\">\n<td class=\"nicdark_width_percentage1\" style=\"width: 19.7094%; text-align: center; height: 66px; background-color: #be87e0;\">\n<h4 class=\"white\" style=\"text-align: left;\"><strong>CURSO<\/strong><\/h4>\n<\/td>\n<td style=\"width: 10.8083%; text-align: left; height: 66px; background-color: #be87e0;\">\n<h4 class=\"white\"><strong>HORARIO<\/strong><\/h4>\n<\/td>\n<td style=\"width: 17.8929%; text-align: left; height: 66px; background-color: #be87e0;\">\n<h4 class=\"white\"><strong>CALENDARIO<\/strong><\/h4>\n<\/td>\n<td style=\"width: 15.9854%; text-align: left; height: 66px; background-color: #be87e0;\">\n<h4 class=\"white\"><strong>UNIDAD<\/strong><\/h4>\n<\/td>\n<td style=\"width: 15.9855%; text-align: left; height: 66px; background-color: #be87e0;\">\n<h4 class=\"white\"><strong>PROFESOR<\/strong><\/h4>\n<\/td>\n<td style=\"width: 18.2562%; text-align: left; height: 66px; background-color: #be87e0;\">\n<h4 class=\"white\"><strong>AULA<\/strong><\/h4>\n<\/td>\n<\/tr>\n<\/thead>\n<tbody class=\"nicdark_bg_grey nicdark_border_grey\">\n<tr style=\"height: 56px;\">\n<td style=\"width: 19.7094%; vertical-align: top; height: 280px;\" rowspan=\"5\">\n<h5 class=\"grey subtitle\"><span style=\"color: #cc99ff;\"><strong>Nivel B\u00e1sico A1<\/strong><\/span><\/h5>\n<h5 class=\"grey subtitle\"><strong>\u00a0<\/strong><\/h5>\n<h5 class=\"grey subtitle\"><strong>\u00a0<\/strong><\/h5>\n<h5 class=\"grey subtitle\"><strong>\u00a0<\/strong><\/h5>\n<h5 class=\"grey subtitle\"><strong>\u00a0<\/strong><\/h5>\n<\/td>\n<td style=\"width: 10.8083%; height: 56px;\">\n<p class=\"grey subtitle\"><\/td>\n<td style=\"width: 17.8929%; height: 56px;\">\n<p class=\"grey subtitle\"><\/td>\n<td style=\"width: 15.9854%; height: 56px;\" width=\"15%\">CH1DISTANCIA<\/td>\n<td style=\"width: 15.9855%; height: 56px;\">\n<p class=\"grey subtitle\">Xu<\/p>\n<\/td>\n<td style=\"width: 18.2562%; height: 56px;\">\n<p class=\"grey subtitle\"><\/td>\n<\/tr>\n<tr style=\"height: 56px;\">\n<td style=\"width: 10.8083%; height: 56px;\">\n<p class=\"grey subtitle\">17:15-20:15<\/p>\n<\/td>\n<td style=\"width: 17.8929%; height: 56px;\" width=\"15%\">Lunes \/ Mi\u00e9rcoles<\/td>\n<td style=\"width: 15.9854%; height: 56px;\">CH10ALX1715A<\/td>\n<td style=\"width: 15.9855%; height: 56px;\">\n<p class=\"grey subtitle\">Espinosa Campos<\/p>\n<\/td>\n<td style=\"width: 18.2562%; height: 56px;\">\n<p class=\"grey subtitle\">A34<\/p>\n<\/td>\n<\/tr>\n<tr style=\"height: 56px;\">\n<td style=\"width: 10.8083%; height: 56px;\">\n<p class=\"grey subtitle\">10:00-13:00<\/p>\n<\/td>\n<td style=\"width: 17.8929%; height: 56px;\">Martes \/ Jueves<\/td>\n<td style=\"width: 15.9854%; height: 56px;\">CH10AMJ1000A<\/td>\n<td style=\"width: 15.9855%; height: 56px;\">\n<p class=\"grey subtitle\">Herr\u00e1iz Mart\u00edn<\/p>\n<\/td>\n<td style=\"width: 18.2562%; height: 56px;\">\n<p class=\"grey subtitle\">Lab. 2<\/p>\n<\/td>\n<\/tr>\n<tr style=\"height: 56px;\">\n<td style=\"width: 10.8083%; height: 56px;\">\n<p class=\"grey subtitle\">17:15-20:15<\/p>\n<\/td>\n<td style=\"width: 17.8929%; height: 56px;\">Martes \/ Jueves<\/td>\n<td style=\"width: 15.9854%; height: 56px;\" width=\"15%\">CH10AMJ1715A<\/td>\n<td style=\"width: 15.9855%; height: 56px;\">\n<p class=\"grey subtitle\">Zhou Cao<\/p>\n<\/td>\n<td style=\"width: 18.2562%; height: 56px;\">\n<p class=\"grey subtitle\">A34<\/p>\n<\/td>\n<\/tr>\n<tr style=\"height: 56px;\">\n<td style=\"width: 10.8083%; height: 56px;\">\n<p class=\"grey subtitle\"><\/td>\n<td style=\"width: 17.8929%; height: 56px;\"><\/td>\n<td style=\"width: 15.9854%; height: 56px;\">CH2DISTANCIA<\/td>\n<td style=\"width: 15.9855%; height: 56px;\">\n<p class=\"grey subtitle\">Xu<\/p>\n<\/td>\n<td style=\"width: 18.2562%; height: 56px;\">\n<p class=\"grey subtitle\"><\/td>\n<\/tr>\n<tr class=\"division-tb\" style=\"height: 70px;\">\n<td style=\"width: 19.7094%; vertical-align: top; height: 100px;\" rowspan=\"2\" width=\"15%\">\n<h5><span style=\"color: #cc99ff;\"><strong>Nivel B\u00e1sico A2<\/strong><\/span><\/h5>\n<h5><strong>\u00a0<\/strong><\/h5>\n<\/td>\n<td style=\"width: 10.8083%; height: 70px;\">\n<p class=\"grey subtitle\">10:00-13:00<\/p>\n<\/td>\n<td style=\"width: 17.8929%; height: 70px;\">\n<p class=\"grey subtitle\">Lunes \/ Mi\u00e9rcoles<\/p>\n<\/td>\n<td style=\"width: 15.9854%; height: 70px;\">\n<p class=\"grey subtitle\">CH20ALX1000A<\/p>\n<\/td>\n<td style=\"width: 15.9855%; height: 70px;\">\n<p class=\"grey subtitle\">Osuna G\u00f3mez<\/p>\n<\/td>\n<td style=\"width: 18.2562%; height: 70px;\">\n<p class=\"grey subtitle\">A02<\/p>\n<\/td>\n<\/tr>\n<tr style=\"height: 30px;\">\n<td style=\"width: 10.8083%; height: 30px;\" width=\"15%\">17:15-20:15<\/td>\n<td style=\"width: 17.8929%; height: 30px;\" width=\"15%\">Lunes \/ Mi\u00e9rcoles<\/td>\n<td style=\"width: 15.9854%; height: 30px;\" width=\"15%\">CH20ALX1715A<\/td>\n<td style=\"width: 15.9855%; height: 30px;\" width=\"15%\">Osuna G\u00f3mez<\/td>\n<td style=\"width: 18.2562%; height: 30px;\" width=\"15%\">A01<\/td>\n<\/tr>\n<tr style=\"height: 50px;\">\n<td style=\"width: 19.7094%; vertical-align: top; height: 100px;\" rowspan=\"2\">\n<h5 class=\"grey subtitle\"><span style=\"color: #cc99ff;\"><strong>Nivel Intermedio B1<\/strong><\/span><\/h5>\n<h5 class=\"grey subtitle\"><strong>\u00a0<\/strong><\/h5>\n<\/td>\n<td style=\"width: 10.8083%; height: 50px;\" width=\"15%\"><\/td>\n<td style=\"width: 17.8929%; height: 50px;\" width=\"15%\"><\/td>\n<td style=\"width: 15.9854%; height: 50px;\" width=\"15%\">CH3DISTANCIA<\/td>\n<td style=\"width: 15.9855%; height: 50px;\" width=\"15%\">Herr\u00e1iz Mart\u00edn<\/td>\n<td style=\"width: 18.2562%; height: 50px;\" width=\"15%\"><\/td>\n<\/tr>\n<tr style=\"height: 50px;\">\n<td style=\"width: 10.8083%; height: 50px;\" width=\"15%\">17:15-20:15<\/td>\n<td style=\"width: 17.8929%; height: 50px;\" width=\"15%\">Lunes \/ Mi\u00e9rcoles<\/td>\n<td style=\"width: 15.9854%; height: 50px;\" width=\"15%\">CH30ALX1715A<\/td>\n<td style=\"width: 15.9855%; height: 50px;\" width=\"15%\">Herr\u00e1iz Mart\u00edn<\/td>\n<td style=\"width: 18.2562%; height: 50px;\" width=\"15%\">A25<\/td>\n<\/tr>\n<tr style=\"height: 64px;\">\n<td style=\"width: 19.7094%; vertical-align: middle; height: 64px;\">\n<h5 class=\"grey subtitle\"><span style=\"color: #cc99ff;\"><strong>Nivel Intermedio B2-1<\/strong><\/span><\/h5>\n<\/td>\n<td style=\"width: 10.8083%; height: 64px;\" width=\"15%\">17:15-19:30<\/td>\n<td style=\"width: 17.8929%; height: 64px;\" width=\"15%\">Martes \/ Jueves<\/td>\n<td style=\"width: 15.9854%; height: 64px;\" width=\"15%\">CH40AMJ1715A<\/td>\n<td style=\"width: 15.9855%; height: 64px;\" width=\"15%\">Espinosa Campos<\/td>\n<td style=\"width: 18.2562%; height: 64px;\" width=\"15%\">A34<\/td>\n<\/tr>\n<tr style=\"height: 64px;\">\n<td style=\"width: 19.7094%; vertical-align: middle; height: 64px;\">\n<h5 class=\"grey subtitle\"><span style=\"color: #cc99ff;\"><strong>Nivel Intermedio B2-2<\/strong><\/span><\/h5>\n<\/td>\n<td style=\"width: 10.8083%; height: 64px;\" width=\"15%\">17:15-19:30<\/td>\n<td style=\"width: 17.8929%; height: 64px;\" width=\"15%\">Lunes \/ Mi\u00e9rcoles<\/td>\n<td style=\"width: 15.9854%; height: 64px;\" width=\"15%\">CH50ALX1715A<\/td>\n<td style=\"width: 15.9855%; height: 64px;\" width=\"15%\">Zhou Cao<\/td>\n<td style=\"width: 18.2562%; height: 64px;\" width=\"15%\">A05<\/td>\n<\/tr>\n<\/tbody>\n<\/table>\n<\/div>\n[\/vc_column][\/vc_row]<\/p>\n<\/div>","protected":false},"excerpt":{"rendered":"<p>[vc_row][vc_column][vc_column_text css=\u00bb\u00bb]En el siguiente enlace puede encontrar informaci\u00f3n detallada sobre los niveles, horarios, profesorado y aulas correspondientes a los cursos que se imparten:[\/vc_column_text][\/vc_column][\/vc_row][vc_row][vc_column][vc_empty_space][\/vc_column][\/vc_row][vc_row equal_height=\u00bbyes\u00bb content_placement=\u00bbmiddle\u00bb][vc_column width=\u00bb1\/4&#8243;][vc_icon icon_fontawesome=\u00bbfar fa-clock\u00bb color=\u00bbcustom\u00bb size=\u00bbxl\u00bb align=\u00bbright\u00bb link=\u00bburl:https%3A%2F%2Fwww.eoimalaga.com%2Fweb_docs%2Fhorarios%2FIN_OfertaAcademica_Idioma.pdf||target:%20_blank|\u00bb custom_color=\u00bb#6fc191&#8243;][\/vc_column][vc_column width=\u00bb2\/4&#8243;][vc_column_text css=\u00bb\u00bb] CURSOS PRESENCIALES\u00a0 [\/vc_column_text][\/vc_column][vc_column width=\u00bb1\/4&#8243;][\/vc_column][\/vc_row][vc_row][vc_column][\/vc_column][\/vc_row][vc_row disable_element=\u00bbyes\u00bb css=\u00bb.vc_custom_1738586320031{padding-top: 0px !important;padding-bottom: 50px !important;}\u00bb][vc_column][vc_column_text css=\u00bb\u00bb]Cada a\u00f1o este departamento publica en esta secci\u00f3n los cursos [&hellip;]<\/p>\n","protected":false},"author":25,"featured_media":0,"parent":19816,"menu_order":0,"comment_status":"closed","ping_status":"closed","template":"","meta":{"inline_featured_image":false,"footnotes":""},"categories":[96],"tags":[],"class_list":["post-19851","page","type-page","status-publish","hentry","category-chino"],"yoast_head":"<!-- This site is optimized with the Yoast SEO plugin v26.5 - https:\/\/yoast.com\/wordpress\/plugins\/seo\/ -->\n<title>Cursos y Horarios - P\u00e1gina Oficial de la EOI de M\u00e1laga ::Los idiomas ponen el mundo a tus pies::<\/title>\n<meta name=\"robots\" content=\"index, follow, max-snippet:-1, max-image-preview:large, max-video-preview:-1\" \/>\n<link rel=\"canonical\" href=\"https:\/\/www.eoimalaga.com\/web\/chino\/cursos-y-horarios\/\" \/>\n<meta property=\"og:locale\" content=\"es_ES\" \/>\n<meta property=\"og:type\" content=\"article\" \/>\n<meta property=\"og:title\" content=\"Cursos y Horarios - P\u00e1gina Oficial de la EOI de M\u00e1laga ::Los idiomas ponen el mundo a tus pies::\" \/>\n<meta property=\"og:description\" content=\"[vc_row][vc_column][vc_column_text css=\u00bb\u00bb]En el siguiente enlace puede encontrar informaci\u00f3n detallada sobre los niveles, horarios, profesorado y aulas correspondientes a los cursos que se imparten:[\/vc_column_text][\/vc_column][\/vc_row][vc_row][vc_column][vc_empty_space][\/vc_column][\/vc_row][vc_row equal_height=\u00bbyes\u00bb content_placement=\u00bbmiddle\u00bb][vc_column width=\u00bb1\/4&#8243;][vc_icon icon_fontawesome=\u00bbfar fa-clock\u00bb color=\u00bbcustom\u00bb size=\u00bbxl\u00bb align=\u00bbright\u00bb link=\u00bburl:https%3A%2F%2Fwww.eoimalaga.com%2Fweb_docs%2Fhorarios%2FIN_OfertaAcademica_Idioma.pdf||target:%20_blank|\u00bb custom_color=\u00bb#6fc191&#8243;][\/vc_column][vc_column width=\u00bb2\/4&#8243;][vc_column_text css=\u00bb\u00bb] CURSOS PRESENCIALES\u00a0 [\/vc_column_text][\/vc_column][vc_column width=\u00bb1\/4&#8243;][\/vc_column][\/vc_row][vc_row][vc_column][\/vc_column][\/vc_row][vc_row disable_element=\u00bbyes\u00bb css=\u00bb.vc_custom_1738586320031{padding-top: 0px !important;padding-bottom: 50px !important;}\u00bb][vc_column][vc_column_text css=\u00bb\u00bb]Cada a\u00f1o este departamento publica en esta secci\u00f3n los cursos [&hellip;]\" \/>\n<meta property=\"og:url\" content=\"https:\/\/www.eoimalaga.com\/web\/chino\/cursos-y-horarios\/\" \/>\n<meta property=\"og:site_name\" content=\"P\u00e1gina Oficial de la EOI de M\u00e1laga ::Los idiomas ponen el mundo a tus pies::\" \/>\n<meta property=\"article:modified_time\" content=\"2025-02-03T12:38:55+00:00\" \/>\n<meta name=\"twitter:card\" content=\"summary_large_image\" \/>\n<meta name=\"twitter:label1\" content=\"Tiempo de lectura\" \/>\n\t<meta name=\"twitter:data1\" content=\"1 minuto\" \/>\n<script type=\"application\/ld+json\" class=\"yoast-schema-graph\">{\"@context\":\"https:\/\/schema.org\",\"@graph\":[{\"@type\":\"WebPage\",\"@id\":\"https:\/\/www.eoimalaga.com\/web\/chino\/cursos-y-horarios\/\",\"url\":\"https:\/\/www.eoimalaga.com\/web\/chino\/cursos-y-horarios\/\",\"name\":\"Cursos y Horarios - P\u00e1gina Oficial de la EOI de M\u00e1laga ::Los idiomas ponen el mundo a tus pies::\",\"isPartOf\":{\"@id\":\"https:\/\/www.eoimalaga.com\/web\/#website\"},\"datePublished\":\"2024-11-26T07:42:15+00:00\",\"dateModified\":\"2025-02-03T12:38:55+00:00\",\"breadcrumb\":{\"@id\":\"https:\/\/www.eoimalaga.com\/web\/chino\/cursos-y-horarios\/#breadcrumb\"},\"inLanguage\":\"es\",\"potentialAction\":[{\"@type\":\"ReadAction\",\"target\":[\"https:\/\/www.eoimalaga.com\/web\/chino\/cursos-y-horarios\/\"]}]},{\"@type\":\"BreadcrumbList\",\"@id\":\"https:\/\/www.eoimalaga.com\/web\/chino\/cursos-y-horarios\/#breadcrumb\",\"itemListElement\":[{\"@type\":\"ListItem\",\"position\":1,\"name\":\"Home\",\"item\":\"https:\/\/www.eoimalaga.com\/web\/\"},{\"@type\":\"ListItem\",\"position\":2,\"name\":\"CHINO\",\"item\":\"https:\/\/www.eoimalaga.com\/web\/chino\/\"},{\"@type\":\"ListItem\",\"position\":3,\"name\":\"Cursos y Horarios\"}]},{\"@type\":\"WebSite\",\"@id\":\"https:\/\/www.eoimalaga.com\/web\/#website\",\"url\":\"https:\/\/www.eoimalaga.com\/web\/\",\"name\":\"P\u00e1gina Oficial de la EOI de M\u00e1laga ::Los idiomas ponen el mundo a tus pies::\",\"description\":\"EOI M\u00e1laga\",\"potentialAction\":[{\"@type\":\"SearchAction\",\"target\":{\"@type\":\"EntryPoint\",\"urlTemplate\":\"https:\/\/www.eoimalaga.com\/web\/?s={search_term_string}\"},\"query-input\":{\"@type\":\"PropertyValueSpecification\",\"valueRequired\":true,\"valueName\":\"search_term_string\"}}],\"inLanguage\":\"es\"}]}<\/script>\n<!-- \/ Yoast SEO plugin. -->","yoast_head_json":{"title":"Cursos y Horarios - P\u00e1gina Oficial de la EOI de M\u00e1laga ::Los idiomas ponen el mundo a tus pies::","robots":{"index":"index","follow":"follow","max-snippet":"max-snippet:-1","max-image-preview":"max-image-preview:large","max-video-preview":"max-video-preview:-1"},"canonical":"https:\/\/www.eoimalaga.com\/web\/chino\/cursos-y-horarios\/","og_locale":"es_ES","og_type":"article","og_title":"Cursos y Horarios - P\u00e1gina Oficial de la EOI de M\u00e1laga ::Los idiomas ponen el mundo a tus pies::","og_description":"[vc_row][vc_column][vc_column_text css=\u00bb\u00bb]En el siguiente enlace puede encontrar informaci\u00f3n detallada sobre los niveles, horarios, profesorado y aulas correspondientes a los cursos que se imparten:[\/vc_column_text][\/vc_column][\/vc_row][vc_row][vc_column][vc_empty_space][\/vc_column][\/vc_row][vc_row equal_height=\u00bbyes\u00bb content_placement=\u00bbmiddle\u00bb][vc_column width=\u00bb1\/4&#8243;][vc_icon icon_fontawesome=\u00bbfar fa-clock\u00bb color=\u00bbcustom\u00bb size=\u00bbxl\u00bb align=\u00bbright\u00bb link=\u00bburl:https%3A%2F%2Fwww.eoimalaga.com%2Fweb_docs%2Fhorarios%2FIN_OfertaAcademica_Idioma.pdf||target:%20_blank|\u00bb custom_color=\u00bb#6fc191&#8243;][\/vc_column][vc_column width=\u00bb2\/4&#8243;][vc_column_text css=\u00bb\u00bb] CURSOS PRESENCIALES\u00a0 [\/vc_column_text][\/vc_column][vc_column width=\u00bb1\/4&#8243;][\/vc_column][\/vc_row][vc_row][vc_column][\/vc_column][\/vc_row][vc_row disable_element=\u00bbyes\u00bb css=\u00bb.vc_custom_1738586320031{padding-top: 0px !important;padding-bottom: 50px !important;}\u00bb][vc_column][vc_column_text css=\u00bb\u00bb]Cada a\u00f1o este departamento publica en esta secci\u00f3n los cursos [&hellip;]","og_url":"https:\/\/www.eoimalaga.com\/web\/chino\/cursos-y-horarios\/","og_site_name":"P\u00e1gina Oficial de la EOI de M\u00e1laga ::Los idiomas ponen el mundo a tus pies::","article_modified_time":"2025-02-03T12:38:55+00:00","twitter_card":"summary_large_image","twitter_misc":{"Tiempo de lectura":"1 minuto"},"schema":{"@context":"https:\/\/schema.org","@graph":[{"@type":"WebPage","@id":"https:\/\/www.eoimalaga.com\/web\/chino\/cursos-y-horarios\/","url":"https:\/\/www.eoimalaga.com\/web\/chino\/cursos-y-horarios\/","name":"Cursos y Horarios - P\u00e1gina Oficial de la EOI de M\u00e1laga ::Los idiomas ponen el mundo a tus pies::","isPartOf":{"@id":"https:\/\/www.eoimalaga.com\/web\/#website"},"datePublished":"2024-11-26T07:42:15+00:00","dateModified":"2025-02-03T12:38:55+00:00","breadcrumb":{"@id":"https:\/\/www.eoimalaga.com\/web\/chino\/cursos-y-horarios\/#breadcrumb"},"inLanguage":"es","potentialAction":[{"@type":"ReadAction","target":["https:\/\/www.eoimalaga.com\/web\/chino\/cursos-y-horarios\/"]}]},{"@type":"BreadcrumbList","@id":"https:\/\/www.eoimalaga.com\/web\/chino\/cursos-y-horarios\/#breadcrumb","itemListElement":[{"@type":"ListItem","position":1,"name":"Home","item":"https:\/\/www.eoimalaga.com\/web\/"},{"@type":"ListItem","position":2,"name":"CHINO","item":"https:\/\/www.eoimalaga.com\/web\/chino\/"},{"@type":"ListItem","position":3,"name":"Cursos y Horarios"}]},{"@type":"WebSite","@id":"https:\/\/www.eoimalaga.com\/web\/#website","url":"https:\/\/www.eoimalaga.com\/web\/","name":"P\u00e1gina Oficial de la EOI de M\u00e1laga ::Los idiomas ponen el mundo a tus pies::","description":"EOI M\u00e1laga","potentialAction":[{"@type":"SearchAction","target":{"@type":"EntryPoint","urlTemplate":"https:\/\/www.eoimalaga.com\/web\/?s={search_term_string}"},"query-input":{"@type":"PropertyValueSpecification","valueRequired":true,"valueName":"search_term_string"}}],"inLanguage":"es"}]}},"_links":{"self":[{"href":"https:\/\/www.eoimalaga.com\/web\/wp-json\/wp\/v2\/pages\/19851","targetHints":{"allow":["GET"]}}],"collection":[{"href":"https:\/\/www.eoimalaga.com\/web\/wp-json\/wp\/v2\/pages"}],"about":[{"href":"https:\/\/www.eoimalaga.com\/web\/wp-json\/wp\/v2\/types\/page"}],"author":[{"embeddable":true,"href":"https:\/\/www.eoimalaga.com\/web\/wp-json\/wp\/v2\/users\/25"}],"replies":[{"embeddable":true,"href":"https:\/\/www.eoimalaga.com\/web\/wp-json\/wp\/v2\/comments?post=19851"}],"version-history":[{"count":32,"href":"https:\/\/www.eoimalaga.com\/web\/wp-json\/wp\/v2\/pages\/19851\/revisions"}],"predecessor-version":[{"id":20742,"href":"https:\/\/www.eoimalaga.com\/web\/wp-json\/wp\/v2\/pages\/19851\/revisions\/20742"}],"up":[{"embeddable":true,"href":"https:\/\/www.eoimalaga.com\/web\/wp-json\/wp\/v2\/pages\/19816"}],"wp:attachment":[{"href":"https:\/\/www.eoimalaga.com\/web\/wp-json\/wp\/v2\/media?parent=19851"}],"wp:term":[{"taxonomy":"category","embeddable":true,"href":"https:\/\/www.eoimalaga.com\/web\/wp-json\/wp\/v2\/categories?post=19851"},{"taxonomy":"post_tag","embeddable":true,"href":"https:\/\/www.eoimalaga.com\/web\/wp-json\/wp\/v2\/tags?post=19851"}],"curies":[{"name":"wp","href":"https:\/\/api.w.org\/{rel}","templated":true}]}}